{"id":26462,"date":"2022-12-30T06:26:48","date_gmt":"2022-12-29T23:26:48","guid":{"rendered":"https:\/\/motortaburo.com\/installment-purchase\/"},"modified":"2023-01-31T09:15:45","modified_gmt":"2023-01-31T02:15:45","slug":"installment-purchase","status":"publish","type":"page","link":"https:\/\/motortaburo.com\/en\/installment-purchase\/","title":{"rendered":"Installment Purchase"},"content":{"rendered":"\t\t<div data-elementor-type=\"wp-page\" data-elementor-id=\"26462\" class=\"elementor elementor-26462 elementor-15131\" data-elementor-post-type=\"page\">\n\t\t\t\t\t\t<section class=\"wd-negative-gap elementor-section elementor-top-section elementor-element elementor-element-345800a elementor-section-boxed elementor-section-height-default elementor-section-height-default\" data-id=\"345800a\" data-element_type=\"section\" data-e-type=\"section\">\n\t\t\t\t\t\t<div class=\"elementor-container elementor-column-gap-default\">\n\t\t\t\t\t<div class=\"elementor-column elementor-col-100 elementor-top-column elementor-element elementor-element-ab3219a\" data-id=\"ab3219a\" data-element_type=\"column\" data-e-type=\"column\">\n\t\t\t<div class=\"elementor-widget-wrap elementor-element-populated\">\n\t\t\t\t\t\t<div class=\"elementor-element elementor-element-3d36328 elementor-widget elementor-widget-wd_text_block\" data-id=\"3d36328\" data-element_type=\"widget\" data-e-type=\"widget\" data-widget_type=\"wd_text_block.default\">\n\t\t\t\t<div class=\"elementor-widget-container\">\n\t\t\t\t\t\t\t<div class=\"wd-text-block reset-last-child text-left\">\n\t\t\t\n\t\t\t<h2>Installment Purchase by Credit Card with 0%.<\/h2>\n<h5>\n\u0110\u1ed0I T\u01af\u1ee2NG<\/h5>\n<ul>\n<li>Kh\u00e1ch h\u00e0ng c\u1ea7n mua m\u1ed9t m\u00f3n \u0111\u1ed3 ch\u01a1i, tuy nhi\u00ean t\u00e0i ch\u00ednh hi\u1ec7n t\u1ea1i ch\u01b0a \u0111\u1ee7.<\/li>\n<li>Kh\u00e1ch h\u00e0ng mu\u1ed1n chia kho\u1ea3n thanh to\u00e1n m\u00f3n \u0111\u1ed3 th\u00e0nh nhi\u1ec1u ph\u1ea7n, v\u00e0 thanh to\u00e1n h\u00e0ng th\u00e1ng cho d\u1ec5 th\u1edf.<\/li>\n<\/ul>\n<h5>\u0110I\u1ec0U KI\u1ec6N<\/h5>\n<ul>\n<li>Kh\u00e1ch h\u00e0ng ph\u1ea3i c\u00f3 s\u1eb5n th\u1ebb t\u00edn d\u1ee5ng c\u1ee7a ng\u00e2n h\u00e0ng (th\u1ebb x\u00e0i tr\u01b0\u1edbc, tr\u1ea3 sau).<\/li>\n<li>H\u1ea1n m\u1ee9c trong th\u1ebb c\u00f2n \u0111\u1ee7. V\u00ed d\u1ee5 qu\u00fd kh\u00e1ch mua m\u00f3n \u0111\u1ed3 5 tri\u1ec7u, th\u00ec h\u1ea1n m\u1ee9c trong th\u1ebb ph\u1ea3i c\u00f2n t\u1eeb 5 tri\u1ec7u tr\u1edf l\u00ean.<\/li>\n<li>Kho\u1ea3n tr\u1ea3 g\u00f3p t\u1ed1i thi\u1ec3u t\u1eeb 3 tri\u1ec7u.<\/li>\n<\/ul>\n<h5>L\u00c3I SU\u1ea4T<\/h5>\n<p>\u00c1p d\u1ee5ng m\u1ee9c l\u00e3i su\u1ea5t 0% cho t\u1ea5t c\u1ea3 c\u00e1c ng\u00e2n h\u00e0ng trong l\u00e3nh th\u1ed5 Vi\u1ec7t Nam. V\u00e0 kh\u00e1ch h\u00e0ng ch\u1ec9 c\u1ea7n tr\u1ea3 m\u1ed9t kho\u1ea3n ph\u00ed chuy\u1ec3n \u0111\u1ed5i tr\u1ea3 g\u00f3p ban \u0111\u1ea7u khi thanh to\u00e1n th\u1ebb. Ngo\u00e0i ra, kh\u00f4ng ph\u00e1t sinh th\u00eam b\u1ea5t k\u1ef3 m\u1ed9t kho\u1ea3n ph\u00ed n\u00e0o trong th\u1eddi gian tr\u1ea3 g\u00f3p.<\/p>\n<h5>MINH H\u1eccA M\u1ed8T GIAO D\u1ecaCH TR\u1ea2 G\u00d3P M\u1eaaU<\/h5>\n<p>Tr\u1ea3 g\u00f3p phu\u1ed9c Nitron R3 Yamaha Z125 b\u1eb1ng th\u1ebb t\u00edn d\u1ee5ng c\u1ee7a Techcombank, th\u1eddi h\u1ea1n 12 th\u00e1ng.<\/p>\n<ul>\n<li>Gi\u00e1 s\u1ea3n ph\u1ea9m ni\u00eam y\u1ebft: 23,500,000 \u0111.<\/li>\n<li>Ph\u00ed qu\u1eb9t th\u1ebb: 515,920 \u0111.<\/li>\n<li>Ph\u00ed chuy\u1ec3n \u0111\u1ed5i tr\u1ea3 g\u00f3p: 1,780,080 \u0111.<br \/>T\u1ed5ng ti\u1ec1n mua tr\u1ea3 g\u00f3p: 25,796,000 \u0111.<\/li>\n<li>Ti\u1ec1n g\u00f3p m\u1ed7i th\u00e1ng: 2,150,000 \u0111.<\/li>\n<\/ul>\n<p>L\u01b0u \u00fd: \u0110\u00e2y l\u00e0 b\u1ea3ng t\u00ednh tham kh\u1ea3o, kh\u00e1ch h\u00e0ng vui l\u00f2ng gh\u00e9 c\u1eeda h\u00e0ng \u0111\u1ec3 c\u00f3 b\u1ea3ng t\u00ednh ch\u00ednh x\u00e1c nh\u1ea5t.<\/p>\n\n\t\t\t\t\t<\/div>\n\t\t\t\t\t\t<\/div>\n\t\t\t\t<\/div>\n\t\t\t\t\t<\/div>\n\t\t<\/div>\n\t\t\t\t\t<\/div>\n\t\t<\/section>\n\t\t\t\t<\/div>\n\t\t","protected":false},"excerpt":{"rendered":"<p>Installment Purchase by Credit Card with 0%. \u0110\u1ed0I T\u01af\u1ee2NG Kh\u00e1ch h\u00e0ng c\u1ea7n mua m\u1ed9t m\u00f3n \u0111\u1ed3 ch\u01a1i, tuy nhi\u00ean t\u00e0i<\/p>\n","protected":false},"author":1,"featured_media":0,"parent":0,"menu_order":9,"comment_status":"closed","ping_status":"closed","template":"","meta":{"footnotes":""},"class_list":["post-26462","page","type-page","status-publish","hentry"],"yoast_head":"<!-- This site is optimized with the Yoast SEO Premium plugin v23.3 (Yoast SEO v27.0) - https:\/\/yoast.com\/product\/yoast-seo-premium-wordpress\/ -->\n<title>Installment Purchase - Motor Taburo<\/title>\n<meta name=\"robots\" content=\"index, follow, max-snippet:-1, max-image-preview:large, max-video-preview:-1\" \/>\n<link rel=\"canonical\" href=\"https:\/\/motortaburo.com\/en\/installment-purchase\/\" \/>\n<meta property=\"og:locale\" content=\"en_US\" \/>\n<meta property=\"og:type\" content=\"article\" \/>\n<meta property=\"og:title\" content=\"Installment Purchase\" \/>\n<meta property=\"og:description\" content=\"Installment Purchase by Credit Card with 0%. \u0110\u1ed0I T\u01af\u1ee2NG Kh\u00e1ch h\u00e0ng c\u1ea7n mua m\u1ed9t m\u00f3n \u0111\u1ed3 ch\u01a1i, tuy nhi\u00ean t\u00e0i\" \/>\n<meta property=\"og:url\" content=\"https:\/\/motortaburo.com\/en\/installment-purchase\/\" \/>\n<meta property=\"og:site_name\" content=\"Motor Taburo - Genuine Motorcycle Parts\" \/>\n<meta property=\"article:publisher\" content=\"https:\/\/www.facebook.com\/MotorTaburo\" \/>\n<meta property=\"article:modified_time\" content=\"2023-01-31T02:15:45+00:00\" \/>\n<meta name=\"twitter:card\" content=\"summary_large_image\" \/>\n<meta name=\"twitter:label1\" content=\"Est. reading time\" \/>\n\t<meta name=\"twitter:data1\" content=\"2 minutes\" \/>\n<script type=\"application\/ld+json\" class=\"yoast-schema-graph\">{\"@context\":\"https:\/\/schema.org\",\"@graph\":[{\"@type\":\"WebPage\",\"@id\":\"https:\/\/motortaburo.com\/en\/installment-purchase\/\",\"url\":\"https:\/\/motortaburo.com\/en\/installment-purchase\/\",\"name\":\"Installment Purchase - Motor Taburo\",\"isPartOf\":{\"@id\":\"https:\/\/motortaburo.com\/en\/#website\"},\"datePublished\":\"2022-12-29T23:26:48+00:00\",\"dateModified\":\"2023-01-31T02:15:45+00:00\",\"breadcrumb\":{\"@id\":\"https:\/\/motortaburo.com\/en\/installment-purchase\/#breadcrumb\"},\"inLanguage\":\"en-US\",\"potentialAction\":[{\"@type\":\"ReadAction\",\"target\":[\"https:\/\/motortaburo.com\/en\/installment-purchase\/\"]}]},{\"@type\":\"BreadcrumbList\",\"@id\":\"https:\/\/motortaburo.com\/en\/installment-purchase\/#breadcrumb\",\"itemListElement\":[{\"@type\":\"ListItem\",\"position\":1,\"name\":\"Home\",\"item\":\"https:\/\/motortaburo.com\/en\/\"},{\"@type\":\"ListItem\",\"position\":2,\"name\":\"Installment Purchase\"}]},{\"@type\":\"WebSite\",\"@id\":\"https:\/\/motortaburo.com\/en\/#website\",\"url\":\"https:\/\/motortaburo.com\/en\/\",\"name\":\"Motor Taburo - Genuine Motorcycle Parts\",\"description\":\"We sell Japanese motorcycle parts\",\"publisher\":{\"@id\":\"https:\/\/motortaburo.com\/en\/#organization\"},\"alternateName\":\"Motor Taburo\",\"potentialAction\":[{\"@type\":\"SearchAction\",\"target\":{\"@type\":\"EntryPoint\",\"urlTemplate\":\"https:\/\/motortaburo.com\/en\/?s={search_term_string}\"},\"query-input\":{\"@type\":\"PropertyValueSpecification\",\"valueRequired\":true,\"valueName\":\"search_term_string\"}}],\"inLanguage\":\"en-US\"},{\"@type\":\"Organization\",\"@id\":\"https:\/\/motortaburo.com\/en\/#organization\",\"name\":\"Motor Taburo - Genuine Motorcycle Parts\",\"url\":\"https:\/\/motortaburo.com\/en\/\",\"logo\":{\"@type\":\"ImageObject\",\"inLanguage\":\"en-US\",\"@id\":\"https:\/\/motortaburo.com\/en\/#\/schema\/logo\/image\/\",\"url\":\"https:\/\/motortaburo.com\/wp-content\/uploads\/2021\/04\/Motor-Taburo-logo-512.jpg\",\"contentUrl\":\"https:\/\/motortaburo.com\/wp-content\/uploads\/2021\/04\/Motor-Taburo-logo-512.jpg\",\"width\":512,\"height\":512,\"caption\":\"Motor Taburo - Genuine Motorcycle Parts\"},\"image\":{\"@id\":\"https:\/\/motortaburo.com\/en\/#\/schema\/logo\/image\/\"},\"sameAs\":[\"https:\/\/www.facebook.com\/MotorTaburo\"]}]}<\/script>\n<!-- \/ Yoast SEO Premium plugin. -->","yoast_head_json":{"title":"Installment Purchase - Motor Taburo","robots":{"index":"index","follow":"follow","max-snippet":"max-snippet:-1","max-image-preview":"max-image-preview:large","max-video-preview":"max-video-preview:-1"},"canonical":"https:\/\/motortaburo.com\/en\/installment-purchase\/","og_locale":"en_US","og_type":"article","og_title":"Installment Purchase","og_description":"Installment Purchase by Credit Card with 0%. \u0110\u1ed0I T\u01af\u1ee2NG Kh\u00e1ch h\u00e0ng c\u1ea7n mua m\u1ed9t m\u00f3n \u0111\u1ed3 ch\u01a1i, tuy nhi\u00ean t\u00e0i","og_url":"https:\/\/motortaburo.com\/en\/installment-purchase\/","og_site_name":"Motor Taburo - Genuine Motorcycle Parts","article_publisher":"https:\/\/www.facebook.com\/MotorTaburo","article_modified_time":"2023-01-31T02:15:45+00:00","twitter_card":"summary_large_image","twitter_misc":{"Est. reading time":"2 minutes"},"schema":{"@context":"https:\/\/schema.org","@graph":[{"@type":"WebPage","@id":"https:\/\/motortaburo.com\/en\/installment-purchase\/","url":"https:\/\/motortaburo.com\/en\/installment-purchase\/","name":"Installment Purchase - Motor Taburo","isPartOf":{"@id":"https:\/\/motortaburo.com\/en\/#website"},"datePublished":"2022-12-29T23:26:48+00:00","dateModified":"2023-01-31T02:15:45+00:00","breadcrumb":{"@id":"https:\/\/motortaburo.com\/en\/installment-purchase\/#breadcrumb"},"inLanguage":"en-US","potentialAction":[{"@type":"ReadAction","target":["https:\/\/motortaburo.com\/en\/installment-purchase\/"]}]},{"@type":"BreadcrumbList","@id":"https:\/\/motortaburo.com\/en\/installment-purchase\/#breadcrumb","itemListElement":[{"@type":"ListItem","position":1,"name":"Home","item":"https:\/\/motortaburo.com\/en\/"},{"@type":"ListItem","position":2,"name":"Installment Purchase"}]},{"@type":"WebSite","@id":"https:\/\/motortaburo.com\/en\/#website","url":"https:\/\/motortaburo.com\/en\/","name":"Motor Taburo - Genuine Motorcycle Parts","description":"We sell Japanese motorcycle parts","publisher":{"@id":"https:\/\/motortaburo.com\/en\/#organization"},"alternateName":"Motor Taburo","potentialAction":[{"@type":"SearchAction","target":{"@type":"EntryPoint","urlTemplate":"https:\/\/motortaburo.com\/en\/?s={search_term_string}"},"query-input":{"@type":"PropertyValueSpecification","valueRequired":true,"valueName":"search_term_string"}}],"inLanguage":"en-US"},{"@type":"Organization","@id":"https:\/\/motortaburo.com\/en\/#organization","name":"Motor Taburo - Genuine Motorcycle Parts","url":"https:\/\/motortaburo.com\/en\/","logo":{"@type":"ImageObject","inLanguage":"en-US","@id":"https:\/\/motortaburo.com\/en\/#\/schema\/logo\/image\/","url":"https:\/\/motortaburo.com\/wp-content\/uploads\/2021\/04\/Motor-Taburo-logo-512.jpg","contentUrl":"https:\/\/motortaburo.com\/wp-content\/uploads\/2021\/04\/Motor-Taburo-logo-512.jpg","width":512,"height":512,"caption":"Motor Taburo - Genuine Motorcycle Parts"},"image":{"@id":"https:\/\/motortaburo.com\/en\/#\/schema\/logo\/image\/"},"sameAs":["https:\/\/www.facebook.com\/MotorTaburo"]}]}},"_links":{"self":[{"href":"https:\/\/motortaburo.com\/en\/wp-json\/wp\/v2\/pages\/26462","targetHints":{"allow":["GET"]}}],"collection":[{"href":"https:\/\/motortaburo.com\/en\/wp-json\/wp\/v2\/pages"}],"about":[{"href":"https:\/\/motortaburo.com\/en\/wp-json\/wp\/v2\/types\/page"}],"author":[{"embeddable":true,"href":"https:\/\/motortaburo.com\/en\/wp-json\/wp\/v2\/users\/1"}],"replies":[{"embeddable":true,"href":"https:\/\/motortaburo.com\/en\/wp-json\/wp\/v2\/comments?post=26462"}],"version-history":[{"count":0,"href":"https:\/\/motortaburo.com\/en\/wp-json\/wp\/v2\/pages\/26462\/revisions"}],"wp:attachment":[{"href":"https:\/\/motortaburo.com\/en\/wp-json\/wp\/v2\/media?parent=26462"}],"curies":[{"name":"wp","href":"https:\/\/api.w.org\/{rel}","templated":true}]}}