{"id":26464,"date":"2022-12-27T09:49:42","date_gmt":"2022-12-27T02:49:42","guid":{"rendered":"https:\/\/motortaburo.com\/shopping-and-warranty\/"},"modified":"2023-01-31T09:25:52","modified_gmt":"2023-01-31T02:25:52","slug":"shopping-and-warranty","status":"publish","type":"page","link":"https:\/\/motortaburo.com\/en\/shopping-and-warranty\/","title":{"rendered":"Shopping and Warranty"},"content":{"rendered":"\t\t<div data-elementor-type=\"wp-page\" data-elementor-id=\"26464\" class=\"elementor elementor-26464 elementor-3\" data-elementor-post-type=\"page\">\n\t\t\t\t\t\t<section class=\"wd-negative-gap elementor-section elementor-top-section elementor-element elementor-element-d91c31f elementor-section-boxed elementor-section-height-default elementor-section-height-default\" data-id=\"d91c31f\" data-element_type=\"section\" data-e-type=\"section\">\n\t\t\t\t\t\t<div class=\"elementor-container elementor-column-gap-default\">\n\t\t\t\t\t<div class=\"elementor-column elementor-col-100 elementor-top-column elementor-element elementor-element-c79efa9\" data-id=\"c79efa9\" data-element_type=\"column\" data-e-type=\"column\">\n\t\t\t<div class=\"elementor-widget-wrap elementor-element-populated\">\n\t\t\t\t\t\t<div class=\"elementor-element elementor-element-b021221 wd-width-100 elementor-widget elementor-widget-wd_title\" data-id=\"b021221\" data-element_type=\"widget\" data-e-type=\"widget\" data-widget_type=\"wd_title.default\">\n\t\t\t\t<div class=\"elementor-widget-container\">\n\t\t\t\t\t\t\t<div class=\"title-wrapper wd-set-mb reset-last-child wd-title-color-default wd-title-style-bordered wd-title-size-default text-center\">\n\n\t\t\t\n\t\t\t<div class=\"liner-continer\">\n\t\t\t\t<h4 class=\"woodmart-title-container title wd-fontsize-l\">HOW TO SHOPPING<\/h4> \n\t\t\t\t\t\t\t<\/div>\n\n\t\t\t\t\t<\/div>\n\t\t\t\t\t\t<\/div>\n\t\t\t\t<\/div>\n\t\t\t\t<div class=\"elementor-element elementor-element-13627e19 color-scheme-inherit text-left elementor-widget elementor-widget-text-editor\" data-id=\"13627e19\" data-element_type=\"widget\" data-e-type=\"widget\" data-widget_type=\"text-editor.default\">\n\t\t\t\t<div class=\"elementor-widget-container\">\n\t\t\t\t\t\t\t\t\t<p><\/p><h2><span style=\"color: var(--wd-title-color); font-family: var(--wd-title-font); font-size: 24px; font-style: var(--wd-title-font-style); font-weight: var(--wd-title-font-weight); text-transform: var(--wd-title-transform); background-color: var(--wd-main-bgcolor);\">How to buy?<\/span><\/h2><p><\/p><p><\/p><p>B\u1ea1n l\u1ef1a ch\u1ecdn c\u00e1c m\u00f3n h\u00e0ng mu\u1ed1n mua.<\/p><p>Sau \u0111\u00f3 v\u00e0o trang [Gi\u1ecf h\u00e0ng] (bi\u1ec3u t\u01b0\u1ee3ng c\u00e1i gi\u1ecf x\u00e1ch \u1edf g\u00f3c ph\u1ea3i ph\u00eda tr\u00ean m\u00e0n h\u00ecnh), r\u1ed3i b\u1ea1n ti\u1ebfn h\u00e0nh thanh to\u00e1n.<\/p><p>Khi thanh to\u00e1n, b\u1ea1n vui l\u00f2ng \u0111i\u1ec1n v\u00e0o c\u00e1c th\u00f4ng tin b\u1eaft bu\u1ed9c nh\u01b0 t\u00ean, s\u1ed1 \u0111i\u1ec7n tho\u1ea1i, \u0111\u1ecba ch\u1ec9 giao h\u00e0ng\u2026<\/p><p><\/p><p><\/p><h2>How long to receive?<\/h2><p><\/p><p><\/p><p>Th\u00f4ng th\u01b0\u1eddng c\u00e1c \u0111\u01a1n h\u00e0ng thu\u1ed9c c\u00e1c qu\u1eadn: Q1, Q3, Q5, Q10, Q.T\u00e2n B\u00ecnh, Q.Ph\u00fa Nhu\u1eadn s\u1ebd \u0111\u01b0\u1ee3c giao trong ng\u00e0y. C\u00e1c qu\u1eadn kh\u00e1c kh\u00e1ch h\u00e0ng vui l\u00f2ng li\u00ean h\u1ec7 tr\u1ef1c ti\u1ebfp s\u1ed1 Hotline \u0111\u1ec3 bi\u1ebft th\u00eam chi ti\u1ebft.\u00a0<\/p><p>\u0110\u01a1n h\u00e0ng \u0111i t\u1ec9nh s\u1ebd giao trong kho\u1ea3ng 2-3 ng\u00e0y l\u00e0m vi\u1ec7c.<\/p><p><\/p><p><\/p><h2>How much the shipping fee?<\/h2><p><\/p><p><\/p><p>Chi ph\u00ed giao h\u00e0ng (ph\u00ed ship) \u0111\u01b0\u1ee3c t\u00ednh theo ph\u00ed d\u1ecbch v\u1ee5 c\u1ee7a Viettel Post ho\u1eb7c Giao H\u00e0ng Ti\u1ebft Ki\u1ec7m d\u1ef1a tr\u00ean c\u00e2n n\u1eb7ng v\u00e0 th\u1ec3 t\u00edch c\u1ee7a m\u00f3n h\u00e0ng sau khi \u0111\u00f3ng g\u00f3i.\u00a0<\/p><p>Shop mi\u1ec5n ph\u00ed cho c\u00e1c \u0111\u01a1n h\u00e0ng sau:\u00a0<\/p><ul><li>\u0110\u01a1n h\u00e0ng c\u00f3 gi\u00e1 tr\u1ecb tr\u00ean 2 tri\u1ec7u\u00a0<\/li><li>Ho\u1eb7c \u0111\u01a1n h\u00e0ng gi\u00e1 tr\u1ecb tr\u00ean 1 tri\u1ec7u v\u00e0 thu\u1ed9c c\u00e1c qu\u1eadn: Q1, Q3, Q5, Q10, Q.T\u00e2n B\u00ecnh, Q.Ph\u00fa Nhu\u1eadn.<\/li><\/ul><p><\/p><p><\/p><h2>How to payment?<\/h2><p><\/p><p><\/p><p>B\u1ea1n c\u00f3 th\u1ec3 thanh to\u00e1n b\u1eb1ng 2 c\u00e1ch:<\/p><ul><li>Thanh to\u00e1n b\u1eb1ng h\u00ecnh th\u1ee9c chuy\u1ec3n kho\u1ea3n. Khi chuy\u1ec3n kho\u1ea3n vui l\u00f2ng \u0111i\u1ec1n s\u1ed1 \u0111\u01a1n h\u00e0ng v\u00e0o ph\u1ea7n ch\u00fa th\u00edch c\u1ee7a ng\u00e2n h\u00e0ng \u0111\u1ec3 shop c\u00f3 th\u1ec3 theo d\u00f5i.<\/li><li>Thanh to\u00e1n b\u1eb1ng ti\u1ec1n m\u1eb7t l\u00fac nh\u1eadn h\u00e0ng. V\u1edbi h\u00ecnh th\u1ee9c n\u00e0y, khi b\u1ea1n nh\u1eadn h\u00e0ng, b\u1ea1n s\u1ebd thanh to\u00e1n ti\u1ec1n h\u00e0ng cho \u0111\u01a1n v\u1ecb chuy\u1ec3n ph\u00e1t.<\/li><\/ul><p><\/p>\t\t\t\t\t\t\t\t<\/div>\n\t\t\t\t<\/div>\n\t\t\t\t\t<\/div>\n\t\t<\/div>\n\t\t\t\t\t<\/div>\n\t\t<\/section>\n\t\t\t\t<section class=\"wd-negative-gap elementor-section elementor-top-section elementor-element elementor-element-ace3ac7 elementor-section-boxed elementor-section-height-default elementor-section-height-default\" data-id=\"ace3ac7\" data-element_type=\"section\" data-e-type=\"section\">\n\t\t\t\t\t\t<div class=\"elementor-container elementor-column-gap-default\">\n\t\t\t\t\t<div class=\"elementor-column elementor-col-100 elementor-top-column elementor-element elementor-element-4b1fd72\" data-id=\"4b1fd72\" data-element_type=\"column\" data-e-type=\"column\">\n\t\t\t<div class=\"elementor-widget-wrap elementor-element-populated\">\n\t\t\t\t\t\t<div class=\"elementor-element elementor-element-6ac7091 wd-width-100 elementor-widget elementor-widget-wd_title\" data-id=\"6ac7091\" data-element_type=\"widget\" data-e-type=\"widget\" data-widget_type=\"wd_title.default\">\n\t\t\t\t<div class=\"elementor-widget-container\">\n\t\t\t\t\t\t\t<div class=\"title-wrapper wd-set-mb reset-last-child wd-title-color-default wd-title-style-bordered wd-title-size-default text-center\">\n\n\t\t\t\n\t\t\t<div class=\"liner-continer\">\n\t\t\t\t<h4 class=\"woodmart-title-container title wd-fontsize-l\">PAYMENT INFORMATION<\/h4> \n\t\t\t\t\t\t\t<\/div>\n\n\t\t\t\t\t<\/div>\n\t\t\t\t\t\t<\/div>\n\t\t\t\t<\/div>\n\t\t\t\t<div class=\"elementor-element elementor-element-1345e66 color-scheme-inherit text-left elementor-widget elementor-widget-text-editor\" data-id=\"1345e66\" data-element_type=\"widget\" data-e-type=\"widget\" data-widget_type=\"text-editor.default\">\n\t\t\t\t<div class=\"elementor-widget-container\">\n\t\t\t\t\t\t\t\t\t<h2><span style=\"color: var(--wd-title-color); font-family: var(--wd-title-font); font-size: 24px; font-style: var(--wd-title-font-style); font-weight: var(--wd-title-font-weight); text-transform: var(--wd-title-transform); background-color: var(--wd-main-bgcolor);\">Vietcombank<\/span><\/h2><ul><li>Account name: Nguyen Phat Huy<\/li><li>Account number: 99.666666.35<\/li><li>Brand: TP.HCM<\/li><\/ul><h2>Ng\u00e2n h\u00e0ng Ti\u00ean Phong (TPBank)<\/h2><ul><li>Account name: Nguyen Phat Huy<\/li><li>Account number: 305.666666.35<\/li><li>Brand: TP.HCM<\/li><\/ul>\t\t\t\t\t\t\t\t<\/div>\n\t\t\t\t<\/div>\n\t\t\t\t\t<\/div>\n\t\t<\/div>\n\t\t\t\t\t<\/div>\n\t\t<\/section>\n\t\t\t\t<section class=\"wd-negative-gap elementor-section elementor-top-section elementor-element elementor-element-0108701 elementor-section-boxed elementor-section-height-default elementor-section-height-default\" data-id=\"0108701\" data-element_type=\"section\" data-e-type=\"section\">\n\t\t\t\t\t\t<div class=\"elementor-container elementor-column-gap-default\">\n\t\t\t\t\t<div class=\"elementor-column elementor-col-100 elementor-top-column elementor-element elementor-element-ec95cbe\" data-id=\"ec95cbe\" data-element_type=\"column\" data-e-type=\"column\">\n\t\t\t<div class=\"elementor-widget-wrap elementor-element-populated\">\n\t\t\t\t\t\t<div class=\"elementor-element elementor-element-c907524 wd-width-100 elementor-widget elementor-widget-wd_title\" data-id=\"c907524\" data-element_type=\"widget\" data-e-type=\"widget\" data-widget_type=\"wd_title.default\">\n\t\t\t\t<div class=\"elementor-widget-container\">\n\t\t\t\t\t\t\t<div class=\"title-wrapper wd-set-mb reset-last-child wd-title-color-default wd-title-style-bordered wd-title-size-default text-center\">\n\n\t\t\t\n\t\t\t<div class=\"liner-continer\">\n\t\t\t\t<h4 class=\"woodmart-title-container title wd-fontsize-l\">RETURN, WARRANTY<\/h4> \n\t\t\t\t\t\t\t<\/div>\n\n\t\t\t\t\t<\/div>\n\t\t\t\t\t\t<\/div>\n\t\t\t\t<\/div>\n\t\t\t\t<div class=\"elementor-element elementor-element-f106f7a color-scheme-inherit text-left elementor-widget elementor-widget-text-editor\" data-id=\"f106f7a\" data-element_type=\"widget\" data-e-type=\"widget\" data-widget_type=\"text-editor.default\">\n\t\t\t\t<div class=\"elementor-widget-container\">\n\t\t\t\t\t\t\t\t\t<p><\/p>\n<h2><span style=\"color: var(--wd-title-color); font-family: var(--wd-title-font); font-size: 24px; font-style: var(--wd-title-font-style); font-weight: var(--wd-title-font-weight); text-transform: var(--wd-title-transform); background-color: var(--wd-main-bgcolor);\">H\u00e0ng mua r\u1ed3i c\u00f3 th\u1ec3 \u0111\u1ed5i tr\u1ea3?<\/span><\/h2>\n<p><\/p>\n<p><\/p>\n<p>Sau khi mua h\u00e0ng, b\u1ea1n v\u1eabn c\u00f3 th\u1ec3 \u0111\u1ed5i tr\u1ea3 trong v\u00f2ng 3 ng\u00e0y.<\/p>\n<p>Tuy nhi\u00ean, \u0111i\u1ec1u ki\u1ec7n \u0111\u1ec3 \u0111\u1ed5i tr\u1ea3 l\u00e0 h\u00e0ng v\u1eabn c\u00f2n nguy\u00ean v\u1eb9n, kh\u00f4ng b\u1ecb tr\u1ea7y x\u01b0\u1edbc, h\u01b0 h\u1ecfng. V\u00e0 b\u1ea1n s\u1ebd m\u1ea5t ph\u00ed 20% gi\u00e1 tr\u1ecb \u0111\u01a1n h\u00e0ng.<\/p>\n<p><\/p>\n<p><\/p>\n<h2>S\u1ea3n ph\u1ea9m c\u1ee7a shop c\u00f3 b\u1ea3o h\u00e0nh?<\/h2>\n<p><\/p>\n<p><\/p>\n<p>T\u1ea5t c\u1ea3 c\u00e1c s\u1ea3n ph\u1ea9m do shop nh\u1eadp tr\u1ef1c ti\u1ebfp t\u1eeb n\u1ed9i \u0111\u1ecba Nh\u1eadt n\u00ean kh\u00f4ng c\u00f3 ch\u01b0\u01a1ng tr\u00ecnh b\u1ea3o h\u00e0ng cho qu\u00fd kh\u00e1ch h\u00e0ng. V\u00ec chi ph\u00ed b\u1ea3o h\u00e0nh r\u1ea5t cao do s\u1ea3n ph\u1ea9m kh\u00f4ng c\u00f3 h\u1ec7 th\u1ed1ng \u0111\u1ea1i l\u00fd ph\u00e2n ph\u1ed1i t\u1ea1i Vi\u1ec7t Nam.<\/p>\n<p>Ngo\u1ea1i tr\u1eeb phu\u1ed9c Nitron s\u1ebd \u0111\u01b0\u1ee3c b\u1ea3o h\u00e0nh ch\u00ednh h\u00e3ng 1 n\u0103m.<\/p>\n<p><\/p>\t\t\t\t\t\t\t\t<\/div>\n\t\t\t\t<\/div>\n\t\t\t\t\t<\/div>\n\t\t<\/div>\n\t\t\t\t\t<\/div>\n\t\t<\/section>\n\t\t\t\t<\/div>\n\t\t","protected":false},"excerpt":{"rendered":"<p>HOW TO SHOPPING How to buy? B\u1ea1n l\u1ef1a ch\u1ecdn c\u00e1c m\u00f3n h\u00e0ng mu\u1ed1n mua. Sau \u0111\u00f3 v\u00e0o trang [Gi\u1ecf h\u00e0ng]<\/p>\n","protected":false},"author":1,"featured_media":0,"parent":0,"menu_order":10,"comment_status":"closed","ping_status":"closed","template":"","meta":{"footnotes":""},"class_list":["post-26464","page","type-page","status-publish","hentry"],"yoast_head":"<!-- This site is optimized with the Yoast SEO Premium plugin v23.3 (Yoast SEO v27.0) - https:\/\/yoast.com\/product\/yoast-seo-premium-wordpress\/ -->\n<title>Shopping and Warranty - Motor Taburo<\/title>\n<meta name=\"robots\" content=\"index, follow, max-snippet:-1, max-image-preview:large, max-video-preview:-1\" \/>\n<link rel=\"canonical\" href=\"https:\/\/motortaburo.com\/en\/shopping-and-warranty\/\" \/>\n<meta property=\"og:locale\" content=\"en_US\" \/>\n<meta property=\"og:type\" content=\"article\" \/>\n<meta property=\"og:title\" content=\"Shopping and Warranty\" \/>\n<meta property=\"og:description\" content=\"HOW TO SHOPPING How to buy? B\u1ea1n l\u1ef1a ch\u1ecdn c\u00e1c m\u00f3n h\u00e0ng mu\u1ed1n mua. Sau \u0111\u00f3 v\u00e0o trang [Gi\u1ecf h\u00e0ng]\" \/>\n<meta property=\"og:url\" content=\"https:\/\/motortaburo.com\/en\/shopping-and-warranty\/\" \/>\n<meta property=\"og:site_name\" content=\"Motor Taburo - Genuine Motorcycle Parts\" \/>\n<meta property=\"article:publisher\" content=\"https:\/\/www.facebook.com\/MotorTaburo\" \/>\n<meta property=\"article:modified_time\" content=\"2023-01-31T02:25:52+00:00\" \/>\n<meta name=\"twitter:card\" content=\"summary_large_image\" \/>\n<meta name=\"twitter:label1\" content=\"Est. reading time\" \/>\n\t<meta name=\"twitter:data1\" content=\"2 minutes\" \/>\n<script type=\"application\/ld+json\" class=\"yoast-schema-graph\">{\"@context\":\"https:\/\/schema.org\",\"@graph\":[{\"@type\":\"WebPage\",\"@id\":\"https:\/\/motortaburo.com\/en\/shopping-and-warranty\/\",\"url\":\"https:\/\/motortaburo.com\/en\/shopping-and-warranty\/\",\"name\":\"Shopping and Warranty - Motor Taburo\",\"isPartOf\":{\"@id\":\"https:\/\/motortaburo.com\/en\/#website\"},\"datePublished\":\"2022-12-27T02:49:42+00:00\",\"dateModified\":\"2023-01-31T02:25:52+00:00\",\"breadcrumb\":{\"@id\":\"https:\/\/motortaburo.com\/en\/shopping-and-warranty\/#breadcrumb\"},\"inLanguage\":\"en-US\",\"potentialAction\":[{\"@type\":\"ReadAction\",\"target\":[\"https:\/\/motortaburo.com\/en\/shopping-and-warranty\/\"]}]},{\"@type\":\"BreadcrumbList\",\"@id\":\"https:\/\/motortaburo.com\/en\/shopping-and-warranty\/#breadcrumb\",\"itemListElement\":[{\"@type\":\"ListItem\",\"position\":1,\"name\":\"Home\",\"item\":\"https:\/\/motortaburo.com\/en\/\"},{\"@type\":\"ListItem\",\"position\":2,\"name\":\"Shopping and Warranty\"}]},{\"@type\":\"WebSite\",\"@id\":\"https:\/\/motortaburo.com\/en\/#website\",\"url\":\"https:\/\/motortaburo.com\/en\/\",\"name\":\"Motor Taburo - Genuine Motorcycle Parts\",\"description\":\"We sell Japanese motorcycle parts\",\"publisher\":{\"@id\":\"https:\/\/motortaburo.com\/en\/#organization\"},\"alternateName\":\"Motor Taburo\",\"potentialAction\":[{\"@type\":\"SearchAction\",\"target\":{\"@type\":\"EntryPoint\",\"urlTemplate\":\"https:\/\/motortaburo.com\/en\/?s={search_term_string}\"},\"query-input\":{\"@type\":\"PropertyValueSpecification\",\"valueRequired\":true,\"valueName\":\"search_term_string\"}}],\"inLanguage\":\"en-US\"},{\"@type\":\"Organization\",\"@id\":\"https:\/\/motortaburo.com\/en\/#organization\",\"name\":\"Motor Taburo - Genuine Motorcycle Parts\",\"url\":\"https:\/\/motortaburo.com\/en\/\",\"logo\":{\"@type\":\"ImageObject\",\"inLanguage\":\"en-US\",\"@id\":\"https:\/\/motortaburo.com\/en\/#\/schema\/logo\/image\/\",\"url\":\"https:\/\/motortaburo.com\/wp-content\/uploads\/2021\/04\/Motor-Taburo-logo-512.jpg\",\"contentUrl\":\"https:\/\/motortaburo.com\/wp-content\/uploads\/2021\/04\/Motor-Taburo-logo-512.jpg\",\"width\":512,\"height\":512,\"caption\":\"Motor Taburo - Genuine Motorcycle Parts\"},\"image\":{\"@id\":\"https:\/\/motortaburo.com\/en\/#\/schema\/logo\/image\/\"},\"sameAs\":[\"https:\/\/www.facebook.com\/MotorTaburo\"]}]}<\/script>\n<!-- \/ Yoast SEO Premium plugin. -->","yoast_head_json":{"title":"Shopping and Warranty - Motor Taburo","robots":{"index":"index","follow":"follow","max-snippet":"max-snippet:-1","max-image-preview":"max-image-preview:large","max-video-preview":"max-video-preview:-1"},"canonical":"https:\/\/motortaburo.com\/en\/shopping-and-warranty\/","og_locale":"en_US","og_type":"article","og_title":"Shopping and Warranty","og_description":"HOW TO SHOPPING How to buy? B\u1ea1n l\u1ef1a ch\u1ecdn c\u00e1c m\u00f3n h\u00e0ng mu\u1ed1n mua. Sau \u0111\u00f3 v\u00e0o trang [Gi\u1ecf h\u00e0ng]","og_url":"https:\/\/motortaburo.com\/en\/shopping-and-warranty\/","og_site_name":"Motor Taburo - Genuine Motorcycle Parts","article_publisher":"https:\/\/www.facebook.com\/MotorTaburo","article_modified_time":"2023-01-31T02:25:52+00:00","twitter_card":"summary_large_image","twitter_misc":{"Est. reading time":"2 minutes"},"schema":{"@context":"https:\/\/schema.org","@graph":[{"@type":"WebPage","@id":"https:\/\/motortaburo.com\/en\/shopping-and-warranty\/","url":"https:\/\/motortaburo.com\/en\/shopping-and-warranty\/","name":"Shopping and Warranty - Motor Taburo","isPartOf":{"@id":"https:\/\/motortaburo.com\/en\/#website"},"datePublished":"2022-12-27T02:49:42+00:00","dateModified":"2023-01-31T02:25:52+00:00","breadcrumb":{"@id":"https:\/\/motortaburo.com\/en\/shopping-and-warranty\/#breadcrumb"},"inLanguage":"en-US","potentialAction":[{"@type":"ReadAction","target":["https:\/\/motortaburo.com\/en\/shopping-and-warranty\/"]}]},{"@type":"BreadcrumbList","@id":"https:\/\/motortaburo.com\/en\/shopping-and-warranty\/#breadcrumb","itemListElement":[{"@type":"ListItem","position":1,"name":"Home","item":"https:\/\/motortaburo.com\/en\/"},{"@type":"ListItem","position":2,"name":"Shopping and Warranty"}]},{"@type":"WebSite","@id":"https:\/\/motortaburo.com\/en\/#website","url":"https:\/\/motortaburo.com\/en\/","name":"Motor Taburo - Genuine Motorcycle Parts","description":"We sell Japanese motorcycle parts","publisher":{"@id":"https:\/\/motortaburo.com\/en\/#organization"},"alternateName":"Motor Taburo","potentialAction":[{"@type":"SearchAction","target":{"@type":"EntryPoint","urlTemplate":"https:\/\/motortaburo.com\/en\/?s={search_term_string}"},"query-input":{"@type":"PropertyValueSpecification","valueRequired":true,"valueName":"search_term_string"}}],"inLanguage":"en-US"},{"@type":"Organization","@id":"https:\/\/motortaburo.com\/en\/#organization","name":"Motor Taburo - Genuine Motorcycle Parts","url":"https:\/\/motortaburo.com\/en\/","logo":{"@type":"ImageObject","inLanguage":"en-US","@id":"https:\/\/motortaburo.com\/en\/#\/schema\/logo\/image\/","url":"https:\/\/motortaburo.com\/wp-content\/uploads\/2021\/04\/Motor-Taburo-logo-512.jpg","contentUrl":"https:\/\/motortaburo.com\/wp-content\/uploads\/2021\/04\/Motor-Taburo-logo-512.jpg","width":512,"height":512,"caption":"Motor Taburo - Genuine Motorcycle Parts"},"image":{"@id":"https:\/\/motortaburo.com\/en\/#\/schema\/logo\/image\/"},"sameAs":["https:\/\/www.facebook.com\/MotorTaburo"]}]}},"_links":{"self":[{"href":"https:\/\/motortaburo.com\/en\/wp-json\/wp\/v2\/pages\/26464","targetHints":{"allow":["GET"]}}],"collection":[{"href":"https:\/\/motortaburo.com\/en\/wp-json\/wp\/v2\/pages"}],"about":[{"href":"https:\/\/motortaburo.com\/en\/wp-json\/wp\/v2\/types\/page"}],"author":[{"embeddable":true,"href":"https:\/\/motortaburo.com\/en\/wp-json\/wp\/v2\/users\/1"}],"replies":[{"embeddable":true,"href":"https:\/\/motortaburo.com\/en\/wp-json\/wp\/v2\/comments?post=26464"}],"version-history":[{"count":0,"href":"https:\/\/motortaburo.com\/en\/wp-json\/wp\/v2\/pages\/26464\/revisions"}],"wp:attachment":[{"href":"https:\/\/motortaburo.com\/en\/wp-json\/wp\/v2\/media?parent=26464"}],"curies":[{"name":"wp","href":"https:\/\/api.w.org\/{rel}","templated":true}]}}