{"id":10345,"date":"2020-11-02T11:32:50","date_gmt":"2020-11-02T04:32:50","guid":{"rendered":"https:\/\/motortaburo.com\/?post_type=product&#038;p=10345"},"modified":"2026-01-22T18:05:56","modified_gmt":"2026-01-22T11:05:56","slug":"bao-tay-suoi-am-kijima-gh07-120mm","status":"publish","type":"product","link":"https:\/\/motortaburo.com\/en\/san-pham\/bao-tay-suoi-am-kijima-gh07-120mm\/","title":{"rendered":"Bao tay s\u01b0\u1edfi \u1ea5m Kijima GH07 120mm"},"content":{"rendered":"<p>C\u00f4ng su\u1ea5t ti\u00eau th\u1ee5 8w-36w.<\/p>\n<p>B\u1ed9 \u0111i\u1ec1u ch\u1ec9nh 5 ch\u1ebf \u0111\u1ed9, t\u00edch h\u1ee3p ngay tr\u00ean bao tay tr\u00e1i. M\u00e0u s\u00e1ng c\u1ee7a \u0111\u00e8n led thay \u0111\u1ed5i theo 5 ch\u1ebf \u0111\u1ed9.<\/p>\n<p>C\u00f3 ch\u1ee9c n\u0103ng t\u1ef1 \u0111\u1ed9ng t\u1eaft \u1edf \u0111i\u1ec7n \u00e1p th\u1ea5p.<\/p>\n<p>V\u1edbi \u0111\u01b0\u1eddng k\u00ednh bao tay l\u00e0 33mm, kh\u00f4ng g\u00e2y c\u1ea3m gi\u00e1c kh\u00f3 ch\u1ecbu khi \u0111i\u1ec1u khi\u1ec3n cho v\u00f3c d\u00e1ng ng\u01b0\u1eddi Vi\u1ec7t Nam.<\/p>\n<p>Khuy\u1ebfn c\u00e1o kh\u00f4ng n\u00ean d\u00f9ng v\u1edbi xe c\u00f3 \u1eafc quy y\u1ebfu.<\/p>\n<p>D\u01b0\u1edbi \u0111\u00e2y l\u00e0 video clip demo tham kh\u1ea3o<\/p>\n<p><iframe loading=\"lazy\" title=\"\u624b\u304c\u6e29\u307e\u308b\uff01\u8d85\u6e29\u304b\u3044\u30b0\u30ea\u30c3\u30d7\u30d2\u30fc\u30bf\u30fc\uff01\u51ac\u306b\u304a\u3059\u3059\u3081\u300cKIJIMA\u30ad\u30b8\u30de GH07\u300d\u53d6\u308a\u4ed8\u3051\u52d5\u753b \u3010Webike TV\u3011\" width=\"500\" height=\"281\" src=\"https:\/\/www.youtube.com\/embed\/zeSj9hKSlzE?feature=oembed\" frameborder=\"0\" allow=\"accelerometer; autoplay; clipboard-write; encrypted-media; gyroscope; picture-in-picture; web-share\" referrerpolicy=\"strict-origin-when-cross-origin\" allowfullscreen><\/iframe><\/p>\n","protected":false},"excerpt":{"rendered":"<p>\u0110\u00e2y l\u00e0 bao tay s\u01b0\u1edfi \u1ea5m m\u1eabu GH07 c\u1ee7a h\u00e3ng Kijima.<\/p>\n<p>Set b\u00e1n g\u1ed3m bao tay, c\u1eb7p n\u00fat ch\u1ee5p bao tay, d\u00e2y \u0111i\u1ec7n v\u00e0 b\u1ed9 \u0111i\u1ec1u ch\u1ec9nh t\u00edch h\u1ee3p ngay tr\u00ean bao tay.<\/p>\n<p>D\u00f9ng cho d\u00f2ng ghi \u0111\u00f4ng c\u00f3 \u0111\u01b0\u1eddng k\u00ednh \u03c622.2mm, \u1ed1ng ga \u03c625.4mm.<\/p>\n<p>Chi\u1ec1u d\u00e0i bao tay 120mm. \u0110\u01b0\u1eddng k\u00ednh ngo\u00e0i c\u1ee7a bao tay 33mm.<\/p>\n<p>M\u00e0u s\u1eafc: \u0110en.<\/p>\n<p>S\u1ea3n xu\u1ea5t t\u1ea1i Nh\u1eadt B\u1ea3n.<\/p>\n","protected":false},"featured_media":40365,"comment_status":"open","ping_status":"closed","template":"","meta":[],"product_brand":[],"product_cat":[209],"product_tag":[1030],"danh-sach-xe":[],"class_list":{"0":"post-10345","1":"product","2":"type-product","3":"status-publish","4":"has-post-thumbnail","6":"product_cat-bao-tay","7":"product_tag-bao-tay-suoi-am","9":"first","10":"instock","11":"shipping-taxable","12":"purchasable","13":"product-type-simple"},"yoast_head":"<!-- This site is optimized with the Yoast SEO Premium plugin v23.3 (Yoast SEO v27.0) - https:\/\/yoast.com\/product\/yoast-seo-premium-wordpress\/ -->\n<title>Bao tay s\u01b0\u1edfi \u1ea5m Kijima GH07 120mm - Motor Taburo<\/title>\n<meta name=\"robots\" content=\"index, follow, max-snippet:-1, max-image-preview:large, max-video-preview:-1\" \/>\n<link rel=\"canonical\" href=\"https:\/\/motortaburo.com\/en\/san-pham\/bao-tay-suoi-am-kijima-gh07-120mm\/\" \/>\n<meta property=\"og:locale\" content=\"en_US\" \/>\n<meta property=\"og:type\" content=\"article\" \/>\n<meta property=\"og:title\" content=\"Bao tay s\u01b0\u1edfi \u1ea5m Kijima GH07 120mm\" \/>\n<meta property=\"og:description\" content=\"\u0110\u00e2y l\u00e0 bao tay s\u01b0\u1edfi \u1ea5m m\u1eabu GH07 c\u1ee7a h\u00e3ng Kijima.  Set b\u00e1n g\u1ed3m bao tay, c\u1eb7p n\u00fat ch\u1ee5p bao tay, d\u00e2y \u0111i\u1ec7n v\u00e0 b\u1ed9 \u0111i\u1ec1u ch\u1ec9nh t\u00edch h\u1ee3p ngay tr\u00ean bao tay.  D\u00f9ng cho d\u00f2ng ghi \u0111\u00f4ng c\u00f3 \u0111\u01b0\u1eddng k\u00ednh \u03c622.2mm, \u1ed1ng ga \u03c625.4mm.  Chi\u1ec1u d\u00e0i bao tay 120mm. \u0110\u01b0\u1eddng k\u00ednh ngo\u00e0i c\u1ee7a bao tay 33mm.  M\u00e0u s\u1eafc: \u0110en.  S\u1ea3n xu\u1ea5t t\u1ea1i Nh\u1eadt B\u1ea3n.\" \/>\n<meta property=\"og:url\" content=\"https:\/\/motortaburo.com\/en\/san-pham\/bao-tay-suoi-am-kijima-gh07-120mm\/\" \/>\n<meta property=\"og:site_name\" content=\"Motor Taburo - Genuine Motorcycle Parts\" \/>\n<meta property=\"article:publisher\" content=\"https:\/\/www.facebook.com\/MotorTaburo\" \/>\n<meta property=\"article:modified_time\" content=\"2026-01-22T11:05:56+00:00\" \/>\n<meta property=\"og:image\" content=\"https:\/\/motortaburo.com\/wp-content\/uploads\/2020\/11\/IMG_6549.jpg\" \/>\n\t<meta property=\"og:image:width\" content=\"1280\" \/>\n\t<meta property=\"og:image:height\" content=\"1280\" \/>\n\t<meta property=\"og:image:type\" content=\"image\/jpeg\" \/>\n<meta name=\"twitter:card\" content=\"summary_large_image\" \/>\n<meta name=\"twitter:label1\" content=\"Price\" \/>\n\t<meta name=\"twitter:data1\" content=\"4.070.000&nbsp;&#8363;\" \/>\n\t<meta name=\"twitter:label2\" content=\"Availability\" \/>\n\t<meta name=\"twitter:data2\" content=\"In stock\" \/>\n<script type=\"application\/ld+json\" class=\"yoast-schema-graph\">{\"@context\":\"https:\/\/schema.org\",\"@graph\":[{\"@type\":\"WebPage\",\"@id\":\"https:\/\/motortaburo.com\/en\/san-pham\/bao-tay-suoi-am-kijima-gh07-120mm\/\",\"url\":\"https:\/\/motortaburo.com\/en\/san-pham\/bao-tay-suoi-am-kijima-gh07-120mm\/\",\"name\":\"Bao tay s\u01b0\u1edfi \u1ea5m Kijima GH07 120mm - Motor Taburo\",\"isPartOf\":{\"@id\":\"https:\/\/motortaburo.com\/en\/#website\"},\"primaryImageOfPage\":{\"@id\":\"https:\/\/motortaburo.com\/en\/san-pham\/bao-tay-suoi-am-kijima-gh07-120mm\/#primaryimage\"},\"image\":{\"@id\":\"https:\/\/motortaburo.com\/en\/san-pham\/bao-tay-suoi-am-kijima-gh07-120mm\/#primaryimage\"},\"thumbnailUrl\":\"https:\/\/motortaburo.com\/wp-content\/uploads\/2020\/11\/IMG_6549.jpg\",\"datePublished\":\"2020-11-02T04:32:50+00:00\",\"dateModified\":\"2026-01-22T11:05:56+00:00\",\"breadcrumb\":{\"@id\":\"https:\/\/motortaburo.com\/en\/san-pham\/bao-tay-suoi-am-kijima-gh07-120mm\/#breadcrumb\"},\"inLanguage\":\"en-US\",\"potentialAction\":[{\"@type\":\"ReadAction\",\"target\":[\"https:\/\/motortaburo.com\/en\/san-pham\/bao-tay-suoi-am-kijima-gh07-120mm\/\"]}]},{\"@type\":\"ImageObject\",\"inLanguage\":\"en-US\",\"@id\":\"https:\/\/motortaburo.com\/en\/san-pham\/bao-tay-suoi-am-kijima-gh07-120mm\/#primaryimage\",\"url\":\"https:\/\/motortaburo.com\/wp-content\/uploads\/2020\/11\/IMG_6549.jpg\",\"contentUrl\":\"https:\/\/motortaburo.com\/wp-content\/uploads\/2020\/11\/IMG_6549.jpg\",\"width\":1280,\"height\":1280},{\"@type\":\"BreadcrumbList\",\"@id\":\"https:\/\/motortaburo.com\/en\/san-pham\/bao-tay-suoi-am-kijima-gh07-120mm\/#breadcrumb\",\"itemListElement\":[{\"@type\":\"ListItem\",\"position\":1,\"name\":\"Home\",\"item\":\"https:\/\/motortaburo.com\/en\/\"},{\"@type\":\"ListItem\",\"position\":2,\"name\":\"\u0110\u1ed3 ch\u01a1i xe\",\"item\":\"https:\/\/motortaburo.com\/do-choi-xe\/\"},{\"@type\":\"ListItem\",\"position\":3,\"name\":\"Bao tay s\u01b0\u1edfi \u1ea5m Kijima GH07 120mm\"}]},{\"@type\":\"WebSite\",\"@id\":\"https:\/\/motortaburo.com\/en\/#website\",\"url\":\"https:\/\/motortaburo.com\/en\/\",\"name\":\"Motor Taburo - Genuine Motorcycle Parts\",\"description\":\"We sell Japanese motorcycle parts\",\"publisher\":{\"@id\":\"https:\/\/motortaburo.com\/en\/#organization\"},\"alternateName\":\"Motor Taburo\",\"potentialAction\":[{\"@type\":\"SearchAction\",\"target\":{\"@type\":\"EntryPoint\",\"urlTemplate\":\"https:\/\/motortaburo.com\/en\/?s={search_term_string}\"},\"query-input\":{\"@type\":\"PropertyValueSpecification\",\"valueRequired\":true,\"valueName\":\"search_term_string\"}}],\"inLanguage\":\"en-US\"},{\"@type\":\"Organization\",\"@id\":\"https:\/\/motortaburo.com\/en\/#organization\",\"name\":\"Motor Taburo - Genuine Motorcycle Parts\",\"url\":\"https:\/\/motortaburo.com\/en\/\",\"logo\":{\"@type\":\"ImageObject\",\"inLanguage\":\"en-US\",\"@id\":\"https:\/\/motortaburo.com\/en\/#\/schema\/logo\/image\/\",\"url\":\"https:\/\/motortaburo.com\/wp-content\/uploads\/2021\/04\/Motor-Taburo-logo-512.jpg\",\"contentUrl\":\"https:\/\/motortaburo.com\/wp-content\/uploads\/2021\/04\/Motor-Taburo-logo-512.jpg\",\"width\":512,\"height\":512,\"caption\":\"Motor Taburo - Genuine Motorcycle Parts\"},\"image\":{\"@id\":\"https:\/\/motortaburo.com\/en\/#\/schema\/logo\/image\/\"},\"sameAs\":[\"https:\/\/www.facebook.com\/MotorTaburo\"]}]}<\/script>\n<meta property=\"product:price:amount\" content=\"4070000\" \/>\n<meta property=\"product:price:currency\" content=\"VND\" \/>\n<meta property=\"og:availability\" content=\"instock\" \/>\n<meta property=\"product:availability\" content=\"instock\" \/>\n<meta property=\"product:retailer_item_id\" content=\"304-8198\" \/>\n<meta property=\"product:condition\" content=\"new\" \/>\n<!-- \/ Yoast SEO Premium plugin. -->","yoast_head_json":{"title":"Bao tay s\u01b0\u1edfi \u1ea5m Kijima GH07 120mm - Motor Taburo","robots":{"index":"index","follow":"follow","max-snippet":"max-snippet:-1","max-image-preview":"max-image-preview:large","max-video-preview":"max-video-preview:-1"},"canonical":"https:\/\/motortaburo.com\/en\/san-pham\/bao-tay-suoi-am-kijima-gh07-120mm\/","og_locale":"en_US","og_type":"article","og_title":"Bao tay s\u01b0\u1edfi \u1ea5m Kijima GH07 120mm","og_description":"\u0110\u00e2y l\u00e0 bao tay s\u01b0\u1edfi \u1ea5m m\u1eabu GH07 c\u1ee7a h\u00e3ng Kijima.  Set b\u00e1n g\u1ed3m bao tay, c\u1eb7p n\u00fat ch\u1ee5p bao tay, d\u00e2y \u0111i\u1ec7n v\u00e0 b\u1ed9 \u0111i\u1ec1u ch\u1ec9nh t\u00edch h\u1ee3p ngay tr\u00ean bao tay.  D\u00f9ng cho d\u00f2ng ghi \u0111\u00f4ng c\u00f3 \u0111\u01b0\u1eddng k\u00ednh \u03c622.2mm, \u1ed1ng ga \u03c625.4mm.  Chi\u1ec1u d\u00e0i bao tay 120mm. \u0110\u01b0\u1eddng k\u00ednh ngo\u00e0i c\u1ee7a bao tay 33mm.  M\u00e0u s\u1eafc: \u0110en.  S\u1ea3n xu\u1ea5t t\u1ea1i Nh\u1eadt B\u1ea3n.","og_url":"https:\/\/motortaburo.com\/en\/san-pham\/bao-tay-suoi-am-kijima-gh07-120mm\/","og_site_name":"Motor Taburo - Genuine Motorcycle Parts","article_publisher":"https:\/\/www.facebook.com\/MotorTaburo","article_modified_time":"2026-01-22T11:05:56+00:00","og_image":[{"width":1280,"height":1280,"url":"https:\/\/motortaburo.com\/wp-content\/uploads\/2020\/11\/IMG_6549.jpg","type":"image\/jpeg"}],"twitter_card":"summary_large_image","twitter_misc":{"Price":"4.070.000&nbsp;&#8363;","Availability":"In stock"},"schema":{"@context":"https:\/\/schema.org","@graph":[{"@type":"WebPage","@id":"https:\/\/motortaburo.com\/en\/san-pham\/bao-tay-suoi-am-kijima-gh07-120mm\/","url":"https:\/\/motortaburo.com\/en\/san-pham\/bao-tay-suoi-am-kijima-gh07-120mm\/","name":"Bao tay s\u01b0\u1edfi \u1ea5m Kijima GH07 120mm - Motor Taburo","isPartOf":{"@id":"https:\/\/motortaburo.com\/en\/#website"},"primaryImageOfPage":{"@id":"https:\/\/motortaburo.com\/en\/san-pham\/bao-tay-suoi-am-kijima-gh07-120mm\/#primaryimage"},"image":{"@id":"https:\/\/motortaburo.com\/en\/san-pham\/bao-tay-suoi-am-kijima-gh07-120mm\/#primaryimage"},"thumbnailUrl":"https:\/\/motortaburo.com\/wp-content\/uploads\/2020\/11\/IMG_6549.jpg","datePublished":"2020-11-02T04:32:50+00:00","dateModified":"2026-01-22T11:05:56+00:00","breadcrumb":{"@id":"https:\/\/motortaburo.com\/en\/san-pham\/bao-tay-suoi-am-kijima-gh07-120mm\/#breadcrumb"},"inLanguage":"en-US","potentialAction":[{"@type":"ReadAction","target":["https:\/\/motortaburo.com\/en\/san-pham\/bao-tay-suoi-am-kijima-gh07-120mm\/"]}]},{"@type":"ImageObject","inLanguage":"en-US","@id":"https:\/\/motortaburo.com\/en\/san-pham\/bao-tay-suoi-am-kijima-gh07-120mm\/#primaryimage","url":"https:\/\/motortaburo.com\/wp-content\/uploads\/2020\/11\/IMG_6549.jpg","contentUrl":"https:\/\/motortaburo.com\/wp-content\/uploads\/2020\/11\/IMG_6549.jpg","width":1280,"height":1280},{"@type":"BreadcrumbList","@id":"https:\/\/motortaburo.com\/en\/san-pham\/bao-tay-suoi-am-kijima-gh07-120mm\/#breadcrumb","itemListElement":[{"@type":"ListItem","position":1,"name":"Home","item":"https:\/\/motortaburo.com\/en\/"},{"@type":"ListItem","position":2,"name":"\u0110\u1ed3 ch\u01a1i xe","item":"https:\/\/motortaburo.com\/do-choi-xe\/"},{"@type":"ListItem","position":3,"name":"Bao tay s\u01b0\u1edfi \u1ea5m Kijima GH07 120mm"}]},{"@type":"WebSite","@id":"https:\/\/motortaburo.com\/en\/#website","url":"https:\/\/motortaburo.com\/en\/","name":"Motor Taburo - Genuine Motorcycle Parts","description":"We sell Japanese motorcycle parts","publisher":{"@id":"https:\/\/motortaburo.com\/en\/#organization"},"alternateName":"Motor Taburo","potentialAction":[{"@type":"SearchAction","target":{"@type":"EntryPoint","urlTemplate":"https:\/\/motortaburo.com\/en\/?s={search_term_string}"},"query-input":{"@type":"PropertyValueSpecification","valueRequired":true,"valueName":"search_term_string"}}],"inLanguage":"en-US"},{"@type":"Organization","@id":"https:\/\/motortaburo.com\/en\/#organization","name":"Motor Taburo - Genuine Motorcycle Parts","url":"https:\/\/motortaburo.com\/en\/","logo":{"@type":"ImageObject","inLanguage":"en-US","@id":"https:\/\/motortaburo.com\/en\/#\/schema\/logo\/image\/","url":"https:\/\/motortaburo.com\/wp-content\/uploads\/2021\/04\/Motor-Taburo-logo-512.jpg","contentUrl":"https:\/\/motortaburo.com\/wp-content\/uploads\/2021\/04\/Motor-Taburo-logo-512.jpg","width":512,"height":512,"caption":"Motor Taburo - Genuine Motorcycle Parts"},"image":{"@id":"https:\/\/motortaburo.com\/en\/#\/schema\/logo\/image\/"},"sameAs":["https:\/\/www.facebook.com\/MotorTaburo"]}]},"product_price_amount":"4070000","product_price_currency":"VND","og_availability":"instock","product_availability":"instock","product_retailer_item_id":"304-8198","product_condition":"new"},"_links":{"self":[{"href":"https:\/\/motortaburo.com\/en\/wp-json\/wp\/v2\/product\/10345","targetHints":{"allow":["GET"]}}],"collection":[{"href":"https:\/\/motortaburo.com\/en\/wp-json\/wp\/v2\/product"}],"about":[{"href":"https:\/\/motortaburo.com\/en\/wp-json\/wp\/v2\/types\/product"}],"replies":[{"embeddable":true,"href":"https:\/\/motortaburo.com\/en\/wp-json\/wp\/v2\/comments?post=10345"}],"version-history":[{"count":0,"href":"https:\/\/motortaburo.com\/en\/wp-json\/wp\/v2\/product\/10345\/revisions"}],"wp:featuredmedia":[{"embeddable":true,"href":"https:\/\/motortaburo.com\/en\/wp-json\/wp\/v2\/media\/40365"}],"wp:attachment":[{"href":"https:\/\/motortaburo.com\/en\/wp-json\/wp\/v2\/media?parent=10345"}],"wp:term":[{"taxonomy":"product_brand","embeddable":true,"href":"https:\/\/motortaburo.com\/en\/wp-json\/wp\/v2\/product_brand?post=10345"},{"taxonomy":"product_cat","embeddable":true,"href":"https:\/\/motortaburo.com\/en\/wp-json\/wp\/v2\/product_cat?post=10345"},{"taxonomy":"product_tag","embeddable":true,"href":"https:\/\/motortaburo.com\/en\/wp-json\/wp\/v2\/product_tag?post=10345"},{"taxonomy":"danh-sach-xe","embeddable":true,"href":"https:\/\/motortaburo.com\/en\/wp-json\/wp\/v2\/danh-sach-xe?post=10345"}],"curies":[{"name":"wp","href":"https:\/\/api.w.org\/{rel}","templated":true}]}}