{"id":10387,"date":"2020-11-02T19:59:33","date_gmt":"2020-11-02T12:59:33","guid":{"rendered":"https:\/\/motortaburo.com\/?post_type=product&amp;p=10387"},"modified":"2026-01-22T18:07:29","modified_gmt":"2026-01-22T11:07:29","slug":"op-chan-thang-kijima-mau-ban-chan-dx","status":"publish","type":"product","link":"https:\/\/motortaburo.com\/en\/san-pham\/op-chan-thang-kijima-mau-ban-chan-dx\/","title":{"rendered":"\u1ed0p ch\u00e2n th\u1eafng Kijima m\u1eabu b\u00e0n ch\u00e2n DX"},"content":{"rendered":"","protected":false},"excerpt":{"rendered":"<p>\u1ed0p ch\u00e2n th\u1eafng Kijima h\u00ecnh b\u00e0n ch\u00e2n<\/p>\n<p>Ch\u1ea5t li\u1ec7u b\u1eb1ng nh\u00f4m Aluminum, xi b\u00f3ng. L\u00f3t cao su ph\u00eda m\u1eb7t tr\u00ean.<\/p>\n<p>V\u1edbi b\u1ea3n l\u1edbn gi\u00fap cho ch\u00e2n \u0111\u1ea1p th\u1eafng th\u00eam ph\u1ea7n ch\u1eafc ch\u1eafn.<\/p>\n<p>S\u1ea3n xu\u1ea5t t\u1ea1i Nh\u1eadt B\u1ea3n.<\/p>\n","protected":false},"featured_media":10372,"comment_status":"open","ping_status":"closed","template":"","meta":[],"product_brand":[],"product_cat":[143],"product_tag":[],"danh-sach-xe":[],"class_list":{"0":"post-10387","1":"product","2":"type-product","3":"status-publish","4":"has-post-thumbnail","6":"product_cat-can-so-chan-thang-gio-dap-gac-chan","8":"first","9":"instock","10":"shipping-taxable","11":"purchasable","12":"product-type-simple"},"yoast_head":"<!-- This site is optimized with the Yoast SEO Premium plugin v23.3 (Yoast SEO v27.0) - https:\/\/yoast.com\/product\/yoast-seo-premium-wordpress\/ -->\n<title>\u1ed0p ch\u00e2n th\u1eafng Kijima m\u1eabu b\u00e0n ch\u00e2n DX - Motor Taburo<\/title>\n<meta name=\"robots\" content=\"index, follow, max-snippet:-1, max-image-preview:large, max-video-preview:-1\" \/>\n<link rel=\"canonical\" href=\"https:\/\/motortaburo.com\/en\/san-pham\/op-chan-thang-kijima-mau-ban-chan-dx\/\" \/>\n<meta property=\"og:locale\" content=\"en_US\" \/>\n<meta property=\"og:type\" content=\"article\" \/>\n<meta property=\"og:title\" content=\"\u1ed0p ch\u00e2n th\u1eafng Kijima m\u1eabu b\u00e0n ch\u00e2n DX\" \/>\n<meta property=\"og:description\" content=\"\u1ed0p ch\u00e2n th\u1eafng Kijima h\u00ecnh b\u00e0n ch\u00e2n Ch\u1ea5t li\u1ec7u b\u1eb1ng nh\u00f4m Aluminum, xi b\u00f3ng. L\u00f3t cao su ph\u00eda m\u1eb7t tr\u00ean. V\u1edbi b\u1ea3n l\u1edbn gi\u00fap cho ch\u00e2n \u0111\u1ea1p th\u1eafng th\u00eam ph\u1ea7n ch\u1eafc ch\u1eafn. S\u1ea3n xu\u1ea5t t\u1ea1i Nh\u1eadt B\u1ea3n.\" \/>\n<meta property=\"og:url\" content=\"https:\/\/motortaburo.com\/en\/san-pham\/op-chan-thang-kijima-mau-ban-chan-dx\/\" \/>\n<meta property=\"og:site_name\" content=\"Motor Taburo - Genuine Motorcycle Parts\" \/>\n<meta property=\"article:publisher\" content=\"https:\/\/www.facebook.com\/MotorTaburo\" \/>\n<meta property=\"article:modified_time\" content=\"2026-01-22T11:07:29+00:00\" \/>\n<meta property=\"og:image\" content=\"https:\/\/motortaburo.com\/wp-content\/uploads\/2020\/11\/IMG_0304.jpg\" \/>\n\t<meta property=\"og:image:width\" content=\"960\" \/>\n\t<meta property=\"og:image:height\" content=\"960\" \/>\n\t<meta property=\"og:image:type\" content=\"image\/jpeg\" \/>\n<meta name=\"twitter:card\" content=\"summary_large_image\" \/>\n<meta name=\"twitter:label1\" content=\"Price\" \/>\n\t<meta name=\"twitter:data1\" content=\"790.000&nbsp;&#8363;\" \/>\n\t<meta name=\"twitter:label2\" content=\"Availability\" \/>\n\t<meta name=\"twitter:data2\" content=\"In stock\" \/>\n<script type=\"application\/ld+json\" class=\"yoast-schema-graph\">{\"@context\":\"https:\/\/schema.org\",\"@graph\":[{\"@type\":\"WebPage\",\"@id\":\"https:\/\/motortaburo.com\/en\/san-pham\/op-chan-thang-kijima-mau-ban-chan-dx\/\",\"url\":\"https:\/\/motortaburo.com\/en\/san-pham\/op-chan-thang-kijima-mau-ban-chan-dx\/\",\"name\":\"\u1ed0p ch\u00e2n th\u1eafng Kijima m\u1eabu b\u00e0n ch\u00e2n DX - Motor Taburo\",\"isPartOf\":{\"@id\":\"https:\/\/motortaburo.com\/en\/#website\"},\"primaryImageOfPage\":{\"@id\":\"https:\/\/motortaburo.com\/en\/san-pham\/op-chan-thang-kijima-mau-ban-chan-dx\/#primaryimage\"},\"image\":{\"@id\":\"https:\/\/motortaburo.com\/en\/san-pham\/op-chan-thang-kijima-mau-ban-chan-dx\/#primaryimage\"},\"thumbnailUrl\":\"https:\/\/motortaburo.com\/wp-content\/uploads\/2020\/11\/IMG_0304.jpg\",\"datePublished\":\"2020-11-02T12:59:33+00:00\",\"dateModified\":\"2026-01-22T11:07:29+00:00\",\"breadcrumb\":{\"@id\":\"https:\/\/motortaburo.com\/en\/san-pham\/op-chan-thang-kijima-mau-ban-chan-dx\/#breadcrumb\"},\"inLanguage\":\"en-US\",\"potentialAction\":[{\"@type\":\"ReadAction\",\"target\":[\"https:\/\/motortaburo.com\/en\/san-pham\/op-chan-thang-kijima-mau-ban-chan-dx\/\"]}]},{\"@type\":\"ImageObject\",\"inLanguage\":\"en-US\",\"@id\":\"https:\/\/motortaburo.com\/en\/san-pham\/op-chan-thang-kijima-mau-ban-chan-dx\/#primaryimage\",\"url\":\"https:\/\/motortaburo.com\/wp-content\/uploads\/2020\/11\/IMG_0304.jpg\",\"contentUrl\":\"https:\/\/motortaburo.com\/wp-content\/uploads\/2020\/11\/IMG_0304.jpg\",\"width\":960,\"height\":960},{\"@type\":\"BreadcrumbList\",\"@id\":\"https:\/\/motortaburo.com\/en\/san-pham\/op-chan-thang-kijima-mau-ban-chan-dx\/#breadcrumb\",\"itemListElement\":[{\"@type\":\"ListItem\",\"position\":1,\"name\":\"Home\",\"item\":\"https:\/\/motortaburo.com\/en\/\"},{\"@type\":\"ListItem\",\"position\":2,\"name\":\"\u0110\u1ed3 ch\u01a1i xe\",\"item\":\"https:\/\/motortaburo.com\/do-choi-xe\/\"},{\"@type\":\"ListItem\",\"position\":3,\"name\":\"\u1ed0p ch\u00e2n th\u1eafng Kijima m\u1eabu b\u00e0n ch\u00e2n DX\"}]},{\"@type\":\"WebSite\",\"@id\":\"https:\/\/motortaburo.com\/en\/#website\",\"url\":\"https:\/\/motortaburo.com\/en\/\",\"name\":\"Motor Taburo - Genuine Motorcycle Parts\",\"description\":\"We sell Japanese motorcycle parts\",\"publisher\":{\"@id\":\"https:\/\/motortaburo.com\/en\/#organization\"},\"alternateName\":\"Motor Taburo\",\"potentialAction\":[{\"@type\":\"SearchAction\",\"target\":{\"@type\":\"EntryPoint\",\"urlTemplate\":\"https:\/\/motortaburo.com\/en\/?s={search_term_string}\"},\"query-input\":{\"@type\":\"PropertyValueSpecification\",\"valueRequired\":true,\"valueName\":\"search_term_string\"}}],\"inLanguage\":\"en-US\"},{\"@type\":\"Organization\",\"@id\":\"https:\/\/motortaburo.com\/en\/#organization\",\"name\":\"Motor Taburo - Genuine Motorcycle Parts\",\"url\":\"https:\/\/motortaburo.com\/en\/\",\"logo\":{\"@type\":\"ImageObject\",\"inLanguage\":\"en-US\",\"@id\":\"https:\/\/motortaburo.com\/en\/#\/schema\/logo\/image\/\",\"url\":\"https:\/\/motortaburo.com\/wp-content\/uploads\/2021\/04\/Motor-Taburo-logo-512.jpg\",\"contentUrl\":\"https:\/\/motortaburo.com\/wp-content\/uploads\/2021\/04\/Motor-Taburo-logo-512.jpg\",\"width\":512,\"height\":512,\"caption\":\"Motor Taburo - Genuine Motorcycle Parts\"},\"image\":{\"@id\":\"https:\/\/motortaburo.com\/en\/#\/schema\/logo\/image\/\"},\"sameAs\":[\"https:\/\/www.facebook.com\/MotorTaburo\"]}]}<\/script>\n<meta property=\"product:price:amount\" content=\"790000\" \/>\n<meta property=\"product:price:currency\" content=\"VND\" \/>\n<meta property=\"og:availability\" content=\"instock\" \/>\n<meta property=\"product:availability\" content=\"instock\" \/>\n<meta property=\"product:retailer_item_id\" content=\"213-142\" \/>\n<meta property=\"product:condition\" content=\"new\" \/>\n<!-- \/ Yoast SEO Premium plugin. -->","yoast_head_json":{"title":"\u1ed0p ch\u00e2n th\u1eafng Kijima m\u1eabu b\u00e0n ch\u00e2n DX - Motor Taburo","robots":{"index":"index","follow":"follow","max-snippet":"max-snippet:-1","max-image-preview":"max-image-preview:large","max-video-preview":"max-video-preview:-1"},"canonical":"https:\/\/motortaburo.com\/en\/san-pham\/op-chan-thang-kijima-mau-ban-chan-dx\/","og_locale":"en_US","og_type":"article","og_title":"\u1ed0p ch\u00e2n th\u1eafng Kijima m\u1eabu b\u00e0n ch\u00e2n DX","og_description":"\u1ed0p ch\u00e2n th\u1eafng Kijima h\u00ecnh b\u00e0n ch\u00e2n Ch\u1ea5t li\u1ec7u b\u1eb1ng nh\u00f4m Aluminum, xi b\u00f3ng. L\u00f3t cao su ph\u00eda m\u1eb7t tr\u00ean. V\u1edbi b\u1ea3n l\u1edbn gi\u00fap cho ch\u00e2n \u0111\u1ea1p th\u1eafng th\u00eam ph\u1ea7n ch\u1eafc ch\u1eafn. S\u1ea3n xu\u1ea5t t\u1ea1i Nh\u1eadt B\u1ea3n.","og_url":"https:\/\/motortaburo.com\/en\/san-pham\/op-chan-thang-kijima-mau-ban-chan-dx\/","og_site_name":"Motor Taburo - Genuine Motorcycle Parts","article_publisher":"https:\/\/www.facebook.com\/MotorTaburo","article_modified_time":"2026-01-22T11:07:29+00:00","og_image":[{"width":960,"height":960,"url":"https:\/\/motortaburo.com\/wp-content\/uploads\/2020\/11\/IMG_0304.jpg","type":"image\/jpeg"}],"twitter_card":"summary_large_image","twitter_misc":{"Price":"790.000&nbsp;&#8363;","Availability":"In stock"},"schema":{"@context":"https:\/\/schema.org","@graph":[{"@type":"WebPage","@id":"https:\/\/motortaburo.com\/en\/san-pham\/op-chan-thang-kijima-mau-ban-chan-dx\/","url":"https:\/\/motortaburo.com\/en\/san-pham\/op-chan-thang-kijima-mau-ban-chan-dx\/","name":"\u1ed0p ch\u00e2n th\u1eafng Kijima m\u1eabu b\u00e0n ch\u00e2n DX - Motor Taburo","isPartOf":{"@id":"https:\/\/motortaburo.com\/en\/#website"},"primaryImageOfPage":{"@id":"https:\/\/motortaburo.com\/en\/san-pham\/op-chan-thang-kijima-mau-ban-chan-dx\/#primaryimage"},"image":{"@id":"https:\/\/motortaburo.com\/en\/san-pham\/op-chan-thang-kijima-mau-ban-chan-dx\/#primaryimage"},"thumbnailUrl":"https:\/\/motortaburo.com\/wp-content\/uploads\/2020\/11\/IMG_0304.jpg","datePublished":"2020-11-02T12:59:33+00:00","dateModified":"2026-01-22T11:07:29+00:00","breadcrumb":{"@id":"https:\/\/motortaburo.com\/en\/san-pham\/op-chan-thang-kijima-mau-ban-chan-dx\/#breadcrumb"},"inLanguage":"en-US","potentialAction":[{"@type":"ReadAction","target":["https:\/\/motortaburo.com\/en\/san-pham\/op-chan-thang-kijima-mau-ban-chan-dx\/"]}]},{"@type":"ImageObject","inLanguage":"en-US","@id":"https:\/\/motortaburo.com\/en\/san-pham\/op-chan-thang-kijima-mau-ban-chan-dx\/#primaryimage","url":"https:\/\/motortaburo.com\/wp-content\/uploads\/2020\/11\/IMG_0304.jpg","contentUrl":"https:\/\/motortaburo.com\/wp-content\/uploads\/2020\/11\/IMG_0304.jpg","width":960,"height":960},{"@type":"BreadcrumbList","@id":"https:\/\/motortaburo.com\/en\/san-pham\/op-chan-thang-kijima-mau-ban-chan-dx\/#breadcrumb","itemListElement":[{"@type":"ListItem","position":1,"name":"Home","item":"https:\/\/motortaburo.com\/en\/"},{"@type":"ListItem","position":2,"name":"\u0110\u1ed3 ch\u01a1i xe","item":"https:\/\/motortaburo.com\/do-choi-xe\/"},{"@type":"ListItem","position":3,"name":"\u1ed0p ch\u00e2n th\u1eafng Kijima m\u1eabu b\u00e0n ch\u00e2n DX"}]},{"@type":"WebSite","@id":"https:\/\/motortaburo.com\/en\/#website","url":"https:\/\/motortaburo.com\/en\/","name":"Motor Taburo - Genuine Motorcycle Parts","description":"We sell Japanese motorcycle parts","publisher":{"@id":"https:\/\/motortaburo.com\/en\/#organization"},"alternateName":"Motor Taburo","potentialAction":[{"@type":"SearchAction","target":{"@type":"EntryPoint","urlTemplate":"https:\/\/motortaburo.com\/en\/?s={search_term_string}"},"query-input":{"@type":"PropertyValueSpecification","valueRequired":true,"valueName":"search_term_string"}}],"inLanguage":"en-US"},{"@type":"Organization","@id":"https:\/\/motortaburo.com\/en\/#organization","name":"Motor Taburo - Genuine Motorcycle Parts","url":"https:\/\/motortaburo.com\/en\/","logo":{"@type":"ImageObject","inLanguage":"en-US","@id":"https:\/\/motortaburo.com\/en\/#\/schema\/logo\/image\/","url":"https:\/\/motortaburo.com\/wp-content\/uploads\/2021\/04\/Motor-Taburo-logo-512.jpg","contentUrl":"https:\/\/motortaburo.com\/wp-content\/uploads\/2021\/04\/Motor-Taburo-logo-512.jpg","width":512,"height":512,"caption":"Motor Taburo - Genuine Motorcycle Parts"},"image":{"@id":"https:\/\/motortaburo.com\/en\/#\/schema\/logo\/image\/"},"sameAs":["https:\/\/www.facebook.com\/MotorTaburo"]}]},"product_price_amount":"790000","product_price_currency":"VND","og_availability":"instock","product_availability":"instock","product_retailer_item_id":"213-142","product_condition":"new"},"_links":{"self":[{"href":"https:\/\/motortaburo.com\/en\/wp-json\/wp\/v2\/product\/10387","targetHints":{"allow":["GET"]}}],"collection":[{"href":"https:\/\/motortaburo.com\/en\/wp-json\/wp\/v2\/product"}],"about":[{"href":"https:\/\/motortaburo.com\/en\/wp-json\/wp\/v2\/types\/product"}],"replies":[{"embeddable":true,"href":"https:\/\/motortaburo.com\/en\/wp-json\/wp\/v2\/comments?post=10387"}],"version-history":[{"count":0,"href":"https:\/\/motortaburo.com\/en\/wp-json\/wp\/v2\/product\/10387\/revisions"}],"wp:featuredmedia":[{"embeddable":true,"href":"https:\/\/motortaburo.com\/en\/wp-json\/wp\/v2\/media\/10372"}],"wp:attachment":[{"href":"https:\/\/motortaburo.com\/en\/wp-json\/wp\/v2\/media?parent=10387"}],"wp:term":[{"taxonomy":"product_brand","embeddable":true,"href":"https:\/\/motortaburo.com\/en\/wp-json\/wp\/v2\/product_brand?post=10387"},{"taxonomy":"product_cat","embeddable":true,"href":"https:\/\/motortaburo.com\/en\/wp-json\/wp\/v2\/product_cat?post=10387"},{"taxonomy":"product_tag","embeddable":true,"href":"https:\/\/motortaburo.com\/en\/wp-json\/wp\/v2\/product_tag?post=10387"},{"taxonomy":"danh-sach-xe","embeddable":true,"href":"https:\/\/motortaburo.com\/en\/wp-json\/wp\/v2\/danh-sach-xe?post=10387"}],"curies":[{"name":"wp","href":"https:\/\/api.w.org\/{rel}","templated":true}]}}