{"id":10421,"date":"2020-11-03T18:59:46","date_gmt":"2020-11-03T11:59:46","guid":{"rendered":"https:\/\/motortaburo.com\/?post_type=product&amp;p=10421"},"modified":"2026-01-22T18:08:01","modified_gmt":"2026-01-22T11:08:01","slug":"tuyp-mo-bugi-kijima-loai-ngan-75mm","status":"publish","type":"product","link":"https:\/\/motortaburo.com\/en\/san-pham\/tuyp-mo-bugi-kijima-loai-ngan-75mm\/","title":{"rendered":"Tu\u00fdp m\u1edf bugi 10\/12\/14mm Kijima lo\u1ea1i ng\u1eafn 75mm"},"content":{"rendered":"","protected":false},"excerpt":{"rendered":"<p>Tu\u00fdp m\u1edf bugi Kijima lo\u1ea1i ng\u1eafn.<\/p>\n<p>Chi\u1ec1u d\u00e0i tu\u00fdp kho\u1ea3ng 75mm.<\/p>\n<p>C\u00f3 th\u1ec3 m\u1edf \u0111\u01b0\u1ee3c c\u00e1c bugi c\u00f3 ch\u00e2n ren 10mm, 12mm, 14mm t\u01b0\u01a1ng \u1ee9ng v\u1edbi \u1ed1ng 16mm, 18mm, 20.8mm.<\/p>\n<p>S\u1ea3n xu\u1ea5t t\u1ea1i Nh\u1eadt B\u1ea3n.<\/p>\n","protected":false},"featured_media":10408,"comment_status":"open","ping_status":"closed","template":"","meta":[],"product_brand":[],"product_cat":[113],"product_tag":[1035,1036],"danh-sach-xe":[],"class_list":{"0":"post-10421","1":"product","2":"type-product","3":"status-publish","4":"has-post-thumbnail","6":"product_cat-phu-kien","7":"product_tag-tuyp-bugi","8":"product_tag-tuyp-mo-bugi","10":"first","11":"outofstock","12":"shipping-taxable","13":"purchasable","14":"product-type-simple"},"yoast_head":"<!-- This site is optimized with the Yoast SEO Premium plugin v23.3 (Yoast SEO v27.0) - https:\/\/yoast.com\/product\/yoast-seo-premium-wordpress\/ -->\n<title>Tu\u00fdp m\u1edf bugi 10\/12\/14mm Kijima lo\u1ea1i ng\u1eafn 75mm - Motor Taburo<\/title>\n<meta name=\"robots\" content=\"index, follow, max-snippet:-1, max-image-preview:large, max-video-preview:-1\" \/>\n<link rel=\"canonical\" href=\"https:\/\/motortaburo.com\/en\/san-pham\/tuyp-mo-bugi-kijima-loai-ngan-75mm\/\" \/>\n<meta property=\"og:locale\" content=\"en_US\" \/>\n<meta property=\"og:type\" content=\"article\" \/>\n<meta property=\"og:title\" content=\"Tu\u00fdp m\u1edf bugi 10\/12\/14mm Kijima lo\u1ea1i ng\u1eafn 75mm\" \/>\n<meta property=\"og:description\" content=\"Tu\u00fdp m\u1edf bugi Kijima lo\u1ea1i ng\u1eafn. Chi\u1ec1u d\u00e0i tu\u00fdp kho\u1ea3ng 75mm. C\u00f3 th\u1ec3 m\u1edf \u0111\u01b0\u1ee3c c\u00e1c bugi c\u00f3 ch\u00e2n ren 10mm, 12mm, 14mm t\u01b0\u01a1ng \u1ee9ng v\u1edbi \u1ed1ng 16mm, 18mm, 20.8mm. S\u1ea3n xu\u1ea5t t\u1ea1i Nh\u1eadt B\u1ea3n.\" \/>\n<meta property=\"og:url\" content=\"https:\/\/motortaburo.com\/en\/san-pham\/tuyp-mo-bugi-kijima-loai-ngan-75mm\/\" \/>\n<meta property=\"og:site_name\" content=\"Motor Taburo - Genuine Motorcycle Parts\" \/>\n<meta property=\"article:publisher\" content=\"https:\/\/www.facebook.com\/MotorTaburo\" \/>\n<meta property=\"article:modified_time\" content=\"2026-01-22T11:08:01+00:00\" \/>\n<meta property=\"og:image\" content=\"https:\/\/motortaburo.com\/wp-content\/uploads\/2020\/11\/IMG_0338.jpg\" \/>\n\t<meta property=\"og:image:width\" content=\"960\" \/>\n\t<meta property=\"og:image:height\" content=\"960\" \/>\n\t<meta property=\"og:image:type\" content=\"image\/jpeg\" \/>\n<meta name=\"twitter:card\" content=\"summary_large_image\" \/>\n<meta name=\"twitter:label1\" content=\"Price\" \/>\n\t<meta name=\"twitter:data1\" content=\"180.000&nbsp;&#8363;\" \/>\n\t<meta name=\"twitter:label2\" content=\"Availability\" \/>\n\t<meta name=\"twitter:data2\" content=\"Out of stock\" \/>\n<script type=\"application\/ld+json\" class=\"yoast-schema-graph\">{\"@context\":\"https:\/\/schema.org\",\"@graph\":[{\"@type\":\"WebPage\",\"@id\":\"https:\/\/motortaburo.com\/en\/san-pham\/tuyp-mo-bugi-kijima-loai-ngan-75mm\/\",\"url\":\"https:\/\/motortaburo.com\/en\/san-pham\/tuyp-mo-bugi-kijima-loai-ngan-75mm\/\",\"name\":\"Tu\u00fdp m\u1edf bugi 10\/12\/14mm Kijima lo\u1ea1i ng\u1eafn 75mm - Motor Taburo\",\"isPartOf\":{\"@id\":\"https:\/\/motortaburo.com\/en\/#website\"},\"primaryImageOfPage\":{\"@id\":\"https:\/\/motortaburo.com\/en\/san-pham\/tuyp-mo-bugi-kijima-loai-ngan-75mm\/#primaryimage\"},\"image\":{\"@id\":\"https:\/\/motortaburo.com\/en\/san-pham\/tuyp-mo-bugi-kijima-loai-ngan-75mm\/#primaryimage\"},\"thumbnailUrl\":\"https:\/\/motortaburo.com\/wp-content\/uploads\/2020\/11\/IMG_0338.jpg\",\"datePublished\":\"2020-11-03T11:59:46+00:00\",\"dateModified\":\"2026-01-22T11:08:01+00:00\",\"breadcrumb\":{\"@id\":\"https:\/\/motortaburo.com\/en\/san-pham\/tuyp-mo-bugi-kijima-loai-ngan-75mm\/#breadcrumb\"},\"inLanguage\":\"en-US\",\"potentialAction\":[{\"@type\":\"ReadAction\",\"target\":[\"https:\/\/motortaburo.com\/en\/san-pham\/tuyp-mo-bugi-kijima-loai-ngan-75mm\/\"]}]},{\"@type\":\"ImageObject\",\"inLanguage\":\"en-US\",\"@id\":\"https:\/\/motortaburo.com\/en\/san-pham\/tuyp-mo-bugi-kijima-loai-ngan-75mm\/#primaryimage\",\"url\":\"https:\/\/motortaburo.com\/wp-content\/uploads\/2020\/11\/IMG_0338.jpg\",\"contentUrl\":\"https:\/\/motortaburo.com\/wp-content\/uploads\/2020\/11\/IMG_0338.jpg\",\"width\":960,\"height\":960},{\"@type\":\"BreadcrumbList\",\"@id\":\"https:\/\/motortaburo.com\/en\/san-pham\/tuyp-mo-bugi-kijima-loai-ngan-75mm\/#breadcrumb\",\"itemListElement\":[{\"@type\":\"ListItem\",\"position\":1,\"name\":\"Home\",\"item\":\"https:\/\/motortaburo.com\/en\/\"},{\"@type\":\"ListItem\",\"position\":2,\"name\":\"\u0110\u1ed3 ch\u01a1i xe\",\"item\":\"https:\/\/motortaburo.com\/do-choi-xe\/\"},{\"@type\":\"ListItem\",\"position\":3,\"name\":\"Tu\u00fdp m\u1edf bugi 10\/12\/14mm Kijima lo\u1ea1i ng\u1eafn 75mm\"}]},{\"@type\":\"WebSite\",\"@id\":\"https:\/\/motortaburo.com\/en\/#website\",\"url\":\"https:\/\/motortaburo.com\/en\/\",\"name\":\"Motor Taburo - Genuine Motorcycle Parts\",\"description\":\"We sell Japanese motorcycle parts\",\"publisher\":{\"@id\":\"https:\/\/motortaburo.com\/en\/#organization\"},\"alternateName\":\"Motor Taburo\",\"potentialAction\":[{\"@type\":\"SearchAction\",\"target\":{\"@type\":\"EntryPoint\",\"urlTemplate\":\"https:\/\/motortaburo.com\/en\/?s={search_term_string}\"},\"query-input\":{\"@type\":\"PropertyValueSpecification\",\"valueRequired\":true,\"valueName\":\"search_term_string\"}}],\"inLanguage\":\"en-US\"},{\"@type\":\"Organization\",\"@id\":\"https:\/\/motortaburo.com\/en\/#organization\",\"name\":\"Motor Taburo - Genuine Motorcycle Parts\",\"url\":\"https:\/\/motortaburo.com\/en\/\",\"logo\":{\"@type\":\"ImageObject\",\"inLanguage\":\"en-US\",\"@id\":\"https:\/\/motortaburo.com\/en\/#\/schema\/logo\/image\/\",\"url\":\"https:\/\/motortaburo.com\/wp-content\/uploads\/2021\/04\/Motor-Taburo-logo-512.jpg\",\"contentUrl\":\"https:\/\/motortaburo.com\/wp-content\/uploads\/2021\/04\/Motor-Taburo-logo-512.jpg\",\"width\":512,\"height\":512,\"caption\":\"Motor Taburo - Genuine Motorcycle Parts\"},\"image\":{\"@id\":\"https:\/\/motortaburo.com\/en\/#\/schema\/logo\/image\/\"},\"sameAs\":[\"https:\/\/www.facebook.com\/MotorTaburo\"]}]}<\/script>\n<meta property=\"product:price:amount\" content=\"180000\" \/>\n<meta property=\"product:price:currency\" content=\"VND\" \/>\n<meta property=\"og:availability\" content=\"out of stock\" \/>\n<meta property=\"product:availability\" content=\"out of stock\" \/>\n<meta property=\"product:retailer_item_id\" content=\"302-002\" \/>\n<meta property=\"product:condition\" content=\"new\" \/>\n<!-- \/ Yoast SEO Premium plugin. -->","yoast_head_json":{"title":"Tu\u00fdp m\u1edf bugi 10\/12\/14mm Kijima lo\u1ea1i ng\u1eafn 75mm - Motor Taburo","robots":{"index":"index","follow":"follow","max-snippet":"max-snippet:-1","max-image-preview":"max-image-preview:large","max-video-preview":"max-video-preview:-1"},"canonical":"https:\/\/motortaburo.com\/en\/san-pham\/tuyp-mo-bugi-kijima-loai-ngan-75mm\/","og_locale":"en_US","og_type":"article","og_title":"Tu\u00fdp m\u1edf bugi 10\/12\/14mm Kijima lo\u1ea1i ng\u1eafn 75mm","og_description":"Tu\u00fdp m\u1edf bugi Kijima lo\u1ea1i ng\u1eafn. Chi\u1ec1u d\u00e0i tu\u00fdp kho\u1ea3ng 75mm. C\u00f3 th\u1ec3 m\u1edf \u0111\u01b0\u1ee3c c\u00e1c bugi c\u00f3 ch\u00e2n ren 10mm, 12mm, 14mm t\u01b0\u01a1ng \u1ee9ng v\u1edbi \u1ed1ng 16mm, 18mm, 20.8mm. S\u1ea3n xu\u1ea5t t\u1ea1i Nh\u1eadt B\u1ea3n.","og_url":"https:\/\/motortaburo.com\/en\/san-pham\/tuyp-mo-bugi-kijima-loai-ngan-75mm\/","og_site_name":"Motor Taburo - Genuine Motorcycle Parts","article_publisher":"https:\/\/www.facebook.com\/MotorTaburo","article_modified_time":"2026-01-22T11:08:01+00:00","og_image":[{"width":960,"height":960,"url":"https:\/\/motortaburo.com\/wp-content\/uploads\/2020\/11\/IMG_0338.jpg","type":"image\/jpeg"}],"twitter_card":"summary_large_image","twitter_misc":{"Price":"180.000&nbsp;&#8363;","Availability":"Out of stock"},"schema":{"@context":"https:\/\/schema.org","@graph":[{"@type":"WebPage","@id":"https:\/\/motortaburo.com\/en\/san-pham\/tuyp-mo-bugi-kijima-loai-ngan-75mm\/","url":"https:\/\/motortaburo.com\/en\/san-pham\/tuyp-mo-bugi-kijima-loai-ngan-75mm\/","name":"Tu\u00fdp m\u1edf bugi 10\/12\/14mm Kijima lo\u1ea1i ng\u1eafn 75mm - Motor Taburo","isPartOf":{"@id":"https:\/\/motortaburo.com\/en\/#website"},"primaryImageOfPage":{"@id":"https:\/\/motortaburo.com\/en\/san-pham\/tuyp-mo-bugi-kijima-loai-ngan-75mm\/#primaryimage"},"image":{"@id":"https:\/\/motortaburo.com\/en\/san-pham\/tuyp-mo-bugi-kijima-loai-ngan-75mm\/#primaryimage"},"thumbnailUrl":"https:\/\/motortaburo.com\/wp-content\/uploads\/2020\/11\/IMG_0338.jpg","datePublished":"2020-11-03T11:59:46+00:00","dateModified":"2026-01-22T11:08:01+00:00","breadcrumb":{"@id":"https:\/\/motortaburo.com\/en\/san-pham\/tuyp-mo-bugi-kijima-loai-ngan-75mm\/#breadcrumb"},"inLanguage":"en-US","potentialAction":[{"@type":"ReadAction","target":["https:\/\/motortaburo.com\/en\/san-pham\/tuyp-mo-bugi-kijima-loai-ngan-75mm\/"]}]},{"@type":"ImageObject","inLanguage":"en-US","@id":"https:\/\/motortaburo.com\/en\/san-pham\/tuyp-mo-bugi-kijima-loai-ngan-75mm\/#primaryimage","url":"https:\/\/motortaburo.com\/wp-content\/uploads\/2020\/11\/IMG_0338.jpg","contentUrl":"https:\/\/motortaburo.com\/wp-content\/uploads\/2020\/11\/IMG_0338.jpg","width":960,"height":960},{"@type":"BreadcrumbList","@id":"https:\/\/motortaburo.com\/en\/san-pham\/tuyp-mo-bugi-kijima-loai-ngan-75mm\/#breadcrumb","itemListElement":[{"@type":"ListItem","position":1,"name":"Home","item":"https:\/\/motortaburo.com\/en\/"},{"@type":"ListItem","position":2,"name":"\u0110\u1ed3 ch\u01a1i xe","item":"https:\/\/motortaburo.com\/do-choi-xe\/"},{"@type":"ListItem","position":3,"name":"Tu\u00fdp m\u1edf bugi 10\/12\/14mm Kijima lo\u1ea1i ng\u1eafn 75mm"}]},{"@type":"WebSite","@id":"https:\/\/motortaburo.com\/en\/#website","url":"https:\/\/motortaburo.com\/en\/","name":"Motor Taburo - Genuine Motorcycle Parts","description":"We sell Japanese motorcycle parts","publisher":{"@id":"https:\/\/motortaburo.com\/en\/#organization"},"alternateName":"Motor Taburo","potentialAction":[{"@type":"SearchAction","target":{"@type":"EntryPoint","urlTemplate":"https:\/\/motortaburo.com\/en\/?s={search_term_string}"},"query-input":{"@type":"PropertyValueSpecification","valueRequired":true,"valueName":"search_term_string"}}],"inLanguage":"en-US"},{"@type":"Organization","@id":"https:\/\/motortaburo.com\/en\/#organization","name":"Motor Taburo - Genuine Motorcycle Parts","url":"https:\/\/motortaburo.com\/en\/","logo":{"@type":"ImageObject","inLanguage":"en-US","@id":"https:\/\/motortaburo.com\/en\/#\/schema\/logo\/image\/","url":"https:\/\/motortaburo.com\/wp-content\/uploads\/2021\/04\/Motor-Taburo-logo-512.jpg","contentUrl":"https:\/\/motortaburo.com\/wp-content\/uploads\/2021\/04\/Motor-Taburo-logo-512.jpg","width":512,"height":512,"caption":"Motor Taburo - Genuine Motorcycle Parts"},"image":{"@id":"https:\/\/motortaburo.com\/en\/#\/schema\/logo\/image\/"},"sameAs":["https:\/\/www.facebook.com\/MotorTaburo"]}]},"product_price_amount":"180000","product_price_currency":"VND","og_availability":"out of stock","product_availability":"out of stock","product_retailer_item_id":"302-002","product_condition":"new"},"_links":{"self":[{"href":"https:\/\/motortaburo.com\/en\/wp-json\/wp\/v2\/product\/10421","targetHints":{"allow":["GET"]}}],"collection":[{"href":"https:\/\/motortaburo.com\/en\/wp-json\/wp\/v2\/product"}],"about":[{"href":"https:\/\/motortaburo.com\/en\/wp-json\/wp\/v2\/types\/product"}],"replies":[{"embeddable":true,"href":"https:\/\/motortaburo.com\/en\/wp-json\/wp\/v2\/comments?post=10421"}],"version-history":[{"count":0,"href":"https:\/\/motortaburo.com\/en\/wp-json\/wp\/v2\/product\/10421\/revisions"}],"wp:featuredmedia":[{"embeddable":true,"href":"https:\/\/motortaburo.com\/en\/wp-json\/wp\/v2\/media\/10408"}],"wp:attachment":[{"href":"https:\/\/motortaburo.com\/en\/wp-json\/wp\/v2\/media?parent=10421"}],"wp:term":[{"taxonomy":"product_brand","embeddable":true,"href":"https:\/\/motortaburo.com\/en\/wp-json\/wp\/v2\/product_brand?post=10421"},{"taxonomy":"product_cat","embeddable":true,"href":"https:\/\/motortaburo.com\/en\/wp-json\/wp\/v2\/product_cat?post=10421"},{"taxonomy":"product_tag","embeddable":true,"href":"https:\/\/motortaburo.com\/en\/wp-json\/wp\/v2\/product_tag?post=10421"},{"taxonomy":"danh-sach-xe","embeddable":true,"href":"https:\/\/motortaburo.com\/en\/wp-json\/wp\/v2\/danh-sach-xe?post=10421"}],"curies":[{"name":"wp","href":"https:\/\/api.w.org\/{rel}","templated":true}]}}