{"id":10624,"date":"2020-11-21T19:11:23","date_gmt":"2020-11-21T12:11:23","guid":{"rendered":"https:\/\/motortaburo.com\/?post_type=product&amp;p=10624"},"modified":"2026-01-22T18:07:08","modified_gmt":"2026-01-22T11:07:08","slug":"logo-phuoc-truoc-cd125-benly-cm-250-la-250","status":"publish","type":"product","link":"https:\/\/motortaburo.com\/en\/san-pham\/logo-phuoc-truoc-cd125-benly-cm-250-la-250\/","title":{"rendered":"Logo Honda phu\u1ed9c tr\u01b0\u1edbc CD125 Benly, CM 250, LA 250"},"content":{"rendered":"","protected":false},"excerpt":{"rendered":"<p>Set b\u00e1n: 1 c\u00e1i.<\/p>\n<p>Logo Honda phu\u1ed9c tr\u01b0\u1edbc CD125 Benly, CM 250, LA 250.<\/p>\n<p>H\u00e0ng ch\u00ednh h\u00e3ng Honda.<\/p>\n<p>S\u1ea3n xu\u1ea5t t\u1ea1i Nh\u1eadt B\u1ea3n.<\/p>\n<p>C\u00f3 th\u1ec3 ch\u1ebf cho Monkey 50, CD50, CL50.<\/p>\n<p>\u0110\u1ec3 g\u1eafn Logo n\u00e0y, c\u1ea7n ph\u1ea3i c\u00f3 th\u00eam p\u00e1t s\u1eaft v\u00e0 2 ch\u1ed1t cao su.<\/p>\n","protected":false},"featured_media":10606,"comment_status":"open","ping_status":"closed","template":"","meta":[],"product_brand":[],"product_cat":[94],"product_tag":[1057,1058,1059,83],"danh-sach-xe":[],"class_list":{"0":"post-10624","1":"product","2":"type-product","3":"status-publish","4":"has-post-thumbnail","6":"product_cat-logo-tem","7":"product_tag-logo-honda","8":"product_tag-logo-honda-cd125","9":"product_tag-logo-honda-phuoc-truoc-cd125","10":"product_tag-woocommerce","12":"first","13":"outofstock","14":"shipping-taxable","15":"purchasable","16":"product-type-simple"},"yoast_head":"<!-- This site is optimized with the Yoast SEO Premium plugin v23.3 (Yoast SEO v27.0) - https:\/\/yoast.com\/product\/yoast-seo-premium-wordpress\/ -->\n<title>Logo Honda phu\u1ed9c tr\u01b0\u1edbc CD125 Benly, CM 250, LA 250 - Motor Taburo<\/title>\n<meta name=\"robots\" content=\"index, follow, max-snippet:-1, max-image-preview:large, max-video-preview:-1\" \/>\n<link rel=\"canonical\" href=\"https:\/\/motortaburo.com\/en\/san-pham\/logo-phuoc-truoc-cd125-benly-cm-250-la-250\/\" \/>\n<meta property=\"og:locale\" content=\"en_US\" \/>\n<meta property=\"og:type\" content=\"article\" \/>\n<meta property=\"og:title\" content=\"Logo Honda phu\u1ed9c tr\u01b0\u1edbc CD125 Benly, CM 250, LA 250\" \/>\n<meta property=\"og:description\" content=\"Set b\u00e1n: 1 c\u00e1i. Logo Honda phu\u1ed9c tr\u01b0\u1edbc CD125 Benly, CM 250, LA 250. H\u00e0ng ch\u00ednh h\u00e3ng Honda. S\u1ea3n xu\u1ea5t t\u1ea1i Nh\u1eadt B\u1ea3n. C\u00f3 th\u1ec3 ch\u1ebf cho Monkey 50, CD50, CL50. \u0110\u1ec3 g\u1eafn Logo n\u00e0y, c\u1ea7n ph\u1ea3i c\u00f3 th\u00eam p\u00e1t s\u1eaft v\u00e0 2 ch\u1ed1t cao su.\" \/>\n<meta property=\"og:url\" content=\"https:\/\/motortaburo.com\/en\/san-pham\/logo-phuoc-truoc-cd125-benly-cm-250-la-250\/\" \/>\n<meta property=\"og:site_name\" content=\"Motor Taburo - Genuine Motorcycle Parts\" \/>\n<meta property=\"article:publisher\" content=\"https:\/\/www.facebook.com\/MotorTaburo\" \/>\n<meta property=\"article:modified_time\" content=\"2026-01-22T11:07:08+00:00\" \/>\n<meta property=\"og:image\" content=\"https:\/\/motortaburo.com\/wp-content\/uploads\/2020\/11\/IMG_0583.jpg\" \/>\n\t<meta property=\"og:image:width\" content=\"960\" \/>\n\t<meta property=\"og:image:height\" content=\"960\" \/>\n\t<meta property=\"og:image:type\" content=\"image\/jpeg\" \/>\n<meta name=\"twitter:card\" content=\"summary_large_image\" \/>\n<meta name=\"twitter:label1\" content=\"Price\" \/>\n\t<meta name=\"twitter:data1\" content=\"980.000&nbsp;&#8363;\" \/>\n\t<meta name=\"twitter:label2\" content=\"Availability\" \/>\n\t<meta name=\"twitter:data2\" content=\"Out of stock\" \/>\n<script type=\"application\/ld+json\" class=\"yoast-schema-graph\">{\"@context\":\"https:\/\/schema.org\",\"@graph\":[{\"@type\":\"WebPage\",\"@id\":\"https:\/\/motortaburo.com\/en\/san-pham\/logo-phuoc-truoc-cd125-benly-cm-250-la-250\/\",\"url\":\"https:\/\/motortaburo.com\/en\/san-pham\/logo-phuoc-truoc-cd125-benly-cm-250-la-250\/\",\"name\":\"Logo Honda phu\u1ed9c tr\u01b0\u1edbc CD125 Benly, CM 250, LA 250 - Motor Taburo\",\"isPartOf\":{\"@id\":\"https:\/\/motortaburo.com\/en\/#website\"},\"primaryImageOfPage\":{\"@id\":\"https:\/\/motortaburo.com\/en\/san-pham\/logo-phuoc-truoc-cd125-benly-cm-250-la-250\/#primaryimage\"},\"image\":{\"@id\":\"https:\/\/motortaburo.com\/en\/san-pham\/logo-phuoc-truoc-cd125-benly-cm-250-la-250\/#primaryimage\"},\"thumbnailUrl\":\"https:\/\/motortaburo.com\/wp-content\/uploads\/2020\/11\/IMG_0583.jpg\",\"datePublished\":\"2020-11-21T12:11:23+00:00\",\"dateModified\":\"2026-01-22T11:07:08+00:00\",\"breadcrumb\":{\"@id\":\"https:\/\/motortaburo.com\/en\/san-pham\/logo-phuoc-truoc-cd125-benly-cm-250-la-250\/#breadcrumb\"},\"inLanguage\":\"en-US\",\"potentialAction\":[{\"@type\":\"ReadAction\",\"target\":[\"https:\/\/motortaburo.com\/en\/san-pham\/logo-phuoc-truoc-cd125-benly-cm-250-la-250\/\"]}]},{\"@type\":\"ImageObject\",\"inLanguage\":\"en-US\",\"@id\":\"https:\/\/motortaburo.com\/en\/san-pham\/logo-phuoc-truoc-cd125-benly-cm-250-la-250\/#primaryimage\",\"url\":\"https:\/\/motortaburo.com\/wp-content\/uploads\/2020\/11\/IMG_0583.jpg\",\"contentUrl\":\"https:\/\/motortaburo.com\/wp-content\/uploads\/2020\/11\/IMG_0583.jpg\",\"width\":960,\"height\":960},{\"@type\":\"BreadcrumbList\",\"@id\":\"https:\/\/motortaburo.com\/en\/san-pham\/logo-phuoc-truoc-cd125-benly-cm-250-la-250\/#breadcrumb\",\"itemListElement\":[{\"@type\":\"ListItem\",\"position\":1,\"name\":\"Home\",\"item\":\"https:\/\/motortaburo.com\/en\/\"},{\"@type\":\"ListItem\",\"position\":2,\"name\":\"\u0110\u1ed3 ch\u01a1i xe\",\"item\":\"https:\/\/motortaburo.com\/do-choi-xe\/\"},{\"@type\":\"ListItem\",\"position\":3,\"name\":\"Logo Honda phu\u1ed9c tr\u01b0\u1edbc CD125 Benly, CM 250, LA 250\"}]},{\"@type\":\"WebSite\",\"@id\":\"https:\/\/motortaburo.com\/en\/#website\",\"url\":\"https:\/\/motortaburo.com\/en\/\",\"name\":\"Motor Taburo - Genuine Motorcycle Parts\",\"description\":\"We sell Japanese motorcycle parts\",\"publisher\":{\"@id\":\"https:\/\/motortaburo.com\/en\/#organization\"},\"alternateName\":\"Motor Taburo\",\"potentialAction\":[{\"@type\":\"SearchAction\",\"target\":{\"@type\":\"EntryPoint\",\"urlTemplate\":\"https:\/\/motortaburo.com\/en\/?s={search_term_string}\"},\"query-input\":{\"@type\":\"PropertyValueSpecification\",\"valueRequired\":true,\"valueName\":\"search_term_string\"}}],\"inLanguage\":\"en-US\"},{\"@type\":\"Organization\",\"@id\":\"https:\/\/motortaburo.com\/en\/#organization\",\"name\":\"Motor Taburo - Genuine Motorcycle Parts\",\"url\":\"https:\/\/motortaburo.com\/en\/\",\"logo\":{\"@type\":\"ImageObject\",\"inLanguage\":\"en-US\",\"@id\":\"https:\/\/motortaburo.com\/en\/#\/schema\/logo\/image\/\",\"url\":\"https:\/\/motortaburo.com\/wp-content\/uploads\/2021\/04\/Motor-Taburo-logo-512.jpg\",\"contentUrl\":\"https:\/\/motortaburo.com\/wp-content\/uploads\/2021\/04\/Motor-Taburo-logo-512.jpg\",\"width\":512,\"height\":512,\"caption\":\"Motor Taburo - Genuine Motorcycle Parts\"},\"image\":{\"@id\":\"https:\/\/motortaburo.com\/en\/#\/schema\/logo\/image\/\"},\"sameAs\":[\"https:\/\/www.facebook.com\/MotorTaburo\"]}]}<\/script>\n<meta property=\"product:price:amount\" content=\"980000\" \/>\n<meta property=\"product:price:currency\" content=\"VND\" \/>\n<meta property=\"og:availability\" content=\"out of stock\" \/>\n<meta property=\"product:availability\" content=\"out of stock\" \/>\n<meta property=\"product:retailer_item_id\" content=\"61401-KB4-000\" \/>\n<meta property=\"product:condition\" content=\"new\" \/>\n<!-- \/ Yoast SEO Premium plugin. -->","yoast_head_json":{"title":"Logo Honda phu\u1ed9c tr\u01b0\u1edbc CD125 Benly, CM 250, LA 250 - Motor Taburo","robots":{"index":"index","follow":"follow","max-snippet":"max-snippet:-1","max-image-preview":"max-image-preview:large","max-video-preview":"max-video-preview:-1"},"canonical":"https:\/\/motortaburo.com\/en\/san-pham\/logo-phuoc-truoc-cd125-benly-cm-250-la-250\/","og_locale":"en_US","og_type":"article","og_title":"Logo Honda phu\u1ed9c tr\u01b0\u1edbc CD125 Benly, CM 250, LA 250","og_description":"Set b\u00e1n: 1 c\u00e1i. Logo Honda phu\u1ed9c tr\u01b0\u1edbc CD125 Benly, CM 250, LA 250. H\u00e0ng ch\u00ednh h\u00e3ng Honda. S\u1ea3n xu\u1ea5t t\u1ea1i Nh\u1eadt B\u1ea3n. C\u00f3 th\u1ec3 ch\u1ebf cho Monkey 50, CD50, CL50. \u0110\u1ec3 g\u1eafn Logo n\u00e0y, c\u1ea7n ph\u1ea3i c\u00f3 th\u00eam p\u00e1t s\u1eaft v\u00e0 2 ch\u1ed1t cao su.","og_url":"https:\/\/motortaburo.com\/en\/san-pham\/logo-phuoc-truoc-cd125-benly-cm-250-la-250\/","og_site_name":"Motor Taburo - Genuine Motorcycle Parts","article_publisher":"https:\/\/www.facebook.com\/MotorTaburo","article_modified_time":"2026-01-22T11:07:08+00:00","og_image":[{"width":960,"height":960,"url":"https:\/\/motortaburo.com\/wp-content\/uploads\/2020\/11\/IMG_0583.jpg","type":"image\/jpeg"}],"twitter_card":"summary_large_image","twitter_misc":{"Price":"980.000&nbsp;&#8363;","Availability":"Out of stock"},"schema":{"@context":"https:\/\/schema.org","@graph":[{"@type":"WebPage","@id":"https:\/\/motortaburo.com\/en\/san-pham\/logo-phuoc-truoc-cd125-benly-cm-250-la-250\/","url":"https:\/\/motortaburo.com\/en\/san-pham\/logo-phuoc-truoc-cd125-benly-cm-250-la-250\/","name":"Logo Honda phu\u1ed9c tr\u01b0\u1edbc CD125 Benly, CM 250, LA 250 - Motor Taburo","isPartOf":{"@id":"https:\/\/motortaburo.com\/en\/#website"},"primaryImageOfPage":{"@id":"https:\/\/motortaburo.com\/en\/san-pham\/logo-phuoc-truoc-cd125-benly-cm-250-la-250\/#primaryimage"},"image":{"@id":"https:\/\/motortaburo.com\/en\/san-pham\/logo-phuoc-truoc-cd125-benly-cm-250-la-250\/#primaryimage"},"thumbnailUrl":"https:\/\/motortaburo.com\/wp-content\/uploads\/2020\/11\/IMG_0583.jpg","datePublished":"2020-11-21T12:11:23+00:00","dateModified":"2026-01-22T11:07:08+00:00","breadcrumb":{"@id":"https:\/\/motortaburo.com\/en\/san-pham\/logo-phuoc-truoc-cd125-benly-cm-250-la-250\/#breadcrumb"},"inLanguage":"en-US","potentialAction":[{"@type":"ReadAction","target":["https:\/\/motortaburo.com\/en\/san-pham\/logo-phuoc-truoc-cd125-benly-cm-250-la-250\/"]}]},{"@type":"ImageObject","inLanguage":"en-US","@id":"https:\/\/motortaburo.com\/en\/san-pham\/logo-phuoc-truoc-cd125-benly-cm-250-la-250\/#primaryimage","url":"https:\/\/motortaburo.com\/wp-content\/uploads\/2020\/11\/IMG_0583.jpg","contentUrl":"https:\/\/motortaburo.com\/wp-content\/uploads\/2020\/11\/IMG_0583.jpg","width":960,"height":960},{"@type":"BreadcrumbList","@id":"https:\/\/motortaburo.com\/en\/san-pham\/logo-phuoc-truoc-cd125-benly-cm-250-la-250\/#breadcrumb","itemListElement":[{"@type":"ListItem","position":1,"name":"Home","item":"https:\/\/motortaburo.com\/en\/"},{"@type":"ListItem","position":2,"name":"\u0110\u1ed3 ch\u01a1i xe","item":"https:\/\/motortaburo.com\/do-choi-xe\/"},{"@type":"ListItem","position":3,"name":"Logo Honda phu\u1ed9c tr\u01b0\u1edbc CD125 Benly, CM 250, LA 250"}]},{"@type":"WebSite","@id":"https:\/\/motortaburo.com\/en\/#website","url":"https:\/\/motortaburo.com\/en\/","name":"Motor Taburo - Genuine Motorcycle Parts","description":"We sell Japanese motorcycle parts","publisher":{"@id":"https:\/\/motortaburo.com\/en\/#organization"},"alternateName":"Motor Taburo","potentialAction":[{"@type":"SearchAction","target":{"@type":"EntryPoint","urlTemplate":"https:\/\/motortaburo.com\/en\/?s={search_term_string}"},"query-input":{"@type":"PropertyValueSpecification","valueRequired":true,"valueName":"search_term_string"}}],"inLanguage":"en-US"},{"@type":"Organization","@id":"https:\/\/motortaburo.com\/en\/#organization","name":"Motor Taburo - Genuine Motorcycle Parts","url":"https:\/\/motortaburo.com\/en\/","logo":{"@type":"ImageObject","inLanguage":"en-US","@id":"https:\/\/motortaburo.com\/en\/#\/schema\/logo\/image\/","url":"https:\/\/motortaburo.com\/wp-content\/uploads\/2021\/04\/Motor-Taburo-logo-512.jpg","contentUrl":"https:\/\/motortaburo.com\/wp-content\/uploads\/2021\/04\/Motor-Taburo-logo-512.jpg","width":512,"height":512,"caption":"Motor Taburo - Genuine Motorcycle Parts"},"image":{"@id":"https:\/\/motortaburo.com\/en\/#\/schema\/logo\/image\/"},"sameAs":["https:\/\/www.facebook.com\/MotorTaburo"]}]},"product_price_amount":"980000","product_price_currency":"VND","og_availability":"out of stock","product_availability":"out of stock","product_retailer_item_id":"61401-KB4-000","product_condition":"new"},"_links":{"self":[{"href":"https:\/\/motortaburo.com\/en\/wp-json\/wp\/v2\/product\/10624","targetHints":{"allow":["GET"]}}],"collection":[{"href":"https:\/\/motortaburo.com\/en\/wp-json\/wp\/v2\/product"}],"about":[{"href":"https:\/\/motortaburo.com\/en\/wp-json\/wp\/v2\/types\/product"}],"replies":[{"embeddable":true,"href":"https:\/\/motortaburo.com\/en\/wp-json\/wp\/v2\/comments?post=10624"}],"version-history":[{"count":0,"href":"https:\/\/motortaburo.com\/en\/wp-json\/wp\/v2\/product\/10624\/revisions"}],"wp:featuredmedia":[{"embeddable":true,"href":"https:\/\/motortaburo.com\/en\/wp-json\/wp\/v2\/media\/10606"}],"wp:attachment":[{"href":"https:\/\/motortaburo.com\/en\/wp-json\/wp\/v2\/media?parent=10624"}],"wp:term":[{"taxonomy":"product_brand","embeddable":true,"href":"https:\/\/motortaburo.com\/en\/wp-json\/wp\/v2\/product_brand?post=10624"},{"taxonomy":"product_cat","embeddable":true,"href":"https:\/\/motortaburo.com\/en\/wp-json\/wp\/v2\/product_cat?post=10624"},{"taxonomy":"product_tag","embeddable":true,"href":"https:\/\/motortaburo.com\/en\/wp-json\/wp\/v2\/product_tag?post=10624"},{"taxonomy":"danh-sach-xe","embeddable":true,"href":"https:\/\/motortaburo.com\/en\/wp-json\/wp\/v2\/danh-sach-xe?post=10624"}],"curies":[{"name":"wp","href":"https:\/\/api.w.org\/{rel}","templated":true}]}}