{"id":10888,"date":"2020-11-28T12:47:50","date_gmt":"2020-11-28T12:47:50","guid":{"rendered":"https:\/\/motortaburo.com\/?post_type=product&#038;p=10888"},"modified":"2026-01-22T18:06:45","modified_gmt":"2026-01-22T11:06:45","slug":"den-led-chieu-sang-bien-so-kijima","status":"publish","type":"product","link":"https:\/\/motortaburo.com\/en\/san-pham\/den-led-chieu-sang-bien-so-kijima\/","title":{"rendered":"\u0110\u00e8n led chi\u1ebfu s\u00e1ng bi\u1ec3n s\u1ed1 Kijima"},"content":{"rendered":"<p>\u00c1nh s\u00e1ng chi\u1ebfu x\u1ea1 r\u1ea5t r\u1ed9ng ngay c\u1ea3 khi \u0111\u1eb7t trong kh\u00f4ng gian h\u1eb9p.<\/p>\n","protected":false},"excerpt":{"rendered":"<p>\u0110\u00e8n led chi\u1ebfu s\u00e1ng bi\u1ec3n s\u1ed1 Kijima.<\/p>\n<p>S\u1eed d\u1ee5ng b\u0103ng d\u00ednh 2 m\u1eb7t \u0111\u1ec3 d\u00e1n.<\/p>\n<p>\u00c1nh s\u00e1ng m\u00e0u tr\u1eafng.<\/p>\n<p>T\u0103ng ch\u1ec9nh g\u00f3c chi\u1ebfu s\u00e1ng t\u1eeb 0 \u0111\u1ebfn 115 \u0111\u1ed9.<\/p>\n","protected":false},"featured_media":10803,"comment_status":"open","ping_status":"closed","template":"","meta":[],"product_brand":[],"product_cat":[116],"product_tag":[1099,1100],"danh-sach-xe":[],"class_list":{"0":"post-10888","1":"product","2":"type-product","3":"status-publish","4":"has-post-thumbnail","6":"product_cat-den-hau","7":"product_tag-den-bien-so","8":"product_tag-den-led-bien-so","10":"first","11":"instock","12":"featured","13":"shipping-taxable","14":"purchasable","15":"product-type-simple"},"yoast_head":"<!-- This site is optimized with the Yoast SEO Premium plugin v23.3 (Yoast SEO v27.0) - https:\/\/yoast.com\/product\/yoast-seo-premium-wordpress\/ -->\n<title>\u0110\u00e8n led chi\u1ebfu s\u00e1ng bi\u1ec3n s\u1ed1 Kijima - Motor Taburo<\/title>\n<meta name=\"robots\" content=\"index, follow, max-snippet:-1, max-image-preview:large, max-video-preview:-1\" \/>\n<link rel=\"canonical\" href=\"https:\/\/motortaburo.com\/en\/san-pham\/den-led-chieu-sang-bien-so-kijima\/\" \/>\n<meta property=\"og:locale\" content=\"en_US\" \/>\n<meta property=\"og:type\" content=\"article\" \/>\n<meta property=\"og:title\" content=\"\u0110\u00e8n led chi\u1ebfu s\u00e1ng bi\u1ec3n s\u1ed1 Kijima\" \/>\n<meta property=\"og:description\" content=\"\u0110\u00e8n led chi\u1ebfu s\u00e1ng bi\u1ec3n s\u1ed1 Kijima.  S\u1eed d\u1ee5ng b\u0103ng d\u00ednh 2 m\u1eb7t \u0111\u1ec3 d\u00e1n.  \u00c1nh s\u00e1ng m\u00e0u tr\u1eafng.  T\u0103ng ch\u1ec9nh g\u00f3c chi\u1ebfu s\u00e1ng t\u1eeb 0 \u0111\u1ebfn 115 \u0111\u1ed9.\" \/>\n<meta property=\"og:url\" content=\"https:\/\/motortaburo.com\/en\/san-pham\/den-led-chieu-sang-bien-so-kijima\/\" \/>\n<meta property=\"og:site_name\" content=\"Motor Taburo - Genuine Motorcycle Parts\" \/>\n<meta property=\"article:publisher\" content=\"https:\/\/www.facebook.com\/MotorTaburo\" \/>\n<meta property=\"article:modified_time\" content=\"2026-01-22T11:06:45+00:00\" \/>\n<meta property=\"og:image\" content=\"https:\/\/motortaburo.com\/wp-content\/uploads\/2020\/11\/IMG_1052.jpg\" \/>\n\t<meta property=\"og:image:width\" content=\"960\" \/>\n\t<meta property=\"og:image:height\" content=\"960\" \/>\n\t<meta property=\"og:image:type\" content=\"image\/jpeg\" \/>\n<meta name=\"twitter:card\" content=\"summary_large_image\" \/>\n<meta name=\"twitter:label1\" content=\"Price\" \/>\n\t<meta name=\"twitter:data1\" content=\"650.000&nbsp;&#8363;\" \/>\n\t<meta name=\"twitter:label2\" content=\"Availability\" \/>\n\t<meta name=\"twitter:data2\" content=\"In stock\" \/>\n<script type=\"application\/ld+json\" class=\"yoast-schema-graph\">{\"@context\":\"https:\/\/schema.org\",\"@graph\":[{\"@type\":\"WebPage\",\"@id\":\"https:\/\/motortaburo.com\/en\/san-pham\/den-led-chieu-sang-bien-so-kijima\/\",\"url\":\"https:\/\/motortaburo.com\/en\/san-pham\/den-led-chieu-sang-bien-so-kijima\/\",\"name\":\"\u0110\u00e8n led chi\u1ebfu s\u00e1ng bi\u1ec3n s\u1ed1 Kijima - Motor Taburo\",\"isPartOf\":{\"@id\":\"https:\/\/motortaburo.com\/en\/#website\"},\"primaryImageOfPage\":{\"@id\":\"https:\/\/motortaburo.com\/en\/san-pham\/den-led-chieu-sang-bien-so-kijima\/#primaryimage\"},\"image\":{\"@id\":\"https:\/\/motortaburo.com\/en\/san-pham\/den-led-chieu-sang-bien-so-kijima\/#primaryimage\"},\"thumbnailUrl\":\"https:\/\/motortaburo.com\/wp-content\/uploads\/2020\/11\/IMG_1052.jpg\",\"datePublished\":\"2020-11-28T12:47:50+00:00\",\"dateModified\":\"2026-01-22T11:06:45+00:00\",\"breadcrumb\":{\"@id\":\"https:\/\/motortaburo.com\/en\/san-pham\/den-led-chieu-sang-bien-so-kijima\/#breadcrumb\"},\"inLanguage\":\"en-US\",\"potentialAction\":[{\"@type\":\"ReadAction\",\"target\":[\"https:\/\/motortaburo.com\/en\/san-pham\/den-led-chieu-sang-bien-so-kijima\/\"]}]},{\"@type\":\"ImageObject\",\"inLanguage\":\"en-US\",\"@id\":\"https:\/\/motortaburo.com\/en\/san-pham\/den-led-chieu-sang-bien-so-kijima\/#primaryimage\",\"url\":\"https:\/\/motortaburo.com\/wp-content\/uploads\/2020\/11\/IMG_1052.jpg\",\"contentUrl\":\"https:\/\/motortaburo.com\/wp-content\/uploads\/2020\/11\/IMG_1052.jpg\",\"width\":960,\"height\":960},{\"@type\":\"BreadcrumbList\",\"@id\":\"https:\/\/motortaburo.com\/en\/san-pham\/den-led-chieu-sang-bien-so-kijima\/#breadcrumb\",\"itemListElement\":[{\"@type\":\"ListItem\",\"position\":1,\"name\":\"Home\",\"item\":\"https:\/\/motortaburo.com\/en\/\"},{\"@type\":\"ListItem\",\"position\":2,\"name\":\"\u0110\u1ed3 ch\u01a1i xe\",\"item\":\"https:\/\/motortaburo.com\/do-choi-xe\/\"},{\"@type\":\"ListItem\",\"position\":3,\"name\":\"\u0110\u00e8n led chi\u1ebfu s\u00e1ng bi\u1ec3n s\u1ed1 Kijima\"}]},{\"@type\":\"WebSite\",\"@id\":\"https:\/\/motortaburo.com\/en\/#website\",\"url\":\"https:\/\/motortaburo.com\/en\/\",\"name\":\"Motor Taburo - Genuine Motorcycle Parts\",\"description\":\"We sell Japanese motorcycle parts\",\"publisher\":{\"@id\":\"https:\/\/motortaburo.com\/en\/#organization\"},\"alternateName\":\"Motor Taburo\",\"potentialAction\":[{\"@type\":\"SearchAction\",\"target\":{\"@type\":\"EntryPoint\",\"urlTemplate\":\"https:\/\/motortaburo.com\/en\/?s={search_term_string}\"},\"query-input\":{\"@type\":\"PropertyValueSpecification\",\"valueRequired\":true,\"valueName\":\"search_term_string\"}}],\"inLanguage\":\"en-US\"},{\"@type\":\"Organization\",\"@id\":\"https:\/\/motortaburo.com\/en\/#organization\",\"name\":\"Motor Taburo - Genuine Motorcycle Parts\",\"url\":\"https:\/\/motortaburo.com\/en\/\",\"logo\":{\"@type\":\"ImageObject\",\"inLanguage\":\"en-US\",\"@id\":\"https:\/\/motortaburo.com\/en\/#\/schema\/logo\/image\/\",\"url\":\"https:\/\/motortaburo.com\/wp-content\/uploads\/2021\/04\/Motor-Taburo-logo-512.jpg\",\"contentUrl\":\"https:\/\/motortaburo.com\/wp-content\/uploads\/2021\/04\/Motor-Taburo-logo-512.jpg\",\"width\":512,\"height\":512,\"caption\":\"Motor Taburo - Genuine Motorcycle Parts\"},\"image\":{\"@id\":\"https:\/\/motortaburo.com\/en\/#\/schema\/logo\/image\/\"},\"sameAs\":[\"https:\/\/www.facebook.com\/MotorTaburo\"]}]}<\/script>\n<meta property=\"product:brand\" content=\"Kijima\" \/>\n<meta property=\"product:price:amount\" content=\"650000\" \/>\n<meta property=\"product:price:currency\" content=\"VND\" \/>\n<meta property=\"og:availability\" content=\"instock\" \/>\n<meta property=\"product:availability\" content=\"instock\" \/>\n<meta property=\"product:retailer_item_id\" content=\"217-6141\" \/>\n<meta property=\"product:condition\" content=\"new\" \/>\n<!-- \/ Yoast SEO Premium plugin. -->","yoast_head_json":{"title":"\u0110\u00e8n led chi\u1ebfu s\u00e1ng bi\u1ec3n s\u1ed1 Kijima - Motor Taburo","robots":{"index":"index","follow":"follow","max-snippet":"max-snippet:-1","max-image-preview":"max-image-preview:large","max-video-preview":"max-video-preview:-1"},"canonical":"https:\/\/motortaburo.com\/en\/san-pham\/den-led-chieu-sang-bien-so-kijima\/","og_locale":"en_US","og_type":"article","og_title":"\u0110\u00e8n led chi\u1ebfu s\u00e1ng bi\u1ec3n s\u1ed1 Kijima","og_description":"\u0110\u00e8n led chi\u1ebfu s\u00e1ng bi\u1ec3n s\u1ed1 Kijima.  S\u1eed d\u1ee5ng b\u0103ng d\u00ednh 2 m\u1eb7t \u0111\u1ec3 d\u00e1n.  \u00c1nh s\u00e1ng m\u00e0u tr\u1eafng.  T\u0103ng ch\u1ec9nh g\u00f3c chi\u1ebfu s\u00e1ng t\u1eeb 0 \u0111\u1ebfn 115 \u0111\u1ed9.","og_url":"https:\/\/motortaburo.com\/en\/san-pham\/den-led-chieu-sang-bien-so-kijima\/","og_site_name":"Motor Taburo - Genuine Motorcycle Parts","article_publisher":"https:\/\/www.facebook.com\/MotorTaburo","article_modified_time":"2026-01-22T11:06:45+00:00","og_image":[{"width":960,"height":960,"url":"https:\/\/motortaburo.com\/wp-content\/uploads\/2020\/11\/IMG_1052.jpg","type":"image\/jpeg"}],"twitter_card":"summary_large_image","twitter_misc":{"Price":"650.000&nbsp;&#8363;","Availability":"In stock"},"schema":{"@context":"https:\/\/schema.org","@graph":[{"@type":"WebPage","@id":"https:\/\/motortaburo.com\/en\/san-pham\/den-led-chieu-sang-bien-so-kijima\/","url":"https:\/\/motortaburo.com\/en\/san-pham\/den-led-chieu-sang-bien-so-kijima\/","name":"\u0110\u00e8n led chi\u1ebfu s\u00e1ng bi\u1ec3n s\u1ed1 Kijima - Motor Taburo","isPartOf":{"@id":"https:\/\/motortaburo.com\/en\/#website"},"primaryImageOfPage":{"@id":"https:\/\/motortaburo.com\/en\/san-pham\/den-led-chieu-sang-bien-so-kijima\/#primaryimage"},"image":{"@id":"https:\/\/motortaburo.com\/en\/san-pham\/den-led-chieu-sang-bien-so-kijima\/#primaryimage"},"thumbnailUrl":"https:\/\/motortaburo.com\/wp-content\/uploads\/2020\/11\/IMG_1052.jpg","datePublished":"2020-11-28T12:47:50+00:00","dateModified":"2026-01-22T11:06:45+00:00","breadcrumb":{"@id":"https:\/\/motortaburo.com\/en\/san-pham\/den-led-chieu-sang-bien-so-kijima\/#breadcrumb"},"inLanguage":"en-US","potentialAction":[{"@type":"ReadAction","target":["https:\/\/motortaburo.com\/en\/san-pham\/den-led-chieu-sang-bien-so-kijima\/"]}]},{"@type":"ImageObject","inLanguage":"en-US","@id":"https:\/\/motortaburo.com\/en\/san-pham\/den-led-chieu-sang-bien-so-kijima\/#primaryimage","url":"https:\/\/motortaburo.com\/wp-content\/uploads\/2020\/11\/IMG_1052.jpg","contentUrl":"https:\/\/motortaburo.com\/wp-content\/uploads\/2020\/11\/IMG_1052.jpg","width":960,"height":960},{"@type":"BreadcrumbList","@id":"https:\/\/motortaburo.com\/en\/san-pham\/den-led-chieu-sang-bien-so-kijima\/#breadcrumb","itemListElement":[{"@type":"ListItem","position":1,"name":"Home","item":"https:\/\/motortaburo.com\/en\/"},{"@type":"ListItem","position":2,"name":"\u0110\u1ed3 ch\u01a1i xe","item":"https:\/\/motortaburo.com\/do-choi-xe\/"},{"@type":"ListItem","position":3,"name":"\u0110\u00e8n led chi\u1ebfu s\u00e1ng bi\u1ec3n s\u1ed1 Kijima"}]},{"@type":"WebSite","@id":"https:\/\/motortaburo.com\/en\/#website","url":"https:\/\/motortaburo.com\/en\/","name":"Motor Taburo - Genuine Motorcycle Parts","description":"We sell Japanese motorcycle parts","publisher":{"@id":"https:\/\/motortaburo.com\/en\/#organization"},"alternateName":"Motor Taburo","potentialAction":[{"@type":"SearchAction","target":{"@type":"EntryPoint","urlTemplate":"https:\/\/motortaburo.com\/en\/?s={search_term_string}"},"query-input":{"@type":"PropertyValueSpecification","valueRequired":true,"valueName":"search_term_string"}}],"inLanguage":"en-US"},{"@type":"Organization","@id":"https:\/\/motortaburo.com\/en\/#organization","name":"Motor Taburo - Genuine Motorcycle Parts","url":"https:\/\/motortaburo.com\/en\/","logo":{"@type":"ImageObject","inLanguage":"en-US","@id":"https:\/\/motortaburo.com\/en\/#\/schema\/logo\/image\/","url":"https:\/\/motortaburo.com\/wp-content\/uploads\/2021\/04\/Motor-Taburo-logo-512.jpg","contentUrl":"https:\/\/motortaburo.com\/wp-content\/uploads\/2021\/04\/Motor-Taburo-logo-512.jpg","width":512,"height":512,"caption":"Motor Taburo - Genuine Motorcycle Parts"},"image":{"@id":"https:\/\/motortaburo.com\/en\/#\/schema\/logo\/image\/"},"sameAs":["https:\/\/www.facebook.com\/MotorTaburo"]}]},"product_brand":"Kijima","product_price_amount":"650000","product_price_currency":"VND","og_availability":"instock","product_availability":"instock","product_retailer_item_id":"217-6141","product_condition":"new"},"_links":{"self":[{"href":"https:\/\/motortaburo.com\/en\/wp-json\/wp\/v2\/product\/10888","targetHints":{"allow":["GET"]}}],"collection":[{"href":"https:\/\/motortaburo.com\/en\/wp-json\/wp\/v2\/product"}],"about":[{"href":"https:\/\/motortaburo.com\/en\/wp-json\/wp\/v2\/types\/product"}],"replies":[{"embeddable":true,"href":"https:\/\/motortaburo.com\/en\/wp-json\/wp\/v2\/comments?post=10888"}],"version-history":[{"count":0,"href":"https:\/\/motortaburo.com\/en\/wp-json\/wp\/v2\/product\/10888\/revisions"}],"wp:featuredmedia":[{"embeddable":true,"href":"https:\/\/motortaburo.com\/en\/wp-json\/wp\/v2\/media\/10803"}],"wp:attachment":[{"href":"https:\/\/motortaburo.com\/en\/wp-json\/wp\/v2\/media?parent=10888"}],"wp:term":[{"taxonomy":"product_brand","embeddable":true,"href":"https:\/\/motortaburo.com\/en\/wp-json\/wp\/v2\/product_brand?post=10888"},{"taxonomy":"product_cat","embeddable":true,"href":"https:\/\/motortaburo.com\/en\/wp-json\/wp\/v2\/product_cat?post=10888"},{"taxonomy":"product_tag","embeddable":true,"href":"https:\/\/motortaburo.com\/en\/wp-json\/wp\/v2\/product_tag?post=10888"},{"taxonomy":"danh-sach-xe","embeddable":true,"href":"https:\/\/motortaburo.com\/en\/wp-json\/wp\/v2\/danh-sach-xe?post=10888"}],"curies":[{"name":"wp","href":"https:\/\/api.w.org\/{rel}","templated":true}]}}