{"id":10963,"date":"2020-12-01T17:09:40","date_gmt":"2020-12-01T10:09:40","guid":{"rendered":"https:\/\/motortaburo.com\/?post_type=product&#038;p=10963"},"modified":"2026-01-22T18:06:50","modified_gmt":"2026-01-22T11:06:50","slug":"gao-den-xi-kitaco-160mm","status":"publish","type":"product","link":"https:\/\/motortaburo.com\/en\/san-pham\/gao-den-xi-kitaco-160mm\/","title":{"rendered":"G\u00e1o \u0111\u00e8n xi Kitaco 160mm"},"content":{"rendered":"<p>G\u1eafn cho c\u00e1c d\u00f2ng xe nh\u01b0 CD50, CL50, Monkey, Ape.<\/p>\n<p>C\u00f3 th\u1ec3 d\u00f9ng \u0111\u1ed3ng h\u1ed3 zin \u0111\u1ec3 g\u1eafn v\u00e0o g\u00e1o \u0111\u00e8n.<\/p>\n","protected":false},"excerpt":{"rendered":"<p>G\u00e1o \u0111\u00e8n xi Kitaco 160mm.<\/p>\n<p>Ch\u1ea5t li\u1ec7u b\u1eb1ng nh\u1ef1a ABS, ph\u1ee7 chrome.<\/p>\n<p>M\u1eb7t k\u00ednh b\u1eb1ng ch\u1ea5t li\u1ec7u plastic.<\/p>\n<p>\u0110\u01b0\u1eddng k\u00ednh ngang 160mm, \u0111\u01b0\u1eddng k\u00ednh m\u1eb7t ki\u1ebfng \u03a6130.<\/p>\n<p>Bao g\u1ed3m b\u00f3ng \u0111\u00e8n PH7 12V30\/30W \u00e1nh s\u00e1ng tr\u1eafng.<\/p>\n<p>S\u1ea3n xu\u1ea5t t\u1ea1i Nh\u1eadt B\u1ea3n.<\/p>\n","protected":false},"featured_media":10900,"comment_status":"open","ping_status":"closed","template":"","meta":[],"product_brand":[],"product_cat":[382],"product_tag":[1105,1106,1107],"danh-sach-xe":[1876,1860,1813,1833,2362],"class_list":{"0":"post-10963","1":"product","2":"type-product","3":"status-publish","4":"has-post-thumbnail","6":"product_cat-den-truoc","7":"product_tag-gao-den","8":"product_tag-gao-den-kitaco","9":"product_tag-gao-den-xi","10":"danh-sach-xe-cd50s","11":"danh-sach-xe-cl50","12":"danh-sach-xe-cd50-benly","13":"danh-sach-xe-benly-cd90","14":"danh-sach-xe-cd90s","16":"first","17":"outofstock","18":"shipping-taxable","19":"purchasable","20":"product-type-simple"},"yoast_head":"<!-- This site is optimized with the Yoast SEO Premium plugin v23.3 (Yoast SEO v27.0) - https:\/\/yoast.com\/product\/yoast-seo-premium-wordpress\/ -->\n<title>G\u00e1o \u0111\u00e8n xi Kitaco 160mm - Motor Taburo<\/title>\n<meta name=\"robots\" content=\"index, follow, max-snippet:-1, max-image-preview:large, max-video-preview:-1\" \/>\n<link rel=\"canonical\" href=\"https:\/\/motortaburo.com\/en\/san-pham\/gao-den-xi-kitaco-160mm\/\" \/>\n<meta property=\"og:locale\" content=\"en_US\" \/>\n<meta property=\"og:type\" content=\"article\" \/>\n<meta property=\"og:title\" content=\"G\u00e1o \u0111\u00e8n xi Kitaco 160mm\" \/>\n<meta property=\"og:description\" content=\"G\u00e1o \u0111\u00e8n xi Kitaco 160mm.  Ch\u1ea5t li\u1ec7u b\u1eb1ng nh\u1ef1a ABS, ph\u1ee7 chrome.  M\u1eb7t k\u00ednh b\u1eb1ng ch\u1ea5t li\u1ec7u plastic.  \u0110\u01b0\u1eddng k\u00ednh ngang 160mm, \u0111\u01b0\u1eddng k\u00ednh m\u1eb7t ki\u1ebfng \u03a6130.  Bao g\u1ed3m b\u00f3ng \u0111\u00e8n PH7 12V30\/30W \u00e1nh s\u00e1ng tr\u1eafng.  S\u1ea3n xu\u1ea5t t\u1ea1i Nh\u1eadt B\u1ea3n.\" \/>\n<meta property=\"og:url\" content=\"https:\/\/motortaburo.com\/en\/san-pham\/gao-den-xi-kitaco-160mm\/\" \/>\n<meta property=\"og:site_name\" content=\"Motor Taburo - Genuine Motorcycle Parts\" \/>\n<meta property=\"article:publisher\" content=\"https:\/\/www.facebook.com\/MotorTaburo\" \/>\n<meta property=\"article:modified_time\" content=\"2026-01-22T11:06:50+00:00\" \/>\n<meta property=\"og:image\" content=\"https:\/\/motortaburo.com\/wp-content\/uploads\/2020\/12\/IMAG0644.jpg\" \/>\n\t<meta property=\"og:image:width\" content=\"1280\" \/>\n\t<meta property=\"og:image:height\" content=\"720\" \/>\n\t<meta property=\"og:image:type\" content=\"image\/jpeg\" \/>\n<meta name=\"twitter:card\" content=\"summary_large_image\" \/>\n<meta name=\"twitter:label1\" content=\"Price\" \/>\n\t<meta name=\"twitter:data1\" content=\"1.950.000&nbsp;&#8363;\" \/>\n\t<meta name=\"twitter:label2\" content=\"Availability\" \/>\n\t<meta name=\"twitter:data2\" content=\"Out of stock\" \/>\n<script type=\"application\/ld+json\" class=\"yoast-schema-graph\">{\"@context\":\"https:\/\/schema.org\",\"@graph\":[{\"@type\":\"WebPage\",\"@id\":\"https:\/\/motortaburo.com\/en\/san-pham\/gao-den-xi-kitaco-160mm\/\",\"url\":\"https:\/\/motortaburo.com\/en\/san-pham\/gao-den-xi-kitaco-160mm\/\",\"name\":\"G\u00e1o \u0111\u00e8n xi Kitaco 160mm - Motor Taburo\",\"isPartOf\":{\"@id\":\"https:\/\/motortaburo.com\/en\/#website\"},\"primaryImageOfPage\":{\"@id\":\"https:\/\/motortaburo.com\/en\/san-pham\/gao-den-xi-kitaco-160mm\/#primaryimage\"},\"image\":{\"@id\":\"https:\/\/motortaburo.com\/en\/san-pham\/gao-den-xi-kitaco-160mm\/#primaryimage\"},\"thumbnailUrl\":\"https:\/\/motortaburo.com\/wp-content\/uploads\/2020\/12\/IMAG0644.jpg\",\"datePublished\":\"2020-12-01T10:09:40+00:00\",\"dateModified\":\"2026-01-22T11:06:50+00:00\",\"breadcrumb\":{\"@id\":\"https:\/\/motortaburo.com\/en\/san-pham\/gao-den-xi-kitaco-160mm\/#breadcrumb\"},\"inLanguage\":\"en-US\",\"potentialAction\":[{\"@type\":\"ReadAction\",\"target\":[\"https:\/\/motortaburo.com\/en\/san-pham\/gao-den-xi-kitaco-160mm\/\"]}]},{\"@type\":\"ImageObject\",\"inLanguage\":\"en-US\",\"@id\":\"https:\/\/motortaburo.com\/en\/san-pham\/gao-den-xi-kitaco-160mm\/#primaryimage\",\"url\":\"https:\/\/motortaburo.com\/wp-content\/uploads\/2020\/12\/IMAG0644.jpg\",\"contentUrl\":\"https:\/\/motortaburo.com\/wp-content\/uploads\/2020\/12\/IMAG0644.jpg\",\"width\":1280,\"height\":720},{\"@type\":\"BreadcrumbList\",\"@id\":\"https:\/\/motortaburo.com\/en\/san-pham\/gao-den-xi-kitaco-160mm\/#breadcrumb\",\"itemListElement\":[{\"@type\":\"ListItem\",\"position\":1,\"name\":\"Home\",\"item\":\"https:\/\/motortaburo.com\/en\/\"},{\"@type\":\"ListItem\",\"position\":2,\"name\":\"\u0110\u1ed3 ch\u01a1i xe\",\"item\":\"https:\/\/motortaburo.com\/do-choi-xe\/\"},{\"@type\":\"ListItem\",\"position\":3,\"name\":\"G\u00e1o \u0111\u00e8n xi Kitaco 160mm\"}]},{\"@type\":\"WebSite\",\"@id\":\"https:\/\/motortaburo.com\/en\/#website\",\"url\":\"https:\/\/motortaburo.com\/en\/\",\"name\":\"Motor Taburo - Genuine Motorcycle Parts\",\"description\":\"We sell Japanese motorcycle parts\",\"publisher\":{\"@id\":\"https:\/\/motortaburo.com\/en\/#organization\"},\"alternateName\":\"Motor Taburo\",\"potentialAction\":[{\"@type\":\"SearchAction\",\"target\":{\"@type\":\"EntryPoint\",\"urlTemplate\":\"https:\/\/motortaburo.com\/en\/?s={search_term_string}\"},\"query-input\":{\"@type\":\"PropertyValueSpecification\",\"valueRequired\":true,\"valueName\":\"search_term_string\"}}],\"inLanguage\":\"en-US\"},{\"@type\":\"Organization\",\"@id\":\"https:\/\/motortaburo.com\/en\/#organization\",\"name\":\"Motor Taburo - Genuine Motorcycle Parts\",\"url\":\"https:\/\/motortaburo.com\/en\/\",\"logo\":{\"@type\":\"ImageObject\",\"inLanguage\":\"en-US\",\"@id\":\"https:\/\/motortaburo.com\/en\/#\/schema\/logo\/image\/\",\"url\":\"https:\/\/motortaburo.com\/wp-content\/uploads\/2021\/04\/Motor-Taburo-logo-512.jpg\",\"contentUrl\":\"https:\/\/motortaburo.com\/wp-content\/uploads\/2021\/04\/Motor-Taburo-logo-512.jpg\",\"width\":512,\"height\":512,\"caption\":\"Motor Taburo - Genuine Motorcycle Parts\"},\"image\":{\"@id\":\"https:\/\/motortaburo.com\/en\/#\/schema\/logo\/image\/\"},\"sameAs\":[\"https:\/\/www.facebook.com\/MotorTaburo\"]}]}<\/script>\n<meta property=\"product:brand\" content=\"Kitaco\" \/>\n<meta property=\"product:price:amount\" content=\"1950000\" \/>\n<meta property=\"product:price:currency\" content=\"VND\" \/>\n<meta property=\"og:availability\" content=\"out of stock\" \/>\n<meta property=\"product:availability\" content=\"out of stock\" \/>\n<meta property=\"product:retailer_item_id\" content=\"800-0601200\" \/>\n<meta property=\"product:condition\" content=\"new\" \/>\n<!-- \/ Yoast SEO Premium plugin. -->","yoast_head_json":{"title":"G\u00e1o \u0111\u00e8n xi Kitaco 160mm - Motor Taburo","robots":{"index":"index","follow":"follow","max-snippet":"max-snippet:-1","max-image-preview":"max-image-preview:large","max-video-preview":"max-video-preview:-1"},"canonical":"https:\/\/motortaburo.com\/en\/san-pham\/gao-den-xi-kitaco-160mm\/","og_locale":"en_US","og_type":"article","og_title":"G\u00e1o \u0111\u00e8n xi Kitaco 160mm","og_description":"G\u00e1o \u0111\u00e8n xi Kitaco 160mm.  Ch\u1ea5t li\u1ec7u b\u1eb1ng nh\u1ef1a ABS, ph\u1ee7 chrome.  M\u1eb7t k\u00ednh b\u1eb1ng ch\u1ea5t li\u1ec7u plastic.  \u0110\u01b0\u1eddng k\u00ednh ngang 160mm, \u0111\u01b0\u1eddng k\u00ednh m\u1eb7t ki\u1ebfng \u03a6130.  Bao g\u1ed3m b\u00f3ng \u0111\u00e8n PH7 12V30\/30W \u00e1nh s\u00e1ng tr\u1eafng.  S\u1ea3n xu\u1ea5t t\u1ea1i Nh\u1eadt B\u1ea3n.","og_url":"https:\/\/motortaburo.com\/en\/san-pham\/gao-den-xi-kitaco-160mm\/","og_site_name":"Motor Taburo - Genuine Motorcycle Parts","article_publisher":"https:\/\/www.facebook.com\/MotorTaburo","article_modified_time":"2026-01-22T11:06:50+00:00","og_image":[{"width":1280,"height":720,"url":"https:\/\/motortaburo.com\/wp-content\/uploads\/2020\/12\/IMAG0644.jpg","type":"image\/jpeg"}],"twitter_card":"summary_large_image","twitter_misc":{"Price":"1.950.000&nbsp;&#8363;","Availability":"Out of stock"},"schema":{"@context":"https:\/\/schema.org","@graph":[{"@type":"WebPage","@id":"https:\/\/motortaburo.com\/en\/san-pham\/gao-den-xi-kitaco-160mm\/","url":"https:\/\/motortaburo.com\/en\/san-pham\/gao-den-xi-kitaco-160mm\/","name":"G\u00e1o \u0111\u00e8n xi Kitaco 160mm - Motor Taburo","isPartOf":{"@id":"https:\/\/motortaburo.com\/en\/#website"},"primaryImageOfPage":{"@id":"https:\/\/motortaburo.com\/en\/san-pham\/gao-den-xi-kitaco-160mm\/#primaryimage"},"image":{"@id":"https:\/\/motortaburo.com\/en\/san-pham\/gao-den-xi-kitaco-160mm\/#primaryimage"},"thumbnailUrl":"https:\/\/motortaburo.com\/wp-content\/uploads\/2020\/12\/IMAG0644.jpg","datePublished":"2020-12-01T10:09:40+00:00","dateModified":"2026-01-22T11:06:50+00:00","breadcrumb":{"@id":"https:\/\/motortaburo.com\/en\/san-pham\/gao-den-xi-kitaco-160mm\/#breadcrumb"},"inLanguage":"en-US","potentialAction":[{"@type":"ReadAction","target":["https:\/\/motortaburo.com\/en\/san-pham\/gao-den-xi-kitaco-160mm\/"]}]},{"@type":"ImageObject","inLanguage":"en-US","@id":"https:\/\/motortaburo.com\/en\/san-pham\/gao-den-xi-kitaco-160mm\/#primaryimage","url":"https:\/\/motortaburo.com\/wp-content\/uploads\/2020\/12\/IMAG0644.jpg","contentUrl":"https:\/\/motortaburo.com\/wp-content\/uploads\/2020\/12\/IMAG0644.jpg","width":1280,"height":720},{"@type":"BreadcrumbList","@id":"https:\/\/motortaburo.com\/en\/san-pham\/gao-den-xi-kitaco-160mm\/#breadcrumb","itemListElement":[{"@type":"ListItem","position":1,"name":"Home","item":"https:\/\/motortaburo.com\/en\/"},{"@type":"ListItem","position":2,"name":"\u0110\u1ed3 ch\u01a1i xe","item":"https:\/\/motortaburo.com\/do-choi-xe\/"},{"@type":"ListItem","position":3,"name":"G\u00e1o \u0111\u00e8n xi Kitaco 160mm"}]},{"@type":"WebSite","@id":"https:\/\/motortaburo.com\/en\/#website","url":"https:\/\/motortaburo.com\/en\/","name":"Motor Taburo - Genuine Motorcycle Parts","description":"We sell Japanese motorcycle parts","publisher":{"@id":"https:\/\/motortaburo.com\/en\/#organization"},"alternateName":"Motor Taburo","potentialAction":[{"@type":"SearchAction","target":{"@type":"EntryPoint","urlTemplate":"https:\/\/motortaburo.com\/en\/?s={search_term_string}"},"query-input":{"@type":"PropertyValueSpecification","valueRequired":true,"valueName":"search_term_string"}}],"inLanguage":"en-US"},{"@type":"Organization","@id":"https:\/\/motortaburo.com\/en\/#organization","name":"Motor Taburo - Genuine Motorcycle Parts","url":"https:\/\/motortaburo.com\/en\/","logo":{"@type":"ImageObject","inLanguage":"en-US","@id":"https:\/\/motortaburo.com\/en\/#\/schema\/logo\/image\/","url":"https:\/\/motortaburo.com\/wp-content\/uploads\/2021\/04\/Motor-Taburo-logo-512.jpg","contentUrl":"https:\/\/motortaburo.com\/wp-content\/uploads\/2021\/04\/Motor-Taburo-logo-512.jpg","width":512,"height":512,"caption":"Motor Taburo - Genuine Motorcycle Parts"},"image":{"@id":"https:\/\/motortaburo.com\/en\/#\/schema\/logo\/image\/"},"sameAs":["https:\/\/www.facebook.com\/MotorTaburo"]}]},"product_brand":"Kitaco","product_price_amount":"1950000","product_price_currency":"VND","og_availability":"out of stock","product_availability":"out of stock","product_retailer_item_id":"800-0601200","product_condition":"new"},"_links":{"self":[{"href":"https:\/\/motortaburo.com\/en\/wp-json\/wp\/v2\/product\/10963","targetHints":{"allow":["GET"]}}],"collection":[{"href":"https:\/\/motortaburo.com\/en\/wp-json\/wp\/v2\/product"}],"about":[{"href":"https:\/\/motortaburo.com\/en\/wp-json\/wp\/v2\/types\/product"}],"replies":[{"embeddable":true,"href":"https:\/\/motortaburo.com\/en\/wp-json\/wp\/v2\/comments?post=10963"}],"version-history":[{"count":0,"href":"https:\/\/motortaburo.com\/en\/wp-json\/wp\/v2\/product\/10963\/revisions"}],"wp:featuredmedia":[{"embeddable":true,"href":"https:\/\/motortaburo.com\/en\/wp-json\/wp\/v2\/media\/10900"}],"wp:attachment":[{"href":"https:\/\/motortaburo.com\/en\/wp-json\/wp\/v2\/media?parent=10963"}],"wp:term":[{"taxonomy":"product_brand","embeddable":true,"href":"https:\/\/motortaburo.com\/en\/wp-json\/wp\/v2\/product_brand?post=10963"},{"taxonomy":"product_cat","embeddable":true,"href":"https:\/\/motortaburo.com\/en\/wp-json\/wp\/v2\/product_cat?post=10963"},{"taxonomy":"product_tag","embeddable":true,"href":"https:\/\/motortaburo.com\/en\/wp-json\/wp\/v2\/product_tag?post=10963"},{"taxonomy":"danh-sach-xe","embeddable":true,"href":"https:\/\/motortaburo.com\/en\/wp-json\/wp\/v2\/danh-sach-xe?post=10963"}],"curies":[{"name":"wp","href":"https:\/\/api.w.org\/{rel}","templated":true}]}}