{"id":10989,"date":"2020-12-03T19:06:27","date_gmt":"2020-12-03T12:06:27","guid":{"rendered":"https:\/\/motortaburo.com\/?post_type=product&#038;p=10989"},"modified":"2026-01-22T18:06:00","modified_gmt":"2026-01-22T11:06:00","slug":"bo-den-xi-nhan-hinh-chu-nhat-thao-xe-bai-nhat","status":"publish","type":"product","link":"https:\/\/motortaburo.com\/en\/san-pham\/bo-den-xi-nhan-hinh-chu-nhat-thao-xe-bai-nhat\/","title":{"rendered":"B\u1ed9 \u0111\u00e8n xi nhan h\u00ecnh ch\u1eef nh\u1eadt th\u00e1o xe b\u00e3i Nh\u1eadt"},"content":{"rendered":"","protected":false},"excerpt":{"rendered":"<p>B\u1ed9 \u0111\u00e8n xi nhan h\u00ecnh ch\u1eef nh\u1eadt th\u00e1o xe b\u00e3i Nh\u1eadt.<\/p>\n<p>M\u1ed9t c\u00e1i b\u1ecb n\u1ee9t g\u00e3y ch\u00e2n (c\u00f3 th\u1ec3 h\u00e0n l\u1ea1i \u0111\u1ec3 x\u00e0i).<\/p>\n<p>B\u00f3ng \u0111\u00e8n \u0111i k\u00e8m 12v 21w.<\/p>\n<p>Ch\u00e2n ren 10mm.<\/p>\n","protected":false},"featured_media":11006,"comment_status":"open","ping_status":"closed","template":"","meta":[],"product_brand":[],"product_cat":[112],"product_tag":[83],"danh-sach-xe":[],"class_list":{"0":"post-10989","1":"product","2":"type-product","3":"status-publish","4":"has-post-thumbnail","6":"product_cat-xi-nhan","7":"product_tag-woocommerce","9":"first","10":"outofstock","11":"shipping-taxable","12":"purchasable","13":"product-type-simple"},"yoast_head":"<!-- This site is optimized with the Yoast SEO Premium plugin v23.3 (Yoast SEO v27.0) - https:\/\/yoast.com\/product\/yoast-seo-premium-wordpress\/ -->\n<title>B\u1ed9 \u0111\u00e8n xi nhan h\u00ecnh ch\u1eef nh\u1eadt th\u00e1o xe b\u00e3i Nh\u1eadt - Motor Taburo<\/title>\n<meta name=\"robots\" content=\"index, follow, max-snippet:-1, max-image-preview:large, max-video-preview:-1\" \/>\n<link rel=\"canonical\" href=\"https:\/\/motortaburo.com\/en\/san-pham\/bo-den-xi-nhan-hinh-chu-nhat-thao-xe-bai-nhat\/\" \/>\n<meta property=\"og:locale\" content=\"en_US\" \/>\n<meta property=\"og:type\" content=\"article\" \/>\n<meta property=\"og:title\" content=\"B\u1ed9 \u0111\u00e8n xi nhan h\u00ecnh ch\u1eef nh\u1eadt th\u00e1o xe b\u00e3i Nh\u1eadt\" \/>\n<meta property=\"og:description\" content=\"B\u1ed9 \u0111\u00e8n xi nhan h\u00ecnh ch\u1eef nh\u1eadt th\u00e1o xe b\u00e3i Nh\u1eadt.  M\u1ed9t c\u00e1i b\u1ecb n\u1ee9t g\u00e3y ch\u00e2n (c\u00f3 th\u1ec3 h\u00e0n l\u1ea1i \u0111\u1ec3 x\u00e0i).  B\u00f3ng \u0111\u00e8n \u0111i k\u00e8m 12v 21w.  Ch\u00e2n ren 10mm.\" \/>\n<meta property=\"og:url\" content=\"https:\/\/motortaburo.com\/en\/san-pham\/bo-den-xi-nhan-hinh-chu-nhat-thao-xe-bai-nhat\/\" \/>\n<meta property=\"og:site_name\" content=\"Motor Taburo - Genuine Motorcycle Parts\" \/>\n<meta property=\"article:publisher\" content=\"https:\/\/www.facebook.com\/MotorTaburo\" \/>\n<meta property=\"article:modified_time\" content=\"2026-01-22T11:06:00+00:00\" \/>\n<meta property=\"og:image\" content=\"https:\/\/motortaburo.com\/wp-content\/uploads\/2020\/12\/IMG_1264.jpg\" \/>\n\t<meta property=\"og:image:width\" content=\"960\" \/>\n\t<meta property=\"og:image:height\" content=\"960\" \/>\n\t<meta property=\"og:image:type\" content=\"image\/jpeg\" \/>\n<meta name=\"twitter:card\" content=\"summary_large_image\" \/>\n<meta name=\"twitter:label1\" content=\"Price\" \/>\n\t<meta name=\"twitter:data1\" content=\"900.000&nbsp;&#8363;\" \/>\n\t<meta name=\"twitter:label2\" content=\"Availability\" \/>\n\t<meta name=\"twitter:data2\" content=\"Out of stock\" \/>\n<script type=\"application\/ld+json\" class=\"yoast-schema-graph\">{\"@context\":\"https:\/\/schema.org\",\"@graph\":[{\"@type\":\"WebPage\",\"@id\":\"https:\/\/motortaburo.com\/en\/san-pham\/bo-den-xi-nhan-hinh-chu-nhat-thao-xe-bai-nhat\/\",\"url\":\"https:\/\/motortaburo.com\/en\/san-pham\/bo-den-xi-nhan-hinh-chu-nhat-thao-xe-bai-nhat\/\",\"name\":\"B\u1ed9 \u0111\u00e8n xi nhan h\u00ecnh ch\u1eef nh\u1eadt th\u00e1o xe b\u00e3i Nh\u1eadt - Motor Taburo\",\"isPartOf\":{\"@id\":\"https:\/\/motortaburo.com\/en\/#website\"},\"primaryImageOfPage\":{\"@id\":\"https:\/\/motortaburo.com\/en\/san-pham\/bo-den-xi-nhan-hinh-chu-nhat-thao-xe-bai-nhat\/#primaryimage\"},\"image\":{\"@id\":\"https:\/\/motortaburo.com\/en\/san-pham\/bo-den-xi-nhan-hinh-chu-nhat-thao-xe-bai-nhat\/#primaryimage\"},\"thumbnailUrl\":\"https:\/\/motortaburo.com\/wp-content\/uploads\/2020\/12\/IMG_1264.jpg\",\"datePublished\":\"2020-12-03T12:06:27+00:00\",\"dateModified\":\"2026-01-22T11:06:00+00:00\",\"breadcrumb\":{\"@id\":\"https:\/\/motortaburo.com\/en\/san-pham\/bo-den-xi-nhan-hinh-chu-nhat-thao-xe-bai-nhat\/#breadcrumb\"},\"inLanguage\":\"en-US\",\"potentialAction\":[{\"@type\":\"ReadAction\",\"target\":[\"https:\/\/motortaburo.com\/en\/san-pham\/bo-den-xi-nhan-hinh-chu-nhat-thao-xe-bai-nhat\/\"]}]},{\"@type\":\"ImageObject\",\"inLanguage\":\"en-US\",\"@id\":\"https:\/\/motortaburo.com\/en\/san-pham\/bo-den-xi-nhan-hinh-chu-nhat-thao-xe-bai-nhat\/#primaryimage\",\"url\":\"https:\/\/motortaburo.com\/wp-content\/uploads\/2020\/12\/IMG_1264.jpg\",\"contentUrl\":\"https:\/\/motortaburo.com\/wp-content\/uploads\/2020\/12\/IMG_1264.jpg\",\"width\":960,\"height\":960},{\"@type\":\"BreadcrumbList\",\"@id\":\"https:\/\/motortaburo.com\/en\/san-pham\/bo-den-xi-nhan-hinh-chu-nhat-thao-xe-bai-nhat\/#breadcrumb\",\"itemListElement\":[{\"@type\":\"ListItem\",\"position\":1,\"name\":\"Home\",\"item\":\"https:\/\/motortaburo.com\/en\/\"},{\"@type\":\"ListItem\",\"position\":2,\"name\":\"\u0110\u1ed3 ch\u01a1i xe\",\"item\":\"https:\/\/motortaburo.com\/do-choi-xe\/\"},{\"@type\":\"ListItem\",\"position\":3,\"name\":\"B\u1ed9 \u0111\u00e8n xi nhan h\u00ecnh ch\u1eef nh\u1eadt th\u00e1o xe b\u00e3i Nh\u1eadt\"}]},{\"@type\":\"WebSite\",\"@id\":\"https:\/\/motortaburo.com\/en\/#website\",\"url\":\"https:\/\/motortaburo.com\/en\/\",\"name\":\"Motor Taburo - Genuine Motorcycle Parts\",\"description\":\"We sell Japanese motorcycle parts\",\"publisher\":{\"@id\":\"https:\/\/motortaburo.com\/en\/#organization\"},\"alternateName\":\"Motor Taburo\",\"potentialAction\":[{\"@type\":\"SearchAction\",\"target\":{\"@type\":\"EntryPoint\",\"urlTemplate\":\"https:\/\/motortaburo.com\/en\/?s={search_term_string}\"},\"query-input\":{\"@type\":\"PropertyValueSpecification\",\"valueRequired\":true,\"valueName\":\"search_term_string\"}}],\"inLanguage\":\"en-US\"},{\"@type\":\"Organization\",\"@id\":\"https:\/\/motortaburo.com\/en\/#organization\",\"name\":\"Motor Taburo - Genuine Motorcycle Parts\",\"url\":\"https:\/\/motortaburo.com\/en\/\",\"logo\":{\"@type\":\"ImageObject\",\"inLanguage\":\"en-US\",\"@id\":\"https:\/\/motortaburo.com\/en\/#\/schema\/logo\/image\/\",\"url\":\"https:\/\/motortaburo.com\/wp-content\/uploads\/2021\/04\/Motor-Taburo-logo-512.jpg\",\"contentUrl\":\"https:\/\/motortaburo.com\/wp-content\/uploads\/2021\/04\/Motor-Taburo-logo-512.jpg\",\"width\":512,\"height\":512,\"caption\":\"Motor Taburo - Genuine Motorcycle Parts\"},\"image\":{\"@id\":\"https:\/\/motortaburo.com\/en\/#\/schema\/logo\/image\/\"},\"sameAs\":[\"https:\/\/www.facebook.com\/MotorTaburo\"]}]}<\/script>\n<meta property=\"product:price:amount\" content=\"900000\" \/>\n<meta property=\"product:price:currency\" content=\"VND\" \/>\n<meta property=\"og:availability\" content=\"out of stock\" \/>\n<meta property=\"product:availability\" content=\"out of stock\" \/>\n<meta property=\"product:retailer_item_id\" content=\"xi-nhan-chu-nhat-cu-01\" \/>\n<meta property=\"product:condition\" content=\"new\" \/>\n<!-- \/ Yoast SEO Premium plugin. -->","yoast_head_json":{"title":"B\u1ed9 \u0111\u00e8n xi nhan h\u00ecnh ch\u1eef nh\u1eadt th\u00e1o xe b\u00e3i Nh\u1eadt - Motor Taburo","robots":{"index":"index","follow":"follow","max-snippet":"max-snippet:-1","max-image-preview":"max-image-preview:large","max-video-preview":"max-video-preview:-1"},"canonical":"https:\/\/motortaburo.com\/en\/san-pham\/bo-den-xi-nhan-hinh-chu-nhat-thao-xe-bai-nhat\/","og_locale":"en_US","og_type":"article","og_title":"B\u1ed9 \u0111\u00e8n xi nhan h\u00ecnh ch\u1eef nh\u1eadt th\u00e1o xe b\u00e3i Nh\u1eadt","og_description":"B\u1ed9 \u0111\u00e8n xi nhan h\u00ecnh ch\u1eef nh\u1eadt th\u00e1o xe b\u00e3i Nh\u1eadt.  M\u1ed9t c\u00e1i b\u1ecb n\u1ee9t g\u00e3y ch\u00e2n (c\u00f3 th\u1ec3 h\u00e0n l\u1ea1i \u0111\u1ec3 x\u00e0i).  B\u00f3ng \u0111\u00e8n \u0111i k\u00e8m 12v 21w.  Ch\u00e2n ren 10mm.","og_url":"https:\/\/motortaburo.com\/en\/san-pham\/bo-den-xi-nhan-hinh-chu-nhat-thao-xe-bai-nhat\/","og_site_name":"Motor Taburo - Genuine Motorcycle Parts","article_publisher":"https:\/\/www.facebook.com\/MotorTaburo","article_modified_time":"2026-01-22T11:06:00+00:00","og_image":[{"width":960,"height":960,"url":"https:\/\/motortaburo.com\/wp-content\/uploads\/2020\/12\/IMG_1264.jpg","type":"image\/jpeg"}],"twitter_card":"summary_large_image","twitter_misc":{"Price":"900.000&nbsp;&#8363;","Availability":"Out of stock"},"schema":{"@context":"https:\/\/schema.org","@graph":[{"@type":"WebPage","@id":"https:\/\/motortaburo.com\/en\/san-pham\/bo-den-xi-nhan-hinh-chu-nhat-thao-xe-bai-nhat\/","url":"https:\/\/motortaburo.com\/en\/san-pham\/bo-den-xi-nhan-hinh-chu-nhat-thao-xe-bai-nhat\/","name":"B\u1ed9 \u0111\u00e8n xi nhan h\u00ecnh ch\u1eef nh\u1eadt th\u00e1o xe b\u00e3i Nh\u1eadt - Motor Taburo","isPartOf":{"@id":"https:\/\/motortaburo.com\/en\/#website"},"primaryImageOfPage":{"@id":"https:\/\/motortaburo.com\/en\/san-pham\/bo-den-xi-nhan-hinh-chu-nhat-thao-xe-bai-nhat\/#primaryimage"},"image":{"@id":"https:\/\/motortaburo.com\/en\/san-pham\/bo-den-xi-nhan-hinh-chu-nhat-thao-xe-bai-nhat\/#primaryimage"},"thumbnailUrl":"https:\/\/motortaburo.com\/wp-content\/uploads\/2020\/12\/IMG_1264.jpg","datePublished":"2020-12-03T12:06:27+00:00","dateModified":"2026-01-22T11:06:00+00:00","breadcrumb":{"@id":"https:\/\/motortaburo.com\/en\/san-pham\/bo-den-xi-nhan-hinh-chu-nhat-thao-xe-bai-nhat\/#breadcrumb"},"inLanguage":"en-US","potentialAction":[{"@type":"ReadAction","target":["https:\/\/motortaburo.com\/en\/san-pham\/bo-den-xi-nhan-hinh-chu-nhat-thao-xe-bai-nhat\/"]}]},{"@type":"ImageObject","inLanguage":"en-US","@id":"https:\/\/motortaburo.com\/en\/san-pham\/bo-den-xi-nhan-hinh-chu-nhat-thao-xe-bai-nhat\/#primaryimage","url":"https:\/\/motortaburo.com\/wp-content\/uploads\/2020\/12\/IMG_1264.jpg","contentUrl":"https:\/\/motortaburo.com\/wp-content\/uploads\/2020\/12\/IMG_1264.jpg","width":960,"height":960},{"@type":"BreadcrumbList","@id":"https:\/\/motortaburo.com\/en\/san-pham\/bo-den-xi-nhan-hinh-chu-nhat-thao-xe-bai-nhat\/#breadcrumb","itemListElement":[{"@type":"ListItem","position":1,"name":"Home","item":"https:\/\/motortaburo.com\/en\/"},{"@type":"ListItem","position":2,"name":"\u0110\u1ed3 ch\u01a1i xe","item":"https:\/\/motortaburo.com\/do-choi-xe\/"},{"@type":"ListItem","position":3,"name":"B\u1ed9 \u0111\u00e8n xi nhan h\u00ecnh ch\u1eef nh\u1eadt th\u00e1o xe b\u00e3i Nh\u1eadt"}]},{"@type":"WebSite","@id":"https:\/\/motortaburo.com\/en\/#website","url":"https:\/\/motortaburo.com\/en\/","name":"Motor Taburo - Genuine Motorcycle Parts","description":"We sell Japanese motorcycle parts","publisher":{"@id":"https:\/\/motortaburo.com\/en\/#organization"},"alternateName":"Motor Taburo","potentialAction":[{"@type":"SearchAction","target":{"@type":"EntryPoint","urlTemplate":"https:\/\/motortaburo.com\/en\/?s={search_term_string}"},"query-input":{"@type":"PropertyValueSpecification","valueRequired":true,"valueName":"search_term_string"}}],"inLanguage":"en-US"},{"@type":"Organization","@id":"https:\/\/motortaburo.com\/en\/#organization","name":"Motor Taburo - Genuine Motorcycle Parts","url":"https:\/\/motortaburo.com\/en\/","logo":{"@type":"ImageObject","inLanguage":"en-US","@id":"https:\/\/motortaburo.com\/en\/#\/schema\/logo\/image\/","url":"https:\/\/motortaburo.com\/wp-content\/uploads\/2021\/04\/Motor-Taburo-logo-512.jpg","contentUrl":"https:\/\/motortaburo.com\/wp-content\/uploads\/2021\/04\/Motor-Taburo-logo-512.jpg","width":512,"height":512,"caption":"Motor Taburo - Genuine Motorcycle Parts"},"image":{"@id":"https:\/\/motortaburo.com\/en\/#\/schema\/logo\/image\/"},"sameAs":["https:\/\/www.facebook.com\/MotorTaburo"]}]},"product_price_amount":"900000","product_price_currency":"VND","og_availability":"out of stock","product_availability":"out of stock","product_retailer_item_id":"xi-nhan-chu-nhat-cu-01","product_condition":"new"},"_links":{"self":[{"href":"https:\/\/motortaburo.com\/en\/wp-json\/wp\/v2\/product\/10989","targetHints":{"allow":["GET"]}}],"collection":[{"href":"https:\/\/motortaburo.com\/en\/wp-json\/wp\/v2\/product"}],"about":[{"href":"https:\/\/motortaburo.com\/en\/wp-json\/wp\/v2\/types\/product"}],"replies":[{"embeddable":true,"href":"https:\/\/motortaburo.com\/en\/wp-json\/wp\/v2\/comments?post=10989"}],"version-history":[{"count":0,"href":"https:\/\/motortaburo.com\/en\/wp-json\/wp\/v2\/product\/10989\/revisions"}],"wp:featuredmedia":[{"embeddable":true,"href":"https:\/\/motortaburo.com\/en\/wp-json\/wp\/v2\/media\/11006"}],"wp:attachment":[{"href":"https:\/\/motortaburo.com\/en\/wp-json\/wp\/v2\/media?parent=10989"}],"wp:term":[{"taxonomy":"product_brand","embeddable":true,"href":"https:\/\/motortaburo.com\/en\/wp-json\/wp\/v2\/product_brand?post=10989"},{"taxonomy":"product_cat","embeddable":true,"href":"https:\/\/motortaburo.com\/en\/wp-json\/wp\/v2\/product_cat?post=10989"},{"taxonomy":"product_tag","embeddable":true,"href":"https:\/\/motortaburo.com\/en\/wp-json\/wp\/v2\/product_tag?post=10989"},{"taxonomy":"danh-sach-xe","embeddable":true,"href":"https:\/\/motortaburo.com\/en\/wp-json\/wp\/v2\/danh-sach-xe?post=10989"}],"curies":[{"name":"wp","href":"https:\/\/api.w.org\/{rel}","templated":true}]}}