{"id":11177,"date":"2020-12-18T16:46:04","date_gmt":"2020-12-18T09:46:04","guid":{"rendered":"https:\/\/motortaburo.com\/?post_type=product&#038;p=11177"},"modified":"2026-01-22T18:06:00","modified_gmt":"2026-01-22T11:06:00","slug":"bo-cum-dau-heo-dau-cb400ss-zin-thao-xe","status":"publish","type":"product","link":"https:\/\/motortaburo.com\/en\/san-pham\/bo-cum-dau-heo-dau-cb400ss-zin-thao-xe\/","title":{"rendered":"B\u1ed9 c\u00f9m d\u1ea7u, heo d\u1ea7u CB400ss zin th\u00e1o xe"},"content":{"rendered":"","protected":false},"excerpt":{"rendered":"<p>B\u1ed9 c\u00f9m d\u1ea7u, heo d\u1ea7u CB400ss zin th\u00e1o xe.<\/p>\n<p>C\u00f9m kh\u00f4ng x\u00ec d\u1ea7u, b\u1ed1 th\u1eafng c\u00f2n kh\u00e1 d\u00e0y, d\u00e2y d\u1ea7u \u0111\u1eb9p.<\/p>\n<p>Tay th\u1eafng c\u00f3 b\u1ecb tr\u1ea7y \u1edf \u0111\u1ea7u.<\/p>\n<p>P\u00e1t \u0111i k\u00e8m \u0111\u1ea7y \u0111\u1ee7.<\/p>\n<p>T\u00ecnh tr\u1ea1ng chi ti\u1ebft vui l\u00f2ng xem h\u00ecnh.<\/p>\n","protected":false},"featured_media":35542,"comment_status":"open","ping_status":"closed","template":"","meta":[],"product_brand":[],"product_cat":[496],"product_tag":[1138,1139],"danh-sach-xe":[1902],"class_list":{"0":"post-11177","1":"product","2":"type-product","3":"status-publish","4":"has-post-thumbnail","6":"product_cat-heo-dau","7":"product_tag-cum-dau-cb400ss","8":"product_tag-heo-dau-cb400ss","9":"danh-sach-xe-cb400ss","11":"first","12":"outofstock","13":"shipping-taxable","14":"purchasable","15":"product-type-simple"},"yoast_head":"<!-- This site is optimized with the Yoast SEO Premium plugin v23.3 (Yoast SEO v27.0) - https:\/\/yoast.com\/product\/yoast-seo-premium-wordpress\/ -->\n<title>B\u1ed9 c\u00f9m d\u1ea7u, heo d\u1ea7u CB400ss zin th\u00e1o xe - Motor Taburo<\/title>\n<meta name=\"robots\" content=\"index, follow, max-snippet:-1, max-image-preview:large, max-video-preview:-1\" \/>\n<link rel=\"canonical\" href=\"https:\/\/motortaburo.com\/en\/san-pham\/bo-cum-dau-heo-dau-cb400ss-zin-thao-xe\/\" \/>\n<meta property=\"og:locale\" content=\"en_US\" \/>\n<meta property=\"og:type\" content=\"article\" \/>\n<meta property=\"og:title\" content=\"B\u1ed9 c\u00f9m d\u1ea7u, heo d\u1ea7u CB400ss zin th\u00e1o xe\" \/>\n<meta property=\"og:description\" content=\"B\u1ed9 c\u00f9m d\u1ea7u, heo d\u1ea7u CB400ss zin th\u00e1o xe.  C\u00f9m kh\u00f4ng x\u00ec d\u1ea7u, b\u1ed1 th\u1eafng c\u00f2n kh\u00e1 d\u00e0y, d\u00e2y d\u1ea7u \u0111\u1eb9p.  Tay th\u1eafng c\u00f3 b\u1ecb tr\u1ea7y \u1edf \u0111\u1ea7u.  P\u00e1t \u0111i k\u00e8m \u0111\u1ea7y \u0111\u1ee7.  T\u00ecnh tr\u1ea1ng chi ti\u1ebft vui l\u00f2ng xem h\u00ecnh.\" \/>\n<meta property=\"og:url\" content=\"https:\/\/motortaburo.com\/en\/san-pham\/bo-cum-dau-heo-dau-cb400ss-zin-thao-xe\/\" \/>\n<meta property=\"og:site_name\" content=\"Motor Taburo - Genuine Motorcycle Parts\" \/>\n<meta property=\"article:publisher\" content=\"https:\/\/www.facebook.com\/MotorTaburo\" \/>\n<meta property=\"article:modified_time\" content=\"2026-01-22T11:06:00+00:00\" \/>\n<meta property=\"og:image\" content=\"https:\/\/motortaburo.com\/wp-content\/uploads\/2020\/12\/IMG_1547-scaled.jpg\" \/>\n\t<meta property=\"og:image:width\" content=\"2560\" \/>\n\t<meta property=\"og:image:height\" content=\"2560\" \/>\n\t<meta property=\"og:image:type\" content=\"image\/jpeg\" \/>\n<meta name=\"twitter:card\" content=\"summary_large_image\" \/>\n<meta name=\"twitter:label1\" content=\"Price\" \/>\n\t<meta name=\"twitter:data1\" content=\"2.150.000&nbsp;&#8363;\" \/>\n\t<meta name=\"twitter:label2\" content=\"Availability\" \/>\n\t<meta name=\"twitter:data2\" content=\"Out of stock\" \/>\n<script type=\"application\/ld+json\" class=\"yoast-schema-graph\">{\"@context\":\"https:\/\/schema.org\",\"@graph\":[{\"@type\":\"WebPage\",\"@id\":\"https:\/\/motortaburo.com\/en\/san-pham\/bo-cum-dau-heo-dau-cb400ss-zin-thao-xe\/\",\"url\":\"https:\/\/motortaburo.com\/en\/san-pham\/bo-cum-dau-heo-dau-cb400ss-zin-thao-xe\/\",\"name\":\"B\u1ed9 c\u00f9m d\u1ea7u, heo d\u1ea7u CB400ss zin th\u00e1o xe - Motor Taburo\",\"isPartOf\":{\"@id\":\"https:\/\/motortaburo.com\/en\/#website\"},\"primaryImageOfPage\":{\"@id\":\"https:\/\/motortaburo.com\/en\/san-pham\/bo-cum-dau-heo-dau-cb400ss-zin-thao-xe\/#primaryimage\"},\"image\":{\"@id\":\"https:\/\/motortaburo.com\/en\/san-pham\/bo-cum-dau-heo-dau-cb400ss-zin-thao-xe\/#primaryimage\"},\"thumbnailUrl\":\"https:\/\/motortaburo.com\/wp-content\/uploads\/2020\/12\/IMG_1547-scaled.jpg\",\"datePublished\":\"2020-12-18T09:46:04+00:00\",\"dateModified\":\"2026-01-22T11:06:00+00:00\",\"breadcrumb\":{\"@id\":\"https:\/\/motortaburo.com\/en\/san-pham\/bo-cum-dau-heo-dau-cb400ss-zin-thao-xe\/#breadcrumb\"},\"inLanguage\":\"en-US\",\"potentialAction\":[{\"@type\":\"ReadAction\",\"target\":[\"https:\/\/motortaburo.com\/en\/san-pham\/bo-cum-dau-heo-dau-cb400ss-zin-thao-xe\/\"]}]},{\"@type\":\"ImageObject\",\"inLanguage\":\"en-US\",\"@id\":\"https:\/\/motortaburo.com\/en\/san-pham\/bo-cum-dau-heo-dau-cb400ss-zin-thao-xe\/#primaryimage\",\"url\":\"https:\/\/motortaburo.com\/wp-content\/uploads\/2020\/12\/IMG_1547-scaled.jpg\",\"contentUrl\":\"https:\/\/motortaburo.com\/wp-content\/uploads\/2020\/12\/IMG_1547-scaled.jpg\",\"width\":2560,\"height\":2560},{\"@type\":\"BreadcrumbList\",\"@id\":\"https:\/\/motortaburo.com\/en\/san-pham\/bo-cum-dau-heo-dau-cb400ss-zin-thao-xe\/#breadcrumb\",\"itemListElement\":[{\"@type\":\"ListItem\",\"position\":1,\"name\":\"Home\",\"item\":\"https:\/\/motortaburo.com\/en\/\"},{\"@type\":\"ListItem\",\"position\":2,\"name\":\"\u0110\u1ed3 ch\u01a1i xe\",\"item\":\"https:\/\/motortaburo.com\/do-choi-xe\/\"},{\"@type\":\"ListItem\",\"position\":3,\"name\":\"B\u1ed9 c\u00f9m d\u1ea7u, heo d\u1ea7u CB400ss zin th\u00e1o xe\"}]},{\"@type\":\"WebSite\",\"@id\":\"https:\/\/motortaburo.com\/en\/#website\",\"url\":\"https:\/\/motortaburo.com\/en\/\",\"name\":\"Motor Taburo - Genuine Motorcycle Parts\",\"description\":\"We sell Japanese motorcycle parts\",\"publisher\":{\"@id\":\"https:\/\/motortaburo.com\/en\/#organization\"},\"alternateName\":\"Motor Taburo\",\"potentialAction\":[{\"@type\":\"SearchAction\",\"target\":{\"@type\":\"EntryPoint\",\"urlTemplate\":\"https:\/\/motortaburo.com\/en\/?s={search_term_string}\"},\"query-input\":{\"@type\":\"PropertyValueSpecification\",\"valueRequired\":true,\"valueName\":\"search_term_string\"}}],\"inLanguage\":\"en-US\"},{\"@type\":\"Organization\",\"@id\":\"https:\/\/motortaburo.com\/en\/#organization\",\"name\":\"Motor Taburo - Genuine Motorcycle Parts\",\"url\":\"https:\/\/motortaburo.com\/en\/\",\"logo\":{\"@type\":\"ImageObject\",\"inLanguage\":\"en-US\",\"@id\":\"https:\/\/motortaburo.com\/en\/#\/schema\/logo\/image\/\",\"url\":\"https:\/\/motortaburo.com\/wp-content\/uploads\/2021\/04\/Motor-Taburo-logo-512.jpg\",\"contentUrl\":\"https:\/\/motortaburo.com\/wp-content\/uploads\/2021\/04\/Motor-Taburo-logo-512.jpg\",\"width\":512,\"height\":512,\"caption\":\"Motor Taburo - Genuine Motorcycle Parts\"},\"image\":{\"@id\":\"https:\/\/motortaburo.com\/en\/#\/schema\/logo\/image\/\"},\"sameAs\":[\"https:\/\/www.facebook.com\/MotorTaburo\"]}]}<\/script>\n<meta property=\"product:brand\" content=\"Honda\" \/>\n<meta property=\"product:price:amount\" content=\"2150000\" \/>\n<meta property=\"product:price:currency\" content=\"VND\" \/>\n<meta property=\"og:availability\" content=\"out of stock\" \/>\n<meta property=\"product:availability\" content=\"out of stock\" \/>\n<meta property=\"product:retailer_item_id\" content=\"heo-dau-cb400ss-cu-01\" \/>\n<meta property=\"product:condition\" content=\"new\" \/>\n<!-- \/ Yoast SEO Premium plugin. -->","yoast_head_json":{"title":"B\u1ed9 c\u00f9m d\u1ea7u, heo d\u1ea7u CB400ss zin th\u00e1o xe - Motor Taburo","robots":{"index":"index","follow":"follow","max-snippet":"max-snippet:-1","max-image-preview":"max-image-preview:large","max-video-preview":"max-video-preview:-1"},"canonical":"https:\/\/motortaburo.com\/en\/san-pham\/bo-cum-dau-heo-dau-cb400ss-zin-thao-xe\/","og_locale":"en_US","og_type":"article","og_title":"B\u1ed9 c\u00f9m d\u1ea7u, heo d\u1ea7u CB400ss zin th\u00e1o xe","og_description":"B\u1ed9 c\u00f9m d\u1ea7u, heo d\u1ea7u CB400ss zin th\u00e1o xe.  C\u00f9m kh\u00f4ng x\u00ec d\u1ea7u, b\u1ed1 th\u1eafng c\u00f2n kh\u00e1 d\u00e0y, d\u00e2y d\u1ea7u \u0111\u1eb9p.  Tay th\u1eafng c\u00f3 b\u1ecb tr\u1ea7y \u1edf \u0111\u1ea7u.  P\u00e1t \u0111i k\u00e8m \u0111\u1ea7y \u0111\u1ee7.  T\u00ecnh tr\u1ea1ng chi ti\u1ebft vui l\u00f2ng xem h\u00ecnh.","og_url":"https:\/\/motortaburo.com\/en\/san-pham\/bo-cum-dau-heo-dau-cb400ss-zin-thao-xe\/","og_site_name":"Motor Taburo - Genuine Motorcycle Parts","article_publisher":"https:\/\/www.facebook.com\/MotorTaburo","article_modified_time":"2026-01-22T11:06:00+00:00","og_image":[{"width":2560,"height":2560,"url":"https:\/\/motortaburo.com\/wp-content\/uploads\/2020\/12\/IMG_1547-scaled.jpg","type":"image\/jpeg"}],"twitter_card":"summary_large_image","twitter_misc":{"Price":"2.150.000&nbsp;&#8363;","Availability":"Out of stock"},"schema":{"@context":"https:\/\/schema.org","@graph":[{"@type":"WebPage","@id":"https:\/\/motortaburo.com\/en\/san-pham\/bo-cum-dau-heo-dau-cb400ss-zin-thao-xe\/","url":"https:\/\/motortaburo.com\/en\/san-pham\/bo-cum-dau-heo-dau-cb400ss-zin-thao-xe\/","name":"B\u1ed9 c\u00f9m d\u1ea7u, heo d\u1ea7u CB400ss zin th\u00e1o xe - Motor Taburo","isPartOf":{"@id":"https:\/\/motortaburo.com\/en\/#website"},"primaryImageOfPage":{"@id":"https:\/\/motortaburo.com\/en\/san-pham\/bo-cum-dau-heo-dau-cb400ss-zin-thao-xe\/#primaryimage"},"image":{"@id":"https:\/\/motortaburo.com\/en\/san-pham\/bo-cum-dau-heo-dau-cb400ss-zin-thao-xe\/#primaryimage"},"thumbnailUrl":"https:\/\/motortaburo.com\/wp-content\/uploads\/2020\/12\/IMG_1547-scaled.jpg","datePublished":"2020-12-18T09:46:04+00:00","dateModified":"2026-01-22T11:06:00+00:00","breadcrumb":{"@id":"https:\/\/motortaburo.com\/en\/san-pham\/bo-cum-dau-heo-dau-cb400ss-zin-thao-xe\/#breadcrumb"},"inLanguage":"en-US","potentialAction":[{"@type":"ReadAction","target":["https:\/\/motortaburo.com\/en\/san-pham\/bo-cum-dau-heo-dau-cb400ss-zin-thao-xe\/"]}]},{"@type":"ImageObject","inLanguage":"en-US","@id":"https:\/\/motortaburo.com\/en\/san-pham\/bo-cum-dau-heo-dau-cb400ss-zin-thao-xe\/#primaryimage","url":"https:\/\/motortaburo.com\/wp-content\/uploads\/2020\/12\/IMG_1547-scaled.jpg","contentUrl":"https:\/\/motortaburo.com\/wp-content\/uploads\/2020\/12\/IMG_1547-scaled.jpg","width":2560,"height":2560},{"@type":"BreadcrumbList","@id":"https:\/\/motortaburo.com\/en\/san-pham\/bo-cum-dau-heo-dau-cb400ss-zin-thao-xe\/#breadcrumb","itemListElement":[{"@type":"ListItem","position":1,"name":"Home","item":"https:\/\/motortaburo.com\/en\/"},{"@type":"ListItem","position":2,"name":"\u0110\u1ed3 ch\u01a1i xe","item":"https:\/\/motortaburo.com\/do-choi-xe\/"},{"@type":"ListItem","position":3,"name":"B\u1ed9 c\u00f9m d\u1ea7u, heo d\u1ea7u CB400ss zin th\u00e1o xe"}]},{"@type":"WebSite","@id":"https:\/\/motortaburo.com\/en\/#website","url":"https:\/\/motortaburo.com\/en\/","name":"Motor Taburo - Genuine Motorcycle Parts","description":"We sell Japanese motorcycle parts","publisher":{"@id":"https:\/\/motortaburo.com\/en\/#organization"},"alternateName":"Motor Taburo","potentialAction":[{"@type":"SearchAction","target":{"@type":"EntryPoint","urlTemplate":"https:\/\/motortaburo.com\/en\/?s={search_term_string}"},"query-input":{"@type":"PropertyValueSpecification","valueRequired":true,"valueName":"search_term_string"}}],"inLanguage":"en-US"},{"@type":"Organization","@id":"https:\/\/motortaburo.com\/en\/#organization","name":"Motor Taburo - Genuine Motorcycle Parts","url":"https:\/\/motortaburo.com\/en\/","logo":{"@type":"ImageObject","inLanguage":"en-US","@id":"https:\/\/motortaburo.com\/en\/#\/schema\/logo\/image\/","url":"https:\/\/motortaburo.com\/wp-content\/uploads\/2021\/04\/Motor-Taburo-logo-512.jpg","contentUrl":"https:\/\/motortaburo.com\/wp-content\/uploads\/2021\/04\/Motor-Taburo-logo-512.jpg","width":512,"height":512,"caption":"Motor Taburo - Genuine Motorcycle Parts"},"image":{"@id":"https:\/\/motortaburo.com\/en\/#\/schema\/logo\/image\/"},"sameAs":["https:\/\/www.facebook.com\/MotorTaburo"]}]},"product_brand":"Honda","product_price_amount":"2150000","product_price_currency":"VND","og_availability":"out of stock","product_availability":"out of stock","product_retailer_item_id":"heo-dau-cb400ss-cu-01","product_condition":"new"},"_links":{"self":[{"href":"https:\/\/motortaburo.com\/en\/wp-json\/wp\/v2\/product\/11177","targetHints":{"allow":["GET"]}}],"collection":[{"href":"https:\/\/motortaburo.com\/en\/wp-json\/wp\/v2\/product"}],"about":[{"href":"https:\/\/motortaburo.com\/en\/wp-json\/wp\/v2\/types\/product"}],"replies":[{"embeddable":true,"href":"https:\/\/motortaburo.com\/en\/wp-json\/wp\/v2\/comments?post=11177"}],"version-history":[{"count":0,"href":"https:\/\/motortaburo.com\/en\/wp-json\/wp\/v2\/product\/11177\/revisions"}],"wp:featuredmedia":[{"embeddable":true,"href":"https:\/\/motortaburo.com\/en\/wp-json\/wp\/v2\/media\/35542"}],"wp:attachment":[{"href":"https:\/\/motortaburo.com\/en\/wp-json\/wp\/v2\/media?parent=11177"}],"wp:term":[{"taxonomy":"product_brand","embeddable":true,"href":"https:\/\/motortaburo.com\/en\/wp-json\/wp\/v2\/product_brand?post=11177"},{"taxonomy":"product_cat","embeddable":true,"href":"https:\/\/motortaburo.com\/en\/wp-json\/wp\/v2\/product_cat?post=11177"},{"taxonomy":"product_tag","embeddable":true,"href":"https:\/\/motortaburo.com\/en\/wp-json\/wp\/v2\/product_tag?post=11177"},{"taxonomy":"danh-sach-xe","embeddable":true,"href":"https:\/\/motortaburo.com\/en\/wp-json\/wp\/v2\/danh-sach-xe?post=11177"}],"curies":[{"name":"wp","href":"https:\/\/api.w.org\/{rel}","templated":true}]}}