{"id":11944,"date":"2021-05-03T12:28:00","date_gmt":"2021-05-03T05:28:00","guid":{"rendered":"https:\/\/motortaburo.com\/bo-oc-co-oc-ban-tho-honda-ss50-67-68-69-72\/"},"modified":"2026-01-22T17:40:53","modified_gmt":"2026-01-22T10:40:53","slug":"bo-oc-co-oc-ban-tho-honda-ss50-67-68-69-72","status":"publish","type":"product","link":"https:\/\/motortaburo.com\/en\/san-pham\/bo-oc-co-oc-ban-tho-honda-ss50-67-68-69-72\/","title":{"rendered":"B\u1ed9 \u1ed1c c\u1ed5, \u1ed1c b\u00e0n th\u1edd Honda SS50, 67, 68, 69, 72"},"content":{"rendered":"","protected":false},"excerpt":{"rendered":"<p>Set b\u00e1n: 1 con \u1ed1c v\u00e0 1 long \u0111\u1ec1n.<\/p>\n<p>Ch\u1ea5t li\u1ec7u s\u1eaft xi.<\/p>\n<p>H\u00e0ng ch\u00ednh h\u00e3ng Honda.<\/p>\n<p>S\u1ea3n xu\u1ea5t t\u1ea1i Nh\u1eadt B\u1ea3n.<\/p>\n<p>B\u1eaft v\u00e0o ngay tr\u00ean b\u00e0n th\u1edd ch\u1eef A.<\/p>\n<p>G\u1eafn cho c\u00e1c d\u00f2ng xe SS50, CD50, Win100.<\/p>\n","protected":false},"featured_media":8583,"comment_status":"open","ping_status":"closed","template":"","meta":[],"product_brand":[],"product_cat":[91],"product_tag":[1868,1873,1872,853,1231,1232],"danh-sach-xe":[1860,1847,1846,1845,1844,1843,1813,1833,1869,1870],"class_list":{"0":"post-11944","1":"product","2":"type-product","3":"status-publish","4":"has-post-thumbnail","6":"product_cat-oc-vit","7":"product_tag-honda-67","8":"product_tag-honda-cl50","9":"product_tag-honda-win-100","10":"product_tag-oc-30-2","11":"product_tag-oc-ban-tho","12":"product_tag-oc-co","13":"danh-sach-xe-cl50","14":"danh-sach-xe-ss50-67","15":"danh-sach-xe-ss50-68","16":"danh-sach-xe-ss50-69","17":"danh-sach-xe-ss50-72","18":"danh-sach-xe-ss50z","19":"danh-sach-xe-cd50-benly","20":"danh-sach-xe-benly-cd90","21":"danh-sach-xe-cl70","22":"danh-sach-xe-win-100","24":"first","25":"outofstock","26":"shipping-taxable","27":"purchasable","28":"product-type-simple"},"yoast_head":"<!-- This site is optimized with the Yoast SEO Premium plugin v23.3 (Yoast SEO v27.0) - https:\/\/yoast.com\/product\/yoast-seo-premium-wordpress\/ -->\n<title>B\u1ed9 \u1ed1c c\u1ed5, \u1ed1c b\u00e0n th\u1edd Honda SS50, 67, 68, 69, 72 - Motor Taburo<\/title>\n<meta name=\"robots\" content=\"index, follow, max-snippet:-1, max-image-preview:large, max-video-preview:-1\" \/>\n<link rel=\"canonical\" href=\"https:\/\/motortaburo.com\/en\/san-pham\/bo-oc-co-oc-ban-tho-honda-ss50-67-68-69-72\/\" \/>\n<meta property=\"og:locale\" content=\"en_US\" \/>\n<meta property=\"og:type\" content=\"article\" \/>\n<meta property=\"og:title\" content=\"B\u1ed9 \u1ed1c c\u1ed5, \u1ed1c b\u00e0n th\u1edd Honda SS50, 67, 68, 69, 72\" \/>\n<meta property=\"og:description\" content=\"Set b\u00e1n: 1 con \u1ed1c v\u00e0 1 long \u0111\u1ec1n.  Ch\u1ea5t li\u1ec7u s\u1eaft xi.  H\u00e0ng ch\u00ednh h\u00e3ng Honda.  S\u1ea3n xu\u1ea5t t\u1ea1i Nh\u1eadt B\u1ea3n.  B\u1eaft v\u00e0o ngay tr\u00ean b\u00e0n th\u1edd ch\u1eef A.  G\u1eafn cho c\u00e1c d\u00f2ng xe SS50, CD50, Win100.\" \/>\n<meta property=\"og:url\" content=\"https:\/\/motortaburo.com\/en\/san-pham\/bo-oc-co-oc-ban-tho-honda-ss50-67-68-69-72\/\" \/>\n<meta property=\"og:site_name\" content=\"Motor Taburo - Genuine Motorcycle Parts\" \/>\n<meta property=\"article:publisher\" content=\"https:\/\/www.facebook.com\/MotorTaburo\" \/>\n<meta property=\"article:modified_time\" content=\"2026-01-22T10:40:53+00:00\" \/>\n<meta property=\"og:image\" content=\"https:\/\/motortaburo.com\/wp-content\/uploads\/2020\/06\/IMG_2743.jpg\" \/>\n\t<meta property=\"og:image:width\" content=\"960\" \/>\n\t<meta property=\"og:image:height\" content=\"960\" \/>\n\t<meta property=\"og:image:type\" content=\"image\/jpeg\" \/>\n<meta name=\"twitter:card\" content=\"summary_large_image\" \/>\n<meta name=\"twitter:label1\" content=\"Price\" \/>\n\t<meta name=\"twitter:data1\" content=\"255.000&nbsp;&#8363;\" \/>\n\t<meta name=\"twitter:label2\" content=\"Availability\" \/>\n\t<meta name=\"twitter:data2\" content=\"Out of stock\" \/>\n<script type=\"application\/ld+json\" class=\"yoast-schema-graph\">{\"@context\":\"https:\/\/schema.org\",\"@graph\":[{\"@type\":\"WebPage\",\"@id\":\"https:\/\/motortaburo.com\/en\/san-pham\/bo-oc-co-oc-ban-tho-honda-ss50-67-68-69-72\/\",\"url\":\"https:\/\/motortaburo.com\/en\/san-pham\/bo-oc-co-oc-ban-tho-honda-ss50-67-68-69-72\/\",\"name\":\"B\u1ed9 \u1ed1c c\u1ed5, \u1ed1c b\u00e0n th\u1edd Honda SS50, 67, 68, 69, 72 - Motor Taburo\",\"isPartOf\":{\"@id\":\"https:\/\/motortaburo.com\/en\/#website\"},\"primaryImageOfPage\":{\"@id\":\"https:\/\/motortaburo.com\/en\/san-pham\/bo-oc-co-oc-ban-tho-honda-ss50-67-68-69-72\/#primaryimage\"},\"image\":{\"@id\":\"https:\/\/motortaburo.com\/en\/san-pham\/bo-oc-co-oc-ban-tho-honda-ss50-67-68-69-72\/#primaryimage\"},\"thumbnailUrl\":\"https:\/\/motortaburo.com\/wp-content\/uploads\/2020\/06\/IMG_2743.jpg\",\"datePublished\":\"2021-05-03T05:28:00+00:00\",\"dateModified\":\"2026-01-22T10:40:53+00:00\",\"breadcrumb\":{\"@id\":\"https:\/\/motortaburo.com\/en\/san-pham\/bo-oc-co-oc-ban-tho-honda-ss50-67-68-69-72\/#breadcrumb\"},\"inLanguage\":\"en-US\",\"potentialAction\":[{\"@type\":\"ReadAction\",\"target\":[\"https:\/\/motortaburo.com\/en\/san-pham\/bo-oc-co-oc-ban-tho-honda-ss50-67-68-69-72\/\"]}]},{\"@type\":\"ImageObject\",\"inLanguage\":\"en-US\",\"@id\":\"https:\/\/motortaburo.com\/en\/san-pham\/bo-oc-co-oc-ban-tho-honda-ss50-67-68-69-72\/#primaryimage\",\"url\":\"https:\/\/motortaburo.com\/wp-content\/uploads\/2020\/06\/IMG_2743.jpg\",\"contentUrl\":\"https:\/\/motortaburo.com\/wp-content\/uploads\/2020\/06\/IMG_2743.jpg\",\"width\":960,\"height\":960},{\"@type\":\"BreadcrumbList\",\"@id\":\"https:\/\/motortaburo.com\/en\/san-pham\/bo-oc-co-oc-ban-tho-honda-ss50-67-68-69-72\/#breadcrumb\",\"itemListElement\":[{\"@type\":\"ListItem\",\"position\":1,\"name\":\"Home\",\"item\":\"https:\/\/motortaburo.com\/en\/\"},{\"@type\":\"ListItem\",\"position\":2,\"name\":\"\u0110\u1ed3 ch\u01a1i xe\",\"item\":\"https:\/\/motortaburo.com\/do-choi-xe\/\"},{\"@type\":\"ListItem\",\"position\":3,\"name\":\"B\u1ed9 \u1ed1c c\u1ed5, \u1ed1c b\u00e0n th\u1edd Honda SS50, 67, 68, 69, 72\"}]},{\"@type\":\"WebSite\",\"@id\":\"https:\/\/motortaburo.com\/en\/#website\",\"url\":\"https:\/\/motortaburo.com\/en\/\",\"name\":\"Motor Taburo - Genuine Motorcycle Parts\",\"description\":\"We sell Japanese motorcycle parts\",\"publisher\":{\"@id\":\"https:\/\/motortaburo.com\/en\/#organization\"},\"alternateName\":\"Motor Taburo\",\"potentialAction\":[{\"@type\":\"SearchAction\",\"target\":{\"@type\":\"EntryPoint\",\"urlTemplate\":\"https:\/\/motortaburo.com\/en\/?s={search_term_string}\"},\"query-input\":{\"@type\":\"PropertyValueSpecification\",\"valueRequired\":true,\"valueName\":\"search_term_string\"}}],\"inLanguage\":\"en-US\"},{\"@type\":\"Organization\",\"@id\":\"https:\/\/motortaburo.com\/en\/#organization\",\"name\":\"Motor Taburo - Genuine Motorcycle Parts\",\"url\":\"https:\/\/motortaburo.com\/en\/\",\"logo\":{\"@type\":\"ImageObject\",\"inLanguage\":\"en-US\",\"@id\":\"https:\/\/motortaburo.com\/en\/#\/schema\/logo\/image\/\",\"url\":\"https:\/\/motortaburo.com\/wp-content\/uploads\/2021\/04\/Motor-Taburo-logo-512.jpg\",\"contentUrl\":\"https:\/\/motortaburo.com\/wp-content\/uploads\/2021\/04\/Motor-Taburo-logo-512.jpg\",\"width\":512,\"height\":512,\"caption\":\"Motor Taburo - Genuine Motorcycle Parts\"},\"image\":{\"@id\":\"https:\/\/motortaburo.com\/en\/#\/schema\/logo\/image\/\"},\"sameAs\":[\"https:\/\/www.facebook.com\/MotorTaburo\"]}]}<\/script>\n<meta property=\"product:brand\" content=\"Honda\" \/>\n<meta property=\"product:price:amount\" content=\"255000\" \/>\n<meta property=\"product:price:currency\" content=\"VND\" \/>\n<meta property=\"og:availability\" content=\"out of stock\" \/>\n<meta property=\"product:availability\" content=\"out of stock\" \/>\n<meta property=\"product:retailer_item_id\" content=\"PVN24\" \/>\n<meta property=\"product:condition\" content=\"new\" \/>\n<!-- \/ Yoast SEO Premium plugin. -->","yoast_head_json":{"title":"B\u1ed9 \u1ed1c c\u1ed5, \u1ed1c b\u00e0n th\u1edd Honda SS50, 67, 68, 69, 72 - Motor Taburo","robots":{"index":"index","follow":"follow","max-snippet":"max-snippet:-1","max-image-preview":"max-image-preview:large","max-video-preview":"max-video-preview:-1"},"canonical":"https:\/\/motortaburo.com\/en\/san-pham\/bo-oc-co-oc-ban-tho-honda-ss50-67-68-69-72\/","og_locale":"en_US","og_type":"article","og_title":"B\u1ed9 \u1ed1c c\u1ed5, \u1ed1c b\u00e0n th\u1edd Honda SS50, 67, 68, 69, 72","og_description":"Set b\u00e1n: 1 con \u1ed1c v\u00e0 1 long \u0111\u1ec1n.  Ch\u1ea5t li\u1ec7u s\u1eaft xi.  H\u00e0ng ch\u00ednh h\u00e3ng Honda.  S\u1ea3n xu\u1ea5t t\u1ea1i Nh\u1eadt B\u1ea3n.  B\u1eaft v\u00e0o ngay tr\u00ean b\u00e0n th\u1edd ch\u1eef A.  G\u1eafn cho c\u00e1c d\u00f2ng xe SS50, CD50, Win100.","og_url":"https:\/\/motortaburo.com\/en\/san-pham\/bo-oc-co-oc-ban-tho-honda-ss50-67-68-69-72\/","og_site_name":"Motor Taburo - Genuine Motorcycle Parts","article_publisher":"https:\/\/www.facebook.com\/MotorTaburo","article_modified_time":"2026-01-22T10:40:53+00:00","og_image":[{"width":960,"height":960,"url":"https:\/\/motortaburo.com\/wp-content\/uploads\/2020\/06\/IMG_2743.jpg","type":"image\/jpeg"}],"twitter_card":"summary_large_image","twitter_misc":{"Price":"255.000&nbsp;&#8363;","Availability":"Out of stock"},"schema":{"@context":"https:\/\/schema.org","@graph":[{"@type":"WebPage","@id":"https:\/\/motortaburo.com\/en\/san-pham\/bo-oc-co-oc-ban-tho-honda-ss50-67-68-69-72\/","url":"https:\/\/motortaburo.com\/en\/san-pham\/bo-oc-co-oc-ban-tho-honda-ss50-67-68-69-72\/","name":"B\u1ed9 \u1ed1c c\u1ed5, \u1ed1c b\u00e0n th\u1edd Honda SS50, 67, 68, 69, 72 - Motor Taburo","isPartOf":{"@id":"https:\/\/motortaburo.com\/en\/#website"},"primaryImageOfPage":{"@id":"https:\/\/motortaburo.com\/en\/san-pham\/bo-oc-co-oc-ban-tho-honda-ss50-67-68-69-72\/#primaryimage"},"image":{"@id":"https:\/\/motortaburo.com\/en\/san-pham\/bo-oc-co-oc-ban-tho-honda-ss50-67-68-69-72\/#primaryimage"},"thumbnailUrl":"https:\/\/motortaburo.com\/wp-content\/uploads\/2020\/06\/IMG_2743.jpg","datePublished":"2021-05-03T05:28:00+00:00","dateModified":"2026-01-22T10:40:53+00:00","breadcrumb":{"@id":"https:\/\/motortaburo.com\/en\/san-pham\/bo-oc-co-oc-ban-tho-honda-ss50-67-68-69-72\/#breadcrumb"},"inLanguage":"en-US","potentialAction":[{"@type":"ReadAction","target":["https:\/\/motortaburo.com\/en\/san-pham\/bo-oc-co-oc-ban-tho-honda-ss50-67-68-69-72\/"]}]},{"@type":"ImageObject","inLanguage":"en-US","@id":"https:\/\/motortaburo.com\/en\/san-pham\/bo-oc-co-oc-ban-tho-honda-ss50-67-68-69-72\/#primaryimage","url":"https:\/\/motortaburo.com\/wp-content\/uploads\/2020\/06\/IMG_2743.jpg","contentUrl":"https:\/\/motortaburo.com\/wp-content\/uploads\/2020\/06\/IMG_2743.jpg","width":960,"height":960},{"@type":"BreadcrumbList","@id":"https:\/\/motortaburo.com\/en\/san-pham\/bo-oc-co-oc-ban-tho-honda-ss50-67-68-69-72\/#breadcrumb","itemListElement":[{"@type":"ListItem","position":1,"name":"Home","item":"https:\/\/motortaburo.com\/en\/"},{"@type":"ListItem","position":2,"name":"\u0110\u1ed3 ch\u01a1i xe","item":"https:\/\/motortaburo.com\/do-choi-xe\/"},{"@type":"ListItem","position":3,"name":"B\u1ed9 \u1ed1c c\u1ed5, \u1ed1c b\u00e0n th\u1edd Honda SS50, 67, 68, 69, 72"}]},{"@type":"WebSite","@id":"https:\/\/motortaburo.com\/en\/#website","url":"https:\/\/motortaburo.com\/en\/","name":"Motor Taburo - Genuine Motorcycle Parts","description":"We sell Japanese motorcycle parts","publisher":{"@id":"https:\/\/motortaburo.com\/en\/#organization"},"alternateName":"Motor Taburo","potentialAction":[{"@type":"SearchAction","target":{"@type":"EntryPoint","urlTemplate":"https:\/\/motortaburo.com\/en\/?s={search_term_string}"},"query-input":{"@type":"PropertyValueSpecification","valueRequired":true,"valueName":"search_term_string"}}],"inLanguage":"en-US"},{"@type":"Organization","@id":"https:\/\/motortaburo.com\/en\/#organization","name":"Motor Taburo - Genuine Motorcycle Parts","url":"https:\/\/motortaburo.com\/en\/","logo":{"@type":"ImageObject","inLanguage":"en-US","@id":"https:\/\/motortaburo.com\/en\/#\/schema\/logo\/image\/","url":"https:\/\/motortaburo.com\/wp-content\/uploads\/2021\/04\/Motor-Taburo-logo-512.jpg","contentUrl":"https:\/\/motortaburo.com\/wp-content\/uploads\/2021\/04\/Motor-Taburo-logo-512.jpg","width":512,"height":512,"caption":"Motor Taburo - Genuine Motorcycle Parts"},"image":{"@id":"https:\/\/motortaburo.com\/en\/#\/schema\/logo\/image\/"},"sameAs":["https:\/\/www.facebook.com\/MotorTaburo"]}]},"product_brand":"Honda","product_price_amount":"255000","product_price_currency":"VND","og_availability":"out of stock","product_availability":"out of stock","product_retailer_item_id":"PVN24","product_condition":"new"},"_links":{"self":[{"href":"https:\/\/motortaburo.com\/en\/wp-json\/wp\/v2\/product\/11944","targetHints":{"allow":["GET"]}}],"collection":[{"href":"https:\/\/motortaburo.com\/en\/wp-json\/wp\/v2\/product"}],"about":[{"href":"https:\/\/motortaburo.com\/en\/wp-json\/wp\/v2\/types\/product"}],"replies":[{"embeddable":true,"href":"https:\/\/motortaburo.com\/en\/wp-json\/wp\/v2\/comments?post=11944"}],"version-history":[{"count":0,"href":"https:\/\/motortaburo.com\/en\/wp-json\/wp\/v2\/product\/11944\/revisions"}],"wp:featuredmedia":[{"embeddable":true,"href":"https:\/\/motortaburo.com\/en\/wp-json\/wp\/v2\/media\/8583"}],"wp:attachment":[{"href":"https:\/\/motortaburo.com\/en\/wp-json\/wp\/v2\/media?parent=11944"}],"wp:term":[{"taxonomy":"product_brand","embeddable":true,"href":"https:\/\/motortaburo.com\/en\/wp-json\/wp\/v2\/product_brand?post=11944"},{"taxonomy":"product_cat","embeddable":true,"href":"https:\/\/motortaburo.com\/en\/wp-json\/wp\/v2\/product_cat?post=11944"},{"taxonomy":"product_tag","embeddable":true,"href":"https:\/\/motortaburo.com\/en\/wp-json\/wp\/v2\/product_tag?post=11944"},{"taxonomy":"danh-sach-xe","embeddable":true,"href":"https:\/\/motortaburo.com\/en\/wp-json\/wp\/v2\/danh-sach-xe?post=11944"}],"curies":[{"name":"wp","href":"https:\/\/api.w.org\/{rel}","templated":true}]}}