{"id":12340,"date":"2021-05-19T16:33:38","date_gmt":"2021-05-19T09:33:38","guid":{"rendered":"https:\/\/motortaburo.com\/?post_type=product&#038;p=12340"},"modified":"2026-01-22T18:06:05","modified_gmt":"2026-01-22T11:06:05","slug":"bong-den-stanley-6v-1-7w-gan-bong-mo-dong-ho-congtomet","status":"publish","type":"product","link":"https:\/\/motortaburo.com\/en\/san-pham\/bong-den-stanley-6v-1-7w-gan-bong-mo-dong-ho-congtomet\/","title":{"rendered":"B\u00f3ng \u0111\u00e8n Stanley 6V 1.7W g\u1eafn b\u00f3ng mo \u0111\u1ed3ng h\u1ed3 congtomet"},"content":{"rendered":"","protected":false},"excerpt":{"rendered":"<p>Set b\u00e1n: 1 b\u00f3ng.<\/p>\n<p>Th\u00f4ng s\u1ed1: 6V 1.7W.<\/p>\n<p>H\u00e0ng ch\u00ednh h\u00e3ng Stanley.<\/p>\n<p>S\u1ea3n xu\u1ea5t t\u1ea1i Nh\u1eadt B\u1ea3n.<\/p>\n<p>G\u1eafn v\u00e0o \u0111\u1ed3ng h\u1ed3 congtomet c\u1ee7a xe cub, C50, C70, C90, CD50 G\u00f9, Chaly50, Chaly70, CB50, CL70, CL90, CL100, CT110, CT70, CT90, CM125T, SS50Z.<\/p>\n","protected":false},"featured_media":12335,"comment_status":"open","ping_status":"closed","template":"","meta":[],"product_brand":[],"product_cat":[134],"product_tag":[277,1314,1315,1316,1317,83],"danh-sach-xe":[2387,1861,2350,1843,1841,1862,1869,1897,2352,1896,1826],"class_list":{"0":"post-12340","1":"product","2":"type-product","3":"status-publish","4":"has-post-thumbnail","6":"product_cat-bong-den","7":"product_tag-bong-den-congtomet","8":"product_tag-bong-den-dong-ho-congtomet","9":"product_tag-bong-den-mo","10":"product_tag-bong-mo","11":"product_tag-stanley-6v-1-7w","12":"product_tag-woocommerce","13":"danh-sach-xe-cd50-gu","14":"danh-sach-xe-chaly-cf50","15":"danh-sach-xe-cub-c50","16":"danh-sach-xe-ss50z","17":"danh-sach-xe-super-cub-50-c50","18":"danh-sach-xe-cb50","19":"danh-sach-xe-cl70","20":"danh-sach-xe-cl90","21":"danh-sach-xe-ct70","22":"danh-sach-xe-ct110-hunter-cub","23":"danh-sach-xe-super-cub-90-c90","25":"first","26":"instock","27":"shipping-taxable","28":"purchasable","29":"product-type-simple"},"yoast_head":"<!-- This site is optimized with the Yoast SEO Premium plugin v23.3 (Yoast SEO v27.0) - https:\/\/yoast.com\/product\/yoast-seo-premium-wordpress\/ -->\n<title>B\u00f3ng \u0111\u00e8n Stanley 6V 1.7W g\u1eafn b\u00f3ng mo \u0111\u1ed3ng h\u1ed3 congtomet - Motor Taburo<\/title>\n<meta name=\"robots\" content=\"index, follow, max-snippet:-1, max-image-preview:large, max-video-preview:-1\" \/>\n<link rel=\"canonical\" href=\"https:\/\/motortaburo.com\/en\/san-pham\/bong-den-stanley-6v-1-7w-gan-bong-mo-dong-ho-congtomet\/\" \/>\n<meta property=\"og:locale\" content=\"en_US\" \/>\n<meta property=\"og:type\" content=\"article\" \/>\n<meta property=\"og:title\" content=\"B\u00f3ng \u0111\u00e8n Stanley 6V 1.7W g\u1eafn b\u00f3ng mo \u0111\u1ed3ng h\u1ed3 congtomet\" \/>\n<meta property=\"og:description\" content=\"Set b\u00e1n: 1 b\u00f3ng.  Th\u00f4ng s\u1ed1: 6V 1.7W.  H\u00e0ng ch\u00ednh h\u00e3ng Stanley.  S\u1ea3n xu\u1ea5t t\u1ea1i Nh\u1eadt B\u1ea3n.  G\u1eafn v\u00e0o \u0111\u1ed3ng h\u1ed3 congtomet c\u1ee7a xe cub, C50, C70, C90, CD50 G\u00f9, Chaly50, Chaly70, CB50, CL70, CL90, CL100, CT110, CT70, CT90, CM125T, SS50Z.\" \/>\n<meta property=\"og:url\" content=\"https:\/\/motortaburo.com\/en\/san-pham\/bong-den-stanley-6v-1-7w-gan-bong-mo-dong-ho-congtomet\/\" \/>\n<meta property=\"og:site_name\" content=\"Motor Taburo - Genuine Motorcycle Parts\" \/>\n<meta property=\"article:publisher\" content=\"https:\/\/www.facebook.com\/MotorTaburo\" \/>\n<meta property=\"article:modified_time\" content=\"2026-01-22T11:06:05+00:00\" \/>\n<meta property=\"og:image\" content=\"https:\/\/motortaburo.com\/wp-content\/uploads\/2021\/05\/IMG_3570-1.jpg\" \/>\n\t<meta property=\"og:image:width\" content=\"960\" \/>\n\t<meta property=\"og:image:height\" content=\"960\" \/>\n\t<meta property=\"og:image:type\" content=\"image\/jpeg\" \/>\n<meta name=\"twitter:card\" content=\"summary_large_image\" \/>\n<meta name=\"twitter:label1\" content=\"Price\" \/>\n\t<meta name=\"twitter:data1\" content=\"60.000&nbsp;&#8363;\" \/>\n\t<meta name=\"twitter:label2\" content=\"Availability\" \/>\n\t<meta name=\"twitter:data2\" content=\"In stock\" \/>\n<script type=\"application\/ld+json\" class=\"yoast-schema-graph\">{\"@context\":\"https:\/\/schema.org\",\"@graph\":[{\"@type\":\"WebPage\",\"@id\":\"https:\/\/motortaburo.com\/en\/san-pham\/bong-den-stanley-6v-1-7w-gan-bong-mo-dong-ho-congtomet\/\",\"url\":\"https:\/\/motortaburo.com\/en\/san-pham\/bong-den-stanley-6v-1-7w-gan-bong-mo-dong-ho-congtomet\/\",\"name\":\"B\u00f3ng \u0111\u00e8n Stanley 6V 1.7W g\u1eafn b\u00f3ng mo \u0111\u1ed3ng h\u1ed3 congtomet - Motor Taburo\",\"isPartOf\":{\"@id\":\"https:\/\/motortaburo.com\/en\/#website\"},\"primaryImageOfPage\":{\"@id\":\"https:\/\/motortaburo.com\/en\/san-pham\/bong-den-stanley-6v-1-7w-gan-bong-mo-dong-ho-congtomet\/#primaryimage\"},\"image\":{\"@id\":\"https:\/\/motortaburo.com\/en\/san-pham\/bong-den-stanley-6v-1-7w-gan-bong-mo-dong-ho-congtomet\/#primaryimage\"},\"thumbnailUrl\":\"https:\/\/motortaburo.com\/wp-content\/uploads\/2021\/05\/IMG_3570-1.jpg\",\"datePublished\":\"2021-05-19T09:33:38+00:00\",\"dateModified\":\"2026-01-22T11:06:05+00:00\",\"breadcrumb\":{\"@id\":\"https:\/\/motortaburo.com\/en\/san-pham\/bong-den-stanley-6v-1-7w-gan-bong-mo-dong-ho-congtomet\/#breadcrumb\"},\"inLanguage\":\"en-US\",\"potentialAction\":[{\"@type\":\"ReadAction\",\"target\":[\"https:\/\/motortaburo.com\/en\/san-pham\/bong-den-stanley-6v-1-7w-gan-bong-mo-dong-ho-congtomet\/\"]}]},{\"@type\":\"ImageObject\",\"inLanguage\":\"en-US\",\"@id\":\"https:\/\/motortaburo.com\/en\/san-pham\/bong-den-stanley-6v-1-7w-gan-bong-mo-dong-ho-congtomet\/#primaryimage\",\"url\":\"https:\/\/motortaburo.com\/wp-content\/uploads\/2021\/05\/IMG_3570-1.jpg\",\"contentUrl\":\"https:\/\/motortaburo.com\/wp-content\/uploads\/2021\/05\/IMG_3570-1.jpg\",\"width\":960,\"height\":960},{\"@type\":\"BreadcrumbList\",\"@id\":\"https:\/\/motortaburo.com\/en\/san-pham\/bong-den-stanley-6v-1-7w-gan-bong-mo-dong-ho-congtomet\/#breadcrumb\",\"itemListElement\":[{\"@type\":\"ListItem\",\"position\":1,\"name\":\"Home\",\"item\":\"https:\/\/motortaburo.com\/en\/\"},{\"@type\":\"ListItem\",\"position\":2,\"name\":\"\u0110\u1ed3 ch\u01a1i xe\",\"item\":\"https:\/\/motortaburo.com\/do-choi-xe\/\"},{\"@type\":\"ListItem\",\"position\":3,\"name\":\"B\u00f3ng \u0111\u00e8n Stanley 6V 1.7W g\u1eafn b\u00f3ng mo \u0111\u1ed3ng h\u1ed3 congtomet\"}]},{\"@type\":\"WebSite\",\"@id\":\"https:\/\/motortaburo.com\/en\/#website\",\"url\":\"https:\/\/motortaburo.com\/en\/\",\"name\":\"Motor Taburo - Genuine Motorcycle Parts\",\"description\":\"We sell Japanese motorcycle parts\",\"publisher\":{\"@id\":\"https:\/\/motortaburo.com\/en\/#organization\"},\"alternateName\":\"Motor Taburo\",\"potentialAction\":[{\"@type\":\"SearchAction\",\"target\":{\"@type\":\"EntryPoint\",\"urlTemplate\":\"https:\/\/motortaburo.com\/en\/?s={search_term_string}\"},\"query-input\":{\"@type\":\"PropertyValueSpecification\",\"valueRequired\":true,\"valueName\":\"search_term_string\"}}],\"inLanguage\":\"en-US\"},{\"@type\":\"Organization\",\"@id\":\"https:\/\/motortaburo.com\/en\/#organization\",\"name\":\"Motor Taburo - Genuine Motorcycle Parts\",\"url\":\"https:\/\/motortaburo.com\/en\/\",\"logo\":{\"@type\":\"ImageObject\",\"inLanguage\":\"en-US\",\"@id\":\"https:\/\/motortaburo.com\/en\/#\/schema\/logo\/image\/\",\"url\":\"https:\/\/motortaburo.com\/wp-content\/uploads\/2021\/04\/Motor-Taburo-logo-512.jpg\",\"contentUrl\":\"https:\/\/motortaburo.com\/wp-content\/uploads\/2021\/04\/Motor-Taburo-logo-512.jpg\",\"width\":512,\"height\":512,\"caption\":\"Motor Taburo - Genuine Motorcycle Parts\"},\"image\":{\"@id\":\"https:\/\/motortaburo.com\/en\/#\/schema\/logo\/image\/\"},\"sameAs\":[\"https:\/\/www.facebook.com\/MotorTaburo\"]}]}<\/script>\n<meta property=\"product:brand\" content=\"Stanley\" \/>\n<meta property=\"product:price:amount\" content=\"60000\" \/>\n<meta property=\"product:price:currency\" content=\"VND\" \/>\n<meta property=\"og:availability\" content=\"instock\" \/>\n<meta property=\"product:availability\" content=\"instock\" \/>\n<meta property=\"product:retailer_item_id\" content=\"A61A\" \/>\n<meta property=\"product:condition\" content=\"new\" \/>\n<!-- \/ Yoast SEO Premium plugin. -->","yoast_head_json":{"title":"B\u00f3ng \u0111\u00e8n Stanley 6V 1.7W g\u1eafn b\u00f3ng mo \u0111\u1ed3ng h\u1ed3 congtomet - Motor Taburo","robots":{"index":"index","follow":"follow","max-snippet":"max-snippet:-1","max-image-preview":"max-image-preview:large","max-video-preview":"max-video-preview:-1"},"canonical":"https:\/\/motortaburo.com\/en\/san-pham\/bong-den-stanley-6v-1-7w-gan-bong-mo-dong-ho-congtomet\/","og_locale":"en_US","og_type":"article","og_title":"B\u00f3ng \u0111\u00e8n Stanley 6V 1.7W g\u1eafn b\u00f3ng mo \u0111\u1ed3ng h\u1ed3 congtomet","og_description":"Set b\u00e1n: 1 b\u00f3ng.  Th\u00f4ng s\u1ed1: 6V 1.7W.  H\u00e0ng ch\u00ednh h\u00e3ng Stanley.  S\u1ea3n xu\u1ea5t t\u1ea1i Nh\u1eadt B\u1ea3n.  G\u1eafn v\u00e0o \u0111\u1ed3ng h\u1ed3 congtomet c\u1ee7a xe cub, C50, C70, C90, CD50 G\u00f9, Chaly50, Chaly70, CB50, CL70, CL90, CL100, CT110, CT70, CT90, CM125T, SS50Z.","og_url":"https:\/\/motortaburo.com\/en\/san-pham\/bong-den-stanley-6v-1-7w-gan-bong-mo-dong-ho-congtomet\/","og_site_name":"Motor Taburo - Genuine Motorcycle Parts","article_publisher":"https:\/\/www.facebook.com\/MotorTaburo","article_modified_time":"2026-01-22T11:06:05+00:00","og_image":[{"width":960,"height":960,"url":"https:\/\/motortaburo.com\/wp-content\/uploads\/2021\/05\/IMG_3570-1.jpg","type":"image\/jpeg"}],"twitter_card":"summary_large_image","twitter_misc":{"Price":"60.000&nbsp;&#8363;","Availability":"In stock"},"schema":{"@context":"https:\/\/schema.org","@graph":[{"@type":"WebPage","@id":"https:\/\/motortaburo.com\/en\/san-pham\/bong-den-stanley-6v-1-7w-gan-bong-mo-dong-ho-congtomet\/","url":"https:\/\/motortaburo.com\/en\/san-pham\/bong-den-stanley-6v-1-7w-gan-bong-mo-dong-ho-congtomet\/","name":"B\u00f3ng \u0111\u00e8n Stanley 6V 1.7W g\u1eafn b\u00f3ng mo \u0111\u1ed3ng h\u1ed3 congtomet - Motor Taburo","isPartOf":{"@id":"https:\/\/motortaburo.com\/en\/#website"},"primaryImageOfPage":{"@id":"https:\/\/motortaburo.com\/en\/san-pham\/bong-den-stanley-6v-1-7w-gan-bong-mo-dong-ho-congtomet\/#primaryimage"},"image":{"@id":"https:\/\/motortaburo.com\/en\/san-pham\/bong-den-stanley-6v-1-7w-gan-bong-mo-dong-ho-congtomet\/#primaryimage"},"thumbnailUrl":"https:\/\/motortaburo.com\/wp-content\/uploads\/2021\/05\/IMG_3570-1.jpg","datePublished":"2021-05-19T09:33:38+00:00","dateModified":"2026-01-22T11:06:05+00:00","breadcrumb":{"@id":"https:\/\/motortaburo.com\/en\/san-pham\/bong-den-stanley-6v-1-7w-gan-bong-mo-dong-ho-congtomet\/#breadcrumb"},"inLanguage":"en-US","potentialAction":[{"@type":"ReadAction","target":["https:\/\/motortaburo.com\/en\/san-pham\/bong-den-stanley-6v-1-7w-gan-bong-mo-dong-ho-congtomet\/"]}]},{"@type":"ImageObject","inLanguage":"en-US","@id":"https:\/\/motortaburo.com\/en\/san-pham\/bong-den-stanley-6v-1-7w-gan-bong-mo-dong-ho-congtomet\/#primaryimage","url":"https:\/\/motortaburo.com\/wp-content\/uploads\/2021\/05\/IMG_3570-1.jpg","contentUrl":"https:\/\/motortaburo.com\/wp-content\/uploads\/2021\/05\/IMG_3570-1.jpg","width":960,"height":960},{"@type":"BreadcrumbList","@id":"https:\/\/motortaburo.com\/en\/san-pham\/bong-den-stanley-6v-1-7w-gan-bong-mo-dong-ho-congtomet\/#breadcrumb","itemListElement":[{"@type":"ListItem","position":1,"name":"Home","item":"https:\/\/motortaburo.com\/en\/"},{"@type":"ListItem","position":2,"name":"\u0110\u1ed3 ch\u01a1i xe","item":"https:\/\/motortaburo.com\/do-choi-xe\/"},{"@type":"ListItem","position":3,"name":"B\u00f3ng \u0111\u00e8n Stanley 6V 1.7W g\u1eafn b\u00f3ng mo \u0111\u1ed3ng h\u1ed3 congtomet"}]},{"@type":"WebSite","@id":"https:\/\/motortaburo.com\/en\/#website","url":"https:\/\/motortaburo.com\/en\/","name":"Motor Taburo - Genuine Motorcycle Parts","description":"We sell Japanese motorcycle parts","publisher":{"@id":"https:\/\/motortaburo.com\/en\/#organization"},"alternateName":"Motor Taburo","potentialAction":[{"@type":"SearchAction","target":{"@type":"EntryPoint","urlTemplate":"https:\/\/motortaburo.com\/en\/?s={search_term_string}"},"query-input":{"@type":"PropertyValueSpecification","valueRequired":true,"valueName":"search_term_string"}}],"inLanguage":"en-US"},{"@type":"Organization","@id":"https:\/\/motortaburo.com\/en\/#organization","name":"Motor Taburo - Genuine Motorcycle Parts","url":"https:\/\/motortaburo.com\/en\/","logo":{"@type":"ImageObject","inLanguage":"en-US","@id":"https:\/\/motortaburo.com\/en\/#\/schema\/logo\/image\/","url":"https:\/\/motortaburo.com\/wp-content\/uploads\/2021\/04\/Motor-Taburo-logo-512.jpg","contentUrl":"https:\/\/motortaburo.com\/wp-content\/uploads\/2021\/04\/Motor-Taburo-logo-512.jpg","width":512,"height":512,"caption":"Motor Taburo - Genuine Motorcycle Parts"},"image":{"@id":"https:\/\/motortaburo.com\/en\/#\/schema\/logo\/image\/"},"sameAs":["https:\/\/www.facebook.com\/MotorTaburo"]}]},"product_brand":"Stanley","product_price_amount":"60000","product_price_currency":"VND","og_availability":"instock","product_availability":"instock","product_retailer_item_id":"A61A","product_condition":"new"},"_links":{"self":[{"href":"https:\/\/motortaburo.com\/en\/wp-json\/wp\/v2\/product\/12340","targetHints":{"allow":["GET"]}}],"collection":[{"href":"https:\/\/motortaburo.com\/en\/wp-json\/wp\/v2\/product"}],"about":[{"href":"https:\/\/motortaburo.com\/en\/wp-json\/wp\/v2\/types\/product"}],"replies":[{"embeddable":true,"href":"https:\/\/motortaburo.com\/en\/wp-json\/wp\/v2\/comments?post=12340"}],"version-history":[{"count":0,"href":"https:\/\/motortaburo.com\/en\/wp-json\/wp\/v2\/product\/12340\/revisions"}],"wp:featuredmedia":[{"embeddable":true,"href":"https:\/\/motortaburo.com\/en\/wp-json\/wp\/v2\/media\/12335"}],"wp:attachment":[{"href":"https:\/\/motortaburo.com\/en\/wp-json\/wp\/v2\/media?parent=12340"}],"wp:term":[{"taxonomy":"product_brand","embeddable":true,"href":"https:\/\/motortaburo.com\/en\/wp-json\/wp\/v2\/product_brand?post=12340"},{"taxonomy":"product_cat","embeddable":true,"href":"https:\/\/motortaburo.com\/en\/wp-json\/wp\/v2\/product_cat?post=12340"},{"taxonomy":"product_tag","embeddable":true,"href":"https:\/\/motortaburo.com\/en\/wp-json\/wp\/v2\/product_tag?post=12340"},{"taxonomy":"danh-sach-xe","embeddable":true,"href":"https:\/\/motortaburo.com\/en\/wp-json\/wp\/v2\/danh-sach-xe?post=12340"}],"curies":[{"name":"wp","href":"https:\/\/api.w.org\/{rel}","templated":true}]}}