{"id":12776,"date":"2021-06-28T13:44:55","date_gmt":"2021-06-28T06:44:55","guid":{"rendered":"https:\/\/motortaburo.com\/?post_type=product&#038;p=12776"},"modified":"2026-01-22T18:07:40","modified_gmt":"2026-01-22T11:07:40","slug":"ron-khau-phuoc-truoc-cd50-cd50s-cd90-dax","status":"publish","type":"product","link":"https:\/\/motortaburo.com\/en\/san-pham\/ron-khau-phuoc-truoc-cd50-cd50s-cd90-dax\/","title":{"rendered":"Ron kh\u00e2u phu\u1ed9c tr\u01b0\u1edbc CD50, CD50s, CD90, Dax"},"content":{"rendered":"","protected":false},"excerpt":{"rendered":"<p>Set b\u00e1n bao g\u1ed3m: 1 c\u00e1i.<\/p>\n<p>Ch\u1ea5t li\u1ec7u: Cao su.<\/p>\n<p>H\u00e0ng ch\u00ednh h\u00e3ng Honda.<\/p>\n<p>S\u1ea3n xu\u1ea5t t\u1ea1i Nh\u1eadt B\u1ea3n.<\/p>\n<p>Ron n\u00e0y g\u1eafn v\u00e0o kh\u00e2u phu\u1ed9c tr\u01b0\u1edbc c\u1ee7a xe CD 50, CD 50s, CD 50 G\u00f9,\u00a0CD 90, CD 90 G\u00f9,\u00a0Dax.<\/p>\n","protected":false},"featured_media":43780,"comment_status":"open","ping_status":"closed","template":"","meta":[],"product_brand":[],"product_cat":[111],"product_tag":[1406],"danh-sach-xe":[2387,1876,1860,1859,1813,1833,2362,2388,2363,2367],"class_list":{"0":"post-12776","1":"product","2":"type-product","3":"status-publish","4":"has-post-thumbnail","6":"product_cat-phuoc","7":"product_tag-ron-khau-phuoc-truoc-cd50","8":"danh-sach-xe-cd50-gu","9":"danh-sach-xe-cd50s","10":"danh-sach-xe-cl50","11":"danh-sach-xe-dax-st50","12":"danh-sach-xe-cd50-benly","13":"danh-sach-xe-benly-cd90","14":"danh-sach-xe-cd90s","15":"danh-sach-xe-cd90z-cd90-gu","16":"danh-sach-xe-dax-st70","17":"danh-sach-xe-dax-st90","19":"first","20":"instock","21":"shipping-taxable","22":"purchasable","23":"product-type-simple"},"yoast_head":"<!-- This site is optimized with the Yoast SEO Premium plugin v23.3 (Yoast SEO v27.0) - https:\/\/yoast.com\/product\/yoast-seo-premium-wordpress\/ -->\n<title>Ron kh\u00e2u phu\u1ed9c tr\u01b0\u1edbc CD50, CD50s, CD90, Dax - Motor Taburo<\/title>\n<meta name=\"robots\" content=\"index, follow, max-snippet:-1, max-image-preview:large, max-video-preview:-1\" \/>\n<link rel=\"canonical\" href=\"https:\/\/motortaburo.com\/en\/san-pham\/ron-khau-phuoc-truoc-cd50-cd50s-cd90-dax\/\" \/>\n<meta property=\"og:locale\" content=\"en_US\" \/>\n<meta property=\"og:type\" content=\"article\" \/>\n<meta property=\"og:title\" content=\"Ron kh\u00e2u phu\u1ed9c tr\u01b0\u1edbc CD50, CD50s, CD90, Dax\" \/>\n<meta property=\"og:description\" content=\"Set b\u00e1n bao g\u1ed3m: 1 c\u00e1i.  Ch\u1ea5t li\u1ec7u: Cao su.  H\u00e0ng ch\u00ednh h\u00e3ng Honda.  S\u1ea3n xu\u1ea5t t\u1ea1i Nh\u1eadt B\u1ea3n.  Ron n\u00e0y g\u1eafn v\u00e0o kh\u00e2u phu\u1ed9c tr\u01b0\u1edbc c\u1ee7a xe CD 50, CD 50s, CD 50 G\u00f9,\u00a0CD 90, CD 90 G\u00f9,\u00a0Dax.\" \/>\n<meta property=\"og:url\" content=\"https:\/\/motortaburo.com\/en\/san-pham\/ron-khau-phuoc-truoc-cd50-cd50s-cd90-dax\/\" \/>\n<meta property=\"og:site_name\" content=\"Motor Taburo - Genuine Motorcycle Parts\" \/>\n<meta property=\"article:publisher\" content=\"https:\/\/www.facebook.com\/MotorTaburo\" \/>\n<meta property=\"article:modified_time\" content=\"2026-01-22T11:07:40+00:00\" \/>\n<meta property=\"og:image\" content=\"https:\/\/motortaburo.com\/wp-content\/uploads\/2021\/06\/PXL_20250721_052150559.jpg\" \/>\n\t<meta property=\"og:image:width\" content=\"1024\" \/>\n\t<meta property=\"og:image:height\" content=\"1024\" \/>\n\t<meta property=\"og:image:type\" content=\"image\/jpeg\" \/>\n<meta name=\"twitter:card\" content=\"summary_large_image\" \/>\n<meta name=\"twitter:label1\" content=\"Price\" \/>\n\t<meta name=\"twitter:data1\" content=\"75.000&nbsp;&#8363;\" \/>\n\t<meta name=\"twitter:label2\" content=\"Availability\" \/>\n\t<meta name=\"twitter:data2\" content=\"In stock\" \/>\n<script type=\"application\/ld+json\" class=\"yoast-schema-graph\">{\"@context\":\"https:\/\/schema.org\",\"@graph\":[{\"@type\":\"WebPage\",\"@id\":\"https:\/\/motortaburo.com\/en\/san-pham\/ron-khau-phuoc-truoc-cd50-cd50s-cd90-dax\/\",\"url\":\"https:\/\/motortaburo.com\/en\/san-pham\/ron-khau-phuoc-truoc-cd50-cd50s-cd90-dax\/\",\"name\":\"Ron kh\u00e2u phu\u1ed9c tr\u01b0\u1edbc CD50, CD50s, CD90, Dax - Motor Taburo\",\"isPartOf\":{\"@id\":\"https:\/\/motortaburo.com\/en\/#website\"},\"primaryImageOfPage\":{\"@id\":\"https:\/\/motortaburo.com\/en\/san-pham\/ron-khau-phuoc-truoc-cd50-cd50s-cd90-dax\/#primaryimage\"},\"image\":{\"@id\":\"https:\/\/motortaburo.com\/en\/san-pham\/ron-khau-phuoc-truoc-cd50-cd50s-cd90-dax\/#primaryimage\"},\"thumbnailUrl\":\"https:\/\/motortaburo.com\/wp-content\/uploads\/2021\/06\/PXL_20250721_052150559.jpg\",\"datePublished\":\"2021-06-28T06:44:55+00:00\",\"dateModified\":\"2026-01-22T11:07:40+00:00\",\"breadcrumb\":{\"@id\":\"https:\/\/motortaburo.com\/en\/san-pham\/ron-khau-phuoc-truoc-cd50-cd50s-cd90-dax\/#breadcrumb\"},\"inLanguage\":\"en-US\",\"potentialAction\":[{\"@type\":\"ReadAction\",\"target\":[\"https:\/\/motortaburo.com\/en\/san-pham\/ron-khau-phuoc-truoc-cd50-cd50s-cd90-dax\/\"]}]},{\"@type\":\"ImageObject\",\"inLanguage\":\"en-US\",\"@id\":\"https:\/\/motortaburo.com\/en\/san-pham\/ron-khau-phuoc-truoc-cd50-cd50s-cd90-dax\/#primaryimage\",\"url\":\"https:\/\/motortaburo.com\/wp-content\/uploads\/2021\/06\/PXL_20250721_052150559.jpg\",\"contentUrl\":\"https:\/\/motortaburo.com\/wp-content\/uploads\/2021\/06\/PXL_20250721_052150559.jpg\",\"width\":1024,\"height\":1024},{\"@type\":\"BreadcrumbList\",\"@id\":\"https:\/\/motortaburo.com\/en\/san-pham\/ron-khau-phuoc-truoc-cd50-cd50s-cd90-dax\/#breadcrumb\",\"itemListElement\":[{\"@type\":\"ListItem\",\"position\":1,\"name\":\"Home\",\"item\":\"https:\/\/motortaburo.com\/en\/\"},{\"@type\":\"ListItem\",\"position\":2,\"name\":\"\u0110\u1ed3 ch\u01a1i xe\",\"item\":\"https:\/\/motortaburo.com\/do-choi-xe\/\"},{\"@type\":\"ListItem\",\"position\":3,\"name\":\"Ron kh\u00e2u phu\u1ed9c tr\u01b0\u1edbc CD50, CD50s, CD90, Dax\"}]},{\"@type\":\"WebSite\",\"@id\":\"https:\/\/motortaburo.com\/en\/#website\",\"url\":\"https:\/\/motortaburo.com\/en\/\",\"name\":\"Motor Taburo - Genuine Motorcycle Parts\",\"description\":\"We sell Japanese motorcycle parts\",\"publisher\":{\"@id\":\"https:\/\/motortaburo.com\/en\/#organization\"},\"alternateName\":\"Motor Taburo\",\"potentialAction\":[{\"@type\":\"SearchAction\",\"target\":{\"@type\":\"EntryPoint\",\"urlTemplate\":\"https:\/\/motortaburo.com\/en\/?s={search_term_string}\"},\"query-input\":{\"@type\":\"PropertyValueSpecification\",\"valueRequired\":true,\"valueName\":\"search_term_string\"}}],\"inLanguage\":\"en-US\"},{\"@type\":\"Organization\",\"@id\":\"https:\/\/motortaburo.com\/en\/#organization\",\"name\":\"Motor Taburo - Genuine Motorcycle Parts\",\"url\":\"https:\/\/motortaburo.com\/en\/\",\"logo\":{\"@type\":\"ImageObject\",\"inLanguage\":\"en-US\",\"@id\":\"https:\/\/motortaburo.com\/en\/#\/schema\/logo\/image\/\",\"url\":\"https:\/\/motortaburo.com\/wp-content\/uploads\/2021\/04\/Motor-Taburo-logo-512.jpg\",\"contentUrl\":\"https:\/\/motortaburo.com\/wp-content\/uploads\/2021\/04\/Motor-Taburo-logo-512.jpg\",\"width\":512,\"height\":512,\"caption\":\"Motor Taburo - Genuine Motorcycle Parts\"},\"image\":{\"@id\":\"https:\/\/motortaburo.com\/en\/#\/schema\/logo\/image\/\"},\"sameAs\":[\"https:\/\/www.facebook.com\/MotorTaburo\"]}]}<\/script>\n<meta property=\"product:brand\" content=\"Honda\" \/>\n<meta property=\"product:price:amount\" content=\"75000\" \/>\n<meta property=\"product:price:currency\" content=\"VND\" \/>\n<meta property=\"og:availability\" content=\"instock\" \/>\n<meta property=\"product:availability\" content=\"instock\" \/>\n<meta property=\"product:retailer_item_id\" content=\"51622-031-000\" \/>\n<meta property=\"product:condition\" content=\"new\" \/>\n<!-- \/ Yoast SEO Premium plugin. -->","yoast_head_json":{"title":"Ron kh\u00e2u phu\u1ed9c tr\u01b0\u1edbc CD50, CD50s, CD90, Dax - Motor Taburo","robots":{"index":"index","follow":"follow","max-snippet":"max-snippet:-1","max-image-preview":"max-image-preview:large","max-video-preview":"max-video-preview:-1"},"canonical":"https:\/\/motortaburo.com\/en\/san-pham\/ron-khau-phuoc-truoc-cd50-cd50s-cd90-dax\/","og_locale":"en_US","og_type":"article","og_title":"Ron kh\u00e2u phu\u1ed9c tr\u01b0\u1edbc CD50, CD50s, CD90, Dax","og_description":"Set b\u00e1n bao g\u1ed3m: 1 c\u00e1i.  Ch\u1ea5t li\u1ec7u: Cao su.  H\u00e0ng ch\u00ednh h\u00e3ng Honda.  S\u1ea3n xu\u1ea5t t\u1ea1i Nh\u1eadt B\u1ea3n.  Ron n\u00e0y g\u1eafn v\u00e0o kh\u00e2u phu\u1ed9c tr\u01b0\u1edbc c\u1ee7a xe CD 50, CD 50s, CD 50 G\u00f9,\u00a0CD 90, CD 90 G\u00f9,\u00a0Dax.","og_url":"https:\/\/motortaburo.com\/en\/san-pham\/ron-khau-phuoc-truoc-cd50-cd50s-cd90-dax\/","og_site_name":"Motor Taburo - Genuine Motorcycle Parts","article_publisher":"https:\/\/www.facebook.com\/MotorTaburo","article_modified_time":"2026-01-22T11:07:40+00:00","og_image":[{"width":1024,"height":1024,"url":"https:\/\/motortaburo.com\/wp-content\/uploads\/2021\/06\/PXL_20250721_052150559.jpg","type":"image\/jpeg"}],"twitter_card":"summary_large_image","twitter_misc":{"Price":"75.000&nbsp;&#8363;","Availability":"In stock"},"schema":{"@context":"https:\/\/schema.org","@graph":[{"@type":"WebPage","@id":"https:\/\/motortaburo.com\/en\/san-pham\/ron-khau-phuoc-truoc-cd50-cd50s-cd90-dax\/","url":"https:\/\/motortaburo.com\/en\/san-pham\/ron-khau-phuoc-truoc-cd50-cd50s-cd90-dax\/","name":"Ron kh\u00e2u phu\u1ed9c tr\u01b0\u1edbc CD50, CD50s, CD90, Dax - Motor Taburo","isPartOf":{"@id":"https:\/\/motortaburo.com\/en\/#website"},"primaryImageOfPage":{"@id":"https:\/\/motortaburo.com\/en\/san-pham\/ron-khau-phuoc-truoc-cd50-cd50s-cd90-dax\/#primaryimage"},"image":{"@id":"https:\/\/motortaburo.com\/en\/san-pham\/ron-khau-phuoc-truoc-cd50-cd50s-cd90-dax\/#primaryimage"},"thumbnailUrl":"https:\/\/motortaburo.com\/wp-content\/uploads\/2021\/06\/PXL_20250721_052150559.jpg","datePublished":"2021-06-28T06:44:55+00:00","dateModified":"2026-01-22T11:07:40+00:00","breadcrumb":{"@id":"https:\/\/motortaburo.com\/en\/san-pham\/ron-khau-phuoc-truoc-cd50-cd50s-cd90-dax\/#breadcrumb"},"inLanguage":"en-US","potentialAction":[{"@type":"ReadAction","target":["https:\/\/motortaburo.com\/en\/san-pham\/ron-khau-phuoc-truoc-cd50-cd50s-cd90-dax\/"]}]},{"@type":"ImageObject","inLanguage":"en-US","@id":"https:\/\/motortaburo.com\/en\/san-pham\/ron-khau-phuoc-truoc-cd50-cd50s-cd90-dax\/#primaryimage","url":"https:\/\/motortaburo.com\/wp-content\/uploads\/2021\/06\/PXL_20250721_052150559.jpg","contentUrl":"https:\/\/motortaburo.com\/wp-content\/uploads\/2021\/06\/PXL_20250721_052150559.jpg","width":1024,"height":1024},{"@type":"BreadcrumbList","@id":"https:\/\/motortaburo.com\/en\/san-pham\/ron-khau-phuoc-truoc-cd50-cd50s-cd90-dax\/#breadcrumb","itemListElement":[{"@type":"ListItem","position":1,"name":"Home","item":"https:\/\/motortaburo.com\/en\/"},{"@type":"ListItem","position":2,"name":"\u0110\u1ed3 ch\u01a1i xe","item":"https:\/\/motortaburo.com\/do-choi-xe\/"},{"@type":"ListItem","position":3,"name":"Ron kh\u00e2u phu\u1ed9c tr\u01b0\u1edbc CD50, CD50s, CD90, Dax"}]},{"@type":"WebSite","@id":"https:\/\/motortaburo.com\/en\/#website","url":"https:\/\/motortaburo.com\/en\/","name":"Motor Taburo - Genuine Motorcycle Parts","description":"We sell Japanese motorcycle parts","publisher":{"@id":"https:\/\/motortaburo.com\/en\/#organization"},"alternateName":"Motor Taburo","potentialAction":[{"@type":"SearchAction","target":{"@type":"EntryPoint","urlTemplate":"https:\/\/motortaburo.com\/en\/?s={search_term_string}"},"query-input":{"@type":"PropertyValueSpecification","valueRequired":true,"valueName":"search_term_string"}}],"inLanguage":"en-US"},{"@type":"Organization","@id":"https:\/\/motortaburo.com\/en\/#organization","name":"Motor Taburo - Genuine Motorcycle Parts","url":"https:\/\/motortaburo.com\/en\/","logo":{"@type":"ImageObject","inLanguage":"en-US","@id":"https:\/\/motortaburo.com\/en\/#\/schema\/logo\/image\/","url":"https:\/\/motortaburo.com\/wp-content\/uploads\/2021\/04\/Motor-Taburo-logo-512.jpg","contentUrl":"https:\/\/motortaburo.com\/wp-content\/uploads\/2021\/04\/Motor-Taburo-logo-512.jpg","width":512,"height":512,"caption":"Motor Taburo - Genuine Motorcycle Parts"},"image":{"@id":"https:\/\/motortaburo.com\/en\/#\/schema\/logo\/image\/"},"sameAs":["https:\/\/www.facebook.com\/MotorTaburo"]}]},"product_brand":"Honda","product_price_amount":"75000","product_price_currency":"VND","og_availability":"instock","product_availability":"instock","product_retailer_item_id":"51622-031-000","product_condition":"new"},"_links":{"self":[{"href":"https:\/\/motortaburo.com\/en\/wp-json\/wp\/v2\/product\/12776","targetHints":{"allow":["GET"]}}],"collection":[{"href":"https:\/\/motortaburo.com\/en\/wp-json\/wp\/v2\/product"}],"about":[{"href":"https:\/\/motortaburo.com\/en\/wp-json\/wp\/v2\/types\/product"}],"replies":[{"embeddable":true,"href":"https:\/\/motortaburo.com\/en\/wp-json\/wp\/v2\/comments?post=12776"}],"version-history":[{"count":1,"href":"https:\/\/motortaburo.com\/en\/wp-json\/wp\/v2\/product\/12776\/revisions"}],"predecessor-version":[{"id":43798,"href":"https:\/\/motortaburo.com\/en\/wp-json\/wp\/v2\/product\/12776\/revisions\/43798"}],"wp:featuredmedia":[{"embeddable":true,"href":"https:\/\/motortaburo.com\/en\/wp-json\/wp\/v2\/media\/43780"}],"wp:attachment":[{"href":"https:\/\/motortaburo.com\/en\/wp-json\/wp\/v2\/media?parent=12776"}],"wp:term":[{"taxonomy":"product_brand","embeddable":true,"href":"https:\/\/motortaburo.com\/en\/wp-json\/wp\/v2\/product_brand?post=12776"},{"taxonomy":"product_cat","embeddable":true,"href":"https:\/\/motortaburo.com\/en\/wp-json\/wp\/v2\/product_cat?post=12776"},{"taxonomy":"product_tag","embeddable":true,"href":"https:\/\/motortaburo.com\/en\/wp-json\/wp\/v2\/product_tag?post=12776"},{"taxonomy":"danh-sach-xe","embeddable":true,"href":"https:\/\/motortaburo.com\/en\/wp-json\/wp\/v2\/danh-sach-xe?post=12776"}],"curies":[{"name":"wp","href":"https:\/\/api.w.org\/{rel}","templated":true}]}}