{"id":13094,"date":"2021-07-22T18:09:22","date_gmt":"2021-07-22T11:09:22","guid":{"rendered":"https:\/\/motortaburo.com\/lo-xo-stop-ss50-cd50-cl50-cl70-s65-s90\/"},"modified":"2026-02-13T11:58:57","modified_gmt":"2026-02-13T04:58:57","slug":"lo-xo-stop-ss50-cd50-cl50-cl70-s65-s90","status":"publish","type":"product","link":"https:\/\/motortaburo.com\/en\/san-pham\/lo-xo-stop-ss50-cd50-cl50-cl70-s65-s90\/","title":{"rendered":"L\u00f2 xo stop SS50, CD50, CL50, CL70, S65, S90"},"content":{"rendered":"","protected":false},"excerpt":{"rendered":"<p>Set b\u00e1n: 1 c\u00e1i.<\/p>\n<p>Ch\u1ea5t li\u1ec7u: S\u1eaft m\u1ea1 k\u1ebdm.<\/p>\n<p>H\u00e0ng ch\u00ednh h\u00e3ng Honda.<\/p>\n<p>S\u1ea3n xu\u1ea5t t\u1ea1i Nh\u1eadt B\u1ea3n.<\/p>\n<p>G\u1eafn v\u00e0o gi\u1eefa stop v\u00e0 ch\u00e2n th\u1eafng c\u00e1c d\u00f2ng xe Honda\u00a0SS50, CD50, CL50, CL70, S65, S90 v\u00e0 nhi\u1ec1u d\u00f2ng xe kh\u00e1c.<\/p>\n","protected":false},"featured_media":13055,"comment_status":"open","ping_status":"closed","template":"","meta":[],"product_brand":[],"product_cat":[178],"product_tag":[1457],"danh-sach-xe":[1860,1847,1846,1845,1844,1843,1813,1869,2334,2336],"class_list":{"0":"post-13094","1":"product","2":"type-product","3":"status-publish","4":"has-post-thumbnail","6":"product_cat-he-thong-phanh-thang","7":"product_tag-lo-xo-stop","8":"danh-sach-xe-cl50","9":"danh-sach-xe-ss50-67","10":"danh-sach-xe-ss50-68","11":"danh-sach-xe-ss50-69","12":"danh-sach-xe-ss50-72","13":"danh-sach-xe-ss50z","14":"danh-sach-xe-cd50-benly","15":"danh-sach-xe-cl70","16":"danh-sach-xe-s65","17":"danh-sach-xe-s90","19":"first","20":"outofstock","21":"shipping-taxable","22":"purchasable","23":"product-type-simple"},"yoast_head":"<!-- This site is optimized with the Yoast SEO Premium plugin v23.3 (Yoast SEO v27.0) - https:\/\/yoast.com\/product\/yoast-seo-premium-wordpress\/ -->\n<title>L\u00f2 xo stop SS50, CD50, CL50, CL70, S65, S90 - Motor Taburo<\/title>\n<meta name=\"robots\" content=\"index, follow, max-snippet:-1, max-image-preview:large, max-video-preview:-1\" \/>\n<link rel=\"canonical\" href=\"https:\/\/motortaburo.com\/en\/san-pham\/lo-xo-stop-ss50-cd50-cl50-cl70-s65-s90\/\" \/>\n<meta property=\"og:locale\" content=\"en_US\" \/>\n<meta property=\"og:type\" content=\"article\" \/>\n<meta property=\"og:title\" content=\"L\u00f2 xo stop SS50, CD50, CL50, CL70, S65, S90\" \/>\n<meta property=\"og:description\" content=\"Set b\u00e1n: 1 c\u00e1i.  Ch\u1ea5t li\u1ec7u: S\u1eaft m\u1ea1 k\u1ebdm.  H\u00e0ng ch\u00ednh h\u00e3ng Honda.  S\u1ea3n xu\u1ea5t t\u1ea1i Nh\u1eadt B\u1ea3n.  G\u1eafn v\u00e0o gi\u1eefa stop v\u00e0 ch\u00e2n th\u1eafng c\u00e1c d\u00f2ng xe Honda\u00a0SS50, CD50, CL50, CL70, S65, S90 v\u00e0 nhi\u1ec1u d\u00f2ng xe kh\u00e1c.\" \/>\n<meta property=\"og:url\" content=\"https:\/\/motortaburo.com\/en\/san-pham\/lo-xo-stop-ss50-cd50-cl50-cl70-s65-s90\/\" \/>\n<meta property=\"og:site_name\" content=\"Motor Taburo - Genuine Motorcycle Parts\" \/>\n<meta property=\"article:publisher\" content=\"https:\/\/www.facebook.com\/MotorTaburo\" \/>\n<meta property=\"article:modified_time\" content=\"2026-02-13T04:58:57+00:00\" \/>\n<meta property=\"og:image\" content=\"https:\/\/motortaburo.com\/wp-content\/uploads\/2021\/07\/IMG_4338.jpg\" \/>\n\t<meta property=\"og:image:width\" content=\"960\" \/>\n\t<meta property=\"og:image:height\" content=\"960\" \/>\n\t<meta property=\"og:image:type\" content=\"image\/jpeg\" \/>\n<meta name=\"twitter:card\" content=\"summary_large_image\" \/>\n<meta name=\"twitter:label1\" content=\"Price\" \/>\n\t<meta name=\"twitter:data1\" content=\"100.000&nbsp;&#8363;\" \/>\n\t<meta name=\"twitter:label2\" content=\"Availability\" \/>\n\t<meta name=\"twitter:data2\" content=\"Out of stock\" \/>\n<script type=\"application\/ld+json\" class=\"yoast-schema-graph\">{\"@context\":\"https:\/\/schema.org\",\"@graph\":[{\"@type\":\"WebPage\",\"@id\":\"https:\/\/motortaburo.com\/en\/san-pham\/lo-xo-stop-ss50-cd50-cl50-cl70-s65-s90\/\",\"url\":\"https:\/\/motortaburo.com\/en\/san-pham\/lo-xo-stop-ss50-cd50-cl50-cl70-s65-s90\/\",\"name\":\"L\u00f2 xo stop SS50, CD50, CL50, CL70, S65, S90 - Motor Taburo\",\"isPartOf\":{\"@id\":\"https:\/\/motortaburo.com\/en\/#website\"},\"primaryImageOfPage\":{\"@id\":\"https:\/\/motortaburo.com\/en\/san-pham\/lo-xo-stop-ss50-cd50-cl50-cl70-s65-s90\/#primaryimage\"},\"image\":{\"@id\":\"https:\/\/motortaburo.com\/en\/san-pham\/lo-xo-stop-ss50-cd50-cl50-cl70-s65-s90\/#primaryimage\"},\"thumbnailUrl\":\"https:\/\/motortaburo.com\/wp-content\/uploads\/2021\/07\/IMG_4338.jpg\",\"datePublished\":\"2021-07-22T11:09:22+00:00\",\"dateModified\":\"2026-02-13T04:58:57+00:00\",\"breadcrumb\":{\"@id\":\"https:\/\/motortaburo.com\/en\/san-pham\/lo-xo-stop-ss50-cd50-cl50-cl70-s65-s90\/#breadcrumb\"},\"inLanguage\":\"en-US\",\"potentialAction\":[{\"@type\":\"ReadAction\",\"target\":[\"https:\/\/motortaburo.com\/en\/san-pham\/lo-xo-stop-ss50-cd50-cl50-cl70-s65-s90\/\"]}]},{\"@type\":\"ImageObject\",\"inLanguage\":\"en-US\",\"@id\":\"https:\/\/motortaburo.com\/en\/san-pham\/lo-xo-stop-ss50-cd50-cl50-cl70-s65-s90\/#primaryimage\",\"url\":\"https:\/\/motortaburo.com\/wp-content\/uploads\/2021\/07\/IMG_4338.jpg\",\"contentUrl\":\"https:\/\/motortaburo.com\/wp-content\/uploads\/2021\/07\/IMG_4338.jpg\",\"width\":960,\"height\":960},{\"@type\":\"BreadcrumbList\",\"@id\":\"https:\/\/motortaburo.com\/en\/san-pham\/lo-xo-stop-ss50-cd50-cl50-cl70-s65-s90\/#breadcrumb\",\"itemListElement\":[{\"@type\":\"ListItem\",\"position\":1,\"name\":\"Home\",\"item\":\"https:\/\/motortaburo.com\/en\/\"},{\"@type\":\"ListItem\",\"position\":2,\"name\":\"\u0110\u1ed3 ch\u01a1i xe\",\"item\":\"https:\/\/motortaburo.com\/do-choi-xe\/\"},{\"@type\":\"ListItem\",\"position\":3,\"name\":\"L\u00f2 xo stop SS50, CD50, CL50, CL70, S65, S90\"}]},{\"@type\":\"WebSite\",\"@id\":\"https:\/\/motortaburo.com\/en\/#website\",\"url\":\"https:\/\/motortaburo.com\/en\/\",\"name\":\"Motor Taburo - Genuine Motorcycle Parts\",\"description\":\"We sell Japanese motorcycle parts\",\"publisher\":{\"@id\":\"https:\/\/motortaburo.com\/en\/#organization\"},\"alternateName\":\"Motor Taburo\",\"potentialAction\":[{\"@type\":\"SearchAction\",\"target\":{\"@type\":\"EntryPoint\",\"urlTemplate\":\"https:\/\/motortaburo.com\/en\/?s={search_term_string}\"},\"query-input\":{\"@type\":\"PropertyValueSpecification\",\"valueRequired\":true,\"valueName\":\"search_term_string\"}}],\"inLanguage\":\"en-US\"},{\"@type\":\"Organization\",\"@id\":\"https:\/\/motortaburo.com\/en\/#organization\",\"name\":\"Motor Taburo - Genuine Motorcycle Parts\",\"url\":\"https:\/\/motortaburo.com\/en\/\",\"logo\":{\"@type\":\"ImageObject\",\"inLanguage\":\"en-US\",\"@id\":\"https:\/\/motortaburo.com\/en\/#\/schema\/logo\/image\/\",\"url\":\"https:\/\/motortaburo.com\/wp-content\/uploads\/2021\/04\/Motor-Taburo-logo-512.jpg\",\"contentUrl\":\"https:\/\/motortaburo.com\/wp-content\/uploads\/2021\/04\/Motor-Taburo-logo-512.jpg\",\"width\":512,\"height\":512,\"caption\":\"Motor Taburo - Genuine Motorcycle Parts\"},\"image\":{\"@id\":\"https:\/\/motortaburo.com\/en\/#\/schema\/logo\/image\/\"},\"sameAs\":[\"https:\/\/www.facebook.com\/MotorTaburo\"]}]}<\/script>\n<meta property=\"product:brand\" content=\"Honda\" \/>\n<meta property=\"product:price:amount\" content=\"100000\" \/>\n<meta property=\"product:price:currency\" content=\"VND\" \/>\n<meta property=\"og:availability\" content=\"out of stock\" \/>\n<meta property=\"product:availability\" content=\"out of stock\" \/>\n<meta property=\"product:retailer_item_id\" content=\"35357-011-000\" \/>\n<meta property=\"product:condition\" content=\"new\" \/>\n<!-- \/ Yoast SEO Premium plugin. -->","yoast_head_json":{"title":"L\u00f2 xo stop SS50, CD50, CL50, CL70, S65, S90 - Motor Taburo","robots":{"index":"index","follow":"follow","max-snippet":"max-snippet:-1","max-image-preview":"max-image-preview:large","max-video-preview":"max-video-preview:-1"},"canonical":"https:\/\/motortaburo.com\/en\/san-pham\/lo-xo-stop-ss50-cd50-cl50-cl70-s65-s90\/","og_locale":"en_US","og_type":"article","og_title":"L\u00f2 xo stop SS50, CD50, CL50, CL70, S65, S90","og_description":"Set b\u00e1n: 1 c\u00e1i.  Ch\u1ea5t li\u1ec7u: S\u1eaft m\u1ea1 k\u1ebdm.  H\u00e0ng ch\u00ednh h\u00e3ng Honda.  S\u1ea3n xu\u1ea5t t\u1ea1i Nh\u1eadt B\u1ea3n.  G\u1eafn v\u00e0o gi\u1eefa stop v\u00e0 ch\u00e2n th\u1eafng c\u00e1c d\u00f2ng xe Honda\u00a0SS50, CD50, CL50, CL70, S65, S90 v\u00e0 nhi\u1ec1u d\u00f2ng xe kh\u00e1c.","og_url":"https:\/\/motortaburo.com\/en\/san-pham\/lo-xo-stop-ss50-cd50-cl50-cl70-s65-s90\/","og_site_name":"Motor Taburo - Genuine Motorcycle Parts","article_publisher":"https:\/\/www.facebook.com\/MotorTaburo","article_modified_time":"2026-02-13T04:58:57+00:00","og_image":[{"width":960,"height":960,"url":"https:\/\/motortaburo.com\/wp-content\/uploads\/2021\/07\/IMG_4338.jpg","type":"image\/jpeg"}],"twitter_card":"summary_large_image","twitter_misc":{"Price":"100.000&nbsp;&#8363;","Availability":"Out of stock"},"schema":{"@context":"https:\/\/schema.org","@graph":[{"@type":"WebPage","@id":"https:\/\/motortaburo.com\/en\/san-pham\/lo-xo-stop-ss50-cd50-cl50-cl70-s65-s90\/","url":"https:\/\/motortaburo.com\/en\/san-pham\/lo-xo-stop-ss50-cd50-cl50-cl70-s65-s90\/","name":"L\u00f2 xo stop SS50, CD50, CL50, CL70, S65, S90 - Motor Taburo","isPartOf":{"@id":"https:\/\/motortaburo.com\/en\/#website"},"primaryImageOfPage":{"@id":"https:\/\/motortaburo.com\/en\/san-pham\/lo-xo-stop-ss50-cd50-cl50-cl70-s65-s90\/#primaryimage"},"image":{"@id":"https:\/\/motortaburo.com\/en\/san-pham\/lo-xo-stop-ss50-cd50-cl50-cl70-s65-s90\/#primaryimage"},"thumbnailUrl":"https:\/\/motortaburo.com\/wp-content\/uploads\/2021\/07\/IMG_4338.jpg","datePublished":"2021-07-22T11:09:22+00:00","dateModified":"2026-02-13T04:58:57+00:00","breadcrumb":{"@id":"https:\/\/motortaburo.com\/en\/san-pham\/lo-xo-stop-ss50-cd50-cl50-cl70-s65-s90\/#breadcrumb"},"inLanguage":"en-US","potentialAction":[{"@type":"ReadAction","target":["https:\/\/motortaburo.com\/en\/san-pham\/lo-xo-stop-ss50-cd50-cl50-cl70-s65-s90\/"]}]},{"@type":"ImageObject","inLanguage":"en-US","@id":"https:\/\/motortaburo.com\/en\/san-pham\/lo-xo-stop-ss50-cd50-cl50-cl70-s65-s90\/#primaryimage","url":"https:\/\/motortaburo.com\/wp-content\/uploads\/2021\/07\/IMG_4338.jpg","contentUrl":"https:\/\/motortaburo.com\/wp-content\/uploads\/2021\/07\/IMG_4338.jpg","width":960,"height":960},{"@type":"BreadcrumbList","@id":"https:\/\/motortaburo.com\/en\/san-pham\/lo-xo-stop-ss50-cd50-cl50-cl70-s65-s90\/#breadcrumb","itemListElement":[{"@type":"ListItem","position":1,"name":"Home","item":"https:\/\/motortaburo.com\/en\/"},{"@type":"ListItem","position":2,"name":"\u0110\u1ed3 ch\u01a1i xe","item":"https:\/\/motortaburo.com\/do-choi-xe\/"},{"@type":"ListItem","position":3,"name":"L\u00f2 xo stop SS50, CD50, CL50, CL70, S65, S90"}]},{"@type":"WebSite","@id":"https:\/\/motortaburo.com\/en\/#website","url":"https:\/\/motortaburo.com\/en\/","name":"Motor Taburo - Genuine Motorcycle Parts","description":"We sell Japanese motorcycle parts","publisher":{"@id":"https:\/\/motortaburo.com\/en\/#organization"},"alternateName":"Motor Taburo","potentialAction":[{"@type":"SearchAction","target":{"@type":"EntryPoint","urlTemplate":"https:\/\/motortaburo.com\/en\/?s={search_term_string}"},"query-input":{"@type":"PropertyValueSpecification","valueRequired":true,"valueName":"search_term_string"}}],"inLanguage":"en-US"},{"@type":"Organization","@id":"https:\/\/motortaburo.com\/en\/#organization","name":"Motor Taburo - Genuine Motorcycle Parts","url":"https:\/\/motortaburo.com\/en\/","logo":{"@type":"ImageObject","inLanguage":"en-US","@id":"https:\/\/motortaburo.com\/en\/#\/schema\/logo\/image\/","url":"https:\/\/motortaburo.com\/wp-content\/uploads\/2021\/04\/Motor-Taburo-logo-512.jpg","contentUrl":"https:\/\/motortaburo.com\/wp-content\/uploads\/2021\/04\/Motor-Taburo-logo-512.jpg","width":512,"height":512,"caption":"Motor Taburo - Genuine Motorcycle Parts"},"image":{"@id":"https:\/\/motortaburo.com\/en\/#\/schema\/logo\/image\/"},"sameAs":["https:\/\/www.facebook.com\/MotorTaburo"]}]},"product_brand":"Honda","product_price_amount":"100000","product_price_currency":"VND","og_availability":"out of stock","product_availability":"out of stock","product_retailer_item_id":"35357-011-000","product_condition":"new"},"_links":{"self":[{"href":"https:\/\/motortaburo.com\/en\/wp-json\/wp\/v2\/product\/13094","targetHints":{"allow":["GET"]}}],"collection":[{"href":"https:\/\/motortaburo.com\/en\/wp-json\/wp\/v2\/product"}],"about":[{"href":"https:\/\/motortaburo.com\/en\/wp-json\/wp\/v2\/types\/product"}],"replies":[{"embeddable":true,"href":"https:\/\/motortaburo.com\/en\/wp-json\/wp\/v2\/comments?post=13094"}],"version-history":[{"count":0,"href":"https:\/\/motortaburo.com\/en\/wp-json\/wp\/v2\/product\/13094\/revisions"}],"wp:featuredmedia":[{"embeddable":true,"href":"https:\/\/motortaburo.com\/en\/wp-json\/wp\/v2\/media\/13055"}],"wp:attachment":[{"href":"https:\/\/motortaburo.com\/en\/wp-json\/wp\/v2\/media?parent=13094"}],"wp:term":[{"taxonomy":"product_brand","embeddable":true,"href":"https:\/\/motortaburo.com\/en\/wp-json\/wp\/v2\/product_brand?post=13094"},{"taxonomy":"product_cat","embeddable":true,"href":"https:\/\/motortaburo.com\/en\/wp-json\/wp\/v2\/product_cat?post=13094"},{"taxonomy":"product_tag","embeddable":true,"href":"https:\/\/motortaburo.com\/en\/wp-json\/wp\/v2\/product_tag?post=13094"},{"taxonomy":"danh-sach-xe","embeddable":true,"href":"https:\/\/motortaburo.com\/en\/wp-json\/wp\/v2\/danh-sach-xe?post=13094"}],"curies":[{"name":"wp","href":"https:\/\/api.w.org\/{rel}","templated":true}]}}