{"id":13323,"date":"2021-11-11T15:27:40","date_gmt":"2021-11-11T08:27:40","guid":{"rendered":"https:\/\/motortaburo.com\/?post_type=product&#038;p=13323"},"modified":"2026-01-22T18:07:10","modified_gmt":"2026-01-22T11:07:10","slug":"long-den-thau-bat-dau-quy-lat-cl50-cd90-dd70-cub-den-vuong","status":"publish","type":"product","link":"https:\/\/motortaburo.com\/en\/san-pham\/long-den-thau-bat-dau-quy-lat-cl50-cd90-dd70-cub-den-vuong\/","title":{"rendered":"Long \u0111\u1ec1n thau, b\u1eaft \u0111\u1ea7u quy l\u00e1t CL50, CD90, DD70, cub \u0111\u00e8n vu\u00f4ng"},"content":{"rendered":"","protected":false},"excerpt":{"rendered":"<p>Set b\u00e1n bao g\u1ed3m: 1 con.<\/p>\n<p>K\u00edch th\u01b0\u1edbc: 6mm.<\/p>\n<p>H\u00e0ng ch\u00ednh h\u00e3ng Honda.<\/p>\n<p>S\u1ea3n xu\u1ea5t t\u1ea1i Nh\u1eadt B\u1ea3n.<\/p>\n<p>D\u00f9ng \u0111\u1ec3 g\u1eafn v\u00e0o \u0111\u1ea7u quy l\u00e1t xe Honda: CL50,CD90, Cub50, Dax50, DD70, Cub \u0111\u00e8n vu\u00f4ng.<\/p>\n","protected":false},"featured_media":13318,"comment_status":"open","ping_status":"closed","template":"","meta":[],"product_brand":[],"product_cat":[91],"product_tag":[],"danh-sach-xe":[1876,1860,1840,1813,1833,1831,1826],"class_list":{"0":"post-13323","1":"product","2":"type-product","3":"status-publish","4":"has-post-thumbnail","6":"product_cat-oc-vit","7":"danh-sach-xe-cd50s","8":"danh-sach-xe-cl50","9":"danh-sach-xe-super-cub-50-custom","10":"danh-sach-xe-cd50-benly","11":"danh-sach-xe-benly-cd90","12":"danh-sach-xe-dd70","13":"danh-sach-xe-super-cub-90-c90","15":"first","16":"instock","17":"shipping-taxable","18":"purchasable","19":"product-type-simple"},"yoast_head":"<!-- This site is optimized with the Yoast SEO Premium plugin v23.3 (Yoast SEO v27.0) - https:\/\/yoast.com\/product\/yoast-seo-premium-wordpress\/ -->\n<title>Long \u0111\u1ec1n thau, b\u1eaft \u0111\u1ea7u quy l\u00e1t CL50, CD90, DD70, cub \u0111\u00e8n vu\u00f4ng - Motor Taburo<\/title>\n<meta name=\"robots\" content=\"index, follow, max-snippet:-1, max-image-preview:large, max-video-preview:-1\" \/>\n<link rel=\"canonical\" href=\"https:\/\/motortaburo.com\/en\/san-pham\/long-den-thau-bat-dau-quy-lat-cl50-cd90-dd70-cub-den-vuong\/\" \/>\n<meta property=\"og:locale\" content=\"en_US\" \/>\n<meta property=\"og:type\" content=\"article\" \/>\n<meta property=\"og:title\" content=\"Long \u0111\u1ec1n thau, b\u1eaft \u0111\u1ea7u quy l\u00e1t CL50, CD90, DD70, cub \u0111\u00e8n vu\u00f4ng\" \/>\n<meta property=\"og:description\" content=\"Set b\u00e1n bao g\u1ed3m: 1 con.  K\u00edch th\u01b0\u1edbc: 6mm.  H\u00e0ng ch\u00ednh h\u00e3ng Honda.  S\u1ea3n xu\u1ea5t t\u1ea1i Nh\u1eadt B\u1ea3n.  D\u00f9ng \u0111\u1ec3 g\u1eafn v\u00e0o \u0111\u1ea7u quy l\u00e1t xe Honda: CL50,CD90, Cub50, Dax50, DD70, Cub \u0111\u00e8n vu\u00f4ng.\" \/>\n<meta property=\"og:url\" content=\"https:\/\/motortaburo.com\/en\/san-pham\/long-den-thau-bat-dau-quy-lat-cl50-cd90-dd70-cub-den-vuong\/\" \/>\n<meta property=\"og:site_name\" content=\"Motor Taburo - Genuine Motorcycle Parts\" \/>\n<meta property=\"article:publisher\" content=\"https:\/\/www.facebook.com\/MotorTaburo\" \/>\n<meta property=\"article:modified_time\" content=\"2026-01-22T11:07:10+00:00\" \/>\n<meta property=\"og:image\" content=\"https:\/\/motortaburo.com\/wp-content\/uploads\/2021\/11\/IMG_0048.jpg\" \/>\n\t<meta property=\"og:image:width\" content=\"960\" \/>\n\t<meta property=\"og:image:height\" content=\"960\" \/>\n\t<meta property=\"og:image:type\" content=\"image\/jpeg\" \/>\n<meta name=\"twitter:card\" content=\"summary_large_image\" \/>\n<meta name=\"twitter:label1\" content=\"Price\" \/>\n\t<meta name=\"twitter:data1\" content=\"65.000&nbsp;&#8363;\" \/>\n\t<meta name=\"twitter:label2\" content=\"Availability\" \/>\n\t<meta name=\"twitter:data2\" content=\"In stock\" \/>\n<script type=\"application\/ld+json\" class=\"yoast-schema-graph\">{\"@context\":\"https:\/\/schema.org\",\"@graph\":[{\"@type\":\"WebPage\",\"@id\":\"https:\/\/motortaburo.com\/en\/san-pham\/long-den-thau-bat-dau-quy-lat-cl50-cd90-dd70-cub-den-vuong\/\",\"url\":\"https:\/\/motortaburo.com\/en\/san-pham\/long-den-thau-bat-dau-quy-lat-cl50-cd90-dd70-cub-den-vuong\/\",\"name\":\"Long \u0111\u1ec1n thau, b\u1eaft \u0111\u1ea7u quy l\u00e1t CL50, CD90, DD70, cub \u0111\u00e8n vu\u00f4ng - Motor Taburo\",\"isPartOf\":{\"@id\":\"https:\/\/motortaburo.com\/en\/#website\"},\"primaryImageOfPage\":{\"@id\":\"https:\/\/motortaburo.com\/en\/san-pham\/long-den-thau-bat-dau-quy-lat-cl50-cd90-dd70-cub-den-vuong\/#primaryimage\"},\"image\":{\"@id\":\"https:\/\/motortaburo.com\/en\/san-pham\/long-den-thau-bat-dau-quy-lat-cl50-cd90-dd70-cub-den-vuong\/#primaryimage\"},\"thumbnailUrl\":\"https:\/\/motortaburo.com\/wp-content\/uploads\/2021\/11\/IMG_0048.jpg\",\"datePublished\":\"2021-11-11T08:27:40+00:00\",\"dateModified\":\"2026-01-22T11:07:10+00:00\",\"breadcrumb\":{\"@id\":\"https:\/\/motortaburo.com\/en\/san-pham\/long-den-thau-bat-dau-quy-lat-cl50-cd90-dd70-cub-den-vuong\/#breadcrumb\"},\"inLanguage\":\"en-US\",\"potentialAction\":[{\"@type\":\"ReadAction\",\"target\":[\"https:\/\/motortaburo.com\/en\/san-pham\/long-den-thau-bat-dau-quy-lat-cl50-cd90-dd70-cub-den-vuong\/\"]}]},{\"@type\":\"ImageObject\",\"inLanguage\":\"en-US\",\"@id\":\"https:\/\/motortaburo.com\/en\/san-pham\/long-den-thau-bat-dau-quy-lat-cl50-cd90-dd70-cub-den-vuong\/#primaryimage\",\"url\":\"https:\/\/motortaburo.com\/wp-content\/uploads\/2021\/11\/IMG_0048.jpg\",\"contentUrl\":\"https:\/\/motortaburo.com\/wp-content\/uploads\/2021\/11\/IMG_0048.jpg\",\"width\":960,\"height\":960},{\"@type\":\"BreadcrumbList\",\"@id\":\"https:\/\/motortaburo.com\/en\/san-pham\/long-den-thau-bat-dau-quy-lat-cl50-cd90-dd70-cub-den-vuong\/#breadcrumb\",\"itemListElement\":[{\"@type\":\"ListItem\",\"position\":1,\"name\":\"Home\",\"item\":\"https:\/\/motortaburo.com\/en\/\"},{\"@type\":\"ListItem\",\"position\":2,\"name\":\"\u0110\u1ed3 ch\u01a1i xe\",\"item\":\"https:\/\/motortaburo.com\/do-choi-xe\/\"},{\"@type\":\"ListItem\",\"position\":3,\"name\":\"Long \u0111\u1ec1n thau, b\u1eaft \u0111\u1ea7u quy l\u00e1t CL50, CD90, DD70, cub \u0111\u00e8n vu\u00f4ng\"}]},{\"@type\":\"WebSite\",\"@id\":\"https:\/\/motortaburo.com\/en\/#website\",\"url\":\"https:\/\/motortaburo.com\/en\/\",\"name\":\"Motor Taburo - Genuine Motorcycle Parts\",\"description\":\"We sell Japanese motorcycle parts\",\"publisher\":{\"@id\":\"https:\/\/motortaburo.com\/en\/#organization\"},\"alternateName\":\"Motor Taburo\",\"potentialAction\":[{\"@type\":\"SearchAction\",\"target\":{\"@type\":\"EntryPoint\",\"urlTemplate\":\"https:\/\/motortaburo.com\/en\/?s={search_term_string}\"},\"query-input\":{\"@type\":\"PropertyValueSpecification\",\"valueRequired\":true,\"valueName\":\"search_term_string\"}}],\"inLanguage\":\"en-US\"},{\"@type\":\"Organization\",\"@id\":\"https:\/\/motortaburo.com\/en\/#organization\",\"name\":\"Motor Taburo - Genuine Motorcycle Parts\",\"url\":\"https:\/\/motortaburo.com\/en\/\",\"logo\":{\"@type\":\"ImageObject\",\"inLanguage\":\"en-US\",\"@id\":\"https:\/\/motortaburo.com\/en\/#\/schema\/logo\/image\/\",\"url\":\"https:\/\/motortaburo.com\/wp-content\/uploads\/2021\/04\/Motor-Taburo-logo-512.jpg\",\"contentUrl\":\"https:\/\/motortaburo.com\/wp-content\/uploads\/2021\/04\/Motor-Taburo-logo-512.jpg\",\"width\":512,\"height\":512,\"caption\":\"Motor Taburo - Genuine Motorcycle Parts\"},\"image\":{\"@id\":\"https:\/\/motortaburo.com\/en\/#\/schema\/logo\/image\/\"},\"sameAs\":[\"https:\/\/www.facebook.com\/MotorTaburo\"]}]}<\/script>\n<meta property=\"product:price:amount\" content=\"65000\" \/>\n<meta property=\"product:price:currency\" content=\"VND\" \/>\n<meta property=\"og:availability\" content=\"instock\" \/>\n<meta property=\"product:availability\" content=\"instock\" \/>\n<meta property=\"product:retailer_item_id\" content=\"90443-035-000\" \/>\n<meta property=\"product:condition\" content=\"new\" \/>\n<!-- \/ Yoast SEO Premium plugin. -->","yoast_head_json":{"title":"Long \u0111\u1ec1n thau, b\u1eaft \u0111\u1ea7u quy l\u00e1t CL50, CD90, DD70, cub \u0111\u00e8n vu\u00f4ng - Motor Taburo","robots":{"index":"index","follow":"follow","max-snippet":"max-snippet:-1","max-image-preview":"max-image-preview:large","max-video-preview":"max-video-preview:-1"},"canonical":"https:\/\/motortaburo.com\/en\/san-pham\/long-den-thau-bat-dau-quy-lat-cl50-cd90-dd70-cub-den-vuong\/","og_locale":"en_US","og_type":"article","og_title":"Long \u0111\u1ec1n thau, b\u1eaft \u0111\u1ea7u quy l\u00e1t CL50, CD90, DD70, cub \u0111\u00e8n vu\u00f4ng","og_description":"Set b\u00e1n bao g\u1ed3m: 1 con.  K\u00edch th\u01b0\u1edbc: 6mm.  H\u00e0ng ch\u00ednh h\u00e3ng Honda.  S\u1ea3n xu\u1ea5t t\u1ea1i Nh\u1eadt B\u1ea3n.  D\u00f9ng \u0111\u1ec3 g\u1eafn v\u00e0o \u0111\u1ea7u quy l\u00e1t xe Honda: CL50,CD90, Cub50, Dax50, DD70, Cub \u0111\u00e8n vu\u00f4ng.","og_url":"https:\/\/motortaburo.com\/en\/san-pham\/long-den-thau-bat-dau-quy-lat-cl50-cd90-dd70-cub-den-vuong\/","og_site_name":"Motor Taburo - Genuine Motorcycle Parts","article_publisher":"https:\/\/www.facebook.com\/MotorTaburo","article_modified_time":"2026-01-22T11:07:10+00:00","og_image":[{"width":960,"height":960,"url":"https:\/\/motortaburo.com\/wp-content\/uploads\/2021\/11\/IMG_0048.jpg","type":"image\/jpeg"}],"twitter_card":"summary_large_image","twitter_misc":{"Price":"65.000&nbsp;&#8363;","Availability":"In stock"},"schema":{"@context":"https:\/\/schema.org","@graph":[{"@type":"WebPage","@id":"https:\/\/motortaburo.com\/en\/san-pham\/long-den-thau-bat-dau-quy-lat-cl50-cd90-dd70-cub-den-vuong\/","url":"https:\/\/motortaburo.com\/en\/san-pham\/long-den-thau-bat-dau-quy-lat-cl50-cd90-dd70-cub-den-vuong\/","name":"Long \u0111\u1ec1n thau, b\u1eaft \u0111\u1ea7u quy l\u00e1t CL50, CD90, DD70, cub \u0111\u00e8n vu\u00f4ng - Motor Taburo","isPartOf":{"@id":"https:\/\/motortaburo.com\/en\/#website"},"primaryImageOfPage":{"@id":"https:\/\/motortaburo.com\/en\/san-pham\/long-den-thau-bat-dau-quy-lat-cl50-cd90-dd70-cub-den-vuong\/#primaryimage"},"image":{"@id":"https:\/\/motortaburo.com\/en\/san-pham\/long-den-thau-bat-dau-quy-lat-cl50-cd90-dd70-cub-den-vuong\/#primaryimage"},"thumbnailUrl":"https:\/\/motortaburo.com\/wp-content\/uploads\/2021\/11\/IMG_0048.jpg","datePublished":"2021-11-11T08:27:40+00:00","dateModified":"2026-01-22T11:07:10+00:00","breadcrumb":{"@id":"https:\/\/motortaburo.com\/en\/san-pham\/long-den-thau-bat-dau-quy-lat-cl50-cd90-dd70-cub-den-vuong\/#breadcrumb"},"inLanguage":"en-US","potentialAction":[{"@type":"ReadAction","target":["https:\/\/motortaburo.com\/en\/san-pham\/long-den-thau-bat-dau-quy-lat-cl50-cd90-dd70-cub-den-vuong\/"]}]},{"@type":"ImageObject","inLanguage":"en-US","@id":"https:\/\/motortaburo.com\/en\/san-pham\/long-den-thau-bat-dau-quy-lat-cl50-cd90-dd70-cub-den-vuong\/#primaryimage","url":"https:\/\/motortaburo.com\/wp-content\/uploads\/2021\/11\/IMG_0048.jpg","contentUrl":"https:\/\/motortaburo.com\/wp-content\/uploads\/2021\/11\/IMG_0048.jpg","width":960,"height":960},{"@type":"BreadcrumbList","@id":"https:\/\/motortaburo.com\/en\/san-pham\/long-den-thau-bat-dau-quy-lat-cl50-cd90-dd70-cub-den-vuong\/#breadcrumb","itemListElement":[{"@type":"ListItem","position":1,"name":"Home","item":"https:\/\/motortaburo.com\/en\/"},{"@type":"ListItem","position":2,"name":"\u0110\u1ed3 ch\u01a1i xe","item":"https:\/\/motortaburo.com\/do-choi-xe\/"},{"@type":"ListItem","position":3,"name":"Long \u0111\u1ec1n thau, b\u1eaft \u0111\u1ea7u quy l\u00e1t CL50, CD90, DD70, cub \u0111\u00e8n vu\u00f4ng"}]},{"@type":"WebSite","@id":"https:\/\/motortaburo.com\/en\/#website","url":"https:\/\/motortaburo.com\/en\/","name":"Motor Taburo - Genuine Motorcycle Parts","description":"We sell Japanese motorcycle parts","publisher":{"@id":"https:\/\/motortaburo.com\/en\/#organization"},"alternateName":"Motor Taburo","potentialAction":[{"@type":"SearchAction","target":{"@type":"EntryPoint","urlTemplate":"https:\/\/motortaburo.com\/en\/?s={search_term_string}"},"query-input":{"@type":"PropertyValueSpecification","valueRequired":true,"valueName":"search_term_string"}}],"inLanguage":"en-US"},{"@type":"Organization","@id":"https:\/\/motortaburo.com\/en\/#organization","name":"Motor Taburo - Genuine Motorcycle Parts","url":"https:\/\/motortaburo.com\/en\/","logo":{"@type":"ImageObject","inLanguage":"en-US","@id":"https:\/\/motortaburo.com\/en\/#\/schema\/logo\/image\/","url":"https:\/\/motortaburo.com\/wp-content\/uploads\/2021\/04\/Motor-Taburo-logo-512.jpg","contentUrl":"https:\/\/motortaburo.com\/wp-content\/uploads\/2021\/04\/Motor-Taburo-logo-512.jpg","width":512,"height":512,"caption":"Motor Taburo - Genuine Motorcycle Parts"},"image":{"@id":"https:\/\/motortaburo.com\/en\/#\/schema\/logo\/image\/"},"sameAs":["https:\/\/www.facebook.com\/MotorTaburo"]}]},"product_price_amount":"65000","product_price_currency":"VND","og_availability":"instock","product_availability":"instock","product_retailer_item_id":"90443-035-000","product_condition":"new"},"_links":{"self":[{"href":"https:\/\/motortaburo.com\/en\/wp-json\/wp\/v2\/product\/13323","targetHints":{"allow":["GET"]}}],"collection":[{"href":"https:\/\/motortaburo.com\/en\/wp-json\/wp\/v2\/product"}],"about":[{"href":"https:\/\/motortaburo.com\/en\/wp-json\/wp\/v2\/types\/product"}],"replies":[{"embeddable":true,"href":"https:\/\/motortaburo.com\/en\/wp-json\/wp\/v2\/comments?post=13323"}],"version-history":[{"count":1,"href":"https:\/\/motortaburo.com\/en\/wp-json\/wp\/v2\/product\/13323\/revisions"}],"predecessor-version":[{"id":43546,"href":"https:\/\/motortaburo.com\/en\/wp-json\/wp\/v2\/product\/13323\/revisions\/43546"}],"wp:featuredmedia":[{"embeddable":true,"href":"https:\/\/motortaburo.com\/en\/wp-json\/wp\/v2\/media\/13318"}],"wp:attachment":[{"href":"https:\/\/motortaburo.com\/en\/wp-json\/wp\/v2\/media?parent=13323"}],"wp:term":[{"taxonomy":"product_brand","embeddable":true,"href":"https:\/\/motortaburo.com\/en\/wp-json\/wp\/v2\/product_brand?post=13323"},{"taxonomy":"product_cat","embeddable":true,"href":"https:\/\/motortaburo.com\/en\/wp-json\/wp\/v2\/product_cat?post=13323"},{"taxonomy":"product_tag","embeddable":true,"href":"https:\/\/motortaburo.com\/en\/wp-json\/wp\/v2\/product_tag?post=13323"},{"taxonomy":"danh-sach-xe","embeddable":true,"href":"https:\/\/motortaburo.com\/en\/wp-json\/wp\/v2\/danh-sach-xe?post=13323"}],"curies":[{"name":"wp","href":"https:\/\/api.w.org\/{rel}","templated":true}]}}