{"id":13435,"date":"2021-12-02T09:46:53","date_gmt":"2021-12-02T02:46:53","guid":{"rendered":"https:\/\/motortaburo.com\/tan-10-li-bat-cot-gap-cl50\/"},"modified":"2026-02-13T11:58:57","modified_gmt":"2026-02-13T04:58:57","slug":"con-tan-lien-long-den-10mm-bat-cot-banh-truoc-cot-gap-cd50-doi-cao-dd70-hang-chinh-hang-honda","status":"publish","type":"product","link":"https:\/\/motortaburo.com\/en\/san-pham\/con-tan-lien-long-den-10mm-bat-cot-banh-truoc-cot-gap-cd50-doi-cao-dd70-hang-chinh-hang-honda\/","title":{"rendered":"Con t\u00e1n li\u1ec1n long \u0111\u1ec1n 10mm, b\u1eaft c\u1ed1t b\u00e1nh tr\u01b0\u1edbc, c\u1ed1t g\u1eafp CD50 \u0111\u1eddi cao, DD70, h\u00e0ng ch\u00ednh h\u00e3ng Honda"},"content":{"rendered":"","protected":false},"excerpt":{"rendered":"<p>Set b\u00e1n bao g\u1ed3m: 1 con.<\/p>\n<p>K\u00edch th\u01b0\u1edbc ren: 10mm.<\/p>\n<p>Ch\u1ea5t li\u1ec7u: S\u1eaft m\u1ea1 k\u1ebdm.<\/p>\n<p>X\u00e0i kh\u00f3a 14.<\/p>\n<p>H\u00e0ng ch\u00ednh h\u00e3ng Honda.<\/p>\n<p>S\u1ea3n xu\u1ea5t t\u1ea1i Nh\u1eadt B\u1ea3n.<\/p>\n<p>D\u00f9ng \u0111\u1ec3 b\u1eaft c\u1ed1t tr\u01b0\u1edbc v\u00e0 c\u1ed1t g\u1eafp xe Honda CD 50 \u0111\u1eddi cao (\u0111\u1ea7u 21xxxxx), DD 70.<\/p>\n<p>B\u1eaft c\u1ed1t g\u1eafp xe Honda CL 50, CD 50S.<\/p>\n","protected":false},"featured_media":44614,"comment_status":"open","ping_status":"closed","template":"","meta":[],"product_brand":[],"product_cat":[91],"product_tag":[171],"danh-sach-xe":[1876,1860,1813,1831],"class_list":{"0":"post-13435","1":"product","2":"type-product","3":"status-publish","4":"has-post-thumbnail","6":"product_cat-oc-vit","7":"product_tag-tan-cot-gap-cl50","8":"danh-sach-xe-cd50s","9":"danh-sach-xe-cl50","10":"danh-sach-xe-cd50-benly","11":"danh-sach-xe-dd70","13":"first","14":"instock","15":"shipping-taxable","16":"purchasable","17":"product-type-simple"},"yoast_head":"<!-- This site is optimized with the Yoast SEO Premium plugin v23.3 (Yoast SEO v27.0) - https:\/\/yoast.com\/product\/yoast-seo-premium-wordpress\/ -->\n<title>Con t\u00e1n li\u1ec1n long \u0111\u1ec1n 10mm, b\u1eaft c\u1ed1t b\u00e1nh tr\u01b0\u1edbc, c\u1ed1t g\u1eafp CD50 \u0111\u1eddi cao, DD70, h\u00e0ng ch\u00ednh h\u00e3ng Honda - Motor Taburo<\/title>\n<meta name=\"robots\" content=\"index, follow, max-snippet:-1, max-image-preview:large, max-video-preview:-1\" \/>\n<link rel=\"canonical\" href=\"https:\/\/motortaburo.com\/en\/san-pham\/con-tan-lien-long-den-10mm-bat-cot-banh-truoc-cot-gap-cd50-doi-cao-dd70-hang-chinh-hang-honda\/\" \/>\n<meta property=\"og:locale\" content=\"en_US\" \/>\n<meta property=\"og:type\" content=\"article\" \/>\n<meta property=\"og:title\" content=\"Con t\u00e1n li\u1ec1n long \u0111\u1ec1n 10mm, b\u1eaft c\u1ed1t b\u00e1nh tr\u01b0\u1edbc, c\u1ed1t g\u1eafp CD50 \u0111\u1eddi cao, DD70, h\u00e0ng ch\u00ednh h\u00e3ng Honda\" \/>\n<meta property=\"og:description\" content=\"Set b\u00e1n bao g\u1ed3m: 1 con.  K\u00edch th\u01b0\u1edbc ren: 10mm.  Ch\u1ea5t li\u1ec7u: S\u1eaft m\u1ea1 k\u1ebdm.  X\u00e0i kh\u00f3a 14.  H\u00e0ng ch\u00ednh h\u00e3ng Honda.  S\u1ea3n xu\u1ea5t t\u1ea1i Nh\u1eadt B\u1ea3n.  D\u00f9ng \u0111\u1ec3 b\u1eaft c\u1ed1t tr\u01b0\u1edbc v\u00e0 c\u1ed1t g\u1eafp xe Honda CD 50 \u0111\u1eddi cao (\u0111\u1ea7u 21xxxxx), DD 70.  B\u1eaft c\u1ed1t g\u1eafp xe Honda CL 50, CD 50S.\" \/>\n<meta property=\"og:url\" content=\"https:\/\/motortaburo.com\/en\/san-pham\/con-tan-lien-long-den-10mm-bat-cot-banh-truoc-cot-gap-cd50-doi-cao-dd70-hang-chinh-hang-honda\/\" \/>\n<meta property=\"og:site_name\" content=\"Motor Taburo - Genuine Motorcycle Parts\" \/>\n<meta property=\"article:publisher\" content=\"https:\/\/www.facebook.com\/MotorTaburo\" \/>\n<meta property=\"article:modified_time\" content=\"2026-02-13T04:58:57+00:00\" \/>\n<meta property=\"og:image\" content=\"https:\/\/motortaburo.com\/wp-content\/uploads\/2021\/12\/PXL_20251227_094757157.jpg\" \/>\n\t<meta property=\"og:image:width\" content=\"1200\" \/>\n\t<meta property=\"og:image:height\" content=\"1200\" \/>\n\t<meta property=\"og:image:type\" content=\"image\/jpeg\" \/>\n<meta name=\"twitter:card\" content=\"summary_large_image\" \/>\n<meta name=\"twitter:label1\" content=\"Price\" \/>\n\t<meta name=\"twitter:data1\" content=\"100.000&nbsp;&#8363;\" \/>\n\t<meta name=\"twitter:label2\" content=\"Availability\" \/>\n\t<meta name=\"twitter:data2\" content=\"In stock\" \/>\n<script type=\"application\/ld+json\" class=\"yoast-schema-graph\">{\"@context\":\"https:\/\/schema.org\",\"@graph\":[{\"@type\":\"WebPage\",\"@id\":\"https:\/\/motortaburo.com\/en\/san-pham\/con-tan-lien-long-den-10mm-bat-cot-banh-truoc-cot-gap-cd50-doi-cao-dd70-hang-chinh-hang-honda\/\",\"url\":\"https:\/\/motortaburo.com\/en\/san-pham\/con-tan-lien-long-den-10mm-bat-cot-banh-truoc-cot-gap-cd50-doi-cao-dd70-hang-chinh-hang-honda\/\",\"name\":\"Con t\u00e1n li\u1ec1n long \u0111\u1ec1n 10mm, b\u1eaft c\u1ed1t b\u00e1nh tr\u01b0\u1edbc, c\u1ed1t g\u1eafp CD50 \u0111\u1eddi cao, DD70, h\u00e0ng ch\u00ednh h\u00e3ng Honda - Motor Taburo\",\"isPartOf\":{\"@id\":\"https:\/\/motortaburo.com\/en\/#website\"},\"primaryImageOfPage\":{\"@id\":\"https:\/\/motortaburo.com\/en\/san-pham\/con-tan-lien-long-den-10mm-bat-cot-banh-truoc-cot-gap-cd50-doi-cao-dd70-hang-chinh-hang-honda\/#primaryimage\"},\"image\":{\"@id\":\"https:\/\/motortaburo.com\/en\/san-pham\/con-tan-lien-long-den-10mm-bat-cot-banh-truoc-cot-gap-cd50-doi-cao-dd70-hang-chinh-hang-honda\/#primaryimage\"},\"thumbnailUrl\":\"https:\/\/motortaburo.com\/wp-content\/uploads\/2021\/12\/PXL_20251227_094757157.jpg\",\"datePublished\":\"2021-12-02T02:46:53+00:00\",\"dateModified\":\"2026-02-13T04:58:57+00:00\",\"breadcrumb\":{\"@id\":\"https:\/\/motortaburo.com\/en\/san-pham\/con-tan-lien-long-den-10mm-bat-cot-banh-truoc-cot-gap-cd50-doi-cao-dd70-hang-chinh-hang-honda\/#breadcrumb\"},\"inLanguage\":\"en-US\",\"potentialAction\":[{\"@type\":\"ReadAction\",\"target\":[\"https:\/\/motortaburo.com\/en\/san-pham\/con-tan-lien-long-den-10mm-bat-cot-banh-truoc-cot-gap-cd50-doi-cao-dd70-hang-chinh-hang-honda\/\"]}]},{\"@type\":\"ImageObject\",\"inLanguage\":\"en-US\",\"@id\":\"https:\/\/motortaburo.com\/en\/san-pham\/con-tan-lien-long-den-10mm-bat-cot-banh-truoc-cot-gap-cd50-doi-cao-dd70-hang-chinh-hang-honda\/#primaryimage\",\"url\":\"https:\/\/motortaburo.com\/wp-content\/uploads\/2021\/12\/PXL_20251227_094757157.jpg\",\"contentUrl\":\"https:\/\/motortaburo.com\/wp-content\/uploads\/2021\/12\/PXL_20251227_094757157.jpg\",\"width\":1200,\"height\":1200},{\"@type\":\"BreadcrumbList\",\"@id\":\"https:\/\/motortaburo.com\/en\/san-pham\/con-tan-lien-long-den-10mm-bat-cot-banh-truoc-cot-gap-cd50-doi-cao-dd70-hang-chinh-hang-honda\/#breadcrumb\",\"itemListElement\":[{\"@type\":\"ListItem\",\"position\":1,\"name\":\"Home\",\"item\":\"https:\/\/motortaburo.com\/en\/\"},{\"@type\":\"ListItem\",\"position\":2,\"name\":\"\u0110\u1ed3 ch\u01a1i xe\",\"item\":\"https:\/\/motortaburo.com\/do-choi-xe\/\"},{\"@type\":\"ListItem\",\"position\":3,\"name\":\"Con t\u00e1n li\u1ec1n long \u0111\u1ec1n 10mm, b\u1eaft c\u1ed1t b\u00e1nh tr\u01b0\u1edbc, c\u1ed1t g\u1eafp CD50 \u0111\u1eddi cao, DD70, h\u00e0ng ch\u00ednh h\u00e3ng Honda\"}]},{\"@type\":\"WebSite\",\"@id\":\"https:\/\/motortaburo.com\/en\/#website\",\"url\":\"https:\/\/motortaburo.com\/en\/\",\"name\":\"Motor Taburo - Genuine Motorcycle Parts\",\"description\":\"We sell Japanese motorcycle parts\",\"publisher\":{\"@id\":\"https:\/\/motortaburo.com\/en\/#organization\"},\"alternateName\":\"Motor Taburo\",\"potentialAction\":[{\"@type\":\"SearchAction\",\"target\":{\"@type\":\"EntryPoint\",\"urlTemplate\":\"https:\/\/motortaburo.com\/en\/?s={search_term_string}\"},\"query-input\":{\"@type\":\"PropertyValueSpecification\",\"valueRequired\":true,\"valueName\":\"search_term_string\"}}],\"inLanguage\":\"en-US\"},{\"@type\":\"Organization\",\"@id\":\"https:\/\/motortaburo.com\/en\/#organization\",\"name\":\"Motor Taburo - Genuine Motorcycle Parts\",\"url\":\"https:\/\/motortaburo.com\/en\/\",\"logo\":{\"@type\":\"ImageObject\",\"inLanguage\":\"en-US\",\"@id\":\"https:\/\/motortaburo.com\/en\/#\/schema\/logo\/image\/\",\"url\":\"https:\/\/motortaburo.com\/wp-content\/uploads\/2021\/04\/Motor-Taburo-logo-512.jpg\",\"contentUrl\":\"https:\/\/motortaburo.com\/wp-content\/uploads\/2021\/04\/Motor-Taburo-logo-512.jpg\",\"width\":512,\"height\":512,\"caption\":\"Motor Taburo - Genuine Motorcycle Parts\"},\"image\":{\"@id\":\"https:\/\/motortaburo.com\/en\/#\/schema\/logo\/image\/\"},\"sameAs\":[\"https:\/\/www.facebook.com\/MotorTaburo\"]}]}<\/script>\n<meta property=\"product:brand\" content=\"Honda\" \/>\n<meta property=\"product:price:amount\" content=\"100000\" \/>\n<meta property=\"product:price:currency\" content=\"VND\" \/>\n<meta property=\"og:availability\" content=\"instock\" \/>\n<meta property=\"product:availability\" content=\"instock\" \/>\n<meta property=\"product:retailer_item_id\" content=\"90304-GE8-003\" \/>\n<meta property=\"product:condition\" content=\"new\" \/>\n<!-- \/ Yoast SEO Premium plugin. -->","yoast_head_json":{"title":"Con t\u00e1n li\u1ec1n long \u0111\u1ec1n 10mm, b\u1eaft c\u1ed1t b\u00e1nh tr\u01b0\u1edbc, c\u1ed1t g\u1eafp CD50 \u0111\u1eddi cao, DD70, h\u00e0ng ch\u00ednh h\u00e3ng Honda - Motor Taburo","robots":{"index":"index","follow":"follow","max-snippet":"max-snippet:-1","max-image-preview":"max-image-preview:large","max-video-preview":"max-video-preview:-1"},"canonical":"https:\/\/motortaburo.com\/en\/san-pham\/con-tan-lien-long-den-10mm-bat-cot-banh-truoc-cot-gap-cd50-doi-cao-dd70-hang-chinh-hang-honda\/","og_locale":"en_US","og_type":"article","og_title":"Con t\u00e1n li\u1ec1n long \u0111\u1ec1n 10mm, b\u1eaft c\u1ed1t b\u00e1nh tr\u01b0\u1edbc, c\u1ed1t g\u1eafp CD50 \u0111\u1eddi cao, DD70, h\u00e0ng ch\u00ednh h\u00e3ng Honda","og_description":"Set b\u00e1n bao g\u1ed3m: 1 con.  K\u00edch th\u01b0\u1edbc ren: 10mm.  Ch\u1ea5t li\u1ec7u: S\u1eaft m\u1ea1 k\u1ebdm.  X\u00e0i kh\u00f3a 14.  H\u00e0ng ch\u00ednh h\u00e3ng Honda.  S\u1ea3n xu\u1ea5t t\u1ea1i Nh\u1eadt B\u1ea3n.  D\u00f9ng \u0111\u1ec3 b\u1eaft c\u1ed1t tr\u01b0\u1edbc v\u00e0 c\u1ed1t g\u1eafp xe Honda CD 50 \u0111\u1eddi cao (\u0111\u1ea7u 21xxxxx), DD 70.  B\u1eaft c\u1ed1t g\u1eafp xe Honda CL 50, CD 50S.","og_url":"https:\/\/motortaburo.com\/en\/san-pham\/con-tan-lien-long-den-10mm-bat-cot-banh-truoc-cot-gap-cd50-doi-cao-dd70-hang-chinh-hang-honda\/","og_site_name":"Motor Taburo - Genuine Motorcycle Parts","article_publisher":"https:\/\/www.facebook.com\/MotorTaburo","article_modified_time":"2026-02-13T04:58:57+00:00","og_image":[{"width":1200,"height":1200,"url":"https:\/\/motortaburo.com\/wp-content\/uploads\/2021\/12\/PXL_20251227_094757157.jpg","type":"image\/jpeg"}],"twitter_card":"summary_large_image","twitter_misc":{"Price":"100.000&nbsp;&#8363;","Availability":"In stock"},"schema":{"@context":"https:\/\/schema.org","@graph":[{"@type":"WebPage","@id":"https:\/\/motortaburo.com\/en\/san-pham\/con-tan-lien-long-den-10mm-bat-cot-banh-truoc-cot-gap-cd50-doi-cao-dd70-hang-chinh-hang-honda\/","url":"https:\/\/motortaburo.com\/en\/san-pham\/con-tan-lien-long-den-10mm-bat-cot-banh-truoc-cot-gap-cd50-doi-cao-dd70-hang-chinh-hang-honda\/","name":"Con t\u00e1n li\u1ec1n long \u0111\u1ec1n 10mm, b\u1eaft c\u1ed1t b\u00e1nh tr\u01b0\u1edbc, c\u1ed1t g\u1eafp CD50 \u0111\u1eddi cao, DD70, h\u00e0ng ch\u00ednh h\u00e3ng Honda - Motor Taburo","isPartOf":{"@id":"https:\/\/motortaburo.com\/en\/#website"},"primaryImageOfPage":{"@id":"https:\/\/motortaburo.com\/en\/san-pham\/con-tan-lien-long-den-10mm-bat-cot-banh-truoc-cot-gap-cd50-doi-cao-dd70-hang-chinh-hang-honda\/#primaryimage"},"image":{"@id":"https:\/\/motortaburo.com\/en\/san-pham\/con-tan-lien-long-den-10mm-bat-cot-banh-truoc-cot-gap-cd50-doi-cao-dd70-hang-chinh-hang-honda\/#primaryimage"},"thumbnailUrl":"https:\/\/motortaburo.com\/wp-content\/uploads\/2021\/12\/PXL_20251227_094757157.jpg","datePublished":"2021-12-02T02:46:53+00:00","dateModified":"2026-02-13T04:58:57+00:00","breadcrumb":{"@id":"https:\/\/motortaburo.com\/en\/san-pham\/con-tan-lien-long-den-10mm-bat-cot-banh-truoc-cot-gap-cd50-doi-cao-dd70-hang-chinh-hang-honda\/#breadcrumb"},"inLanguage":"en-US","potentialAction":[{"@type":"ReadAction","target":["https:\/\/motortaburo.com\/en\/san-pham\/con-tan-lien-long-den-10mm-bat-cot-banh-truoc-cot-gap-cd50-doi-cao-dd70-hang-chinh-hang-honda\/"]}]},{"@type":"ImageObject","inLanguage":"en-US","@id":"https:\/\/motortaburo.com\/en\/san-pham\/con-tan-lien-long-den-10mm-bat-cot-banh-truoc-cot-gap-cd50-doi-cao-dd70-hang-chinh-hang-honda\/#primaryimage","url":"https:\/\/motortaburo.com\/wp-content\/uploads\/2021\/12\/PXL_20251227_094757157.jpg","contentUrl":"https:\/\/motortaburo.com\/wp-content\/uploads\/2021\/12\/PXL_20251227_094757157.jpg","width":1200,"height":1200},{"@type":"BreadcrumbList","@id":"https:\/\/motortaburo.com\/en\/san-pham\/con-tan-lien-long-den-10mm-bat-cot-banh-truoc-cot-gap-cd50-doi-cao-dd70-hang-chinh-hang-honda\/#breadcrumb","itemListElement":[{"@type":"ListItem","position":1,"name":"Home","item":"https:\/\/motortaburo.com\/en\/"},{"@type":"ListItem","position":2,"name":"\u0110\u1ed3 ch\u01a1i xe","item":"https:\/\/motortaburo.com\/do-choi-xe\/"},{"@type":"ListItem","position":3,"name":"Con t\u00e1n li\u1ec1n long \u0111\u1ec1n 10mm, b\u1eaft c\u1ed1t b\u00e1nh tr\u01b0\u1edbc, c\u1ed1t g\u1eafp CD50 \u0111\u1eddi cao, DD70, h\u00e0ng ch\u00ednh h\u00e3ng Honda"}]},{"@type":"WebSite","@id":"https:\/\/motortaburo.com\/en\/#website","url":"https:\/\/motortaburo.com\/en\/","name":"Motor Taburo - Genuine Motorcycle Parts","description":"We sell Japanese motorcycle parts","publisher":{"@id":"https:\/\/motortaburo.com\/en\/#organization"},"alternateName":"Motor Taburo","potentialAction":[{"@type":"SearchAction","target":{"@type":"EntryPoint","urlTemplate":"https:\/\/motortaburo.com\/en\/?s={search_term_string}"},"query-input":{"@type":"PropertyValueSpecification","valueRequired":true,"valueName":"search_term_string"}}],"inLanguage":"en-US"},{"@type":"Organization","@id":"https:\/\/motortaburo.com\/en\/#organization","name":"Motor Taburo - Genuine Motorcycle Parts","url":"https:\/\/motortaburo.com\/en\/","logo":{"@type":"ImageObject","inLanguage":"en-US","@id":"https:\/\/motortaburo.com\/en\/#\/schema\/logo\/image\/","url":"https:\/\/motortaburo.com\/wp-content\/uploads\/2021\/04\/Motor-Taburo-logo-512.jpg","contentUrl":"https:\/\/motortaburo.com\/wp-content\/uploads\/2021\/04\/Motor-Taburo-logo-512.jpg","width":512,"height":512,"caption":"Motor Taburo - Genuine Motorcycle Parts"},"image":{"@id":"https:\/\/motortaburo.com\/en\/#\/schema\/logo\/image\/"},"sameAs":["https:\/\/www.facebook.com\/MotorTaburo"]}]},"product_brand":"Honda","product_price_amount":"100000","product_price_currency":"VND","og_availability":"instock","product_availability":"instock","product_retailer_item_id":"90304-GE8-003","product_condition":"new"},"_links":{"self":[{"href":"https:\/\/motortaburo.com\/en\/wp-json\/wp\/v2\/product\/13435","targetHints":{"allow":["GET"]}}],"collection":[{"href":"https:\/\/motortaburo.com\/en\/wp-json\/wp\/v2\/product"}],"about":[{"href":"https:\/\/motortaburo.com\/en\/wp-json\/wp\/v2\/types\/product"}],"replies":[{"embeddable":true,"href":"https:\/\/motortaburo.com\/en\/wp-json\/wp\/v2\/comments?post=13435"}],"version-history":[{"count":2,"href":"https:\/\/motortaburo.com\/en\/wp-json\/wp\/v2\/product\/13435\/revisions"}],"predecessor-version":[{"id":44632,"href":"https:\/\/motortaburo.com\/en\/wp-json\/wp\/v2\/product\/13435\/revisions\/44632"}],"wp:featuredmedia":[{"embeddable":true,"href":"https:\/\/motortaburo.com\/en\/wp-json\/wp\/v2\/media\/44614"}],"wp:attachment":[{"href":"https:\/\/motortaburo.com\/en\/wp-json\/wp\/v2\/media?parent=13435"}],"wp:term":[{"taxonomy":"product_brand","embeddable":true,"href":"https:\/\/motortaburo.com\/en\/wp-json\/wp\/v2\/product_brand?post=13435"},{"taxonomy":"product_cat","embeddable":true,"href":"https:\/\/motortaburo.com\/en\/wp-json\/wp\/v2\/product_cat?post=13435"},{"taxonomy":"product_tag","embeddable":true,"href":"https:\/\/motortaburo.com\/en\/wp-json\/wp\/v2\/product_tag?post=13435"},{"taxonomy":"danh-sach-xe","embeddable":true,"href":"https:\/\/motortaburo.com\/en\/wp-json\/wp\/v2\/danh-sach-xe?post=13435"}],"curies":[{"name":"wp","href":"https:\/\/api.w.org\/{rel}","templated":true}]}}