{"id":13853,"date":"2022-03-23T13:37:51","date_gmt":"2022-03-23T06:37:51","guid":{"rendered":"https:\/\/motortaburo.com\/fuel-joint-w-stopper-6mm\/"},"modified":"2026-01-22T18:07:19","modified_gmt":"2026-01-22T11:07:19","slug":"ngat-ong-xang-kijima-6mm","status":"publish","type":"product","link":"https:\/\/motortaburo.com\/en\/san-pham\/ngat-ong-xang-kijima-6mm\/","title":{"rendered":"Ng\u1eaft \u1ed1ng x\u0103ng Kijima 6mm"},"content":{"rendered":"","protected":false},"excerpt":{"rendered":"<p>Set b\u00e1n: 1 c\u00e1i.<\/p>\n<p>Ch\u1ea5t li\u1ec7u b\u1eb1ng nh\u1ef1a.<\/p>\n<p>H\u00e0ng ch\u00ednh h\u00e3ng Kijima.<\/p>\n<p>S\u1ea3n xu\u1ea5t t\u1ea1i Nh\u1eadt B\u1ea3n.<\/p>\n<p>Ch\u1ec9 v\u1edbi 1 c\u00e1i ch\u1ea1m, b\u1ea1n c\u00f3 th\u1ec3 ng\u1eaft d\u00e2y x\u0103ng 1 c\u00e1ch d\u1ec5 d\u00e0ng.<\/p>\n<p>R\u1ea5t ti\u1ec7n l\u1ee3i khi b\u1ea1n mu\u1ed1n th\u00e1o b\u00ecnh x\u0103ng l\u1edbn ho\u1eb7c b\u00ecnh x\u0103ng con ra \u0111\u1ec3 v\u1ec7 sinh ho\u1eb7c l\u00e0m g\u00ec \u0111\u00f3.<\/p>\n<p>Khi b\u1ea1n ng\u1eaft, van t\u00edch h\u1ee3p s\u1ebd t\u1ef1 \u0111\u1ed9ng \u0111\u00f3ng l\u1ea1i \u0111\u1ec3 ng\u0103n x\u0103ng ch\u1ea3y ra ngo\u00e0i.<\/p>\n","protected":false},"featured_media":13878,"comment_status":"open","ping_status":"closed","template":"","meta":[],"product_brand":[],"product_cat":[234],"product_tag":[1529,1530],"danh-sach-xe":[1864],"class_list":{"0":"post-13853","1":"product","2":"type-product","3":"status-publish","4":"has-post-thumbnail","6":"product_cat-loc-xang-day-xang","7":"product_tag-ngat-ong-xang-kijima","8":"product_tag-ngat-xang-kijima","9":"danh-sach-xe-cac-xe-pho-thong","11":"first","12":"outofstock","13":"shipping-taxable","14":"purchasable","15":"product-type-simple"},"yoast_head":"<!-- This site is optimized with the Yoast SEO Premium plugin v23.3 (Yoast SEO v27.0) - https:\/\/yoast.com\/product\/yoast-seo-premium-wordpress\/ -->\n<title>Ng\u1eaft \u1ed1ng x\u0103ng Kijima 6mm - Motor Taburo<\/title>\n<meta name=\"robots\" content=\"index, follow, max-snippet:-1, max-image-preview:large, max-video-preview:-1\" \/>\n<link rel=\"canonical\" href=\"https:\/\/motortaburo.com\/en\/san-pham\/ngat-ong-xang-kijima-6mm\/\" \/>\n<meta property=\"og:locale\" content=\"en_US\" \/>\n<meta property=\"og:type\" content=\"article\" \/>\n<meta property=\"og:title\" content=\"Ng\u1eaft \u1ed1ng x\u0103ng Kijima 6mm\" \/>\n<meta property=\"og:description\" content=\"Set b\u00e1n: 1 c\u00e1i.  Ch\u1ea5t li\u1ec7u b\u1eb1ng nh\u1ef1a.  H\u00e0ng ch\u00ednh h\u00e3ng Kijima.  S\u1ea3n xu\u1ea5t t\u1ea1i Nh\u1eadt B\u1ea3n.  Ch\u1ec9 v\u1edbi 1 c\u00e1i ch\u1ea1m, b\u1ea1n c\u00f3 th\u1ec3 ng\u1eaft d\u00e2y x\u0103ng 1 c\u00e1ch d\u1ec5 d\u00e0ng.  R\u1ea5t ti\u1ec7n l\u1ee3i khi b\u1ea1n mu\u1ed1n th\u00e1o b\u00ecnh x\u0103ng l\u1edbn ho\u1eb7c b\u00ecnh x\u0103ng con ra \u0111\u1ec3 v\u1ec7 sinh ho\u1eb7c l\u00e0m g\u00ec \u0111\u00f3.  Khi b\u1ea1n ng\u1eaft, van t\u00edch h\u1ee3p s\u1ebd t\u1ef1 \u0111\u1ed9ng \u0111\u00f3ng l\u1ea1i \u0111\u1ec3 ng\u0103n x\u0103ng ch\u1ea3y ra ngo\u00e0i.\" \/>\n<meta property=\"og:url\" content=\"https:\/\/motortaburo.com\/en\/san-pham\/ngat-ong-xang-kijima-6mm\/\" \/>\n<meta property=\"og:site_name\" content=\"Motor Taburo - Genuine Motorcycle Parts\" \/>\n<meta property=\"article:publisher\" content=\"https:\/\/www.facebook.com\/MotorTaburo\" \/>\n<meta property=\"article:modified_time\" content=\"2026-01-22T11:07:19+00:00\" \/>\n<meta property=\"og:image\" content=\"https:\/\/motortaburo.com\/wp-content\/uploads\/2022\/03\/IMG_0521.jpg\" \/>\n\t<meta property=\"og:image:width\" content=\"960\" \/>\n\t<meta property=\"og:image:height\" content=\"960\" \/>\n\t<meta property=\"og:image:type\" content=\"image\/jpeg\" \/>\n<meta name=\"twitter:card\" content=\"summary_large_image\" \/>\n<meta name=\"twitter:label1\" content=\"Price\" \/>\n\t<meta name=\"twitter:data1\" content=\"1.100.000&nbsp;&#8363;\" \/>\n\t<meta name=\"twitter:label2\" content=\"Availability\" \/>\n\t<meta name=\"twitter:data2\" content=\"Out of stock\" \/>\n<script type=\"application\/ld+json\" class=\"yoast-schema-graph\">{\"@context\":\"https:\/\/schema.org\",\"@graph\":[{\"@type\":\"WebPage\",\"@id\":\"https:\/\/motortaburo.com\/en\/san-pham\/ngat-ong-xang-kijima-6mm\/\",\"url\":\"https:\/\/motortaburo.com\/en\/san-pham\/ngat-ong-xang-kijima-6mm\/\",\"name\":\"Ng\u1eaft \u1ed1ng x\u0103ng Kijima 6mm - Motor Taburo\",\"isPartOf\":{\"@id\":\"https:\/\/motortaburo.com\/en\/#website\"},\"primaryImageOfPage\":{\"@id\":\"https:\/\/motortaburo.com\/en\/san-pham\/ngat-ong-xang-kijima-6mm\/#primaryimage\"},\"image\":{\"@id\":\"https:\/\/motortaburo.com\/en\/san-pham\/ngat-ong-xang-kijima-6mm\/#primaryimage\"},\"thumbnailUrl\":\"https:\/\/motortaburo.com\/wp-content\/uploads\/2022\/03\/IMG_0521.jpg\",\"datePublished\":\"2022-03-23T06:37:51+00:00\",\"dateModified\":\"2026-01-22T11:07:19+00:00\",\"breadcrumb\":{\"@id\":\"https:\/\/motortaburo.com\/en\/san-pham\/ngat-ong-xang-kijima-6mm\/#breadcrumb\"},\"inLanguage\":\"en-US\",\"potentialAction\":[{\"@type\":\"ReadAction\",\"target\":[\"https:\/\/motortaburo.com\/en\/san-pham\/ngat-ong-xang-kijima-6mm\/\"]}]},{\"@type\":\"ImageObject\",\"inLanguage\":\"en-US\",\"@id\":\"https:\/\/motortaburo.com\/en\/san-pham\/ngat-ong-xang-kijima-6mm\/#primaryimage\",\"url\":\"https:\/\/motortaburo.com\/wp-content\/uploads\/2022\/03\/IMG_0521.jpg\",\"contentUrl\":\"https:\/\/motortaburo.com\/wp-content\/uploads\/2022\/03\/IMG_0521.jpg\",\"width\":960,\"height\":960},{\"@type\":\"BreadcrumbList\",\"@id\":\"https:\/\/motortaburo.com\/en\/san-pham\/ngat-ong-xang-kijima-6mm\/#breadcrumb\",\"itemListElement\":[{\"@type\":\"ListItem\",\"position\":1,\"name\":\"Home\",\"item\":\"https:\/\/motortaburo.com\/en\/\"},{\"@type\":\"ListItem\",\"position\":2,\"name\":\"\u0110\u1ed3 ch\u01a1i xe\",\"item\":\"https:\/\/motortaburo.com\/do-choi-xe\/\"},{\"@type\":\"ListItem\",\"position\":3,\"name\":\"Ng\u1eaft \u1ed1ng x\u0103ng Kijima 6mm\"}]},{\"@type\":\"WebSite\",\"@id\":\"https:\/\/motortaburo.com\/en\/#website\",\"url\":\"https:\/\/motortaburo.com\/en\/\",\"name\":\"Motor Taburo - Genuine Motorcycle Parts\",\"description\":\"We sell Japanese motorcycle parts\",\"publisher\":{\"@id\":\"https:\/\/motortaburo.com\/en\/#organization\"},\"alternateName\":\"Motor Taburo\",\"potentialAction\":[{\"@type\":\"SearchAction\",\"target\":{\"@type\":\"EntryPoint\",\"urlTemplate\":\"https:\/\/motortaburo.com\/en\/?s={search_term_string}\"},\"query-input\":{\"@type\":\"PropertyValueSpecification\",\"valueRequired\":true,\"valueName\":\"search_term_string\"}}],\"inLanguage\":\"en-US\"},{\"@type\":\"Organization\",\"@id\":\"https:\/\/motortaburo.com\/en\/#organization\",\"name\":\"Motor Taburo - Genuine Motorcycle Parts\",\"url\":\"https:\/\/motortaburo.com\/en\/\",\"logo\":{\"@type\":\"ImageObject\",\"inLanguage\":\"en-US\",\"@id\":\"https:\/\/motortaburo.com\/en\/#\/schema\/logo\/image\/\",\"url\":\"https:\/\/motortaburo.com\/wp-content\/uploads\/2021\/04\/Motor-Taburo-logo-512.jpg\",\"contentUrl\":\"https:\/\/motortaburo.com\/wp-content\/uploads\/2021\/04\/Motor-Taburo-logo-512.jpg\",\"width\":512,\"height\":512,\"caption\":\"Motor Taburo - Genuine Motorcycle Parts\"},\"image\":{\"@id\":\"https:\/\/motortaburo.com\/en\/#\/schema\/logo\/image\/\"},\"sameAs\":[\"https:\/\/www.facebook.com\/MotorTaburo\"]}]}<\/script>\n<meta property=\"product:brand\" content=\"Kijima\" \/>\n<meta property=\"product:price:amount\" content=\"1100000\" \/>\n<meta property=\"product:price:currency\" content=\"VND\" \/>\n<meta property=\"og:availability\" content=\"out of stock\" \/>\n<meta property=\"product:availability\" content=\"out of stock\" \/>\n<meta property=\"product:retailer_item_id\" content=\"105-231\" \/>\n<meta property=\"product:condition\" content=\"new\" \/>\n<!-- \/ Yoast SEO Premium plugin. -->","yoast_head_json":{"title":"Ng\u1eaft \u1ed1ng x\u0103ng Kijima 6mm - Motor Taburo","robots":{"index":"index","follow":"follow","max-snippet":"max-snippet:-1","max-image-preview":"max-image-preview:large","max-video-preview":"max-video-preview:-1"},"canonical":"https:\/\/motortaburo.com\/en\/san-pham\/ngat-ong-xang-kijima-6mm\/","og_locale":"en_US","og_type":"article","og_title":"Ng\u1eaft \u1ed1ng x\u0103ng Kijima 6mm","og_description":"Set b\u00e1n: 1 c\u00e1i.  Ch\u1ea5t li\u1ec7u b\u1eb1ng nh\u1ef1a.  H\u00e0ng ch\u00ednh h\u00e3ng Kijima.  S\u1ea3n xu\u1ea5t t\u1ea1i Nh\u1eadt B\u1ea3n.  Ch\u1ec9 v\u1edbi 1 c\u00e1i ch\u1ea1m, b\u1ea1n c\u00f3 th\u1ec3 ng\u1eaft d\u00e2y x\u0103ng 1 c\u00e1ch d\u1ec5 d\u00e0ng.  R\u1ea5t ti\u1ec7n l\u1ee3i khi b\u1ea1n mu\u1ed1n th\u00e1o b\u00ecnh x\u0103ng l\u1edbn ho\u1eb7c b\u00ecnh x\u0103ng con ra \u0111\u1ec3 v\u1ec7 sinh ho\u1eb7c l\u00e0m g\u00ec \u0111\u00f3.  Khi b\u1ea1n ng\u1eaft, van t\u00edch h\u1ee3p s\u1ebd t\u1ef1 \u0111\u1ed9ng \u0111\u00f3ng l\u1ea1i \u0111\u1ec3 ng\u0103n x\u0103ng ch\u1ea3y ra ngo\u00e0i.","og_url":"https:\/\/motortaburo.com\/en\/san-pham\/ngat-ong-xang-kijima-6mm\/","og_site_name":"Motor Taburo - Genuine Motorcycle Parts","article_publisher":"https:\/\/www.facebook.com\/MotorTaburo","article_modified_time":"2026-01-22T11:07:19+00:00","og_image":[{"width":960,"height":960,"url":"https:\/\/motortaburo.com\/wp-content\/uploads\/2022\/03\/IMG_0521.jpg","type":"image\/jpeg"}],"twitter_card":"summary_large_image","twitter_misc":{"Price":"1.100.000&nbsp;&#8363;","Availability":"Out of stock"},"schema":{"@context":"https:\/\/schema.org","@graph":[{"@type":"WebPage","@id":"https:\/\/motortaburo.com\/en\/san-pham\/ngat-ong-xang-kijima-6mm\/","url":"https:\/\/motortaburo.com\/en\/san-pham\/ngat-ong-xang-kijima-6mm\/","name":"Ng\u1eaft \u1ed1ng x\u0103ng Kijima 6mm - Motor Taburo","isPartOf":{"@id":"https:\/\/motortaburo.com\/en\/#website"},"primaryImageOfPage":{"@id":"https:\/\/motortaburo.com\/en\/san-pham\/ngat-ong-xang-kijima-6mm\/#primaryimage"},"image":{"@id":"https:\/\/motortaburo.com\/en\/san-pham\/ngat-ong-xang-kijima-6mm\/#primaryimage"},"thumbnailUrl":"https:\/\/motortaburo.com\/wp-content\/uploads\/2022\/03\/IMG_0521.jpg","datePublished":"2022-03-23T06:37:51+00:00","dateModified":"2026-01-22T11:07:19+00:00","breadcrumb":{"@id":"https:\/\/motortaburo.com\/en\/san-pham\/ngat-ong-xang-kijima-6mm\/#breadcrumb"},"inLanguage":"en-US","potentialAction":[{"@type":"ReadAction","target":["https:\/\/motortaburo.com\/en\/san-pham\/ngat-ong-xang-kijima-6mm\/"]}]},{"@type":"ImageObject","inLanguage":"en-US","@id":"https:\/\/motortaburo.com\/en\/san-pham\/ngat-ong-xang-kijima-6mm\/#primaryimage","url":"https:\/\/motortaburo.com\/wp-content\/uploads\/2022\/03\/IMG_0521.jpg","contentUrl":"https:\/\/motortaburo.com\/wp-content\/uploads\/2022\/03\/IMG_0521.jpg","width":960,"height":960},{"@type":"BreadcrumbList","@id":"https:\/\/motortaburo.com\/en\/san-pham\/ngat-ong-xang-kijima-6mm\/#breadcrumb","itemListElement":[{"@type":"ListItem","position":1,"name":"Home","item":"https:\/\/motortaburo.com\/en\/"},{"@type":"ListItem","position":2,"name":"\u0110\u1ed3 ch\u01a1i xe","item":"https:\/\/motortaburo.com\/do-choi-xe\/"},{"@type":"ListItem","position":3,"name":"Ng\u1eaft \u1ed1ng x\u0103ng Kijima 6mm"}]},{"@type":"WebSite","@id":"https:\/\/motortaburo.com\/en\/#website","url":"https:\/\/motortaburo.com\/en\/","name":"Motor Taburo - Genuine Motorcycle Parts","description":"We sell Japanese motorcycle parts","publisher":{"@id":"https:\/\/motortaburo.com\/en\/#organization"},"alternateName":"Motor Taburo","potentialAction":[{"@type":"SearchAction","target":{"@type":"EntryPoint","urlTemplate":"https:\/\/motortaburo.com\/en\/?s={search_term_string}"},"query-input":{"@type":"PropertyValueSpecification","valueRequired":true,"valueName":"search_term_string"}}],"inLanguage":"en-US"},{"@type":"Organization","@id":"https:\/\/motortaburo.com\/en\/#organization","name":"Motor Taburo - Genuine Motorcycle Parts","url":"https:\/\/motortaburo.com\/en\/","logo":{"@type":"ImageObject","inLanguage":"en-US","@id":"https:\/\/motortaburo.com\/en\/#\/schema\/logo\/image\/","url":"https:\/\/motortaburo.com\/wp-content\/uploads\/2021\/04\/Motor-Taburo-logo-512.jpg","contentUrl":"https:\/\/motortaburo.com\/wp-content\/uploads\/2021\/04\/Motor-Taburo-logo-512.jpg","width":512,"height":512,"caption":"Motor Taburo - Genuine Motorcycle Parts"},"image":{"@id":"https:\/\/motortaburo.com\/en\/#\/schema\/logo\/image\/"},"sameAs":["https:\/\/www.facebook.com\/MotorTaburo"]}]},"product_brand":"Kijima","product_price_amount":"1100000","product_price_currency":"VND","og_availability":"out of stock","product_availability":"out of stock","product_retailer_item_id":"105-231","product_condition":"new"},"_links":{"self":[{"href":"https:\/\/motortaburo.com\/en\/wp-json\/wp\/v2\/product\/13853","targetHints":{"allow":["GET"]}}],"collection":[{"href":"https:\/\/motortaburo.com\/en\/wp-json\/wp\/v2\/product"}],"about":[{"href":"https:\/\/motortaburo.com\/en\/wp-json\/wp\/v2\/types\/product"}],"replies":[{"embeddable":true,"href":"https:\/\/motortaburo.com\/en\/wp-json\/wp\/v2\/comments?post=13853"}],"version-history":[{"count":0,"href":"https:\/\/motortaburo.com\/en\/wp-json\/wp\/v2\/product\/13853\/revisions"}],"wp:featuredmedia":[{"embeddable":true,"href":"https:\/\/motortaburo.com\/en\/wp-json\/wp\/v2\/media\/13878"}],"wp:attachment":[{"href":"https:\/\/motortaburo.com\/en\/wp-json\/wp\/v2\/media?parent=13853"}],"wp:term":[{"taxonomy":"product_brand","embeddable":true,"href":"https:\/\/motortaburo.com\/en\/wp-json\/wp\/v2\/product_brand?post=13853"},{"taxonomy":"product_cat","embeddable":true,"href":"https:\/\/motortaburo.com\/en\/wp-json\/wp\/v2\/product_cat?post=13853"},{"taxonomy":"product_tag","embeddable":true,"href":"https:\/\/motortaburo.com\/en\/wp-json\/wp\/v2\/product_tag?post=13853"},{"taxonomy":"danh-sach-xe","embeddable":true,"href":"https:\/\/motortaburo.com\/en\/wp-json\/wp\/v2\/danh-sach-xe?post=13853"}],"curies":[{"name":"wp","href":"https:\/\/api.w.org\/{rel}","templated":true}]}}