{"id":13963,"date":"2022-05-10T15:19:21","date_gmt":"2022-05-10T08:19:21","guid":{"rendered":"https:\/\/motortaburo.com\/khau-trang-yoshimura-3d-mask-mau-xam\/"},"modified":"2026-01-22T18:06:58","modified_gmt":"2026-01-22T11:06:58","slug":"khau-trang-yoshimura-3d-mask-mau-xam","status":"publish","type":"product","link":"https:\/\/motortaburo.com\/en\/san-pham\/khau-trang-yoshimura-3d-mask-mau-xam\/","title":{"rendered":"Kh\u1ea9u trang Yoshimura 3D Mask m\u00e0u x\u00e1m"},"content":{"rendered":"","protected":false},"excerpt":{"rendered":"<p>Set b\u00e1n: 3 c\u00e1i.<\/p>\n<p>M\u00e0u s\u1eafc: M\u00e0u x\u00e1m.<\/p>\n<p>V\u1edbi thi\u1ebft k\u1ebf c\u1ea5u tr\u00fac 3 chi\u1ec1u, 3 l\u1edbp, d\u00f9ng \u0111\u1ec3 tr\u00e1nh c\u1ea3m l\u1ea1nh, b\u1ee5i, ph\u1ea5n hoa,&#8230;<\/p>\n<p>C\u00f3 th\u1ec3 gi\u1eb7t \u0111\u1ec3 x\u00e0i l\u1ea1i.<\/p>\n<p>Thi\u1ebft k\u1ebf 3D r\u1ea5t ph\u00f9 h\u1ee3p v\u1edbi \u0111\u01b0\u1eddng cong c\u1ee7a\u00a0khu\u00f4n m\u1eb7t.<\/p>\n<p>Ch\u1ea5t li\u1ec7u m\u1ec1m m\u1ea1i, co gi\u00e3n v\u00e0 ti\u1ec7n d\u1ee5ng.<\/p>\n<p>R\u1ea5t tho\u1ea3i m\u00e1i khi \u0111eo trong th\u1eddi gian d\u00e0i, \u00edt l\u00e0m \u0111au tai.<\/p>\n<p>H\u00e0ng ch\u00ednh h\u00e3ng Yoshimura.<\/p>\n<p>S\u1ea3n xu\u1ea5t t\u1ea1i Nh\u1eadt B\u1ea3n.<\/p>\n<p>* L\u01b0u \u00fd:<\/p>\n<ul>\n<li>Kh\u1ea9u trang kh\u00f4ng ho\u00e0n to\u00e0n ng\u0103n ng\u1eeba \u0111\u01b0\u1ee3c\u00a0nhi\u1ec5m khu\u1ea9n x\u00e2m l\u1ea5n.<\/li>\n<li>Th\u00f4ng s\u1ed1 k\u1ef9 thu\u1eadt c\u00f3 th\u1ec3 thay \u0111\u1ed5i do nh\u00e0 s\u1ea3n xu\u1ea5t.<\/li>\n<\/ul>\n","protected":false},"featured_media":14059,"comment_status":"open","ping_status":"closed","template":"","meta":[],"product_brand":[],"product_cat":[113],"product_tag":[1536],"danh-sach-xe":[],"class_list":{"0":"post-13963","1":"product","2":"type-product","3":"status-publish","4":"has-post-thumbnail","6":"product_cat-phu-kien","7":"product_tag-khau-trang-yoshimura","9":"first","10":"instock","11":"shipping-taxable","12":"purchasable","13":"product-type-variable"},"yoast_head":"<!-- This site is optimized with the Yoast SEO Premium plugin v23.3 (Yoast SEO v27.0) - https:\/\/yoast.com\/product\/yoast-seo-premium-wordpress\/ -->\n<title>Kh\u1ea9u trang Yoshimura 3D Mask m\u00e0u x\u00e1m - Motor Taburo<\/title>\n<meta name=\"robots\" content=\"index, follow, max-snippet:-1, max-image-preview:large, max-video-preview:-1\" \/>\n<link rel=\"canonical\" href=\"https:\/\/motortaburo.com\/en\/san-pham\/khau-trang-yoshimura-3d-mask-mau-xam\/\" \/>\n<meta property=\"og:locale\" content=\"en_US\" \/>\n<meta property=\"og:type\" content=\"article\" \/>\n<meta property=\"og:title\" content=\"Kh\u1ea9u trang Yoshimura 3D Mask m\u00e0u x\u00e1m\" \/>\n<meta property=\"og:description\" content=\"Set b\u00e1n: 3 c\u00e1i.  M\u00e0u s\u1eafc: M\u00e0u x\u00e1m.  V\u1edbi thi\u1ebft k\u1ebf c\u1ea5u tr\u00fac 3 chi\u1ec1u, 3 l\u1edbp, d\u00f9ng \u0111\u1ec3 tr\u00e1nh c\u1ea3m l\u1ea1nh, b\u1ee5i, ph\u1ea5n hoa,...  C\u00f3 th\u1ec3 gi\u1eb7t \u0111\u1ec3 x\u00e0i l\u1ea1i.  Thi\u1ebft k\u1ebf 3D r\u1ea5t ph\u00f9 h\u1ee3p v\u1edbi \u0111\u01b0\u1eddng cong c\u1ee7a\u00a0khu\u00f4n m\u1eb7t.  Ch\u1ea5t li\u1ec7u m\u1ec1m m\u1ea1i, co gi\u00e3n v\u00e0 ti\u1ec7n d\u1ee5ng.  R\u1ea5t tho\u1ea3i m\u00e1i khi \u0111eo trong th\u1eddi gian d\u00e0i, \u00edt l\u00e0m \u0111au tai.  H\u00e0ng ch\u00ednh h\u00e3ng Yoshimura.  S\u1ea3n xu\u1ea5t t\u1ea1i Nh\u1eadt B\u1ea3n.  * L\u01b0u \u00fd:   Kh\u1ea9u trang kh\u00f4ng ho\u00e0n to\u00e0n ng\u0103n ng\u1eeba \u0111\u01b0\u1ee3c\u00a0nhi\u1ec5m khu\u1ea9n x\u00e2m l\u1ea5n.  Th\u00f4ng s\u1ed1 k\u1ef9 thu\u1eadt c\u00f3 th\u1ec3 thay \u0111\u1ed5i do nh\u00e0 s\u1ea3n xu\u1ea5t.\" \/>\n<meta property=\"og:url\" content=\"https:\/\/motortaburo.com\/en\/san-pham\/khau-trang-yoshimura-3d-mask-mau-xam\/\" \/>\n<meta property=\"og:site_name\" content=\"Motor Taburo - Genuine Motorcycle Parts\" \/>\n<meta property=\"article:publisher\" content=\"https:\/\/www.facebook.com\/MotorTaburo\" \/>\n<meta property=\"article:modified_time\" content=\"2026-01-22T11:06:58+00:00\" \/>\n<meta property=\"og:image\" content=\"https:\/\/motortaburo.com\/wp-content\/uploads\/2022\/05\/IMG_0110.jpg\" \/>\n\t<meta property=\"og:image:width\" content=\"960\" \/>\n\t<meta property=\"og:image:height\" content=\"960\" \/>\n\t<meta property=\"og:image:type\" content=\"image\/jpeg\" \/>\n<meta name=\"twitter:card\" content=\"summary_large_image\" \/>\n<meta name=\"twitter:label1\" content=\"Availability\" \/>\n\t<meta name=\"twitter:data1\" content=\"In stock\" \/>\n<script type=\"application\/ld+json\" class=\"yoast-schema-graph\">{\"@context\":\"https:\/\/schema.org\",\"@graph\":[{\"@type\":\"WebPage\",\"@id\":\"https:\/\/motortaburo.com\/en\/san-pham\/khau-trang-yoshimura-3d-mask-mau-xam\/\",\"url\":\"https:\/\/motortaburo.com\/en\/san-pham\/khau-trang-yoshimura-3d-mask-mau-xam\/\",\"name\":\"Kh\u1ea9u trang Yoshimura 3D Mask m\u00e0u x\u00e1m - Motor Taburo\",\"isPartOf\":{\"@id\":\"https:\/\/motortaburo.com\/en\/#website\"},\"primaryImageOfPage\":{\"@id\":\"https:\/\/motortaburo.com\/en\/san-pham\/khau-trang-yoshimura-3d-mask-mau-xam\/#primaryimage\"},\"image\":{\"@id\":\"https:\/\/motortaburo.com\/en\/san-pham\/khau-trang-yoshimura-3d-mask-mau-xam\/#primaryimage\"},\"thumbnailUrl\":\"https:\/\/motortaburo.com\/wp-content\/uploads\/2022\/05\/IMG_0110.jpg\",\"datePublished\":\"2022-05-10T08:19:21+00:00\",\"dateModified\":\"2026-01-22T11:06:58+00:00\",\"breadcrumb\":{\"@id\":\"https:\/\/motortaburo.com\/en\/san-pham\/khau-trang-yoshimura-3d-mask-mau-xam\/#breadcrumb\"},\"inLanguage\":\"en-US\",\"potentialAction\":[{\"@type\":\"ReadAction\",\"target\":[\"https:\/\/motortaburo.com\/en\/san-pham\/khau-trang-yoshimura-3d-mask-mau-xam\/\"]}]},{\"@type\":\"ImageObject\",\"inLanguage\":\"en-US\",\"@id\":\"https:\/\/motortaburo.com\/en\/san-pham\/khau-trang-yoshimura-3d-mask-mau-xam\/#primaryimage\",\"url\":\"https:\/\/motortaburo.com\/wp-content\/uploads\/2022\/05\/IMG_0110.jpg\",\"contentUrl\":\"https:\/\/motortaburo.com\/wp-content\/uploads\/2022\/05\/IMG_0110.jpg\",\"width\":960,\"height\":960},{\"@type\":\"BreadcrumbList\",\"@id\":\"https:\/\/motortaburo.com\/en\/san-pham\/khau-trang-yoshimura-3d-mask-mau-xam\/#breadcrumb\",\"itemListElement\":[{\"@type\":\"ListItem\",\"position\":1,\"name\":\"Home\",\"item\":\"https:\/\/motortaburo.com\/en\/\"},{\"@type\":\"ListItem\",\"position\":2,\"name\":\"\u0110\u1ed3 ch\u01a1i xe\",\"item\":\"https:\/\/motortaburo.com\/do-choi-xe\/\"},{\"@type\":\"ListItem\",\"position\":3,\"name\":\"Kh\u1ea9u trang Yoshimura 3D Mask m\u00e0u x\u00e1m\"}]},{\"@type\":\"WebSite\",\"@id\":\"https:\/\/motortaburo.com\/en\/#website\",\"url\":\"https:\/\/motortaburo.com\/en\/\",\"name\":\"Motor Taburo - Genuine Motorcycle Parts\",\"description\":\"We sell Japanese motorcycle parts\",\"publisher\":{\"@id\":\"https:\/\/motortaburo.com\/en\/#organization\"},\"alternateName\":\"Motor Taburo\",\"potentialAction\":[{\"@type\":\"SearchAction\",\"target\":{\"@type\":\"EntryPoint\",\"urlTemplate\":\"https:\/\/motortaburo.com\/en\/?s={search_term_string}\"},\"query-input\":{\"@type\":\"PropertyValueSpecification\",\"valueRequired\":true,\"valueName\":\"search_term_string\"}}],\"inLanguage\":\"en-US\"},{\"@type\":\"Organization\",\"@id\":\"https:\/\/motortaburo.com\/en\/#organization\",\"name\":\"Motor Taburo - Genuine Motorcycle Parts\",\"url\":\"https:\/\/motortaburo.com\/en\/\",\"logo\":{\"@type\":\"ImageObject\",\"inLanguage\":\"en-US\",\"@id\":\"https:\/\/motortaburo.com\/en\/#\/schema\/logo\/image\/\",\"url\":\"https:\/\/motortaburo.com\/wp-content\/uploads\/2021\/04\/Motor-Taburo-logo-512.jpg\",\"contentUrl\":\"https:\/\/motortaburo.com\/wp-content\/uploads\/2021\/04\/Motor-Taburo-logo-512.jpg\",\"width\":512,\"height\":512,\"caption\":\"Motor Taburo - Genuine Motorcycle Parts\"},\"image\":{\"@id\":\"https:\/\/motortaburo.com\/en\/#\/schema\/logo\/image\/\"},\"sameAs\":[\"https:\/\/www.facebook.com\/MotorTaburo\"]}]}<\/script>\n<meta property=\"product:brand\" content=\"Yoshimura\" \/>\n<meta property=\"og:availability\" content=\"instock\" \/>\n<meta property=\"product:availability\" content=\"instock\" \/>\n<meta property=\"product:condition\" content=\"new\" \/>\n<!-- \/ Yoast SEO Premium plugin. -->","yoast_head_json":{"title":"Kh\u1ea9u trang Yoshimura 3D Mask m\u00e0u x\u00e1m - Motor Taburo","robots":{"index":"index","follow":"follow","max-snippet":"max-snippet:-1","max-image-preview":"max-image-preview:large","max-video-preview":"max-video-preview:-1"},"canonical":"https:\/\/motortaburo.com\/en\/san-pham\/khau-trang-yoshimura-3d-mask-mau-xam\/","og_locale":"en_US","og_type":"article","og_title":"Kh\u1ea9u trang Yoshimura 3D Mask m\u00e0u x\u00e1m","og_description":"Set b\u00e1n: 3 c\u00e1i.  M\u00e0u s\u1eafc: M\u00e0u x\u00e1m.  V\u1edbi thi\u1ebft k\u1ebf c\u1ea5u tr\u00fac 3 chi\u1ec1u, 3 l\u1edbp, d\u00f9ng \u0111\u1ec3 tr\u00e1nh c\u1ea3m l\u1ea1nh, b\u1ee5i, ph\u1ea5n hoa,...  C\u00f3 th\u1ec3 gi\u1eb7t \u0111\u1ec3 x\u00e0i l\u1ea1i.  Thi\u1ebft k\u1ebf 3D r\u1ea5t ph\u00f9 h\u1ee3p v\u1edbi \u0111\u01b0\u1eddng cong c\u1ee7a\u00a0khu\u00f4n m\u1eb7t.  Ch\u1ea5t li\u1ec7u m\u1ec1m m\u1ea1i, co gi\u00e3n v\u00e0 ti\u1ec7n d\u1ee5ng.  R\u1ea5t tho\u1ea3i m\u00e1i khi \u0111eo trong th\u1eddi gian d\u00e0i, \u00edt l\u00e0m \u0111au tai.  H\u00e0ng ch\u00ednh h\u00e3ng Yoshimura.  S\u1ea3n xu\u1ea5t t\u1ea1i Nh\u1eadt B\u1ea3n.  * L\u01b0u \u00fd:   Kh\u1ea9u trang kh\u00f4ng ho\u00e0n to\u00e0n ng\u0103n ng\u1eeba \u0111\u01b0\u1ee3c\u00a0nhi\u1ec5m khu\u1ea9n x\u00e2m l\u1ea5n.  Th\u00f4ng s\u1ed1 k\u1ef9 thu\u1eadt c\u00f3 th\u1ec3 thay \u0111\u1ed5i do nh\u00e0 s\u1ea3n xu\u1ea5t.","og_url":"https:\/\/motortaburo.com\/en\/san-pham\/khau-trang-yoshimura-3d-mask-mau-xam\/","og_site_name":"Motor Taburo - Genuine Motorcycle Parts","article_publisher":"https:\/\/www.facebook.com\/MotorTaburo","article_modified_time":"2026-01-22T11:06:58+00:00","og_image":[{"width":960,"height":960,"url":"https:\/\/motortaburo.com\/wp-content\/uploads\/2022\/05\/IMG_0110.jpg","type":"image\/jpeg"}],"twitter_card":"summary_large_image","twitter_misc":{"Availability":"In stock"},"schema":{"@context":"https:\/\/schema.org","@graph":[{"@type":"WebPage","@id":"https:\/\/motortaburo.com\/en\/san-pham\/khau-trang-yoshimura-3d-mask-mau-xam\/","url":"https:\/\/motortaburo.com\/en\/san-pham\/khau-trang-yoshimura-3d-mask-mau-xam\/","name":"Kh\u1ea9u trang Yoshimura 3D Mask m\u00e0u x\u00e1m - Motor Taburo","isPartOf":{"@id":"https:\/\/motortaburo.com\/en\/#website"},"primaryImageOfPage":{"@id":"https:\/\/motortaburo.com\/en\/san-pham\/khau-trang-yoshimura-3d-mask-mau-xam\/#primaryimage"},"image":{"@id":"https:\/\/motortaburo.com\/en\/san-pham\/khau-trang-yoshimura-3d-mask-mau-xam\/#primaryimage"},"thumbnailUrl":"https:\/\/motortaburo.com\/wp-content\/uploads\/2022\/05\/IMG_0110.jpg","datePublished":"2022-05-10T08:19:21+00:00","dateModified":"2026-01-22T11:06:58+00:00","breadcrumb":{"@id":"https:\/\/motortaburo.com\/en\/san-pham\/khau-trang-yoshimura-3d-mask-mau-xam\/#breadcrumb"},"inLanguage":"en-US","potentialAction":[{"@type":"ReadAction","target":["https:\/\/motortaburo.com\/en\/san-pham\/khau-trang-yoshimura-3d-mask-mau-xam\/"]}]},{"@type":"ImageObject","inLanguage":"en-US","@id":"https:\/\/motortaburo.com\/en\/san-pham\/khau-trang-yoshimura-3d-mask-mau-xam\/#primaryimage","url":"https:\/\/motortaburo.com\/wp-content\/uploads\/2022\/05\/IMG_0110.jpg","contentUrl":"https:\/\/motortaburo.com\/wp-content\/uploads\/2022\/05\/IMG_0110.jpg","width":960,"height":960},{"@type":"BreadcrumbList","@id":"https:\/\/motortaburo.com\/en\/san-pham\/khau-trang-yoshimura-3d-mask-mau-xam\/#breadcrumb","itemListElement":[{"@type":"ListItem","position":1,"name":"Home","item":"https:\/\/motortaburo.com\/en\/"},{"@type":"ListItem","position":2,"name":"\u0110\u1ed3 ch\u01a1i xe","item":"https:\/\/motortaburo.com\/do-choi-xe\/"},{"@type":"ListItem","position":3,"name":"Kh\u1ea9u trang Yoshimura 3D Mask m\u00e0u x\u00e1m"}]},{"@type":"WebSite","@id":"https:\/\/motortaburo.com\/en\/#website","url":"https:\/\/motortaburo.com\/en\/","name":"Motor Taburo - Genuine Motorcycle Parts","description":"We sell Japanese motorcycle parts","publisher":{"@id":"https:\/\/motortaburo.com\/en\/#organization"},"alternateName":"Motor Taburo","potentialAction":[{"@type":"SearchAction","target":{"@type":"EntryPoint","urlTemplate":"https:\/\/motortaburo.com\/en\/?s={search_term_string}"},"query-input":{"@type":"PropertyValueSpecification","valueRequired":true,"valueName":"search_term_string"}}],"inLanguage":"en-US"},{"@type":"Organization","@id":"https:\/\/motortaburo.com\/en\/#organization","name":"Motor Taburo - Genuine Motorcycle Parts","url":"https:\/\/motortaburo.com\/en\/","logo":{"@type":"ImageObject","inLanguage":"en-US","@id":"https:\/\/motortaburo.com\/en\/#\/schema\/logo\/image\/","url":"https:\/\/motortaburo.com\/wp-content\/uploads\/2021\/04\/Motor-Taburo-logo-512.jpg","contentUrl":"https:\/\/motortaburo.com\/wp-content\/uploads\/2021\/04\/Motor-Taburo-logo-512.jpg","width":512,"height":512,"caption":"Motor Taburo - Genuine Motorcycle Parts"},"image":{"@id":"https:\/\/motortaburo.com\/en\/#\/schema\/logo\/image\/"},"sameAs":["https:\/\/www.facebook.com\/MotorTaburo"]}]},"product_brand":"Yoshimura","og_availability":"instock","product_availability":"instock","product_condition":"new"},"_links":{"self":[{"href":"https:\/\/motortaburo.com\/en\/wp-json\/wp\/v2\/product\/13963","targetHints":{"allow":["GET"]}}],"collection":[{"href":"https:\/\/motortaburo.com\/en\/wp-json\/wp\/v2\/product"}],"about":[{"href":"https:\/\/motortaburo.com\/en\/wp-json\/wp\/v2\/types\/product"}],"replies":[{"embeddable":true,"href":"https:\/\/motortaburo.com\/en\/wp-json\/wp\/v2\/comments?post=13963"}],"version-history":[{"count":0,"href":"https:\/\/motortaburo.com\/en\/wp-json\/wp\/v2\/product\/13963\/revisions"}],"wp:featuredmedia":[{"embeddable":true,"href":"https:\/\/motortaburo.com\/en\/wp-json\/wp\/v2\/media\/14059"}],"wp:attachment":[{"href":"https:\/\/motortaburo.com\/en\/wp-json\/wp\/v2\/media?parent=13963"}],"wp:term":[{"taxonomy":"product_brand","embeddable":true,"href":"https:\/\/motortaburo.com\/en\/wp-json\/wp\/v2\/product_brand?post=13963"},{"taxonomy":"product_cat","embeddable":true,"href":"https:\/\/motortaburo.com\/en\/wp-json\/wp\/v2\/product_cat?post=13963"},{"taxonomy":"product_tag","embeddable":true,"href":"https:\/\/motortaburo.com\/en\/wp-json\/wp\/v2\/product_tag?post=13963"},{"taxonomy":"danh-sach-xe","embeddable":true,"href":"https:\/\/motortaburo.com\/en\/wp-json\/wp\/v2\/danh-sach-xe?post=13963"}],"curies":[{"name":"wp","href":"https:\/\/api.w.org\/{rel}","templated":true}]}}