{"id":14009,"date":"2022-05-14T18:11:15","date_gmt":"2022-05-14T11:11:15","guid":{"rendered":"https:\/\/motortaburo.com\/bo%cc%a3-gac-chan-nhom-g-craft-cho-monkey-125-mau-ba%cc%a3c\/"},"modified":"2026-01-22T18:06:00","modified_gmt":"2026-01-22T11:06:00","slug":"bo%cc%a3-gac-chan-nhom-g-craft-cho-monkey-125-mau-ba%cc%a3c","status":"publish","type":"product","link":"https:\/\/motortaburo.com\/en\/san-pham\/bo%cc%a3-gac-chan-nhom-g-craft-cho-monkey-125-mau-ba%cc%a3c\/","title":{"rendered":"B\u00f4\u0323 ga\u0301c ch\u00e2n nh\u00f4m (b\u1ed9 s\u1ed1 g\u00e3y) G-Craft cho Monkey 125, ma\u0300u ba\u0323c"},"content":{"rendered":"","protected":false},"excerpt":{"rendered":"<p>Ch\u1ea5t li\u1ec7u nh\u00f4m Aluminum.<\/p>\n<p>V\u1edbi 3 v\u1ecb tr\u00ed thay \u0111\u1ed5i ph\u00f9 h\u1ee3p v\u1edbi nhi\u1ec1u v\u00f3c d\u00e1ng ng\u01b0\u1eddi l\u00e1i.<\/p>\n<p>Kh\u00f4ng l\u00f9i qu\u00e1 v\u1ec1 ph\u00eda sau c\u0169ng nh\u01b0 l\u00ean cao qu\u00e1, t\u1ea1o cho th\u1ebf ch\u00e2n c\u1ee7a b\u1ea1n m\u1ed9t th\u1ebf r\u1ea5t tho\u1ea3i m\u00e1i.<\/p>\n<ul>\n<li>75mm back 15mm up<\/li>\n<li>85mm back 20mm up<\/li>\n<li>95mm back 25mm up<\/li>\n<\/ul>\n<p>M\u0169i c\u1ee7a c\u1ea7n s\u1ed1 c\u0169ng c\u00f3 th\u1ec3 thay \u0111\u1ed5i v\u1ecb tr\u00ed \u0111\u1ec3\u00a0ph\u00f9 h\u1ee3p v\u1edbi size b\u00e0n ch\u00e2n.<\/p>\n","protected":false},"featured_media":14076,"comment_status":"open","ping_status":"closed","template":"","meta":[],"product_brand":[],"product_cat":[143],"product_tag":[1542,1543,1544,1545],"danh-sach-xe":[1829],"class_list":{"0":"post-14009","1":"product","2":"type-product","3":"status-publish","4":"has-post-thumbnail","6":"product_cat-can-so-chan-thang-gio-dap-gac-chan","7":"product_tag-gac-chan-g-craft","8":"product_tag-gac-chan-g-craft-monkey-125","9":"product_tag-gac-chan-nhom-g-craft","10":"product_tag-gac-chan-nhom-monkey-125","11":"danh-sach-xe-monkey-125","13":"first","14":"outofstock","15":"shipping-taxable","16":"purchasable","17":"product-type-simple"},"yoast_head":"<!-- This site is optimized with the Yoast SEO Premium plugin v23.3 (Yoast SEO v27.0) - https:\/\/yoast.com\/product\/yoast-seo-premium-wordpress\/ -->\n<title>B\u00f4\u0323 ga\u0301c ch\u00e2n nh\u00f4m (b\u1ed9 s\u1ed1 g\u00e3y) G-Craft cho Monkey 125, ma\u0300u ba\u0323c - Motor Taburo<\/title>\n<meta name=\"robots\" content=\"index, follow, max-snippet:-1, max-image-preview:large, max-video-preview:-1\" \/>\n<link rel=\"canonical\" href=\"https:\/\/motortaburo.com\/en\/san-pham\/bo%cc%a3-gac-chan-nhom-g-craft-cho-monkey-125-mau-ba%cc%a3c\/\" \/>\n<meta property=\"og:locale\" content=\"en_US\" \/>\n<meta property=\"og:type\" content=\"article\" \/>\n<meta property=\"og:title\" content=\"B\u00f4\u0323 ga\u0301c ch\u00e2n nh\u00f4m (b\u1ed9 s\u1ed1 g\u00e3y) G-Craft cho Monkey 125, ma\u0300u ba\u0323c\" \/>\n<meta property=\"og:description\" content=\"Ch\u1ea5t li\u1ec7u nh\u00f4m Aluminum.  V\u1edbi 3 v\u1ecb tr\u00ed thay \u0111\u1ed5i ph\u00f9 h\u1ee3p v\u1edbi nhi\u1ec1u v\u00f3c d\u00e1ng ng\u01b0\u1eddi l\u00e1i.  Kh\u00f4ng l\u00f9i qu\u00e1 v\u1ec1 ph\u00eda sau c\u0169ng nh\u01b0 l\u00ean cao qu\u00e1, t\u1ea1o cho th\u1ebf ch\u00e2n c\u1ee7a b\u1ea1n m\u1ed9t th\u1ebf r\u1ea5t tho\u1ea3i m\u00e1i.   75mm back 15mm up  85mm back 20mm up  95mm back 25mm up  M\u0169i c\u1ee7a c\u1ea7n s\u1ed1 c\u0169ng c\u00f3 th\u1ec3 thay \u0111\u1ed5i v\u1ecb tr\u00ed \u0111\u1ec3\u00a0ph\u00f9 h\u1ee3p v\u1edbi size b\u00e0n ch\u00e2n.\" \/>\n<meta property=\"og:url\" content=\"https:\/\/motortaburo.com\/en\/san-pham\/bo%cc%a3-gac-chan-nhom-g-craft-cho-monkey-125-mau-ba%cc%a3c\/\" \/>\n<meta property=\"og:site_name\" content=\"Motor Taburo - Genuine Motorcycle Parts\" \/>\n<meta property=\"article:publisher\" content=\"https:\/\/www.facebook.com\/MotorTaburo\" \/>\n<meta property=\"article:modified_time\" content=\"2026-01-22T11:06:00+00:00\" \/>\n<meta property=\"og:image\" content=\"https:\/\/motortaburo.com\/wp-content\/uploads\/2022\/05\/31291-10.jpg\" \/>\n\t<meta property=\"og:image:width\" content=\"1280\" \/>\n\t<meta property=\"og:image:height\" content=\"853\" \/>\n\t<meta property=\"og:image:type\" content=\"image\/jpeg\" \/>\n<meta name=\"twitter:card\" content=\"summary_large_image\" \/>\n<meta name=\"twitter:label1\" content=\"Price\" \/>\n\t<meta name=\"twitter:data1\" content=\"13.800.000&nbsp;&#8363;\" \/>\n\t<meta name=\"twitter:label2\" content=\"Availability\" \/>\n\t<meta name=\"twitter:data2\" content=\"Out of stock\" \/>\n<script type=\"application\/ld+json\" class=\"yoast-schema-graph\">{\"@context\":\"https:\/\/schema.org\",\"@graph\":[{\"@type\":\"WebPage\",\"@id\":\"https:\/\/motortaburo.com\/en\/san-pham\/bo%cc%a3-gac-chan-nhom-g-craft-cho-monkey-125-mau-ba%cc%a3c\/\",\"url\":\"https:\/\/motortaburo.com\/en\/san-pham\/bo%cc%a3-gac-chan-nhom-g-craft-cho-monkey-125-mau-ba%cc%a3c\/\",\"name\":\"B\u00f4\u0323 ga\u0301c ch\u00e2n nh\u00f4m (b\u1ed9 s\u1ed1 g\u00e3y) G-Craft cho Monkey 125, ma\u0300u ba\u0323c - Motor Taburo\",\"isPartOf\":{\"@id\":\"https:\/\/motortaburo.com\/en\/#website\"},\"primaryImageOfPage\":{\"@id\":\"https:\/\/motortaburo.com\/en\/san-pham\/bo%cc%a3-gac-chan-nhom-g-craft-cho-monkey-125-mau-ba%cc%a3c\/#primaryimage\"},\"image\":{\"@id\":\"https:\/\/motortaburo.com\/en\/san-pham\/bo%cc%a3-gac-chan-nhom-g-craft-cho-monkey-125-mau-ba%cc%a3c\/#primaryimage\"},\"thumbnailUrl\":\"https:\/\/motortaburo.com\/wp-content\/uploads\/2022\/05\/31291-10.jpg\",\"datePublished\":\"2022-05-14T11:11:15+00:00\",\"dateModified\":\"2026-01-22T11:06:00+00:00\",\"breadcrumb\":{\"@id\":\"https:\/\/motortaburo.com\/en\/san-pham\/bo%cc%a3-gac-chan-nhom-g-craft-cho-monkey-125-mau-ba%cc%a3c\/#breadcrumb\"},\"inLanguage\":\"en-US\",\"potentialAction\":[{\"@type\":\"ReadAction\",\"target\":[\"https:\/\/motortaburo.com\/en\/san-pham\/bo%cc%a3-gac-chan-nhom-g-craft-cho-monkey-125-mau-ba%cc%a3c\/\"]}]},{\"@type\":\"ImageObject\",\"inLanguage\":\"en-US\",\"@id\":\"https:\/\/motortaburo.com\/en\/san-pham\/bo%cc%a3-gac-chan-nhom-g-craft-cho-monkey-125-mau-ba%cc%a3c\/#primaryimage\",\"url\":\"https:\/\/motortaburo.com\/wp-content\/uploads\/2022\/05\/31291-10.jpg\",\"contentUrl\":\"https:\/\/motortaburo.com\/wp-content\/uploads\/2022\/05\/31291-10.jpg\",\"width\":1280,\"height\":853},{\"@type\":\"BreadcrumbList\",\"@id\":\"https:\/\/motortaburo.com\/en\/san-pham\/bo%cc%a3-gac-chan-nhom-g-craft-cho-monkey-125-mau-ba%cc%a3c\/#breadcrumb\",\"itemListElement\":[{\"@type\":\"ListItem\",\"position\":1,\"name\":\"Home\",\"item\":\"https:\/\/motortaburo.com\/en\/\"},{\"@type\":\"ListItem\",\"position\":2,\"name\":\"\u0110\u1ed3 ch\u01a1i xe\",\"item\":\"https:\/\/motortaburo.com\/do-choi-xe\/\"},{\"@type\":\"ListItem\",\"position\":3,\"name\":\"B\u00f4\u0323 ga\u0301c ch\u00e2n nh\u00f4m (b\u1ed9 s\u1ed1 g\u00e3y) G-Craft cho Monkey 125, ma\u0300u ba\u0323c\"}]},{\"@type\":\"WebSite\",\"@id\":\"https:\/\/motortaburo.com\/en\/#website\",\"url\":\"https:\/\/motortaburo.com\/en\/\",\"name\":\"Motor Taburo - Genuine Motorcycle Parts\",\"description\":\"We sell Japanese motorcycle parts\",\"publisher\":{\"@id\":\"https:\/\/motortaburo.com\/en\/#organization\"},\"alternateName\":\"Motor Taburo\",\"potentialAction\":[{\"@type\":\"SearchAction\",\"target\":{\"@type\":\"EntryPoint\",\"urlTemplate\":\"https:\/\/motortaburo.com\/en\/?s={search_term_string}\"},\"query-input\":{\"@type\":\"PropertyValueSpecification\",\"valueRequired\":true,\"valueName\":\"search_term_string\"}}],\"inLanguage\":\"en-US\"},{\"@type\":\"Organization\",\"@id\":\"https:\/\/motortaburo.com\/en\/#organization\",\"name\":\"Motor Taburo - Genuine Motorcycle Parts\",\"url\":\"https:\/\/motortaburo.com\/en\/\",\"logo\":{\"@type\":\"ImageObject\",\"inLanguage\":\"en-US\",\"@id\":\"https:\/\/motortaburo.com\/en\/#\/schema\/logo\/image\/\",\"url\":\"https:\/\/motortaburo.com\/wp-content\/uploads\/2021\/04\/Motor-Taburo-logo-512.jpg\",\"contentUrl\":\"https:\/\/motortaburo.com\/wp-content\/uploads\/2021\/04\/Motor-Taburo-logo-512.jpg\",\"width\":512,\"height\":512,\"caption\":\"Motor Taburo - Genuine Motorcycle Parts\"},\"image\":{\"@id\":\"https:\/\/motortaburo.com\/en\/#\/schema\/logo\/image\/\"},\"sameAs\":[\"https:\/\/www.facebook.com\/MotorTaburo\"]}]}<\/script>\n<meta property=\"product:brand\" content=\"G-Craft\" \/>\n<meta property=\"product:price:amount\" content=\"13800000\" \/>\n<meta property=\"product:price:currency\" content=\"VND\" \/>\n<meta property=\"og:availability\" content=\"out of stock\" \/>\n<meta property=\"product:availability\" content=\"out of stock\" \/>\n<meta property=\"product:retailer_item_id\" content=\"31291\" \/>\n<meta property=\"product:condition\" content=\"new\" \/>\n<!-- \/ Yoast SEO Premium plugin. -->","yoast_head_json":{"title":"B\u00f4\u0323 ga\u0301c ch\u00e2n nh\u00f4m (b\u1ed9 s\u1ed1 g\u00e3y) G-Craft cho Monkey 125, ma\u0300u ba\u0323c - Motor Taburo","robots":{"index":"index","follow":"follow","max-snippet":"max-snippet:-1","max-image-preview":"max-image-preview:large","max-video-preview":"max-video-preview:-1"},"canonical":"https:\/\/motortaburo.com\/en\/san-pham\/bo%cc%a3-gac-chan-nhom-g-craft-cho-monkey-125-mau-ba%cc%a3c\/","og_locale":"en_US","og_type":"article","og_title":"B\u00f4\u0323 ga\u0301c ch\u00e2n nh\u00f4m (b\u1ed9 s\u1ed1 g\u00e3y) G-Craft cho Monkey 125, ma\u0300u ba\u0323c","og_description":"Ch\u1ea5t li\u1ec7u nh\u00f4m Aluminum.  V\u1edbi 3 v\u1ecb tr\u00ed thay \u0111\u1ed5i ph\u00f9 h\u1ee3p v\u1edbi nhi\u1ec1u v\u00f3c d\u00e1ng ng\u01b0\u1eddi l\u00e1i.  Kh\u00f4ng l\u00f9i qu\u00e1 v\u1ec1 ph\u00eda sau c\u0169ng nh\u01b0 l\u00ean cao qu\u00e1, t\u1ea1o cho th\u1ebf ch\u00e2n c\u1ee7a b\u1ea1n m\u1ed9t th\u1ebf r\u1ea5t tho\u1ea3i m\u00e1i.   75mm back 15mm up  85mm back 20mm up  95mm back 25mm up  M\u0169i c\u1ee7a c\u1ea7n s\u1ed1 c\u0169ng c\u00f3 th\u1ec3 thay \u0111\u1ed5i v\u1ecb tr\u00ed \u0111\u1ec3\u00a0ph\u00f9 h\u1ee3p v\u1edbi size b\u00e0n ch\u00e2n.","og_url":"https:\/\/motortaburo.com\/en\/san-pham\/bo%cc%a3-gac-chan-nhom-g-craft-cho-monkey-125-mau-ba%cc%a3c\/","og_site_name":"Motor Taburo - Genuine Motorcycle Parts","article_publisher":"https:\/\/www.facebook.com\/MotorTaburo","article_modified_time":"2026-01-22T11:06:00+00:00","og_image":[{"width":1280,"height":853,"url":"https:\/\/motortaburo.com\/wp-content\/uploads\/2022\/05\/31291-10.jpg","type":"image\/jpeg"}],"twitter_card":"summary_large_image","twitter_misc":{"Price":"13.800.000&nbsp;&#8363;","Availability":"Out of stock"},"schema":{"@context":"https:\/\/schema.org","@graph":[{"@type":"WebPage","@id":"https:\/\/motortaburo.com\/en\/san-pham\/bo%cc%a3-gac-chan-nhom-g-craft-cho-monkey-125-mau-ba%cc%a3c\/","url":"https:\/\/motortaburo.com\/en\/san-pham\/bo%cc%a3-gac-chan-nhom-g-craft-cho-monkey-125-mau-ba%cc%a3c\/","name":"B\u00f4\u0323 ga\u0301c ch\u00e2n nh\u00f4m (b\u1ed9 s\u1ed1 g\u00e3y) G-Craft cho Monkey 125, ma\u0300u ba\u0323c - Motor Taburo","isPartOf":{"@id":"https:\/\/motortaburo.com\/en\/#website"},"primaryImageOfPage":{"@id":"https:\/\/motortaburo.com\/en\/san-pham\/bo%cc%a3-gac-chan-nhom-g-craft-cho-monkey-125-mau-ba%cc%a3c\/#primaryimage"},"image":{"@id":"https:\/\/motortaburo.com\/en\/san-pham\/bo%cc%a3-gac-chan-nhom-g-craft-cho-monkey-125-mau-ba%cc%a3c\/#primaryimage"},"thumbnailUrl":"https:\/\/motortaburo.com\/wp-content\/uploads\/2022\/05\/31291-10.jpg","datePublished":"2022-05-14T11:11:15+00:00","dateModified":"2026-01-22T11:06:00+00:00","breadcrumb":{"@id":"https:\/\/motortaburo.com\/en\/san-pham\/bo%cc%a3-gac-chan-nhom-g-craft-cho-monkey-125-mau-ba%cc%a3c\/#breadcrumb"},"inLanguage":"en-US","potentialAction":[{"@type":"ReadAction","target":["https:\/\/motortaburo.com\/en\/san-pham\/bo%cc%a3-gac-chan-nhom-g-craft-cho-monkey-125-mau-ba%cc%a3c\/"]}]},{"@type":"ImageObject","inLanguage":"en-US","@id":"https:\/\/motortaburo.com\/en\/san-pham\/bo%cc%a3-gac-chan-nhom-g-craft-cho-monkey-125-mau-ba%cc%a3c\/#primaryimage","url":"https:\/\/motortaburo.com\/wp-content\/uploads\/2022\/05\/31291-10.jpg","contentUrl":"https:\/\/motortaburo.com\/wp-content\/uploads\/2022\/05\/31291-10.jpg","width":1280,"height":853},{"@type":"BreadcrumbList","@id":"https:\/\/motortaburo.com\/en\/san-pham\/bo%cc%a3-gac-chan-nhom-g-craft-cho-monkey-125-mau-ba%cc%a3c\/#breadcrumb","itemListElement":[{"@type":"ListItem","position":1,"name":"Home","item":"https:\/\/motortaburo.com\/en\/"},{"@type":"ListItem","position":2,"name":"\u0110\u1ed3 ch\u01a1i xe","item":"https:\/\/motortaburo.com\/do-choi-xe\/"},{"@type":"ListItem","position":3,"name":"B\u00f4\u0323 ga\u0301c ch\u00e2n nh\u00f4m (b\u1ed9 s\u1ed1 g\u00e3y) G-Craft cho Monkey 125, ma\u0300u ba\u0323c"}]},{"@type":"WebSite","@id":"https:\/\/motortaburo.com\/en\/#website","url":"https:\/\/motortaburo.com\/en\/","name":"Motor Taburo - Genuine Motorcycle Parts","description":"We sell Japanese motorcycle parts","publisher":{"@id":"https:\/\/motortaburo.com\/en\/#organization"},"alternateName":"Motor Taburo","potentialAction":[{"@type":"SearchAction","target":{"@type":"EntryPoint","urlTemplate":"https:\/\/motortaburo.com\/en\/?s={search_term_string}"},"query-input":{"@type":"PropertyValueSpecification","valueRequired":true,"valueName":"search_term_string"}}],"inLanguage":"en-US"},{"@type":"Organization","@id":"https:\/\/motortaburo.com\/en\/#organization","name":"Motor Taburo - Genuine Motorcycle Parts","url":"https:\/\/motortaburo.com\/en\/","logo":{"@type":"ImageObject","inLanguage":"en-US","@id":"https:\/\/motortaburo.com\/en\/#\/schema\/logo\/image\/","url":"https:\/\/motortaburo.com\/wp-content\/uploads\/2021\/04\/Motor-Taburo-logo-512.jpg","contentUrl":"https:\/\/motortaburo.com\/wp-content\/uploads\/2021\/04\/Motor-Taburo-logo-512.jpg","width":512,"height":512,"caption":"Motor Taburo - Genuine Motorcycle Parts"},"image":{"@id":"https:\/\/motortaburo.com\/en\/#\/schema\/logo\/image\/"},"sameAs":["https:\/\/www.facebook.com\/MotorTaburo"]}]},"product_brand":"G-Craft","product_price_amount":"13800000","product_price_currency":"VND","og_availability":"out of stock","product_availability":"out of stock","product_retailer_item_id":"31291","product_condition":"new"},"_links":{"self":[{"href":"https:\/\/motortaburo.com\/en\/wp-json\/wp\/v2\/product\/14009","targetHints":{"allow":["GET"]}}],"collection":[{"href":"https:\/\/motortaburo.com\/en\/wp-json\/wp\/v2\/product"}],"about":[{"href":"https:\/\/motortaburo.com\/en\/wp-json\/wp\/v2\/types\/product"}],"replies":[{"embeddable":true,"href":"https:\/\/motortaburo.com\/en\/wp-json\/wp\/v2\/comments?post=14009"}],"version-history":[{"count":0,"href":"https:\/\/motortaburo.com\/en\/wp-json\/wp\/v2\/product\/14009\/revisions"}],"wp:featuredmedia":[{"embeddable":true,"href":"https:\/\/motortaburo.com\/en\/wp-json\/wp\/v2\/media\/14076"}],"wp:attachment":[{"href":"https:\/\/motortaburo.com\/en\/wp-json\/wp\/v2\/media?parent=14009"}],"wp:term":[{"taxonomy":"product_brand","embeddable":true,"href":"https:\/\/motortaburo.com\/en\/wp-json\/wp\/v2\/product_brand?post=14009"},{"taxonomy":"product_cat","embeddable":true,"href":"https:\/\/motortaburo.com\/en\/wp-json\/wp\/v2\/product_cat?post=14009"},{"taxonomy":"product_tag","embeddable":true,"href":"https:\/\/motortaburo.com\/en\/wp-json\/wp\/v2\/product_tag?post=14009"},{"taxonomy":"danh-sach-xe","embeddable":true,"href":"https:\/\/motortaburo.com\/en\/wp-json\/wp\/v2\/danh-sach-xe?post=14009"}],"curies":[{"name":"wp","href":"https:\/\/api.w.org\/{rel}","templated":true}]}}