{"id":14235,"date":"2022-07-09T15:32:52","date_gmt":"2022-07-09T08:32:52","guid":{"rendered":"https:\/\/motortaburo.com\/roong-khoa-xang-ss50-cl70-cho-tiep-giap-binh-xang\/"},"modified":"2026-01-22T18:07:41","modified_gmt":"2026-01-22T11:07:41","slug":"roong-khoa-xang-ss50-cl70-cho-tiep-giap-binh-xang","status":"publish","type":"product","link":"https:\/\/motortaburo.com\/en\/san-pham\/roong-khoa-xang-ss50-cl70-cho-tiep-giap-binh-xang\/","title":{"rendered":"Roong kh\u00f3a x\u0103ng SS50, CL70, ch\u1ed7 ti\u1ebfp gi\u00e1p b\u00ecnh x\u0103ng"},"content":{"rendered":"","protected":false},"excerpt":{"rendered":"<p>Set b\u00e1n: 1 c\u00e1i.<\/p>\n<p>Ch\u1ea5t li\u1ec7u: Cao su.<\/p>\n<p>H\u00e0ng ch\u00ednh h\u00e3ng Honda.<\/p>\n<p>S\u1ea3n xu\u1ea5t t\u1ea1i Nh\u1eadt B\u1ea3n.<\/p>\n<p>Thay th\u1ebf ron kh\u00f3a x\u0103ng c\u00e1c xe Honda SS50, CD50 G\u00f9, CD70, CD90 G\u00f9, CL70, CS65,\u00a0S65, S90, CL77, CL100 Chay 50 70, C110, CB125<\/p>\n","protected":false},"featured_media":39023,"comment_status":"open","ping_status":"closed","template":"","meta":[],"product_brand":[],"product_cat":[242],"product_tag":[241,240],"danh-sach-xe":[2387,1861,2390,1847,1846,1845,1844,1843,2343,2388,1869,2289,2334,2336],"class_list":{"0":"post-14235","1":"product","2":"type-product","3":"status-publish","4":"has-post-thumbnail","6":"product_cat-ron","7":"product_tag-ron-khoa-xang-67","8":"product_tag-ron-khoa-xang-ss50","9":"danh-sach-xe-cd50-gu","10":"danh-sach-xe-chaly-cf50","11":"danh-sach-xe-ss50-66","12":"danh-sach-xe-ss50-67","13":"danh-sach-xe-ss50-68","14":"danh-sach-xe-ss50-69","15":"danh-sach-xe-ss50-72","16":"danh-sach-xe-ss50z","17":"danh-sach-xe-c110-super-sports-cub","18":"danh-sach-xe-cd90z-cd90-gu","19":"danh-sach-xe-cl70","20":"danh-sach-xe-cl77","21":"danh-sach-xe-s65","22":"danh-sach-xe-s90","24":"first","25":"instock","26":"shipping-taxable","27":"purchasable","28":"product-type-simple"},"yoast_head":"<!-- This site is optimized with the Yoast SEO Premium plugin v23.3 (Yoast SEO v27.0) - https:\/\/yoast.com\/product\/yoast-seo-premium-wordpress\/ -->\n<title>Roong kh\u00f3a x\u0103ng SS50, CL70, ch\u1ed7 ti\u1ebfp gi\u00e1p b\u00ecnh x\u0103ng - Motor Taburo<\/title>\n<meta name=\"robots\" content=\"index, follow, max-snippet:-1, max-image-preview:large, max-video-preview:-1\" \/>\n<link rel=\"canonical\" href=\"https:\/\/motortaburo.com\/en\/san-pham\/roong-khoa-xang-ss50-cl70-cho-tiep-giap-binh-xang\/\" \/>\n<meta property=\"og:locale\" content=\"en_US\" \/>\n<meta property=\"og:type\" content=\"article\" \/>\n<meta property=\"og:title\" content=\"Roong kh\u00f3a x\u0103ng SS50, CL70, ch\u1ed7 ti\u1ebfp gi\u00e1p b\u00ecnh x\u0103ng\" \/>\n<meta property=\"og:description\" content=\"Set b\u00e1n: 1 c\u00e1i.  Ch\u1ea5t li\u1ec7u: Cao su.  H\u00e0ng ch\u00ednh h\u00e3ng Honda.  S\u1ea3n xu\u1ea5t t\u1ea1i Nh\u1eadt B\u1ea3n.  Thay th\u1ebf ron kh\u00f3a x\u0103ng c\u00e1c xe Honda SS50, CD50 G\u00f9, CD70, CD90 G\u00f9, CL70, CS65,\u00a0S65, S90, CL77, CL100 Chay 50 70, C110, CB125\" \/>\n<meta property=\"og:url\" content=\"https:\/\/motortaburo.com\/en\/san-pham\/roong-khoa-xang-ss50-cl70-cho-tiep-giap-binh-xang\/\" \/>\n<meta property=\"og:site_name\" content=\"Motor Taburo - Genuine Motorcycle Parts\" \/>\n<meta property=\"article:publisher\" content=\"https:\/\/www.facebook.com\/MotorTaburo\" \/>\n<meta property=\"article:modified_time\" content=\"2026-01-22T11:07:41+00:00\" \/>\n<meta property=\"og:image\" content=\"https:\/\/motortaburo.com\/wp-content\/uploads\/2022\/07\/IMG_5284-scaled.jpg\" \/>\n\t<meta property=\"og:image:width\" content=\"2560\" \/>\n\t<meta property=\"og:image:height\" content=\"2560\" \/>\n\t<meta property=\"og:image:type\" content=\"image\/jpeg\" \/>\n<meta name=\"twitter:card\" content=\"summary_large_image\" \/>\n<meta name=\"twitter:label1\" content=\"Price\" \/>\n\t<meta name=\"twitter:data1\" content=\"160.000&nbsp;&#8363;\" \/>\n\t<meta name=\"twitter:label2\" content=\"Availability\" \/>\n\t<meta name=\"twitter:data2\" content=\"In stock\" \/>\n<script type=\"application\/ld+json\" class=\"yoast-schema-graph\">{\"@context\":\"https:\/\/schema.org\",\"@graph\":[{\"@type\":\"WebPage\",\"@id\":\"https:\/\/motortaburo.com\/en\/san-pham\/roong-khoa-xang-ss50-cl70-cho-tiep-giap-binh-xang\/\",\"url\":\"https:\/\/motortaburo.com\/en\/san-pham\/roong-khoa-xang-ss50-cl70-cho-tiep-giap-binh-xang\/\",\"name\":\"Roong kh\u00f3a x\u0103ng SS50, CL70, ch\u1ed7 ti\u1ebfp gi\u00e1p b\u00ecnh x\u0103ng - Motor Taburo\",\"isPartOf\":{\"@id\":\"https:\/\/motortaburo.com\/en\/#website\"},\"primaryImageOfPage\":{\"@id\":\"https:\/\/motortaburo.com\/en\/san-pham\/roong-khoa-xang-ss50-cl70-cho-tiep-giap-binh-xang\/#primaryimage\"},\"image\":{\"@id\":\"https:\/\/motortaburo.com\/en\/san-pham\/roong-khoa-xang-ss50-cl70-cho-tiep-giap-binh-xang\/#primaryimage\"},\"thumbnailUrl\":\"https:\/\/motortaburo.com\/wp-content\/uploads\/2022\/07\/IMG_5284-scaled.jpg\",\"datePublished\":\"2022-07-09T08:32:52+00:00\",\"dateModified\":\"2026-01-22T11:07:41+00:00\",\"breadcrumb\":{\"@id\":\"https:\/\/motortaburo.com\/en\/san-pham\/roong-khoa-xang-ss50-cl70-cho-tiep-giap-binh-xang\/#breadcrumb\"},\"inLanguage\":\"en-US\",\"potentialAction\":[{\"@type\":\"ReadAction\",\"target\":[\"https:\/\/motortaburo.com\/en\/san-pham\/roong-khoa-xang-ss50-cl70-cho-tiep-giap-binh-xang\/\"]}]},{\"@type\":\"ImageObject\",\"inLanguage\":\"en-US\",\"@id\":\"https:\/\/motortaburo.com\/en\/san-pham\/roong-khoa-xang-ss50-cl70-cho-tiep-giap-binh-xang\/#primaryimage\",\"url\":\"https:\/\/motortaburo.com\/wp-content\/uploads\/2022\/07\/IMG_5284-scaled.jpg\",\"contentUrl\":\"https:\/\/motortaburo.com\/wp-content\/uploads\/2022\/07\/IMG_5284-scaled.jpg\",\"width\":2560,\"height\":2560},{\"@type\":\"BreadcrumbList\",\"@id\":\"https:\/\/motortaburo.com\/en\/san-pham\/roong-khoa-xang-ss50-cl70-cho-tiep-giap-binh-xang\/#breadcrumb\",\"itemListElement\":[{\"@type\":\"ListItem\",\"position\":1,\"name\":\"Home\",\"item\":\"https:\/\/motortaburo.com\/en\/\"},{\"@type\":\"ListItem\",\"position\":2,\"name\":\"\u0110\u1ed3 ch\u01a1i xe\",\"item\":\"https:\/\/motortaburo.com\/do-choi-xe\/\"},{\"@type\":\"ListItem\",\"position\":3,\"name\":\"Roong kh\u00f3a x\u0103ng SS50, CL70, ch\u1ed7 ti\u1ebfp gi\u00e1p b\u00ecnh x\u0103ng\"}]},{\"@type\":\"WebSite\",\"@id\":\"https:\/\/motortaburo.com\/en\/#website\",\"url\":\"https:\/\/motortaburo.com\/en\/\",\"name\":\"Motor Taburo - Genuine Motorcycle Parts\",\"description\":\"We sell Japanese motorcycle parts\",\"publisher\":{\"@id\":\"https:\/\/motortaburo.com\/en\/#organization\"},\"alternateName\":\"Motor Taburo\",\"potentialAction\":[{\"@type\":\"SearchAction\",\"target\":{\"@type\":\"EntryPoint\",\"urlTemplate\":\"https:\/\/motortaburo.com\/en\/?s={search_term_string}\"},\"query-input\":{\"@type\":\"PropertyValueSpecification\",\"valueRequired\":true,\"valueName\":\"search_term_string\"}}],\"inLanguage\":\"en-US\"},{\"@type\":\"Organization\",\"@id\":\"https:\/\/motortaburo.com\/en\/#organization\",\"name\":\"Motor Taburo - Genuine Motorcycle Parts\",\"url\":\"https:\/\/motortaburo.com\/en\/\",\"logo\":{\"@type\":\"ImageObject\",\"inLanguage\":\"en-US\",\"@id\":\"https:\/\/motortaburo.com\/en\/#\/schema\/logo\/image\/\",\"url\":\"https:\/\/motortaburo.com\/wp-content\/uploads\/2021\/04\/Motor-Taburo-logo-512.jpg\",\"contentUrl\":\"https:\/\/motortaburo.com\/wp-content\/uploads\/2021\/04\/Motor-Taburo-logo-512.jpg\",\"width\":512,\"height\":512,\"caption\":\"Motor Taburo - Genuine Motorcycle Parts\"},\"image\":{\"@id\":\"https:\/\/motortaburo.com\/en\/#\/schema\/logo\/image\/\"},\"sameAs\":[\"https:\/\/www.facebook.com\/MotorTaburo\"]}]}<\/script>\n<meta property=\"product:brand\" content=\"Honda\" \/>\n<meta property=\"product:price:amount\" content=\"160000\" \/>\n<meta property=\"product:price:currency\" content=\"VND\" \/>\n<meta property=\"og:availability\" content=\"instock\" \/>\n<meta property=\"product:availability\" content=\"instock\" \/>\n<meta property=\"product:retailer_item_id\" content=\"16997-273-006\" \/>\n<meta property=\"product:condition\" content=\"new\" \/>\n<!-- \/ Yoast SEO Premium plugin. -->","yoast_head_json":{"title":"Roong kh\u00f3a x\u0103ng SS50, CL70, ch\u1ed7 ti\u1ebfp gi\u00e1p b\u00ecnh x\u0103ng - Motor Taburo","robots":{"index":"index","follow":"follow","max-snippet":"max-snippet:-1","max-image-preview":"max-image-preview:large","max-video-preview":"max-video-preview:-1"},"canonical":"https:\/\/motortaburo.com\/en\/san-pham\/roong-khoa-xang-ss50-cl70-cho-tiep-giap-binh-xang\/","og_locale":"en_US","og_type":"article","og_title":"Roong kh\u00f3a x\u0103ng SS50, CL70, ch\u1ed7 ti\u1ebfp gi\u00e1p b\u00ecnh x\u0103ng","og_description":"Set b\u00e1n: 1 c\u00e1i.  Ch\u1ea5t li\u1ec7u: Cao su.  H\u00e0ng ch\u00ednh h\u00e3ng Honda.  S\u1ea3n xu\u1ea5t t\u1ea1i Nh\u1eadt B\u1ea3n.  Thay th\u1ebf ron kh\u00f3a x\u0103ng c\u00e1c xe Honda SS50, CD50 G\u00f9, CD70, CD90 G\u00f9, CL70, CS65,\u00a0S65, S90, CL77, CL100 Chay 50 70, C110, CB125","og_url":"https:\/\/motortaburo.com\/en\/san-pham\/roong-khoa-xang-ss50-cl70-cho-tiep-giap-binh-xang\/","og_site_name":"Motor Taburo - Genuine Motorcycle Parts","article_publisher":"https:\/\/www.facebook.com\/MotorTaburo","article_modified_time":"2026-01-22T11:07:41+00:00","og_image":[{"width":2560,"height":2560,"url":"https:\/\/motortaburo.com\/wp-content\/uploads\/2022\/07\/IMG_5284-scaled.jpg","type":"image\/jpeg"}],"twitter_card":"summary_large_image","twitter_misc":{"Price":"160.000&nbsp;&#8363;","Availability":"In stock"},"schema":{"@context":"https:\/\/schema.org","@graph":[{"@type":"WebPage","@id":"https:\/\/motortaburo.com\/en\/san-pham\/roong-khoa-xang-ss50-cl70-cho-tiep-giap-binh-xang\/","url":"https:\/\/motortaburo.com\/en\/san-pham\/roong-khoa-xang-ss50-cl70-cho-tiep-giap-binh-xang\/","name":"Roong kh\u00f3a x\u0103ng SS50, CL70, ch\u1ed7 ti\u1ebfp gi\u00e1p b\u00ecnh x\u0103ng - Motor Taburo","isPartOf":{"@id":"https:\/\/motortaburo.com\/en\/#website"},"primaryImageOfPage":{"@id":"https:\/\/motortaburo.com\/en\/san-pham\/roong-khoa-xang-ss50-cl70-cho-tiep-giap-binh-xang\/#primaryimage"},"image":{"@id":"https:\/\/motortaburo.com\/en\/san-pham\/roong-khoa-xang-ss50-cl70-cho-tiep-giap-binh-xang\/#primaryimage"},"thumbnailUrl":"https:\/\/motortaburo.com\/wp-content\/uploads\/2022\/07\/IMG_5284-scaled.jpg","datePublished":"2022-07-09T08:32:52+00:00","dateModified":"2026-01-22T11:07:41+00:00","breadcrumb":{"@id":"https:\/\/motortaburo.com\/en\/san-pham\/roong-khoa-xang-ss50-cl70-cho-tiep-giap-binh-xang\/#breadcrumb"},"inLanguage":"en-US","potentialAction":[{"@type":"ReadAction","target":["https:\/\/motortaburo.com\/en\/san-pham\/roong-khoa-xang-ss50-cl70-cho-tiep-giap-binh-xang\/"]}]},{"@type":"ImageObject","inLanguage":"en-US","@id":"https:\/\/motortaburo.com\/en\/san-pham\/roong-khoa-xang-ss50-cl70-cho-tiep-giap-binh-xang\/#primaryimage","url":"https:\/\/motortaburo.com\/wp-content\/uploads\/2022\/07\/IMG_5284-scaled.jpg","contentUrl":"https:\/\/motortaburo.com\/wp-content\/uploads\/2022\/07\/IMG_5284-scaled.jpg","width":2560,"height":2560},{"@type":"BreadcrumbList","@id":"https:\/\/motortaburo.com\/en\/san-pham\/roong-khoa-xang-ss50-cl70-cho-tiep-giap-binh-xang\/#breadcrumb","itemListElement":[{"@type":"ListItem","position":1,"name":"Home","item":"https:\/\/motortaburo.com\/en\/"},{"@type":"ListItem","position":2,"name":"\u0110\u1ed3 ch\u01a1i xe","item":"https:\/\/motortaburo.com\/do-choi-xe\/"},{"@type":"ListItem","position":3,"name":"Roong kh\u00f3a x\u0103ng SS50, CL70, ch\u1ed7 ti\u1ebfp gi\u00e1p b\u00ecnh x\u0103ng"}]},{"@type":"WebSite","@id":"https:\/\/motortaburo.com\/en\/#website","url":"https:\/\/motortaburo.com\/en\/","name":"Motor Taburo - Genuine Motorcycle Parts","description":"We sell Japanese motorcycle parts","publisher":{"@id":"https:\/\/motortaburo.com\/en\/#organization"},"alternateName":"Motor Taburo","potentialAction":[{"@type":"SearchAction","target":{"@type":"EntryPoint","urlTemplate":"https:\/\/motortaburo.com\/en\/?s={search_term_string}"},"query-input":{"@type":"PropertyValueSpecification","valueRequired":true,"valueName":"search_term_string"}}],"inLanguage":"en-US"},{"@type":"Organization","@id":"https:\/\/motortaburo.com\/en\/#organization","name":"Motor Taburo - Genuine Motorcycle Parts","url":"https:\/\/motortaburo.com\/en\/","logo":{"@type":"ImageObject","inLanguage":"en-US","@id":"https:\/\/motortaburo.com\/en\/#\/schema\/logo\/image\/","url":"https:\/\/motortaburo.com\/wp-content\/uploads\/2021\/04\/Motor-Taburo-logo-512.jpg","contentUrl":"https:\/\/motortaburo.com\/wp-content\/uploads\/2021\/04\/Motor-Taburo-logo-512.jpg","width":512,"height":512,"caption":"Motor Taburo - Genuine Motorcycle Parts"},"image":{"@id":"https:\/\/motortaburo.com\/en\/#\/schema\/logo\/image\/"},"sameAs":["https:\/\/www.facebook.com\/MotorTaburo"]}]},"product_brand":"Honda","product_price_amount":"160000","product_price_currency":"VND","og_availability":"instock","product_availability":"instock","product_retailer_item_id":"16997-273-006","product_condition":"new"},"_links":{"self":[{"href":"https:\/\/motortaburo.com\/en\/wp-json\/wp\/v2\/product\/14235","targetHints":{"allow":["GET"]}}],"collection":[{"href":"https:\/\/motortaburo.com\/en\/wp-json\/wp\/v2\/product"}],"about":[{"href":"https:\/\/motortaburo.com\/en\/wp-json\/wp\/v2\/types\/product"}],"replies":[{"embeddable":true,"href":"https:\/\/motortaburo.com\/en\/wp-json\/wp\/v2\/comments?post=14235"}],"version-history":[{"count":0,"href":"https:\/\/motortaburo.com\/en\/wp-json\/wp\/v2\/product\/14235\/revisions"}],"wp:featuredmedia":[{"embeddable":true,"href":"https:\/\/motortaburo.com\/en\/wp-json\/wp\/v2\/media\/39023"}],"wp:attachment":[{"href":"https:\/\/motortaburo.com\/en\/wp-json\/wp\/v2\/media?parent=14235"}],"wp:term":[{"taxonomy":"product_brand","embeddable":true,"href":"https:\/\/motortaburo.com\/en\/wp-json\/wp\/v2\/product_brand?post=14235"},{"taxonomy":"product_cat","embeddable":true,"href":"https:\/\/motortaburo.com\/en\/wp-json\/wp\/v2\/product_cat?post=14235"},{"taxonomy":"product_tag","embeddable":true,"href":"https:\/\/motortaburo.com\/en\/wp-json\/wp\/v2\/product_tag?post=14235"},{"taxonomy":"danh-sach-xe","embeddable":true,"href":"https:\/\/motortaburo.com\/en\/wp-json\/wp\/v2\/danh-sach-xe?post=14235"}],"curies":[{"name":"wp","href":"https:\/\/api.w.org\/{rel}","templated":true}]}}