{"id":14405,"date":"2022-08-16T13:32:26","date_gmt":"2022-08-16T06:32:26","guid":{"rendered":"https:\/\/motortaburo.com\/cao-su-yen-dd70-cuc-dai\/"},"modified":"2026-01-22T18:06:25","modified_gmt":"2026-01-22T11:06:25","slug":"cao-su-yen-cuc-dai-cho-xe-dd70-cub-den-vuong-doi-yen-doi","status":"publish","type":"product","link":"https:\/\/motortaburo.com\/en\/san-pham\/cao-su-yen-cuc-dai-cho-xe-dd70-cub-den-vuong-doi-yen-doi\/","title":{"rendered":"Cao su y\u00ean c\u1ee5c d\u00e0i cho xe DD70, cub \u0111\u00e8n vu\u00f4ng \u0111\u1eddi y\u00ean \u0111\u00f4i"},"content":{"rendered":"","protected":false},"excerpt":{"rendered":"<p>Set b\u00e1n: 1 c\u00e1i.<\/p>\n<p>Ch\u1ea5t li\u1ec7u: Cao su.<\/p>\n<p>H\u00e0ng ch\u00ednh h\u00e3ng Honda.<\/p>\n<p>S\u1ea3n xu\u1ea5t t\u1ea1i Nh\u1eadt B\u1ea3n.<\/p>\n<p>Y\u00ean xe DD70, cub \u0111\u00e8n vu\u00f4ng \u0111\u1eddi y\u00ean \u0111\u00f4i c\u1ea7n 2 c\u1ee5c n\u00e0y \u0111\u1ec3 g\u1eafn v\u00e0o y\u00ean.<\/p>\n","protected":false},"featured_media":40823,"comment_status":"open","ping_status":"closed","template":"","meta":[],"product_brand":[],"product_cat":[86],"product_tag":[85],"danh-sach-xe":[1831,1826],"class_list":{"0":"post-14405","1":"product","2":"type-product","3":"status-publish","4":"has-post-thumbnail","6":"product_cat-yen-xe-va-phu-kien","7":"product_tag-cao-su-yen-dd70","8":"danh-sach-xe-dd70","9":"danh-sach-xe-super-cub-90-c90","11":"first","12":"outofstock","13":"shipping-taxable","14":"purchasable","15":"product-type-simple"},"yoast_head":"<!-- This site is optimized with the Yoast SEO Premium plugin v23.3 (Yoast SEO v27.0) - https:\/\/yoast.com\/product\/yoast-seo-premium-wordpress\/ -->\n<title>Cao su y\u00ean c\u1ee5c d\u00e0i cho xe DD70, cub \u0111\u00e8n vu\u00f4ng \u0111\u1eddi y\u00ean \u0111\u00f4i - Motor Taburo<\/title>\n<meta name=\"robots\" content=\"index, follow, max-snippet:-1, max-image-preview:large, max-video-preview:-1\" \/>\n<link rel=\"canonical\" href=\"https:\/\/motortaburo.com\/en\/san-pham\/cao-su-yen-cuc-dai-cho-xe-dd70-cub-den-vuong-doi-yen-doi\/\" \/>\n<meta property=\"og:locale\" content=\"en_US\" \/>\n<meta property=\"og:type\" content=\"article\" \/>\n<meta property=\"og:title\" content=\"Cao su y\u00ean c\u1ee5c d\u00e0i cho xe DD70, cub \u0111\u00e8n vu\u00f4ng \u0111\u1eddi y\u00ean \u0111\u00f4i\" \/>\n<meta property=\"og:description\" content=\"Set b\u00e1n: 1 c\u00e1i.  Ch\u1ea5t li\u1ec7u: Cao su.  H\u00e0ng ch\u00ednh h\u00e3ng Honda.  S\u1ea3n xu\u1ea5t t\u1ea1i Nh\u1eadt B\u1ea3n.  Y\u00ean xe DD70, cub \u0111\u00e8n vu\u00f4ng \u0111\u1eddi y\u00ean \u0111\u00f4i c\u1ea7n 2 c\u1ee5c n\u00e0y \u0111\u1ec3 g\u1eafn v\u00e0o y\u00ean.\" \/>\n<meta property=\"og:url\" content=\"https:\/\/motortaburo.com\/en\/san-pham\/cao-su-yen-cuc-dai-cho-xe-dd70-cub-den-vuong-doi-yen-doi\/\" \/>\n<meta property=\"og:site_name\" content=\"Motor Taburo - Genuine Motorcycle Parts\" \/>\n<meta property=\"article:publisher\" content=\"https:\/\/www.facebook.com\/MotorTaburo\" \/>\n<meta property=\"article:modified_time\" content=\"2026-01-22T11:06:25+00:00\" \/>\n<meta property=\"og:image\" content=\"https:\/\/motortaburo.com\/wp-content\/uploads\/2022\/08\/IMG_6966.jpg\" \/>\n\t<meta property=\"og:image:width\" content=\"1280\" \/>\n\t<meta property=\"og:image:height\" content=\"1280\" \/>\n\t<meta property=\"og:image:type\" content=\"image\/jpeg\" \/>\n<meta name=\"twitter:card\" content=\"summary_large_image\" \/>\n<meta name=\"twitter:label1\" content=\"Price\" \/>\n\t<meta name=\"twitter:data1\" content=\"175.000&nbsp;&#8363;\" \/>\n\t<meta name=\"twitter:label2\" content=\"Availability\" \/>\n\t<meta name=\"twitter:data2\" content=\"Out of stock\" \/>\n<script type=\"application\/ld+json\" class=\"yoast-schema-graph\">{\"@context\":\"https:\/\/schema.org\",\"@graph\":[{\"@type\":\"WebPage\",\"@id\":\"https:\/\/motortaburo.com\/en\/san-pham\/cao-su-yen-cuc-dai-cho-xe-dd70-cub-den-vuong-doi-yen-doi\/\",\"url\":\"https:\/\/motortaburo.com\/en\/san-pham\/cao-su-yen-cuc-dai-cho-xe-dd70-cub-den-vuong-doi-yen-doi\/\",\"name\":\"Cao su y\u00ean c\u1ee5c d\u00e0i cho xe DD70, cub \u0111\u00e8n vu\u00f4ng \u0111\u1eddi y\u00ean \u0111\u00f4i - Motor Taburo\",\"isPartOf\":{\"@id\":\"https:\/\/motortaburo.com\/en\/#website\"},\"primaryImageOfPage\":{\"@id\":\"https:\/\/motortaburo.com\/en\/san-pham\/cao-su-yen-cuc-dai-cho-xe-dd70-cub-den-vuong-doi-yen-doi\/#primaryimage\"},\"image\":{\"@id\":\"https:\/\/motortaburo.com\/en\/san-pham\/cao-su-yen-cuc-dai-cho-xe-dd70-cub-den-vuong-doi-yen-doi\/#primaryimage\"},\"thumbnailUrl\":\"https:\/\/motortaburo.com\/wp-content\/uploads\/2022\/08\/IMG_6966.jpg\",\"datePublished\":\"2022-08-16T06:32:26+00:00\",\"dateModified\":\"2026-01-22T11:06:25+00:00\",\"breadcrumb\":{\"@id\":\"https:\/\/motortaburo.com\/en\/san-pham\/cao-su-yen-cuc-dai-cho-xe-dd70-cub-den-vuong-doi-yen-doi\/#breadcrumb\"},\"inLanguage\":\"en-US\",\"potentialAction\":[{\"@type\":\"ReadAction\",\"target\":[\"https:\/\/motortaburo.com\/en\/san-pham\/cao-su-yen-cuc-dai-cho-xe-dd70-cub-den-vuong-doi-yen-doi\/\"]}]},{\"@type\":\"ImageObject\",\"inLanguage\":\"en-US\",\"@id\":\"https:\/\/motortaburo.com\/en\/san-pham\/cao-su-yen-cuc-dai-cho-xe-dd70-cub-den-vuong-doi-yen-doi\/#primaryimage\",\"url\":\"https:\/\/motortaburo.com\/wp-content\/uploads\/2022\/08\/IMG_6966.jpg\",\"contentUrl\":\"https:\/\/motortaburo.com\/wp-content\/uploads\/2022\/08\/IMG_6966.jpg\",\"width\":1280,\"height\":1280},{\"@type\":\"BreadcrumbList\",\"@id\":\"https:\/\/motortaburo.com\/en\/san-pham\/cao-su-yen-cuc-dai-cho-xe-dd70-cub-den-vuong-doi-yen-doi\/#breadcrumb\",\"itemListElement\":[{\"@type\":\"ListItem\",\"position\":1,\"name\":\"Home\",\"item\":\"https:\/\/motortaburo.com\/en\/\"},{\"@type\":\"ListItem\",\"position\":2,\"name\":\"\u0110\u1ed3 ch\u01a1i xe\",\"item\":\"https:\/\/motortaburo.com\/do-choi-xe\/\"},{\"@type\":\"ListItem\",\"position\":3,\"name\":\"Cao su y\u00ean c\u1ee5c d\u00e0i cho xe DD70, cub \u0111\u00e8n vu\u00f4ng \u0111\u1eddi y\u00ean \u0111\u00f4i\"}]},{\"@type\":\"WebSite\",\"@id\":\"https:\/\/motortaburo.com\/en\/#website\",\"url\":\"https:\/\/motortaburo.com\/en\/\",\"name\":\"Motor Taburo - Genuine Motorcycle Parts\",\"description\":\"We sell Japanese motorcycle parts\",\"publisher\":{\"@id\":\"https:\/\/motortaburo.com\/en\/#organization\"},\"alternateName\":\"Motor Taburo\",\"potentialAction\":[{\"@type\":\"SearchAction\",\"target\":{\"@type\":\"EntryPoint\",\"urlTemplate\":\"https:\/\/motortaburo.com\/en\/?s={search_term_string}\"},\"query-input\":{\"@type\":\"PropertyValueSpecification\",\"valueRequired\":true,\"valueName\":\"search_term_string\"}}],\"inLanguage\":\"en-US\"},{\"@type\":\"Organization\",\"@id\":\"https:\/\/motortaburo.com\/en\/#organization\",\"name\":\"Motor Taburo - Genuine Motorcycle Parts\",\"url\":\"https:\/\/motortaburo.com\/en\/\",\"logo\":{\"@type\":\"ImageObject\",\"inLanguage\":\"en-US\",\"@id\":\"https:\/\/motortaburo.com\/en\/#\/schema\/logo\/image\/\",\"url\":\"https:\/\/motortaburo.com\/wp-content\/uploads\/2021\/04\/Motor-Taburo-logo-512.jpg\",\"contentUrl\":\"https:\/\/motortaburo.com\/wp-content\/uploads\/2021\/04\/Motor-Taburo-logo-512.jpg\",\"width\":512,\"height\":512,\"caption\":\"Motor Taburo - Genuine Motorcycle Parts\"},\"image\":{\"@id\":\"https:\/\/motortaburo.com\/en\/#\/schema\/logo\/image\/\"},\"sameAs\":[\"https:\/\/www.facebook.com\/MotorTaburo\"]}]}<\/script>\n<meta property=\"product:brand\" content=\"Honda\" \/>\n<meta property=\"product:price:amount\" content=\"175000\" \/>\n<meta property=\"product:price:currency\" content=\"VND\" \/>\n<meta property=\"og:availability\" content=\"out of stock\" \/>\n<meta property=\"product:availability\" content=\"out of stock\" \/>\n<meta property=\"product:retailer_item_id\" content=\"77206-GB5-610\" \/>\n<meta property=\"product:condition\" content=\"new\" \/>\n<!-- \/ Yoast SEO Premium plugin. -->","yoast_head_json":{"title":"Cao su y\u00ean c\u1ee5c d\u00e0i cho xe DD70, cub \u0111\u00e8n vu\u00f4ng \u0111\u1eddi y\u00ean \u0111\u00f4i - Motor Taburo","robots":{"index":"index","follow":"follow","max-snippet":"max-snippet:-1","max-image-preview":"max-image-preview:large","max-video-preview":"max-video-preview:-1"},"canonical":"https:\/\/motortaburo.com\/en\/san-pham\/cao-su-yen-cuc-dai-cho-xe-dd70-cub-den-vuong-doi-yen-doi\/","og_locale":"en_US","og_type":"article","og_title":"Cao su y\u00ean c\u1ee5c d\u00e0i cho xe DD70, cub \u0111\u00e8n vu\u00f4ng \u0111\u1eddi y\u00ean \u0111\u00f4i","og_description":"Set b\u00e1n: 1 c\u00e1i.  Ch\u1ea5t li\u1ec7u: Cao su.  H\u00e0ng ch\u00ednh h\u00e3ng Honda.  S\u1ea3n xu\u1ea5t t\u1ea1i Nh\u1eadt B\u1ea3n.  Y\u00ean xe DD70, cub \u0111\u00e8n vu\u00f4ng \u0111\u1eddi y\u00ean \u0111\u00f4i c\u1ea7n 2 c\u1ee5c n\u00e0y \u0111\u1ec3 g\u1eafn v\u00e0o y\u00ean.","og_url":"https:\/\/motortaburo.com\/en\/san-pham\/cao-su-yen-cuc-dai-cho-xe-dd70-cub-den-vuong-doi-yen-doi\/","og_site_name":"Motor Taburo - Genuine Motorcycle Parts","article_publisher":"https:\/\/www.facebook.com\/MotorTaburo","article_modified_time":"2026-01-22T11:06:25+00:00","og_image":[{"width":1280,"height":1280,"url":"https:\/\/motortaburo.com\/wp-content\/uploads\/2022\/08\/IMG_6966.jpg","type":"image\/jpeg"}],"twitter_card":"summary_large_image","twitter_misc":{"Price":"175.000&nbsp;&#8363;","Availability":"Out of stock"},"schema":{"@context":"https:\/\/schema.org","@graph":[{"@type":"WebPage","@id":"https:\/\/motortaburo.com\/en\/san-pham\/cao-su-yen-cuc-dai-cho-xe-dd70-cub-den-vuong-doi-yen-doi\/","url":"https:\/\/motortaburo.com\/en\/san-pham\/cao-su-yen-cuc-dai-cho-xe-dd70-cub-den-vuong-doi-yen-doi\/","name":"Cao su y\u00ean c\u1ee5c d\u00e0i cho xe DD70, cub \u0111\u00e8n vu\u00f4ng \u0111\u1eddi y\u00ean \u0111\u00f4i - Motor Taburo","isPartOf":{"@id":"https:\/\/motortaburo.com\/en\/#website"},"primaryImageOfPage":{"@id":"https:\/\/motortaburo.com\/en\/san-pham\/cao-su-yen-cuc-dai-cho-xe-dd70-cub-den-vuong-doi-yen-doi\/#primaryimage"},"image":{"@id":"https:\/\/motortaburo.com\/en\/san-pham\/cao-su-yen-cuc-dai-cho-xe-dd70-cub-den-vuong-doi-yen-doi\/#primaryimage"},"thumbnailUrl":"https:\/\/motortaburo.com\/wp-content\/uploads\/2022\/08\/IMG_6966.jpg","datePublished":"2022-08-16T06:32:26+00:00","dateModified":"2026-01-22T11:06:25+00:00","breadcrumb":{"@id":"https:\/\/motortaburo.com\/en\/san-pham\/cao-su-yen-cuc-dai-cho-xe-dd70-cub-den-vuong-doi-yen-doi\/#breadcrumb"},"inLanguage":"en-US","potentialAction":[{"@type":"ReadAction","target":["https:\/\/motortaburo.com\/en\/san-pham\/cao-su-yen-cuc-dai-cho-xe-dd70-cub-den-vuong-doi-yen-doi\/"]}]},{"@type":"ImageObject","inLanguage":"en-US","@id":"https:\/\/motortaburo.com\/en\/san-pham\/cao-su-yen-cuc-dai-cho-xe-dd70-cub-den-vuong-doi-yen-doi\/#primaryimage","url":"https:\/\/motortaburo.com\/wp-content\/uploads\/2022\/08\/IMG_6966.jpg","contentUrl":"https:\/\/motortaburo.com\/wp-content\/uploads\/2022\/08\/IMG_6966.jpg","width":1280,"height":1280},{"@type":"BreadcrumbList","@id":"https:\/\/motortaburo.com\/en\/san-pham\/cao-su-yen-cuc-dai-cho-xe-dd70-cub-den-vuong-doi-yen-doi\/#breadcrumb","itemListElement":[{"@type":"ListItem","position":1,"name":"Home","item":"https:\/\/motortaburo.com\/en\/"},{"@type":"ListItem","position":2,"name":"\u0110\u1ed3 ch\u01a1i xe","item":"https:\/\/motortaburo.com\/do-choi-xe\/"},{"@type":"ListItem","position":3,"name":"Cao su y\u00ean c\u1ee5c d\u00e0i cho xe DD70, cub \u0111\u00e8n vu\u00f4ng \u0111\u1eddi y\u00ean \u0111\u00f4i"}]},{"@type":"WebSite","@id":"https:\/\/motortaburo.com\/en\/#website","url":"https:\/\/motortaburo.com\/en\/","name":"Motor Taburo - Genuine Motorcycle Parts","description":"We sell Japanese motorcycle parts","publisher":{"@id":"https:\/\/motortaburo.com\/en\/#organization"},"alternateName":"Motor Taburo","potentialAction":[{"@type":"SearchAction","target":{"@type":"EntryPoint","urlTemplate":"https:\/\/motortaburo.com\/en\/?s={search_term_string}"},"query-input":{"@type":"PropertyValueSpecification","valueRequired":true,"valueName":"search_term_string"}}],"inLanguage":"en-US"},{"@type":"Organization","@id":"https:\/\/motortaburo.com\/en\/#organization","name":"Motor Taburo - Genuine Motorcycle Parts","url":"https:\/\/motortaburo.com\/en\/","logo":{"@type":"ImageObject","inLanguage":"en-US","@id":"https:\/\/motortaburo.com\/en\/#\/schema\/logo\/image\/","url":"https:\/\/motortaburo.com\/wp-content\/uploads\/2021\/04\/Motor-Taburo-logo-512.jpg","contentUrl":"https:\/\/motortaburo.com\/wp-content\/uploads\/2021\/04\/Motor-Taburo-logo-512.jpg","width":512,"height":512,"caption":"Motor Taburo - Genuine Motorcycle Parts"},"image":{"@id":"https:\/\/motortaburo.com\/en\/#\/schema\/logo\/image\/"},"sameAs":["https:\/\/www.facebook.com\/MotorTaburo"]}]},"product_brand":"Honda","product_price_amount":"175000","product_price_currency":"VND","og_availability":"out of stock","product_availability":"out of stock","product_retailer_item_id":"77206-GB5-610","product_condition":"new"},"_links":{"self":[{"href":"https:\/\/motortaburo.com\/en\/wp-json\/wp\/v2\/product\/14405","targetHints":{"allow":["GET"]}}],"collection":[{"href":"https:\/\/motortaburo.com\/en\/wp-json\/wp\/v2\/product"}],"about":[{"href":"https:\/\/motortaburo.com\/en\/wp-json\/wp\/v2\/types\/product"}],"replies":[{"embeddable":true,"href":"https:\/\/motortaburo.com\/en\/wp-json\/wp\/v2\/comments?post=14405"}],"version-history":[{"count":0,"href":"https:\/\/motortaburo.com\/en\/wp-json\/wp\/v2\/product\/14405\/revisions"}],"wp:featuredmedia":[{"embeddable":true,"href":"https:\/\/motortaburo.com\/en\/wp-json\/wp\/v2\/media\/40823"}],"wp:attachment":[{"href":"https:\/\/motortaburo.com\/en\/wp-json\/wp\/v2\/media?parent=14405"}],"wp:term":[{"taxonomy":"product_brand","embeddable":true,"href":"https:\/\/motortaburo.com\/en\/wp-json\/wp\/v2\/product_brand?post=14405"},{"taxonomy":"product_cat","embeddable":true,"href":"https:\/\/motortaburo.com\/en\/wp-json\/wp\/v2\/product_cat?post=14405"},{"taxonomy":"product_tag","embeddable":true,"href":"https:\/\/motortaburo.com\/en\/wp-json\/wp\/v2\/product_tag?post=14405"},{"taxonomy":"danh-sach-xe","embeddable":true,"href":"https:\/\/motortaburo.com\/en\/wp-json\/wp\/v2\/danh-sach-xe?post=14405"}],"curies":[{"name":"wp","href":"https:\/\/api.w.org\/{rel}","templated":true}]}}