{"id":14407,"date":"2022-08-16T15:02:31","date_gmt":"2022-08-16T08:02:31","guid":{"rendered":"https:\/\/motortaburo.com\/bo-cao-su-yen-dd70\/"},"modified":"2026-01-22T17:40:19","modified_gmt":"2026-01-22T10:40:19","slug":"bo-cao-su-yen-dd70-cub-den-vuong-doi-yen-doi","status":"publish","type":"product","link":"https:\/\/motortaburo.com\/en\/san-pham\/bo-cao-su-yen-dd70-cub-den-vuong-doi-yen-doi\/","title":{"rendered":"B\u1ed9 cao su y\u00ean DD70, cub \u0111\u00e8n vu\u00f4ng \u0111\u1eddi y\u00ean \u0111\u00f4i"},"content":{"rendered":"","protected":false},"excerpt":{"rendered":"<p>Set b\u00e1n: G\u1ed3m 2 c\u1ee5c ng\u1eafn, 2 c\u1ee5c d\u00e0i v\u00e0 1 c\u1ee5c tr\u00f2n.<\/p>\n<p>H\u00e0ng ch\u00ednh h\u00e3ng Honda.<\/p>\n<p>S\u1ea3n xu\u1ea5t t\u1ea1i Nh\u1eadt B\u1ea3n.<\/p>\n<p>G\u1eafn cho y\u00ean xe DD70, cub \u0111\u00e8n vu\u00f4ng \u0111\u1eddi y\u00ean \u0111\u00f4i.<\/p>\n<p>Cao su gi\u1ea3m rung, l\u00f3t d\u01b0\u1edbi y\u00ean, \u0111i l\u00e2u ng\u00e0y s\u1ebd chai c\u1ee9ng, m\u1ea5t \u0111i c\u1ea3m gi\u00e1c \u00eam \u00e1i.<\/p>\n<p>L\u00fac n\u00e0y b\u1ea1n c\u1ea7n thay c\u1eb7p cao su gi\u1ea3m rung m\u1edbi. V\u00e0 \u0111\u00e2y l\u00e0 s\u1ef1 l\u1ef1a ch\u1ecdn kh\u00f4ng th\u1ec3 tuy\u1ec7t v\u1eddi h\u01a1n.<\/p>\n","protected":false},"featured_media":5908,"comment_status":"open","ping_status":"closed","template":"","meta":[],"product_brand":[],"product_cat":[86],"product_tag":[85,1874],"danh-sach-xe":[1831,1826],"class_list":{"0":"post-14407","1":"product","2":"type-product","3":"status-publish","4":"has-post-thumbnail","6":"product_cat-yen-xe-va-phu-kien","7":"product_tag-cao-su-yen-dd70","8":"product_tag-honda-dd70","9":"danh-sach-xe-dd70","10":"danh-sach-xe-super-cub-90-c90","12":"first","13":"outofstock","14":"shipping-taxable","15":"purchasable","16":"product-type-simple"},"yoast_head":"<!-- This site is optimized with the Yoast SEO Premium plugin v23.3 (Yoast SEO v27.0) - https:\/\/yoast.com\/product\/yoast-seo-premium-wordpress\/ -->\n<title>B\u1ed9 cao su y\u00ean DD70, cub \u0111\u00e8n vu\u00f4ng \u0111\u1eddi y\u00ean \u0111\u00f4i - Motor Taburo<\/title>\n<meta name=\"robots\" content=\"index, follow, max-snippet:-1, max-image-preview:large, max-video-preview:-1\" \/>\n<link rel=\"canonical\" href=\"https:\/\/motortaburo.com\/en\/san-pham\/bo-cao-su-yen-dd70-cub-den-vuong-doi-yen-doi\/\" \/>\n<meta property=\"og:locale\" content=\"en_US\" \/>\n<meta property=\"og:type\" content=\"article\" \/>\n<meta property=\"og:title\" content=\"B\u1ed9 cao su y\u00ean DD70, cub \u0111\u00e8n vu\u00f4ng \u0111\u1eddi y\u00ean \u0111\u00f4i\" \/>\n<meta property=\"og:description\" content=\"Set b\u00e1n: G\u1ed3m 2 c\u1ee5c ng\u1eafn, 2 c\u1ee5c d\u00e0i v\u00e0 1 c\u1ee5c tr\u00f2n.  H\u00e0ng ch\u00ednh h\u00e3ng Honda.  S\u1ea3n xu\u1ea5t t\u1ea1i Nh\u1eadt B\u1ea3n.  G\u1eafn cho y\u00ean xe DD70, cub \u0111\u00e8n vu\u00f4ng \u0111\u1eddi y\u00ean \u0111\u00f4i.  Cao su gi\u1ea3m rung, l\u00f3t d\u01b0\u1edbi y\u00ean, \u0111i l\u00e2u ng\u00e0y s\u1ebd chai c\u1ee9ng, m\u1ea5t \u0111i c\u1ea3m gi\u00e1c \u00eam \u00e1i.  L\u00fac n\u00e0y b\u1ea1n c\u1ea7n thay c\u1eb7p cao su gi\u1ea3m rung m\u1edbi. V\u00e0 \u0111\u00e2y l\u00e0 s\u1ef1 l\u1ef1a ch\u1ecdn kh\u00f4ng th\u1ec3 tuy\u1ec7t v\u1eddi h\u01a1n.\" \/>\n<meta property=\"og:url\" content=\"https:\/\/motortaburo.com\/en\/san-pham\/bo-cao-su-yen-dd70-cub-den-vuong-doi-yen-doi\/\" \/>\n<meta property=\"og:site_name\" content=\"Motor Taburo - Genuine Motorcycle Parts\" \/>\n<meta property=\"article:publisher\" content=\"https:\/\/www.facebook.com\/MotorTaburo\" \/>\n<meta property=\"article:modified_time\" content=\"2026-01-22T10:40:19+00:00\" \/>\n<meta property=\"og:image\" content=\"https:\/\/motortaburo.com\/wp-content\/uploads\/2020\/02\/20190525_173814.jpg\" \/>\n\t<meta property=\"og:image:width\" content=\"1280\" \/>\n\t<meta property=\"og:image:height\" content=\"960\" \/>\n\t<meta property=\"og:image:type\" content=\"image\/jpeg\" \/>\n<meta name=\"twitter:card\" content=\"summary_large_image\" \/>\n<meta name=\"twitter:label1\" content=\"Price\" \/>\n\t<meta name=\"twitter:data1\" content=\"785.000&nbsp;&#8363;\" \/>\n\t<meta name=\"twitter:label2\" content=\"Availability\" \/>\n\t<meta name=\"twitter:data2\" content=\"Out of stock\" \/>\n<script type=\"application\/ld+json\" class=\"yoast-schema-graph\">{\"@context\":\"https:\/\/schema.org\",\"@graph\":[{\"@type\":\"WebPage\",\"@id\":\"https:\/\/motortaburo.com\/en\/san-pham\/bo-cao-su-yen-dd70-cub-den-vuong-doi-yen-doi\/\",\"url\":\"https:\/\/motortaburo.com\/en\/san-pham\/bo-cao-su-yen-dd70-cub-den-vuong-doi-yen-doi\/\",\"name\":\"B\u1ed9 cao su y\u00ean DD70, cub \u0111\u00e8n vu\u00f4ng \u0111\u1eddi y\u00ean \u0111\u00f4i - Motor Taburo\",\"isPartOf\":{\"@id\":\"https:\/\/motortaburo.com\/en\/#website\"},\"primaryImageOfPage\":{\"@id\":\"https:\/\/motortaburo.com\/en\/san-pham\/bo-cao-su-yen-dd70-cub-den-vuong-doi-yen-doi\/#primaryimage\"},\"image\":{\"@id\":\"https:\/\/motortaburo.com\/en\/san-pham\/bo-cao-su-yen-dd70-cub-den-vuong-doi-yen-doi\/#primaryimage\"},\"thumbnailUrl\":\"https:\/\/motortaburo.com\/wp-content\/uploads\/2020\/02\/20190525_173814.jpg\",\"datePublished\":\"2022-08-16T08:02:31+00:00\",\"dateModified\":\"2026-01-22T10:40:19+00:00\",\"breadcrumb\":{\"@id\":\"https:\/\/motortaburo.com\/en\/san-pham\/bo-cao-su-yen-dd70-cub-den-vuong-doi-yen-doi\/#breadcrumb\"},\"inLanguage\":\"en-US\",\"potentialAction\":[{\"@type\":\"ReadAction\",\"target\":[\"https:\/\/motortaburo.com\/en\/san-pham\/bo-cao-su-yen-dd70-cub-den-vuong-doi-yen-doi\/\"]}]},{\"@type\":\"ImageObject\",\"inLanguage\":\"en-US\",\"@id\":\"https:\/\/motortaburo.com\/en\/san-pham\/bo-cao-su-yen-dd70-cub-den-vuong-doi-yen-doi\/#primaryimage\",\"url\":\"https:\/\/motortaburo.com\/wp-content\/uploads\/2020\/02\/20190525_173814.jpg\",\"contentUrl\":\"https:\/\/motortaburo.com\/wp-content\/uploads\/2020\/02\/20190525_173814.jpg\",\"width\":1280,\"height\":960},{\"@type\":\"BreadcrumbList\",\"@id\":\"https:\/\/motortaburo.com\/en\/san-pham\/bo-cao-su-yen-dd70-cub-den-vuong-doi-yen-doi\/#breadcrumb\",\"itemListElement\":[{\"@type\":\"ListItem\",\"position\":1,\"name\":\"Home\",\"item\":\"https:\/\/motortaburo.com\/en\/\"},{\"@type\":\"ListItem\",\"position\":2,\"name\":\"\u0110\u1ed3 ch\u01a1i xe\",\"item\":\"https:\/\/motortaburo.com\/do-choi-xe\/\"},{\"@type\":\"ListItem\",\"position\":3,\"name\":\"B\u1ed9 cao su y\u00ean DD70, cub \u0111\u00e8n vu\u00f4ng \u0111\u1eddi y\u00ean \u0111\u00f4i\"}]},{\"@type\":\"WebSite\",\"@id\":\"https:\/\/motortaburo.com\/en\/#website\",\"url\":\"https:\/\/motortaburo.com\/en\/\",\"name\":\"Motor Taburo - Genuine Motorcycle Parts\",\"description\":\"We sell Japanese motorcycle parts\",\"publisher\":{\"@id\":\"https:\/\/motortaburo.com\/en\/#organization\"},\"alternateName\":\"Motor Taburo\",\"potentialAction\":[{\"@type\":\"SearchAction\",\"target\":{\"@type\":\"EntryPoint\",\"urlTemplate\":\"https:\/\/motortaburo.com\/en\/?s={search_term_string}\"},\"query-input\":{\"@type\":\"PropertyValueSpecification\",\"valueRequired\":true,\"valueName\":\"search_term_string\"}}],\"inLanguage\":\"en-US\"},{\"@type\":\"Organization\",\"@id\":\"https:\/\/motortaburo.com\/en\/#organization\",\"name\":\"Motor Taburo - Genuine Motorcycle Parts\",\"url\":\"https:\/\/motortaburo.com\/en\/\",\"logo\":{\"@type\":\"ImageObject\",\"inLanguage\":\"en-US\",\"@id\":\"https:\/\/motortaburo.com\/en\/#\/schema\/logo\/image\/\",\"url\":\"https:\/\/motortaburo.com\/wp-content\/uploads\/2021\/04\/Motor-Taburo-logo-512.jpg\",\"contentUrl\":\"https:\/\/motortaburo.com\/wp-content\/uploads\/2021\/04\/Motor-Taburo-logo-512.jpg\",\"width\":512,\"height\":512,\"caption\":\"Motor Taburo - Genuine Motorcycle Parts\"},\"image\":{\"@id\":\"https:\/\/motortaburo.com\/en\/#\/schema\/logo\/image\/\"},\"sameAs\":[\"https:\/\/www.facebook.com\/MotorTaburo\"]}]}<\/script>\n<meta property=\"product:brand\" content=\"Honda\" \/>\n<meta property=\"product:price:amount\" content=\"785000\" \/>\n<meta property=\"product:price:currency\" content=\"VND\" \/>\n<meta property=\"og:availability\" content=\"out of stock\" \/>\n<meta property=\"product:availability\" content=\"out of stock\" \/>\n<meta property=\"product:retailer_item_id\" content=\"PVN1245\" \/>\n<meta property=\"product:condition\" content=\"new\" \/>\n<!-- \/ Yoast SEO Premium plugin. -->","yoast_head_json":{"title":"B\u1ed9 cao su y\u00ean DD70, cub \u0111\u00e8n vu\u00f4ng \u0111\u1eddi y\u00ean \u0111\u00f4i - Motor Taburo","robots":{"index":"index","follow":"follow","max-snippet":"max-snippet:-1","max-image-preview":"max-image-preview:large","max-video-preview":"max-video-preview:-1"},"canonical":"https:\/\/motortaburo.com\/en\/san-pham\/bo-cao-su-yen-dd70-cub-den-vuong-doi-yen-doi\/","og_locale":"en_US","og_type":"article","og_title":"B\u1ed9 cao su y\u00ean DD70, cub \u0111\u00e8n vu\u00f4ng \u0111\u1eddi y\u00ean \u0111\u00f4i","og_description":"Set b\u00e1n: G\u1ed3m 2 c\u1ee5c ng\u1eafn, 2 c\u1ee5c d\u00e0i v\u00e0 1 c\u1ee5c tr\u00f2n.  H\u00e0ng ch\u00ednh h\u00e3ng Honda.  S\u1ea3n xu\u1ea5t t\u1ea1i Nh\u1eadt B\u1ea3n.  G\u1eafn cho y\u00ean xe DD70, cub \u0111\u00e8n vu\u00f4ng \u0111\u1eddi y\u00ean \u0111\u00f4i.  Cao su gi\u1ea3m rung, l\u00f3t d\u01b0\u1edbi y\u00ean, \u0111i l\u00e2u ng\u00e0y s\u1ebd chai c\u1ee9ng, m\u1ea5t \u0111i c\u1ea3m gi\u00e1c \u00eam \u00e1i.  L\u00fac n\u00e0y b\u1ea1n c\u1ea7n thay c\u1eb7p cao su gi\u1ea3m rung m\u1edbi. V\u00e0 \u0111\u00e2y l\u00e0 s\u1ef1 l\u1ef1a ch\u1ecdn kh\u00f4ng th\u1ec3 tuy\u1ec7t v\u1eddi h\u01a1n.","og_url":"https:\/\/motortaburo.com\/en\/san-pham\/bo-cao-su-yen-dd70-cub-den-vuong-doi-yen-doi\/","og_site_name":"Motor Taburo - Genuine Motorcycle Parts","article_publisher":"https:\/\/www.facebook.com\/MotorTaburo","article_modified_time":"2026-01-22T10:40:19+00:00","og_image":[{"width":1280,"height":960,"url":"https:\/\/motortaburo.com\/wp-content\/uploads\/2020\/02\/20190525_173814.jpg","type":"image\/jpeg"}],"twitter_card":"summary_large_image","twitter_misc":{"Price":"785.000&nbsp;&#8363;","Availability":"Out of stock"},"schema":{"@context":"https:\/\/schema.org","@graph":[{"@type":"WebPage","@id":"https:\/\/motortaburo.com\/en\/san-pham\/bo-cao-su-yen-dd70-cub-den-vuong-doi-yen-doi\/","url":"https:\/\/motortaburo.com\/en\/san-pham\/bo-cao-su-yen-dd70-cub-den-vuong-doi-yen-doi\/","name":"B\u1ed9 cao su y\u00ean DD70, cub \u0111\u00e8n vu\u00f4ng \u0111\u1eddi y\u00ean \u0111\u00f4i - Motor Taburo","isPartOf":{"@id":"https:\/\/motortaburo.com\/en\/#website"},"primaryImageOfPage":{"@id":"https:\/\/motortaburo.com\/en\/san-pham\/bo-cao-su-yen-dd70-cub-den-vuong-doi-yen-doi\/#primaryimage"},"image":{"@id":"https:\/\/motortaburo.com\/en\/san-pham\/bo-cao-su-yen-dd70-cub-den-vuong-doi-yen-doi\/#primaryimage"},"thumbnailUrl":"https:\/\/motortaburo.com\/wp-content\/uploads\/2020\/02\/20190525_173814.jpg","datePublished":"2022-08-16T08:02:31+00:00","dateModified":"2026-01-22T10:40:19+00:00","breadcrumb":{"@id":"https:\/\/motortaburo.com\/en\/san-pham\/bo-cao-su-yen-dd70-cub-den-vuong-doi-yen-doi\/#breadcrumb"},"inLanguage":"en-US","potentialAction":[{"@type":"ReadAction","target":["https:\/\/motortaburo.com\/en\/san-pham\/bo-cao-su-yen-dd70-cub-den-vuong-doi-yen-doi\/"]}]},{"@type":"ImageObject","inLanguage":"en-US","@id":"https:\/\/motortaburo.com\/en\/san-pham\/bo-cao-su-yen-dd70-cub-den-vuong-doi-yen-doi\/#primaryimage","url":"https:\/\/motortaburo.com\/wp-content\/uploads\/2020\/02\/20190525_173814.jpg","contentUrl":"https:\/\/motortaburo.com\/wp-content\/uploads\/2020\/02\/20190525_173814.jpg","width":1280,"height":960},{"@type":"BreadcrumbList","@id":"https:\/\/motortaburo.com\/en\/san-pham\/bo-cao-su-yen-dd70-cub-den-vuong-doi-yen-doi\/#breadcrumb","itemListElement":[{"@type":"ListItem","position":1,"name":"Home","item":"https:\/\/motortaburo.com\/en\/"},{"@type":"ListItem","position":2,"name":"\u0110\u1ed3 ch\u01a1i xe","item":"https:\/\/motortaburo.com\/do-choi-xe\/"},{"@type":"ListItem","position":3,"name":"B\u1ed9 cao su y\u00ean DD70, cub \u0111\u00e8n vu\u00f4ng \u0111\u1eddi y\u00ean \u0111\u00f4i"}]},{"@type":"WebSite","@id":"https:\/\/motortaburo.com\/en\/#website","url":"https:\/\/motortaburo.com\/en\/","name":"Motor Taburo - Genuine Motorcycle Parts","description":"We sell Japanese motorcycle parts","publisher":{"@id":"https:\/\/motortaburo.com\/en\/#organization"},"alternateName":"Motor Taburo","potentialAction":[{"@type":"SearchAction","target":{"@type":"EntryPoint","urlTemplate":"https:\/\/motortaburo.com\/en\/?s={search_term_string}"},"query-input":{"@type":"PropertyValueSpecification","valueRequired":true,"valueName":"search_term_string"}}],"inLanguage":"en-US"},{"@type":"Organization","@id":"https:\/\/motortaburo.com\/en\/#organization","name":"Motor Taburo - Genuine Motorcycle Parts","url":"https:\/\/motortaburo.com\/en\/","logo":{"@type":"ImageObject","inLanguage":"en-US","@id":"https:\/\/motortaburo.com\/en\/#\/schema\/logo\/image\/","url":"https:\/\/motortaburo.com\/wp-content\/uploads\/2021\/04\/Motor-Taburo-logo-512.jpg","contentUrl":"https:\/\/motortaburo.com\/wp-content\/uploads\/2021\/04\/Motor-Taburo-logo-512.jpg","width":512,"height":512,"caption":"Motor Taburo - Genuine Motorcycle Parts"},"image":{"@id":"https:\/\/motortaburo.com\/en\/#\/schema\/logo\/image\/"},"sameAs":["https:\/\/www.facebook.com\/MotorTaburo"]}]},"product_brand":"Honda","product_price_amount":"785000","product_price_currency":"VND","og_availability":"out of stock","product_availability":"out of stock","product_retailer_item_id":"PVN1245","product_condition":"new"},"_links":{"self":[{"href":"https:\/\/motortaburo.com\/en\/wp-json\/wp\/v2\/product\/14407","targetHints":{"allow":["GET"]}}],"collection":[{"href":"https:\/\/motortaburo.com\/en\/wp-json\/wp\/v2\/product"}],"about":[{"href":"https:\/\/motortaburo.com\/en\/wp-json\/wp\/v2\/types\/product"}],"replies":[{"embeddable":true,"href":"https:\/\/motortaburo.com\/en\/wp-json\/wp\/v2\/comments?post=14407"}],"version-history":[{"count":0,"href":"https:\/\/motortaburo.com\/en\/wp-json\/wp\/v2\/product\/14407\/revisions"}],"wp:featuredmedia":[{"embeddable":true,"href":"https:\/\/motortaburo.com\/en\/wp-json\/wp\/v2\/media\/5908"}],"wp:attachment":[{"href":"https:\/\/motortaburo.com\/en\/wp-json\/wp\/v2\/media?parent=14407"}],"wp:term":[{"taxonomy":"product_brand","embeddable":true,"href":"https:\/\/motortaburo.com\/en\/wp-json\/wp\/v2\/product_brand?post=14407"},{"taxonomy":"product_cat","embeddable":true,"href":"https:\/\/motortaburo.com\/en\/wp-json\/wp\/v2\/product_cat?post=14407"},{"taxonomy":"product_tag","embeddable":true,"href":"https:\/\/motortaburo.com\/en\/wp-json\/wp\/v2\/product_tag?post=14407"},{"taxonomy":"danh-sach-xe","embeddable":true,"href":"https:\/\/motortaburo.com\/en\/wp-json\/wp\/v2\/danh-sach-xe?post=14407"}],"curies":[{"name":"wp","href":"https:\/\/api.w.org\/{rel}","templated":true}]}}