{"id":14525,"date":"2022-10-18T16:10:41","date_gmt":"2022-10-18T09:10:41","guid":{"rendered":"https:\/\/motortaburo.com\/day-rut-la250-cm250\/"},"modified":"2026-01-22T18:06:42","modified_gmt":"2026-01-22T11:06:42","slug":"day-rut-la250-cm250-custom-cd50-gu","status":"publish","type":"product","link":"https:\/\/motortaburo.com\/en\/san-pham\/day-rut-la250-cm250-custom-cd50-gu\/","title":{"rendered":"D\u00e2y r\u00fat LA250, CM250 Custom, CD50 G\u00f9"},"content":{"rendered":"","protected":false},"excerpt":{"rendered":"<p>Set b\u00e1n: 1 c\u00e1i.<\/p>\n<p>Ch\u1ea5t li\u1ec7u: Nh\u1ef1a.<\/p>\n<p>H\u00e0ng ch\u00ednh h\u00e3ng Honda.<\/p>\n<p>S\u1ea3n xu\u1ea5t t\u1ea1i Nh\u1eadt B\u1ea3n.<\/p>\n<p>G\u1eafn \u0111\u01b0\u1ee3c cho r\u1ea5t nhi\u1ec1u d\u00f2ng xe nh\u01b0 CD50 G\u00f9, LA250, CM250 Custom v\u00e0 c\u00e1c xe ph\u00e2n kh\u1ed1i l\u1edbn kh\u00e1c c\u1ee7a Honda.<\/p>\n","protected":false},"featured_media":39227,"comment_status":"open","ping_status":"closed","template":"","meta":[],"product_brand":[],"product_cat":[291],"product_tag":[],"danh-sach-xe":[2387,2388,2347,1878,1877],"class_list":{"0":"post-14525","1":"product","2":"type-product","3":"status-publish","4":"has-post-thumbnail","6":"product_cat-bo-phan-cua-ghi-dong","7":"danh-sach-xe-cd50-gu","8":"danh-sach-xe-cd90z-cd90-gu","9":"danh-sach-xe-cm125-custom","10":"danh-sach-xe-cm250-custom","11":"danh-sach-xe-la250","13":"first","14":"outofstock","15":"shipping-taxable","16":"purchasable","17":"product-type-simple"},"yoast_head":"<!-- This site is optimized with the Yoast SEO Premium plugin v23.3 (Yoast SEO v27.0) - https:\/\/yoast.com\/product\/yoast-seo-premium-wordpress\/ -->\n<title>D\u00e2y r\u00fat LA250, CM250 Custom, CD50 G\u00f9 - Motor Taburo<\/title>\n<meta name=\"robots\" content=\"index, follow, max-snippet:-1, max-image-preview:large, max-video-preview:-1\" \/>\n<link rel=\"canonical\" href=\"https:\/\/motortaburo.com\/en\/san-pham\/day-rut-la250-cm250-custom-cd50-gu\/\" \/>\n<meta property=\"og:locale\" content=\"en_US\" \/>\n<meta property=\"og:type\" content=\"article\" \/>\n<meta property=\"og:title\" content=\"D\u00e2y r\u00fat LA250, CM250 Custom, CD50 G\u00f9\" \/>\n<meta property=\"og:description\" content=\"Set b\u00e1n: 1 c\u00e1i.  Ch\u1ea5t li\u1ec7u: Nh\u1ef1a.  H\u00e0ng ch\u00ednh h\u00e3ng Honda.  S\u1ea3n xu\u1ea5t t\u1ea1i Nh\u1eadt B\u1ea3n.  G\u1eafn \u0111\u01b0\u1ee3c cho r\u1ea5t nhi\u1ec1u d\u00f2ng xe nh\u01b0 CD50 G\u00f9, LA250, CM250 Custom v\u00e0 c\u00e1c xe ph\u00e2n kh\u1ed1i l\u1edbn kh\u00e1c c\u1ee7a Honda.\" \/>\n<meta property=\"og:url\" content=\"https:\/\/motortaburo.com\/en\/san-pham\/day-rut-la250-cm250-custom-cd50-gu\/\" \/>\n<meta property=\"og:site_name\" content=\"Motor Taburo - Genuine Motorcycle Parts\" \/>\n<meta property=\"article:publisher\" content=\"https:\/\/www.facebook.com\/MotorTaburo\" \/>\n<meta property=\"article:modified_time\" content=\"2026-01-22T11:06:42+00:00\" \/>\n<meta property=\"og:image\" content=\"https:\/\/motortaburo.com\/wp-content\/uploads\/2022\/10\/IMG_5417-scaled.jpg\" \/>\n\t<meta property=\"og:image:width\" content=\"2560\" \/>\n\t<meta property=\"og:image:height\" content=\"2560\" \/>\n\t<meta property=\"og:image:type\" content=\"image\/jpeg\" \/>\n<meta name=\"twitter:card\" content=\"summary_large_image\" \/>\n<meta name=\"twitter:label1\" content=\"Price\" \/>\n\t<meta name=\"twitter:data1\" content=\"75.000&nbsp;&#8363;\" \/>\n\t<meta name=\"twitter:label2\" content=\"Availability\" \/>\n\t<meta name=\"twitter:data2\" content=\"Out of stock\" \/>\n<script type=\"application\/ld+json\" class=\"yoast-schema-graph\">{\"@context\":\"https:\/\/schema.org\",\"@graph\":[{\"@type\":\"WebPage\",\"@id\":\"https:\/\/motortaburo.com\/en\/san-pham\/day-rut-la250-cm250-custom-cd50-gu\/\",\"url\":\"https:\/\/motortaburo.com\/en\/san-pham\/day-rut-la250-cm250-custom-cd50-gu\/\",\"name\":\"D\u00e2y r\u00fat LA250, CM250 Custom, CD50 G\u00f9 - Motor Taburo\",\"isPartOf\":{\"@id\":\"https:\/\/motortaburo.com\/en\/#website\"},\"primaryImageOfPage\":{\"@id\":\"https:\/\/motortaburo.com\/en\/san-pham\/day-rut-la250-cm250-custom-cd50-gu\/#primaryimage\"},\"image\":{\"@id\":\"https:\/\/motortaburo.com\/en\/san-pham\/day-rut-la250-cm250-custom-cd50-gu\/#primaryimage\"},\"thumbnailUrl\":\"https:\/\/motortaburo.com\/wp-content\/uploads\/2022\/10\/IMG_5417-scaled.jpg\",\"datePublished\":\"2022-10-18T09:10:41+00:00\",\"dateModified\":\"2026-01-22T11:06:42+00:00\",\"breadcrumb\":{\"@id\":\"https:\/\/motortaburo.com\/en\/san-pham\/day-rut-la250-cm250-custom-cd50-gu\/#breadcrumb\"},\"inLanguage\":\"en-US\",\"potentialAction\":[{\"@type\":\"ReadAction\",\"target\":[\"https:\/\/motortaburo.com\/en\/san-pham\/day-rut-la250-cm250-custom-cd50-gu\/\"]}]},{\"@type\":\"ImageObject\",\"inLanguage\":\"en-US\",\"@id\":\"https:\/\/motortaburo.com\/en\/san-pham\/day-rut-la250-cm250-custom-cd50-gu\/#primaryimage\",\"url\":\"https:\/\/motortaburo.com\/wp-content\/uploads\/2022\/10\/IMG_5417-scaled.jpg\",\"contentUrl\":\"https:\/\/motortaburo.com\/wp-content\/uploads\/2022\/10\/IMG_5417-scaled.jpg\",\"width\":2560,\"height\":2560},{\"@type\":\"BreadcrumbList\",\"@id\":\"https:\/\/motortaburo.com\/en\/san-pham\/day-rut-la250-cm250-custom-cd50-gu\/#breadcrumb\",\"itemListElement\":[{\"@type\":\"ListItem\",\"position\":1,\"name\":\"Home\",\"item\":\"https:\/\/motortaburo.com\/en\/\"},{\"@type\":\"ListItem\",\"position\":2,\"name\":\"\u0110\u1ed3 ch\u01a1i xe\",\"item\":\"https:\/\/motortaburo.com\/do-choi-xe\/\"},{\"@type\":\"ListItem\",\"position\":3,\"name\":\"D\u00e2y r\u00fat LA250, CM250 Custom, CD50 G\u00f9\"}]},{\"@type\":\"WebSite\",\"@id\":\"https:\/\/motortaburo.com\/en\/#website\",\"url\":\"https:\/\/motortaburo.com\/en\/\",\"name\":\"Motor Taburo - Genuine Motorcycle Parts\",\"description\":\"We sell Japanese motorcycle parts\",\"publisher\":{\"@id\":\"https:\/\/motortaburo.com\/en\/#organization\"},\"alternateName\":\"Motor Taburo\",\"potentialAction\":[{\"@type\":\"SearchAction\",\"target\":{\"@type\":\"EntryPoint\",\"urlTemplate\":\"https:\/\/motortaburo.com\/en\/?s={search_term_string}\"},\"query-input\":{\"@type\":\"PropertyValueSpecification\",\"valueRequired\":true,\"valueName\":\"search_term_string\"}}],\"inLanguage\":\"en-US\"},{\"@type\":\"Organization\",\"@id\":\"https:\/\/motortaburo.com\/en\/#organization\",\"name\":\"Motor Taburo - Genuine Motorcycle Parts\",\"url\":\"https:\/\/motortaburo.com\/en\/\",\"logo\":{\"@type\":\"ImageObject\",\"inLanguage\":\"en-US\",\"@id\":\"https:\/\/motortaburo.com\/en\/#\/schema\/logo\/image\/\",\"url\":\"https:\/\/motortaburo.com\/wp-content\/uploads\/2021\/04\/Motor-Taburo-logo-512.jpg\",\"contentUrl\":\"https:\/\/motortaburo.com\/wp-content\/uploads\/2021\/04\/Motor-Taburo-logo-512.jpg\",\"width\":512,\"height\":512,\"caption\":\"Motor Taburo - Genuine Motorcycle Parts\"},\"image\":{\"@id\":\"https:\/\/motortaburo.com\/en\/#\/schema\/logo\/image\/\"},\"sameAs\":[\"https:\/\/www.facebook.com\/MotorTaburo\"]}]}<\/script>\n<meta property=\"product:brand\" content=\"Honda\" \/>\n<meta property=\"product:price:amount\" content=\"75000\" \/>\n<meta property=\"product:price:currency\" content=\"VND\" \/>\n<meta property=\"og:availability\" content=\"out of stock\" \/>\n<meta property=\"product:availability\" content=\"out of stock\" \/>\n<meta property=\"product:retailer_item_id\" content=\"32161-404-000\" \/>\n<meta property=\"product:condition\" content=\"new\" \/>\n<!-- \/ Yoast SEO Premium plugin. -->","yoast_head_json":{"title":"D\u00e2y r\u00fat LA250, CM250 Custom, CD50 G\u00f9 - Motor Taburo","robots":{"index":"index","follow":"follow","max-snippet":"max-snippet:-1","max-image-preview":"max-image-preview:large","max-video-preview":"max-video-preview:-1"},"canonical":"https:\/\/motortaburo.com\/en\/san-pham\/day-rut-la250-cm250-custom-cd50-gu\/","og_locale":"en_US","og_type":"article","og_title":"D\u00e2y r\u00fat LA250, CM250 Custom, CD50 G\u00f9","og_description":"Set b\u00e1n: 1 c\u00e1i.  Ch\u1ea5t li\u1ec7u: Nh\u1ef1a.  H\u00e0ng ch\u00ednh h\u00e3ng Honda.  S\u1ea3n xu\u1ea5t t\u1ea1i Nh\u1eadt B\u1ea3n.  G\u1eafn \u0111\u01b0\u1ee3c cho r\u1ea5t nhi\u1ec1u d\u00f2ng xe nh\u01b0 CD50 G\u00f9, LA250, CM250 Custom v\u00e0 c\u00e1c xe ph\u00e2n kh\u1ed1i l\u1edbn kh\u00e1c c\u1ee7a Honda.","og_url":"https:\/\/motortaburo.com\/en\/san-pham\/day-rut-la250-cm250-custom-cd50-gu\/","og_site_name":"Motor Taburo - Genuine Motorcycle Parts","article_publisher":"https:\/\/www.facebook.com\/MotorTaburo","article_modified_time":"2026-01-22T11:06:42+00:00","og_image":[{"width":2560,"height":2560,"url":"https:\/\/motortaburo.com\/wp-content\/uploads\/2022\/10\/IMG_5417-scaled.jpg","type":"image\/jpeg"}],"twitter_card":"summary_large_image","twitter_misc":{"Price":"75.000&nbsp;&#8363;","Availability":"Out of stock"},"schema":{"@context":"https:\/\/schema.org","@graph":[{"@type":"WebPage","@id":"https:\/\/motortaburo.com\/en\/san-pham\/day-rut-la250-cm250-custom-cd50-gu\/","url":"https:\/\/motortaburo.com\/en\/san-pham\/day-rut-la250-cm250-custom-cd50-gu\/","name":"D\u00e2y r\u00fat LA250, CM250 Custom, CD50 G\u00f9 - Motor Taburo","isPartOf":{"@id":"https:\/\/motortaburo.com\/en\/#website"},"primaryImageOfPage":{"@id":"https:\/\/motortaburo.com\/en\/san-pham\/day-rut-la250-cm250-custom-cd50-gu\/#primaryimage"},"image":{"@id":"https:\/\/motortaburo.com\/en\/san-pham\/day-rut-la250-cm250-custom-cd50-gu\/#primaryimage"},"thumbnailUrl":"https:\/\/motortaburo.com\/wp-content\/uploads\/2022\/10\/IMG_5417-scaled.jpg","datePublished":"2022-10-18T09:10:41+00:00","dateModified":"2026-01-22T11:06:42+00:00","breadcrumb":{"@id":"https:\/\/motortaburo.com\/en\/san-pham\/day-rut-la250-cm250-custom-cd50-gu\/#breadcrumb"},"inLanguage":"en-US","potentialAction":[{"@type":"ReadAction","target":["https:\/\/motortaburo.com\/en\/san-pham\/day-rut-la250-cm250-custom-cd50-gu\/"]}]},{"@type":"ImageObject","inLanguage":"en-US","@id":"https:\/\/motortaburo.com\/en\/san-pham\/day-rut-la250-cm250-custom-cd50-gu\/#primaryimage","url":"https:\/\/motortaburo.com\/wp-content\/uploads\/2022\/10\/IMG_5417-scaled.jpg","contentUrl":"https:\/\/motortaburo.com\/wp-content\/uploads\/2022\/10\/IMG_5417-scaled.jpg","width":2560,"height":2560},{"@type":"BreadcrumbList","@id":"https:\/\/motortaburo.com\/en\/san-pham\/day-rut-la250-cm250-custom-cd50-gu\/#breadcrumb","itemListElement":[{"@type":"ListItem","position":1,"name":"Home","item":"https:\/\/motortaburo.com\/en\/"},{"@type":"ListItem","position":2,"name":"\u0110\u1ed3 ch\u01a1i xe","item":"https:\/\/motortaburo.com\/do-choi-xe\/"},{"@type":"ListItem","position":3,"name":"D\u00e2y r\u00fat LA250, CM250 Custom, CD50 G\u00f9"}]},{"@type":"WebSite","@id":"https:\/\/motortaburo.com\/en\/#website","url":"https:\/\/motortaburo.com\/en\/","name":"Motor Taburo - Genuine Motorcycle Parts","description":"We sell Japanese motorcycle parts","publisher":{"@id":"https:\/\/motortaburo.com\/en\/#organization"},"alternateName":"Motor Taburo","potentialAction":[{"@type":"SearchAction","target":{"@type":"EntryPoint","urlTemplate":"https:\/\/motortaburo.com\/en\/?s={search_term_string}"},"query-input":{"@type":"PropertyValueSpecification","valueRequired":true,"valueName":"search_term_string"}}],"inLanguage":"en-US"},{"@type":"Organization","@id":"https:\/\/motortaburo.com\/en\/#organization","name":"Motor Taburo - Genuine Motorcycle Parts","url":"https:\/\/motortaburo.com\/en\/","logo":{"@type":"ImageObject","inLanguage":"en-US","@id":"https:\/\/motortaburo.com\/en\/#\/schema\/logo\/image\/","url":"https:\/\/motortaburo.com\/wp-content\/uploads\/2021\/04\/Motor-Taburo-logo-512.jpg","contentUrl":"https:\/\/motortaburo.com\/wp-content\/uploads\/2021\/04\/Motor-Taburo-logo-512.jpg","width":512,"height":512,"caption":"Motor Taburo - Genuine Motorcycle Parts"},"image":{"@id":"https:\/\/motortaburo.com\/en\/#\/schema\/logo\/image\/"},"sameAs":["https:\/\/www.facebook.com\/MotorTaburo"]}]},"product_brand":"Honda","product_price_amount":"75000","product_price_currency":"VND","og_availability":"out of stock","product_availability":"out of stock","product_retailer_item_id":"32161-404-000","product_condition":"new"},"_links":{"self":[{"href":"https:\/\/motortaburo.com\/en\/wp-json\/wp\/v2\/product\/14525","targetHints":{"allow":["GET"]}}],"collection":[{"href":"https:\/\/motortaburo.com\/en\/wp-json\/wp\/v2\/product"}],"about":[{"href":"https:\/\/motortaburo.com\/en\/wp-json\/wp\/v2\/types\/product"}],"replies":[{"embeddable":true,"href":"https:\/\/motortaburo.com\/en\/wp-json\/wp\/v2\/comments?post=14525"}],"version-history":[{"count":0,"href":"https:\/\/motortaburo.com\/en\/wp-json\/wp\/v2\/product\/14525\/revisions"}],"wp:featuredmedia":[{"embeddable":true,"href":"https:\/\/motortaburo.com\/en\/wp-json\/wp\/v2\/media\/39227"}],"wp:attachment":[{"href":"https:\/\/motortaburo.com\/en\/wp-json\/wp\/v2\/media?parent=14525"}],"wp:term":[{"taxonomy":"product_brand","embeddable":true,"href":"https:\/\/motortaburo.com\/en\/wp-json\/wp\/v2\/product_brand?post=14525"},{"taxonomy":"product_cat","embeddable":true,"href":"https:\/\/motortaburo.com\/en\/wp-json\/wp\/v2\/product_cat?post=14525"},{"taxonomy":"product_tag","embeddable":true,"href":"https:\/\/motortaburo.com\/en\/wp-json\/wp\/v2\/product_tag?post=14525"},{"taxonomy":"danh-sach-xe","embeddable":true,"href":"https:\/\/motortaburo.com\/en\/wp-json\/wp\/v2\/danh-sach-xe?post=14525"}],"curies":[{"name":"wp","href":"https:\/\/api.w.org\/{rel}","templated":true}]}}