{"id":14781,"date":"2021-04-11T17:05:25","date_gmt":"2021-04-11T10:05:25","guid":{"rendered":"https:\/\/motortaburo.com\/bo-oc-dau-chua-10mm-xai-khoa-14-kem-long-den\/"},"modified":"2026-01-22T17:40:56","modified_gmt":"2026-01-22T10:40:56","slug":"bo-oc-dau-chua-10mm-xai-khoa-14-kem-long-den","status":"publish","type":"product","link":"https:\/\/motortaburo.com\/en\/san-pham\/bo-oc-dau-chua-10mm-xai-khoa-14-kem-long-den\/","title":{"rendered":"B\u1ed9 \u1ed1c \u0111\u1ea7u ch\u00f9a 10mm x\u00e0i kh\u00f3a 14, k\u00e8m long \u0111\u1ec1n"},"content":{"rendered":"","protected":false},"excerpt":{"rendered":"<p>Set b\u00e1n: 4 \u1ed1c v\u00e0 4 long \u0111\u1ec1n.<\/p>\n<p>H\u00e0ng ch\u00ednh h\u00e3ng Honda.<\/p>\n<p>S\u1ea3n xu\u1ea5t t\u1ea1i Nh\u1eadt B\u1ea3n.<\/p>\n","protected":false},"featured_media":7605,"comment_status":"open","ping_status":"closed","template":"","meta":[],"product_brand":[],"product_cat":[91],"product_tag":[1197,1198,1199,1200,1201],"danh-sach-xe":[1876,1861,1860,2350,1859,1850,1847,1846,1845,1844,1843,1841,1840,1813,1833,2362,1869,1897,2363,2367,1831,1830,2334,2336,1827,1826,1824,1870],"class_list":{"0":"post-14781","1":"product","2":"type-product","3":"status-publish","4":"has-post-thumbnail","6":"product_cat-oc-vit","7":"product_tag-oc-bau-10-li","8":"product_tag-oc-dau-chua-10-li","9":"product_tag-oc-phuoc-sau-cd50","10":"product_tag-oc-phuoc-sau-cub","11":"product_tag-oc-phuoc-sau-win100","12":"danh-sach-xe-cd50s","13":"danh-sach-xe-chaly-cf50","14":"danh-sach-xe-cl50","15":"danh-sach-xe-cub-c50","16":"danh-sach-xe-dax-st50","17":"danh-sach-xe-monkey-50","18":"danh-sach-xe-ss50-67","19":"danh-sach-xe-ss50-68","20":"danh-sach-xe-ss50-69","21":"danh-sach-xe-ss50-72","22":"danh-sach-xe-ss50z","23":"danh-sach-xe-super-cub-50-c50","24":"danh-sach-xe-super-cub-50-custom","25":"danh-sach-xe-cd50-benly","26":"danh-sach-xe-benly-cd90","27":"danh-sach-xe-cd90s","28":"danh-sach-xe-cl70","29":"danh-sach-xe-cl90","30":"danh-sach-xe-dax-st70","31":"danh-sach-xe-dax-st90","32":"danh-sach-xe-dd70","33":"danh-sach-xe-dream-thai-110","34":"danh-sach-xe-s65","35":"danh-sach-xe-s90","36":"danh-sach-xe-super-cub-70-c70","37":"danh-sach-xe-super-cub-90-c90","38":"danh-sach-xe-super-dream-110","39":"danh-sach-xe-win-100","41":"first","42":"outofstock","43":"shipping-taxable","44":"purchasable","45":"product-type-simple"},"yoast_head":"<!-- This site is optimized with the Yoast SEO Premium plugin v23.3 (Yoast SEO v27.0) - https:\/\/yoast.com\/product\/yoast-seo-premium-wordpress\/ -->\n<title>B\u1ed9 \u1ed1c \u0111\u1ea7u ch\u00f9a 10mm x\u00e0i kh\u00f3a 14, k\u00e8m long \u0111\u1ec1n - Motor Taburo<\/title>\n<meta name=\"robots\" content=\"index, follow, max-snippet:-1, max-image-preview:large, max-video-preview:-1\" \/>\n<link rel=\"canonical\" href=\"https:\/\/motortaburo.com\/en\/san-pham\/bo-oc-dau-chua-10mm-xai-khoa-14-kem-long-den\/\" \/>\n<meta property=\"og:locale\" content=\"en_US\" \/>\n<meta property=\"og:type\" content=\"article\" \/>\n<meta property=\"og:title\" content=\"B\u1ed9 \u1ed1c \u0111\u1ea7u ch\u00f9a 10mm x\u00e0i kh\u00f3a 14, k\u00e8m long \u0111\u1ec1n\" \/>\n<meta property=\"og:description\" content=\"Set b\u00e1n: 4 \u1ed1c v\u00e0 4 long \u0111\u1ec1n.  H\u00e0ng ch\u00ednh h\u00e3ng Honda.  S\u1ea3n xu\u1ea5t t\u1ea1i Nh\u1eadt B\u1ea3n.\" \/>\n<meta property=\"og:url\" content=\"https:\/\/motortaburo.com\/en\/san-pham\/bo-oc-dau-chua-10mm-xai-khoa-14-kem-long-den\/\" \/>\n<meta property=\"og:site_name\" content=\"Motor Taburo - Genuine Motorcycle Parts\" \/>\n<meta property=\"article:publisher\" content=\"https:\/\/www.facebook.com\/MotorTaburo\" \/>\n<meta property=\"article:modified_time\" content=\"2026-01-22T10:40:56+00:00\" \/>\n<meta property=\"og:image\" content=\"https:\/\/motortaburo.com\/wp-content\/uploads\/2020\/04\/IMG_3827.jpg\" \/>\n\t<meta property=\"og:image:width\" content=\"960\" \/>\n\t<meta property=\"og:image:height\" content=\"960\" \/>\n\t<meta property=\"og:image:type\" content=\"image\/jpeg\" \/>\n<meta name=\"twitter:card\" content=\"summary_large_image\" \/>\n<meta name=\"twitter:label1\" content=\"Price\" \/>\n\t<meta name=\"twitter:data1\" content=\"240.000&nbsp;&#8363;\" \/>\n\t<meta name=\"twitter:label2\" content=\"Availability\" \/>\n\t<meta name=\"twitter:data2\" content=\"Out of stock\" \/>\n<script type=\"application\/ld+json\" class=\"yoast-schema-graph\">{\"@context\":\"https:\/\/schema.org\",\"@graph\":[{\"@type\":\"WebPage\",\"@id\":\"https:\/\/motortaburo.com\/en\/san-pham\/bo-oc-dau-chua-10mm-xai-khoa-14-kem-long-den\/\",\"url\":\"https:\/\/motortaburo.com\/en\/san-pham\/bo-oc-dau-chua-10mm-xai-khoa-14-kem-long-den\/\",\"name\":\"B\u1ed9 \u1ed1c \u0111\u1ea7u ch\u00f9a 10mm x\u00e0i kh\u00f3a 14, k\u00e8m long \u0111\u1ec1n - Motor Taburo\",\"isPartOf\":{\"@id\":\"https:\/\/motortaburo.com\/en\/#website\"},\"primaryImageOfPage\":{\"@id\":\"https:\/\/motortaburo.com\/en\/san-pham\/bo-oc-dau-chua-10mm-xai-khoa-14-kem-long-den\/#primaryimage\"},\"image\":{\"@id\":\"https:\/\/motortaburo.com\/en\/san-pham\/bo-oc-dau-chua-10mm-xai-khoa-14-kem-long-den\/#primaryimage\"},\"thumbnailUrl\":\"https:\/\/motortaburo.com\/wp-content\/uploads\/2020\/04\/IMG_3827.jpg\",\"datePublished\":\"2021-04-11T10:05:25+00:00\",\"dateModified\":\"2026-01-22T10:40:56+00:00\",\"breadcrumb\":{\"@id\":\"https:\/\/motortaburo.com\/en\/san-pham\/bo-oc-dau-chua-10mm-xai-khoa-14-kem-long-den\/#breadcrumb\"},\"inLanguage\":\"en-US\",\"potentialAction\":[{\"@type\":\"ReadAction\",\"target\":[\"https:\/\/motortaburo.com\/en\/san-pham\/bo-oc-dau-chua-10mm-xai-khoa-14-kem-long-den\/\"]}]},{\"@type\":\"ImageObject\",\"inLanguage\":\"en-US\",\"@id\":\"https:\/\/motortaburo.com\/en\/san-pham\/bo-oc-dau-chua-10mm-xai-khoa-14-kem-long-den\/#primaryimage\",\"url\":\"https:\/\/motortaburo.com\/wp-content\/uploads\/2020\/04\/IMG_3827.jpg\",\"contentUrl\":\"https:\/\/motortaburo.com\/wp-content\/uploads\/2020\/04\/IMG_3827.jpg\",\"width\":960,\"height\":960},{\"@type\":\"BreadcrumbList\",\"@id\":\"https:\/\/motortaburo.com\/en\/san-pham\/bo-oc-dau-chua-10mm-xai-khoa-14-kem-long-den\/#breadcrumb\",\"itemListElement\":[{\"@type\":\"ListItem\",\"position\":1,\"name\":\"Home\",\"item\":\"https:\/\/motortaburo.com\/en\/\"},{\"@type\":\"ListItem\",\"position\":2,\"name\":\"\u0110\u1ed3 ch\u01a1i xe\",\"item\":\"https:\/\/motortaburo.com\/do-choi-xe\/\"},{\"@type\":\"ListItem\",\"position\":3,\"name\":\"B\u1ed9 \u1ed1c \u0111\u1ea7u ch\u00f9a 10mm x\u00e0i kh\u00f3a 14, k\u00e8m long \u0111\u1ec1n\"}]},{\"@type\":\"WebSite\",\"@id\":\"https:\/\/motortaburo.com\/en\/#website\",\"url\":\"https:\/\/motortaburo.com\/en\/\",\"name\":\"Motor Taburo - Genuine Motorcycle Parts\",\"description\":\"We sell Japanese motorcycle parts\",\"publisher\":{\"@id\":\"https:\/\/motortaburo.com\/en\/#organization\"},\"alternateName\":\"Motor Taburo\",\"potentialAction\":[{\"@type\":\"SearchAction\",\"target\":{\"@type\":\"EntryPoint\",\"urlTemplate\":\"https:\/\/motortaburo.com\/en\/?s={search_term_string}\"},\"query-input\":{\"@type\":\"PropertyValueSpecification\",\"valueRequired\":true,\"valueName\":\"search_term_string\"}}],\"inLanguage\":\"en-US\"},{\"@type\":\"Organization\",\"@id\":\"https:\/\/motortaburo.com\/en\/#organization\",\"name\":\"Motor Taburo - Genuine Motorcycle Parts\",\"url\":\"https:\/\/motortaburo.com\/en\/\",\"logo\":{\"@type\":\"ImageObject\",\"inLanguage\":\"en-US\",\"@id\":\"https:\/\/motortaburo.com\/en\/#\/schema\/logo\/image\/\",\"url\":\"https:\/\/motortaburo.com\/wp-content\/uploads\/2021\/04\/Motor-Taburo-logo-512.jpg\",\"contentUrl\":\"https:\/\/motortaburo.com\/wp-content\/uploads\/2021\/04\/Motor-Taburo-logo-512.jpg\",\"width\":512,\"height\":512,\"caption\":\"Motor Taburo - Genuine Motorcycle Parts\"},\"image\":{\"@id\":\"https:\/\/motortaburo.com\/en\/#\/schema\/logo\/image\/\"},\"sameAs\":[\"https:\/\/www.facebook.com\/MotorTaburo\"]}]}<\/script>\n<meta property=\"product:brand\" content=\"Honda\" \/>\n<meta property=\"product:price:amount\" content=\"240000\" \/>\n<meta property=\"product:price:currency\" content=\"VND\" \/>\n<meta property=\"og:availability\" content=\"out of stock\" \/>\n<meta property=\"product:availability\" content=\"out of stock\" \/>\n<meta property=\"product:retailer_item_id\" content=\"PVN10\" \/>\n<meta property=\"product:condition\" content=\"new\" \/>\n<!-- \/ Yoast SEO Premium plugin. -->","yoast_head_json":{"title":"B\u1ed9 \u1ed1c \u0111\u1ea7u ch\u00f9a 10mm x\u00e0i kh\u00f3a 14, k\u00e8m long \u0111\u1ec1n - Motor Taburo","robots":{"index":"index","follow":"follow","max-snippet":"max-snippet:-1","max-image-preview":"max-image-preview:large","max-video-preview":"max-video-preview:-1"},"canonical":"https:\/\/motortaburo.com\/en\/san-pham\/bo-oc-dau-chua-10mm-xai-khoa-14-kem-long-den\/","og_locale":"en_US","og_type":"article","og_title":"B\u1ed9 \u1ed1c \u0111\u1ea7u ch\u00f9a 10mm x\u00e0i kh\u00f3a 14, k\u00e8m long \u0111\u1ec1n","og_description":"Set b\u00e1n: 4 \u1ed1c v\u00e0 4 long \u0111\u1ec1n.  H\u00e0ng ch\u00ednh h\u00e3ng Honda.  S\u1ea3n xu\u1ea5t t\u1ea1i Nh\u1eadt B\u1ea3n.","og_url":"https:\/\/motortaburo.com\/en\/san-pham\/bo-oc-dau-chua-10mm-xai-khoa-14-kem-long-den\/","og_site_name":"Motor Taburo - Genuine Motorcycle Parts","article_publisher":"https:\/\/www.facebook.com\/MotorTaburo","article_modified_time":"2026-01-22T10:40:56+00:00","og_image":[{"width":960,"height":960,"url":"https:\/\/motortaburo.com\/wp-content\/uploads\/2020\/04\/IMG_3827.jpg","type":"image\/jpeg"}],"twitter_card":"summary_large_image","twitter_misc":{"Price":"240.000&nbsp;&#8363;","Availability":"Out of stock"},"schema":{"@context":"https:\/\/schema.org","@graph":[{"@type":"WebPage","@id":"https:\/\/motortaburo.com\/en\/san-pham\/bo-oc-dau-chua-10mm-xai-khoa-14-kem-long-den\/","url":"https:\/\/motortaburo.com\/en\/san-pham\/bo-oc-dau-chua-10mm-xai-khoa-14-kem-long-den\/","name":"B\u1ed9 \u1ed1c \u0111\u1ea7u ch\u00f9a 10mm x\u00e0i kh\u00f3a 14, k\u00e8m long \u0111\u1ec1n - Motor Taburo","isPartOf":{"@id":"https:\/\/motortaburo.com\/en\/#website"},"primaryImageOfPage":{"@id":"https:\/\/motortaburo.com\/en\/san-pham\/bo-oc-dau-chua-10mm-xai-khoa-14-kem-long-den\/#primaryimage"},"image":{"@id":"https:\/\/motortaburo.com\/en\/san-pham\/bo-oc-dau-chua-10mm-xai-khoa-14-kem-long-den\/#primaryimage"},"thumbnailUrl":"https:\/\/motortaburo.com\/wp-content\/uploads\/2020\/04\/IMG_3827.jpg","datePublished":"2021-04-11T10:05:25+00:00","dateModified":"2026-01-22T10:40:56+00:00","breadcrumb":{"@id":"https:\/\/motortaburo.com\/en\/san-pham\/bo-oc-dau-chua-10mm-xai-khoa-14-kem-long-den\/#breadcrumb"},"inLanguage":"en-US","potentialAction":[{"@type":"ReadAction","target":["https:\/\/motortaburo.com\/en\/san-pham\/bo-oc-dau-chua-10mm-xai-khoa-14-kem-long-den\/"]}]},{"@type":"ImageObject","inLanguage":"en-US","@id":"https:\/\/motortaburo.com\/en\/san-pham\/bo-oc-dau-chua-10mm-xai-khoa-14-kem-long-den\/#primaryimage","url":"https:\/\/motortaburo.com\/wp-content\/uploads\/2020\/04\/IMG_3827.jpg","contentUrl":"https:\/\/motortaburo.com\/wp-content\/uploads\/2020\/04\/IMG_3827.jpg","width":960,"height":960},{"@type":"BreadcrumbList","@id":"https:\/\/motortaburo.com\/en\/san-pham\/bo-oc-dau-chua-10mm-xai-khoa-14-kem-long-den\/#breadcrumb","itemListElement":[{"@type":"ListItem","position":1,"name":"Home","item":"https:\/\/motortaburo.com\/en\/"},{"@type":"ListItem","position":2,"name":"\u0110\u1ed3 ch\u01a1i xe","item":"https:\/\/motortaburo.com\/do-choi-xe\/"},{"@type":"ListItem","position":3,"name":"B\u1ed9 \u1ed1c \u0111\u1ea7u ch\u00f9a 10mm x\u00e0i kh\u00f3a 14, k\u00e8m long \u0111\u1ec1n"}]},{"@type":"WebSite","@id":"https:\/\/motortaburo.com\/en\/#website","url":"https:\/\/motortaburo.com\/en\/","name":"Motor Taburo - Genuine Motorcycle Parts","description":"We sell Japanese motorcycle parts","publisher":{"@id":"https:\/\/motortaburo.com\/en\/#organization"},"alternateName":"Motor Taburo","potentialAction":[{"@type":"SearchAction","target":{"@type":"EntryPoint","urlTemplate":"https:\/\/motortaburo.com\/en\/?s={search_term_string}"},"query-input":{"@type":"PropertyValueSpecification","valueRequired":true,"valueName":"search_term_string"}}],"inLanguage":"en-US"},{"@type":"Organization","@id":"https:\/\/motortaburo.com\/en\/#organization","name":"Motor Taburo - Genuine Motorcycle Parts","url":"https:\/\/motortaburo.com\/en\/","logo":{"@type":"ImageObject","inLanguage":"en-US","@id":"https:\/\/motortaburo.com\/en\/#\/schema\/logo\/image\/","url":"https:\/\/motortaburo.com\/wp-content\/uploads\/2021\/04\/Motor-Taburo-logo-512.jpg","contentUrl":"https:\/\/motortaburo.com\/wp-content\/uploads\/2021\/04\/Motor-Taburo-logo-512.jpg","width":512,"height":512,"caption":"Motor Taburo - Genuine Motorcycle Parts"},"image":{"@id":"https:\/\/motortaburo.com\/en\/#\/schema\/logo\/image\/"},"sameAs":["https:\/\/www.facebook.com\/MotorTaburo"]}]},"product_brand":"Honda","product_price_amount":"240000","product_price_currency":"VND","og_availability":"out of stock","product_availability":"out of stock","product_retailer_item_id":"PVN10","product_condition":"new"},"_links":{"self":[{"href":"https:\/\/motortaburo.com\/en\/wp-json\/wp\/v2\/product\/14781","targetHints":{"allow":["GET"]}}],"collection":[{"href":"https:\/\/motortaburo.com\/en\/wp-json\/wp\/v2\/product"}],"about":[{"href":"https:\/\/motortaburo.com\/en\/wp-json\/wp\/v2\/types\/product"}],"replies":[{"embeddable":true,"href":"https:\/\/motortaburo.com\/en\/wp-json\/wp\/v2\/comments?post=14781"}],"version-history":[{"count":0,"href":"https:\/\/motortaburo.com\/en\/wp-json\/wp\/v2\/product\/14781\/revisions"}],"wp:featuredmedia":[{"embeddable":true,"href":"https:\/\/motortaburo.com\/en\/wp-json\/wp\/v2\/media\/7605"}],"wp:attachment":[{"href":"https:\/\/motortaburo.com\/en\/wp-json\/wp\/v2\/media?parent=14781"}],"wp:term":[{"taxonomy":"product_brand","embeddable":true,"href":"https:\/\/motortaburo.com\/en\/wp-json\/wp\/v2\/product_brand?post=14781"},{"taxonomy":"product_cat","embeddable":true,"href":"https:\/\/motortaburo.com\/en\/wp-json\/wp\/v2\/product_cat?post=14781"},{"taxonomy":"product_tag","embeddable":true,"href":"https:\/\/motortaburo.com\/en\/wp-json\/wp\/v2\/product_tag?post=14781"},{"taxonomy":"danh-sach-xe","embeddable":true,"href":"https:\/\/motortaburo.com\/en\/wp-json\/wp\/v2\/danh-sach-xe?post=14781"}],"curies":[{"name":"wp","href":"https:\/\/api.w.org\/{rel}","templated":true}]}}