{"id":3548,"date":"2019-11-07T16:00:52","date_gmt":"2019-11-07T09:00:52","guid":{"rendered":"https:\/\/motortaburo.com\/?post_type=product&#038;p=3548"},"modified":"2026-01-22T18:07:02","modified_gmt":"2026-01-22T11:07:02","slug":"kinh-chieu-hau-napoleon","status":"publish","type":"product","link":"https:\/\/motortaburo.com\/en\/san-pham\/kinh-chieu-hau-napoleon\/","title":{"rendered":"K\u00ednh chi\u1ebfu h\u1eadu Napoleon"},"content":{"rendered":"<p>K\u00ednh d\u00f9ng cho c\u1ea3 2 b\u00ean tr\u00e1i v\u00e0 ph\u1ea3i.<\/p>\n<p>G\u1ecdng k\u00ednh c\u00f3 th\u1ec3 b\u1ebb l\u00ean v\u00e0 b\u1ebb xu\u1ed1ng \u0111\u1ec1u \u0111\u01b0\u1ee3c.<\/p>\n","protected":false},"excerpt":{"rendered":"<p>Set b\u00e1n: 1 c\u00e1i.<\/p>\n<p>Xu\u1ea5t x\u1ee9, nh\u1eadp kh\u1ea9u t\u1eeb Nh\u1eadt B\u1ea3n.<\/p>\n<p>S\u1ea3n xu\u1ea5t t\u1ea1i Trung Qu\u1ed1c.<\/p>\n","protected":false},"featured_media":3549,"comment_status":"open","ping_status":"closed","template":"","meta":[],"product_brand":[],"product_cat":[84],"product_tag":[397,398],"danh-sach-xe":[],"class_list":{"0":"post-3548","1":"product","2":"type-product","3":"status-publish","4":"has-post-thumbnail","6":"product_cat-kinh-chieu-hau","7":"product_tag-kinh-chieu-hau","8":"product_tag-kinh-napoleon","10":"first","11":"outofstock","12":"shipping-taxable","13":"purchasable","14":"product-type-variable"},"yoast_head":"<!-- This site is optimized with the Yoast SEO Premium plugin v23.3 (Yoast SEO v27.0) - https:\/\/yoast.com\/product\/yoast-seo-premium-wordpress\/ -->\n<title>K\u00ednh chi\u1ebfu h\u1eadu Napoleon - Motor Taburo<\/title>\n<meta name=\"robots\" content=\"index, follow, max-snippet:-1, max-image-preview:large, max-video-preview:-1\" \/>\n<link rel=\"canonical\" href=\"https:\/\/motortaburo.com\/en\/san-pham\/kinh-chieu-hau-napoleon\/\" \/>\n<meta property=\"og:locale\" content=\"en_US\" \/>\n<meta property=\"og:type\" content=\"article\" \/>\n<meta property=\"og:title\" content=\"K\u00ednh chi\u1ebfu h\u1eadu Napoleon\" \/>\n<meta property=\"og:description\" content=\"Set b\u00e1n: 1 c\u00e1i.  Xu\u1ea5t x\u1ee9, nh\u1eadp kh\u1ea9u t\u1eeb Nh\u1eadt B\u1ea3n.  S\u1ea3n xu\u1ea5t t\u1ea1i Trung Qu\u1ed1c.\" \/>\n<meta property=\"og:url\" content=\"https:\/\/motortaburo.com\/en\/san-pham\/kinh-chieu-hau-napoleon\/\" \/>\n<meta property=\"og:site_name\" content=\"Motor Taburo - Genuine Motorcycle Parts\" \/>\n<meta property=\"article:publisher\" content=\"https:\/\/www.facebook.com\/MotorTaburo\" \/>\n<meta property=\"article:modified_time\" content=\"2026-01-22T11:07:02+00:00\" \/>\n<meta property=\"og:image\" content=\"https:\/\/motortaburo.com\/wp-content\/uploads\/2019\/11\/IMG_20191104_1117209.jpg\" \/>\n\t<meta property=\"og:image:width\" content=\"1024\" \/>\n\t<meta property=\"og:image:height\" content=\"1024\" \/>\n\t<meta property=\"og:image:type\" content=\"image\/jpeg\" \/>\n<meta name=\"twitter:card\" content=\"summary_large_image\" \/>\n<meta name=\"twitter:label1\" content=\"Availability\" \/>\n\t<meta name=\"twitter:data1\" content=\"Out of stock\" \/>\n<script type=\"application\/ld+json\" class=\"yoast-schema-graph\">{\"@context\":\"https:\/\/schema.org\",\"@graph\":[{\"@type\":\"WebPage\",\"@id\":\"https:\/\/motortaburo.com\/en\/san-pham\/kinh-chieu-hau-napoleon\/\",\"url\":\"https:\/\/motortaburo.com\/en\/san-pham\/kinh-chieu-hau-napoleon\/\",\"name\":\"K\u00ednh chi\u1ebfu h\u1eadu Napoleon - Motor Taburo\",\"isPartOf\":{\"@id\":\"https:\/\/motortaburo.com\/en\/#website\"},\"primaryImageOfPage\":{\"@id\":\"https:\/\/motortaburo.com\/en\/san-pham\/kinh-chieu-hau-napoleon\/#primaryimage\"},\"image\":{\"@id\":\"https:\/\/motortaburo.com\/en\/san-pham\/kinh-chieu-hau-napoleon\/#primaryimage\"},\"thumbnailUrl\":\"https:\/\/motortaburo.com\/wp-content\/uploads\/2019\/11\/IMG_20191104_1117209.jpg\",\"datePublished\":\"2019-11-07T09:00:52+00:00\",\"dateModified\":\"2026-01-22T11:07:02+00:00\",\"breadcrumb\":{\"@id\":\"https:\/\/motortaburo.com\/en\/san-pham\/kinh-chieu-hau-napoleon\/#breadcrumb\"},\"inLanguage\":\"en-US\",\"potentialAction\":[{\"@type\":\"ReadAction\",\"target\":[\"https:\/\/motortaburo.com\/en\/san-pham\/kinh-chieu-hau-napoleon\/\"]}]},{\"@type\":\"ImageObject\",\"inLanguage\":\"en-US\",\"@id\":\"https:\/\/motortaburo.com\/en\/san-pham\/kinh-chieu-hau-napoleon\/#primaryimage\",\"url\":\"https:\/\/motortaburo.com\/wp-content\/uploads\/2019\/11\/IMG_20191104_1117209.jpg\",\"contentUrl\":\"https:\/\/motortaburo.com\/wp-content\/uploads\/2019\/11\/IMG_20191104_1117209.jpg\",\"width\":1024,\"height\":1024},{\"@type\":\"BreadcrumbList\",\"@id\":\"https:\/\/motortaburo.com\/en\/san-pham\/kinh-chieu-hau-napoleon\/#breadcrumb\",\"itemListElement\":[{\"@type\":\"ListItem\",\"position\":1,\"name\":\"Home\",\"item\":\"https:\/\/motortaburo.com\/en\/\"},{\"@type\":\"ListItem\",\"position\":2,\"name\":\"\u0110\u1ed3 ch\u01a1i xe\",\"item\":\"https:\/\/motortaburo.com\/do-choi-xe\/\"},{\"@type\":\"ListItem\",\"position\":3,\"name\":\"K\u00ednh chi\u1ebfu h\u1eadu Napoleon\"}]},{\"@type\":\"WebSite\",\"@id\":\"https:\/\/motortaburo.com\/en\/#website\",\"url\":\"https:\/\/motortaburo.com\/en\/\",\"name\":\"Motor Taburo - Genuine Motorcycle Parts\",\"description\":\"We sell Japanese motorcycle parts\",\"publisher\":{\"@id\":\"https:\/\/motortaburo.com\/en\/#organization\"},\"alternateName\":\"Motor Taburo\",\"potentialAction\":[{\"@type\":\"SearchAction\",\"target\":{\"@type\":\"EntryPoint\",\"urlTemplate\":\"https:\/\/motortaburo.com\/en\/?s={search_term_string}\"},\"query-input\":{\"@type\":\"PropertyValueSpecification\",\"valueRequired\":true,\"valueName\":\"search_term_string\"}}],\"inLanguage\":\"en-US\"},{\"@type\":\"Organization\",\"@id\":\"https:\/\/motortaburo.com\/en\/#organization\",\"name\":\"Motor Taburo - Genuine Motorcycle Parts\",\"url\":\"https:\/\/motortaburo.com\/en\/\",\"logo\":{\"@type\":\"ImageObject\",\"inLanguage\":\"en-US\",\"@id\":\"https:\/\/motortaburo.com\/en\/#\/schema\/logo\/image\/\",\"url\":\"https:\/\/motortaburo.com\/wp-content\/uploads\/2021\/04\/Motor-Taburo-logo-512.jpg\",\"contentUrl\":\"https:\/\/motortaburo.com\/wp-content\/uploads\/2021\/04\/Motor-Taburo-logo-512.jpg\",\"width\":512,\"height\":512,\"caption\":\"Motor Taburo - Genuine Motorcycle Parts\"},\"image\":{\"@id\":\"https:\/\/motortaburo.com\/en\/#\/schema\/logo\/image\/\"},\"sameAs\":[\"https:\/\/www.facebook.com\/MotorTaburo\"]}]}<\/script>\n<meta property=\"product:brand\" content=\"Tanax\" \/>\n<meta property=\"og:availability\" content=\"out of stock\" \/>\n<meta property=\"product:availability\" content=\"out of stock\" \/>\n<meta property=\"product:condition\" content=\"new\" \/>\n<!-- \/ Yoast SEO Premium plugin. -->","yoast_head_json":{"title":"K\u00ednh chi\u1ebfu h\u1eadu Napoleon - Motor Taburo","robots":{"index":"index","follow":"follow","max-snippet":"max-snippet:-1","max-image-preview":"max-image-preview:large","max-video-preview":"max-video-preview:-1"},"canonical":"https:\/\/motortaburo.com\/en\/san-pham\/kinh-chieu-hau-napoleon\/","og_locale":"en_US","og_type":"article","og_title":"K\u00ednh chi\u1ebfu h\u1eadu Napoleon","og_description":"Set b\u00e1n: 1 c\u00e1i.  Xu\u1ea5t x\u1ee9, nh\u1eadp kh\u1ea9u t\u1eeb Nh\u1eadt B\u1ea3n.  S\u1ea3n xu\u1ea5t t\u1ea1i Trung Qu\u1ed1c.","og_url":"https:\/\/motortaburo.com\/en\/san-pham\/kinh-chieu-hau-napoleon\/","og_site_name":"Motor Taburo - Genuine Motorcycle Parts","article_publisher":"https:\/\/www.facebook.com\/MotorTaburo","article_modified_time":"2026-01-22T11:07:02+00:00","og_image":[{"width":1024,"height":1024,"url":"https:\/\/motortaburo.com\/wp-content\/uploads\/2019\/11\/IMG_20191104_1117209.jpg","type":"image\/jpeg"}],"twitter_card":"summary_large_image","twitter_misc":{"Availability":"Out of stock"},"schema":{"@context":"https:\/\/schema.org","@graph":[{"@type":"WebPage","@id":"https:\/\/motortaburo.com\/en\/san-pham\/kinh-chieu-hau-napoleon\/","url":"https:\/\/motortaburo.com\/en\/san-pham\/kinh-chieu-hau-napoleon\/","name":"K\u00ednh chi\u1ebfu h\u1eadu Napoleon - Motor Taburo","isPartOf":{"@id":"https:\/\/motortaburo.com\/en\/#website"},"primaryImageOfPage":{"@id":"https:\/\/motortaburo.com\/en\/san-pham\/kinh-chieu-hau-napoleon\/#primaryimage"},"image":{"@id":"https:\/\/motortaburo.com\/en\/san-pham\/kinh-chieu-hau-napoleon\/#primaryimage"},"thumbnailUrl":"https:\/\/motortaburo.com\/wp-content\/uploads\/2019\/11\/IMG_20191104_1117209.jpg","datePublished":"2019-11-07T09:00:52+00:00","dateModified":"2026-01-22T11:07:02+00:00","breadcrumb":{"@id":"https:\/\/motortaburo.com\/en\/san-pham\/kinh-chieu-hau-napoleon\/#breadcrumb"},"inLanguage":"en-US","potentialAction":[{"@type":"ReadAction","target":["https:\/\/motortaburo.com\/en\/san-pham\/kinh-chieu-hau-napoleon\/"]}]},{"@type":"ImageObject","inLanguage":"en-US","@id":"https:\/\/motortaburo.com\/en\/san-pham\/kinh-chieu-hau-napoleon\/#primaryimage","url":"https:\/\/motortaburo.com\/wp-content\/uploads\/2019\/11\/IMG_20191104_1117209.jpg","contentUrl":"https:\/\/motortaburo.com\/wp-content\/uploads\/2019\/11\/IMG_20191104_1117209.jpg","width":1024,"height":1024},{"@type":"BreadcrumbList","@id":"https:\/\/motortaburo.com\/en\/san-pham\/kinh-chieu-hau-napoleon\/#breadcrumb","itemListElement":[{"@type":"ListItem","position":1,"name":"Home","item":"https:\/\/motortaburo.com\/en\/"},{"@type":"ListItem","position":2,"name":"\u0110\u1ed3 ch\u01a1i xe","item":"https:\/\/motortaburo.com\/do-choi-xe\/"},{"@type":"ListItem","position":3,"name":"K\u00ednh chi\u1ebfu h\u1eadu Napoleon"}]},{"@type":"WebSite","@id":"https:\/\/motortaburo.com\/en\/#website","url":"https:\/\/motortaburo.com\/en\/","name":"Motor Taburo - Genuine Motorcycle Parts","description":"We sell Japanese motorcycle parts","publisher":{"@id":"https:\/\/motortaburo.com\/en\/#organization"},"alternateName":"Motor Taburo","potentialAction":[{"@type":"SearchAction","target":{"@type":"EntryPoint","urlTemplate":"https:\/\/motortaburo.com\/en\/?s={search_term_string}"},"query-input":{"@type":"PropertyValueSpecification","valueRequired":true,"valueName":"search_term_string"}}],"inLanguage":"en-US"},{"@type":"Organization","@id":"https:\/\/motortaburo.com\/en\/#organization","name":"Motor Taburo - Genuine Motorcycle Parts","url":"https:\/\/motortaburo.com\/en\/","logo":{"@type":"ImageObject","inLanguage":"en-US","@id":"https:\/\/motortaburo.com\/en\/#\/schema\/logo\/image\/","url":"https:\/\/motortaburo.com\/wp-content\/uploads\/2021\/04\/Motor-Taburo-logo-512.jpg","contentUrl":"https:\/\/motortaburo.com\/wp-content\/uploads\/2021\/04\/Motor-Taburo-logo-512.jpg","width":512,"height":512,"caption":"Motor Taburo - Genuine Motorcycle Parts"},"image":{"@id":"https:\/\/motortaburo.com\/en\/#\/schema\/logo\/image\/"},"sameAs":["https:\/\/www.facebook.com\/MotorTaburo"]}]},"product_brand":"Tanax","og_availability":"out of stock","product_availability":"out of stock","product_condition":"new"},"_links":{"self":[{"href":"https:\/\/motortaburo.com\/en\/wp-json\/wp\/v2\/product\/3548","targetHints":{"allow":["GET"]}}],"collection":[{"href":"https:\/\/motortaburo.com\/en\/wp-json\/wp\/v2\/product"}],"about":[{"href":"https:\/\/motortaburo.com\/en\/wp-json\/wp\/v2\/types\/product"}],"replies":[{"embeddable":true,"href":"https:\/\/motortaburo.com\/en\/wp-json\/wp\/v2\/comments?post=3548"}],"version-history":[{"count":1,"href":"https:\/\/motortaburo.com\/en\/wp-json\/wp\/v2\/product\/3548\/revisions"}],"predecessor-version":[{"id":41375,"href":"https:\/\/motortaburo.com\/en\/wp-json\/wp\/v2\/product\/3548\/revisions\/41375"}],"wp:featuredmedia":[{"embeddable":true,"href":"https:\/\/motortaburo.com\/en\/wp-json\/wp\/v2\/media\/3549"}],"wp:attachment":[{"href":"https:\/\/motortaburo.com\/en\/wp-json\/wp\/v2\/media?parent=3548"}],"wp:term":[{"taxonomy":"product_brand","embeddable":true,"href":"https:\/\/motortaburo.com\/en\/wp-json\/wp\/v2\/product_brand?post=3548"},{"taxonomy":"product_cat","embeddable":true,"href":"https:\/\/motortaburo.com\/en\/wp-json\/wp\/v2\/product_cat?post=3548"},{"taxonomy":"product_tag","embeddable":true,"href":"https:\/\/motortaburo.com\/en\/wp-json\/wp\/v2\/product_tag?post=3548"},{"taxonomy":"danh-sach-xe","embeddable":true,"href":"https:\/\/motortaburo.com\/en\/wp-json\/wp\/v2\/danh-sach-xe?post=3548"}],"curies":[{"name":"wp","href":"https:\/\/api.w.org\/{rel}","templated":true}]}}