{"id":3604,"date":"2019-11-10T10:20:17","date_gmt":"2019-11-10T03:20:17","guid":{"rendered":"https:\/\/motortaburo.com\/?post_type=product&#038;p=3604"},"modified":"2026-01-22T18:05:54","modified_gmt":"2026-01-22T11:05:54","slug":"bao-tay-daytona-mau-gg-di-arc-1","status":"publish","type":"product","link":"https:\/\/motortaburo.com\/en\/san-pham\/bao-tay-daytona-mau-gg-di-arc-1\/","title":{"rendered":"Bao tay Daytona m\u1eabu GG-DI-ARC-1"},"content":{"rendered":"<p>Chi\u1ec1u d\u00e0i 125mm.<\/p>\n<p>X\u00e0i cho ghi \u0111\u00f4ng \u03a622, \u1ed1ng ga \u03a625.4.<\/p>\n<p>&nbsp;<\/p>\n<p>&nbsp;<\/p>\n","protected":false},"excerpt":{"rendered":"<p>C\u00f3 2 m\u00e0u: \u0110en v\u00e0 Cam \u0111\u1ea5t.<\/p>\n<p>Xu\u1ea5t x\u1ee9 Nh\u1eadt B\u1ea3n.<\/p>\n<p>S\u1ea3n xu\u1ea5t t\u1ea1i \u0110\u00e0i Loan.<\/p>\n","protected":false},"featured_media":3600,"comment_status":"open","ping_status":"closed","template":"","meta":[],"product_brand":[],"product_cat":[209],"product_tag":[],"danh-sach-xe":[1864],"class_list":{"0":"post-3604","1":"product","2":"type-product","3":"status-publish","4":"has-post-thumbnail","6":"product_cat-bao-tay","7":"danh-sach-xe-cac-xe-pho-thong","9":"first","10":"outofstock","11":"shipping-taxable","12":"purchasable","13":"product-type-variable"},"yoast_head":"<!-- This site is optimized with the Yoast SEO Premium plugin v23.3 (Yoast SEO v27.0) - https:\/\/yoast.com\/product\/yoast-seo-premium-wordpress\/ -->\n<title>Bao tay Daytona m\u1eabu GG-DI-ARC-1 - Motor Taburo<\/title>\n<meta name=\"robots\" content=\"index, follow, max-snippet:-1, max-image-preview:large, max-video-preview:-1\" \/>\n<link rel=\"canonical\" href=\"https:\/\/motortaburo.com\/en\/san-pham\/bao-tay-daytona-mau-gg-di-arc-1\/\" \/>\n<meta property=\"og:locale\" content=\"en_US\" \/>\n<meta property=\"og:type\" content=\"article\" \/>\n<meta property=\"og:title\" content=\"Bao tay Daytona m\u1eabu GG-DI-ARC-1\" \/>\n<meta property=\"og:description\" content=\"C\u00f3 2 m\u00e0u: \u0110en v\u00e0 Cam \u0111\u1ea5t.  Xu\u1ea5t x\u1ee9 Nh\u1eadt B\u1ea3n.  S\u1ea3n xu\u1ea5t t\u1ea1i \u0110\u00e0i Loan.\" \/>\n<meta property=\"og:url\" content=\"https:\/\/motortaburo.com\/en\/san-pham\/bao-tay-daytona-mau-gg-di-arc-1\/\" \/>\n<meta property=\"og:site_name\" content=\"Motor Taburo - Genuine Motorcycle Parts\" \/>\n<meta property=\"article:publisher\" content=\"https:\/\/www.facebook.com\/MotorTaburo\" \/>\n<meta property=\"article:modified_time\" content=\"2026-01-22T11:05:54+00:00\" \/>\n<meta property=\"og:image\" content=\"https:\/\/tbrracing.vn\/wp-content\/uploads\/2019\/11\/20181213_120313.jpg\" \/>\n\t<meta property=\"og:image:width\" content=\"1024\" \/>\n\t<meta property=\"og:image:height\" content=\"768\" \/>\n\t<meta property=\"og:image:type\" content=\"image\/jpeg\" \/>\n<meta name=\"twitter:card\" content=\"summary_large_image\" \/>\n<meta name=\"twitter:label1\" content=\"Availability\" \/>\n\t<meta name=\"twitter:data1\" content=\"Out of stock\" \/>\n<script type=\"application\/ld+json\" class=\"yoast-schema-graph\">{\"@context\":\"https:\/\/schema.org\",\"@graph\":[{\"@type\":\"WebPage\",\"@id\":\"https:\/\/motortaburo.com\/en\/san-pham\/bao-tay-daytona-mau-gg-di-arc-1\/\",\"url\":\"https:\/\/motortaburo.com\/en\/san-pham\/bao-tay-daytona-mau-gg-di-arc-1\/\",\"name\":\"Bao tay Daytona m\u1eabu GG-DI-ARC-1 - Motor Taburo\",\"isPartOf\":{\"@id\":\"https:\/\/motortaburo.com\/en\/#website\"},\"primaryImageOfPage\":{\"@id\":\"https:\/\/motortaburo.com\/en\/san-pham\/bao-tay-daytona-mau-gg-di-arc-1\/#primaryimage\"},\"image\":{\"@id\":\"https:\/\/motortaburo.com\/en\/san-pham\/bao-tay-daytona-mau-gg-di-arc-1\/#primaryimage\"},\"thumbnailUrl\":\"https:\/\/motortaburo.com\/wp-content\/uploads\/2019\/11\/20181213_120313.jpg\",\"datePublished\":\"2019-11-10T03:20:17+00:00\",\"dateModified\":\"2026-01-22T11:05:54+00:00\",\"breadcrumb\":{\"@id\":\"https:\/\/motortaburo.com\/en\/san-pham\/bao-tay-daytona-mau-gg-di-arc-1\/#breadcrumb\"},\"inLanguage\":\"en-US\",\"potentialAction\":[{\"@type\":\"ReadAction\",\"target\":[\"https:\/\/motortaburo.com\/en\/san-pham\/bao-tay-daytona-mau-gg-di-arc-1\/\"]}]},{\"@type\":\"ImageObject\",\"inLanguage\":\"en-US\",\"@id\":\"https:\/\/motortaburo.com\/en\/san-pham\/bao-tay-daytona-mau-gg-di-arc-1\/#primaryimage\",\"url\":\"https:\/\/motortaburo.com\/wp-content\/uploads\/2019\/11\/20181213_120313.jpg\",\"contentUrl\":\"https:\/\/motortaburo.com\/wp-content\/uploads\/2019\/11\/20181213_120313.jpg\",\"width\":1024,\"height\":768},{\"@type\":\"BreadcrumbList\",\"@id\":\"https:\/\/motortaburo.com\/en\/san-pham\/bao-tay-daytona-mau-gg-di-arc-1\/#breadcrumb\",\"itemListElement\":[{\"@type\":\"ListItem\",\"position\":1,\"name\":\"Home\",\"item\":\"https:\/\/motortaburo.com\/en\/\"},{\"@type\":\"ListItem\",\"position\":2,\"name\":\"\u0110\u1ed3 ch\u01a1i xe\",\"item\":\"https:\/\/motortaburo.com\/do-choi-xe\/\"},{\"@type\":\"ListItem\",\"position\":3,\"name\":\"Bao tay Daytona m\u1eabu GG-DI-ARC-1\"}]},{\"@type\":\"WebSite\",\"@id\":\"https:\/\/motortaburo.com\/en\/#website\",\"url\":\"https:\/\/motortaburo.com\/en\/\",\"name\":\"Motor Taburo - Genuine Motorcycle Parts\",\"description\":\"We sell Japanese motorcycle parts\",\"publisher\":{\"@id\":\"https:\/\/motortaburo.com\/en\/#organization\"},\"alternateName\":\"Motor Taburo\",\"potentialAction\":[{\"@type\":\"SearchAction\",\"target\":{\"@type\":\"EntryPoint\",\"urlTemplate\":\"https:\/\/motortaburo.com\/en\/?s={search_term_string}\"},\"query-input\":{\"@type\":\"PropertyValueSpecification\",\"valueRequired\":true,\"valueName\":\"search_term_string\"}}],\"inLanguage\":\"en-US\"},{\"@type\":\"Organization\",\"@id\":\"https:\/\/motortaburo.com\/en\/#organization\",\"name\":\"Motor Taburo - Genuine Motorcycle Parts\",\"url\":\"https:\/\/motortaburo.com\/en\/\",\"logo\":{\"@type\":\"ImageObject\",\"inLanguage\":\"en-US\",\"@id\":\"https:\/\/motortaburo.com\/en\/#\/schema\/logo\/image\/\",\"url\":\"https:\/\/motortaburo.com\/wp-content\/uploads\/2021\/04\/Motor-Taburo-logo-512.jpg\",\"contentUrl\":\"https:\/\/motortaburo.com\/wp-content\/uploads\/2021\/04\/Motor-Taburo-logo-512.jpg\",\"width\":512,\"height\":512,\"caption\":\"Motor Taburo - Genuine Motorcycle Parts\"},\"image\":{\"@id\":\"https:\/\/motortaburo.com\/en\/#\/schema\/logo\/image\/\"},\"sameAs\":[\"https:\/\/www.facebook.com\/MotorTaburo\"]}]}<\/script>\n<meta property=\"product:brand\" content=\"Daytona\" \/>\n<meta property=\"og:availability\" content=\"out of stock\" \/>\n<meta property=\"product:availability\" content=\"out of stock\" \/>\n<meta property=\"product:condition\" content=\"new\" \/>\n<!-- \/ Yoast SEO Premium plugin. -->","yoast_head_json":{"title":"Bao tay Daytona m\u1eabu GG-DI-ARC-1 - Motor Taburo","robots":{"index":"index","follow":"follow","max-snippet":"max-snippet:-1","max-image-preview":"max-image-preview:large","max-video-preview":"max-video-preview:-1"},"canonical":"https:\/\/motortaburo.com\/en\/san-pham\/bao-tay-daytona-mau-gg-di-arc-1\/","og_locale":"en_US","og_type":"article","og_title":"Bao tay Daytona m\u1eabu GG-DI-ARC-1","og_description":"C\u00f3 2 m\u00e0u: \u0110en v\u00e0 Cam \u0111\u1ea5t.  Xu\u1ea5t x\u1ee9 Nh\u1eadt B\u1ea3n.  S\u1ea3n xu\u1ea5t t\u1ea1i \u0110\u00e0i Loan.","og_url":"https:\/\/motortaburo.com\/en\/san-pham\/bao-tay-daytona-mau-gg-di-arc-1\/","og_site_name":"Motor Taburo - Genuine Motorcycle Parts","article_publisher":"https:\/\/www.facebook.com\/MotorTaburo","article_modified_time":"2026-01-22T11:05:54+00:00","og_image":[{"width":1024,"height":768,"url":"https:\/\/tbrracing.vn\/wp-content\/uploads\/2019\/11\/20181213_120313.jpg","type":"image\/jpeg"}],"twitter_card":"summary_large_image","twitter_misc":{"Availability":"Out of stock"},"schema":{"@context":"https:\/\/schema.org","@graph":[{"@type":"WebPage","@id":"https:\/\/motortaburo.com\/en\/san-pham\/bao-tay-daytona-mau-gg-di-arc-1\/","url":"https:\/\/motortaburo.com\/en\/san-pham\/bao-tay-daytona-mau-gg-di-arc-1\/","name":"Bao tay Daytona m\u1eabu GG-DI-ARC-1 - Motor Taburo","isPartOf":{"@id":"https:\/\/motortaburo.com\/en\/#website"},"primaryImageOfPage":{"@id":"https:\/\/motortaburo.com\/en\/san-pham\/bao-tay-daytona-mau-gg-di-arc-1\/#primaryimage"},"image":{"@id":"https:\/\/motortaburo.com\/en\/san-pham\/bao-tay-daytona-mau-gg-di-arc-1\/#primaryimage"},"thumbnailUrl":"https:\/\/motortaburo.com\/wp-content\/uploads\/2019\/11\/20181213_120313.jpg","datePublished":"2019-11-10T03:20:17+00:00","dateModified":"2026-01-22T11:05:54+00:00","breadcrumb":{"@id":"https:\/\/motortaburo.com\/en\/san-pham\/bao-tay-daytona-mau-gg-di-arc-1\/#breadcrumb"},"inLanguage":"en-US","potentialAction":[{"@type":"ReadAction","target":["https:\/\/motortaburo.com\/en\/san-pham\/bao-tay-daytona-mau-gg-di-arc-1\/"]}]},{"@type":"ImageObject","inLanguage":"en-US","@id":"https:\/\/motortaburo.com\/en\/san-pham\/bao-tay-daytona-mau-gg-di-arc-1\/#primaryimage","url":"https:\/\/motortaburo.com\/wp-content\/uploads\/2019\/11\/20181213_120313.jpg","contentUrl":"https:\/\/motortaburo.com\/wp-content\/uploads\/2019\/11\/20181213_120313.jpg","width":1024,"height":768},{"@type":"BreadcrumbList","@id":"https:\/\/motortaburo.com\/en\/san-pham\/bao-tay-daytona-mau-gg-di-arc-1\/#breadcrumb","itemListElement":[{"@type":"ListItem","position":1,"name":"Home","item":"https:\/\/motortaburo.com\/en\/"},{"@type":"ListItem","position":2,"name":"\u0110\u1ed3 ch\u01a1i xe","item":"https:\/\/motortaburo.com\/do-choi-xe\/"},{"@type":"ListItem","position":3,"name":"Bao tay Daytona m\u1eabu GG-DI-ARC-1"}]},{"@type":"WebSite","@id":"https:\/\/motortaburo.com\/en\/#website","url":"https:\/\/motortaburo.com\/en\/","name":"Motor Taburo - Genuine Motorcycle Parts","description":"We sell Japanese motorcycle parts","publisher":{"@id":"https:\/\/motortaburo.com\/en\/#organization"},"alternateName":"Motor Taburo","potentialAction":[{"@type":"SearchAction","target":{"@type":"EntryPoint","urlTemplate":"https:\/\/motortaburo.com\/en\/?s={search_term_string}"},"query-input":{"@type":"PropertyValueSpecification","valueRequired":true,"valueName":"search_term_string"}}],"inLanguage":"en-US"},{"@type":"Organization","@id":"https:\/\/motortaburo.com\/en\/#organization","name":"Motor Taburo - Genuine Motorcycle Parts","url":"https:\/\/motortaburo.com\/en\/","logo":{"@type":"ImageObject","inLanguage":"en-US","@id":"https:\/\/motortaburo.com\/en\/#\/schema\/logo\/image\/","url":"https:\/\/motortaburo.com\/wp-content\/uploads\/2021\/04\/Motor-Taburo-logo-512.jpg","contentUrl":"https:\/\/motortaburo.com\/wp-content\/uploads\/2021\/04\/Motor-Taburo-logo-512.jpg","width":512,"height":512,"caption":"Motor Taburo - Genuine Motorcycle Parts"},"image":{"@id":"https:\/\/motortaburo.com\/en\/#\/schema\/logo\/image\/"},"sameAs":["https:\/\/www.facebook.com\/MotorTaburo"]}]},"product_brand":"Daytona","og_availability":"out of stock","product_availability":"out of stock","product_condition":"new"},"_links":{"self":[{"href":"https:\/\/motortaburo.com\/en\/wp-json\/wp\/v2\/product\/3604","targetHints":{"allow":["GET"]}}],"collection":[{"href":"https:\/\/motortaburo.com\/en\/wp-json\/wp\/v2\/product"}],"about":[{"href":"https:\/\/motortaburo.com\/en\/wp-json\/wp\/v2\/types\/product"}],"replies":[{"embeddable":true,"href":"https:\/\/motortaburo.com\/en\/wp-json\/wp\/v2\/comments?post=3604"}],"version-history":[{"count":0,"href":"https:\/\/motortaburo.com\/en\/wp-json\/wp\/v2\/product\/3604\/revisions"}],"wp:featuredmedia":[{"embeddable":true,"href":"https:\/\/motortaburo.com\/en\/wp-json\/wp\/v2\/media\/3600"}],"wp:attachment":[{"href":"https:\/\/motortaburo.com\/en\/wp-json\/wp\/v2\/media?parent=3604"}],"wp:term":[{"taxonomy":"product_brand","embeddable":true,"href":"https:\/\/motortaburo.com\/en\/wp-json\/wp\/v2\/product_brand?post=3604"},{"taxonomy":"product_cat","embeddable":true,"href":"https:\/\/motortaburo.com\/en\/wp-json\/wp\/v2\/product_cat?post=3604"},{"taxonomy":"product_tag","embeddable":true,"href":"https:\/\/motortaburo.com\/en\/wp-json\/wp\/v2\/product_tag?post=3604"},{"taxonomy":"danh-sach-xe","embeddable":true,"href":"https:\/\/motortaburo.com\/en\/wp-json\/wp\/v2\/danh-sach-xe?post=3604"}],"curies":[{"name":"wp","href":"https:\/\/api.w.org\/{rel}","templated":true}]}}