{"id":37981,"date":"2024-04-06T14:27:00","date_gmt":"2024-04-06T07:27:00","guid":{"rendered":"https:\/\/motortaburo.com\/?post_type=product&#038;p=37981"},"modified":"2024-04-06T14:31:19","modified_gmt":"2024-04-06T07:31:19","slug":"combo-nap-binh-dau-binh-dau-khoi-daytona-nissin-%cf%8659","status":"publish","type":"product","link":"https:\/\/motortaburo.com\/en\/san-pham\/combo-nap-binh-dau-binh-dau-khoi-daytona-nissin-%cf%8659\/","title":{"rendered":"Combo n\u1eafp b\u00ecnh d\u1ea7u + B\u00ecnh d\u1ea7u kh\u00f3i Daytona (NISSIN \u03a659)"},"content":{"rendered":"","protected":false},"excerpt":{"rendered":"<p>Set b\u00e1n: 1 n\u1eafp nh\u00f4m CNC v\u00e0 1 b\u00ecnh d\u1ea7u kh\u00f3i.<\/p>\n<p>Ch\u1ea5t li\u1ec7u n\u1eafp: Nh\u00f4m CNC.<\/p>\n<p>Ch\u1ea5t li\u1ec7u b\u00ecnh: B\u1eb1ng nh\u1ef1a.<\/p>\n<p>H\u00e0ng ch\u00ednh h\u00e3ng Daytona.<\/p>\n<p>S\u1ea3n xu\u1ea5t t\u1ea1i Nh\u1eadt B\u1ea3n.<\/p>\n","protected":false},"featured_media":5142,"comment_status":"open","ping_status":"closed","template":"","meta":[],"product_brand":[],"product_cat":[255],"product_tag":[],"danh-sach-xe":[],"class_list":{"0":"post-37981","1":"product","2":"type-product","3":"status-publish","4":"has-post-thumbnail","6":"product_cat-bo-phan-phanh-dia","8":"first","9":"instock","10":"shipping-taxable","11":"product-type-grouped"},"yoast_head":"<!-- This site is optimized with the Yoast SEO Premium plugin v23.3 (Yoast SEO v27.0) - https:\/\/yoast.com\/product\/yoast-seo-premium-wordpress\/ -->\n<title>Combo n\u1eafp b\u00ecnh d\u1ea7u + B\u00ecnh d\u1ea7u kh\u00f3i Daytona (NISSIN \u03a659) - Motor Taburo<\/title>\n<meta name=\"robots\" content=\"index, follow, max-snippet:-1, max-image-preview:large, max-video-preview:-1\" \/>\n<link rel=\"canonical\" href=\"https:\/\/motortaburo.com\/en\/san-pham\/combo-nap-binh-dau-binh-dau-khoi-daytona-nissin-%cf%8659\/\" \/>\n<meta property=\"og:locale\" content=\"en_US\" \/>\n<meta property=\"og:type\" content=\"article\" \/>\n<meta property=\"og:title\" content=\"Combo n\u1eafp b\u00ecnh d\u1ea7u + B\u00ecnh d\u1ea7u kh\u00f3i Daytona (NISSIN \u03a659)\" \/>\n<meta property=\"og:description\" content=\"Set b\u00e1n: 1 n\u1eafp nh\u00f4m CNC v\u00e0 1 b\u00ecnh d\u1ea7u kh\u00f3i.  Ch\u1ea5t li\u1ec7u n\u1eafp: Nh\u00f4m CNC.  Ch\u1ea5t li\u1ec7u b\u00ecnh: B\u1eb1ng nh\u1ef1a.  H\u00e0ng ch\u00ednh h\u00e3ng Daytona.  S\u1ea3n xu\u1ea5t t\u1ea1i Nh\u1eadt B\u1ea3n.\" \/>\n<meta property=\"og:url\" content=\"https:\/\/motortaburo.com\/en\/san-pham\/combo-nap-binh-dau-binh-dau-khoi-daytona-nissin-%cf%8659\/\" \/>\n<meta property=\"og:site_name\" content=\"Motor Taburo - Genuine Motorcycle Parts\" \/>\n<meta property=\"article:publisher\" content=\"https:\/\/www.facebook.com\/MotorTaburo\" \/>\n<meta property=\"article:modified_time\" content=\"2024-04-06T07:31:19+00:00\" \/>\n<meta property=\"og:image\" content=\"https:\/\/motortaburo.com\/wp-content\/uploads\/2019\/12\/IMG_0946.jpg\" \/>\n\t<meta property=\"og:image:width\" content=\"1024\" \/>\n\t<meta property=\"og:image:height\" content=\"1024\" \/>\n\t<meta property=\"og:image:type\" content=\"image\/jpeg\" \/>\n<meta name=\"twitter:card\" content=\"summary_large_image\" \/>\n<meta name=\"twitter:label1\" content=\"Availability\" \/>\n\t<meta name=\"twitter:data1\" content=\"In stock\" \/>\n<script type=\"application\/ld+json\" class=\"yoast-schema-graph\">{\"@context\":\"https:\/\/schema.org\",\"@graph\":[{\"@type\":\"WebPage\",\"@id\":\"https:\/\/motortaburo.com\/en\/san-pham\/combo-nap-binh-dau-binh-dau-khoi-daytona-nissin-%cf%8659\/\",\"url\":\"https:\/\/motortaburo.com\/en\/san-pham\/combo-nap-binh-dau-binh-dau-khoi-daytona-nissin-%cf%8659\/\",\"name\":\"Combo n\u1eafp b\u00ecnh d\u1ea7u + B\u00ecnh d\u1ea7u kh\u00f3i Daytona (NISSIN \u03a659) - Motor Taburo\",\"isPartOf\":{\"@id\":\"https:\/\/motortaburo.com\/en\/#website\"},\"primaryImageOfPage\":{\"@id\":\"https:\/\/motortaburo.com\/en\/san-pham\/combo-nap-binh-dau-binh-dau-khoi-daytona-nissin-%cf%8659\/#primaryimage\"},\"image\":{\"@id\":\"https:\/\/motortaburo.com\/en\/san-pham\/combo-nap-binh-dau-binh-dau-khoi-daytona-nissin-%cf%8659\/#primaryimage\"},\"thumbnailUrl\":\"https:\/\/motortaburo.com\/wp-content\/uploads\/2019\/12\/IMG_0946.jpg\",\"datePublished\":\"2024-04-06T07:27:00+00:00\",\"dateModified\":\"2024-04-06T07:31:19+00:00\",\"breadcrumb\":{\"@id\":\"https:\/\/motortaburo.com\/en\/san-pham\/combo-nap-binh-dau-binh-dau-khoi-daytona-nissin-%cf%8659\/#breadcrumb\"},\"inLanguage\":\"en-US\",\"potentialAction\":[{\"@type\":\"ReadAction\",\"target\":[\"https:\/\/motortaburo.com\/en\/san-pham\/combo-nap-binh-dau-binh-dau-khoi-daytona-nissin-%cf%8659\/\"]}]},{\"@type\":\"ImageObject\",\"inLanguage\":\"en-US\",\"@id\":\"https:\/\/motortaburo.com\/en\/san-pham\/combo-nap-binh-dau-binh-dau-khoi-daytona-nissin-%cf%8659\/#primaryimage\",\"url\":\"https:\/\/motortaburo.com\/wp-content\/uploads\/2019\/12\/IMG_0946.jpg\",\"contentUrl\":\"https:\/\/motortaburo.com\/wp-content\/uploads\/2019\/12\/IMG_0946.jpg\",\"width\":1024,\"height\":1024},{\"@type\":\"BreadcrumbList\",\"@id\":\"https:\/\/motortaburo.com\/en\/san-pham\/combo-nap-binh-dau-binh-dau-khoi-daytona-nissin-%cf%8659\/#breadcrumb\",\"itemListElement\":[{\"@type\":\"ListItem\",\"position\":1,\"name\":\"Home\",\"item\":\"https:\/\/motortaburo.com\/en\/\"},{\"@type\":\"ListItem\",\"position\":2,\"name\":\"\u0110\u1ed3 ch\u01a1i xe\",\"item\":\"https:\/\/motortaburo.com\/do-choi-xe\/\"},{\"@type\":\"ListItem\",\"position\":3,\"name\":\"Combo n\u1eafp b\u00ecnh d\u1ea7u + B\u00ecnh d\u1ea7u kh\u00f3i Daytona (NISSIN \u03a659)\"}]},{\"@type\":\"WebSite\",\"@id\":\"https:\/\/motortaburo.com\/en\/#website\",\"url\":\"https:\/\/motortaburo.com\/en\/\",\"name\":\"Motor Taburo - Genuine Motorcycle Parts\",\"description\":\"We sell Japanese motorcycle parts\",\"publisher\":{\"@id\":\"https:\/\/motortaburo.com\/en\/#organization\"},\"alternateName\":\"Motor Taburo\",\"potentialAction\":[{\"@type\":\"SearchAction\",\"target\":{\"@type\":\"EntryPoint\",\"urlTemplate\":\"https:\/\/motortaburo.com\/en\/?s={search_term_string}\"},\"query-input\":{\"@type\":\"PropertyValueSpecification\",\"valueRequired\":true,\"valueName\":\"search_term_string\"}}],\"inLanguage\":\"en-US\"},{\"@type\":\"Organization\",\"@id\":\"https:\/\/motortaburo.com\/en\/#organization\",\"name\":\"Motor Taburo - Genuine Motorcycle Parts\",\"url\":\"https:\/\/motortaburo.com\/en\/\",\"logo\":{\"@type\":\"ImageObject\",\"inLanguage\":\"en-US\",\"@id\":\"https:\/\/motortaburo.com\/en\/#\/schema\/logo\/image\/\",\"url\":\"https:\/\/motortaburo.com\/wp-content\/uploads\/2021\/04\/Motor-Taburo-logo-512.jpg\",\"contentUrl\":\"https:\/\/motortaburo.com\/wp-content\/uploads\/2021\/04\/Motor-Taburo-logo-512.jpg\",\"width\":512,\"height\":512,\"caption\":\"Motor Taburo - Genuine Motorcycle Parts\"},\"image\":{\"@id\":\"https:\/\/motortaburo.com\/en\/#\/schema\/logo\/image\/\"},\"sameAs\":[\"https:\/\/www.facebook.com\/MotorTaburo\"]}]}<\/script>\n<meta property=\"product:brand\" content=\"Daytona\" \/>\n<meta property=\"og:availability\" content=\"instock\" \/>\n<meta property=\"product:availability\" content=\"instock\" \/>\n<meta property=\"product:condition\" content=\"new\" \/>\n<!-- \/ Yoast SEO Premium plugin. -->","yoast_head_json":{"title":"Combo n\u1eafp b\u00ecnh d\u1ea7u + B\u00ecnh d\u1ea7u kh\u00f3i Daytona (NISSIN \u03a659) - Motor Taburo","robots":{"index":"index","follow":"follow","max-snippet":"max-snippet:-1","max-image-preview":"max-image-preview:large","max-video-preview":"max-video-preview:-1"},"canonical":"https:\/\/motortaburo.com\/en\/san-pham\/combo-nap-binh-dau-binh-dau-khoi-daytona-nissin-%cf%8659\/","og_locale":"en_US","og_type":"article","og_title":"Combo n\u1eafp b\u00ecnh d\u1ea7u + B\u00ecnh d\u1ea7u kh\u00f3i Daytona (NISSIN \u03a659)","og_description":"Set b\u00e1n: 1 n\u1eafp nh\u00f4m CNC v\u00e0 1 b\u00ecnh d\u1ea7u kh\u00f3i.  Ch\u1ea5t li\u1ec7u n\u1eafp: Nh\u00f4m CNC.  Ch\u1ea5t li\u1ec7u b\u00ecnh: B\u1eb1ng nh\u1ef1a.  H\u00e0ng ch\u00ednh h\u00e3ng Daytona.  S\u1ea3n xu\u1ea5t t\u1ea1i Nh\u1eadt B\u1ea3n.","og_url":"https:\/\/motortaburo.com\/en\/san-pham\/combo-nap-binh-dau-binh-dau-khoi-daytona-nissin-%cf%8659\/","og_site_name":"Motor Taburo - Genuine Motorcycle Parts","article_publisher":"https:\/\/www.facebook.com\/MotorTaburo","article_modified_time":"2024-04-06T07:31:19+00:00","og_image":[{"width":1024,"height":1024,"url":"https:\/\/motortaburo.com\/wp-content\/uploads\/2019\/12\/IMG_0946.jpg","type":"image\/jpeg"}],"twitter_card":"summary_large_image","twitter_misc":{"Availability":"In stock"},"schema":{"@context":"https:\/\/schema.org","@graph":[{"@type":"WebPage","@id":"https:\/\/motortaburo.com\/en\/san-pham\/combo-nap-binh-dau-binh-dau-khoi-daytona-nissin-%cf%8659\/","url":"https:\/\/motortaburo.com\/en\/san-pham\/combo-nap-binh-dau-binh-dau-khoi-daytona-nissin-%cf%8659\/","name":"Combo n\u1eafp b\u00ecnh d\u1ea7u + B\u00ecnh d\u1ea7u kh\u00f3i Daytona (NISSIN \u03a659) - Motor Taburo","isPartOf":{"@id":"https:\/\/motortaburo.com\/en\/#website"},"primaryImageOfPage":{"@id":"https:\/\/motortaburo.com\/en\/san-pham\/combo-nap-binh-dau-binh-dau-khoi-daytona-nissin-%cf%8659\/#primaryimage"},"image":{"@id":"https:\/\/motortaburo.com\/en\/san-pham\/combo-nap-binh-dau-binh-dau-khoi-daytona-nissin-%cf%8659\/#primaryimage"},"thumbnailUrl":"https:\/\/motortaburo.com\/wp-content\/uploads\/2019\/12\/IMG_0946.jpg","datePublished":"2024-04-06T07:27:00+00:00","dateModified":"2024-04-06T07:31:19+00:00","breadcrumb":{"@id":"https:\/\/motortaburo.com\/en\/san-pham\/combo-nap-binh-dau-binh-dau-khoi-daytona-nissin-%cf%8659\/#breadcrumb"},"inLanguage":"en-US","potentialAction":[{"@type":"ReadAction","target":["https:\/\/motortaburo.com\/en\/san-pham\/combo-nap-binh-dau-binh-dau-khoi-daytona-nissin-%cf%8659\/"]}]},{"@type":"ImageObject","inLanguage":"en-US","@id":"https:\/\/motortaburo.com\/en\/san-pham\/combo-nap-binh-dau-binh-dau-khoi-daytona-nissin-%cf%8659\/#primaryimage","url":"https:\/\/motortaburo.com\/wp-content\/uploads\/2019\/12\/IMG_0946.jpg","contentUrl":"https:\/\/motortaburo.com\/wp-content\/uploads\/2019\/12\/IMG_0946.jpg","width":1024,"height":1024},{"@type":"BreadcrumbList","@id":"https:\/\/motortaburo.com\/en\/san-pham\/combo-nap-binh-dau-binh-dau-khoi-daytona-nissin-%cf%8659\/#breadcrumb","itemListElement":[{"@type":"ListItem","position":1,"name":"Home","item":"https:\/\/motortaburo.com\/en\/"},{"@type":"ListItem","position":2,"name":"\u0110\u1ed3 ch\u01a1i xe","item":"https:\/\/motortaburo.com\/do-choi-xe\/"},{"@type":"ListItem","position":3,"name":"Combo n\u1eafp b\u00ecnh d\u1ea7u + B\u00ecnh d\u1ea7u kh\u00f3i Daytona (NISSIN \u03a659)"}]},{"@type":"WebSite","@id":"https:\/\/motortaburo.com\/en\/#website","url":"https:\/\/motortaburo.com\/en\/","name":"Motor Taburo - Genuine Motorcycle Parts","description":"We sell Japanese motorcycle parts","publisher":{"@id":"https:\/\/motortaburo.com\/en\/#organization"},"alternateName":"Motor Taburo","potentialAction":[{"@type":"SearchAction","target":{"@type":"EntryPoint","urlTemplate":"https:\/\/motortaburo.com\/en\/?s={search_term_string}"},"query-input":{"@type":"PropertyValueSpecification","valueRequired":true,"valueName":"search_term_string"}}],"inLanguage":"en-US"},{"@type":"Organization","@id":"https:\/\/motortaburo.com\/en\/#organization","name":"Motor Taburo - Genuine Motorcycle Parts","url":"https:\/\/motortaburo.com\/en\/","logo":{"@type":"ImageObject","inLanguage":"en-US","@id":"https:\/\/motortaburo.com\/en\/#\/schema\/logo\/image\/","url":"https:\/\/motortaburo.com\/wp-content\/uploads\/2021\/04\/Motor-Taburo-logo-512.jpg","contentUrl":"https:\/\/motortaburo.com\/wp-content\/uploads\/2021\/04\/Motor-Taburo-logo-512.jpg","width":512,"height":512,"caption":"Motor Taburo - Genuine Motorcycle Parts"},"image":{"@id":"https:\/\/motortaburo.com\/en\/#\/schema\/logo\/image\/"},"sameAs":["https:\/\/www.facebook.com\/MotorTaburo"]}]},"product_brand":"Daytona","og_availability":"instock","product_availability":"instock","product_condition":"new"},"_links":{"self":[{"href":"https:\/\/motortaburo.com\/en\/wp-json\/wp\/v2\/product\/37981","targetHints":{"allow":["GET"]}}],"collection":[{"href":"https:\/\/motortaburo.com\/en\/wp-json\/wp\/v2\/product"}],"about":[{"href":"https:\/\/motortaburo.com\/en\/wp-json\/wp\/v2\/types\/product"}],"replies":[{"embeddable":true,"href":"https:\/\/motortaburo.com\/en\/wp-json\/wp\/v2\/comments?post=37981"}],"version-history":[{"count":0,"href":"https:\/\/motortaburo.com\/en\/wp-json\/wp\/v2\/product\/37981\/revisions"}],"wp:featuredmedia":[{"embeddable":true,"href":"https:\/\/motortaburo.com\/en\/wp-json\/wp\/v2\/media\/5142"}],"wp:attachment":[{"href":"https:\/\/motortaburo.com\/en\/wp-json\/wp\/v2\/media?parent=37981"}],"wp:term":[{"taxonomy":"product_brand","embeddable":true,"href":"https:\/\/motortaburo.com\/en\/wp-json\/wp\/v2\/product_brand?post=37981"},{"taxonomy":"product_cat","embeddable":true,"href":"https:\/\/motortaburo.com\/en\/wp-json\/wp\/v2\/product_cat?post=37981"},{"taxonomy":"product_tag","embeddable":true,"href":"https:\/\/motortaburo.com\/en\/wp-json\/wp\/v2\/product_tag?post=37981"},{"taxonomy":"danh-sach-xe","embeddable":true,"href":"https:\/\/motortaburo.com\/en\/wp-json\/wp\/v2\/danh-sach-xe?post=37981"}],"curies":[{"name":"wp","href":"https:\/\/api.w.org\/{rel}","templated":true}]}}