{"id":38542,"date":"2024-05-16T14:05:21","date_gmt":"2024-05-16T07:05:21","guid":{"rendered":"https:\/\/motortaburo.com\/?post_type=product&#038;p=38542"},"modified":"2026-01-22T18:07:39","modified_gmt":"2026-01-22T11:07:39","slug":"po-w800-thao-xe-1-cay-ben-phai-phia-chan-thang","status":"publish","type":"product","link":"https:\/\/motortaburo.com\/en\/san-pham\/po-w800-thao-xe-1-cay-ben-phai-phia-chan-thang\/","title":{"rendered":"P\u00f4 W800 th\u00e1o xe, 1 c\u00e2y b\u00ean ph\u1ea3i (ph\u00eda ch\u00e2n th\u1eafng)"},"content":{"rendered":"","protected":false},"excerpt":{"rendered":"<p>H\u00e0ng r\u00e3 xe, nguy\u00ean zin.<\/p>\n<p>C\u1ed5 p\u00f4 xi tuy\u1ec7t \u0111\u1eb9p.<\/p>\n<p>Th\u00e2n p\u00f4 tr\u1ea7y 2 ch\u1ed7 m\u00e1 ngo\u00e0i g\u1ea7n \u0111u\u00f4i p\u00f4 v\u00e0 c\u1ed5 p\u00f4.<\/p>\n<p>Chi ti\u1ebft xem h\u00ecnh.<\/p>\n","protected":false},"featured_media":38519,"comment_status":"open","ping_status":"closed","template":"","meta":[],"product_brand":[],"product_cat":[201],"product_tag":[],"danh-sach-xe":[1818],"class_list":{"0":"post-38542","1":"product","2":"type-product","3":"status-publish","4":"has-post-thumbnail","6":"product_cat-po","7":"danh-sach-xe-w800","9":"first","10":"instock","11":"shipping-taxable","12":"purchasable","13":"product-type-simple"},"yoast_head":"<!-- This site is optimized with the Yoast SEO Premium plugin v23.3 (Yoast SEO v27.0) - https:\/\/yoast.com\/product\/yoast-seo-premium-wordpress\/ -->\n<title>P\u00f4 W800 th\u00e1o xe, 1 c\u00e2y b\u00ean ph\u1ea3i (ph\u00eda ch\u00e2n th\u1eafng) - Motor Taburo<\/title>\n<meta name=\"robots\" content=\"index, follow, max-snippet:-1, max-image-preview:large, max-video-preview:-1\" \/>\n<link rel=\"canonical\" href=\"https:\/\/motortaburo.com\/en\/san-pham\/po-w800-thao-xe-1-cay-ben-phai-phia-chan-thang\/\" \/>\n<meta property=\"og:locale\" content=\"en_US\" \/>\n<meta property=\"og:type\" content=\"article\" \/>\n<meta property=\"og:title\" content=\"P\u00f4 W800 th\u00e1o xe, 1 c\u00e2y b\u00ean ph\u1ea3i (ph\u00eda ch\u00e2n th\u1eafng)\" \/>\n<meta property=\"og:description\" content=\"H\u00e0ng r\u00e3 xe, nguy\u00ean zin.  C\u1ed5 p\u00f4 xi tuy\u1ec7t \u0111\u1eb9p.  Th\u00e2n p\u00f4 tr\u1ea7y 2 ch\u1ed7 m\u00e1 ngo\u00e0i g\u1ea7n \u0111u\u00f4i p\u00f4 v\u00e0 c\u1ed5 p\u00f4.  Chi ti\u1ebft xem h\u00ecnh.\" \/>\n<meta property=\"og:url\" content=\"https:\/\/motortaburo.com\/en\/san-pham\/po-w800-thao-xe-1-cay-ben-phai-phia-chan-thang\/\" \/>\n<meta property=\"og:site_name\" content=\"Motor Taburo - Genuine Motorcycle Parts\" \/>\n<meta property=\"article:publisher\" content=\"https:\/\/www.facebook.com\/MotorTaburo\" \/>\n<meta property=\"article:modified_time\" content=\"2026-01-22T11:07:39+00:00\" \/>\n<meta property=\"og:image\" content=\"https:\/\/motortaburo.com\/wp-content\/uploads\/2024\/05\/IMG_4836.jpeg\" \/>\n\t<meta property=\"og:image:width\" content=\"1024\" \/>\n\t<meta property=\"og:image:height\" content=\"1024\" \/>\n\t<meta property=\"og:image:type\" content=\"image\/jpeg\" \/>\n<meta name=\"twitter:card\" content=\"summary_large_image\" \/>\n<meta name=\"twitter:label1\" content=\"Price\" \/>\n\t<meta name=\"twitter:data1\" content=\"1.500.000&nbsp;&#8363;\" \/>\n\t<meta name=\"twitter:label2\" content=\"Availability\" \/>\n\t<meta name=\"twitter:data2\" content=\"In stock\" \/>\n<script type=\"application\/ld+json\" class=\"yoast-schema-graph\">{\"@context\":\"https:\/\/schema.org\",\"@graph\":[{\"@type\":\"WebPage\",\"@id\":\"https:\/\/motortaburo.com\/en\/san-pham\/po-w800-thao-xe-1-cay-ben-phai-phia-chan-thang\/\",\"url\":\"https:\/\/motortaburo.com\/en\/san-pham\/po-w800-thao-xe-1-cay-ben-phai-phia-chan-thang\/\",\"name\":\"P\u00f4 W800 th\u00e1o xe, 1 c\u00e2y b\u00ean ph\u1ea3i (ph\u00eda ch\u00e2n th\u1eafng) - Motor Taburo\",\"isPartOf\":{\"@id\":\"https:\/\/motortaburo.com\/en\/#website\"},\"primaryImageOfPage\":{\"@id\":\"https:\/\/motortaburo.com\/en\/san-pham\/po-w800-thao-xe-1-cay-ben-phai-phia-chan-thang\/#primaryimage\"},\"image\":{\"@id\":\"https:\/\/motortaburo.com\/en\/san-pham\/po-w800-thao-xe-1-cay-ben-phai-phia-chan-thang\/#primaryimage\"},\"thumbnailUrl\":\"https:\/\/motortaburo.com\/wp-content\/uploads\/2024\/05\/IMG_4836.jpeg\",\"datePublished\":\"2024-05-16T07:05:21+00:00\",\"dateModified\":\"2026-01-22T11:07:39+00:00\",\"breadcrumb\":{\"@id\":\"https:\/\/motortaburo.com\/en\/san-pham\/po-w800-thao-xe-1-cay-ben-phai-phia-chan-thang\/#breadcrumb\"},\"inLanguage\":\"en-US\",\"potentialAction\":[{\"@type\":\"ReadAction\",\"target\":[\"https:\/\/motortaburo.com\/en\/san-pham\/po-w800-thao-xe-1-cay-ben-phai-phia-chan-thang\/\"]}]},{\"@type\":\"ImageObject\",\"inLanguage\":\"en-US\",\"@id\":\"https:\/\/motortaburo.com\/en\/san-pham\/po-w800-thao-xe-1-cay-ben-phai-phia-chan-thang\/#primaryimage\",\"url\":\"https:\/\/motortaburo.com\/wp-content\/uploads\/2024\/05\/IMG_4836.jpeg\",\"contentUrl\":\"https:\/\/motortaburo.com\/wp-content\/uploads\/2024\/05\/IMG_4836.jpeg\",\"width\":1024,\"height\":1024},{\"@type\":\"BreadcrumbList\",\"@id\":\"https:\/\/motortaburo.com\/en\/san-pham\/po-w800-thao-xe-1-cay-ben-phai-phia-chan-thang\/#breadcrumb\",\"itemListElement\":[{\"@type\":\"ListItem\",\"position\":1,\"name\":\"Home\",\"item\":\"https:\/\/motortaburo.com\/en\/\"},{\"@type\":\"ListItem\",\"position\":2,\"name\":\"\u0110\u1ed3 ch\u01a1i xe\",\"item\":\"https:\/\/motortaburo.com\/do-choi-xe\/\"},{\"@type\":\"ListItem\",\"position\":3,\"name\":\"P\u00f4 W800 th\u00e1o xe, 1 c\u00e2y b\u00ean ph\u1ea3i (ph\u00eda ch\u00e2n th\u1eafng)\"}]},{\"@type\":\"WebSite\",\"@id\":\"https:\/\/motortaburo.com\/en\/#website\",\"url\":\"https:\/\/motortaburo.com\/en\/\",\"name\":\"Motor Taburo - Genuine Motorcycle Parts\",\"description\":\"We sell Japanese motorcycle parts\",\"publisher\":{\"@id\":\"https:\/\/motortaburo.com\/en\/#organization\"},\"alternateName\":\"Motor Taburo\",\"potentialAction\":[{\"@type\":\"SearchAction\",\"target\":{\"@type\":\"EntryPoint\",\"urlTemplate\":\"https:\/\/motortaburo.com\/en\/?s={search_term_string}\"},\"query-input\":{\"@type\":\"PropertyValueSpecification\",\"valueRequired\":true,\"valueName\":\"search_term_string\"}}],\"inLanguage\":\"en-US\"},{\"@type\":\"Organization\",\"@id\":\"https:\/\/motortaburo.com\/en\/#organization\",\"name\":\"Motor Taburo - Genuine Motorcycle Parts\",\"url\":\"https:\/\/motortaburo.com\/en\/\",\"logo\":{\"@type\":\"ImageObject\",\"inLanguage\":\"en-US\",\"@id\":\"https:\/\/motortaburo.com\/en\/#\/schema\/logo\/image\/\",\"url\":\"https:\/\/motortaburo.com\/wp-content\/uploads\/2021\/04\/Motor-Taburo-logo-512.jpg\",\"contentUrl\":\"https:\/\/motortaburo.com\/wp-content\/uploads\/2021\/04\/Motor-Taburo-logo-512.jpg\",\"width\":512,\"height\":512,\"caption\":\"Motor Taburo - Genuine Motorcycle Parts\"},\"image\":{\"@id\":\"https:\/\/motortaburo.com\/en\/#\/schema\/logo\/image\/\"},\"sameAs\":[\"https:\/\/www.facebook.com\/MotorTaburo\"]}]}<\/script>\n<meta property=\"product:brand\" content=\"Kawasaki\" \/>\n<meta property=\"product:price:amount\" content=\"1500000\" \/>\n<meta property=\"product:price:currency\" content=\"VND\" \/>\n<meta property=\"og:availability\" content=\"instock\" \/>\n<meta property=\"product:availability\" content=\"instock\" \/>\n<meta property=\"product:retailer_item_id\" content=\"PVN1260\" \/>\n<meta property=\"product:condition\" content=\"new\" \/>\n<!-- \/ Yoast SEO Premium plugin. -->","yoast_head_json":{"title":"P\u00f4 W800 th\u00e1o xe, 1 c\u00e2y b\u00ean ph\u1ea3i (ph\u00eda ch\u00e2n th\u1eafng) - Motor Taburo","robots":{"index":"index","follow":"follow","max-snippet":"max-snippet:-1","max-image-preview":"max-image-preview:large","max-video-preview":"max-video-preview:-1"},"canonical":"https:\/\/motortaburo.com\/en\/san-pham\/po-w800-thao-xe-1-cay-ben-phai-phia-chan-thang\/","og_locale":"en_US","og_type":"article","og_title":"P\u00f4 W800 th\u00e1o xe, 1 c\u00e2y b\u00ean ph\u1ea3i (ph\u00eda ch\u00e2n th\u1eafng)","og_description":"H\u00e0ng r\u00e3 xe, nguy\u00ean zin.  C\u1ed5 p\u00f4 xi tuy\u1ec7t \u0111\u1eb9p.  Th\u00e2n p\u00f4 tr\u1ea7y 2 ch\u1ed7 m\u00e1 ngo\u00e0i g\u1ea7n \u0111u\u00f4i p\u00f4 v\u00e0 c\u1ed5 p\u00f4.  Chi ti\u1ebft xem h\u00ecnh.","og_url":"https:\/\/motortaburo.com\/en\/san-pham\/po-w800-thao-xe-1-cay-ben-phai-phia-chan-thang\/","og_site_name":"Motor Taburo - Genuine Motorcycle Parts","article_publisher":"https:\/\/www.facebook.com\/MotorTaburo","article_modified_time":"2026-01-22T11:07:39+00:00","og_image":[{"width":1024,"height":1024,"url":"https:\/\/motortaburo.com\/wp-content\/uploads\/2024\/05\/IMG_4836.jpeg","type":"image\/jpeg"}],"twitter_card":"summary_large_image","twitter_misc":{"Price":"1.500.000&nbsp;&#8363;","Availability":"In stock"},"schema":{"@context":"https:\/\/schema.org","@graph":[{"@type":"WebPage","@id":"https:\/\/motortaburo.com\/en\/san-pham\/po-w800-thao-xe-1-cay-ben-phai-phia-chan-thang\/","url":"https:\/\/motortaburo.com\/en\/san-pham\/po-w800-thao-xe-1-cay-ben-phai-phia-chan-thang\/","name":"P\u00f4 W800 th\u00e1o xe, 1 c\u00e2y b\u00ean ph\u1ea3i (ph\u00eda ch\u00e2n th\u1eafng) - Motor Taburo","isPartOf":{"@id":"https:\/\/motortaburo.com\/en\/#website"},"primaryImageOfPage":{"@id":"https:\/\/motortaburo.com\/en\/san-pham\/po-w800-thao-xe-1-cay-ben-phai-phia-chan-thang\/#primaryimage"},"image":{"@id":"https:\/\/motortaburo.com\/en\/san-pham\/po-w800-thao-xe-1-cay-ben-phai-phia-chan-thang\/#primaryimage"},"thumbnailUrl":"https:\/\/motortaburo.com\/wp-content\/uploads\/2024\/05\/IMG_4836.jpeg","datePublished":"2024-05-16T07:05:21+00:00","dateModified":"2026-01-22T11:07:39+00:00","breadcrumb":{"@id":"https:\/\/motortaburo.com\/en\/san-pham\/po-w800-thao-xe-1-cay-ben-phai-phia-chan-thang\/#breadcrumb"},"inLanguage":"en-US","potentialAction":[{"@type":"ReadAction","target":["https:\/\/motortaburo.com\/en\/san-pham\/po-w800-thao-xe-1-cay-ben-phai-phia-chan-thang\/"]}]},{"@type":"ImageObject","inLanguage":"en-US","@id":"https:\/\/motortaburo.com\/en\/san-pham\/po-w800-thao-xe-1-cay-ben-phai-phia-chan-thang\/#primaryimage","url":"https:\/\/motortaburo.com\/wp-content\/uploads\/2024\/05\/IMG_4836.jpeg","contentUrl":"https:\/\/motortaburo.com\/wp-content\/uploads\/2024\/05\/IMG_4836.jpeg","width":1024,"height":1024},{"@type":"BreadcrumbList","@id":"https:\/\/motortaburo.com\/en\/san-pham\/po-w800-thao-xe-1-cay-ben-phai-phia-chan-thang\/#breadcrumb","itemListElement":[{"@type":"ListItem","position":1,"name":"Home","item":"https:\/\/motortaburo.com\/en\/"},{"@type":"ListItem","position":2,"name":"\u0110\u1ed3 ch\u01a1i xe","item":"https:\/\/motortaburo.com\/do-choi-xe\/"},{"@type":"ListItem","position":3,"name":"P\u00f4 W800 th\u00e1o xe, 1 c\u00e2y b\u00ean ph\u1ea3i (ph\u00eda ch\u00e2n th\u1eafng)"}]},{"@type":"WebSite","@id":"https:\/\/motortaburo.com\/en\/#website","url":"https:\/\/motortaburo.com\/en\/","name":"Motor Taburo - Genuine Motorcycle Parts","description":"We sell Japanese motorcycle parts","publisher":{"@id":"https:\/\/motortaburo.com\/en\/#organization"},"alternateName":"Motor Taburo","potentialAction":[{"@type":"SearchAction","target":{"@type":"EntryPoint","urlTemplate":"https:\/\/motortaburo.com\/en\/?s={search_term_string}"},"query-input":{"@type":"PropertyValueSpecification","valueRequired":true,"valueName":"search_term_string"}}],"inLanguage":"en-US"},{"@type":"Organization","@id":"https:\/\/motortaburo.com\/en\/#organization","name":"Motor Taburo - Genuine Motorcycle Parts","url":"https:\/\/motortaburo.com\/en\/","logo":{"@type":"ImageObject","inLanguage":"en-US","@id":"https:\/\/motortaburo.com\/en\/#\/schema\/logo\/image\/","url":"https:\/\/motortaburo.com\/wp-content\/uploads\/2021\/04\/Motor-Taburo-logo-512.jpg","contentUrl":"https:\/\/motortaburo.com\/wp-content\/uploads\/2021\/04\/Motor-Taburo-logo-512.jpg","width":512,"height":512,"caption":"Motor Taburo - Genuine Motorcycle Parts"},"image":{"@id":"https:\/\/motortaburo.com\/en\/#\/schema\/logo\/image\/"},"sameAs":["https:\/\/www.facebook.com\/MotorTaburo"]}]},"product_brand":"Kawasaki","product_price_amount":"1500000","product_price_currency":"VND","og_availability":"instock","product_availability":"instock","product_retailer_item_id":"PVN1260","product_condition":"new"},"_links":{"self":[{"href":"https:\/\/motortaburo.com\/en\/wp-json\/wp\/v2\/product\/38542","targetHints":{"allow":["GET"]}}],"collection":[{"href":"https:\/\/motortaburo.com\/en\/wp-json\/wp\/v2\/product"}],"about":[{"href":"https:\/\/motortaburo.com\/en\/wp-json\/wp\/v2\/types\/product"}],"replies":[{"embeddable":true,"href":"https:\/\/motortaburo.com\/en\/wp-json\/wp\/v2\/comments?post=38542"}],"version-history":[{"count":0,"href":"https:\/\/motortaburo.com\/en\/wp-json\/wp\/v2\/product\/38542\/revisions"}],"wp:featuredmedia":[{"embeddable":true,"href":"https:\/\/motortaburo.com\/en\/wp-json\/wp\/v2\/media\/38519"}],"wp:attachment":[{"href":"https:\/\/motortaburo.com\/en\/wp-json\/wp\/v2\/media?parent=38542"}],"wp:term":[{"taxonomy":"product_brand","embeddable":true,"href":"https:\/\/motortaburo.com\/en\/wp-json\/wp\/v2\/product_brand?post=38542"},{"taxonomy":"product_cat","embeddable":true,"href":"https:\/\/motortaburo.com\/en\/wp-json\/wp\/v2\/product_cat?post=38542"},{"taxonomy":"product_tag","embeddable":true,"href":"https:\/\/motortaburo.com\/en\/wp-json\/wp\/v2\/product_tag?post=38542"},{"taxonomy":"danh-sach-xe","embeddable":true,"href":"https:\/\/motortaburo.com\/en\/wp-json\/wp\/v2\/danh-sach-xe?post=38542"}],"curies":[{"name":"wp","href":"https:\/\/api.w.org\/{rel}","templated":true}]}}