{"id":38680,"date":"2024-05-22T18:22:01","date_gmt":"2024-05-22T11:22:01","guid":{"rendered":"https:\/\/motortaburo.com\/?post_type=product&#038;p=38680"},"modified":"2026-01-22T18:07:40","modified_gmt":"2026-01-22T11:07:40","slug":"ro-tokyodo-mini-cho-honda-cross-cub-cc110","status":"publish","type":"product","link":"https:\/\/motortaburo.com\/en\/san-pham\/ro-tokyodo-mini-cho-honda-cross-cub-cc110\/","title":{"rendered":"R\u1ed5 Tokyodo Mini cho Honda Cross Cub CC110"},"content":{"rendered":"","protected":false},"excerpt":{"rendered":"<div class=\"sc-duzrYq byorvn\">\n<div class=\"MuiBox-root jss66225 jss66218\">\n<p>Set b\u00e1n: 1 c\u00e1i.<\/p>\n<p>M\u00e0u: \u0110en.<\/p>\n<p>Ch\u1ea5t li\u1ec7u: Th\u00e9p, ph\u1ee7 nh\u1ef1a b\u00ean ngo\u00e0i.<\/p>\n<p>K\u00edch th\u01b0\u1edbc: Kho\u1ea3ng 17.5cm x\u00a013cm x\u00a015cm.<\/p>\n<p>Nh\u1eadp tr\u1ef1c ti\u1ebfp t\u1eeb Nh\u1eadt B\u1ea3n.<\/p>\n<\/div>\n<\/div>\n<div class=\"sc-dkdnUF eBbqpP\"><\/div>\n","protected":false},"featured_media":38683,"comment_status":"open","ping_status":"closed","template":"","meta":[],"product_brand":[],"product_cat":[457],"product_tag":[],"danh-sach-xe":[1842,1839,1832,1828,2397],"class_list":{"0":"post-38680","1":"product","2":"type-product","3":"status-publish","4":"has-post-thumbnail","6":"product_cat-ro-xe","7":"danh-sach-xe-super-cub-50-aa04","8":"danh-sach-xe-super-cub-50-pro","9":"danh-sach-xe-cross-cub-cc110","10":"danh-sach-xe-super-cub-110-c110","11":"danh-sach-xe-super-cub-110-pro-c110-pro","13":"first","14":"outofstock","15":"shipping-taxable","16":"purchasable","17":"product-type-simple"},"yoast_head":"<!-- This site is optimized with the Yoast SEO Premium plugin v23.3 (Yoast SEO v27.0) - https:\/\/yoast.com\/product\/yoast-seo-premium-wordpress\/ -->\n<title>R\u1ed5 Tokyodo Mini cho Honda Cross Cub CC110 - Motor Taburo<\/title>\n<meta name=\"robots\" content=\"index, follow, max-snippet:-1, max-image-preview:large, max-video-preview:-1\" \/>\n<link rel=\"canonical\" href=\"https:\/\/motortaburo.com\/en\/san-pham\/ro-tokyodo-mini-cho-honda-cross-cub-cc110\/\" \/>\n<meta property=\"og:locale\" content=\"en_US\" \/>\n<meta property=\"og:type\" content=\"article\" \/>\n<meta property=\"og:title\" content=\"R\u1ed5 Tokyodo Mini cho Honda Cross Cub CC110\" \/>\n<meta property=\"og:description\" content=\"Set b\u00e1n: 1 c\u00e1i.  M\u00e0u: \u0110en.  Ch\u1ea5t li\u1ec7u: Th\u00e9p, ph\u1ee7 nh\u1ef1a b\u00ean ngo\u00e0i.  K\u00edch th\u01b0\u1edbc: Kho\u1ea3ng 17.5cm x\u00a013cm x\u00a015cm.  Nh\u1eadp tr\u1ef1c ti\u1ebfp t\u1eeb Nh\u1eadt B\u1ea3n.\" \/>\n<meta property=\"og:url\" content=\"https:\/\/motortaburo.com\/en\/san-pham\/ro-tokyodo-mini-cho-honda-cross-cub-cc110\/\" \/>\n<meta property=\"og:site_name\" content=\"Motor Taburo - Genuine Motorcycle Parts\" \/>\n<meta property=\"article:publisher\" content=\"https:\/\/www.facebook.com\/MotorTaburo\" \/>\n<meta property=\"article:modified_time\" content=\"2026-01-22T11:07:40+00:00\" \/>\n<meta property=\"og:image\" content=\"https:\/\/motortaburo.com\/wp-content\/uploads\/2024\/05\/IMG_4933-scaled.jpg\" \/>\n\t<meta property=\"og:image:width\" content=\"2560\" \/>\n\t<meta property=\"og:image:height\" content=\"2560\" \/>\n\t<meta property=\"og:image:type\" content=\"image\/jpeg\" \/>\n<meta name=\"twitter:card\" content=\"summary_large_image\" \/>\n<meta name=\"twitter:label1\" content=\"Price\" \/>\n\t<meta name=\"twitter:data1\" content=\"600.000&nbsp;&#8363;\" \/>\n\t<meta name=\"twitter:label2\" content=\"Availability\" \/>\n\t<meta name=\"twitter:data2\" content=\"Out of stock\" \/>\n<script type=\"application\/ld+json\" class=\"yoast-schema-graph\">{\"@context\":\"https:\/\/schema.org\",\"@graph\":[{\"@type\":\"WebPage\",\"@id\":\"https:\/\/motortaburo.com\/en\/san-pham\/ro-tokyodo-mini-cho-honda-cross-cub-cc110\/\",\"url\":\"https:\/\/motortaburo.com\/en\/san-pham\/ro-tokyodo-mini-cho-honda-cross-cub-cc110\/\",\"name\":\"R\u1ed5 Tokyodo Mini cho Honda Cross Cub CC110 - Motor Taburo\",\"isPartOf\":{\"@id\":\"https:\/\/motortaburo.com\/en\/#website\"},\"primaryImageOfPage\":{\"@id\":\"https:\/\/motortaburo.com\/en\/san-pham\/ro-tokyodo-mini-cho-honda-cross-cub-cc110\/#primaryimage\"},\"image\":{\"@id\":\"https:\/\/motortaburo.com\/en\/san-pham\/ro-tokyodo-mini-cho-honda-cross-cub-cc110\/#primaryimage\"},\"thumbnailUrl\":\"https:\/\/motortaburo.com\/wp-content\/uploads\/2024\/05\/IMG_4933-scaled.jpg\",\"datePublished\":\"2024-05-22T11:22:01+00:00\",\"dateModified\":\"2026-01-22T11:07:40+00:00\",\"breadcrumb\":{\"@id\":\"https:\/\/motortaburo.com\/en\/san-pham\/ro-tokyodo-mini-cho-honda-cross-cub-cc110\/#breadcrumb\"},\"inLanguage\":\"en-US\",\"potentialAction\":[{\"@type\":\"ReadAction\",\"target\":[\"https:\/\/motortaburo.com\/en\/san-pham\/ro-tokyodo-mini-cho-honda-cross-cub-cc110\/\"]}]},{\"@type\":\"ImageObject\",\"inLanguage\":\"en-US\",\"@id\":\"https:\/\/motortaburo.com\/en\/san-pham\/ro-tokyodo-mini-cho-honda-cross-cub-cc110\/#primaryimage\",\"url\":\"https:\/\/motortaburo.com\/wp-content\/uploads\/2024\/05\/IMG_4933-scaled.jpg\",\"contentUrl\":\"https:\/\/motortaburo.com\/wp-content\/uploads\/2024\/05\/IMG_4933-scaled.jpg\",\"width\":2560,\"height\":2560},{\"@type\":\"BreadcrumbList\",\"@id\":\"https:\/\/motortaburo.com\/en\/san-pham\/ro-tokyodo-mini-cho-honda-cross-cub-cc110\/#breadcrumb\",\"itemListElement\":[{\"@type\":\"ListItem\",\"position\":1,\"name\":\"Home\",\"item\":\"https:\/\/motortaburo.com\/en\/\"},{\"@type\":\"ListItem\",\"position\":2,\"name\":\"\u0110\u1ed3 ch\u01a1i xe\",\"item\":\"https:\/\/motortaburo.com\/do-choi-xe\/\"},{\"@type\":\"ListItem\",\"position\":3,\"name\":\"R\u1ed5 Tokyodo Mini cho Honda Cross Cub CC110\"}]},{\"@type\":\"WebSite\",\"@id\":\"https:\/\/motortaburo.com\/en\/#website\",\"url\":\"https:\/\/motortaburo.com\/en\/\",\"name\":\"Motor Taburo - Genuine Motorcycle Parts\",\"description\":\"We sell Japanese motorcycle parts\",\"publisher\":{\"@id\":\"https:\/\/motortaburo.com\/en\/#organization\"},\"alternateName\":\"Motor Taburo\",\"potentialAction\":[{\"@type\":\"SearchAction\",\"target\":{\"@type\":\"EntryPoint\",\"urlTemplate\":\"https:\/\/motortaburo.com\/en\/?s={search_term_string}\"},\"query-input\":{\"@type\":\"PropertyValueSpecification\",\"valueRequired\":true,\"valueName\":\"search_term_string\"}}],\"inLanguage\":\"en-US\"},{\"@type\":\"Organization\",\"@id\":\"https:\/\/motortaburo.com\/en\/#organization\",\"name\":\"Motor Taburo - Genuine Motorcycle Parts\",\"url\":\"https:\/\/motortaburo.com\/en\/\",\"logo\":{\"@type\":\"ImageObject\",\"inLanguage\":\"en-US\",\"@id\":\"https:\/\/motortaburo.com\/en\/#\/schema\/logo\/image\/\",\"url\":\"https:\/\/motortaburo.com\/wp-content\/uploads\/2021\/04\/Motor-Taburo-logo-512.jpg\",\"contentUrl\":\"https:\/\/motortaburo.com\/wp-content\/uploads\/2021\/04\/Motor-Taburo-logo-512.jpg\",\"width\":512,\"height\":512,\"caption\":\"Motor Taburo - Genuine Motorcycle Parts\"},\"image\":{\"@id\":\"https:\/\/motortaburo.com\/en\/#\/schema\/logo\/image\/\"},\"sameAs\":[\"https:\/\/www.facebook.com\/MotorTaburo\"]}]}<\/script>\n<meta property=\"product:brand\" content=\"Tokyodo\" \/>\n<meta property=\"product:price:amount\" content=\"600000\" \/>\n<meta property=\"product:price:currency\" content=\"VND\" \/>\n<meta property=\"og:availability\" content=\"out of stock\" \/>\n<meta property=\"product:availability\" content=\"out of stock\" \/>\n<meta property=\"product:retailer_item_id\" content=\"W-1630-P12880631\" \/>\n<meta property=\"product:condition\" content=\"new\" \/>\n<!-- \/ Yoast SEO Premium plugin. -->","yoast_head_json":{"title":"R\u1ed5 Tokyodo Mini cho Honda Cross Cub CC110 - Motor Taburo","robots":{"index":"index","follow":"follow","max-snippet":"max-snippet:-1","max-image-preview":"max-image-preview:large","max-video-preview":"max-video-preview:-1"},"canonical":"https:\/\/motortaburo.com\/en\/san-pham\/ro-tokyodo-mini-cho-honda-cross-cub-cc110\/","og_locale":"en_US","og_type":"article","og_title":"R\u1ed5 Tokyodo Mini cho Honda Cross Cub CC110","og_description":"Set b\u00e1n: 1 c\u00e1i.  M\u00e0u: \u0110en.  Ch\u1ea5t li\u1ec7u: Th\u00e9p, ph\u1ee7 nh\u1ef1a b\u00ean ngo\u00e0i.  K\u00edch th\u01b0\u1edbc: Kho\u1ea3ng 17.5cm x\u00a013cm x\u00a015cm.  Nh\u1eadp tr\u1ef1c ti\u1ebfp t\u1eeb Nh\u1eadt B\u1ea3n.","og_url":"https:\/\/motortaburo.com\/en\/san-pham\/ro-tokyodo-mini-cho-honda-cross-cub-cc110\/","og_site_name":"Motor Taburo - Genuine Motorcycle Parts","article_publisher":"https:\/\/www.facebook.com\/MotorTaburo","article_modified_time":"2026-01-22T11:07:40+00:00","og_image":[{"width":2560,"height":2560,"url":"https:\/\/motortaburo.com\/wp-content\/uploads\/2024\/05\/IMG_4933-scaled.jpg","type":"image\/jpeg"}],"twitter_card":"summary_large_image","twitter_misc":{"Price":"600.000&nbsp;&#8363;","Availability":"Out of stock"},"schema":{"@context":"https:\/\/schema.org","@graph":[{"@type":"WebPage","@id":"https:\/\/motortaburo.com\/en\/san-pham\/ro-tokyodo-mini-cho-honda-cross-cub-cc110\/","url":"https:\/\/motortaburo.com\/en\/san-pham\/ro-tokyodo-mini-cho-honda-cross-cub-cc110\/","name":"R\u1ed5 Tokyodo Mini cho Honda Cross Cub CC110 - Motor Taburo","isPartOf":{"@id":"https:\/\/motortaburo.com\/en\/#website"},"primaryImageOfPage":{"@id":"https:\/\/motortaburo.com\/en\/san-pham\/ro-tokyodo-mini-cho-honda-cross-cub-cc110\/#primaryimage"},"image":{"@id":"https:\/\/motortaburo.com\/en\/san-pham\/ro-tokyodo-mini-cho-honda-cross-cub-cc110\/#primaryimage"},"thumbnailUrl":"https:\/\/motortaburo.com\/wp-content\/uploads\/2024\/05\/IMG_4933-scaled.jpg","datePublished":"2024-05-22T11:22:01+00:00","dateModified":"2026-01-22T11:07:40+00:00","breadcrumb":{"@id":"https:\/\/motortaburo.com\/en\/san-pham\/ro-tokyodo-mini-cho-honda-cross-cub-cc110\/#breadcrumb"},"inLanguage":"en-US","potentialAction":[{"@type":"ReadAction","target":["https:\/\/motortaburo.com\/en\/san-pham\/ro-tokyodo-mini-cho-honda-cross-cub-cc110\/"]}]},{"@type":"ImageObject","inLanguage":"en-US","@id":"https:\/\/motortaburo.com\/en\/san-pham\/ro-tokyodo-mini-cho-honda-cross-cub-cc110\/#primaryimage","url":"https:\/\/motortaburo.com\/wp-content\/uploads\/2024\/05\/IMG_4933-scaled.jpg","contentUrl":"https:\/\/motortaburo.com\/wp-content\/uploads\/2024\/05\/IMG_4933-scaled.jpg","width":2560,"height":2560},{"@type":"BreadcrumbList","@id":"https:\/\/motortaburo.com\/en\/san-pham\/ro-tokyodo-mini-cho-honda-cross-cub-cc110\/#breadcrumb","itemListElement":[{"@type":"ListItem","position":1,"name":"Home","item":"https:\/\/motortaburo.com\/en\/"},{"@type":"ListItem","position":2,"name":"\u0110\u1ed3 ch\u01a1i xe","item":"https:\/\/motortaburo.com\/do-choi-xe\/"},{"@type":"ListItem","position":3,"name":"R\u1ed5 Tokyodo Mini cho Honda Cross Cub CC110"}]},{"@type":"WebSite","@id":"https:\/\/motortaburo.com\/en\/#website","url":"https:\/\/motortaburo.com\/en\/","name":"Motor Taburo - Genuine Motorcycle Parts","description":"We sell Japanese motorcycle parts","publisher":{"@id":"https:\/\/motortaburo.com\/en\/#organization"},"alternateName":"Motor Taburo","potentialAction":[{"@type":"SearchAction","target":{"@type":"EntryPoint","urlTemplate":"https:\/\/motortaburo.com\/en\/?s={search_term_string}"},"query-input":{"@type":"PropertyValueSpecification","valueRequired":true,"valueName":"search_term_string"}}],"inLanguage":"en-US"},{"@type":"Organization","@id":"https:\/\/motortaburo.com\/en\/#organization","name":"Motor Taburo - Genuine Motorcycle Parts","url":"https:\/\/motortaburo.com\/en\/","logo":{"@type":"ImageObject","inLanguage":"en-US","@id":"https:\/\/motortaburo.com\/en\/#\/schema\/logo\/image\/","url":"https:\/\/motortaburo.com\/wp-content\/uploads\/2021\/04\/Motor-Taburo-logo-512.jpg","contentUrl":"https:\/\/motortaburo.com\/wp-content\/uploads\/2021\/04\/Motor-Taburo-logo-512.jpg","width":512,"height":512,"caption":"Motor Taburo - Genuine Motorcycle Parts"},"image":{"@id":"https:\/\/motortaburo.com\/en\/#\/schema\/logo\/image\/"},"sameAs":["https:\/\/www.facebook.com\/MotorTaburo"]}]},"product_brand":"Tokyodo","product_price_amount":"600000","product_price_currency":"VND","og_availability":"out of stock","product_availability":"out of stock","product_retailer_item_id":"W-1630-P12880631","product_condition":"new"},"_links":{"self":[{"href":"https:\/\/motortaburo.com\/en\/wp-json\/wp\/v2\/product\/38680","targetHints":{"allow":["GET"]}}],"collection":[{"href":"https:\/\/motortaburo.com\/en\/wp-json\/wp\/v2\/product"}],"about":[{"href":"https:\/\/motortaburo.com\/en\/wp-json\/wp\/v2\/types\/product"}],"replies":[{"embeddable":true,"href":"https:\/\/motortaburo.com\/en\/wp-json\/wp\/v2\/comments?post=38680"}],"version-history":[{"count":0,"href":"https:\/\/motortaburo.com\/en\/wp-json\/wp\/v2\/product\/38680\/revisions"}],"wp:featuredmedia":[{"embeddable":true,"href":"https:\/\/motortaburo.com\/en\/wp-json\/wp\/v2\/media\/38683"}],"wp:attachment":[{"href":"https:\/\/motortaburo.com\/en\/wp-json\/wp\/v2\/media?parent=38680"}],"wp:term":[{"taxonomy":"product_brand","embeddable":true,"href":"https:\/\/motortaburo.com\/en\/wp-json\/wp\/v2\/product_brand?post=38680"},{"taxonomy":"product_cat","embeddable":true,"href":"https:\/\/motortaburo.com\/en\/wp-json\/wp\/v2\/product_cat?post=38680"},{"taxonomy":"product_tag","embeddable":true,"href":"https:\/\/motortaburo.com\/en\/wp-json\/wp\/v2\/product_tag?post=38680"},{"taxonomy":"danh-sach-xe","embeddable":true,"href":"https:\/\/motortaburo.com\/en\/wp-json\/wp\/v2\/danh-sach-xe?post=38680"}],"curies":[{"name":"wp","href":"https:\/\/api.w.org\/{rel}","templated":true}]}}