{"id":39260,"date":"2024-06-19T20:13:43","date_gmt":"2024-06-19T13:13:43","guid":{"rendered":"https:\/\/motortaburo.com\/?post_type=product&#038;p=39260"},"modified":"2026-01-22T18:07:53","modified_gmt":"2026-01-22T11:07:53","slug":"oc-xa-nhot-12mm-takegawa-nam-cham-mau-co-lo-nhiet","status":"publish","type":"product","link":"https:\/\/motortaburo.com\/en\/san-pham\/oc-xa-nhot-12mm-takegawa-nam-cham-mau-co-lo-nhiet\/","title":{"rendered":"\u1ed0c x\u1ea3 nh\u1edbt 12mm Takegawa, nam ch\u00e2m, m\u1eabu c\u00f3 l\u1ed7 nhi\u1ec7t"},"content":{"rendered":"","protected":false},"excerpt":{"rendered":"<p>Set b\u00e1n: 1 con.<\/p>\n<p>Ch\u1ea5t li\u1ec7u: Nh\u00f4m Anod m\u00e0u.<\/p>\n<p>H\u00e0ng ch\u00ednh h\u00e3ng Takegawa.<\/p>\n<p>S\u1ea3n xu\u1ea5t t\u1ea1i Nh\u1eadt B\u1ea3n.<\/p>\n<p>C\u00f3 nam ch\u00e2m \u1edf \u0111\u1ea7u \u1ed1c, t\u00e1c d\u1ee5ng h\u00fat c\u00e1c c\u1eb7n kim lo\u1ea1i c\u00f3 trong nh\u1edbt do \u0111\u1ed9ng c\u01a1 ho\u1ea1t \u0111\u1ed9ng l\u00e2u ng\u00e0y\u00a0t\u1ea1o ra.<\/p>\n","protected":false},"featured_media":39273,"comment_status":"open","ping_status":"closed","template":"","meta":[],"product_brand":[],"product_cat":[91],"product_tag":[],"danh-sach-xe":[],"class_list":{"0":"post-39260","1":"product","2":"type-product","3":"status-publish","4":"has-post-thumbnail","6":"product_cat-oc-vit","8":"first","9":"outofstock","10":"shipping-taxable","11":"purchasable","12":"product-type-variable"},"yoast_head":"<!-- This site is optimized with the Yoast SEO Premium plugin v23.3 (Yoast SEO v27.0) - https:\/\/yoast.com\/product\/yoast-seo-premium-wordpress\/ -->\n<title>\u1ed0c x\u1ea3 nh\u1edbt 12mm Takegawa, nam ch\u00e2m, m\u1eabu c\u00f3 l\u1ed7 nhi\u1ec7t - Motor Taburo<\/title>\n<meta name=\"robots\" content=\"index, follow, max-snippet:-1, max-image-preview:large, max-video-preview:-1\" \/>\n<link rel=\"canonical\" href=\"https:\/\/motortaburo.com\/en\/san-pham\/oc-xa-nhot-12mm-takegawa-nam-cham-mau-co-lo-nhiet\/\" \/>\n<meta property=\"og:locale\" content=\"en_US\" \/>\n<meta property=\"og:type\" content=\"article\" \/>\n<meta property=\"og:title\" content=\"\u1ed0c x\u1ea3 nh\u1edbt 12mm Takegawa, nam ch\u00e2m, m\u1eabu c\u00f3 l\u1ed7 nhi\u1ec7t\" \/>\n<meta property=\"og:description\" content=\"Set b\u00e1n: 1 con.  Ch\u1ea5t li\u1ec7u: Nh\u00f4m Anod m\u00e0u.  H\u00e0ng ch\u00ednh h\u00e3ng Takegawa.  S\u1ea3n xu\u1ea5t t\u1ea1i Nh\u1eadt B\u1ea3n.  C\u00f3 nam ch\u00e2m \u1edf \u0111\u1ea7u \u1ed1c, t\u00e1c d\u1ee5ng h\u00fat c\u00e1c c\u1eb7n kim lo\u1ea1i c\u00f3 trong nh\u1edbt do \u0111\u1ed9ng c\u01a1 ho\u1ea1t \u0111\u1ed9ng l\u00e2u ng\u00e0y\u00a0t\u1ea1o ra.\" \/>\n<meta property=\"og:url\" content=\"https:\/\/motortaburo.com\/en\/san-pham\/oc-xa-nhot-12mm-takegawa-nam-cham-mau-co-lo-nhiet\/\" \/>\n<meta property=\"og:site_name\" content=\"Motor Taburo - Genuine Motorcycle Parts\" \/>\n<meta property=\"article:publisher\" content=\"https:\/\/www.facebook.com\/MotorTaburo\" \/>\n<meta property=\"article:modified_time\" content=\"2026-01-22T11:07:53+00:00\" \/>\n<meta property=\"og:image\" content=\"https:\/\/motortaburo.com\/wp-content\/uploads\/2024\/06\/IMG_5581-scaled.jpg\" \/>\n\t<meta property=\"og:image:width\" content=\"2560\" \/>\n\t<meta property=\"og:image:height\" content=\"2560\" \/>\n\t<meta property=\"og:image:type\" content=\"image\/jpeg\" \/>\n<meta name=\"twitter:card\" content=\"summary_large_image\" \/>\n<meta name=\"twitter:label1\" content=\"Availability\" \/>\n\t<meta name=\"twitter:data1\" content=\"Out of stock\" \/>\n<script type=\"application\/ld+json\" class=\"yoast-schema-graph\">{\"@context\":\"https:\/\/schema.org\",\"@graph\":[{\"@type\":\"WebPage\",\"@id\":\"https:\/\/motortaburo.com\/en\/san-pham\/oc-xa-nhot-12mm-takegawa-nam-cham-mau-co-lo-nhiet\/\",\"url\":\"https:\/\/motortaburo.com\/en\/san-pham\/oc-xa-nhot-12mm-takegawa-nam-cham-mau-co-lo-nhiet\/\",\"name\":\"\u1ed0c x\u1ea3 nh\u1edbt 12mm Takegawa, nam ch\u00e2m, m\u1eabu c\u00f3 l\u1ed7 nhi\u1ec7t - Motor Taburo\",\"isPartOf\":{\"@id\":\"https:\/\/motortaburo.com\/en\/#website\"},\"primaryImageOfPage\":{\"@id\":\"https:\/\/motortaburo.com\/en\/san-pham\/oc-xa-nhot-12mm-takegawa-nam-cham-mau-co-lo-nhiet\/#primaryimage\"},\"image\":{\"@id\":\"https:\/\/motortaburo.com\/en\/san-pham\/oc-xa-nhot-12mm-takegawa-nam-cham-mau-co-lo-nhiet\/#primaryimage\"},\"thumbnailUrl\":\"https:\/\/motortaburo.com\/wp-content\/uploads\/2024\/06\/IMG_5581-scaled.jpg\",\"datePublished\":\"2024-06-19T13:13:43+00:00\",\"dateModified\":\"2026-01-22T11:07:53+00:00\",\"breadcrumb\":{\"@id\":\"https:\/\/motortaburo.com\/en\/san-pham\/oc-xa-nhot-12mm-takegawa-nam-cham-mau-co-lo-nhiet\/#breadcrumb\"},\"inLanguage\":\"en-US\",\"potentialAction\":[{\"@type\":\"ReadAction\",\"target\":[\"https:\/\/motortaburo.com\/en\/san-pham\/oc-xa-nhot-12mm-takegawa-nam-cham-mau-co-lo-nhiet\/\"]}]},{\"@type\":\"ImageObject\",\"inLanguage\":\"en-US\",\"@id\":\"https:\/\/motortaburo.com\/en\/san-pham\/oc-xa-nhot-12mm-takegawa-nam-cham-mau-co-lo-nhiet\/#primaryimage\",\"url\":\"https:\/\/motortaburo.com\/wp-content\/uploads\/2024\/06\/IMG_5581-scaled.jpg\",\"contentUrl\":\"https:\/\/motortaburo.com\/wp-content\/uploads\/2024\/06\/IMG_5581-scaled.jpg\",\"width\":2560,\"height\":2560},{\"@type\":\"BreadcrumbList\",\"@id\":\"https:\/\/motortaburo.com\/en\/san-pham\/oc-xa-nhot-12mm-takegawa-nam-cham-mau-co-lo-nhiet\/#breadcrumb\",\"itemListElement\":[{\"@type\":\"ListItem\",\"position\":1,\"name\":\"Home\",\"item\":\"https:\/\/motortaburo.com\/en\/\"},{\"@type\":\"ListItem\",\"position\":2,\"name\":\"\u0110\u1ed3 ch\u01a1i xe\",\"item\":\"https:\/\/motortaburo.com\/do-choi-xe\/\"},{\"@type\":\"ListItem\",\"position\":3,\"name\":\"\u1ed0c x\u1ea3 nh\u1edbt 12mm Takegawa, nam ch\u00e2m, m\u1eabu c\u00f3 l\u1ed7 nhi\u1ec7t\"}]},{\"@type\":\"WebSite\",\"@id\":\"https:\/\/motortaburo.com\/en\/#website\",\"url\":\"https:\/\/motortaburo.com\/en\/\",\"name\":\"Motor Taburo - Genuine Motorcycle Parts\",\"description\":\"We sell Japanese motorcycle parts\",\"publisher\":{\"@id\":\"https:\/\/motortaburo.com\/en\/#organization\"},\"alternateName\":\"Motor Taburo\",\"potentialAction\":[{\"@type\":\"SearchAction\",\"target\":{\"@type\":\"EntryPoint\",\"urlTemplate\":\"https:\/\/motortaburo.com\/en\/?s={search_term_string}\"},\"query-input\":{\"@type\":\"PropertyValueSpecification\",\"valueRequired\":true,\"valueName\":\"search_term_string\"}}],\"inLanguage\":\"en-US\"},{\"@type\":\"Organization\",\"@id\":\"https:\/\/motortaburo.com\/en\/#organization\",\"name\":\"Motor Taburo - Genuine Motorcycle Parts\",\"url\":\"https:\/\/motortaburo.com\/en\/\",\"logo\":{\"@type\":\"ImageObject\",\"inLanguage\":\"en-US\",\"@id\":\"https:\/\/motortaburo.com\/en\/#\/schema\/logo\/image\/\",\"url\":\"https:\/\/motortaburo.com\/wp-content\/uploads\/2021\/04\/Motor-Taburo-logo-512.jpg\",\"contentUrl\":\"https:\/\/motortaburo.com\/wp-content\/uploads\/2021\/04\/Motor-Taburo-logo-512.jpg\",\"width\":512,\"height\":512,\"caption\":\"Motor Taburo - Genuine Motorcycle Parts\"},\"image\":{\"@id\":\"https:\/\/motortaburo.com\/en\/#\/schema\/logo\/image\/\"},\"sameAs\":[\"https:\/\/www.facebook.com\/MotorTaburo\"]}]}<\/script>\n<meta property=\"product:brand\" content=\"SP Takegawa\" \/>\n<meta property=\"og:availability\" content=\"out of stock\" \/>\n<meta property=\"product:availability\" content=\"out of stock\" \/>\n<meta property=\"product:condition\" content=\"new\" \/>\n<!-- \/ Yoast SEO Premium plugin. -->","yoast_head_json":{"title":"\u1ed0c x\u1ea3 nh\u1edbt 12mm Takegawa, nam ch\u00e2m, m\u1eabu c\u00f3 l\u1ed7 nhi\u1ec7t - Motor Taburo","robots":{"index":"index","follow":"follow","max-snippet":"max-snippet:-1","max-image-preview":"max-image-preview:large","max-video-preview":"max-video-preview:-1"},"canonical":"https:\/\/motortaburo.com\/en\/san-pham\/oc-xa-nhot-12mm-takegawa-nam-cham-mau-co-lo-nhiet\/","og_locale":"en_US","og_type":"article","og_title":"\u1ed0c x\u1ea3 nh\u1edbt 12mm Takegawa, nam ch\u00e2m, m\u1eabu c\u00f3 l\u1ed7 nhi\u1ec7t","og_description":"Set b\u00e1n: 1 con.  Ch\u1ea5t li\u1ec7u: Nh\u00f4m Anod m\u00e0u.  H\u00e0ng ch\u00ednh h\u00e3ng Takegawa.  S\u1ea3n xu\u1ea5t t\u1ea1i Nh\u1eadt B\u1ea3n.  C\u00f3 nam ch\u00e2m \u1edf \u0111\u1ea7u \u1ed1c, t\u00e1c d\u1ee5ng h\u00fat c\u00e1c c\u1eb7n kim lo\u1ea1i c\u00f3 trong nh\u1edbt do \u0111\u1ed9ng c\u01a1 ho\u1ea1t \u0111\u1ed9ng l\u00e2u ng\u00e0y\u00a0t\u1ea1o ra.","og_url":"https:\/\/motortaburo.com\/en\/san-pham\/oc-xa-nhot-12mm-takegawa-nam-cham-mau-co-lo-nhiet\/","og_site_name":"Motor Taburo - Genuine Motorcycle Parts","article_publisher":"https:\/\/www.facebook.com\/MotorTaburo","article_modified_time":"2026-01-22T11:07:53+00:00","og_image":[{"width":2560,"height":2560,"url":"https:\/\/motortaburo.com\/wp-content\/uploads\/2024\/06\/IMG_5581-scaled.jpg","type":"image\/jpeg"}],"twitter_card":"summary_large_image","twitter_misc":{"Availability":"Out of stock"},"schema":{"@context":"https:\/\/schema.org","@graph":[{"@type":"WebPage","@id":"https:\/\/motortaburo.com\/en\/san-pham\/oc-xa-nhot-12mm-takegawa-nam-cham-mau-co-lo-nhiet\/","url":"https:\/\/motortaburo.com\/en\/san-pham\/oc-xa-nhot-12mm-takegawa-nam-cham-mau-co-lo-nhiet\/","name":"\u1ed0c x\u1ea3 nh\u1edbt 12mm Takegawa, nam ch\u00e2m, m\u1eabu c\u00f3 l\u1ed7 nhi\u1ec7t - Motor Taburo","isPartOf":{"@id":"https:\/\/motortaburo.com\/en\/#website"},"primaryImageOfPage":{"@id":"https:\/\/motortaburo.com\/en\/san-pham\/oc-xa-nhot-12mm-takegawa-nam-cham-mau-co-lo-nhiet\/#primaryimage"},"image":{"@id":"https:\/\/motortaburo.com\/en\/san-pham\/oc-xa-nhot-12mm-takegawa-nam-cham-mau-co-lo-nhiet\/#primaryimage"},"thumbnailUrl":"https:\/\/motortaburo.com\/wp-content\/uploads\/2024\/06\/IMG_5581-scaled.jpg","datePublished":"2024-06-19T13:13:43+00:00","dateModified":"2026-01-22T11:07:53+00:00","breadcrumb":{"@id":"https:\/\/motortaburo.com\/en\/san-pham\/oc-xa-nhot-12mm-takegawa-nam-cham-mau-co-lo-nhiet\/#breadcrumb"},"inLanguage":"en-US","potentialAction":[{"@type":"ReadAction","target":["https:\/\/motortaburo.com\/en\/san-pham\/oc-xa-nhot-12mm-takegawa-nam-cham-mau-co-lo-nhiet\/"]}]},{"@type":"ImageObject","inLanguage":"en-US","@id":"https:\/\/motortaburo.com\/en\/san-pham\/oc-xa-nhot-12mm-takegawa-nam-cham-mau-co-lo-nhiet\/#primaryimage","url":"https:\/\/motortaburo.com\/wp-content\/uploads\/2024\/06\/IMG_5581-scaled.jpg","contentUrl":"https:\/\/motortaburo.com\/wp-content\/uploads\/2024\/06\/IMG_5581-scaled.jpg","width":2560,"height":2560},{"@type":"BreadcrumbList","@id":"https:\/\/motortaburo.com\/en\/san-pham\/oc-xa-nhot-12mm-takegawa-nam-cham-mau-co-lo-nhiet\/#breadcrumb","itemListElement":[{"@type":"ListItem","position":1,"name":"Home","item":"https:\/\/motortaburo.com\/en\/"},{"@type":"ListItem","position":2,"name":"\u0110\u1ed3 ch\u01a1i xe","item":"https:\/\/motortaburo.com\/do-choi-xe\/"},{"@type":"ListItem","position":3,"name":"\u1ed0c x\u1ea3 nh\u1edbt 12mm Takegawa, nam ch\u00e2m, m\u1eabu c\u00f3 l\u1ed7 nhi\u1ec7t"}]},{"@type":"WebSite","@id":"https:\/\/motortaburo.com\/en\/#website","url":"https:\/\/motortaburo.com\/en\/","name":"Motor Taburo - Genuine Motorcycle Parts","description":"We sell Japanese motorcycle parts","publisher":{"@id":"https:\/\/motortaburo.com\/en\/#organization"},"alternateName":"Motor Taburo","potentialAction":[{"@type":"SearchAction","target":{"@type":"EntryPoint","urlTemplate":"https:\/\/motortaburo.com\/en\/?s={search_term_string}"},"query-input":{"@type":"PropertyValueSpecification","valueRequired":true,"valueName":"search_term_string"}}],"inLanguage":"en-US"},{"@type":"Organization","@id":"https:\/\/motortaburo.com\/en\/#organization","name":"Motor Taburo - Genuine Motorcycle Parts","url":"https:\/\/motortaburo.com\/en\/","logo":{"@type":"ImageObject","inLanguage":"en-US","@id":"https:\/\/motortaburo.com\/en\/#\/schema\/logo\/image\/","url":"https:\/\/motortaburo.com\/wp-content\/uploads\/2021\/04\/Motor-Taburo-logo-512.jpg","contentUrl":"https:\/\/motortaburo.com\/wp-content\/uploads\/2021\/04\/Motor-Taburo-logo-512.jpg","width":512,"height":512,"caption":"Motor Taburo - Genuine Motorcycle Parts"},"image":{"@id":"https:\/\/motortaburo.com\/en\/#\/schema\/logo\/image\/"},"sameAs":["https:\/\/www.facebook.com\/MotorTaburo"]}]},"product_brand":"SP Takegawa","og_availability":"out of stock","product_availability":"out of stock","product_condition":"new"},"_links":{"self":[{"href":"https:\/\/motortaburo.com\/en\/wp-json\/wp\/v2\/product\/39260","targetHints":{"allow":["GET"]}}],"collection":[{"href":"https:\/\/motortaburo.com\/en\/wp-json\/wp\/v2\/product"}],"about":[{"href":"https:\/\/motortaburo.com\/en\/wp-json\/wp\/v2\/types\/product"}],"replies":[{"embeddable":true,"href":"https:\/\/motortaburo.com\/en\/wp-json\/wp\/v2\/comments?post=39260"}],"version-history":[{"count":0,"href":"https:\/\/motortaburo.com\/en\/wp-json\/wp\/v2\/product\/39260\/revisions"}],"wp:featuredmedia":[{"embeddable":true,"href":"https:\/\/motortaburo.com\/en\/wp-json\/wp\/v2\/media\/39273"}],"wp:attachment":[{"href":"https:\/\/motortaburo.com\/en\/wp-json\/wp\/v2\/media?parent=39260"}],"wp:term":[{"taxonomy":"product_brand","embeddable":true,"href":"https:\/\/motortaburo.com\/en\/wp-json\/wp\/v2\/product_brand?post=39260"},{"taxonomy":"product_cat","embeddable":true,"href":"https:\/\/motortaburo.com\/en\/wp-json\/wp\/v2\/product_cat?post=39260"},{"taxonomy":"product_tag","embeddable":true,"href":"https:\/\/motortaburo.com\/en\/wp-json\/wp\/v2\/product_tag?post=39260"},{"taxonomy":"danh-sach-xe","embeddable":true,"href":"https:\/\/motortaburo.com\/en\/wp-json\/wp\/v2\/danh-sach-xe?post=39260"}],"curies":[{"name":"wp","href":"https:\/\/api.w.org\/{rel}","templated":true}]}}