{"id":39434,"date":"2024-06-27T16:10:52","date_gmt":"2024-06-27T09:10:52","guid":{"rendered":"https:\/\/motortaburo.com\/?post_type=product&#038;p=39434"},"modified":"2026-01-22T18:07:50","modified_gmt":"2026-01-22T11:07:50","slug":"oc-chen-co-nhom-billet-g-craft-cho-monkey-50","status":"publish","type":"product","link":"https:\/\/motortaburo.com\/en\/san-pham\/oc-chen-co-nhom-billet-g-craft-cho-monkey-50\/","title":{"rendered":"\u1ed0c ch\u00e9n c\u1ed5 nh\u00f4m billet G-Craft cho Monkey 50"},"content":{"rendered":"<p>Set b\u00e1n: 1 c\u00e1i.<\/p>\n<p>Ch\u1ea5t li\u1ec7u: Nh\u00f4m billet.<\/p>\n<p>H\u00e0ng ch\u00ednh h\u00e3ng G-Craft.<\/p>\n<p>S\u1ea3n xu\u1ea5t t\u1ea1i Nh\u1eadt B\u1ea3n.<\/p>\n<p>\u1ed0c ch\u00e9n c\u1ed5 nh\u00f4m billet G-Craft d\u00e0nh cho xe m\u00e1y Monkey 50 l\u00e0 s\u1ea3n ph\u1ea9m ch\u1ea5t l\u01b0\u1ee3ng cao gi\u00fap t\u0103ng c\u01b0\u1eddng \u0111\u1ed9 b\u1ec1n v\u00e0 t\u00ednh th\u1ea9m m\u1ef9 cho xe c\u1ee7a b\u1ea1n.<\/p>\n<ul>\n<li><strong>Ch\u1ea5t li\u1ec7u nh\u00f4m billet:<\/strong>\u00a0\u1ed0c \u0111\u01b0\u1ee3c l\u00e0m t\u1eeb ch\u1ea5t li\u1ec7u nh\u00f4m billet b\u1ec1n v\u1eefng, gi\u00fap t\u0103ng \u0111\u1ed9 b\u1ec1n v\u00e0 s\u1ee9c ch\u1ecbu t\u1ea3i c\u1ee7a s\u1ea3n ph\u1ea9m.<\/li>\n<li><strong>T\u00ednh th\u1ea9m m\u1ef9 cao:<\/strong>\u00a0Thi\u1ebft k\u1ebf sang tr\u1ecdng, hi\u1ec7n \u0111\u1ea1i gi\u00fap s\u1ea3n ph\u1ea9m tr\u1edf th\u00e0nh \u0111i\u1ec3m nh\u1ea5n thu h\u00fat s\u1ef1 quan t\u00e2m c\u1ee7a m\u1ecdi ng\u01b0\u1eddi khi b\u1ea1n di chuy\u1ec3n tr\u00ean chi\u1ebfc xe Monkey y\u00eau qu\u00fd.<\/li>\n<\/ul>\n<p>V\u1edbi \u1ed1c ch\u00e9n c\u1ed5 nh\u00f4m billet G-Craft cho Monkey 50, b\u1ea1n ho\u00e0n to\u00e0n y\u00ean t\u00e2m khi s\u1eed d\u1ee5ng v\u00ec \u0111\u01b0\u1ee3c gia c\u00f4ng t\u1ec9 m\u1ec9 t\u1eeb c\u00e1c k\u1ef9 thu\u1eadt hi\u1ec7n \u0111\u1ea1i \u0111\u1ec3 mang l\u1ea1i hi\u1ec7u su\u1ea5t ho\u1ea1t \u0111\u1ed9ng \u1ed5n \u0111\u1ecbnh v\u00e0 chi ph\u00ed ti\u1ebft ki\u1ec7m. S\u1ea3n ph\u1ea9m ph\u00f9 h\u1ee3p v\u1edbi nhi\u1ec1u lo\u1ea1i xe m\u00e1y kh\u00e1c ngo\u00e0i lo\u1ea1i Monkey.<\/p>\n","protected":false},"excerpt":{"rendered":"<p>Set b\u00e1n: 1 c\u00e1i. Ch\u1ea5t li\u1ec7u: Nh\u00f4m billet. H\u00e0ng ch\u00ednh h\u00e3ng G-Craft. S\u1ea3n xu\u1ea5t t\u1ea1i Nh\u1eadt B\u1ea3n. \u1ed0c ch\u00e9n c\u1ed5<\/p>\n","protected":false},"featured_media":39435,"comment_status":"open","ping_status":"closed","template":"","meta":[],"product_brand":[],"product_cat":[428],"product_tag":[],"danh-sach-xe":[1876,1860,1854,1850,2390,1847,1846,1845,1844,1843,1813,1833,2362,1897,1881,2336],"class_list":{"0":"post-39434","1":"product","2":"type-product","3":"status-publish","4":"has-post-thumbnail","6":"product_cat-bo-phan-dieu-huong","7":"danh-sach-xe-cd50s","8":"danh-sach-xe-cl50","9":"danh-sach-xe-gorilla","10":"danh-sach-xe-monkey-50","11":"danh-sach-xe-ss50-66","12":"danh-sach-xe-ss50-67","13":"danh-sach-xe-ss50-68","14":"danh-sach-xe-ss50-69","15":"danh-sach-xe-ss50-72","16":"danh-sach-xe-ss50z","17":"danh-sach-xe-cd50-benly","18":"danh-sach-xe-benly-cd90","19":"danh-sach-xe-cd90s","20":"danh-sach-xe-cl90","21":"danh-sach-xe-md90","22":"danh-sach-xe-s90","24":"first","25":"outofstock","26":"shipping-taxable","27":"purchasable","28":"product-type-simple"},"yoast_head":"<!-- This site is optimized with the Yoast SEO Premium plugin v23.3 (Yoast SEO v27.0) - https:\/\/yoast.com\/product\/yoast-seo-premium-wordpress\/ -->\n<title>\u1ed0c ch\u00e9n c\u1ed5 nh\u00f4m billet G-Craft cho Monkey 50 - Motor Taburo<\/title>\n<meta name=\"robots\" content=\"index, follow, max-snippet:-1, max-image-preview:large, max-video-preview:-1\" \/>\n<link rel=\"canonical\" href=\"https:\/\/motortaburo.com\/en\/san-pham\/oc-chen-co-nhom-billet-g-craft-cho-monkey-50\/\" \/>\n<meta property=\"og:locale\" content=\"en_US\" \/>\n<meta property=\"og:type\" content=\"article\" \/>\n<meta property=\"og:title\" content=\"\u1ed0c ch\u00e9n c\u1ed5 nh\u00f4m billet G-Craft cho Monkey 50\" \/>\n<meta property=\"og:description\" content=\"Set b\u00e1n: 1 c\u00e1i. Ch\u1ea5t li\u1ec7u: Nh\u00f4m billet. H\u00e0ng ch\u00ednh h\u00e3ng G-Craft. S\u1ea3n xu\u1ea5t t\u1ea1i Nh\u1eadt B\u1ea3n. \u1ed0c ch\u00e9n c\u1ed5\" \/>\n<meta property=\"og:url\" content=\"https:\/\/motortaburo.com\/en\/san-pham\/oc-chen-co-nhom-billet-g-craft-cho-monkey-50\/\" \/>\n<meta property=\"og:site_name\" content=\"Motor Taburo - Genuine Motorcycle Parts\" \/>\n<meta property=\"article:publisher\" content=\"https:\/\/www.facebook.com\/MotorTaburo\" \/>\n<meta property=\"article:modified_time\" content=\"2026-01-22T11:07:50+00:00\" \/>\n<meta property=\"og:image\" content=\"https:\/\/motortaburo.com\/wp-content\/uploads\/2024\/06\/IMG_5654-scaled.jpg\" \/>\n\t<meta property=\"og:image:width\" content=\"2560\" \/>\n\t<meta property=\"og:image:height\" content=\"2560\" \/>\n\t<meta property=\"og:image:type\" content=\"image\/jpeg\" \/>\n<meta name=\"twitter:card\" content=\"summary_large_image\" \/>\n<meta name=\"twitter:label1\" content=\"Price\" \/>\n\t<meta name=\"twitter:data1\" content=\"850.000&nbsp;&#8363;\" \/>\n\t<meta name=\"twitter:label2\" content=\"Availability\" \/>\n\t<meta name=\"twitter:data2\" content=\"Out of stock\" \/>\n<script type=\"application\/ld+json\" class=\"yoast-schema-graph\">{\"@context\":\"https:\/\/schema.org\",\"@graph\":[{\"@type\":\"WebPage\",\"@id\":\"https:\/\/motortaburo.com\/en\/san-pham\/oc-chen-co-nhom-billet-g-craft-cho-monkey-50\/\",\"url\":\"https:\/\/motortaburo.com\/en\/san-pham\/oc-chen-co-nhom-billet-g-craft-cho-monkey-50\/\",\"name\":\"\u1ed0c ch\u00e9n c\u1ed5 nh\u00f4m billet G-Craft cho Monkey 50 - Motor Taburo\",\"isPartOf\":{\"@id\":\"https:\/\/motortaburo.com\/en\/#website\"},\"primaryImageOfPage\":{\"@id\":\"https:\/\/motortaburo.com\/en\/san-pham\/oc-chen-co-nhom-billet-g-craft-cho-monkey-50\/#primaryimage\"},\"image\":{\"@id\":\"https:\/\/motortaburo.com\/en\/san-pham\/oc-chen-co-nhom-billet-g-craft-cho-monkey-50\/#primaryimage\"},\"thumbnailUrl\":\"https:\/\/motortaburo.com\/wp-content\/uploads\/2024\/06\/IMG_5654-scaled.jpg\",\"datePublished\":\"2024-06-27T09:10:52+00:00\",\"dateModified\":\"2026-01-22T11:07:50+00:00\",\"breadcrumb\":{\"@id\":\"https:\/\/motortaburo.com\/en\/san-pham\/oc-chen-co-nhom-billet-g-craft-cho-monkey-50\/#breadcrumb\"},\"inLanguage\":\"en-US\",\"potentialAction\":[{\"@type\":\"ReadAction\",\"target\":[\"https:\/\/motortaburo.com\/en\/san-pham\/oc-chen-co-nhom-billet-g-craft-cho-monkey-50\/\"]}]},{\"@type\":\"ImageObject\",\"inLanguage\":\"en-US\",\"@id\":\"https:\/\/motortaburo.com\/en\/san-pham\/oc-chen-co-nhom-billet-g-craft-cho-monkey-50\/#primaryimage\",\"url\":\"https:\/\/motortaburo.com\/wp-content\/uploads\/2024\/06\/IMG_5654-scaled.jpg\",\"contentUrl\":\"https:\/\/motortaburo.com\/wp-content\/uploads\/2024\/06\/IMG_5654-scaled.jpg\",\"width\":2560,\"height\":2560},{\"@type\":\"BreadcrumbList\",\"@id\":\"https:\/\/motortaburo.com\/en\/san-pham\/oc-chen-co-nhom-billet-g-craft-cho-monkey-50\/#breadcrumb\",\"itemListElement\":[{\"@type\":\"ListItem\",\"position\":1,\"name\":\"Home\",\"item\":\"https:\/\/motortaburo.com\/en\/\"},{\"@type\":\"ListItem\",\"position\":2,\"name\":\"\u0110\u1ed3 ch\u01a1i xe\",\"item\":\"https:\/\/motortaburo.com\/do-choi-xe\/\"},{\"@type\":\"ListItem\",\"position\":3,\"name\":\"\u1ed0c ch\u00e9n c\u1ed5 nh\u00f4m billet G-Craft cho Monkey 50\"}]},{\"@type\":\"WebSite\",\"@id\":\"https:\/\/motortaburo.com\/en\/#website\",\"url\":\"https:\/\/motortaburo.com\/en\/\",\"name\":\"Motor Taburo - Genuine Motorcycle Parts\",\"description\":\"We sell Japanese motorcycle parts\",\"publisher\":{\"@id\":\"https:\/\/motortaburo.com\/en\/#organization\"},\"alternateName\":\"Motor Taburo\",\"potentialAction\":[{\"@type\":\"SearchAction\",\"target\":{\"@type\":\"EntryPoint\",\"urlTemplate\":\"https:\/\/motortaburo.com\/en\/?s={search_term_string}\"},\"query-input\":{\"@type\":\"PropertyValueSpecification\",\"valueRequired\":true,\"valueName\":\"search_term_string\"}}],\"inLanguage\":\"en-US\"},{\"@type\":\"Organization\",\"@id\":\"https:\/\/motortaburo.com\/en\/#organization\",\"name\":\"Motor Taburo - Genuine Motorcycle Parts\",\"url\":\"https:\/\/motortaburo.com\/en\/\",\"logo\":{\"@type\":\"ImageObject\",\"inLanguage\":\"en-US\",\"@id\":\"https:\/\/motortaburo.com\/en\/#\/schema\/logo\/image\/\",\"url\":\"https:\/\/motortaburo.com\/wp-content\/uploads\/2021\/04\/Motor-Taburo-logo-512.jpg\",\"contentUrl\":\"https:\/\/motortaburo.com\/wp-content\/uploads\/2021\/04\/Motor-Taburo-logo-512.jpg\",\"width\":512,\"height\":512,\"caption\":\"Motor Taburo - Genuine Motorcycle Parts\"},\"image\":{\"@id\":\"https:\/\/motortaburo.com\/en\/#\/schema\/logo\/image\/\"},\"sameAs\":[\"https:\/\/www.facebook.com\/MotorTaburo\"]}]}<\/script>\n<meta property=\"product:brand\" content=\"G-Craft\" \/>\n<meta property=\"product:price:amount\" content=\"850000\" \/>\n<meta property=\"product:price:currency\" content=\"VND\" \/>\n<meta property=\"og:availability\" content=\"out of stock\" \/>\n<meta property=\"product:availability\" content=\"out of stock\" \/>\n<meta property=\"product:retailer_item_id\" content=\"31003\" \/>\n<meta property=\"product:condition\" content=\"new\" \/>\n<!-- \/ Yoast SEO Premium plugin. -->","yoast_head_json":{"title":"\u1ed0c ch\u00e9n c\u1ed5 nh\u00f4m billet G-Craft cho Monkey 50 - Motor Taburo","robots":{"index":"index","follow":"follow","max-snippet":"max-snippet:-1","max-image-preview":"max-image-preview:large","max-video-preview":"max-video-preview:-1"},"canonical":"https:\/\/motortaburo.com\/en\/san-pham\/oc-chen-co-nhom-billet-g-craft-cho-monkey-50\/","og_locale":"en_US","og_type":"article","og_title":"\u1ed0c ch\u00e9n c\u1ed5 nh\u00f4m billet G-Craft cho Monkey 50","og_description":"Set b\u00e1n: 1 c\u00e1i. Ch\u1ea5t li\u1ec7u: Nh\u00f4m billet. H\u00e0ng ch\u00ednh h\u00e3ng G-Craft. S\u1ea3n xu\u1ea5t t\u1ea1i Nh\u1eadt B\u1ea3n. \u1ed0c ch\u00e9n c\u1ed5","og_url":"https:\/\/motortaburo.com\/en\/san-pham\/oc-chen-co-nhom-billet-g-craft-cho-monkey-50\/","og_site_name":"Motor Taburo - Genuine Motorcycle Parts","article_publisher":"https:\/\/www.facebook.com\/MotorTaburo","article_modified_time":"2026-01-22T11:07:50+00:00","og_image":[{"width":2560,"height":2560,"url":"https:\/\/motortaburo.com\/wp-content\/uploads\/2024\/06\/IMG_5654-scaled.jpg","type":"image\/jpeg"}],"twitter_card":"summary_large_image","twitter_misc":{"Price":"850.000&nbsp;&#8363;","Availability":"Out of stock"},"schema":{"@context":"https:\/\/schema.org","@graph":[{"@type":"WebPage","@id":"https:\/\/motortaburo.com\/en\/san-pham\/oc-chen-co-nhom-billet-g-craft-cho-monkey-50\/","url":"https:\/\/motortaburo.com\/en\/san-pham\/oc-chen-co-nhom-billet-g-craft-cho-monkey-50\/","name":"\u1ed0c ch\u00e9n c\u1ed5 nh\u00f4m billet G-Craft cho Monkey 50 - Motor Taburo","isPartOf":{"@id":"https:\/\/motortaburo.com\/en\/#website"},"primaryImageOfPage":{"@id":"https:\/\/motortaburo.com\/en\/san-pham\/oc-chen-co-nhom-billet-g-craft-cho-monkey-50\/#primaryimage"},"image":{"@id":"https:\/\/motortaburo.com\/en\/san-pham\/oc-chen-co-nhom-billet-g-craft-cho-monkey-50\/#primaryimage"},"thumbnailUrl":"https:\/\/motortaburo.com\/wp-content\/uploads\/2024\/06\/IMG_5654-scaled.jpg","datePublished":"2024-06-27T09:10:52+00:00","dateModified":"2026-01-22T11:07:50+00:00","breadcrumb":{"@id":"https:\/\/motortaburo.com\/en\/san-pham\/oc-chen-co-nhom-billet-g-craft-cho-monkey-50\/#breadcrumb"},"inLanguage":"en-US","potentialAction":[{"@type":"ReadAction","target":["https:\/\/motortaburo.com\/en\/san-pham\/oc-chen-co-nhom-billet-g-craft-cho-monkey-50\/"]}]},{"@type":"ImageObject","inLanguage":"en-US","@id":"https:\/\/motortaburo.com\/en\/san-pham\/oc-chen-co-nhom-billet-g-craft-cho-monkey-50\/#primaryimage","url":"https:\/\/motortaburo.com\/wp-content\/uploads\/2024\/06\/IMG_5654-scaled.jpg","contentUrl":"https:\/\/motortaburo.com\/wp-content\/uploads\/2024\/06\/IMG_5654-scaled.jpg","width":2560,"height":2560},{"@type":"BreadcrumbList","@id":"https:\/\/motortaburo.com\/en\/san-pham\/oc-chen-co-nhom-billet-g-craft-cho-monkey-50\/#breadcrumb","itemListElement":[{"@type":"ListItem","position":1,"name":"Home","item":"https:\/\/motortaburo.com\/en\/"},{"@type":"ListItem","position":2,"name":"\u0110\u1ed3 ch\u01a1i xe","item":"https:\/\/motortaburo.com\/do-choi-xe\/"},{"@type":"ListItem","position":3,"name":"\u1ed0c ch\u00e9n c\u1ed5 nh\u00f4m billet G-Craft cho Monkey 50"}]},{"@type":"WebSite","@id":"https:\/\/motortaburo.com\/en\/#website","url":"https:\/\/motortaburo.com\/en\/","name":"Motor Taburo - Genuine Motorcycle Parts","description":"We sell Japanese motorcycle parts","publisher":{"@id":"https:\/\/motortaburo.com\/en\/#organization"},"alternateName":"Motor Taburo","potentialAction":[{"@type":"SearchAction","target":{"@type":"EntryPoint","urlTemplate":"https:\/\/motortaburo.com\/en\/?s={search_term_string}"},"query-input":{"@type":"PropertyValueSpecification","valueRequired":true,"valueName":"search_term_string"}}],"inLanguage":"en-US"},{"@type":"Organization","@id":"https:\/\/motortaburo.com\/en\/#organization","name":"Motor Taburo - Genuine Motorcycle Parts","url":"https:\/\/motortaburo.com\/en\/","logo":{"@type":"ImageObject","inLanguage":"en-US","@id":"https:\/\/motortaburo.com\/en\/#\/schema\/logo\/image\/","url":"https:\/\/motortaburo.com\/wp-content\/uploads\/2021\/04\/Motor-Taburo-logo-512.jpg","contentUrl":"https:\/\/motortaburo.com\/wp-content\/uploads\/2021\/04\/Motor-Taburo-logo-512.jpg","width":512,"height":512,"caption":"Motor Taburo - Genuine Motorcycle Parts"},"image":{"@id":"https:\/\/motortaburo.com\/en\/#\/schema\/logo\/image\/"},"sameAs":["https:\/\/www.facebook.com\/MotorTaburo"]}]},"product_brand":"G-Craft","product_price_amount":"850000","product_price_currency":"VND","og_availability":"out of stock","product_availability":"out of stock","product_retailer_item_id":"31003","product_condition":"new"},"_links":{"self":[{"href":"https:\/\/motortaburo.com\/en\/wp-json\/wp\/v2\/product\/39434","targetHints":{"allow":["GET"]}}],"collection":[{"href":"https:\/\/motortaburo.com\/en\/wp-json\/wp\/v2\/product"}],"about":[{"href":"https:\/\/motortaburo.com\/en\/wp-json\/wp\/v2\/types\/product"}],"replies":[{"embeddable":true,"href":"https:\/\/motortaburo.com\/en\/wp-json\/wp\/v2\/comments?post=39434"}],"version-history":[{"count":0,"href":"https:\/\/motortaburo.com\/en\/wp-json\/wp\/v2\/product\/39434\/revisions"}],"wp:featuredmedia":[{"embeddable":true,"href":"https:\/\/motortaburo.com\/en\/wp-json\/wp\/v2\/media\/39435"}],"wp:attachment":[{"href":"https:\/\/motortaburo.com\/en\/wp-json\/wp\/v2\/media?parent=39434"}],"wp:term":[{"taxonomy":"product_brand","embeddable":true,"href":"https:\/\/motortaburo.com\/en\/wp-json\/wp\/v2\/product_brand?post=39434"},{"taxonomy":"product_cat","embeddable":true,"href":"https:\/\/motortaburo.com\/en\/wp-json\/wp\/v2\/product_cat?post=39434"},{"taxonomy":"product_tag","embeddable":true,"href":"https:\/\/motortaburo.com\/en\/wp-json\/wp\/v2\/product_tag?post=39434"},{"taxonomy":"danh-sach-xe","embeddable":true,"href":"https:\/\/motortaburo.com\/en\/wp-json\/wp\/v2\/danh-sach-xe?post=39434"}],"curies":[{"name":"wp","href":"https:\/\/api.w.org\/{rel}","templated":true}]}}