{"id":39655,"date":"2024-07-23T12:24:57","date_gmt":"2024-07-23T05:24:57","guid":{"rendered":"https:\/\/motortaburo.com\/?post_type=product&#038;p=39655"},"modified":"2026-01-22T18:06:00","modified_gmt":"2026-01-22T11:06:00","slug":"bo-kit-binh-xang-con-yamaha-yb100-b100-chinh-hang-keyster","status":"publish","type":"product","link":"https:\/\/motortaburo.com\/en\/san-pham\/bo-kit-binh-xang-con-yamaha-yb100-b100-chinh-hang-keyster\/","title":{"rendered":"B\u1ed9 kit b\u00ecnh x\u0103ng con Yamaha YB100, B100 ch\u00ednh h\u00e3ng Keyster"},"content":{"rendered":"","protected":false},"excerpt":{"rendered":"<p>Set b\u00e1n: B\u1ed9 g\u1ed3m 9 chi ti\u1ebft (ron ch\u00e9n x\u0103ng, p\u00e9t ch\u00ednh 90, p\u00e9t ph\u1ee5 30, kim 3 c\u1ea1nh 1.5,\u00a0kim phun Y18, \u1ed1c ch\u1ec9nh gi\u00f3 v\u00e0 l\u00f2 xo, o-rings, m\u1ed9t v\u00e0i ron v\u00e0 chi ti\u1ebft nh\u1ecf kh\u00e1c nh\u01b0 tr\u00ean h\u00ecnh).<\/p>\n<p>H\u00e0ng ch\u00ednh h\u00e3ng Keyster.<\/p>\n<p>S\u1ea3n xu\u1ea5t t\u1ea1i Nh\u1eadt B\u1ea3n.<\/p>\n<p>Keyster l\u00e0 h\u00e3ng chuy\u00ean s\u1ea3n xu\u1ea5t b\u1ed9 kit ph\u1ee5c h\u1ed3i b\u00ecnh x\u0103ng con. Ch\u1ea5t l\u01b0\u1ee3ng v\u00f2i phun, kim phun c\u00f2n t\u1ed1t\u00a0h\u01a1n c\u1ea3 h\u00e0ng OEM. Gi\u00fap vi\u1ec7c \u0111i\u1ec1u ch\u1ec9nh nhi\u00ean li\u1ec7u d\u1ec5 d\u00e0ng h\u01a1n.<\/p>\n","protected":false},"featured_media":39656,"comment_status":"open","ping_status":"closed","template":"","meta":[],"product_brand":[],"product_cat":[98],"product_tag":[],"danh-sach-xe":[2403],"class_list":{"0":"post-39655","1":"product","2":"type-product","3":"status-publish","4":"has-post-thumbnail","6":"product_cat-binh-xang-con-po-air-co-xang","7":"danh-sach-xe-yb100","9":"first","10":"instock","11":"shipping-taxable","12":"purchasable","13":"product-type-simple"},"yoast_head":"<!-- This site is optimized with the Yoast SEO Premium plugin v23.3 (Yoast SEO v27.0) - https:\/\/yoast.com\/product\/yoast-seo-premium-wordpress\/ -->\n<title>B\u1ed9 kit b\u00ecnh x\u0103ng con Yamaha YB100, B100 ch\u00ednh h\u00e3ng Keyster - Motor Taburo<\/title>\n<meta name=\"robots\" content=\"index, follow, max-snippet:-1, max-image-preview:large, max-video-preview:-1\" \/>\n<link rel=\"canonical\" href=\"https:\/\/motortaburo.com\/en\/san-pham\/bo-kit-binh-xang-con-yamaha-yb100-b100-chinh-hang-keyster\/\" \/>\n<meta property=\"og:locale\" content=\"en_US\" \/>\n<meta property=\"og:type\" content=\"article\" \/>\n<meta property=\"og:title\" content=\"B\u1ed9 kit b\u00ecnh x\u0103ng con Yamaha YB100, B100 ch\u00ednh h\u00e3ng Keyster\" \/>\n<meta property=\"og:description\" content=\"Set b\u00e1n: B\u1ed9 g\u1ed3m 9 chi ti\u1ebft (ron ch\u00e9n x\u0103ng, p\u00e9t ch\u00ednh 90, p\u00e9t ph\u1ee5 30, kim 3 c\u1ea1nh 1.5,\u00a0kim phun Y18, \u1ed1c ch\u1ec9nh gi\u00f3 v\u00e0 l\u00f2 xo, o-rings, m\u1ed9t v\u00e0i ron v\u00e0 chi ti\u1ebft nh\u1ecf kh\u00e1c nh\u01b0 tr\u00ean h\u00ecnh).  H\u00e0ng ch\u00ednh h\u00e3ng Keyster.  S\u1ea3n xu\u1ea5t t\u1ea1i Nh\u1eadt B\u1ea3n.  Keyster l\u00e0 h\u00e3ng chuy\u00ean s\u1ea3n xu\u1ea5t b\u1ed9 kit ph\u1ee5c h\u1ed3i b\u00ecnh x\u0103ng con. Ch\u1ea5t l\u01b0\u1ee3ng v\u00f2i phun, kim phun c\u00f2n t\u1ed1t\u00a0h\u01a1n c\u1ea3 h\u00e0ng OEM. Gi\u00fap vi\u1ec7c \u0111i\u1ec1u ch\u1ec9nh nhi\u00ean li\u1ec7u d\u1ec5 d\u00e0ng h\u01a1n.\" \/>\n<meta property=\"og:url\" content=\"https:\/\/motortaburo.com\/en\/san-pham\/bo-kit-binh-xang-con-yamaha-yb100-b100-chinh-hang-keyster\/\" \/>\n<meta property=\"og:site_name\" content=\"Motor Taburo - Genuine Motorcycle Parts\" \/>\n<meta property=\"article:publisher\" content=\"https:\/\/www.facebook.com\/MotorTaburo\" \/>\n<meta property=\"article:modified_time\" content=\"2026-01-22T11:06:00+00:00\" \/>\n<meta property=\"og:image\" content=\"https:\/\/motortaburo.com\/wp-content\/uploads\/2024\/07\/IMG_5960.jpg\" \/>\n\t<meta property=\"og:image:width\" content=\"1280\" \/>\n\t<meta property=\"og:image:height\" content=\"1280\" \/>\n\t<meta property=\"og:image:type\" content=\"image\/jpeg\" \/>\n<meta name=\"twitter:card\" content=\"summary_large_image\" \/>\n<meta name=\"twitter:label1\" content=\"Price\" \/>\n\t<meta name=\"twitter:data1\" content=\"470.000&nbsp;&#8363;\" \/>\n\t<meta name=\"twitter:label2\" content=\"Availability\" \/>\n\t<meta name=\"twitter:data2\" content=\"In stock\" \/>\n<script type=\"application\/ld+json\" class=\"yoast-schema-graph\">{\"@context\":\"https:\/\/schema.org\",\"@graph\":[{\"@type\":\"WebPage\",\"@id\":\"https:\/\/motortaburo.com\/en\/san-pham\/bo-kit-binh-xang-con-yamaha-yb100-b100-chinh-hang-keyster\/\",\"url\":\"https:\/\/motortaburo.com\/en\/san-pham\/bo-kit-binh-xang-con-yamaha-yb100-b100-chinh-hang-keyster\/\",\"name\":\"B\u1ed9 kit b\u00ecnh x\u0103ng con Yamaha YB100, B100 ch\u00ednh h\u00e3ng Keyster - Motor Taburo\",\"isPartOf\":{\"@id\":\"https:\/\/motortaburo.com\/en\/#website\"},\"primaryImageOfPage\":{\"@id\":\"https:\/\/motortaburo.com\/en\/san-pham\/bo-kit-binh-xang-con-yamaha-yb100-b100-chinh-hang-keyster\/#primaryimage\"},\"image\":{\"@id\":\"https:\/\/motortaburo.com\/en\/san-pham\/bo-kit-binh-xang-con-yamaha-yb100-b100-chinh-hang-keyster\/#primaryimage\"},\"thumbnailUrl\":\"https:\/\/motortaburo.com\/wp-content\/uploads\/2024\/07\/IMG_5960.jpg\",\"datePublished\":\"2024-07-23T05:24:57+00:00\",\"dateModified\":\"2026-01-22T11:06:00+00:00\",\"breadcrumb\":{\"@id\":\"https:\/\/motortaburo.com\/en\/san-pham\/bo-kit-binh-xang-con-yamaha-yb100-b100-chinh-hang-keyster\/#breadcrumb\"},\"inLanguage\":\"en-US\",\"potentialAction\":[{\"@type\":\"ReadAction\",\"target\":[\"https:\/\/motortaburo.com\/en\/san-pham\/bo-kit-binh-xang-con-yamaha-yb100-b100-chinh-hang-keyster\/\"]}]},{\"@type\":\"ImageObject\",\"inLanguage\":\"en-US\",\"@id\":\"https:\/\/motortaburo.com\/en\/san-pham\/bo-kit-binh-xang-con-yamaha-yb100-b100-chinh-hang-keyster\/#primaryimage\",\"url\":\"https:\/\/motortaburo.com\/wp-content\/uploads\/2024\/07\/IMG_5960.jpg\",\"contentUrl\":\"https:\/\/motortaburo.com\/wp-content\/uploads\/2024\/07\/IMG_5960.jpg\",\"width\":1280,\"height\":1280},{\"@type\":\"BreadcrumbList\",\"@id\":\"https:\/\/motortaburo.com\/en\/san-pham\/bo-kit-binh-xang-con-yamaha-yb100-b100-chinh-hang-keyster\/#breadcrumb\",\"itemListElement\":[{\"@type\":\"ListItem\",\"position\":1,\"name\":\"Home\",\"item\":\"https:\/\/motortaburo.com\/en\/\"},{\"@type\":\"ListItem\",\"position\":2,\"name\":\"\u0110\u1ed3 ch\u01a1i xe\",\"item\":\"https:\/\/motortaburo.com\/do-choi-xe\/\"},{\"@type\":\"ListItem\",\"position\":3,\"name\":\"B\u1ed9 kit b\u00ecnh x\u0103ng con Yamaha YB100, B100 ch\u00ednh h\u00e3ng Keyster\"}]},{\"@type\":\"WebSite\",\"@id\":\"https:\/\/motortaburo.com\/en\/#website\",\"url\":\"https:\/\/motortaburo.com\/en\/\",\"name\":\"Motor Taburo - Genuine Motorcycle Parts\",\"description\":\"We sell Japanese motorcycle parts\",\"publisher\":{\"@id\":\"https:\/\/motortaburo.com\/en\/#organization\"},\"alternateName\":\"Motor Taburo\",\"potentialAction\":[{\"@type\":\"SearchAction\",\"target\":{\"@type\":\"EntryPoint\",\"urlTemplate\":\"https:\/\/motortaburo.com\/en\/?s={search_term_string}\"},\"query-input\":{\"@type\":\"PropertyValueSpecification\",\"valueRequired\":true,\"valueName\":\"search_term_string\"}}],\"inLanguage\":\"en-US\"},{\"@type\":\"Organization\",\"@id\":\"https:\/\/motortaburo.com\/en\/#organization\",\"name\":\"Motor Taburo - Genuine Motorcycle Parts\",\"url\":\"https:\/\/motortaburo.com\/en\/\",\"logo\":{\"@type\":\"ImageObject\",\"inLanguage\":\"en-US\",\"@id\":\"https:\/\/motortaburo.com\/en\/#\/schema\/logo\/image\/\",\"url\":\"https:\/\/motortaburo.com\/wp-content\/uploads\/2021\/04\/Motor-Taburo-logo-512.jpg\",\"contentUrl\":\"https:\/\/motortaburo.com\/wp-content\/uploads\/2021\/04\/Motor-Taburo-logo-512.jpg\",\"width\":512,\"height\":512,\"caption\":\"Motor Taburo - Genuine Motorcycle Parts\"},\"image\":{\"@id\":\"https:\/\/motortaburo.com\/en\/#\/schema\/logo\/image\/\"},\"sameAs\":[\"https:\/\/www.facebook.com\/MotorTaburo\"]}]}<\/script>\n<meta property=\"product:brand\" content=\"Keyster\" \/>\n<meta property=\"product:price:amount\" content=\"470000\" \/>\n<meta property=\"product:price:currency\" content=\"VND\" \/>\n<meta property=\"og:availability\" content=\"instock\" \/>\n<meta property=\"product:availability\" content=\"instock\" \/>\n<meta property=\"product:retailer_item_id\" content=\"KY-0161\" \/>\n<meta property=\"product:condition\" content=\"new\" \/>\n<!-- \/ Yoast SEO Premium plugin. -->","yoast_head_json":{"title":"B\u1ed9 kit b\u00ecnh x\u0103ng con Yamaha YB100, B100 ch\u00ednh h\u00e3ng Keyster - Motor Taburo","robots":{"index":"index","follow":"follow","max-snippet":"max-snippet:-1","max-image-preview":"max-image-preview:large","max-video-preview":"max-video-preview:-1"},"canonical":"https:\/\/motortaburo.com\/en\/san-pham\/bo-kit-binh-xang-con-yamaha-yb100-b100-chinh-hang-keyster\/","og_locale":"en_US","og_type":"article","og_title":"B\u1ed9 kit b\u00ecnh x\u0103ng con Yamaha YB100, B100 ch\u00ednh h\u00e3ng Keyster","og_description":"Set b\u00e1n: B\u1ed9 g\u1ed3m 9 chi ti\u1ebft (ron ch\u00e9n x\u0103ng, p\u00e9t ch\u00ednh 90, p\u00e9t ph\u1ee5 30, kim 3 c\u1ea1nh 1.5,\u00a0kim phun Y18, \u1ed1c ch\u1ec9nh gi\u00f3 v\u00e0 l\u00f2 xo, o-rings, m\u1ed9t v\u00e0i ron v\u00e0 chi ti\u1ebft nh\u1ecf kh\u00e1c nh\u01b0 tr\u00ean h\u00ecnh).  H\u00e0ng ch\u00ednh h\u00e3ng Keyster.  S\u1ea3n xu\u1ea5t t\u1ea1i Nh\u1eadt B\u1ea3n.  Keyster l\u00e0 h\u00e3ng chuy\u00ean s\u1ea3n xu\u1ea5t b\u1ed9 kit ph\u1ee5c h\u1ed3i b\u00ecnh x\u0103ng con. Ch\u1ea5t l\u01b0\u1ee3ng v\u00f2i phun, kim phun c\u00f2n t\u1ed1t\u00a0h\u01a1n c\u1ea3 h\u00e0ng OEM. Gi\u00fap vi\u1ec7c \u0111i\u1ec1u ch\u1ec9nh nhi\u00ean li\u1ec7u d\u1ec5 d\u00e0ng h\u01a1n.","og_url":"https:\/\/motortaburo.com\/en\/san-pham\/bo-kit-binh-xang-con-yamaha-yb100-b100-chinh-hang-keyster\/","og_site_name":"Motor Taburo - Genuine Motorcycle Parts","article_publisher":"https:\/\/www.facebook.com\/MotorTaburo","article_modified_time":"2026-01-22T11:06:00+00:00","og_image":[{"width":1280,"height":1280,"url":"https:\/\/motortaburo.com\/wp-content\/uploads\/2024\/07\/IMG_5960.jpg","type":"image\/jpeg"}],"twitter_card":"summary_large_image","twitter_misc":{"Price":"470.000&nbsp;&#8363;","Availability":"In stock"},"schema":{"@context":"https:\/\/schema.org","@graph":[{"@type":"WebPage","@id":"https:\/\/motortaburo.com\/en\/san-pham\/bo-kit-binh-xang-con-yamaha-yb100-b100-chinh-hang-keyster\/","url":"https:\/\/motortaburo.com\/en\/san-pham\/bo-kit-binh-xang-con-yamaha-yb100-b100-chinh-hang-keyster\/","name":"B\u1ed9 kit b\u00ecnh x\u0103ng con Yamaha YB100, B100 ch\u00ednh h\u00e3ng Keyster - Motor Taburo","isPartOf":{"@id":"https:\/\/motortaburo.com\/en\/#website"},"primaryImageOfPage":{"@id":"https:\/\/motortaburo.com\/en\/san-pham\/bo-kit-binh-xang-con-yamaha-yb100-b100-chinh-hang-keyster\/#primaryimage"},"image":{"@id":"https:\/\/motortaburo.com\/en\/san-pham\/bo-kit-binh-xang-con-yamaha-yb100-b100-chinh-hang-keyster\/#primaryimage"},"thumbnailUrl":"https:\/\/motortaburo.com\/wp-content\/uploads\/2024\/07\/IMG_5960.jpg","datePublished":"2024-07-23T05:24:57+00:00","dateModified":"2026-01-22T11:06:00+00:00","breadcrumb":{"@id":"https:\/\/motortaburo.com\/en\/san-pham\/bo-kit-binh-xang-con-yamaha-yb100-b100-chinh-hang-keyster\/#breadcrumb"},"inLanguage":"en-US","potentialAction":[{"@type":"ReadAction","target":["https:\/\/motortaburo.com\/en\/san-pham\/bo-kit-binh-xang-con-yamaha-yb100-b100-chinh-hang-keyster\/"]}]},{"@type":"ImageObject","inLanguage":"en-US","@id":"https:\/\/motortaburo.com\/en\/san-pham\/bo-kit-binh-xang-con-yamaha-yb100-b100-chinh-hang-keyster\/#primaryimage","url":"https:\/\/motortaburo.com\/wp-content\/uploads\/2024\/07\/IMG_5960.jpg","contentUrl":"https:\/\/motortaburo.com\/wp-content\/uploads\/2024\/07\/IMG_5960.jpg","width":1280,"height":1280},{"@type":"BreadcrumbList","@id":"https:\/\/motortaburo.com\/en\/san-pham\/bo-kit-binh-xang-con-yamaha-yb100-b100-chinh-hang-keyster\/#breadcrumb","itemListElement":[{"@type":"ListItem","position":1,"name":"Home","item":"https:\/\/motortaburo.com\/en\/"},{"@type":"ListItem","position":2,"name":"\u0110\u1ed3 ch\u01a1i xe","item":"https:\/\/motortaburo.com\/do-choi-xe\/"},{"@type":"ListItem","position":3,"name":"B\u1ed9 kit b\u00ecnh x\u0103ng con Yamaha YB100, B100 ch\u00ednh h\u00e3ng Keyster"}]},{"@type":"WebSite","@id":"https:\/\/motortaburo.com\/en\/#website","url":"https:\/\/motortaburo.com\/en\/","name":"Motor Taburo - Genuine Motorcycle Parts","description":"We sell Japanese motorcycle parts","publisher":{"@id":"https:\/\/motortaburo.com\/en\/#organization"},"alternateName":"Motor Taburo","potentialAction":[{"@type":"SearchAction","target":{"@type":"EntryPoint","urlTemplate":"https:\/\/motortaburo.com\/en\/?s={search_term_string}"},"query-input":{"@type":"PropertyValueSpecification","valueRequired":true,"valueName":"search_term_string"}}],"inLanguage":"en-US"},{"@type":"Organization","@id":"https:\/\/motortaburo.com\/en\/#organization","name":"Motor Taburo - Genuine Motorcycle Parts","url":"https:\/\/motortaburo.com\/en\/","logo":{"@type":"ImageObject","inLanguage":"en-US","@id":"https:\/\/motortaburo.com\/en\/#\/schema\/logo\/image\/","url":"https:\/\/motortaburo.com\/wp-content\/uploads\/2021\/04\/Motor-Taburo-logo-512.jpg","contentUrl":"https:\/\/motortaburo.com\/wp-content\/uploads\/2021\/04\/Motor-Taburo-logo-512.jpg","width":512,"height":512,"caption":"Motor Taburo - Genuine Motorcycle Parts"},"image":{"@id":"https:\/\/motortaburo.com\/en\/#\/schema\/logo\/image\/"},"sameAs":["https:\/\/www.facebook.com\/MotorTaburo"]}]},"product_brand":"Keyster","product_price_amount":"470000","product_price_currency":"VND","og_availability":"instock","product_availability":"instock","product_retailer_item_id":"KY-0161","product_condition":"new"},"_links":{"self":[{"href":"https:\/\/motortaburo.com\/en\/wp-json\/wp\/v2\/product\/39655","targetHints":{"allow":["GET"]}}],"collection":[{"href":"https:\/\/motortaburo.com\/en\/wp-json\/wp\/v2\/product"}],"about":[{"href":"https:\/\/motortaburo.com\/en\/wp-json\/wp\/v2\/types\/product"}],"replies":[{"embeddable":true,"href":"https:\/\/motortaburo.com\/en\/wp-json\/wp\/v2\/comments?post=39655"}],"version-history":[{"count":0,"href":"https:\/\/motortaburo.com\/en\/wp-json\/wp\/v2\/product\/39655\/revisions"}],"wp:featuredmedia":[{"embeddable":true,"href":"https:\/\/motortaburo.com\/en\/wp-json\/wp\/v2\/media\/39656"}],"wp:attachment":[{"href":"https:\/\/motortaburo.com\/en\/wp-json\/wp\/v2\/media?parent=39655"}],"wp:term":[{"taxonomy":"product_brand","embeddable":true,"href":"https:\/\/motortaburo.com\/en\/wp-json\/wp\/v2\/product_brand?post=39655"},{"taxonomy":"product_cat","embeddable":true,"href":"https:\/\/motortaburo.com\/en\/wp-json\/wp\/v2\/product_cat?post=39655"},{"taxonomy":"product_tag","embeddable":true,"href":"https:\/\/motortaburo.com\/en\/wp-json\/wp\/v2\/product_tag?post=39655"},{"taxonomy":"danh-sach-xe","embeddable":true,"href":"https:\/\/motortaburo.com\/en\/wp-json\/wp\/v2\/danh-sach-xe?post=39655"}],"curies":[{"name":"wp","href":"https:\/\/api.w.org\/{rel}","templated":true}]}}