{"id":40055,"date":"2024-08-20T11:50:28","date_gmt":"2024-08-20T04:50:28","guid":{"rendered":"https:\/\/motortaburo.com\/?post_type=product&#038;p=40055"},"modified":"2026-01-22T18:06:32","modified_gmt":"2026-01-22T11:06:32","slug":"chup-den-lai-hat-luu-chinh-hang-honda-cho-dong-xe-ss50-cl90-cub-50","status":"publish","type":"product","link":"https:\/\/motortaburo.com\/en\/san-pham\/chup-den-lai-hat-luu-chinh-hang-honda-cho-dong-xe-ss50-cl90-cub-50\/","title":{"rendered":"Ch\u1ee5p \u0111\u00e8n l\u00e1i h\u1ea1t l\u1ef1u ch\u00ednh h\u00e3ng Honda cho d\u00f2ng xe SS50, CL90, Cub 50"},"content":{"rendered":"","protected":false},"excerpt":{"rendered":"<p>Set b\u00e1n: 1 c\u00e1i.<\/p>\n<p>H\u00e0ng ch\u00ednh h\u00e3ng Honda.<\/p>\n<p>S\u1ea3n xu\u1ea5t t\u1ea1i Nh\u1eadt B\u1ea3n.<\/p>\n<p>G\u1eafn v\u00e0o \u0111\u00e8n h\u1eadu c\u00e1c xe\u00a0SS50, CL90, Cub 50,&#8230;<\/p>\n<p>S\u1ea3n ph\u1ea9m n\u00e0y hi\u1ec7n ch\u1ec9 c\u00f2n h\u00e0ng t\u1ed3n kho, h\u00e3ng \u0111\u00e3 ng\u01b0ng s\u1ea3n xu\u1ea5t.<\/p>\n","protected":false},"featured_media":40056,"comment_status":"open","ping_status":"closed","template":"","meta":[],"product_brand":[],"product_cat":[116],"product_tag":[],"danh-sach-xe":[2390,1847,1846,1845,1844,1843,1841,1897],"class_list":{"0":"post-40055","1":"product","2":"type-product","3":"status-publish","4":"has-post-thumbnail","6":"product_cat-den-hau","7":"danh-sach-xe-ss50-66","8":"danh-sach-xe-ss50-67","9":"danh-sach-xe-ss50-68","10":"danh-sach-xe-ss50-69","11":"danh-sach-xe-ss50-72","12":"danh-sach-xe-ss50z","13":"danh-sach-xe-super-cub-50-c50","14":"danh-sach-xe-cl90","16":"first","17":"outofstock","18":"shipping-taxable","19":"purchasable","20":"product-type-simple"},"yoast_head":"<!-- This site is optimized with the Yoast SEO Premium plugin v23.3 (Yoast SEO v27.0) - https:\/\/yoast.com\/product\/yoast-seo-premium-wordpress\/ -->\n<title>Ch\u1ee5p \u0111\u00e8n l\u00e1i h\u1ea1t l\u1ef1u ch\u00ednh h\u00e3ng Honda cho d\u00f2ng xe SS50, CL90, Cub 50 - Motor Taburo<\/title>\n<meta name=\"robots\" content=\"index, follow, max-snippet:-1, max-image-preview:large, max-video-preview:-1\" \/>\n<link rel=\"canonical\" href=\"https:\/\/motortaburo.com\/en\/san-pham\/chup-den-lai-hat-luu-chinh-hang-honda-cho-dong-xe-ss50-cl90-cub-50\/\" \/>\n<meta property=\"og:locale\" content=\"en_US\" \/>\n<meta property=\"og:type\" content=\"article\" \/>\n<meta property=\"og:title\" content=\"Ch\u1ee5p \u0111\u00e8n l\u00e1i h\u1ea1t l\u1ef1u ch\u00ednh h\u00e3ng Honda cho d\u00f2ng xe SS50, CL90, Cub 50\" \/>\n<meta property=\"og:description\" content=\"Set b\u00e1n: 1 c\u00e1i.  H\u00e0ng ch\u00ednh h\u00e3ng Honda.  S\u1ea3n xu\u1ea5t t\u1ea1i Nh\u1eadt B\u1ea3n.  G\u1eafn v\u00e0o \u0111\u00e8n h\u1eadu c\u00e1c xe\u00a0SS50, CL90, Cub 50,...  S\u1ea3n ph\u1ea9m n\u00e0y hi\u1ec7n ch\u1ec9 c\u00f2n h\u00e0ng t\u1ed3n kho, h\u00e3ng \u0111\u00e3 ng\u01b0ng s\u1ea3n xu\u1ea5t.\" \/>\n<meta property=\"og:url\" content=\"https:\/\/motortaburo.com\/en\/san-pham\/chup-den-lai-hat-luu-chinh-hang-honda-cho-dong-xe-ss50-cl90-cub-50\/\" \/>\n<meta property=\"og:site_name\" content=\"Motor Taburo - Genuine Motorcycle Parts\" \/>\n<meta property=\"article:publisher\" content=\"https:\/\/www.facebook.com\/MotorTaburo\" \/>\n<meta property=\"article:modified_time\" content=\"2026-01-22T11:06:32+00:00\" \/>\n<meta property=\"og:image\" content=\"https:\/\/motortaburo.com\/wp-content\/uploads\/2024\/08\/IMG_6063.jpg\" \/>\n\t<meta property=\"og:image:width\" content=\"1280\" \/>\n\t<meta property=\"og:image:height\" content=\"1280\" \/>\n\t<meta property=\"og:image:type\" content=\"image\/jpeg\" \/>\n<meta name=\"twitter:card\" content=\"summary_large_image\" \/>\n<meta name=\"twitter:label1\" content=\"Price\" \/>\n\t<meta name=\"twitter:data1\" content=\"1.400.000&nbsp;&#8363;\" \/>\n\t<meta name=\"twitter:label2\" content=\"Availability\" \/>\n\t<meta name=\"twitter:data2\" content=\"Out of stock\" \/>\n<script type=\"application\/ld+json\" class=\"yoast-schema-graph\">{\"@context\":\"https:\/\/schema.org\",\"@graph\":[{\"@type\":\"WebPage\",\"@id\":\"https:\/\/motortaburo.com\/en\/san-pham\/chup-den-lai-hat-luu-chinh-hang-honda-cho-dong-xe-ss50-cl90-cub-50\/\",\"url\":\"https:\/\/motortaburo.com\/en\/san-pham\/chup-den-lai-hat-luu-chinh-hang-honda-cho-dong-xe-ss50-cl90-cub-50\/\",\"name\":\"Ch\u1ee5p \u0111\u00e8n l\u00e1i h\u1ea1t l\u1ef1u ch\u00ednh h\u00e3ng Honda cho d\u00f2ng xe SS50, CL90, Cub 50 - Motor Taburo\",\"isPartOf\":{\"@id\":\"https:\/\/motortaburo.com\/en\/#website\"},\"primaryImageOfPage\":{\"@id\":\"https:\/\/motortaburo.com\/en\/san-pham\/chup-den-lai-hat-luu-chinh-hang-honda-cho-dong-xe-ss50-cl90-cub-50\/#primaryimage\"},\"image\":{\"@id\":\"https:\/\/motortaburo.com\/en\/san-pham\/chup-den-lai-hat-luu-chinh-hang-honda-cho-dong-xe-ss50-cl90-cub-50\/#primaryimage\"},\"thumbnailUrl\":\"https:\/\/motortaburo.com\/wp-content\/uploads\/2024\/08\/IMG_6063.jpg\",\"datePublished\":\"2024-08-20T04:50:28+00:00\",\"dateModified\":\"2026-01-22T11:06:32+00:00\",\"breadcrumb\":{\"@id\":\"https:\/\/motortaburo.com\/en\/san-pham\/chup-den-lai-hat-luu-chinh-hang-honda-cho-dong-xe-ss50-cl90-cub-50\/#breadcrumb\"},\"inLanguage\":\"en-US\",\"potentialAction\":[{\"@type\":\"ReadAction\",\"target\":[\"https:\/\/motortaburo.com\/en\/san-pham\/chup-den-lai-hat-luu-chinh-hang-honda-cho-dong-xe-ss50-cl90-cub-50\/\"]}]},{\"@type\":\"ImageObject\",\"inLanguage\":\"en-US\",\"@id\":\"https:\/\/motortaburo.com\/en\/san-pham\/chup-den-lai-hat-luu-chinh-hang-honda-cho-dong-xe-ss50-cl90-cub-50\/#primaryimage\",\"url\":\"https:\/\/motortaburo.com\/wp-content\/uploads\/2024\/08\/IMG_6063.jpg\",\"contentUrl\":\"https:\/\/motortaburo.com\/wp-content\/uploads\/2024\/08\/IMG_6063.jpg\",\"width\":1280,\"height\":1280},{\"@type\":\"BreadcrumbList\",\"@id\":\"https:\/\/motortaburo.com\/en\/san-pham\/chup-den-lai-hat-luu-chinh-hang-honda-cho-dong-xe-ss50-cl90-cub-50\/#breadcrumb\",\"itemListElement\":[{\"@type\":\"ListItem\",\"position\":1,\"name\":\"Home\",\"item\":\"https:\/\/motortaburo.com\/en\/\"},{\"@type\":\"ListItem\",\"position\":2,\"name\":\"\u0110\u1ed3 ch\u01a1i xe\",\"item\":\"https:\/\/motortaburo.com\/do-choi-xe\/\"},{\"@type\":\"ListItem\",\"position\":3,\"name\":\"Ch\u1ee5p \u0111\u00e8n l\u00e1i h\u1ea1t l\u1ef1u ch\u00ednh h\u00e3ng Honda cho d\u00f2ng xe SS50, CL90, Cub 50\"}]},{\"@type\":\"WebSite\",\"@id\":\"https:\/\/motortaburo.com\/en\/#website\",\"url\":\"https:\/\/motortaburo.com\/en\/\",\"name\":\"Motor Taburo - Genuine Motorcycle Parts\",\"description\":\"We sell Japanese motorcycle parts\",\"publisher\":{\"@id\":\"https:\/\/motortaburo.com\/en\/#organization\"},\"alternateName\":\"Motor Taburo\",\"potentialAction\":[{\"@type\":\"SearchAction\",\"target\":{\"@type\":\"EntryPoint\",\"urlTemplate\":\"https:\/\/motortaburo.com\/en\/?s={search_term_string}\"},\"query-input\":{\"@type\":\"PropertyValueSpecification\",\"valueRequired\":true,\"valueName\":\"search_term_string\"}}],\"inLanguage\":\"en-US\"},{\"@type\":\"Organization\",\"@id\":\"https:\/\/motortaburo.com\/en\/#organization\",\"name\":\"Motor Taburo - Genuine Motorcycle Parts\",\"url\":\"https:\/\/motortaburo.com\/en\/\",\"logo\":{\"@type\":\"ImageObject\",\"inLanguage\":\"en-US\",\"@id\":\"https:\/\/motortaburo.com\/en\/#\/schema\/logo\/image\/\",\"url\":\"https:\/\/motortaburo.com\/wp-content\/uploads\/2021\/04\/Motor-Taburo-logo-512.jpg\",\"contentUrl\":\"https:\/\/motortaburo.com\/wp-content\/uploads\/2021\/04\/Motor-Taburo-logo-512.jpg\",\"width\":512,\"height\":512,\"caption\":\"Motor Taburo - Genuine Motorcycle Parts\"},\"image\":{\"@id\":\"https:\/\/motortaburo.com\/en\/#\/schema\/logo\/image\/\"},\"sameAs\":[\"https:\/\/www.facebook.com\/MotorTaburo\"]}]}<\/script>\n<meta property=\"product:brand\" content=\"Honda\" \/>\n<meta property=\"product:price:amount\" content=\"1400000\" \/>\n<meta property=\"product:price:currency\" content=\"VND\" \/>\n<meta property=\"og:availability\" content=\"out of stock\" \/>\n<meta property=\"product:availability\" content=\"out of stock\" \/>\n<meta property=\"product:retailer_item_id\" content=\"33701-041-671\" \/>\n<meta property=\"product:condition\" content=\"new\" \/>\n<!-- \/ Yoast SEO Premium plugin. -->","yoast_head_json":{"title":"Ch\u1ee5p \u0111\u00e8n l\u00e1i h\u1ea1t l\u1ef1u ch\u00ednh h\u00e3ng Honda cho d\u00f2ng xe SS50, CL90, Cub 50 - Motor Taburo","robots":{"index":"index","follow":"follow","max-snippet":"max-snippet:-1","max-image-preview":"max-image-preview:large","max-video-preview":"max-video-preview:-1"},"canonical":"https:\/\/motortaburo.com\/en\/san-pham\/chup-den-lai-hat-luu-chinh-hang-honda-cho-dong-xe-ss50-cl90-cub-50\/","og_locale":"en_US","og_type":"article","og_title":"Ch\u1ee5p \u0111\u00e8n l\u00e1i h\u1ea1t l\u1ef1u ch\u00ednh h\u00e3ng Honda cho d\u00f2ng xe SS50, CL90, Cub 50","og_description":"Set b\u00e1n: 1 c\u00e1i.  H\u00e0ng ch\u00ednh h\u00e3ng Honda.  S\u1ea3n xu\u1ea5t t\u1ea1i Nh\u1eadt B\u1ea3n.  G\u1eafn v\u00e0o \u0111\u00e8n h\u1eadu c\u00e1c xe\u00a0SS50, CL90, Cub 50,...  S\u1ea3n ph\u1ea9m n\u00e0y hi\u1ec7n ch\u1ec9 c\u00f2n h\u00e0ng t\u1ed3n kho, h\u00e3ng \u0111\u00e3 ng\u01b0ng s\u1ea3n xu\u1ea5t.","og_url":"https:\/\/motortaburo.com\/en\/san-pham\/chup-den-lai-hat-luu-chinh-hang-honda-cho-dong-xe-ss50-cl90-cub-50\/","og_site_name":"Motor Taburo - Genuine Motorcycle Parts","article_publisher":"https:\/\/www.facebook.com\/MotorTaburo","article_modified_time":"2026-01-22T11:06:32+00:00","og_image":[{"width":1280,"height":1280,"url":"https:\/\/motortaburo.com\/wp-content\/uploads\/2024\/08\/IMG_6063.jpg","type":"image\/jpeg"}],"twitter_card":"summary_large_image","twitter_misc":{"Price":"1.400.000&nbsp;&#8363;","Availability":"Out of stock"},"schema":{"@context":"https:\/\/schema.org","@graph":[{"@type":"WebPage","@id":"https:\/\/motortaburo.com\/en\/san-pham\/chup-den-lai-hat-luu-chinh-hang-honda-cho-dong-xe-ss50-cl90-cub-50\/","url":"https:\/\/motortaburo.com\/en\/san-pham\/chup-den-lai-hat-luu-chinh-hang-honda-cho-dong-xe-ss50-cl90-cub-50\/","name":"Ch\u1ee5p \u0111\u00e8n l\u00e1i h\u1ea1t l\u1ef1u ch\u00ednh h\u00e3ng Honda cho d\u00f2ng xe SS50, CL90, Cub 50 - Motor Taburo","isPartOf":{"@id":"https:\/\/motortaburo.com\/en\/#website"},"primaryImageOfPage":{"@id":"https:\/\/motortaburo.com\/en\/san-pham\/chup-den-lai-hat-luu-chinh-hang-honda-cho-dong-xe-ss50-cl90-cub-50\/#primaryimage"},"image":{"@id":"https:\/\/motortaburo.com\/en\/san-pham\/chup-den-lai-hat-luu-chinh-hang-honda-cho-dong-xe-ss50-cl90-cub-50\/#primaryimage"},"thumbnailUrl":"https:\/\/motortaburo.com\/wp-content\/uploads\/2024\/08\/IMG_6063.jpg","datePublished":"2024-08-20T04:50:28+00:00","dateModified":"2026-01-22T11:06:32+00:00","breadcrumb":{"@id":"https:\/\/motortaburo.com\/en\/san-pham\/chup-den-lai-hat-luu-chinh-hang-honda-cho-dong-xe-ss50-cl90-cub-50\/#breadcrumb"},"inLanguage":"en-US","potentialAction":[{"@type":"ReadAction","target":["https:\/\/motortaburo.com\/en\/san-pham\/chup-den-lai-hat-luu-chinh-hang-honda-cho-dong-xe-ss50-cl90-cub-50\/"]}]},{"@type":"ImageObject","inLanguage":"en-US","@id":"https:\/\/motortaburo.com\/en\/san-pham\/chup-den-lai-hat-luu-chinh-hang-honda-cho-dong-xe-ss50-cl90-cub-50\/#primaryimage","url":"https:\/\/motortaburo.com\/wp-content\/uploads\/2024\/08\/IMG_6063.jpg","contentUrl":"https:\/\/motortaburo.com\/wp-content\/uploads\/2024\/08\/IMG_6063.jpg","width":1280,"height":1280},{"@type":"BreadcrumbList","@id":"https:\/\/motortaburo.com\/en\/san-pham\/chup-den-lai-hat-luu-chinh-hang-honda-cho-dong-xe-ss50-cl90-cub-50\/#breadcrumb","itemListElement":[{"@type":"ListItem","position":1,"name":"Home","item":"https:\/\/motortaburo.com\/en\/"},{"@type":"ListItem","position":2,"name":"\u0110\u1ed3 ch\u01a1i xe","item":"https:\/\/motortaburo.com\/do-choi-xe\/"},{"@type":"ListItem","position":3,"name":"Ch\u1ee5p \u0111\u00e8n l\u00e1i h\u1ea1t l\u1ef1u ch\u00ednh h\u00e3ng Honda cho d\u00f2ng xe SS50, CL90, Cub 50"}]},{"@type":"WebSite","@id":"https:\/\/motortaburo.com\/en\/#website","url":"https:\/\/motortaburo.com\/en\/","name":"Motor Taburo - Genuine Motorcycle Parts","description":"We sell Japanese motorcycle parts","publisher":{"@id":"https:\/\/motortaburo.com\/en\/#organization"},"alternateName":"Motor Taburo","potentialAction":[{"@type":"SearchAction","target":{"@type":"EntryPoint","urlTemplate":"https:\/\/motortaburo.com\/en\/?s={search_term_string}"},"query-input":{"@type":"PropertyValueSpecification","valueRequired":true,"valueName":"search_term_string"}}],"inLanguage":"en-US"},{"@type":"Organization","@id":"https:\/\/motortaburo.com\/en\/#organization","name":"Motor Taburo - Genuine Motorcycle Parts","url":"https:\/\/motortaburo.com\/en\/","logo":{"@type":"ImageObject","inLanguage":"en-US","@id":"https:\/\/motortaburo.com\/en\/#\/schema\/logo\/image\/","url":"https:\/\/motortaburo.com\/wp-content\/uploads\/2021\/04\/Motor-Taburo-logo-512.jpg","contentUrl":"https:\/\/motortaburo.com\/wp-content\/uploads\/2021\/04\/Motor-Taburo-logo-512.jpg","width":512,"height":512,"caption":"Motor Taburo - Genuine Motorcycle Parts"},"image":{"@id":"https:\/\/motortaburo.com\/en\/#\/schema\/logo\/image\/"},"sameAs":["https:\/\/www.facebook.com\/MotorTaburo"]}]},"product_brand":"Honda","product_price_amount":"1400000","product_price_currency":"VND","og_availability":"out of stock","product_availability":"out of stock","product_retailer_item_id":"33701-041-671","product_condition":"new"},"_links":{"self":[{"href":"https:\/\/motortaburo.com\/en\/wp-json\/wp\/v2\/product\/40055","targetHints":{"allow":["GET"]}}],"collection":[{"href":"https:\/\/motortaburo.com\/en\/wp-json\/wp\/v2\/product"}],"about":[{"href":"https:\/\/motortaburo.com\/en\/wp-json\/wp\/v2\/types\/product"}],"replies":[{"embeddable":true,"href":"https:\/\/motortaburo.com\/en\/wp-json\/wp\/v2\/comments?post=40055"}],"version-history":[{"count":0,"href":"https:\/\/motortaburo.com\/en\/wp-json\/wp\/v2\/product\/40055\/revisions"}],"wp:featuredmedia":[{"embeddable":true,"href":"https:\/\/motortaburo.com\/en\/wp-json\/wp\/v2\/media\/40056"}],"wp:attachment":[{"href":"https:\/\/motortaburo.com\/en\/wp-json\/wp\/v2\/media?parent=40055"}],"wp:term":[{"taxonomy":"product_brand","embeddable":true,"href":"https:\/\/motortaburo.com\/en\/wp-json\/wp\/v2\/product_brand?post=40055"},{"taxonomy":"product_cat","embeddable":true,"href":"https:\/\/motortaburo.com\/en\/wp-json\/wp\/v2\/product_cat?post=40055"},{"taxonomy":"product_tag","embeddable":true,"href":"https:\/\/motortaburo.com\/en\/wp-json\/wp\/v2\/product_tag?post=40055"},{"taxonomy":"danh-sach-xe","embeddable":true,"href":"https:\/\/motortaburo.com\/en\/wp-json\/wp\/v2\/danh-sach-xe?post=40055"}],"curies":[{"name":"wp","href":"https:\/\/api.w.org\/{rel}","templated":true}]}}