{"id":40073,"date":"2024-08-20T11:56:15","date_gmt":"2024-08-20T04:56:15","guid":{"rendered":"https:\/\/motortaburo.com\/?post_type=product&#038;p=40073"},"modified":"2026-01-22T18:07:53","modified_gmt":"2026-01-22T11:07:53","slug":"tay-thang-ss50-hang-chinh-hang-honda","status":"publish","type":"product","link":"https:\/\/motortaburo.com\/en\/san-pham\/tay-thang-ss50-hang-chinh-hang-honda\/","title":{"rendered":"Tay th\u1eafng SS50 h\u00e0ng ch\u00ednh h\u00e3ng Honda"},"content":{"rendered":"","protected":false},"excerpt":{"rendered":"<p>Set b\u00e1n: 1 c\u00e1i.<\/p>\n<p>H\u00e0ng ch\u00ednh h\u00e3ng Honda.<\/p>\n<p>S\u1ea3n xu\u1ea5t t\u1ea1i Nh\u1eadt B\u1ea3n.<\/p>\n<p>G\u1eafn v\u00e0o c\u00f9m ph\u1ea3i d\u00f2ng xe Honda SS50 nh\u01b0 66, 67, 68, 69, 71, 72,&#8230;<\/p>\n<p>S\u1ea3n ph\u1ea9m n\u00e0y hi\u1ec7n ch\u1ec9 c\u00f2n h\u00e0ng t\u1ed3n kho, h\u00e3ng \u0111\u00e3 ng\u01b0ng s\u1ea3n xu\u1ea5t.<\/p>\n","protected":false},"featured_media":40074,"comment_status":"open","ping_status":"closed","template":"","meta":[],"product_brand":[],"product_cat":[428],"product_tag":[],"danh-sach-xe":[2390,1847,1846,1845,1844],"class_list":{"0":"post-40073","1":"product","2":"type-product","3":"status-publish","4":"has-post-thumbnail","6":"product_cat-bo-phan-dieu-huong","7":"danh-sach-xe-ss50-66","8":"danh-sach-xe-ss50-67","9":"danh-sach-xe-ss50-68","10":"danh-sach-xe-ss50-69","11":"danh-sach-xe-ss50-72","13":"first","14":"outofstock","15":"shipping-taxable","16":"purchasable","17":"product-type-simple"},"yoast_head":"<!-- This site is optimized with the Yoast SEO Premium plugin v23.3 (Yoast SEO v27.0) - https:\/\/yoast.com\/product\/yoast-seo-premium-wordpress\/ -->\n<title>Tay th\u1eafng SS50 h\u00e0ng ch\u00ednh h\u00e3ng Honda - Motor Taburo<\/title>\n<meta name=\"robots\" content=\"index, follow, max-snippet:-1, max-image-preview:large, max-video-preview:-1\" \/>\n<link rel=\"canonical\" href=\"https:\/\/motortaburo.com\/en\/san-pham\/tay-thang-ss50-hang-chinh-hang-honda\/\" \/>\n<meta property=\"og:locale\" content=\"en_US\" \/>\n<meta property=\"og:type\" content=\"article\" \/>\n<meta property=\"og:title\" content=\"Tay th\u1eafng SS50 h\u00e0ng ch\u00ednh h\u00e3ng Honda\" \/>\n<meta property=\"og:description\" content=\"Set b\u00e1n: 1 c\u00e1i.  H\u00e0ng ch\u00ednh h\u00e3ng Honda.  S\u1ea3n xu\u1ea5t t\u1ea1i Nh\u1eadt B\u1ea3n.  G\u1eafn v\u00e0o c\u00f9m ph\u1ea3i d\u00f2ng xe Honda SS50 nh\u01b0 66, 67, 68, 69, 71, 72,...  S\u1ea3n ph\u1ea9m n\u00e0y hi\u1ec7n ch\u1ec9 c\u00f2n h\u00e0ng t\u1ed3n kho, h\u00e3ng \u0111\u00e3 ng\u01b0ng s\u1ea3n xu\u1ea5t.\" \/>\n<meta property=\"og:url\" content=\"https:\/\/motortaburo.com\/en\/san-pham\/tay-thang-ss50-hang-chinh-hang-honda\/\" \/>\n<meta property=\"og:site_name\" content=\"Motor Taburo - Genuine Motorcycle Parts\" \/>\n<meta property=\"article:publisher\" content=\"https:\/\/www.facebook.com\/MotorTaburo\" \/>\n<meta property=\"article:modified_time\" content=\"2026-01-22T11:07:53+00:00\" \/>\n<meta property=\"og:image\" content=\"https:\/\/motortaburo.com\/wp-content\/uploads\/2024\/08\/IMG_6057.jpg\" \/>\n\t<meta property=\"og:image:width\" content=\"1280\" \/>\n\t<meta property=\"og:image:height\" content=\"1280\" \/>\n\t<meta property=\"og:image:type\" content=\"image\/jpeg\" \/>\n<meta name=\"twitter:card\" content=\"summary_large_image\" \/>\n<meta name=\"twitter:label1\" content=\"Price\" \/>\n\t<meta name=\"twitter:data1\" content=\"900.000&nbsp;&#8363;\" \/>\n\t<meta name=\"twitter:label2\" content=\"Availability\" \/>\n\t<meta name=\"twitter:data2\" content=\"Out of stock\" \/>\n<script type=\"application\/ld+json\" class=\"yoast-schema-graph\">{\"@context\":\"https:\/\/schema.org\",\"@graph\":[{\"@type\":\"WebPage\",\"@id\":\"https:\/\/motortaburo.com\/en\/san-pham\/tay-thang-ss50-hang-chinh-hang-honda\/\",\"url\":\"https:\/\/motortaburo.com\/en\/san-pham\/tay-thang-ss50-hang-chinh-hang-honda\/\",\"name\":\"Tay th\u1eafng SS50 h\u00e0ng ch\u00ednh h\u00e3ng Honda - Motor Taburo\",\"isPartOf\":{\"@id\":\"https:\/\/motortaburo.com\/en\/#website\"},\"primaryImageOfPage\":{\"@id\":\"https:\/\/motortaburo.com\/en\/san-pham\/tay-thang-ss50-hang-chinh-hang-honda\/#primaryimage\"},\"image\":{\"@id\":\"https:\/\/motortaburo.com\/en\/san-pham\/tay-thang-ss50-hang-chinh-hang-honda\/#primaryimage\"},\"thumbnailUrl\":\"https:\/\/motortaburo.com\/wp-content\/uploads\/2024\/08\/IMG_6057.jpg\",\"datePublished\":\"2024-08-20T04:56:15+00:00\",\"dateModified\":\"2026-01-22T11:07:53+00:00\",\"breadcrumb\":{\"@id\":\"https:\/\/motortaburo.com\/en\/san-pham\/tay-thang-ss50-hang-chinh-hang-honda\/#breadcrumb\"},\"inLanguage\":\"en-US\",\"potentialAction\":[{\"@type\":\"ReadAction\",\"target\":[\"https:\/\/motortaburo.com\/en\/san-pham\/tay-thang-ss50-hang-chinh-hang-honda\/\"]}]},{\"@type\":\"ImageObject\",\"inLanguage\":\"en-US\",\"@id\":\"https:\/\/motortaburo.com\/en\/san-pham\/tay-thang-ss50-hang-chinh-hang-honda\/#primaryimage\",\"url\":\"https:\/\/motortaburo.com\/wp-content\/uploads\/2024\/08\/IMG_6057.jpg\",\"contentUrl\":\"https:\/\/motortaburo.com\/wp-content\/uploads\/2024\/08\/IMG_6057.jpg\",\"width\":1280,\"height\":1280},{\"@type\":\"BreadcrumbList\",\"@id\":\"https:\/\/motortaburo.com\/en\/san-pham\/tay-thang-ss50-hang-chinh-hang-honda\/#breadcrumb\",\"itemListElement\":[{\"@type\":\"ListItem\",\"position\":1,\"name\":\"Home\",\"item\":\"https:\/\/motortaburo.com\/en\/\"},{\"@type\":\"ListItem\",\"position\":2,\"name\":\"\u0110\u1ed3 ch\u01a1i xe\",\"item\":\"https:\/\/motortaburo.com\/do-choi-xe\/\"},{\"@type\":\"ListItem\",\"position\":3,\"name\":\"Tay th\u1eafng SS50 h\u00e0ng ch\u00ednh h\u00e3ng Honda\"}]},{\"@type\":\"WebSite\",\"@id\":\"https:\/\/motortaburo.com\/en\/#website\",\"url\":\"https:\/\/motortaburo.com\/en\/\",\"name\":\"Motor Taburo - Genuine Motorcycle Parts\",\"description\":\"We sell Japanese motorcycle parts\",\"publisher\":{\"@id\":\"https:\/\/motortaburo.com\/en\/#organization\"},\"alternateName\":\"Motor Taburo\",\"potentialAction\":[{\"@type\":\"SearchAction\",\"target\":{\"@type\":\"EntryPoint\",\"urlTemplate\":\"https:\/\/motortaburo.com\/en\/?s={search_term_string}\"},\"query-input\":{\"@type\":\"PropertyValueSpecification\",\"valueRequired\":true,\"valueName\":\"search_term_string\"}}],\"inLanguage\":\"en-US\"},{\"@type\":\"Organization\",\"@id\":\"https:\/\/motortaburo.com\/en\/#organization\",\"name\":\"Motor Taburo - Genuine Motorcycle Parts\",\"url\":\"https:\/\/motortaburo.com\/en\/\",\"logo\":{\"@type\":\"ImageObject\",\"inLanguage\":\"en-US\",\"@id\":\"https:\/\/motortaburo.com\/en\/#\/schema\/logo\/image\/\",\"url\":\"https:\/\/motortaburo.com\/wp-content\/uploads\/2021\/04\/Motor-Taburo-logo-512.jpg\",\"contentUrl\":\"https:\/\/motortaburo.com\/wp-content\/uploads\/2021\/04\/Motor-Taburo-logo-512.jpg\",\"width\":512,\"height\":512,\"caption\":\"Motor Taburo - Genuine Motorcycle Parts\"},\"image\":{\"@id\":\"https:\/\/motortaburo.com\/en\/#\/schema\/logo\/image\/\"},\"sameAs\":[\"https:\/\/www.facebook.com\/MotorTaburo\"]}]}<\/script>\n<meta property=\"product:brand\" content=\"Honda\" \/>\n<meta property=\"product:price:amount\" content=\"900000\" \/>\n<meta property=\"product:price:currency\" content=\"VND\" \/>\n<meta property=\"og:availability\" content=\"out of stock\" \/>\n<meta property=\"product:availability\" content=\"out of stock\" \/>\n<meta property=\"product:retailer_item_id\" content=\"53175-028-672\" \/>\n<meta property=\"product:condition\" content=\"new\" \/>\n<!-- \/ Yoast SEO Premium plugin. -->","yoast_head_json":{"title":"Tay th\u1eafng SS50 h\u00e0ng ch\u00ednh h\u00e3ng Honda - Motor Taburo","robots":{"index":"index","follow":"follow","max-snippet":"max-snippet:-1","max-image-preview":"max-image-preview:large","max-video-preview":"max-video-preview:-1"},"canonical":"https:\/\/motortaburo.com\/en\/san-pham\/tay-thang-ss50-hang-chinh-hang-honda\/","og_locale":"en_US","og_type":"article","og_title":"Tay th\u1eafng SS50 h\u00e0ng ch\u00ednh h\u00e3ng Honda","og_description":"Set b\u00e1n: 1 c\u00e1i.  H\u00e0ng ch\u00ednh h\u00e3ng Honda.  S\u1ea3n xu\u1ea5t t\u1ea1i Nh\u1eadt B\u1ea3n.  G\u1eafn v\u00e0o c\u00f9m ph\u1ea3i d\u00f2ng xe Honda SS50 nh\u01b0 66, 67, 68, 69, 71, 72,...  S\u1ea3n ph\u1ea9m n\u00e0y hi\u1ec7n ch\u1ec9 c\u00f2n h\u00e0ng t\u1ed3n kho, h\u00e3ng \u0111\u00e3 ng\u01b0ng s\u1ea3n xu\u1ea5t.","og_url":"https:\/\/motortaburo.com\/en\/san-pham\/tay-thang-ss50-hang-chinh-hang-honda\/","og_site_name":"Motor Taburo - Genuine Motorcycle Parts","article_publisher":"https:\/\/www.facebook.com\/MotorTaburo","article_modified_time":"2026-01-22T11:07:53+00:00","og_image":[{"width":1280,"height":1280,"url":"https:\/\/motortaburo.com\/wp-content\/uploads\/2024\/08\/IMG_6057.jpg","type":"image\/jpeg"}],"twitter_card":"summary_large_image","twitter_misc":{"Price":"900.000&nbsp;&#8363;","Availability":"Out of stock"},"schema":{"@context":"https:\/\/schema.org","@graph":[{"@type":"WebPage","@id":"https:\/\/motortaburo.com\/en\/san-pham\/tay-thang-ss50-hang-chinh-hang-honda\/","url":"https:\/\/motortaburo.com\/en\/san-pham\/tay-thang-ss50-hang-chinh-hang-honda\/","name":"Tay th\u1eafng SS50 h\u00e0ng ch\u00ednh h\u00e3ng Honda - Motor Taburo","isPartOf":{"@id":"https:\/\/motortaburo.com\/en\/#website"},"primaryImageOfPage":{"@id":"https:\/\/motortaburo.com\/en\/san-pham\/tay-thang-ss50-hang-chinh-hang-honda\/#primaryimage"},"image":{"@id":"https:\/\/motortaburo.com\/en\/san-pham\/tay-thang-ss50-hang-chinh-hang-honda\/#primaryimage"},"thumbnailUrl":"https:\/\/motortaburo.com\/wp-content\/uploads\/2024\/08\/IMG_6057.jpg","datePublished":"2024-08-20T04:56:15+00:00","dateModified":"2026-01-22T11:07:53+00:00","breadcrumb":{"@id":"https:\/\/motortaburo.com\/en\/san-pham\/tay-thang-ss50-hang-chinh-hang-honda\/#breadcrumb"},"inLanguage":"en-US","potentialAction":[{"@type":"ReadAction","target":["https:\/\/motortaburo.com\/en\/san-pham\/tay-thang-ss50-hang-chinh-hang-honda\/"]}]},{"@type":"ImageObject","inLanguage":"en-US","@id":"https:\/\/motortaburo.com\/en\/san-pham\/tay-thang-ss50-hang-chinh-hang-honda\/#primaryimage","url":"https:\/\/motortaburo.com\/wp-content\/uploads\/2024\/08\/IMG_6057.jpg","contentUrl":"https:\/\/motortaburo.com\/wp-content\/uploads\/2024\/08\/IMG_6057.jpg","width":1280,"height":1280},{"@type":"BreadcrumbList","@id":"https:\/\/motortaburo.com\/en\/san-pham\/tay-thang-ss50-hang-chinh-hang-honda\/#breadcrumb","itemListElement":[{"@type":"ListItem","position":1,"name":"Home","item":"https:\/\/motortaburo.com\/en\/"},{"@type":"ListItem","position":2,"name":"\u0110\u1ed3 ch\u01a1i xe","item":"https:\/\/motortaburo.com\/do-choi-xe\/"},{"@type":"ListItem","position":3,"name":"Tay th\u1eafng SS50 h\u00e0ng ch\u00ednh h\u00e3ng Honda"}]},{"@type":"WebSite","@id":"https:\/\/motortaburo.com\/en\/#website","url":"https:\/\/motortaburo.com\/en\/","name":"Motor Taburo - Genuine Motorcycle Parts","description":"We sell Japanese motorcycle parts","publisher":{"@id":"https:\/\/motortaburo.com\/en\/#organization"},"alternateName":"Motor Taburo","potentialAction":[{"@type":"SearchAction","target":{"@type":"EntryPoint","urlTemplate":"https:\/\/motortaburo.com\/en\/?s={search_term_string}"},"query-input":{"@type":"PropertyValueSpecification","valueRequired":true,"valueName":"search_term_string"}}],"inLanguage":"en-US"},{"@type":"Organization","@id":"https:\/\/motortaburo.com\/en\/#organization","name":"Motor Taburo - Genuine Motorcycle Parts","url":"https:\/\/motortaburo.com\/en\/","logo":{"@type":"ImageObject","inLanguage":"en-US","@id":"https:\/\/motortaburo.com\/en\/#\/schema\/logo\/image\/","url":"https:\/\/motortaburo.com\/wp-content\/uploads\/2021\/04\/Motor-Taburo-logo-512.jpg","contentUrl":"https:\/\/motortaburo.com\/wp-content\/uploads\/2021\/04\/Motor-Taburo-logo-512.jpg","width":512,"height":512,"caption":"Motor Taburo - Genuine Motorcycle Parts"},"image":{"@id":"https:\/\/motortaburo.com\/en\/#\/schema\/logo\/image\/"},"sameAs":["https:\/\/www.facebook.com\/MotorTaburo"]}]},"product_brand":"Honda","product_price_amount":"900000","product_price_currency":"VND","og_availability":"out of stock","product_availability":"out of stock","product_retailer_item_id":"53175-028-672","product_condition":"new"},"_links":{"self":[{"href":"https:\/\/motortaburo.com\/en\/wp-json\/wp\/v2\/product\/40073","targetHints":{"allow":["GET"]}}],"collection":[{"href":"https:\/\/motortaburo.com\/en\/wp-json\/wp\/v2\/product"}],"about":[{"href":"https:\/\/motortaburo.com\/en\/wp-json\/wp\/v2\/types\/product"}],"replies":[{"embeddable":true,"href":"https:\/\/motortaburo.com\/en\/wp-json\/wp\/v2\/comments?post=40073"}],"version-history":[{"count":0,"href":"https:\/\/motortaburo.com\/en\/wp-json\/wp\/v2\/product\/40073\/revisions"}],"wp:featuredmedia":[{"embeddable":true,"href":"https:\/\/motortaburo.com\/en\/wp-json\/wp\/v2\/media\/40074"}],"wp:attachment":[{"href":"https:\/\/motortaburo.com\/en\/wp-json\/wp\/v2\/media?parent=40073"}],"wp:term":[{"taxonomy":"product_brand","embeddable":true,"href":"https:\/\/motortaburo.com\/en\/wp-json\/wp\/v2\/product_brand?post=40073"},{"taxonomy":"product_cat","embeddable":true,"href":"https:\/\/motortaburo.com\/en\/wp-json\/wp\/v2\/product_cat?post=40073"},{"taxonomy":"product_tag","embeddable":true,"href":"https:\/\/motortaburo.com\/en\/wp-json\/wp\/v2\/product_tag?post=40073"},{"taxonomy":"danh-sach-xe","embeddable":true,"href":"https:\/\/motortaburo.com\/en\/wp-json\/wp\/v2\/danh-sach-xe?post=40073"}],"curies":[{"name":"wp","href":"https:\/\/api.w.org\/{rel}","templated":true}]}}