{"id":40386,"date":"2024-08-31T10:24:54","date_gmt":"2024-08-31T03:24:54","guid":{"rendered":"https:\/\/motortaburo.com\/?post_type=product&#038;p=40386"},"modified":"2026-01-22T18:05:56","modified_gmt":"2026-01-22T11:05:56","slug":"bao-tay-suoi-am-gh10-dai-120mm-chinh-hang-kijima","status":"publish","type":"product","link":"https:\/\/motortaburo.com\/en\/san-pham\/bao-tay-suoi-am-gh10-dai-120mm-chinh-hang-kijima\/","title":{"rendered":"Bao tay s\u01b0\u1edfi \u1ea5m GH10 d\u00e0i 120mm ch\u00ednh h\u00e3ng Kijima"},"content":{"rendered":"<p>D\u00f2ng m\u00e1y s\u01b0\u1edfi tay c\u1ea7m GH10 c\u00f3 s\u1ea3n ph\u1ea9m m\u1edbi v\u00e0 ti\u00ean ti\u1ebfn h\u01a1n v\u1edbi chi\u1ec1u d\u00e0i tay c\u1ea7m l\u00e0 120mm d\u00e0nh cho tay l\u00e1i c\u00f3 \u0111\u01b0\u1eddng k\u00ednh 22,2mm!<\/p>\n<p>Thi\u1ebft k\u1ebf t\u00edch h\u1ee3p v\u1edbi c\u00f4ng t\u1eafc \u0111i\u1ec1u khi\u1ec3n nhi\u1ec7t \u0111\u1ed9 \u0111\u01b0\u1ee3c \u0111\u1eb7t \u1edf tay c\u1ea7m b\u00ean tr\u00e1i cho ph\u00e9p b\u1ea1n \u0111i\u1ec1u ch\u1ec9nh nhi\u1ec7t \u0111\u1ed9 m\u00e0 kh\u00f4ng c\u1ea7n r\u1eddi tay kh\u1ecfi tay c\u1ea7m \u0111\u1ec3 v\u1eadn h\u00e0nh tr\u1ef1c ti\u1ebfp!<\/p>\n<p>Thi\u1ebft k\u1ebf t\u00edch h\u1ee3p c\u1ee7a tay c\u1ea7m v\u00e0 c\u00f4ng t\u1eafc kh\u00f4ng chi\u1ebfm b\u1ea5t k\u1ef3 kh\u00f4ng gian c\u00f4ng t\u1eafc n\u00e0o v\u00e0 c\u00f3 th\u1ec3 l\u00e0m cho khu v\u1ef1c xung quanh tay c\u1ea7m tr\u00f4ng g\u1ecdn g\u00e0ng!<\/p>\n<p>\u0110\u00e8n b\u00e1o LED ph\u00e1t s\u00e1ng v\u1edbi n\u0103m m\u00e0u kh\u00e1c nhau \u0111\u1ec3 cho b\u1ea1n bi\u1ebft nhi\u1ec7t \u0111\u1ed9 tay c\u1ea7m! Th\u1eadt d\u1ec5 d\u00e0ng \u0111\u1ec3 ki\u1ec3m tra khi b\u1ea1n \u0111ang l\u00e1i xe v\u00ec n\u00f3 cho b\u1ea1n bi\u1ebft n\u0103m m\u1ee9c \u0111i\u1ec1u ch\u1ec9nh nhi\u1ec7t \u0111\u1ed9 b\u1eb1ng c\u00e1ch ph\u00e1t ra \u00e1nh s\u00e1ng xanh lam, xanh l\u1ee5c, v\u00e0ng, cam v\u00e0 \u0111\u1ecf!<\/p>\n<p>H\u00ecnh d\u1ea1ng c\u1ee7a n\u1eafp \u0111\u1ea7u tay l\u00e1i t\u01b0\u01a1ng th\u00edch v\u1edbi c\u1ea3 tay l\u00e1i v\u00f4 t\u1eadn v\u00e0 v\u1edbi t\u00ecnh tr\u1ea1ng \u0111\u1ea7u tay l\u00e1i, v\u00ec v\u1eady b\u1ea1n c\u00f3 th\u1ec3 s\u1eed d\u1ee5ng \u0111\u1ea7u tay l\u00e1i y\u00eau th\u00edch c\u1ee7a m\u00ecnh!<\/p>\n<p>Do theo \u0111u\u1ed5i m\u1ee5c ti\u00eau ti\u1ebfp theo l\u00e0 d\u1ec5 c\u1ea7m, lo\u1ea1i m\u1ecfng h\u01a1n so v\u1edbi d\u00f2ng KIJIMA GH07 \u0111\u00e3 \u0111\u01b0\u1ee3c ph\u00e1t tri\u1ec3n v\u1edbi \u0111\u01b0\u1eddng k\u00ednh 32mm!<\/p>\n<p>B\u1ed9 s\u1ea3n ph\u1ea9m \u0111i k\u00e8m 3 lo\u1ea1i b\u1ed9 ph\u1eadn \u0111i\u1ec1u ch\u1ec9nh b\u01b0\u1edbm ga c\u00f3 th\u1ec3 c\u1ea5u h\u00ecnh l\u1ea1i \u0111\u1ec3 s\u1eed d\u1ee5ng v\u1edbi nhi\u1ec1u lo\u1ea1i xe kh\u00e1c nhau v\u00e0 \u1ed1ng b\u01b0\u1edbm ga \u0111\u01b0\u1ee3c l\u1eafp s\u1eb5n \u0111\u1ec3 b\u1ea1n c\u00f3 th\u1ec3 gi\u1eef nguy\u00ean tay n\u1eafm.<\/p>\n<p>C\u00f4ng t\u1eafc lo\u1ea1i xung k\u1ef9 thu\u1eadt s\u1ed1 \u0111\u01b0\u1ee3c g\u1eafn tr\u00ean thi\u1ebft b\u1ecb ch\u00ednh chuy\u1ec3n \u0111\u1ed5i kho\u1ea3ng th\u1eddi gian chuy\u1ec3n m\u1ea1ch \u1edf t\u1ed1c \u0111\u1ed9 cao v\u00e0 ki\u1ec3m so\u00e1t \u0111i\u1ec7n \u00e1p, do \u0111\u00f3 khi \u0111i\u1ec7n \u00e1p xu\u1ed1ng th\u1ea5p trong qu\u00e1 tr\u00ecnh s\u1eed d\u1ee5ng, ngu\u1ed3n \u0111i\u1ec7n s\u1ebd b\u1ecb c\u1eaft \u0111\u1ec3 gi\u1ea3m g\u00e1nh n\u1eb7ng cho \u1eafc quy v\u00e0 khi kh\u1edfi \u0111\u1ed9ng \u0111\u1ed9ng c\u01a1, t\u00ecnh tr\u1ea1ng c\u1ee7a \u1eafc quy s\u1ebd t\u1ef1 \u0111\u1ed9ng \u0111\u01b0\u1ee3c ki\u1ec3m tra \u0111\u1ec3 gi\u1ea3m l\u00e3ng ph\u00ed \u0111i\u1ec7n v\u00e0 b\u1ea3o v\u1ec7 tu\u1ed5i th\u1ecd c\u1ee7a \u1eafc quy.<\/p>\n<p>B\u1ed9 ph\u1eadn s\u01b0\u1edfi \u0111\u01b0\u1ee3c t\u00edch h\u1ee3p v\u00e0o to\u00e0n b\u1ed9 chu vi c\u1ee7a tay n\u1eafm, do \u0111\u00f3 nhi\u1ec7t s\u1ebd \u0111\u01b0\u1ee3c truy\u1ec1n \u0111\u1ebfn t\u1ea5t c\u1ea3 c\u00e1c mao m\u1ea1ch trong l\u00f2ng b\u00e0n tay c\u1ee7a b\u1ea1n!<\/p>\n<p>&nbsp;<\/p>\n<p>Clip gi\u1edbi thi\u1ec7u s\u1ea3n ph\u1ea9m:<\/p>\n<p><iframe loading=\"lazy\" title=\"\u30b0\u30ea\u30c3\u30d7\u30d2\u30fc\u30bf\u30fc GH10\u3000\u30b9\u30ed\u30c3\u30c8\u30eb\u30d1\u30a4\u30d7\u5185\u8535\u30b0\u30ea\u30c3\u30d7\u30d2\u30fc\u30bf\u30fc\u306e\u7d39\u4ecb\u52d5\u753b\" width=\"500\" height=\"281\" src=\"https:\/\/www.youtube.com\/embed\/lx0043Ka4SE?feature=oembed\" frameborder=\"0\" allow=\"accelerometer; autoplay; clipboard-write; encrypted-media; gyroscope; picture-in-picture; web-share\" referrerpolicy=\"strict-origin-when-cross-origin\" allowfullscreen><\/iframe><\/p>\n<p>&nbsp;<\/p>\n<p>Video h\u01b0\u1edbng d\u1eabn l\u1eafp \u0111\u1eb7t:<\/p>\n<p><iframe loading=\"lazy\" title=\"\u3010MT-09\u3011\u30b0\u30ea\u30c3\u30d7\u30d2\u30fc\u30bf\u30fc\u88c5\u7740\uff01\u3010\u30ad\u30b8\u30deGH10\u3011\" width=\"500\" height=\"281\" src=\"https:\/\/www.youtube.com\/embed\/GWsaZqBcSNk?feature=oembed\" frameborder=\"0\" allow=\"accelerometer; autoplay; clipboard-write; encrypted-media; gyroscope; picture-in-picture; web-share\" referrerpolicy=\"strict-origin-when-cross-origin\" allowfullscreen><\/iframe><\/p>\n<p>&nbsp;<\/p>\n","protected":false},"excerpt":{"rendered":"<p>[M\u00e0u s\u1eafc]: \u0110en.<\/p>\n<p>[K\u00edch th\u01b0\u1edbc]:<\/p>\n<ul>\n<li>Chi\u1ec1u d\u00e0i t\u1ed5ng th\u1ec3: 120mm.<\/li>\n<li>Chi\u1ec1u d\u00e0i tay n\u1eafm: 117mm.<\/li>\n<li>\u0110\u01b0\u1eddng k\u00ednh bao tay: 32mm.<\/li>\n<\/ul>\n<p>[Set b\u00e1n g\u1ed3m]:<\/p>\n<ul>\n<li>C\u1eb7p bao tay<\/li>\n<li>Adapter<\/li>\n<li>C\u00e1c b\u1ed9 ph\u1eadn \u0111\u1ec3 l\u1eafp \u0111\u1eb7t<\/li>\n<li>H\u01b0\u1edbng d\u1eabn l\u1eafp \u0111\u1eb7t in ngo\u00e0i bao b\u00ec<\/li>\n<\/ul>\n<p>D\u00f9ng cho ghi \u0111\u00f4ng\u00a0\u03a622.2mm.<\/p>\n<p>[C\u00f4ng su\u1ea5t]: 13.5V 7.4W (LV1) &#8211; 34.8W (LV5).<\/p>\n","protected":false},"featured_media":40387,"comment_status":"open","ping_status":"closed","template":"","meta":[],"product_brand":[],"product_cat":[209],"product_tag":[],"danh-sach-xe":[],"class_list":{"0":"post-40386","1":"product","2":"type-product","3":"status-publish","4":"has-post-thumbnail","6":"product_cat-bao-tay","8":"first","9":"instock","10":"shipping-taxable","11":"purchasable","12":"product-type-simple"},"yoast_head":"<!-- This site is optimized with the Yoast SEO Premium plugin v23.3 (Yoast SEO v27.0) - https:\/\/yoast.com\/product\/yoast-seo-premium-wordpress\/ -->\n<title>Bao tay s\u01b0\u1edfi \u1ea5m GH10 d\u00e0i 120mm ch\u00ednh h\u00e3ng Kijima - Motor Taburo<\/title>\n<meta name=\"robots\" content=\"index, follow, max-snippet:-1, max-image-preview:large, max-video-preview:-1\" \/>\n<link rel=\"canonical\" href=\"https:\/\/motortaburo.com\/en\/san-pham\/bao-tay-suoi-am-gh10-dai-120mm-chinh-hang-kijima\/\" \/>\n<meta property=\"og:locale\" content=\"en_US\" \/>\n<meta property=\"og:type\" content=\"article\" \/>\n<meta property=\"og:title\" content=\"Bao tay s\u01b0\u1edfi \u1ea5m GH10 d\u00e0i 120mm ch\u00ednh h\u00e3ng Kijima\" \/>\n<meta property=\"og:description\" content=\"[M\u00e0u s\u1eafc]: \u0110en.  [K\u00edch th\u01b0\u1edbc]:   Chi\u1ec1u d\u00e0i t\u1ed5ng th\u1ec3: 120mm.  Chi\u1ec1u d\u00e0i tay n\u1eafm: 117mm.  \u0110\u01b0\u1eddng k\u00ednh bao tay: 32mm.  [Set b\u00e1n g\u1ed3m]:   C\u1eb7p bao tay  Adapter  C\u00e1c b\u1ed9 ph\u1eadn \u0111\u1ec3 l\u1eafp \u0111\u1eb7t  H\u01b0\u1edbng d\u1eabn l\u1eafp \u0111\u1eb7t in ngo\u00e0i bao b\u00ec  D\u00f9ng cho ghi \u0111\u00f4ng\u00a0\u03a622.2mm.  [C\u00f4ng su\u1ea5t]: 13.5V 7.4W (LV1) - 34.8W (LV5).\" \/>\n<meta property=\"og:url\" content=\"https:\/\/motortaburo.com\/en\/san-pham\/bao-tay-suoi-am-gh10-dai-120mm-chinh-hang-kijima\/\" \/>\n<meta property=\"og:site_name\" content=\"Motor Taburo - Genuine Motorcycle Parts\" \/>\n<meta property=\"article:publisher\" content=\"https:\/\/www.facebook.com\/MotorTaburo\" \/>\n<meta property=\"article:modified_time\" content=\"2026-01-22T11:05:56+00:00\" \/>\n<meta property=\"og:image\" content=\"https:\/\/motortaburo.com\/wp-content\/uploads\/2024\/08\/IMG_6522.jpg\" \/>\n\t<meta property=\"og:image:width\" content=\"1280\" \/>\n\t<meta property=\"og:image:height\" content=\"1280\" \/>\n\t<meta property=\"og:image:type\" content=\"image\/jpeg\" \/>\n<meta name=\"twitter:card\" content=\"summary_large_image\" \/>\n<meta name=\"twitter:label1\" content=\"Price\" \/>\n\t<meta name=\"twitter:data1\" content=\"4.200.000&nbsp;&#8363;\" \/>\n\t<meta name=\"twitter:label2\" content=\"Availability\" \/>\n\t<meta name=\"twitter:data2\" content=\"In stock\" \/>\n<script type=\"application\/ld+json\" class=\"yoast-schema-graph\">{\"@context\":\"https:\/\/schema.org\",\"@graph\":[{\"@type\":\"WebPage\",\"@id\":\"https:\/\/motortaburo.com\/en\/san-pham\/bao-tay-suoi-am-gh10-dai-120mm-chinh-hang-kijima\/\",\"url\":\"https:\/\/motortaburo.com\/en\/san-pham\/bao-tay-suoi-am-gh10-dai-120mm-chinh-hang-kijima\/\",\"name\":\"Bao tay s\u01b0\u1edfi \u1ea5m GH10 d\u00e0i 120mm ch\u00ednh h\u00e3ng Kijima - Motor Taburo\",\"isPartOf\":{\"@id\":\"https:\/\/motortaburo.com\/en\/#website\"},\"primaryImageOfPage\":{\"@id\":\"https:\/\/motortaburo.com\/en\/san-pham\/bao-tay-suoi-am-gh10-dai-120mm-chinh-hang-kijima\/#primaryimage\"},\"image\":{\"@id\":\"https:\/\/motortaburo.com\/en\/san-pham\/bao-tay-suoi-am-gh10-dai-120mm-chinh-hang-kijima\/#primaryimage\"},\"thumbnailUrl\":\"https:\/\/motortaburo.com\/wp-content\/uploads\/2024\/08\/IMG_6522.jpg\",\"datePublished\":\"2024-08-31T03:24:54+00:00\",\"dateModified\":\"2026-01-22T11:05:56+00:00\",\"breadcrumb\":{\"@id\":\"https:\/\/motortaburo.com\/en\/san-pham\/bao-tay-suoi-am-gh10-dai-120mm-chinh-hang-kijima\/#breadcrumb\"},\"inLanguage\":\"en-US\",\"potentialAction\":[{\"@type\":\"ReadAction\",\"target\":[\"https:\/\/motortaburo.com\/en\/san-pham\/bao-tay-suoi-am-gh10-dai-120mm-chinh-hang-kijima\/\"]}]},{\"@type\":\"ImageObject\",\"inLanguage\":\"en-US\",\"@id\":\"https:\/\/motortaburo.com\/en\/san-pham\/bao-tay-suoi-am-gh10-dai-120mm-chinh-hang-kijima\/#primaryimage\",\"url\":\"https:\/\/motortaburo.com\/wp-content\/uploads\/2024\/08\/IMG_6522.jpg\",\"contentUrl\":\"https:\/\/motortaburo.com\/wp-content\/uploads\/2024\/08\/IMG_6522.jpg\",\"width\":1280,\"height\":1280},{\"@type\":\"BreadcrumbList\",\"@id\":\"https:\/\/motortaburo.com\/en\/san-pham\/bao-tay-suoi-am-gh10-dai-120mm-chinh-hang-kijima\/#breadcrumb\",\"itemListElement\":[{\"@type\":\"ListItem\",\"position\":1,\"name\":\"Home\",\"item\":\"https:\/\/motortaburo.com\/en\/\"},{\"@type\":\"ListItem\",\"position\":2,\"name\":\"\u0110\u1ed3 ch\u01a1i xe\",\"item\":\"https:\/\/motortaburo.com\/do-choi-xe\/\"},{\"@type\":\"ListItem\",\"position\":3,\"name\":\"Bao tay s\u01b0\u1edfi \u1ea5m GH10 d\u00e0i 120mm ch\u00ednh h\u00e3ng Kijima\"}]},{\"@type\":\"WebSite\",\"@id\":\"https:\/\/motortaburo.com\/en\/#website\",\"url\":\"https:\/\/motortaburo.com\/en\/\",\"name\":\"Motor Taburo - Genuine Motorcycle Parts\",\"description\":\"We sell Japanese motorcycle parts\",\"publisher\":{\"@id\":\"https:\/\/motortaburo.com\/en\/#organization\"},\"alternateName\":\"Motor Taburo\",\"potentialAction\":[{\"@type\":\"SearchAction\",\"target\":{\"@type\":\"EntryPoint\",\"urlTemplate\":\"https:\/\/motortaburo.com\/en\/?s={search_term_string}\"},\"query-input\":{\"@type\":\"PropertyValueSpecification\",\"valueRequired\":true,\"valueName\":\"search_term_string\"}}],\"inLanguage\":\"en-US\"},{\"@type\":\"Organization\",\"@id\":\"https:\/\/motortaburo.com\/en\/#organization\",\"name\":\"Motor Taburo - Genuine Motorcycle Parts\",\"url\":\"https:\/\/motortaburo.com\/en\/\",\"logo\":{\"@type\":\"ImageObject\",\"inLanguage\":\"en-US\",\"@id\":\"https:\/\/motortaburo.com\/en\/#\/schema\/logo\/image\/\",\"url\":\"https:\/\/motortaburo.com\/wp-content\/uploads\/2021\/04\/Motor-Taburo-logo-512.jpg\",\"contentUrl\":\"https:\/\/motortaburo.com\/wp-content\/uploads\/2021\/04\/Motor-Taburo-logo-512.jpg\",\"width\":512,\"height\":512,\"caption\":\"Motor Taburo - Genuine Motorcycle Parts\"},\"image\":{\"@id\":\"https:\/\/motortaburo.com\/en\/#\/schema\/logo\/image\/\"},\"sameAs\":[\"https:\/\/www.facebook.com\/MotorTaburo\"]}]}<\/script>\n<meta property=\"product:brand\" content=\"Kijima\" \/>\n<meta property=\"product:price:amount\" content=\"4200000\" \/>\n<meta property=\"product:price:currency\" content=\"VND\" \/>\n<meta property=\"og:availability\" content=\"instock\" \/>\n<meta property=\"product:availability\" content=\"instock\" \/>\n<meta property=\"product:retailer_item_id\" content=\"304-8214\" \/>\n<meta property=\"product:condition\" content=\"new\" \/>\n<!-- \/ Yoast SEO Premium plugin. -->","yoast_head_json":{"title":"Bao tay s\u01b0\u1edfi \u1ea5m GH10 d\u00e0i 120mm ch\u00ednh h\u00e3ng Kijima - Motor Taburo","robots":{"index":"index","follow":"follow","max-snippet":"max-snippet:-1","max-image-preview":"max-image-preview:large","max-video-preview":"max-video-preview:-1"},"canonical":"https:\/\/motortaburo.com\/en\/san-pham\/bao-tay-suoi-am-gh10-dai-120mm-chinh-hang-kijima\/","og_locale":"en_US","og_type":"article","og_title":"Bao tay s\u01b0\u1edfi \u1ea5m GH10 d\u00e0i 120mm ch\u00ednh h\u00e3ng Kijima","og_description":"[M\u00e0u s\u1eafc]: \u0110en.  [K\u00edch th\u01b0\u1edbc]:   Chi\u1ec1u d\u00e0i t\u1ed5ng th\u1ec3: 120mm.  Chi\u1ec1u d\u00e0i tay n\u1eafm: 117mm.  \u0110\u01b0\u1eddng k\u00ednh bao tay: 32mm.  [Set b\u00e1n g\u1ed3m]:   C\u1eb7p bao tay  Adapter  C\u00e1c b\u1ed9 ph\u1eadn \u0111\u1ec3 l\u1eafp \u0111\u1eb7t  H\u01b0\u1edbng d\u1eabn l\u1eafp \u0111\u1eb7t in ngo\u00e0i bao b\u00ec  D\u00f9ng cho ghi \u0111\u00f4ng\u00a0\u03a622.2mm.  [C\u00f4ng su\u1ea5t]: 13.5V 7.4W (LV1) - 34.8W (LV5).","og_url":"https:\/\/motortaburo.com\/en\/san-pham\/bao-tay-suoi-am-gh10-dai-120mm-chinh-hang-kijima\/","og_site_name":"Motor Taburo - Genuine Motorcycle Parts","article_publisher":"https:\/\/www.facebook.com\/MotorTaburo","article_modified_time":"2026-01-22T11:05:56+00:00","og_image":[{"width":1280,"height":1280,"url":"https:\/\/motortaburo.com\/wp-content\/uploads\/2024\/08\/IMG_6522.jpg","type":"image\/jpeg"}],"twitter_card":"summary_large_image","twitter_misc":{"Price":"4.200.000&nbsp;&#8363;","Availability":"In stock"},"schema":{"@context":"https:\/\/schema.org","@graph":[{"@type":"WebPage","@id":"https:\/\/motortaburo.com\/en\/san-pham\/bao-tay-suoi-am-gh10-dai-120mm-chinh-hang-kijima\/","url":"https:\/\/motortaburo.com\/en\/san-pham\/bao-tay-suoi-am-gh10-dai-120mm-chinh-hang-kijima\/","name":"Bao tay s\u01b0\u1edfi \u1ea5m GH10 d\u00e0i 120mm ch\u00ednh h\u00e3ng Kijima - Motor Taburo","isPartOf":{"@id":"https:\/\/motortaburo.com\/en\/#website"},"primaryImageOfPage":{"@id":"https:\/\/motortaburo.com\/en\/san-pham\/bao-tay-suoi-am-gh10-dai-120mm-chinh-hang-kijima\/#primaryimage"},"image":{"@id":"https:\/\/motortaburo.com\/en\/san-pham\/bao-tay-suoi-am-gh10-dai-120mm-chinh-hang-kijima\/#primaryimage"},"thumbnailUrl":"https:\/\/motortaburo.com\/wp-content\/uploads\/2024\/08\/IMG_6522.jpg","datePublished":"2024-08-31T03:24:54+00:00","dateModified":"2026-01-22T11:05:56+00:00","breadcrumb":{"@id":"https:\/\/motortaburo.com\/en\/san-pham\/bao-tay-suoi-am-gh10-dai-120mm-chinh-hang-kijima\/#breadcrumb"},"inLanguage":"en-US","potentialAction":[{"@type":"ReadAction","target":["https:\/\/motortaburo.com\/en\/san-pham\/bao-tay-suoi-am-gh10-dai-120mm-chinh-hang-kijima\/"]}]},{"@type":"ImageObject","inLanguage":"en-US","@id":"https:\/\/motortaburo.com\/en\/san-pham\/bao-tay-suoi-am-gh10-dai-120mm-chinh-hang-kijima\/#primaryimage","url":"https:\/\/motortaburo.com\/wp-content\/uploads\/2024\/08\/IMG_6522.jpg","contentUrl":"https:\/\/motortaburo.com\/wp-content\/uploads\/2024\/08\/IMG_6522.jpg","width":1280,"height":1280},{"@type":"BreadcrumbList","@id":"https:\/\/motortaburo.com\/en\/san-pham\/bao-tay-suoi-am-gh10-dai-120mm-chinh-hang-kijima\/#breadcrumb","itemListElement":[{"@type":"ListItem","position":1,"name":"Home","item":"https:\/\/motortaburo.com\/en\/"},{"@type":"ListItem","position":2,"name":"\u0110\u1ed3 ch\u01a1i xe","item":"https:\/\/motortaburo.com\/do-choi-xe\/"},{"@type":"ListItem","position":3,"name":"Bao tay s\u01b0\u1edfi \u1ea5m GH10 d\u00e0i 120mm ch\u00ednh h\u00e3ng Kijima"}]},{"@type":"WebSite","@id":"https:\/\/motortaburo.com\/en\/#website","url":"https:\/\/motortaburo.com\/en\/","name":"Motor Taburo - Genuine Motorcycle Parts","description":"We sell Japanese motorcycle parts","publisher":{"@id":"https:\/\/motortaburo.com\/en\/#organization"},"alternateName":"Motor Taburo","potentialAction":[{"@type":"SearchAction","target":{"@type":"EntryPoint","urlTemplate":"https:\/\/motortaburo.com\/en\/?s={search_term_string}"},"query-input":{"@type":"PropertyValueSpecification","valueRequired":true,"valueName":"search_term_string"}}],"inLanguage":"en-US"},{"@type":"Organization","@id":"https:\/\/motortaburo.com\/en\/#organization","name":"Motor Taburo - Genuine Motorcycle Parts","url":"https:\/\/motortaburo.com\/en\/","logo":{"@type":"ImageObject","inLanguage":"en-US","@id":"https:\/\/motortaburo.com\/en\/#\/schema\/logo\/image\/","url":"https:\/\/motortaburo.com\/wp-content\/uploads\/2021\/04\/Motor-Taburo-logo-512.jpg","contentUrl":"https:\/\/motortaburo.com\/wp-content\/uploads\/2021\/04\/Motor-Taburo-logo-512.jpg","width":512,"height":512,"caption":"Motor Taburo - Genuine Motorcycle Parts"},"image":{"@id":"https:\/\/motortaburo.com\/en\/#\/schema\/logo\/image\/"},"sameAs":["https:\/\/www.facebook.com\/MotorTaburo"]}]},"product_brand":"Kijima","product_price_amount":"4200000","product_price_currency":"VND","og_availability":"instock","product_availability":"instock","product_retailer_item_id":"304-8214","product_condition":"new"},"_links":{"self":[{"href":"https:\/\/motortaburo.com\/en\/wp-json\/wp\/v2\/product\/40386","targetHints":{"allow":["GET"]}}],"collection":[{"href":"https:\/\/motortaburo.com\/en\/wp-json\/wp\/v2\/product"}],"about":[{"href":"https:\/\/motortaburo.com\/en\/wp-json\/wp\/v2\/types\/product"}],"replies":[{"embeddable":true,"href":"https:\/\/motortaburo.com\/en\/wp-json\/wp\/v2\/comments?post=40386"}],"version-history":[{"count":0,"href":"https:\/\/motortaburo.com\/en\/wp-json\/wp\/v2\/product\/40386\/revisions"}],"wp:featuredmedia":[{"embeddable":true,"href":"https:\/\/motortaburo.com\/en\/wp-json\/wp\/v2\/media\/40387"}],"wp:attachment":[{"href":"https:\/\/motortaburo.com\/en\/wp-json\/wp\/v2\/media?parent=40386"}],"wp:term":[{"taxonomy":"product_brand","embeddable":true,"href":"https:\/\/motortaburo.com\/en\/wp-json\/wp\/v2\/product_brand?post=40386"},{"taxonomy":"product_cat","embeddable":true,"href":"https:\/\/motortaburo.com\/en\/wp-json\/wp\/v2\/product_cat?post=40386"},{"taxonomy":"product_tag","embeddable":true,"href":"https:\/\/motortaburo.com\/en\/wp-json\/wp\/v2\/product_tag?post=40386"},{"taxonomy":"danh-sach-xe","embeddable":true,"href":"https:\/\/motortaburo.com\/en\/wp-json\/wp\/v2\/danh-sach-xe?post=40386"}],"curies":[{"name":"wp","href":"https:\/\/api.w.org\/{rel}","templated":true}]}}