{"id":40991,"date":"2024-10-23T17:11:47","date_gmt":"2024-10-23T10:11:47","guid":{"rendered":"https:\/\/motortaburo.com\/?post_type=product&#038;p=40991"},"modified":"2026-01-22T18:06:16","modified_gmt":"2026-01-22T11:06:16","slug":"bulong-8-li-dai-25mm-ma-kem-bat-gao-den-cd50-cl50-cd50s-cd90-08","status":"publish","type":"product","link":"https:\/\/motortaburo.com\/en\/san-pham\/bulong-8-li-dai-25mm-ma-kem-bat-gao-den-cd50-cl50-cd50s-cd90-08\/","title":{"rendered":"Bulong 8 li d\u00e0i 25mm, m\u1ea1 k\u1ebdm, b\u1eaft g\u00e1o \u0111\u00e8n CD50, CL50, CD50s, CD90"},"content":{"rendered":"","protected":false},"excerpt":{"rendered":"<p>Set b\u00e1n: 1 con.<\/p>\n<p>K\u00edch th\u01b0\u1edbc: 8x25mm.<\/p>\n<p>Ch\u1ea5t li\u1ec7u: S\u1eaft m\u1ea1 k\u1ebdm.<\/p>\n<p>H\u00e0ng ch\u00ednh h\u00e3ng Honda.<\/p>\n<p>S\u1ea3n xu\u1ea5t t\u1ea1i Nh\u1eadt B\u1ea3n.<\/p>\n<p>\u1ed0c n\u00e0y g\u1eafn trong tr\u01b0\u1eddng h\u1ee3p anh em mu\u1ed1n g\u1eafn th\u00eam \u0111\u1ed3 v\u00e0o tai th\u1ecf (b\u00ecnh th\u01b0\u1eddng th\u00ec x\u00e0i con d\u00e0i 20mm l\u00e0 \u0111\u1ee7).<\/p>\n","protected":false},"featured_media":44408,"comment_status":"open","ping_status":"closed","template":"","meta":[],"product_brand":[],"product_cat":[91],"product_tag":[],"danh-sach-xe":[2387,1876,1860,1813,1833,2362,2388],"class_list":{"0":"post-40991","1":"product","2":"type-product","3":"status-publish","4":"has-post-thumbnail","6":"product_cat-oc-vit","7":"danh-sach-xe-cd50-gu","8":"danh-sach-xe-cd50s","9":"danh-sach-xe-cl50","10":"danh-sach-xe-cd50-benly","11":"danh-sach-xe-benly-cd90","12":"danh-sach-xe-cd90s","13":"danh-sach-xe-cd90z-cd90-gu","15":"first","16":"instock","17":"shipping-taxable","18":"purchasable","19":"product-type-simple"},"yoast_head":"<!-- This site is optimized with the Yoast SEO Premium plugin v23.3 (Yoast SEO v27.0) - https:\/\/yoast.com\/product\/yoast-seo-premium-wordpress\/ -->\n<title>Bulong 8 li d\u00e0i 25mm, m\u1ea1 k\u1ebdm, b\u1eaft g\u00e1o \u0111\u00e8n CD50, CL50, CD50s, CD90 - Motor Taburo<\/title>\n<meta name=\"robots\" content=\"index, follow, max-snippet:-1, max-image-preview:large, max-video-preview:-1\" \/>\n<link rel=\"canonical\" href=\"https:\/\/motortaburo.com\/en\/san-pham\/bulong-8-li-dai-25mm-ma-kem-bat-gao-den-cd50-cl50-cd50s-cd90-08\/\" \/>\n<meta property=\"og:locale\" content=\"en_US\" \/>\n<meta property=\"og:type\" content=\"article\" \/>\n<meta property=\"og:title\" content=\"Bulong 8 li d\u00e0i 25mm, m\u1ea1 k\u1ebdm, b\u1eaft g\u00e1o \u0111\u00e8n CD50, CL50, CD50s, CD90\" \/>\n<meta property=\"og:description\" content=\"Set b\u00e1n: 1 con.  K\u00edch th\u01b0\u1edbc: 8x25mm.  Ch\u1ea5t li\u1ec7u: S\u1eaft m\u1ea1 k\u1ebdm.  H\u00e0ng ch\u00ednh h\u00e3ng Honda.  S\u1ea3n xu\u1ea5t t\u1ea1i Nh\u1eadt B\u1ea3n.  \u1ed0c n\u00e0y g\u1eafn trong tr\u01b0\u1eddng h\u1ee3p anh em mu\u1ed1n g\u1eafn th\u00eam \u0111\u1ed3 v\u00e0o tai th\u1ecf (b\u00ecnh th\u01b0\u1eddng th\u00ec x\u00e0i con d\u00e0i 20mm l\u00e0 \u0111\u1ee7).\" \/>\n<meta property=\"og:url\" content=\"https:\/\/motortaburo.com\/en\/san-pham\/bulong-8-li-dai-25mm-ma-kem-bat-gao-den-cd50-cl50-cd50s-cd90-08\/\" \/>\n<meta property=\"og:site_name\" content=\"Motor Taburo - Genuine Motorcycle Parts\" \/>\n<meta property=\"article:publisher\" content=\"https:\/\/www.facebook.com\/MotorTaburo\" \/>\n<meta property=\"article:modified_time\" content=\"2026-01-22T11:06:16+00:00\" \/>\n<meta property=\"og:image\" content=\"https:\/\/motortaburo.com\/wp-content\/uploads\/2024\/10\/PXL_20251224_111119685.jpg\" \/>\n\t<meta property=\"og:image:width\" content=\"1200\" \/>\n\t<meta property=\"og:image:height\" content=\"1200\" \/>\n\t<meta property=\"og:image:type\" content=\"image\/jpeg\" \/>\n<meta name=\"twitter:card\" content=\"summary_large_image\" \/>\n<meta name=\"twitter:label1\" content=\"Price\" \/>\n\t<meta name=\"twitter:data1\" content=\"30.000&nbsp;&#8363;\" \/>\n\t<meta name=\"twitter:label2\" content=\"Availability\" \/>\n\t<meta name=\"twitter:data2\" content=\"In stock\" \/>\n<script type=\"application\/ld+json\" class=\"yoast-schema-graph\">{\"@context\":\"https:\/\/schema.org\",\"@graph\":[{\"@type\":\"WebPage\",\"@id\":\"https:\/\/motortaburo.com\/en\/san-pham\/bulong-8-li-dai-25mm-ma-kem-bat-gao-den-cd50-cl50-cd50s-cd90-08\/\",\"url\":\"https:\/\/motortaburo.com\/en\/san-pham\/bulong-8-li-dai-25mm-ma-kem-bat-gao-den-cd50-cl50-cd50s-cd90-08\/\",\"name\":\"Bulong 8 li d\u00e0i 25mm, m\u1ea1 k\u1ebdm, b\u1eaft g\u00e1o \u0111\u00e8n CD50, CL50, CD50s, CD90 - Motor Taburo\",\"isPartOf\":{\"@id\":\"https:\/\/motortaburo.com\/en\/#website\"},\"primaryImageOfPage\":{\"@id\":\"https:\/\/motortaburo.com\/en\/san-pham\/bulong-8-li-dai-25mm-ma-kem-bat-gao-den-cd50-cl50-cd50s-cd90-08\/#primaryimage\"},\"image\":{\"@id\":\"https:\/\/motortaburo.com\/en\/san-pham\/bulong-8-li-dai-25mm-ma-kem-bat-gao-den-cd50-cl50-cd50s-cd90-08\/#primaryimage\"},\"thumbnailUrl\":\"https:\/\/motortaburo.com\/wp-content\/uploads\/2024\/10\/PXL_20251224_111119685.jpg\",\"datePublished\":\"2024-10-23T10:11:47+00:00\",\"dateModified\":\"2026-01-22T11:06:16+00:00\",\"breadcrumb\":{\"@id\":\"https:\/\/motortaburo.com\/en\/san-pham\/bulong-8-li-dai-25mm-ma-kem-bat-gao-den-cd50-cl50-cd50s-cd90-08\/#breadcrumb\"},\"inLanguage\":\"en-US\",\"potentialAction\":[{\"@type\":\"ReadAction\",\"target\":[\"https:\/\/motortaburo.com\/en\/san-pham\/bulong-8-li-dai-25mm-ma-kem-bat-gao-den-cd50-cl50-cd50s-cd90-08\/\"]}]},{\"@type\":\"ImageObject\",\"inLanguage\":\"en-US\",\"@id\":\"https:\/\/motortaburo.com\/en\/san-pham\/bulong-8-li-dai-25mm-ma-kem-bat-gao-den-cd50-cl50-cd50s-cd90-08\/#primaryimage\",\"url\":\"https:\/\/motortaburo.com\/wp-content\/uploads\/2024\/10\/PXL_20251224_111119685.jpg\",\"contentUrl\":\"https:\/\/motortaburo.com\/wp-content\/uploads\/2024\/10\/PXL_20251224_111119685.jpg\",\"width\":1200,\"height\":1200},{\"@type\":\"BreadcrumbList\",\"@id\":\"https:\/\/motortaburo.com\/en\/san-pham\/bulong-8-li-dai-25mm-ma-kem-bat-gao-den-cd50-cl50-cd50s-cd90-08\/#breadcrumb\",\"itemListElement\":[{\"@type\":\"ListItem\",\"position\":1,\"name\":\"Home\",\"item\":\"https:\/\/motortaburo.com\/en\/\"},{\"@type\":\"ListItem\",\"position\":2,\"name\":\"\u0110\u1ed3 ch\u01a1i xe\",\"item\":\"https:\/\/motortaburo.com\/do-choi-xe\/\"},{\"@type\":\"ListItem\",\"position\":3,\"name\":\"Bulong 8 li d\u00e0i 25mm, m\u1ea1 k\u1ebdm, b\u1eaft g\u00e1o \u0111\u00e8n CD50, CL50, CD50s, CD90\"}]},{\"@type\":\"WebSite\",\"@id\":\"https:\/\/motortaburo.com\/en\/#website\",\"url\":\"https:\/\/motortaburo.com\/en\/\",\"name\":\"Motor Taburo - Genuine Motorcycle Parts\",\"description\":\"We sell Japanese motorcycle parts\",\"publisher\":{\"@id\":\"https:\/\/motortaburo.com\/en\/#organization\"},\"alternateName\":\"Motor Taburo\",\"potentialAction\":[{\"@type\":\"SearchAction\",\"target\":{\"@type\":\"EntryPoint\",\"urlTemplate\":\"https:\/\/motortaburo.com\/en\/?s={search_term_string}\"},\"query-input\":{\"@type\":\"PropertyValueSpecification\",\"valueRequired\":true,\"valueName\":\"search_term_string\"}}],\"inLanguage\":\"en-US\"},{\"@type\":\"Organization\",\"@id\":\"https:\/\/motortaburo.com\/en\/#organization\",\"name\":\"Motor Taburo - Genuine Motorcycle Parts\",\"url\":\"https:\/\/motortaburo.com\/en\/\",\"logo\":{\"@type\":\"ImageObject\",\"inLanguage\":\"en-US\",\"@id\":\"https:\/\/motortaburo.com\/en\/#\/schema\/logo\/image\/\",\"url\":\"https:\/\/motortaburo.com\/wp-content\/uploads\/2021\/04\/Motor-Taburo-logo-512.jpg\",\"contentUrl\":\"https:\/\/motortaburo.com\/wp-content\/uploads\/2021\/04\/Motor-Taburo-logo-512.jpg\",\"width\":512,\"height\":512,\"caption\":\"Motor Taburo - Genuine Motorcycle Parts\"},\"image\":{\"@id\":\"https:\/\/motortaburo.com\/en\/#\/schema\/logo\/image\/\"},\"sameAs\":[\"https:\/\/www.facebook.com\/MotorTaburo\"]}]}<\/script>\n<meta property=\"product:brand\" content=\"Honda\" \/>\n<meta property=\"product:price:amount\" content=\"30000\" \/>\n<meta property=\"product:price:currency\" content=\"VND\" \/>\n<meta property=\"og:availability\" content=\"instock\" \/>\n<meta property=\"product:availability\" content=\"instock\" \/>\n<meta property=\"product:retailer_item_id\" content=\"93403-08025-08\" \/>\n<meta property=\"product:condition\" content=\"new\" \/>\n<!-- \/ Yoast SEO Premium plugin. -->","yoast_head_json":{"title":"Bulong 8 li d\u00e0i 25mm, m\u1ea1 k\u1ebdm, b\u1eaft g\u00e1o \u0111\u00e8n CD50, CL50, CD50s, CD90 - Motor Taburo","robots":{"index":"index","follow":"follow","max-snippet":"max-snippet:-1","max-image-preview":"max-image-preview:large","max-video-preview":"max-video-preview:-1"},"canonical":"https:\/\/motortaburo.com\/en\/san-pham\/bulong-8-li-dai-25mm-ma-kem-bat-gao-den-cd50-cl50-cd50s-cd90-08\/","og_locale":"en_US","og_type":"article","og_title":"Bulong 8 li d\u00e0i 25mm, m\u1ea1 k\u1ebdm, b\u1eaft g\u00e1o \u0111\u00e8n CD50, CL50, CD50s, CD90","og_description":"Set b\u00e1n: 1 con.  K\u00edch th\u01b0\u1edbc: 8x25mm.  Ch\u1ea5t li\u1ec7u: S\u1eaft m\u1ea1 k\u1ebdm.  H\u00e0ng ch\u00ednh h\u00e3ng Honda.  S\u1ea3n xu\u1ea5t t\u1ea1i Nh\u1eadt B\u1ea3n.  \u1ed0c n\u00e0y g\u1eafn trong tr\u01b0\u1eddng h\u1ee3p anh em mu\u1ed1n g\u1eafn th\u00eam \u0111\u1ed3 v\u00e0o tai th\u1ecf (b\u00ecnh th\u01b0\u1eddng th\u00ec x\u00e0i con d\u00e0i 20mm l\u00e0 \u0111\u1ee7).","og_url":"https:\/\/motortaburo.com\/en\/san-pham\/bulong-8-li-dai-25mm-ma-kem-bat-gao-den-cd50-cl50-cd50s-cd90-08\/","og_site_name":"Motor Taburo - Genuine Motorcycle Parts","article_publisher":"https:\/\/www.facebook.com\/MotorTaburo","article_modified_time":"2026-01-22T11:06:16+00:00","og_image":[{"width":1200,"height":1200,"url":"https:\/\/motortaburo.com\/wp-content\/uploads\/2024\/10\/PXL_20251224_111119685.jpg","type":"image\/jpeg"}],"twitter_card":"summary_large_image","twitter_misc":{"Price":"30.000&nbsp;&#8363;","Availability":"In stock"},"schema":{"@context":"https:\/\/schema.org","@graph":[{"@type":"WebPage","@id":"https:\/\/motortaburo.com\/en\/san-pham\/bulong-8-li-dai-25mm-ma-kem-bat-gao-den-cd50-cl50-cd50s-cd90-08\/","url":"https:\/\/motortaburo.com\/en\/san-pham\/bulong-8-li-dai-25mm-ma-kem-bat-gao-den-cd50-cl50-cd50s-cd90-08\/","name":"Bulong 8 li d\u00e0i 25mm, m\u1ea1 k\u1ebdm, b\u1eaft g\u00e1o \u0111\u00e8n CD50, CL50, CD50s, CD90 - Motor Taburo","isPartOf":{"@id":"https:\/\/motortaburo.com\/en\/#website"},"primaryImageOfPage":{"@id":"https:\/\/motortaburo.com\/en\/san-pham\/bulong-8-li-dai-25mm-ma-kem-bat-gao-den-cd50-cl50-cd50s-cd90-08\/#primaryimage"},"image":{"@id":"https:\/\/motortaburo.com\/en\/san-pham\/bulong-8-li-dai-25mm-ma-kem-bat-gao-den-cd50-cl50-cd50s-cd90-08\/#primaryimage"},"thumbnailUrl":"https:\/\/motortaburo.com\/wp-content\/uploads\/2024\/10\/PXL_20251224_111119685.jpg","datePublished":"2024-10-23T10:11:47+00:00","dateModified":"2026-01-22T11:06:16+00:00","breadcrumb":{"@id":"https:\/\/motortaburo.com\/en\/san-pham\/bulong-8-li-dai-25mm-ma-kem-bat-gao-den-cd50-cl50-cd50s-cd90-08\/#breadcrumb"},"inLanguage":"en-US","potentialAction":[{"@type":"ReadAction","target":["https:\/\/motortaburo.com\/en\/san-pham\/bulong-8-li-dai-25mm-ma-kem-bat-gao-den-cd50-cl50-cd50s-cd90-08\/"]}]},{"@type":"ImageObject","inLanguage":"en-US","@id":"https:\/\/motortaburo.com\/en\/san-pham\/bulong-8-li-dai-25mm-ma-kem-bat-gao-den-cd50-cl50-cd50s-cd90-08\/#primaryimage","url":"https:\/\/motortaburo.com\/wp-content\/uploads\/2024\/10\/PXL_20251224_111119685.jpg","contentUrl":"https:\/\/motortaburo.com\/wp-content\/uploads\/2024\/10\/PXL_20251224_111119685.jpg","width":1200,"height":1200},{"@type":"BreadcrumbList","@id":"https:\/\/motortaburo.com\/en\/san-pham\/bulong-8-li-dai-25mm-ma-kem-bat-gao-den-cd50-cl50-cd50s-cd90-08\/#breadcrumb","itemListElement":[{"@type":"ListItem","position":1,"name":"Home","item":"https:\/\/motortaburo.com\/en\/"},{"@type":"ListItem","position":2,"name":"\u0110\u1ed3 ch\u01a1i xe","item":"https:\/\/motortaburo.com\/do-choi-xe\/"},{"@type":"ListItem","position":3,"name":"Bulong 8 li d\u00e0i 25mm, m\u1ea1 k\u1ebdm, b\u1eaft g\u00e1o \u0111\u00e8n CD50, CL50, CD50s, CD90"}]},{"@type":"WebSite","@id":"https:\/\/motortaburo.com\/en\/#website","url":"https:\/\/motortaburo.com\/en\/","name":"Motor Taburo - Genuine Motorcycle Parts","description":"We sell Japanese motorcycle parts","publisher":{"@id":"https:\/\/motortaburo.com\/en\/#organization"},"alternateName":"Motor Taburo","potentialAction":[{"@type":"SearchAction","target":{"@type":"EntryPoint","urlTemplate":"https:\/\/motortaburo.com\/en\/?s={search_term_string}"},"query-input":{"@type":"PropertyValueSpecification","valueRequired":true,"valueName":"search_term_string"}}],"inLanguage":"en-US"},{"@type":"Organization","@id":"https:\/\/motortaburo.com\/en\/#organization","name":"Motor Taburo - Genuine Motorcycle Parts","url":"https:\/\/motortaburo.com\/en\/","logo":{"@type":"ImageObject","inLanguage":"en-US","@id":"https:\/\/motortaburo.com\/en\/#\/schema\/logo\/image\/","url":"https:\/\/motortaburo.com\/wp-content\/uploads\/2021\/04\/Motor-Taburo-logo-512.jpg","contentUrl":"https:\/\/motortaburo.com\/wp-content\/uploads\/2021\/04\/Motor-Taburo-logo-512.jpg","width":512,"height":512,"caption":"Motor Taburo - Genuine Motorcycle Parts"},"image":{"@id":"https:\/\/motortaburo.com\/en\/#\/schema\/logo\/image\/"},"sameAs":["https:\/\/www.facebook.com\/MotorTaburo"]}]},"product_brand":"Honda","product_price_amount":"30000","product_price_currency":"VND","og_availability":"instock","product_availability":"instock","product_retailer_item_id":"93403-08025-08","product_condition":"new"},"_links":{"self":[{"href":"https:\/\/motortaburo.com\/en\/wp-json\/wp\/v2\/product\/40991","targetHints":{"allow":["GET"]}}],"collection":[{"href":"https:\/\/motortaburo.com\/en\/wp-json\/wp\/v2\/product"}],"about":[{"href":"https:\/\/motortaburo.com\/en\/wp-json\/wp\/v2\/types\/product"}],"replies":[{"embeddable":true,"href":"https:\/\/motortaburo.com\/en\/wp-json\/wp\/v2\/comments?post=40991"}],"version-history":[{"count":3,"href":"https:\/\/motortaburo.com\/en\/wp-json\/wp\/v2\/product\/40991\/revisions"}],"predecessor-version":[{"id":41026,"href":"https:\/\/motortaburo.com\/en\/wp-json\/wp\/v2\/product\/40991\/revisions\/41026"}],"wp:featuredmedia":[{"embeddable":true,"href":"https:\/\/motortaburo.com\/en\/wp-json\/wp\/v2\/media\/44408"}],"wp:attachment":[{"href":"https:\/\/motortaburo.com\/en\/wp-json\/wp\/v2\/media?parent=40991"}],"wp:term":[{"taxonomy":"product_brand","embeddable":true,"href":"https:\/\/motortaburo.com\/en\/wp-json\/wp\/v2\/product_brand?post=40991"},{"taxonomy":"product_cat","embeddable":true,"href":"https:\/\/motortaburo.com\/en\/wp-json\/wp\/v2\/product_cat?post=40991"},{"taxonomy":"product_tag","embeddable":true,"href":"https:\/\/motortaburo.com\/en\/wp-json\/wp\/v2\/product_tag?post=40991"},{"taxonomy":"danh-sach-xe","embeddable":true,"href":"https:\/\/motortaburo.com\/en\/wp-json\/wp\/v2\/danh-sach-xe?post=40991"}],"curies":[{"name":"wp","href":"https:\/\/api.w.org\/{rel}","templated":true}]}}