{"id":41115,"date":"2024-10-26T17:34:26","date_gmt":"2024-10-26T10:34:26","guid":{"rendered":"https:\/\/motortaburo.com\/?post_type=product&#038;p=41115"},"modified":"2026-01-22T18:07:51","modified_gmt":"2026-01-22T11:07:51","slug":"tan-truc-noi-bulong-bat-bung-xe-dd70-cub-den-vuong-den-tron-little-cub","status":"publish","type":"product","link":"https:\/\/motortaburo.com\/en\/san-pham\/tan-truc-noi-bulong-bat-bung-xe-dd70-cub-den-vuong-den-tron-little-cub\/","title":{"rendered":"T\u00e1n tr\u1ee5c n\u1ed1i bulong b\u1eaft b\u1eedng xe DD70, Cub \u0111\u00e8n vu\u00f4ng, \u0111\u00e8n tr\u00f2n, Little Cub"},"content":{"rendered":"","protected":false},"excerpt":{"rendered":"<p>Set b\u00e1n: 1 c\u00e1i.<\/p>\n<p>Ch\u1ea5t li\u1ec7u: S\u1eaft m\u1ea1 k\u1ebdm.<\/p>\n<p>H\u00e0ng ch\u00ednh h\u00e3ng Honda.<\/p>\n<p>S\u1ea3n xu\u1ea5t t\u1ea1i Nh\u1eadt B\u1ea3n.<\/p>\n<p>D\u00f9ng \u0111\u1ec3 n\u1ed1i bulong b\u1eaft\u00a0b\u1eedng xe DD70, Cub \u0111\u00e8n vu\u00f4ng, \u0111\u00e8n tr\u00f2n, Little Cub (kh\u00fac ph\u00eda d\u01b0\u1edbi g\u1ea7n c\u1ea7n s\u1ed1 v\u00e0 ch\u00e2n th\u1eafng).<\/p>\n","protected":false},"featured_media":41118,"comment_status":"open","ping_status":"closed","template":"","meta":[],"product_brand":[],"product_cat":[91],"product_tag":[],"danh-sach-xe":[2350,1852,1840,1831,1826],"class_list":{"0":"post-41115","1":"product","2":"type-product","3":"status-publish","4":"has-post-thumbnail","6":"product_cat-oc-vit","7":"danh-sach-xe-cub-c50","8":"danh-sach-xe-little-cub","9":"danh-sach-xe-super-cub-50-custom","10":"danh-sach-xe-dd70","11":"danh-sach-xe-super-cub-90-c90","13":"first","14":"instock","15":"shipping-taxable","16":"purchasable","17":"product-type-simple"},"yoast_head":"<!-- This site is optimized with the Yoast SEO Premium plugin v23.3 (Yoast SEO v27.0) - https:\/\/yoast.com\/product\/yoast-seo-premium-wordpress\/ -->\n<title>T\u00e1n tr\u1ee5c n\u1ed1i bulong b\u1eaft b\u1eedng xe DD70, Cub \u0111\u00e8n vu\u00f4ng, \u0111\u00e8n tr\u00f2n, Little Cub - Motor Taburo<\/title>\n<meta name=\"robots\" content=\"index, follow, max-snippet:-1, max-image-preview:large, max-video-preview:-1\" \/>\n<link rel=\"canonical\" href=\"https:\/\/motortaburo.com\/en\/san-pham\/tan-truc-noi-bulong-bat-bung-xe-dd70-cub-den-vuong-den-tron-little-cub\/\" \/>\n<meta property=\"og:locale\" content=\"en_US\" \/>\n<meta property=\"og:type\" content=\"article\" \/>\n<meta property=\"og:title\" content=\"T\u00e1n tr\u1ee5c n\u1ed1i bulong b\u1eaft b\u1eedng xe DD70, Cub \u0111\u00e8n vu\u00f4ng, \u0111\u00e8n tr\u00f2n, Little Cub\" \/>\n<meta property=\"og:description\" content=\"Set b\u00e1n: 1 c\u00e1i.  Ch\u1ea5t li\u1ec7u: S\u1eaft m\u1ea1 k\u1ebdm.  H\u00e0ng ch\u00ednh h\u00e3ng Honda.  S\u1ea3n xu\u1ea5t t\u1ea1i Nh\u1eadt B\u1ea3n.  D\u00f9ng \u0111\u1ec3 n\u1ed1i bulong b\u1eaft\u00a0b\u1eedng xe DD70, Cub \u0111\u00e8n vu\u00f4ng, \u0111\u00e8n tr\u00f2n, Little Cub (kh\u00fac ph\u00eda d\u01b0\u1edbi g\u1ea7n c\u1ea7n s\u1ed1 v\u00e0 ch\u00e2n th\u1eafng).\" \/>\n<meta property=\"og:url\" content=\"https:\/\/motortaburo.com\/en\/san-pham\/tan-truc-noi-bulong-bat-bung-xe-dd70-cub-den-vuong-den-tron-little-cub\/\" \/>\n<meta property=\"og:site_name\" content=\"Motor Taburo - Genuine Motorcycle Parts\" \/>\n<meta property=\"article:publisher\" content=\"https:\/\/www.facebook.com\/MotorTaburo\" \/>\n<meta property=\"article:modified_time\" content=\"2026-01-22T11:07:51+00:00\" \/>\n<meta property=\"og:image\" content=\"https:\/\/motortaburo.com\/wp-content\/uploads\/2024\/10\/PXL_20241026_084112200.jpg\" \/>\n\t<meta property=\"og:image:width\" content=\"1024\" \/>\n\t<meta property=\"og:image:height\" content=\"1024\" \/>\n\t<meta property=\"og:image:type\" content=\"image\/jpeg\" \/>\n<meta name=\"twitter:card\" content=\"summary_large_image\" \/>\n<meta name=\"twitter:label1\" content=\"Price\" \/>\n\t<meta name=\"twitter:data1\" content=\"220.000&nbsp;&#8363;\" \/>\n\t<meta name=\"twitter:label2\" content=\"Availability\" \/>\n\t<meta name=\"twitter:data2\" content=\"In stock\" \/>\n<script type=\"application\/ld+json\" class=\"yoast-schema-graph\">{\"@context\":\"https:\/\/schema.org\",\"@graph\":[{\"@type\":\"WebPage\",\"@id\":\"https:\/\/motortaburo.com\/en\/san-pham\/tan-truc-noi-bulong-bat-bung-xe-dd70-cub-den-vuong-den-tron-little-cub\/\",\"url\":\"https:\/\/motortaburo.com\/en\/san-pham\/tan-truc-noi-bulong-bat-bung-xe-dd70-cub-den-vuong-den-tron-little-cub\/\",\"name\":\"T\u00e1n tr\u1ee5c n\u1ed1i bulong b\u1eaft b\u1eedng xe DD70, Cub \u0111\u00e8n vu\u00f4ng, \u0111\u00e8n tr\u00f2n, Little Cub - Motor Taburo\",\"isPartOf\":{\"@id\":\"https:\/\/motortaburo.com\/en\/#website\"},\"primaryImageOfPage\":{\"@id\":\"https:\/\/motortaburo.com\/en\/san-pham\/tan-truc-noi-bulong-bat-bung-xe-dd70-cub-den-vuong-den-tron-little-cub\/#primaryimage\"},\"image\":{\"@id\":\"https:\/\/motortaburo.com\/en\/san-pham\/tan-truc-noi-bulong-bat-bung-xe-dd70-cub-den-vuong-den-tron-little-cub\/#primaryimage\"},\"thumbnailUrl\":\"https:\/\/motortaburo.com\/wp-content\/uploads\/2024\/10\/PXL_20241026_084112200.jpg\",\"datePublished\":\"2024-10-26T10:34:26+00:00\",\"dateModified\":\"2026-01-22T11:07:51+00:00\",\"breadcrumb\":{\"@id\":\"https:\/\/motortaburo.com\/en\/san-pham\/tan-truc-noi-bulong-bat-bung-xe-dd70-cub-den-vuong-den-tron-little-cub\/#breadcrumb\"},\"inLanguage\":\"en-US\",\"potentialAction\":[{\"@type\":\"ReadAction\",\"target\":[\"https:\/\/motortaburo.com\/en\/san-pham\/tan-truc-noi-bulong-bat-bung-xe-dd70-cub-den-vuong-den-tron-little-cub\/\"]}]},{\"@type\":\"ImageObject\",\"inLanguage\":\"en-US\",\"@id\":\"https:\/\/motortaburo.com\/en\/san-pham\/tan-truc-noi-bulong-bat-bung-xe-dd70-cub-den-vuong-den-tron-little-cub\/#primaryimage\",\"url\":\"https:\/\/motortaburo.com\/wp-content\/uploads\/2024\/10\/PXL_20241026_084112200.jpg\",\"contentUrl\":\"https:\/\/motortaburo.com\/wp-content\/uploads\/2024\/10\/PXL_20241026_084112200.jpg\",\"width\":1024,\"height\":1024},{\"@type\":\"BreadcrumbList\",\"@id\":\"https:\/\/motortaburo.com\/en\/san-pham\/tan-truc-noi-bulong-bat-bung-xe-dd70-cub-den-vuong-den-tron-little-cub\/#breadcrumb\",\"itemListElement\":[{\"@type\":\"ListItem\",\"position\":1,\"name\":\"Home\",\"item\":\"https:\/\/motortaburo.com\/en\/\"},{\"@type\":\"ListItem\",\"position\":2,\"name\":\"\u0110\u1ed3 ch\u01a1i xe\",\"item\":\"https:\/\/motortaburo.com\/do-choi-xe\/\"},{\"@type\":\"ListItem\",\"position\":3,\"name\":\"T\u00e1n tr\u1ee5c n\u1ed1i bulong b\u1eaft b\u1eedng xe DD70, Cub \u0111\u00e8n vu\u00f4ng, \u0111\u00e8n tr\u00f2n, Little Cub\"}]},{\"@type\":\"WebSite\",\"@id\":\"https:\/\/motortaburo.com\/en\/#website\",\"url\":\"https:\/\/motortaburo.com\/en\/\",\"name\":\"Motor Taburo - Genuine Motorcycle Parts\",\"description\":\"We sell Japanese motorcycle parts\",\"publisher\":{\"@id\":\"https:\/\/motortaburo.com\/en\/#organization\"},\"alternateName\":\"Motor Taburo\",\"potentialAction\":[{\"@type\":\"SearchAction\",\"target\":{\"@type\":\"EntryPoint\",\"urlTemplate\":\"https:\/\/motortaburo.com\/en\/?s={search_term_string}\"},\"query-input\":{\"@type\":\"PropertyValueSpecification\",\"valueRequired\":true,\"valueName\":\"search_term_string\"}}],\"inLanguage\":\"en-US\"},{\"@type\":\"Organization\",\"@id\":\"https:\/\/motortaburo.com\/en\/#organization\",\"name\":\"Motor Taburo - Genuine Motorcycle Parts\",\"url\":\"https:\/\/motortaburo.com\/en\/\",\"logo\":{\"@type\":\"ImageObject\",\"inLanguage\":\"en-US\",\"@id\":\"https:\/\/motortaburo.com\/en\/#\/schema\/logo\/image\/\",\"url\":\"https:\/\/motortaburo.com\/wp-content\/uploads\/2021\/04\/Motor-Taburo-logo-512.jpg\",\"contentUrl\":\"https:\/\/motortaburo.com\/wp-content\/uploads\/2021\/04\/Motor-Taburo-logo-512.jpg\",\"width\":512,\"height\":512,\"caption\":\"Motor Taburo - Genuine Motorcycle Parts\"},\"image\":{\"@id\":\"https:\/\/motortaburo.com\/en\/#\/schema\/logo\/image\/\"},\"sameAs\":[\"https:\/\/www.facebook.com\/MotorTaburo\"]}]}<\/script>\n<meta property=\"product:brand\" content=\"Honda\" \/>\n<meta property=\"product:price:amount\" content=\"220000\" \/>\n<meta property=\"product:price:currency\" content=\"VND\" \/>\n<meta property=\"og:availability\" content=\"instock\" \/>\n<meta property=\"product:availability\" content=\"instock\" \/>\n<meta property=\"product:retailer_item_id\" content=\"64345-GB4-000\" \/>\n<meta property=\"product:condition\" content=\"new\" \/>\n<!-- \/ Yoast SEO Premium plugin. -->","yoast_head_json":{"title":"T\u00e1n tr\u1ee5c n\u1ed1i bulong b\u1eaft b\u1eedng xe DD70, Cub \u0111\u00e8n vu\u00f4ng, \u0111\u00e8n tr\u00f2n, Little Cub - Motor Taburo","robots":{"index":"index","follow":"follow","max-snippet":"max-snippet:-1","max-image-preview":"max-image-preview:large","max-video-preview":"max-video-preview:-1"},"canonical":"https:\/\/motortaburo.com\/en\/san-pham\/tan-truc-noi-bulong-bat-bung-xe-dd70-cub-den-vuong-den-tron-little-cub\/","og_locale":"en_US","og_type":"article","og_title":"T\u00e1n tr\u1ee5c n\u1ed1i bulong b\u1eaft b\u1eedng xe DD70, Cub \u0111\u00e8n vu\u00f4ng, \u0111\u00e8n tr\u00f2n, Little Cub","og_description":"Set b\u00e1n: 1 c\u00e1i.  Ch\u1ea5t li\u1ec7u: S\u1eaft m\u1ea1 k\u1ebdm.  H\u00e0ng ch\u00ednh h\u00e3ng Honda.  S\u1ea3n xu\u1ea5t t\u1ea1i Nh\u1eadt B\u1ea3n.  D\u00f9ng \u0111\u1ec3 n\u1ed1i bulong b\u1eaft\u00a0b\u1eedng xe DD70, Cub \u0111\u00e8n vu\u00f4ng, \u0111\u00e8n tr\u00f2n, Little Cub (kh\u00fac ph\u00eda d\u01b0\u1edbi g\u1ea7n c\u1ea7n s\u1ed1 v\u00e0 ch\u00e2n th\u1eafng).","og_url":"https:\/\/motortaburo.com\/en\/san-pham\/tan-truc-noi-bulong-bat-bung-xe-dd70-cub-den-vuong-den-tron-little-cub\/","og_site_name":"Motor Taburo - Genuine Motorcycle Parts","article_publisher":"https:\/\/www.facebook.com\/MotorTaburo","article_modified_time":"2026-01-22T11:07:51+00:00","og_image":[{"width":1024,"height":1024,"url":"https:\/\/motortaburo.com\/wp-content\/uploads\/2024\/10\/PXL_20241026_084112200.jpg","type":"image\/jpeg"}],"twitter_card":"summary_large_image","twitter_misc":{"Price":"220.000&nbsp;&#8363;","Availability":"In stock"},"schema":{"@context":"https:\/\/schema.org","@graph":[{"@type":"WebPage","@id":"https:\/\/motortaburo.com\/en\/san-pham\/tan-truc-noi-bulong-bat-bung-xe-dd70-cub-den-vuong-den-tron-little-cub\/","url":"https:\/\/motortaburo.com\/en\/san-pham\/tan-truc-noi-bulong-bat-bung-xe-dd70-cub-den-vuong-den-tron-little-cub\/","name":"T\u00e1n tr\u1ee5c n\u1ed1i bulong b\u1eaft b\u1eedng xe DD70, Cub \u0111\u00e8n vu\u00f4ng, \u0111\u00e8n tr\u00f2n, Little Cub - Motor Taburo","isPartOf":{"@id":"https:\/\/motortaburo.com\/en\/#website"},"primaryImageOfPage":{"@id":"https:\/\/motortaburo.com\/en\/san-pham\/tan-truc-noi-bulong-bat-bung-xe-dd70-cub-den-vuong-den-tron-little-cub\/#primaryimage"},"image":{"@id":"https:\/\/motortaburo.com\/en\/san-pham\/tan-truc-noi-bulong-bat-bung-xe-dd70-cub-den-vuong-den-tron-little-cub\/#primaryimage"},"thumbnailUrl":"https:\/\/motortaburo.com\/wp-content\/uploads\/2024\/10\/PXL_20241026_084112200.jpg","datePublished":"2024-10-26T10:34:26+00:00","dateModified":"2026-01-22T11:07:51+00:00","breadcrumb":{"@id":"https:\/\/motortaburo.com\/en\/san-pham\/tan-truc-noi-bulong-bat-bung-xe-dd70-cub-den-vuong-den-tron-little-cub\/#breadcrumb"},"inLanguage":"en-US","potentialAction":[{"@type":"ReadAction","target":["https:\/\/motortaburo.com\/en\/san-pham\/tan-truc-noi-bulong-bat-bung-xe-dd70-cub-den-vuong-den-tron-little-cub\/"]}]},{"@type":"ImageObject","inLanguage":"en-US","@id":"https:\/\/motortaburo.com\/en\/san-pham\/tan-truc-noi-bulong-bat-bung-xe-dd70-cub-den-vuong-den-tron-little-cub\/#primaryimage","url":"https:\/\/motortaburo.com\/wp-content\/uploads\/2024\/10\/PXL_20241026_084112200.jpg","contentUrl":"https:\/\/motortaburo.com\/wp-content\/uploads\/2024\/10\/PXL_20241026_084112200.jpg","width":1024,"height":1024},{"@type":"BreadcrumbList","@id":"https:\/\/motortaburo.com\/en\/san-pham\/tan-truc-noi-bulong-bat-bung-xe-dd70-cub-den-vuong-den-tron-little-cub\/#breadcrumb","itemListElement":[{"@type":"ListItem","position":1,"name":"Home","item":"https:\/\/motortaburo.com\/en\/"},{"@type":"ListItem","position":2,"name":"\u0110\u1ed3 ch\u01a1i xe","item":"https:\/\/motortaburo.com\/do-choi-xe\/"},{"@type":"ListItem","position":3,"name":"T\u00e1n tr\u1ee5c n\u1ed1i bulong b\u1eaft b\u1eedng xe DD70, Cub \u0111\u00e8n vu\u00f4ng, \u0111\u00e8n tr\u00f2n, Little Cub"}]},{"@type":"WebSite","@id":"https:\/\/motortaburo.com\/en\/#website","url":"https:\/\/motortaburo.com\/en\/","name":"Motor Taburo - Genuine Motorcycle Parts","description":"We sell Japanese motorcycle parts","publisher":{"@id":"https:\/\/motortaburo.com\/en\/#organization"},"alternateName":"Motor Taburo","potentialAction":[{"@type":"SearchAction","target":{"@type":"EntryPoint","urlTemplate":"https:\/\/motortaburo.com\/en\/?s={search_term_string}"},"query-input":{"@type":"PropertyValueSpecification","valueRequired":true,"valueName":"search_term_string"}}],"inLanguage":"en-US"},{"@type":"Organization","@id":"https:\/\/motortaburo.com\/en\/#organization","name":"Motor Taburo - Genuine Motorcycle Parts","url":"https:\/\/motortaburo.com\/en\/","logo":{"@type":"ImageObject","inLanguage":"en-US","@id":"https:\/\/motortaburo.com\/en\/#\/schema\/logo\/image\/","url":"https:\/\/motortaburo.com\/wp-content\/uploads\/2021\/04\/Motor-Taburo-logo-512.jpg","contentUrl":"https:\/\/motortaburo.com\/wp-content\/uploads\/2021\/04\/Motor-Taburo-logo-512.jpg","width":512,"height":512,"caption":"Motor Taburo - Genuine Motorcycle Parts"},"image":{"@id":"https:\/\/motortaburo.com\/en\/#\/schema\/logo\/image\/"},"sameAs":["https:\/\/www.facebook.com\/MotorTaburo"]}]},"product_brand":"Honda","product_price_amount":"220000","product_price_currency":"VND","og_availability":"instock","product_availability":"instock","product_retailer_item_id":"64345-GB4-000","product_condition":"new"},"_links":{"self":[{"href":"https:\/\/motortaburo.com\/en\/wp-json\/wp\/v2\/product\/41115","targetHints":{"allow":["GET"]}}],"collection":[{"href":"https:\/\/motortaburo.com\/en\/wp-json\/wp\/v2\/product"}],"about":[{"href":"https:\/\/motortaburo.com\/en\/wp-json\/wp\/v2\/types\/product"}],"replies":[{"embeddable":true,"href":"https:\/\/motortaburo.com\/en\/wp-json\/wp\/v2\/comments?post=41115"}],"version-history":[{"count":1,"href":"https:\/\/motortaburo.com\/en\/wp-json\/wp\/v2\/product\/41115\/revisions"}],"predecessor-version":[{"id":41138,"href":"https:\/\/motortaburo.com\/en\/wp-json\/wp\/v2\/product\/41115\/revisions\/41138"}],"wp:featuredmedia":[{"embeddable":true,"href":"https:\/\/motortaburo.com\/en\/wp-json\/wp\/v2\/media\/41118"}],"wp:attachment":[{"href":"https:\/\/motortaburo.com\/en\/wp-json\/wp\/v2\/media?parent=41115"}],"wp:term":[{"taxonomy":"product_brand","embeddable":true,"href":"https:\/\/motortaburo.com\/en\/wp-json\/wp\/v2\/product_brand?post=41115"},{"taxonomy":"product_cat","embeddable":true,"href":"https:\/\/motortaburo.com\/en\/wp-json\/wp\/v2\/product_cat?post=41115"},{"taxonomy":"product_tag","embeddable":true,"href":"https:\/\/motortaburo.com\/en\/wp-json\/wp\/v2\/product_tag?post=41115"},{"taxonomy":"danh-sach-xe","embeddable":true,"href":"https:\/\/motortaburo.com\/en\/wp-json\/wp\/v2\/danh-sach-xe?post=41115"}],"curies":[{"name":"wp","href":"https:\/\/api.w.org\/{rel}","templated":true}]}}