{"id":41181,"date":"2024-10-28T16:01:34","date_gmt":"2024-10-28T09:01:34","guid":{"rendered":"https:\/\/motortaburo.com\/?post_type=product&#038;p=41181"},"modified":"2026-01-22T18:06:09","modified_gmt":"2026-01-22T11:06:09","slug":"bugi-standard-c8hsa-chinh-hang-ngk-hang-noi-dia-nhat-ban","status":"publish","type":"product","link":"https:\/\/motortaburo.com\/en\/san-pham\/bugi-standard-c8hsa-chinh-hang-ngk-hang-noi-dia-nhat-ban\/","title":{"rendered":"Bugi Standard C8HSA ch\u00ednh h\u00e3ng NGK, h\u00e0ng n\u1ed9i \u0111\u1ecba Nh\u1eadt B\u1ea3n"},"content":{"rendered":"<p>T\u01b0\u01a1ng th\u00edch nhi\u1ec1u d\u00f2ng xe ph\u1ed5 th\u00f4ng:<\/p>\n<p>HONDA: CD250,\u00a0CRF50F,\u00a0CRF70F,\u00a0XR50R,\u00a0XR50 Motard,\u00a0XR70R,\u00a0Z50R,\u00a0APE50,\u00a0APE50 TypeD,\u00a0GL1800 GOLDWING,\u00a0GORILLA,\u00a0JAZZ50,\u00a0GIORCUB,\u00a0SUPER CUB 50 (C50),\u00a0SUPER CUB 70 (C70),\u00a0SUPER CUB 90 (C90),\u00a0SPACY100,\u00a0SOLO,\u00a0DAX,\u00a0ST50,\u00a0CB250 NIGHTHAWK,\u00a0PRESS CUB 50,\u00a0BENLY50S,\u00a0CD125BENLY,\u00a0CD50BENLY,\u00a0CD90,\u00a0CL50,\u00a0MAGNA50,\u00a0MONKEY,\u00a0MONKEY RT,\u00a0MONKEY BAJA,\u00a0Little Cub,\u00a0Rebel 250<br \/>\nYAMAHA: TT-R110E,\u00a0TT-R90,\u00a0VIRAGO125 (XV125),\u00a0YB125,\u00a0YBR125,\u00a0AXIS Z,\u00a0Town Mate 90,\u00a0DRAGSTAR 250 (XVS250, V-Star250),\u00a0News Mate 90,\u00a0<br \/>\nSUZUKI: FB90,\u00a0GS50,\u00a0ADDRESS V125,\u00a0Address V125S,\u00a0ADDRESS V50,\u00a0ADDRESS V50(2cycle),\u00a0CHOINORI,\u00a0BIRDIE 50,\u00a0Press Bardie 50 (4cycle),\u00a0Berdie 50 (4cycle),\u00a0BIRDIE80,\u00a0BIRDIE90,\u00a0LETS4,\u00a0LETS5,\u00a0Let\u2019s 5G,\u00a0Let\u2019s 4 Pallet,\u00a0Let\u2019s 4 Basket<br \/>\nKAWASAKI:\u00a0KLX110,\u00a0KLX110L,\u00a0KSR110,\u00a0Z125 Pro<br \/>\nKYMCO: AGILITY50<br \/>\nPGO: iBuBu125,\u00a0X-HOT125<br \/>\nSYM:\u00a0XPRO 100<\/p>\n","protected":false},"excerpt":{"rendered":"<p>Set b\u00e1n: 1 c\u00e1i.<\/p>\n<p>Ch\u00e2n ren: 10mm.<\/p>\n<p>Chi\u1ec1u d\u00e0i ch\u00e2n ren:\u00a012.7mm.<\/p>\n<p>X\u00e0i tu\u00fdp 16mm \u0111\u1ec3 m\u1edf.<\/p>\n<p>H\u00e0ng n\u1ed9i \u0111\u1ecba Nh\u1eadt B\u1ea3n.<\/p>\n<p>S\u1ea3n xu\u1ea5t t\u1ea1i Nh\u1eadt B\u1ea3n.<\/p>\n","protected":false},"featured_media":41182,"comment_status":"open","ping_status":"closed","template":"","meta":[],"product_brand":[],"product_cat":[102],"product_tag":[],"danh-sach-xe":[2387,1876,1860,1859,1854,1852,1851,1850,2390,1847,1846,1845,1844,1843,1841,1812,1813,1833,1888,1869,2405,1831,1830,1890,1827,1826,1824,2399,2342,2408],"class_list":{"0":"post-41181","1":"product","2":"type-product","3":"status-publish","4":"has-post-thumbnail","6":"product_cat-he-thong-danh-lua","7":"danh-sach-xe-cd50-gu","8":"danh-sach-xe-cd50s","9":"danh-sach-xe-cl50","10":"danh-sach-xe-dax-st50","11":"danh-sach-xe-gorilla","12":"danh-sach-xe-little-cub","13":"danh-sach-xe-magna-50","14":"danh-sach-xe-monkey-50","15":"danh-sach-xe-ss50-66","16":"danh-sach-xe-ss50-67","17":"danh-sach-xe-ss50-68","18":"danh-sach-xe-ss50-69","19":"danh-sach-xe-ss50-72","20":"danh-sach-xe-ss50z","21":"danh-sach-xe-super-cub-50-c50","22":"danh-sach-xe-ape50","23":"danh-sach-xe-cd50-benly","24":"danh-sach-xe-benly-cd90","25":"danh-sach-xe-cd125-benly","26":"danh-sach-xe-cl70","27":"danh-sach-xe-cub-100ex","28":"danh-sach-xe-dd70","29":"danh-sach-xe-dream-thai-110","30":"danh-sach-xe-spacy-100","31":"danh-sach-xe-super-cub-70-c70","32":"danh-sach-xe-super-cub-90-c90","33":"danh-sach-xe-super-dream-110","34":"danh-sach-xe-cd250u","35":"danh-sach-xe-rebel-250","36":"danh-sach-xe-yb125","38":"first","39":"outofstock","40":"shipping-taxable","41":"purchasable","42":"product-type-simple"},"yoast_head":"<!-- This site is optimized with the Yoast SEO Premium plugin v23.3 (Yoast SEO v27.0) - https:\/\/yoast.com\/product\/yoast-seo-premium-wordpress\/ -->\n<title>Bugi Standard C8HSA ch\u00ednh h\u00e3ng NGK, h\u00e0ng n\u1ed9i \u0111\u1ecba Nh\u1eadt B\u1ea3n - Motor Taburo<\/title>\n<meta name=\"robots\" content=\"index, follow, max-snippet:-1, max-image-preview:large, max-video-preview:-1\" \/>\n<link rel=\"canonical\" href=\"https:\/\/motortaburo.com\/en\/san-pham\/bugi-standard-c8hsa-chinh-hang-ngk-hang-noi-dia-nhat-ban\/\" \/>\n<meta property=\"og:locale\" content=\"en_US\" \/>\n<meta property=\"og:type\" content=\"article\" \/>\n<meta property=\"og:title\" content=\"Bugi Standard C8HSA ch\u00ednh h\u00e3ng NGK, h\u00e0ng n\u1ed9i \u0111\u1ecba Nh\u1eadt B\u1ea3n\" \/>\n<meta property=\"og:description\" content=\"Set b\u00e1n: 1 c\u00e1i.  Ch\u00e2n ren: 10mm.  Chi\u1ec1u d\u00e0i ch\u00e2n ren:\u00a012.7mm.  X\u00e0i tu\u00fdp 16mm \u0111\u1ec3 m\u1edf.  H\u00e0ng n\u1ed9i \u0111\u1ecba Nh\u1eadt B\u1ea3n.  S\u1ea3n xu\u1ea5t t\u1ea1i Nh\u1eadt B\u1ea3n.\" \/>\n<meta property=\"og:url\" content=\"https:\/\/motortaburo.com\/en\/san-pham\/bugi-standard-c8hsa-chinh-hang-ngk-hang-noi-dia-nhat-ban\/\" \/>\n<meta property=\"og:site_name\" content=\"Motor Taburo - Genuine Motorcycle Parts\" \/>\n<meta property=\"article:publisher\" content=\"https:\/\/www.facebook.com\/MotorTaburo\" \/>\n<meta property=\"article:modified_time\" content=\"2026-01-22T11:06:09+00:00\" \/>\n<meta property=\"og:image\" content=\"https:\/\/motortaburo.com\/wp-content\/uploads\/2024\/10\/PXL_20241028_082121554.jpg\" \/>\n\t<meta property=\"og:image:width\" content=\"1024\" \/>\n\t<meta property=\"og:image:height\" content=\"1024\" \/>\n\t<meta property=\"og:image:type\" content=\"image\/jpeg\" \/>\n<meta name=\"twitter:card\" content=\"summary_large_image\" \/>\n<meta name=\"twitter:label1\" content=\"Price\" \/>\n\t<meta name=\"twitter:data1\" content=\"140.000&nbsp;&#8363;\" \/>\n\t<meta name=\"twitter:label2\" content=\"Availability\" \/>\n\t<meta name=\"twitter:data2\" content=\"Out of stock\" \/>\n<script type=\"application\/ld+json\" class=\"yoast-schema-graph\">{\"@context\":\"https:\/\/schema.org\",\"@graph\":[{\"@type\":\"WebPage\",\"@id\":\"https:\/\/motortaburo.com\/en\/san-pham\/bugi-standard-c8hsa-chinh-hang-ngk-hang-noi-dia-nhat-ban\/\",\"url\":\"https:\/\/motortaburo.com\/en\/san-pham\/bugi-standard-c8hsa-chinh-hang-ngk-hang-noi-dia-nhat-ban\/\",\"name\":\"Bugi Standard C8HSA ch\u00ednh h\u00e3ng NGK, h\u00e0ng n\u1ed9i \u0111\u1ecba Nh\u1eadt B\u1ea3n - Motor Taburo\",\"isPartOf\":{\"@id\":\"https:\/\/motortaburo.com\/en\/#website\"},\"primaryImageOfPage\":{\"@id\":\"https:\/\/motortaburo.com\/en\/san-pham\/bugi-standard-c8hsa-chinh-hang-ngk-hang-noi-dia-nhat-ban\/#primaryimage\"},\"image\":{\"@id\":\"https:\/\/motortaburo.com\/en\/san-pham\/bugi-standard-c8hsa-chinh-hang-ngk-hang-noi-dia-nhat-ban\/#primaryimage\"},\"thumbnailUrl\":\"https:\/\/motortaburo.com\/wp-content\/uploads\/2024\/10\/PXL_20241028_082121554.jpg\",\"datePublished\":\"2024-10-28T09:01:34+00:00\",\"dateModified\":\"2026-01-22T11:06:09+00:00\",\"breadcrumb\":{\"@id\":\"https:\/\/motortaburo.com\/en\/san-pham\/bugi-standard-c8hsa-chinh-hang-ngk-hang-noi-dia-nhat-ban\/#breadcrumb\"},\"inLanguage\":\"en-US\",\"potentialAction\":[{\"@type\":\"ReadAction\",\"target\":[\"https:\/\/motortaburo.com\/en\/san-pham\/bugi-standard-c8hsa-chinh-hang-ngk-hang-noi-dia-nhat-ban\/\"]}]},{\"@type\":\"ImageObject\",\"inLanguage\":\"en-US\",\"@id\":\"https:\/\/motortaburo.com\/en\/san-pham\/bugi-standard-c8hsa-chinh-hang-ngk-hang-noi-dia-nhat-ban\/#primaryimage\",\"url\":\"https:\/\/motortaburo.com\/wp-content\/uploads\/2024\/10\/PXL_20241028_082121554.jpg\",\"contentUrl\":\"https:\/\/motortaburo.com\/wp-content\/uploads\/2024\/10\/PXL_20241028_082121554.jpg\",\"width\":1024,\"height\":1024},{\"@type\":\"BreadcrumbList\",\"@id\":\"https:\/\/motortaburo.com\/en\/san-pham\/bugi-standard-c8hsa-chinh-hang-ngk-hang-noi-dia-nhat-ban\/#breadcrumb\",\"itemListElement\":[{\"@type\":\"ListItem\",\"position\":1,\"name\":\"Home\",\"item\":\"https:\/\/motortaburo.com\/en\/\"},{\"@type\":\"ListItem\",\"position\":2,\"name\":\"\u0110\u1ed3 ch\u01a1i xe\",\"item\":\"https:\/\/motortaburo.com\/do-choi-xe\/\"},{\"@type\":\"ListItem\",\"position\":3,\"name\":\"Bugi Standard C8HSA ch\u00ednh h\u00e3ng NGK, h\u00e0ng n\u1ed9i \u0111\u1ecba Nh\u1eadt B\u1ea3n\"}]},{\"@type\":\"WebSite\",\"@id\":\"https:\/\/motortaburo.com\/en\/#website\",\"url\":\"https:\/\/motortaburo.com\/en\/\",\"name\":\"Motor Taburo - Genuine Motorcycle Parts\",\"description\":\"We sell Japanese motorcycle parts\",\"publisher\":{\"@id\":\"https:\/\/motortaburo.com\/en\/#organization\"},\"alternateName\":\"Motor Taburo\",\"potentialAction\":[{\"@type\":\"SearchAction\",\"target\":{\"@type\":\"EntryPoint\",\"urlTemplate\":\"https:\/\/motortaburo.com\/en\/?s={search_term_string}\"},\"query-input\":{\"@type\":\"PropertyValueSpecification\",\"valueRequired\":true,\"valueName\":\"search_term_string\"}}],\"inLanguage\":\"en-US\"},{\"@type\":\"Organization\",\"@id\":\"https:\/\/motortaburo.com\/en\/#organization\",\"name\":\"Motor Taburo - Genuine Motorcycle Parts\",\"url\":\"https:\/\/motortaburo.com\/en\/\",\"logo\":{\"@type\":\"ImageObject\",\"inLanguage\":\"en-US\",\"@id\":\"https:\/\/motortaburo.com\/en\/#\/schema\/logo\/image\/\",\"url\":\"https:\/\/motortaburo.com\/wp-content\/uploads\/2021\/04\/Motor-Taburo-logo-512.jpg\",\"contentUrl\":\"https:\/\/motortaburo.com\/wp-content\/uploads\/2021\/04\/Motor-Taburo-logo-512.jpg\",\"width\":512,\"height\":512,\"caption\":\"Motor Taburo - Genuine Motorcycle Parts\"},\"image\":{\"@id\":\"https:\/\/motortaburo.com\/en\/#\/schema\/logo\/image\/\"},\"sameAs\":[\"https:\/\/www.facebook.com\/MotorTaburo\"]}]}<\/script>\n<meta property=\"product:brand\" content=\"NGK\" \/>\n<meta property=\"product:price:amount\" content=\"140000\" \/>\n<meta property=\"product:price:currency\" content=\"VND\" \/>\n<meta property=\"og:availability\" content=\"out of stock\" \/>\n<meta property=\"product:availability\" content=\"out of stock\" \/>\n<meta property=\"product:retailer_item_id\" content=\"C8HSA\" \/>\n<meta property=\"product:condition\" content=\"new\" \/>\n<!-- \/ Yoast SEO Premium plugin. -->","yoast_head_json":{"title":"Bugi Standard C8HSA ch\u00ednh h\u00e3ng NGK, h\u00e0ng n\u1ed9i \u0111\u1ecba Nh\u1eadt B\u1ea3n - Motor Taburo","robots":{"index":"index","follow":"follow","max-snippet":"max-snippet:-1","max-image-preview":"max-image-preview:large","max-video-preview":"max-video-preview:-1"},"canonical":"https:\/\/motortaburo.com\/en\/san-pham\/bugi-standard-c8hsa-chinh-hang-ngk-hang-noi-dia-nhat-ban\/","og_locale":"en_US","og_type":"article","og_title":"Bugi Standard C8HSA ch\u00ednh h\u00e3ng NGK, h\u00e0ng n\u1ed9i \u0111\u1ecba Nh\u1eadt B\u1ea3n","og_description":"Set b\u00e1n: 1 c\u00e1i.  Ch\u00e2n ren: 10mm.  Chi\u1ec1u d\u00e0i ch\u00e2n ren:\u00a012.7mm.  X\u00e0i tu\u00fdp 16mm \u0111\u1ec3 m\u1edf.  H\u00e0ng n\u1ed9i \u0111\u1ecba Nh\u1eadt B\u1ea3n.  S\u1ea3n xu\u1ea5t t\u1ea1i Nh\u1eadt B\u1ea3n.","og_url":"https:\/\/motortaburo.com\/en\/san-pham\/bugi-standard-c8hsa-chinh-hang-ngk-hang-noi-dia-nhat-ban\/","og_site_name":"Motor Taburo - Genuine Motorcycle Parts","article_publisher":"https:\/\/www.facebook.com\/MotorTaburo","article_modified_time":"2026-01-22T11:06:09+00:00","og_image":[{"width":1024,"height":1024,"url":"https:\/\/motortaburo.com\/wp-content\/uploads\/2024\/10\/PXL_20241028_082121554.jpg","type":"image\/jpeg"}],"twitter_card":"summary_large_image","twitter_misc":{"Price":"140.000&nbsp;&#8363;","Availability":"Out of stock"},"schema":{"@context":"https:\/\/schema.org","@graph":[{"@type":"WebPage","@id":"https:\/\/motortaburo.com\/en\/san-pham\/bugi-standard-c8hsa-chinh-hang-ngk-hang-noi-dia-nhat-ban\/","url":"https:\/\/motortaburo.com\/en\/san-pham\/bugi-standard-c8hsa-chinh-hang-ngk-hang-noi-dia-nhat-ban\/","name":"Bugi Standard C8HSA ch\u00ednh h\u00e3ng NGK, h\u00e0ng n\u1ed9i \u0111\u1ecba Nh\u1eadt B\u1ea3n - Motor Taburo","isPartOf":{"@id":"https:\/\/motortaburo.com\/en\/#website"},"primaryImageOfPage":{"@id":"https:\/\/motortaburo.com\/en\/san-pham\/bugi-standard-c8hsa-chinh-hang-ngk-hang-noi-dia-nhat-ban\/#primaryimage"},"image":{"@id":"https:\/\/motortaburo.com\/en\/san-pham\/bugi-standard-c8hsa-chinh-hang-ngk-hang-noi-dia-nhat-ban\/#primaryimage"},"thumbnailUrl":"https:\/\/motortaburo.com\/wp-content\/uploads\/2024\/10\/PXL_20241028_082121554.jpg","datePublished":"2024-10-28T09:01:34+00:00","dateModified":"2026-01-22T11:06:09+00:00","breadcrumb":{"@id":"https:\/\/motortaburo.com\/en\/san-pham\/bugi-standard-c8hsa-chinh-hang-ngk-hang-noi-dia-nhat-ban\/#breadcrumb"},"inLanguage":"en-US","potentialAction":[{"@type":"ReadAction","target":["https:\/\/motortaburo.com\/en\/san-pham\/bugi-standard-c8hsa-chinh-hang-ngk-hang-noi-dia-nhat-ban\/"]}]},{"@type":"ImageObject","inLanguage":"en-US","@id":"https:\/\/motortaburo.com\/en\/san-pham\/bugi-standard-c8hsa-chinh-hang-ngk-hang-noi-dia-nhat-ban\/#primaryimage","url":"https:\/\/motortaburo.com\/wp-content\/uploads\/2024\/10\/PXL_20241028_082121554.jpg","contentUrl":"https:\/\/motortaburo.com\/wp-content\/uploads\/2024\/10\/PXL_20241028_082121554.jpg","width":1024,"height":1024},{"@type":"BreadcrumbList","@id":"https:\/\/motortaburo.com\/en\/san-pham\/bugi-standard-c8hsa-chinh-hang-ngk-hang-noi-dia-nhat-ban\/#breadcrumb","itemListElement":[{"@type":"ListItem","position":1,"name":"Home","item":"https:\/\/motortaburo.com\/en\/"},{"@type":"ListItem","position":2,"name":"\u0110\u1ed3 ch\u01a1i xe","item":"https:\/\/motortaburo.com\/do-choi-xe\/"},{"@type":"ListItem","position":3,"name":"Bugi Standard C8HSA ch\u00ednh h\u00e3ng NGK, h\u00e0ng n\u1ed9i \u0111\u1ecba Nh\u1eadt B\u1ea3n"}]},{"@type":"WebSite","@id":"https:\/\/motortaburo.com\/en\/#website","url":"https:\/\/motortaburo.com\/en\/","name":"Motor Taburo - Genuine Motorcycle Parts","description":"We sell Japanese motorcycle parts","publisher":{"@id":"https:\/\/motortaburo.com\/en\/#organization"},"alternateName":"Motor Taburo","potentialAction":[{"@type":"SearchAction","target":{"@type":"EntryPoint","urlTemplate":"https:\/\/motortaburo.com\/en\/?s={search_term_string}"},"query-input":{"@type":"PropertyValueSpecification","valueRequired":true,"valueName":"search_term_string"}}],"inLanguage":"en-US"},{"@type":"Organization","@id":"https:\/\/motortaburo.com\/en\/#organization","name":"Motor Taburo - Genuine Motorcycle Parts","url":"https:\/\/motortaburo.com\/en\/","logo":{"@type":"ImageObject","inLanguage":"en-US","@id":"https:\/\/motortaburo.com\/en\/#\/schema\/logo\/image\/","url":"https:\/\/motortaburo.com\/wp-content\/uploads\/2021\/04\/Motor-Taburo-logo-512.jpg","contentUrl":"https:\/\/motortaburo.com\/wp-content\/uploads\/2021\/04\/Motor-Taburo-logo-512.jpg","width":512,"height":512,"caption":"Motor Taburo - Genuine Motorcycle Parts"},"image":{"@id":"https:\/\/motortaburo.com\/en\/#\/schema\/logo\/image\/"},"sameAs":["https:\/\/www.facebook.com\/MotorTaburo"]}]},"product_brand":"NGK","product_price_amount":"140000","product_price_currency":"VND","og_availability":"out of stock","product_availability":"out of stock","product_retailer_item_id":"C8HSA","product_condition":"new"},"_links":{"self":[{"href":"https:\/\/motortaburo.com\/en\/wp-json\/wp\/v2\/product\/41181","targetHints":{"allow":["GET"]}}],"collection":[{"href":"https:\/\/motortaburo.com\/en\/wp-json\/wp\/v2\/product"}],"about":[{"href":"https:\/\/motortaburo.com\/en\/wp-json\/wp\/v2\/types\/product"}],"replies":[{"embeddable":true,"href":"https:\/\/motortaburo.com\/en\/wp-json\/wp\/v2\/comments?post=41181"}],"version-history":[{"count":1,"href":"https:\/\/motortaburo.com\/en\/wp-json\/wp\/v2\/product\/41181\/revisions"}],"predecessor-version":[{"id":41202,"href":"https:\/\/motortaburo.com\/en\/wp-json\/wp\/v2\/product\/41181\/revisions\/41202"}],"wp:featuredmedia":[{"embeddable":true,"href":"https:\/\/motortaburo.com\/en\/wp-json\/wp\/v2\/media\/41182"}],"wp:attachment":[{"href":"https:\/\/motortaburo.com\/en\/wp-json\/wp\/v2\/media?parent=41181"}],"wp:term":[{"taxonomy":"product_brand","embeddable":true,"href":"https:\/\/motortaburo.com\/en\/wp-json\/wp\/v2\/product_brand?post=41181"},{"taxonomy":"product_cat","embeddable":true,"href":"https:\/\/motortaburo.com\/en\/wp-json\/wp\/v2\/product_cat?post=41181"},{"taxonomy":"product_tag","embeddable":true,"href":"https:\/\/motortaburo.com\/en\/wp-json\/wp\/v2\/product_tag?post=41181"},{"taxonomy":"danh-sach-xe","embeddable":true,"href":"https:\/\/motortaburo.com\/en\/wp-json\/wp\/v2\/danh-sach-xe?post=41181"}],"curies":[{"name":"wp","href":"https:\/\/api.w.org\/{rel}","templated":true}]}}