{"id":41577,"date":"2024-11-30T16:08:33","date_gmt":"2024-11-30T09:08:33","guid":{"rendered":"https:\/\/motortaburo.com\/?post_type=product&#038;p=41577"},"modified":"2026-01-22T18:07:04","modified_gmt":"2026-01-22T11:07:04","slug":"loc-gio-po-air-49mm-chinh-hang-kijima","status":"publish","type":"product","link":"https:\/\/motortaburo.com\/en\/san-pham\/loc-gio-po-air-49mm-chinh-hang-kijima\/","title":{"rendered":"L\u1ecdc gi\u00f3 (p\u00f4 air) 49mm ch\u00ednh h\u00e3ng Kijima"},"content":{"rendered":"","protected":false},"excerpt":{"rendered":"<p>Set b\u00e1n: 1 c\u00e1i.<\/p>\n<p>\u0110\u01b0\u1eddng k\u00ednh trong: 49mm.<\/p>\n<p>H\u00e0ng ch\u00ednh h\u00e3ng Kijima.<\/p>\n<p>S\u1ea3n xu\u1ea5t t\u1ea1i Nh\u1eadt B\u1ea3n.<\/p>\n<p>S\u1eed d\u1ee5ng cho b\u00ecnh\u00a0 x\u0103ng con\u00a0PE28 v\u00e0 PWK28.<\/p>\n<p>\u0110\u00e2y l\u00e0 s\u1ea3n ph\u1ea9m d\u00f9ng ph\u1ed5 bi\u1ebfn, vui l\u00f2ng ki\u1ec3m tra k\u00edch th\u01b0\u1edbc xe c\u1ee7a b\u1ea1n tr\u01b0\u1edbc khi mua.<\/p>\n","protected":false},"featured_media":41579,"comment_status":"open","ping_status":"closed","template":"","meta":[],"product_brand":[],"product_cat":[98],"product_tag":[],"danh-sach-xe":[],"class_list":{"0":"post-41577","1":"product","2":"type-product","3":"status-publish","4":"has-post-thumbnail","6":"product_cat-binh-xang-con-po-air-co-xang","8":"first","9":"instock","10":"shipping-taxable","11":"purchasable","12":"product-type-simple"},"yoast_head":"<!-- This site is optimized with the Yoast SEO Premium plugin v23.3 (Yoast SEO v27.0) - https:\/\/yoast.com\/product\/yoast-seo-premium-wordpress\/ -->\n<title>L\u1ecdc gi\u00f3 (p\u00f4 air) 49mm ch\u00ednh h\u00e3ng Kijima - Motor Taburo<\/title>\n<meta name=\"robots\" content=\"index, follow, max-snippet:-1, max-image-preview:large, max-video-preview:-1\" \/>\n<link rel=\"canonical\" href=\"https:\/\/motortaburo.com\/en\/san-pham\/loc-gio-po-air-49mm-chinh-hang-kijima\/\" \/>\n<meta property=\"og:locale\" content=\"en_US\" \/>\n<meta property=\"og:type\" content=\"article\" \/>\n<meta property=\"og:title\" content=\"L\u1ecdc gi\u00f3 (p\u00f4 air) 49mm ch\u00ednh h\u00e3ng Kijima\" \/>\n<meta property=\"og:description\" content=\"Set b\u00e1n: 1 c\u00e1i.  \u0110\u01b0\u1eddng k\u00ednh trong: 49mm.  H\u00e0ng ch\u00ednh h\u00e3ng Kijima.  S\u1ea3n xu\u1ea5t t\u1ea1i Nh\u1eadt B\u1ea3n.  S\u1eed d\u1ee5ng cho b\u00ecnh\u00a0 x\u0103ng con\u00a0PE28 v\u00e0 PWK28.  \u0110\u00e2y l\u00e0 s\u1ea3n ph\u1ea9m d\u00f9ng ph\u1ed5 bi\u1ebfn, vui l\u00f2ng ki\u1ec3m tra k\u00edch th\u01b0\u1edbc xe c\u1ee7a b\u1ea1n tr\u01b0\u1edbc khi mua.\" \/>\n<meta property=\"og:url\" content=\"https:\/\/motortaburo.com\/en\/san-pham\/loc-gio-po-air-49mm-chinh-hang-kijima\/\" \/>\n<meta property=\"og:site_name\" content=\"Motor Taburo - Genuine Motorcycle Parts\" \/>\n<meta property=\"article:publisher\" content=\"https:\/\/www.facebook.com\/MotorTaburo\" \/>\n<meta property=\"article:modified_time\" content=\"2026-01-22T11:07:04+00:00\" \/>\n<meta property=\"og:image\" content=\"https:\/\/motortaburo.com\/wp-content\/uploads\/2024\/11\/PXL_20241130_075317400.jpg\" \/>\n\t<meta property=\"og:image:width\" content=\"1024\" \/>\n\t<meta property=\"og:image:height\" content=\"1024\" \/>\n\t<meta property=\"og:image:type\" content=\"image\/jpeg\" \/>\n<meta name=\"twitter:card\" content=\"summary_large_image\" \/>\n<meta name=\"twitter:label1\" content=\"Price\" \/>\n\t<meta name=\"twitter:data1\" content=\"520.000&nbsp;&#8363;\" \/>\n\t<meta name=\"twitter:label2\" content=\"Availability\" \/>\n\t<meta name=\"twitter:data2\" content=\"In stock\" \/>\n<script type=\"application\/ld+json\" class=\"yoast-schema-graph\">{\"@context\":\"https:\/\/schema.org\",\"@graph\":[{\"@type\":\"WebPage\",\"@id\":\"https:\/\/motortaburo.com\/en\/san-pham\/loc-gio-po-air-49mm-chinh-hang-kijima\/\",\"url\":\"https:\/\/motortaburo.com\/en\/san-pham\/loc-gio-po-air-49mm-chinh-hang-kijima\/\",\"name\":\"L\u1ecdc gi\u00f3 (p\u00f4 air) 49mm ch\u00ednh h\u00e3ng Kijima - Motor Taburo\",\"isPartOf\":{\"@id\":\"https:\/\/motortaburo.com\/en\/#website\"},\"primaryImageOfPage\":{\"@id\":\"https:\/\/motortaburo.com\/en\/san-pham\/loc-gio-po-air-49mm-chinh-hang-kijima\/#primaryimage\"},\"image\":{\"@id\":\"https:\/\/motortaburo.com\/en\/san-pham\/loc-gio-po-air-49mm-chinh-hang-kijima\/#primaryimage\"},\"thumbnailUrl\":\"https:\/\/motortaburo.com\/wp-content\/uploads\/2024\/11\/PXL_20241130_075317400.jpg\",\"datePublished\":\"2024-11-30T09:08:33+00:00\",\"dateModified\":\"2026-01-22T11:07:04+00:00\",\"breadcrumb\":{\"@id\":\"https:\/\/motortaburo.com\/en\/san-pham\/loc-gio-po-air-49mm-chinh-hang-kijima\/#breadcrumb\"},\"inLanguage\":\"en-US\",\"potentialAction\":[{\"@type\":\"ReadAction\",\"target\":[\"https:\/\/motortaburo.com\/en\/san-pham\/loc-gio-po-air-49mm-chinh-hang-kijima\/\"]}]},{\"@type\":\"ImageObject\",\"inLanguage\":\"en-US\",\"@id\":\"https:\/\/motortaburo.com\/en\/san-pham\/loc-gio-po-air-49mm-chinh-hang-kijima\/#primaryimage\",\"url\":\"https:\/\/motortaburo.com\/wp-content\/uploads\/2024\/11\/PXL_20241130_075317400.jpg\",\"contentUrl\":\"https:\/\/motortaburo.com\/wp-content\/uploads\/2024\/11\/PXL_20241130_075317400.jpg\",\"width\":1024,\"height\":1024},{\"@type\":\"BreadcrumbList\",\"@id\":\"https:\/\/motortaburo.com\/en\/san-pham\/loc-gio-po-air-49mm-chinh-hang-kijima\/#breadcrumb\",\"itemListElement\":[{\"@type\":\"ListItem\",\"position\":1,\"name\":\"Home\",\"item\":\"https:\/\/motortaburo.com\/en\/\"},{\"@type\":\"ListItem\",\"position\":2,\"name\":\"\u0110\u1ed3 ch\u01a1i xe\",\"item\":\"https:\/\/motortaburo.com\/do-choi-xe\/\"},{\"@type\":\"ListItem\",\"position\":3,\"name\":\"L\u1ecdc gi\u00f3 (p\u00f4 air) 49mm ch\u00ednh h\u00e3ng Kijima\"}]},{\"@type\":\"WebSite\",\"@id\":\"https:\/\/motortaburo.com\/en\/#website\",\"url\":\"https:\/\/motortaburo.com\/en\/\",\"name\":\"Motor Taburo - Genuine Motorcycle Parts\",\"description\":\"We sell Japanese motorcycle parts\",\"publisher\":{\"@id\":\"https:\/\/motortaburo.com\/en\/#organization\"},\"alternateName\":\"Motor Taburo\",\"potentialAction\":[{\"@type\":\"SearchAction\",\"target\":{\"@type\":\"EntryPoint\",\"urlTemplate\":\"https:\/\/motortaburo.com\/en\/?s={search_term_string}\"},\"query-input\":{\"@type\":\"PropertyValueSpecification\",\"valueRequired\":true,\"valueName\":\"search_term_string\"}}],\"inLanguage\":\"en-US\"},{\"@type\":\"Organization\",\"@id\":\"https:\/\/motortaburo.com\/en\/#organization\",\"name\":\"Motor Taburo - Genuine Motorcycle Parts\",\"url\":\"https:\/\/motortaburo.com\/en\/\",\"logo\":{\"@type\":\"ImageObject\",\"inLanguage\":\"en-US\",\"@id\":\"https:\/\/motortaburo.com\/en\/#\/schema\/logo\/image\/\",\"url\":\"https:\/\/motortaburo.com\/wp-content\/uploads\/2021\/04\/Motor-Taburo-logo-512.jpg\",\"contentUrl\":\"https:\/\/motortaburo.com\/wp-content\/uploads\/2021\/04\/Motor-Taburo-logo-512.jpg\",\"width\":512,\"height\":512,\"caption\":\"Motor Taburo - Genuine Motorcycle Parts\"},\"image\":{\"@id\":\"https:\/\/motortaburo.com\/en\/#\/schema\/logo\/image\/\"},\"sameAs\":[\"https:\/\/www.facebook.com\/MotorTaburo\"]}]}<\/script>\n<meta property=\"product:brand\" content=\"Kijima\" \/>\n<meta property=\"product:price:amount\" content=\"520000\" \/>\n<meta property=\"product:price:currency\" content=\"VND\" \/>\n<meta property=\"og:availability\" content=\"instock\" \/>\n<meta property=\"product:availability\" content=\"instock\" \/>\n<meta property=\"product:retailer_item_id\" content=\"102-009\" \/>\n<meta property=\"product:condition\" content=\"new\" \/>\n<!-- \/ Yoast SEO Premium plugin. -->","yoast_head_json":{"title":"L\u1ecdc gi\u00f3 (p\u00f4 air) 49mm ch\u00ednh h\u00e3ng Kijima - Motor Taburo","robots":{"index":"index","follow":"follow","max-snippet":"max-snippet:-1","max-image-preview":"max-image-preview:large","max-video-preview":"max-video-preview:-1"},"canonical":"https:\/\/motortaburo.com\/en\/san-pham\/loc-gio-po-air-49mm-chinh-hang-kijima\/","og_locale":"en_US","og_type":"article","og_title":"L\u1ecdc gi\u00f3 (p\u00f4 air) 49mm ch\u00ednh h\u00e3ng Kijima","og_description":"Set b\u00e1n: 1 c\u00e1i.  \u0110\u01b0\u1eddng k\u00ednh trong: 49mm.  H\u00e0ng ch\u00ednh h\u00e3ng Kijima.  S\u1ea3n xu\u1ea5t t\u1ea1i Nh\u1eadt B\u1ea3n.  S\u1eed d\u1ee5ng cho b\u00ecnh\u00a0 x\u0103ng con\u00a0PE28 v\u00e0 PWK28.  \u0110\u00e2y l\u00e0 s\u1ea3n ph\u1ea9m d\u00f9ng ph\u1ed5 bi\u1ebfn, vui l\u00f2ng ki\u1ec3m tra k\u00edch th\u01b0\u1edbc xe c\u1ee7a b\u1ea1n tr\u01b0\u1edbc khi mua.","og_url":"https:\/\/motortaburo.com\/en\/san-pham\/loc-gio-po-air-49mm-chinh-hang-kijima\/","og_site_name":"Motor Taburo - Genuine Motorcycle Parts","article_publisher":"https:\/\/www.facebook.com\/MotorTaburo","article_modified_time":"2026-01-22T11:07:04+00:00","og_image":[{"width":1024,"height":1024,"url":"https:\/\/motortaburo.com\/wp-content\/uploads\/2024\/11\/PXL_20241130_075317400.jpg","type":"image\/jpeg"}],"twitter_card":"summary_large_image","twitter_misc":{"Price":"520.000&nbsp;&#8363;","Availability":"In stock"},"schema":{"@context":"https:\/\/schema.org","@graph":[{"@type":"WebPage","@id":"https:\/\/motortaburo.com\/en\/san-pham\/loc-gio-po-air-49mm-chinh-hang-kijima\/","url":"https:\/\/motortaburo.com\/en\/san-pham\/loc-gio-po-air-49mm-chinh-hang-kijima\/","name":"L\u1ecdc gi\u00f3 (p\u00f4 air) 49mm ch\u00ednh h\u00e3ng Kijima - Motor Taburo","isPartOf":{"@id":"https:\/\/motortaburo.com\/en\/#website"},"primaryImageOfPage":{"@id":"https:\/\/motortaburo.com\/en\/san-pham\/loc-gio-po-air-49mm-chinh-hang-kijima\/#primaryimage"},"image":{"@id":"https:\/\/motortaburo.com\/en\/san-pham\/loc-gio-po-air-49mm-chinh-hang-kijima\/#primaryimage"},"thumbnailUrl":"https:\/\/motortaburo.com\/wp-content\/uploads\/2024\/11\/PXL_20241130_075317400.jpg","datePublished":"2024-11-30T09:08:33+00:00","dateModified":"2026-01-22T11:07:04+00:00","breadcrumb":{"@id":"https:\/\/motortaburo.com\/en\/san-pham\/loc-gio-po-air-49mm-chinh-hang-kijima\/#breadcrumb"},"inLanguage":"en-US","potentialAction":[{"@type":"ReadAction","target":["https:\/\/motortaburo.com\/en\/san-pham\/loc-gio-po-air-49mm-chinh-hang-kijima\/"]}]},{"@type":"ImageObject","inLanguage":"en-US","@id":"https:\/\/motortaburo.com\/en\/san-pham\/loc-gio-po-air-49mm-chinh-hang-kijima\/#primaryimage","url":"https:\/\/motortaburo.com\/wp-content\/uploads\/2024\/11\/PXL_20241130_075317400.jpg","contentUrl":"https:\/\/motortaburo.com\/wp-content\/uploads\/2024\/11\/PXL_20241130_075317400.jpg","width":1024,"height":1024},{"@type":"BreadcrumbList","@id":"https:\/\/motortaburo.com\/en\/san-pham\/loc-gio-po-air-49mm-chinh-hang-kijima\/#breadcrumb","itemListElement":[{"@type":"ListItem","position":1,"name":"Home","item":"https:\/\/motortaburo.com\/en\/"},{"@type":"ListItem","position":2,"name":"\u0110\u1ed3 ch\u01a1i xe","item":"https:\/\/motortaburo.com\/do-choi-xe\/"},{"@type":"ListItem","position":3,"name":"L\u1ecdc gi\u00f3 (p\u00f4 air) 49mm ch\u00ednh h\u00e3ng Kijima"}]},{"@type":"WebSite","@id":"https:\/\/motortaburo.com\/en\/#website","url":"https:\/\/motortaburo.com\/en\/","name":"Motor Taburo - Genuine Motorcycle Parts","description":"We sell Japanese motorcycle parts","publisher":{"@id":"https:\/\/motortaburo.com\/en\/#organization"},"alternateName":"Motor Taburo","potentialAction":[{"@type":"SearchAction","target":{"@type":"EntryPoint","urlTemplate":"https:\/\/motortaburo.com\/en\/?s={search_term_string}"},"query-input":{"@type":"PropertyValueSpecification","valueRequired":true,"valueName":"search_term_string"}}],"inLanguage":"en-US"},{"@type":"Organization","@id":"https:\/\/motortaburo.com\/en\/#organization","name":"Motor Taburo - Genuine Motorcycle Parts","url":"https:\/\/motortaburo.com\/en\/","logo":{"@type":"ImageObject","inLanguage":"en-US","@id":"https:\/\/motortaburo.com\/en\/#\/schema\/logo\/image\/","url":"https:\/\/motortaburo.com\/wp-content\/uploads\/2021\/04\/Motor-Taburo-logo-512.jpg","contentUrl":"https:\/\/motortaburo.com\/wp-content\/uploads\/2021\/04\/Motor-Taburo-logo-512.jpg","width":512,"height":512,"caption":"Motor Taburo - Genuine Motorcycle Parts"},"image":{"@id":"https:\/\/motortaburo.com\/en\/#\/schema\/logo\/image\/"},"sameAs":["https:\/\/www.facebook.com\/MotorTaburo"]}]},"product_brand":"Kijima","product_price_amount":"520000","product_price_currency":"VND","og_availability":"instock","product_availability":"instock","product_retailer_item_id":"102-009","product_condition":"new"},"_links":{"self":[{"href":"https:\/\/motortaburo.com\/en\/wp-json\/wp\/v2\/product\/41577","targetHints":{"allow":["GET"]}}],"collection":[{"href":"https:\/\/motortaburo.com\/en\/wp-json\/wp\/v2\/product"}],"about":[{"href":"https:\/\/motortaburo.com\/en\/wp-json\/wp\/v2\/types\/product"}],"replies":[{"embeddable":true,"href":"https:\/\/motortaburo.com\/en\/wp-json\/wp\/v2\/comments?post=41577"}],"version-history":[{"count":2,"href":"https:\/\/motortaburo.com\/en\/wp-json\/wp\/v2\/product\/41577\/revisions"}],"predecessor-version":[{"id":41600,"href":"https:\/\/motortaburo.com\/en\/wp-json\/wp\/v2\/product\/41577\/revisions\/41600"}],"wp:featuredmedia":[{"embeddable":true,"href":"https:\/\/motortaburo.com\/en\/wp-json\/wp\/v2\/media\/41579"}],"wp:attachment":[{"href":"https:\/\/motortaburo.com\/en\/wp-json\/wp\/v2\/media?parent=41577"}],"wp:term":[{"taxonomy":"product_brand","embeddable":true,"href":"https:\/\/motortaburo.com\/en\/wp-json\/wp\/v2\/product_brand?post=41577"},{"taxonomy":"product_cat","embeddable":true,"href":"https:\/\/motortaburo.com\/en\/wp-json\/wp\/v2\/product_cat?post=41577"},{"taxonomy":"product_tag","embeddable":true,"href":"https:\/\/motortaburo.com\/en\/wp-json\/wp\/v2\/product_tag?post=41577"},{"taxonomy":"danh-sach-xe","embeddable":true,"href":"https:\/\/motortaburo.com\/en\/wp-json\/wp\/v2\/danh-sach-xe?post=41577"}],"curies":[{"name":"wp","href":"https:\/\/api.w.org\/{rel}","templated":true}]}}