{"id":41824,"date":"2025-02-03T18:32:23","date_gmt":"2025-02-03T11:32:23","guid":{"rendered":"https:\/\/motortaburo.com\/?post_type=product&#038;p=41824"},"modified":"2026-01-22T18:07:07","modified_gmt":"2026-01-22T11:07:07","slug":"loc-nhot-nam-cham-cho-w400-w650-w800-z800-chinh-hang-kijima","status":"publish","type":"product","link":"https:\/\/motortaburo.com\/en\/san-pham\/loc-nhot-nam-cham-cho-w400-w650-w800-z800-chinh-hang-kijima\/","title":{"rendered":"L\u1ecdc nh\u1edbt nam ch\u00e2m cho W400, W650, W800, Z800, ch\u00ednh h\u00e3ng Kijima"},"content":{"rendered":"","protected":false},"excerpt":{"rendered":"<p>Set b\u00e1n: 1 c\u00e1i.<\/p>\n<p>H\u00ecnh d\u1ea1ng:\u00a0Cartridge (h\u1ed9p m\u1ef1c).<\/p>\n<p>Chi\u1ec1u d\u00e0i: 70mm. \u0110\u01b0\u1eddng k\u00ednh: 66mm.<\/p>\n<p>C\u00f3 nam ch\u00e2m h\u00fat c\u00e1c c\u1eb7n kim lo\u1ea1i trong b\u1ee5ng m\u00e1y.<\/p>\n<p>H\u00e0ng ch\u00ednh h\u00e3ng Kijima.<\/p>\n<p>S\u1ea3n xu\u1ea5t t\u1ea1i Nh\u1eadt B\u1ea3n.<\/p>\n<p>D\u00f9ng thay th\u1ebf cho c\u00e1c d\u00f2ng xe Kawasaki\u00a0W400, W650, W800, Z800.<\/p>\n","protected":false},"featured_media":41839,"comment_status":"open","ping_status":"closed","template":"","meta":[],"product_brand":[],"product_cat":[233],"product_tag":[],"danh-sach-xe":[],"class_list":{"0":"post-41824","1":"product","2":"type-product","3":"status-publish","4":"has-post-thumbnail","6":"product_cat-nhot-loc-nhot-nap-nhot","8":"first","9":"instock","10":"shipping-taxable","11":"purchasable","12":"product-type-simple"},"yoast_head":"<!-- This site is optimized with the Yoast SEO Premium plugin v23.3 (Yoast SEO v27.0) - https:\/\/yoast.com\/product\/yoast-seo-premium-wordpress\/ -->\n<title>L\u1ecdc nh\u1edbt nam ch\u00e2m cho W400, W650, W800, Z800, ch\u00ednh h\u00e3ng Kijima - Motor Taburo<\/title>\n<meta name=\"robots\" content=\"index, follow, max-snippet:-1, max-image-preview:large, max-video-preview:-1\" \/>\n<link rel=\"canonical\" href=\"https:\/\/motortaburo.com\/en\/san-pham\/loc-nhot-nam-cham-cho-w400-w650-w800-z800-chinh-hang-kijima\/\" \/>\n<meta property=\"og:locale\" content=\"en_US\" \/>\n<meta property=\"og:type\" content=\"article\" \/>\n<meta property=\"og:title\" content=\"L\u1ecdc nh\u1edbt nam ch\u00e2m cho W400, W650, W800, Z800, ch\u00ednh h\u00e3ng Kijima\" \/>\n<meta property=\"og:description\" content=\"Set b\u00e1n: 1 c\u00e1i.  H\u00ecnh d\u1ea1ng:\u00a0Cartridge (h\u1ed9p m\u1ef1c).  Chi\u1ec1u d\u00e0i: 70mm. \u0110\u01b0\u1eddng k\u00ednh: 66mm.  C\u00f3 nam ch\u00e2m h\u00fat c\u00e1c c\u1eb7n kim lo\u1ea1i trong b\u1ee5ng m\u00e1y.  H\u00e0ng ch\u00ednh h\u00e3ng Kijima.  S\u1ea3n xu\u1ea5t t\u1ea1i Nh\u1eadt B\u1ea3n.  D\u00f9ng thay th\u1ebf cho c\u00e1c d\u00f2ng xe Kawasaki\u00a0W400, W650, W800, Z800.\" \/>\n<meta property=\"og:url\" content=\"https:\/\/motortaburo.com\/en\/san-pham\/loc-nhot-nam-cham-cho-w400-w650-w800-z800-chinh-hang-kijima\/\" \/>\n<meta property=\"og:site_name\" content=\"Motor Taburo - Genuine Motorcycle Parts\" \/>\n<meta property=\"article:publisher\" content=\"https:\/\/www.facebook.com\/MotorTaburo\" \/>\n<meta property=\"article:modified_time\" content=\"2026-01-22T11:07:07+00:00\" \/>\n<meta property=\"og:image\" content=\"https:\/\/motortaburo.com\/wp-content\/uploads\/2025\/02\/PXL_20250203_084219031.jpg\" \/>\n\t<meta property=\"og:image:width\" content=\"1024\" \/>\n\t<meta property=\"og:image:height\" content=\"1024\" \/>\n\t<meta property=\"og:image:type\" content=\"image\/jpeg\" \/>\n<meta name=\"twitter:card\" content=\"summary_large_image\" \/>\n<meta name=\"twitter:label1\" content=\"Price\" \/>\n\t<meta name=\"twitter:data1\" content=\"420.000&nbsp;&#8363;\" \/>\n\t<meta name=\"twitter:label2\" content=\"Availability\" \/>\n\t<meta name=\"twitter:data2\" content=\"In stock\" \/>\n<script type=\"application\/ld+json\" class=\"yoast-schema-graph\">{\"@context\":\"https:\/\/schema.org\",\"@graph\":[{\"@type\":\"WebPage\",\"@id\":\"https:\/\/motortaburo.com\/en\/san-pham\/loc-nhot-nam-cham-cho-w400-w650-w800-z800-chinh-hang-kijima\/\",\"url\":\"https:\/\/motortaburo.com\/en\/san-pham\/loc-nhot-nam-cham-cho-w400-w650-w800-z800-chinh-hang-kijima\/\",\"name\":\"L\u1ecdc nh\u1edbt nam ch\u00e2m cho W400, W650, W800, Z800, ch\u00ednh h\u00e3ng Kijima - Motor Taburo\",\"isPartOf\":{\"@id\":\"https:\/\/motortaburo.com\/en\/#website\"},\"primaryImageOfPage\":{\"@id\":\"https:\/\/motortaburo.com\/en\/san-pham\/loc-nhot-nam-cham-cho-w400-w650-w800-z800-chinh-hang-kijima\/#primaryimage\"},\"image\":{\"@id\":\"https:\/\/motortaburo.com\/en\/san-pham\/loc-nhot-nam-cham-cho-w400-w650-w800-z800-chinh-hang-kijima\/#primaryimage\"},\"thumbnailUrl\":\"https:\/\/motortaburo.com\/wp-content\/uploads\/2025\/02\/PXL_20250203_084219031.jpg\",\"datePublished\":\"2025-02-03T11:32:23+00:00\",\"dateModified\":\"2026-01-22T11:07:07+00:00\",\"breadcrumb\":{\"@id\":\"https:\/\/motortaburo.com\/en\/san-pham\/loc-nhot-nam-cham-cho-w400-w650-w800-z800-chinh-hang-kijima\/#breadcrumb\"},\"inLanguage\":\"en-US\",\"potentialAction\":[{\"@type\":\"ReadAction\",\"target\":[\"https:\/\/motortaburo.com\/en\/san-pham\/loc-nhot-nam-cham-cho-w400-w650-w800-z800-chinh-hang-kijima\/\"]}]},{\"@type\":\"ImageObject\",\"inLanguage\":\"en-US\",\"@id\":\"https:\/\/motortaburo.com\/en\/san-pham\/loc-nhot-nam-cham-cho-w400-w650-w800-z800-chinh-hang-kijima\/#primaryimage\",\"url\":\"https:\/\/motortaburo.com\/wp-content\/uploads\/2025\/02\/PXL_20250203_084219031.jpg\",\"contentUrl\":\"https:\/\/motortaburo.com\/wp-content\/uploads\/2025\/02\/PXL_20250203_084219031.jpg\",\"width\":1024,\"height\":1024},{\"@type\":\"BreadcrumbList\",\"@id\":\"https:\/\/motortaburo.com\/en\/san-pham\/loc-nhot-nam-cham-cho-w400-w650-w800-z800-chinh-hang-kijima\/#breadcrumb\",\"itemListElement\":[{\"@type\":\"ListItem\",\"position\":1,\"name\":\"Home\",\"item\":\"https:\/\/motortaburo.com\/en\/\"},{\"@type\":\"ListItem\",\"position\":2,\"name\":\"\u0110\u1ed3 ch\u01a1i xe\",\"item\":\"https:\/\/motortaburo.com\/do-choi-xe\/\"},{\"@type\":\"ListItem\",\"position\":3,\"name\":\"L\u1ecdc nh\u1edbt nam ch\u00e2m cho W400, W650, W800, Z800, ch\u00ednh h\u00e3ng Kijima\"}]},{\"@type\":\"WebSite\",\"@id\":\"https:\/\/motortaburo.com\/en\/#website\",\"url\":\"https:\/\/motortaburo.com\/en\/\",\"name\":\"Motor Taburo - Genuine Motorcycle Parts\",\"description\":\"We sell Japanese motorcycle parts\",\"publisher\":{\"@id\":\"https:\/\/motortaburo.com\/en\/#organization\"},\"alternateName\":\"Motor Taburo\",\"potentialAction\":[{\"@type\":\"SearchAction\",\"target\":{\"@type\":\"EntryPoint\",\"urlTemplate\":\"https:\/\/motortaburo.com\/en\/?s={search_term_string}\"},\"query-input\":{\"@type\":\"PropertyValueSpecification\",\"valueRequired\":true,\"valueName\":\"search_term_string\"}}],\"inLanguage\":\"en-US\"},{\"@type\":\"Organization\",\"@id\":\"https:\/\/motortaburo.com\/en\/#organization\",\"name\":\"Motor Taburo - Genuine Motorcycle Parts\",\"url\":\"https:\/\/motortaburo.com\/en\/\",\"logo\":{\"@type\":\"ImageObject\",\"inLanguage\":\"en-US\",\"@id\":\"https:\/\/motortaburo.com\/en\/#\/schema\/logo\/image\/\",\"url\":\"https:\/\/motortaburo.com\/wp-content\/uploads\/2021\/04\/Motor-Taburo-logo-512.jpg\",\"contentUrl\":\"https:\/\/motortaburo.com\/wp-content\/uploads\/2021\/04\/Motor-Taburo-logo-512.jpg\",\"width\":512,\"height\":512,\"caption\":\"Motor Taburo - Genuine Motorcycle Parts\"},\"image\":{\"@id\":\"https:\/\/motortaburo.com\/en\/#\/schema\/logo\/image\/\"},\"sameAs\":[\"https:\/\/www.facebook.com\/MotorTaburo\"]}]}<\/script>\n<meta property=\"product:brand\" content=\"Kijima\" \/>\n<meta property=\"product:price:amount\" content=\"420000\" \/>\n<meta property=\"product:price:currency\" content=\"VND\" \/>\n<meta property=\"og:availability\" content=\"instock\" \/>\n<meta property=\"product:availability\" content=\"instock\" \/>\n<meta property=\"product:retailer_item_id\" content=\"105-809\" \/>\n<meta property=\"product:condition\" content=\"new\" \/>\n<!-- \/ Yoast SEO Premium plugin. -->","yoast_head_json":{"title":"L\u1ecdc nh\u1edbt nam ch\u00e2m cho W400, W650, W800, Z800, ch\u00ednh h\u00e3ng Kijima - Motor Taburo","robots":{"index":"index","follow":"follow","max-snippet":"max-snippet:-1","max-image-preview":"max-image-preview:large","max-video-preview":"max-video-preview:-1"},"canonical":"https:\/\/motortaburo.com\/en\/san-pham\/loc-nhot-nam-cham-cho-w400-w650-w800-z800-chinh-hang-kijima\/","og_locale":"en_US","og_type":"article","og_title":"L\u1ecdc nh\u1edbt nam ch\u00e2m cho W400, W650, W800, Z800, ch\u00ednh h\u00e3ng Kijima","og_description":"Set b\u00e1n: 1 c\u00e1i.  H\u00ecnh d\u1ea1ng:\u00a0Cartridge (h\u1ed9p m\u1ef1c).  Chi\u1ec1u d\u00e0i: 70mm. \u0110\u01b0\u1eddng k\u00ednh: 66mm.  C\u00f3 nam ch\u00e2m h\u00fat c\u00e1c c\u1eb7n kim lo\u1ea1i trong b\u1ee5ng m\u00e1y.  H\u00e0ng ch\u00ednh h\u00e3ng Kijima.  S\u1ea3n xu\u1ea5t t\u1ea1i Nh\u1eadt B\u1ea3n.  D\u00f9ng thay th\u1ebf cho c\u00e1c d\u00f2ng xe Kawasaki\u00a0W400, W650, W800, Z800.","og_url":"https:\/\/motortaburo.com\/en\/san-pham\/loc-nhot-nam-cham-cho-w400-w650-w800-z800-chinh-hang-kijima\/","og_site_name":"Motor Taburo - Genuine Motorcycle Parts","article_publisher":"https:\/\/www.facebook.com\/MotorTaburo","article_modified_time":"2026-01-22T11:07:07+00:00","og_image":[{"width":1024,"height":1024,"url":"https:\/\/motortaburo.com\/wp-content\/uploads\/2025\/02\/PXL_20250203_084219031.jpg","type":"image\/jpeg"}],"twitter_card":"summary_large_image","twitter_misc":{"Price":"420.000&nbsp;&#8363;","Availability":"In stock"},"schema":{"@context":"https:\/\/schema.org","@graph":[{"@type":"WebPage","@id":"https:\/\/motortaburo.com\/en\/san-pham\/loc-nhot-nam-cham-cho-w400-w650-w800-z800-chinh-hang-kijima\/","url":"https:\/\/motortaburo.com\/en\/san-pham\/loc-nhot-nam-cham-cho-w400-w650-w800-z800-chinh-hang-kijima\/","name":"L\u1ecdc nh\u1edbt nam ch\u00e2m cho W400, W650, W800, Z800, ch\u00ednh h\u00e3ng Kijima - Motor Taburo","isPartOf":{"@id":"https:\/\/motortaburo.com\/en\/#website"},"primaryImageOfPage":{"@id":"https:\/\/motortaburo.com\/en\/san-pham\/loc-nhot-nam-cham-cho-w400-w650-w800-z800-chinh-hang-kijima\/#primaryimage"},"image":{"@id":"https:\/\/motortaburo.com\/en\/san-pham\/loc-nhot-nam-cham-cho-w400-w650-w800-z800-chinh-hang-kijima\/#primaryimage"},"thumbnailUrl":"https:\/\/motortaburo.com\/wp-content\/uploads\/2025\/02\/PXL_20250203_084219031.jpg","datePublished":"2025-02-03T11:32:23+00:00","dateModified":"2026-01-22T11:07:07+00:00","breadcrumb":{"@id":"https:\/\/motortaburo.com\/en\/san-pham\/loc-nhot-nam-cham-cho-w400-w650-w800-z800-chinh-hang-kijima\/#breadcrumb"},"inLanguage":"en-US","potentialAction":[{"@type":"ReadAction","target":["https:\/\/motortaburo.com\/en\/san-pham\/loc-nhot-nam-cham-cho-w400-w650-w800-z800-chinh-hang-kijima\/"]}]},{"@type":"ImageObject","inLanguage":"en-US","@id":"https:\/\/motortaburo.com\/en\/san-pham\/loc-nhot-nam-cham-cho-w400-w650-w800-z800-chinh-hang-kijima\/#primaryimage","url":"https:\/\/motortaburo.com\/wp-content\/uploads\/2025\/02\/PXL_20250203_084219031.jpg","contentUrl":"https:\/\/motortaburo.com\/wp-content\/uploads\/2025\/02\/PXL_20250203_084219031.jpg","width":1024,"height":1024},{"@type":"BreadcrumbList","@id":"https:\/\/motortaburo.com\/en\/san-pham\/loc-nhot-nam-cham-cho-w400-w650-w800-z800-chinh-hang-kijima\/#breadcrumb","itemListElement":[{"@type":"ListItem","position":1,"name":"Home","item":"https:\/\/motortaburo.com\/en\/"},{"@type":"ListItem","position":2,"name":"\u0110\u1ed3 ch\u01a1i xe","item":"https:\/\/motortaburo.com\/do-choi-xe\/"},{"@type":"ListItem","position":3,"name":"L\u1ecdc nh\u1edbt nam ch\u00e2m cho W400, W650, W800, Z800, ch\u00ednh h\u00e3ng Kijima"}]},{"@type":"WebSite","@id":"https:\/\/motortaburo.com\/en\/#website","url":"https:\/\/motortaburo.com\/en\/","name":"Motor Taburo - Genuine Motorcycle Parts","description":"We sell Japanese motorcycle parts","publisher":{"@id":"https:\/\/motortaburo.com\/en\/#organization"},"alternateName":"Motor Taburo","potentialAction":[{"@type":"SearchAction","target":{"@type":"EntryPoint","urlTemplate":"https:\/\/motortaburo.com\/en\/?s={search_term_string}"},"query-input":{"@type":"PropertyValueSpecification","valueRequired":true,"valueName":"search_term_string"}}],"inLanguage":"en-US"},{"@type":"Organization","@id":"https:\/\/motortaburo.com\/en\/#organization","name":"Motor Taburo - Genuine Motorcycle Parts","url":"https:\/\/motortaburo.com\/en\/","logo":{"@type":"ImageObject","inLanguage":"en-US","@id":"https:\/\/motortaburo.com\/en\/#\/schema\/logo\/image\/","url":"https:\/\/motortaburo.com\/wp-content\/uploads\/2021\/04\/Motor-Taburo-logo-512.jpg","contentUrl":"https:\/\/motortaburo.com\/wp-content\/uploads\/2021\/04\/Motor-Taburo-logo-512.jpg","width":512,"height":512,"caption":"Motor Taburo - Genuine Motorcycle Parts"},"image":{"@id":"https:\/\/motortaburo.com\/en\/#\/schema\/logo\/image\/"},"sameAs":["https:\/\/www.facebook.com\/MotorTaburo"]}]},"product_brand":"Kijima","product_price_amount":"420000","product_price_currency":"VND","og_availability":"instock","product_availability":"instock","product_retailer_item_id":"105-809","product_condition":"new"},"_links":{"self":[{"href":"https:\/\/motortaburo.com\/en\/wp-json\/wp\/v2\/product\/41824","targetHints":{"allow":["GET"]}}],"collection":[{"href":"https:\/\/motortaburo.com\/en\/wp-json\/wp\/v2\/product"}],"about":[{"href":"https:\/\/motortaburo.com\/en\/wp-json\/wp\/v2\/types\/product"}],"replies":[{"embeddable":true,"href":"https:\/\/motortaburo.com\/en\/wp-json\/wp\/v2\/comments?post=41824"}],"version-history":[{"count":1,"href":"https:\/\/motortaburo.com\/en\/wp-json\/wp\/v2\/product\/41824\/revisions"}],"predecessor-version":[{"id":41843,"href":"https:\/\/motortaburo.com\/en\/wp-json\/wp\/v2\/product\/41824\/revisions\/41843"}],"wp:featuredmedia":[{"embeddable":true,"href":"https:\/\/motortaburo.com\/en\/wp-json\/wp\/v2\/media\/41839"}],"wp:attachment":[{"href":"https:\/\/motortaburo.com\/en\/wp-json\/wp\/v2\/media?parent=41824"}],"wp:term":[{"taxonomy":"product_brand","embeddable":true,"href":"https:\/\/motortaburo.com\/en\/wp-json\/wp\/v2\/product_brand?post=41824"},{"taxonomy":"product_cat","embeddable":true,"href":"https:\/\/motortaburo.com\/en\/wp-json\/wp\/v2\/product_cat?post=41824"},{"taxonomy":"product_tag","embeddable":true,"href":"https:\/\/motortaburo.com\/en\/wp-json\/wp\/v2\/product_tag?post=41824"},{"taxonomy":"danh-sach-xe","embeddable":true,"href":"https:\/\/motortaburo.com\/en\/wp-json\/wp\/v2\/danh-sach-xe?post=41824"}],"curies":[{"name":"wp","href":"https:\/\/api.w.org\/{rel}","templated":true}]}}