{"id":4202,"date":"2019-12-02T12:04:48","date_gmt":"2019-12-02T05:04:48","guid":{"rendered":"https:\/\/motortaburo.com\/?post_type=product&#038;p=4202"},"modified":"2026-01-22T18:05:55","modified_gmt":"2026-01-22T11:05:55","slug":"bao-tay-kijima-mau-sp1","status":"publish","type":"product","link":"https:\/\/motortaburo.com\/en\/san-pham\/bao-tay-kijima-mau-sp1\/","title":{"rendered":"Bao tay Kijima m\u1eabu SP1"},"content":{"rendered":"","protected":false},"excerpt":{"rendered":"<p>Set b\u00e1n: 1 c\u1eb7p.<\/p>\n<p>Chi\u1ec1u d\u00e0i kho\u1ea3ng 110mm.<\/p>\n<p>\u0110\u01b0\u1eddng k\u00ednh ngo\u00e0i 32mm.<\/p>\n<p>S\u1eed d\u1ee5ng cho ghi \u0111\u00f4ng phi 22.2mm.<\/p>\n<p>H\u00e0ng ch\u00ednh h\u00e3ng Kijima.<\/p>\n<p>S\u1ea3n xu\u1ea5t t\u1ea1i Nh\u1eadt B\u1ea3n.<\/p>\n<p>M\u1eabu n\u00e0y b\u00edt \u0111u\u00f4i, kh\u00f4ng x\u00e0i g\u00f9.<\/p>\n","protected":false},"featured_media":4192,"comment_status":"open","ping_status":"closed","template":"","meta":[],"product_brand":[],"product_cat":[209],"product_tag":[],"danh-sach-xe":[],"class_list":{"0":"post-4202","1":"product","2":"type-product","3":"status-publish","4":"has-post-thumbnail","6":"product_cat-bao-tay","8":"first","9":"instock","10":"shipping-taxable","11":"purchasable","12":"product-type-variable"},"yoast_head":"<!-- This site is optimized with the Yoast SEO Premium plugin v23.3 (Yoast SEO v27.0) - https:\/\/yoast.com\/product\/yoast-seo-premium-wordpress\/ -->\n<title>Bao tay Kijima m\u1eabu SP1 - Motor Taburo<\/title>\n<meta name=\"robots\" content=\"index, follow, max-snippet:-1, max-image-preview:large, max-video-preview:-1\" \/>\n<link rel=\"canonical\" href=\"https:\/\/motortaburo.com\/en\/san-pham\/bao-tay-kijima-mau-sp1\/\" \/>\n<meta property=\"og:locale\" content=\"en_US\" \/>\n<meta property=\"og:type\" content=\"article\" \/>\n<meta property=\"og:title\" content=\"Bao tay Kijima m\u1eabu SP1\" \/>\n<meta property=\"og:description\" content=\"Set b\u00e1n: 1 c\u1eb7p.  Chi\u1ec1u d\u00e0i kho\u1ea3ng 110mm.  \u0110\u01b0\u1eddng k\u00ednh ngo\u00e0i 32mm.  S\u1eed d\u1ee5ng cho ghi \u0111\u00f4ng phi 22.2mm.  H\u00e0ng ch\u00ednh h\u00e3ng Kijima.  S\u1ea3n xu\u1ea5t t\u1ea1i Nh\u1eadt B\u1ea3n.  M\u1eabu n\u00e0y b\u00edt \u0111u\u00f4i, kh\u00f4ng x\u00e0i g\u00f9.\" \/>\n<meta property=\"og:url\" content=\"https:\/\/motortaburo.com\/en\/san-pham\/bao-tay-kijima-mau-sp1\/\" \/>\n<meta property=\"og:site_name\" content=\"Motor Taburo - Genuine Motorcycle Parts\" \/>\n<meta property=\"article:publisher\" content=\"https:\/\/www.facebook.com\/MotorTaburo\" \/>\n<meta property=\"article:modified_time\" content=\"2026-01-22T11:05:55+00:00\" \/>\n<meta property=\"og:image\" content=\"https:\/\/motortaburo.com\/wp-content\/uploads\/2019\/12\/IMG_0569.jpg\" \/>\n\t<meta property=\"og:image:width\" content=\"1024\" \/>\n\t<meta property=\"og:image:height\" content=\"1024\" \/>\n\t<meta property=\"og:image:type\" content=\"image\/jpeg\" \/>\n<meta name=\"twitter:card\" content=\"summary_large_image\" \/>\n<meta name=\"twitter:label1\" content=\"Availability\" \/>\n\t<meta name=\"twitter:data1\" content=\"In stock\" \/>\n<script type=\"application\/ld+json\" class=\"yoast-schema-graph\">{\"@context\":\"https:\/\/schema.org\",\"@graph\":[{\"@type\":\"WebPage\",\"@id\":\"https:\/\/motortaburo.com\/en\/san-pham\/bao-tay-kijima-mau-sp1\/\",\"url\":\"https:\/\/motortaburo.com\/en\/san-pham\/bao-tay-kijima-mau-sp1\/\",\"name\":\"Bao tay Kijima m\u1eabu SP1 - Motor Taburo\",\"isPartOf\":{\"@id\":\"https:\/\/motortaburo.com\/en\/#website\"},\"primaryImageOfPage\":{\"@id\":\"https:\/\/motortaburo.com\/en\/san-pham\/bao-tay-kijima-mau-sp1\/#primaryimage\"},\"image\":{\"@id\":\"https:\/\/motortaburo.com\/en\/san-pham\/bao-tay-kijima-mau-sp1\/#primaryimage\"},\"thumbnailUrl\":\"https:\/\/motortaburo.com\/wp-content\/uploads\/2019\/12\/IMG_0569.jpg\",\"datePublished\":\"2019-12-02T05:04:48+00:00\",\"dateModified\":\"2026-01-22T11:05:55+00:00\",\"breadcrumb\":{\"@id\":\"https:\/\/motortaburo.com\/en\/san-pham\/bao-tay-kijima-mau-sp1\/#breadcrumb\"},\"inLanguage\":\"en-US\",\"potentialAction\":[{\"@type\":\"ReadAction\",\"target\":[\"https:\/\/motortaburo.com\/en\/san-pham\/bao-tay-kijima-mau-sp1\/\"]}]},{\"@type\":\"ImageObject\",\"inLanguage\":\"en-US\",\"@id\":\"https:\/\/motortaburo.com\/en\/san-pham\/bao-tay-kijima-mau-sp1\/#primaryimage\",\"url\":\"https:\/\/motortaburo.com\/wp-content\/uploads\/2019\/12\/IMG_0569.jpg\",\"contentUrl\":\"https:\/\/motortaburo.com\/wp-content\/uploads\/2019\/12\/IMG_0569.jpg\",\"width\":1024,\"height\":1024},{\"@type\":\"BreadcrumbList\",\"@id\":\"https:\/\/motortaburo.com\/en\/san-pham\/bao-tay-kijima-mau-sp1\/#breadcrumb\",\"itemListElement\":[{\"@type\":\"ListItem\",\"position\":1,\"name\":\"Home\",\"item\":\"https:\/\/motortaburo.com\/en\/\"},{\"@type\":\"ListItem\",\"position\":2,\"name\":\"\u0110\u1ed3 ch\u01a1i xe\",\"item\":\"https:\/\/motortaburo.com\/do-choi-xe\/\"},{\"@type\":\"ListItem\",\"position\":3,\"name\":\"Bao tay Kijima m\u1eabu SP1\"}]},{\"@type\":\"WebSite\",\"@id\":\"https:\/\/motortaburo.com\/en\/#website\",\"url\":\"https:\/\/motortaburo.com\/en\/\",\"name\":\"Motor Taburo - Genuine Motorcycle Parts\",\"description\":\"We sell Japanese motorcycle parts\",\"publisher\":{\"@id\":\"https:\/\/motortaburo.com\/en\/#organization\"},\"alternateName\":\"Motor Taburo\",\"potentialAction\":[{\"@type\":\"SearchAction\",\"target\":{\"@type\":\"EntryPoint\",\"urlTemplate\":\"https:\/\/motortaburo.com\/en\/?s={search_term_string}\"},\"query-input\":{\"@type\":\"PropertyValueSpecification\",\"valueRequired\":true,\"valueName\":\"search_term_string\"}}],\"inLanguage\":\"en-US\"},{\"@type\":\"Organization\",\"@id\":\"https:\/\/motortaburo.com\/en\/#organization\",\"name\":\"Motor Taburo - Genuine Motorcycle Parts\",\"url\":\"https:\/\/motortaburo.com\/en\/\",\"logo\":{\"@type\":\"ImageObject\",\"inLanguage\":\"en-US\",\"@id\":\"https:\/\/motortaburo.com\/en\/#\/schema\/logo\/image\/\",\"url\":\"https:\/\/motortaburo.com\/wp-content\/uploads\/2021\/04\/Motor-Taburo-logo-512.jpg\",\"contentUrl\":\"https:\/\/motortaburo.com\/wp-content\/uploads\/2021\/04\/Motor-Taburo-logo-512.jpg\",\"width\":512,\"height\":512,\"caption\":\"Motor Taburo - Genuine Motorcycle Parts\"},\"image\":{\"@id\":\"https:\/\/motortaburo.com\/en\/#\/schema\/logo\/image\/\"},\"sameAs\":[\"https:\/\/www.facebook.com\/MotorTaburo\"]}]}<\/script>\n<meta property=\"product:brand\" content=\"Kijima\" \/>\n<meta property=\"og:availability\" content=\"instock\" \/>\n<meta property=\"product:availability\" content=\"instock\" \/>\n<meta property=\"product:condition\" content=\"new\" \/>\n<!-- \/ Yoast SEO Premium plugin. -->","yoast_head_json":{"title":"Bao tay Kijima m\u1eabu SP1 - Motor Taburo","robots":{"index":"index","follow":"follow","max-snippet":"max-snippet:-1","max-image-preview":"max-image-preview:large","max-video-preview":"max-video-preview:-1"},"canonical":"https:\/\/motortaburo.com\/en\/san-pham\/bao-tay-kijima-mau-sp1\/","og_locale":"en_US","og_type":"article","og_title":"Bao tay Kijima m\u1eabu SP1","og_description":"Set b\u00e1n: 1 c\u1eb7p.  Chi\u1ec1u d\u00e0i kho\u1ea3ng 110mm.  \u0110\u01b0\u1eddng k\u00ednh ngo\u00e0i 32mm.  S\u1eed d\u1ee5ng cho ghi \u0111\u00f4ng phi 22.2mm.  H\u00e0ng ch\u00ednh h\u00e3ng Kijima.  S\u1ea3n xu\u1ea5t t\u1ea1i Nh\u1eadt B\u1ea3n.  M\u1eabu n\u00e0y b\u00edt \u0111u\u00f4i, kh\u00f4ng x\u00e0i g\u00f9.","og_url":"https:\/\/motortaburo.com\/en\/san-pham\/bao-tay-kijima-mau-sp1\/","og_site_name":"Motor Taburo - Genuine Motorcycle Parts","article_publisher":"https:\/\/www.facebook.com\/MotorTaburo","article_modified_time":"2026-01-22T11:05:55+00:00","og_image":[{"width":1024,"height":1024,"url":"https:\/\/motortaburo.com\/wp-content\/uploads\/2019\/12\/IMG_0569.jpg","type":"image\/jpeg"}],"twitter_card":"summary_large_image","twitter_misc":{"Availability":"In stock"},"schema":{"@context":"https:\/\/schema.org","@graph":[{"@type":"WebPage","@id":"https:\/\/motortaburo.com\/en\/san-pham\/bao-tay-kijima-mau-sp1\/","url":"https:\/\/motortaburo.com\/en\/san-pham\/bao-tay-kijima-mau-sp1\/","name":"Bao tay Kijima m\u1eabu SP1 - Motor Taburo","isPartOf":{"@id":"https:\/\/motortaburo.com\/en\/#website"},"primaryImageOfPage":{"@id":"https:\/\/motortaburo.com\/en\/san-pham\/bao-tay-kijima-mau-sp1\/#primaryimage"},"image":{"@id":"https:\/\/motortaburo.com\/en\/san-pham\/bao-tay-kijima-mau-sp1\/#primaryimage"},"thumbnailUrl":"https:\/\/motortaburo.com\/wp-content\/uploads\/2019\/12\/IMG_0569.jpg","datePublished":"2019-12-02T05:04:48+00:00","dateModified":"2026-01-22T11:05:55+00:00","breadcrumb":{"@id":"https:\/\/motortaburo.com\/en\/san-pham\/bao-tay-kijima-mau-sp1\/#breadcrumb"},"inLanguage":"en-US","potentialAction":[{"@type":"ReadAction","target":["https:\/\/motortaburo.com\/en\/san-pham\/bao-tay-kijima-mau-sp1\/"]}]},{"@type":"ImageObject","inLanguage":"en-US","@id":"https:\/\/motortaburo.com\/en\/san-pham\/bao-tay-kijima-mau-sp1\/#primaryimage","url":"https:\/\/motortaburo.com\/wp-content\/uploads\/2019\/12\/IMG_0569.jpg","contentUrl":"https:\/\/motortaburo.com\/wp-content\/uploads\/2019\/12\/IMG_0569.jpg","width":1024,"height":1024},{"@type":"BreadcrumbList","@id":"https:\/\/motortaburo.com\/en\/san-pham\/bao-tay-kijima-mau-sp1\/#breadcrumb","itemListElement":[{"@type":"ListItem","position":1,"name":"Home","item":"https:\/\/motortaburo.com\/en\/"},{"@type":"ListItem","position":2,"name":"\u0110\u1ed3 ch\u01a1i xe","item":"https:\/\/motortaburo.com\/do-choi-xe\/"},{"@type":"ListItem","position":3,"name":"Bao tay Kijima m\u1eabu SP1"}]},{"@type":"WebSite","@id":"https:\/\/motortaburo.com\/en\/#website","url":"https:\/\/motortaburo.com\/en\/","name":"Motor Taburo - Genuine Motorcycle Parts","description":"We sell Japanese motorcycle parts","publisher":{"@id":"https:\/\/motortaburo.com\/en\/#organization"},"alternateName":"Motor Taburo","potentialAction":[{"@type":"SearchAction","target":{"@type":"EntryPoint","urlTemplate":"https:\/\/motortaburo.com\/en\/?s={search_term_string}"},"query-input":{"@type":"PropertyValueSpecification","valueRequired":true,"valueName":"search_term_string"}}],"inLanguage":"en-US"},{"@type":"Organization","@id":"https:\/\/motortaburo.com\/en\/#organization","name":"Motor Taburo - Genuine Motorcycle Parts","url":"https:\/\/motortaburo.com\/en\/","logo":{"@type":"ImageObject","inLanguage":"en-US","@id":"https:\/\/motortaburo.com\/en\/#\/schema\/logo\/image\/","url":"https:\/\/motortaburo.com\/wp-content\/uploads\/2021\/04\/Motor-Taburo-logo-512.jpg","contentUrl":"https:\/\/motortaburo.com\/wp-content\/uploads\/2021\/04\/Motor-Taburo-logo-512.jpg","width":512,"height":512,"caption":"Motor Taburo - Genuine Motorcycle Parts"},"image":{"@id":"https:\/\/motortaburo.com\/en\/#\/schema\/logo\/image\/"},"sameAs":["https:\/\/www.facebook.com\/MotorTaburo"]}]},"product_brand":"Kijima","og_availability":"instock","product_availability":"instock","product_condition":"new"},"_links":{"self":[{"href":"https:\/\/motortaburo.com\/en\/wp-json\/wp\/v2\/product\/4202","targetHints":{"allow":["GET"]}}],"collection":[{"href":"https:\/\/motortaburo.com\/en\/wp-json\/wp\/v2\/product"}],"about":[{"href":"https:\/\/motortaburo.com\/en\/wp-json\/wp\/v2\/types\/product"}],"replies":[{"embeddable":true,"href":"https:\/\/motortaburo.com\/en\/wp-json\/wp\/v2\/comments?post=4202"}],"version-history":[{"count":2,"href":"https:\/\/motortaburo.com\/en\/wp-json\/wp\/v2\/product\/4202\/revisions"}],"predecessor-version":[{"id":42621,"href":"https:\/\/motortaburo.com\/en\/wp-json\/wp\/v2\/product\/4202\/revisions\/42621"}],"wp:featuredmedia":[{"embeddable":true,"href":"https:\/\/motortaburo.com\/en\/wp-json\/wp\/v2\/media\/4192"}],"wp:attachment":[{"href":"https:\/\/motortaburo.com\/en\/wp-json\/wp\/v2\/media?parent=4202"}],"wp:term":[{"taxonomy":"product_brand","embeddable":true,"href":"https:\/\/motortaburo.com\/en\/wp-json\/wp\/v2\/product_brand?post=4202"},{"taxonomy":"product_cat","embeddable":true,"href":"https:\/\/motortaburo.com\/en\/wp-json\/wp\/v2\/product_cat?post=4202"},{"taxonomy":"product_tag","embeddable":true,"href":"https:\/\/motortaburo.com\/en\/wp-json\/wp\/v2\/product_tag?post=4202"},{"taxonomy":"danh-sach-xe","embeddable":true,"href":"https:\/\/motortaburo.com\/en\/wp-json\/wp\/v2\/danh-sach-xe?post=4202"}],"curies":[{"name":"wp","href":"https:\/\/api.w.org\/{rel}","templated":true}]}}