{"id":42075,"date":"2025-04-05T18:44:55","date_gmt":"2025-04-05T11:44:55","guid":{"rendered":"https:\/\/motortaburo.com\/?post_type=product&#038;p=42075"},"modified":"2026-01-22T18:07:19","modified_gmt":"2026-01-22T11:07:19","slug":"nap-xupap-xi-bong-chinh-hang-kijima-nhat-ban","status":"publish","type":"product","link":"https:\/\/motortaburo.com\/en\/san-pham\/nap-xupap-xi-bong-chinh-hang-kijima-nhat-ban\/","title":{"rendered":"N\u1eafp xupap xi b\u00f3ng, ch\u00ednh h\u00e3ng Kijima Nh\u1eadt B\u1ea3n"},"content":{"rendered":"","protected":false},"excerpt":{"rendered":"<p>Set b\u00e1n: 1 c\u1eb7p n\u1eafp v\u00e0 ron \u0111i k\u00e8m.<\/p>\n<p>Ho\u00e0n thi\u1ec7n xi b\u00f3ng b\u1ec1 m\u1eb7t.<\/p>\n<p>H\u00e0ng ch\u00ednh h\u00e3ng Kijima.<\/p>\n<p>S\u1ea3n xu\u1ea5t t\u1ea1i Nh\u1eadt B\u1ea3n.<\/p>\n<p>G\u1eafn cho d\u00f2ng xe th\u00f4ng d\u1ee5ng c\u1ee7a Honda nh\u01b0\u00a0Dream, SS50, CD50, Cub,&#8230;<\/p>\n","protected":false},"featured_media":42078,"comment_status":"open","ping_status":"closed","template":"","meta":[],"product_brand":[],"product_cat":[99],"product_tag":[],"danh-sach-xe":[2387,1876,1861,1860,2350,1859,1854,1880,1850,2390,1847,1846,1845,1844,1843,1842,1841,1840,1839,1813,1833,2362,2443,1869,2352,2405,2367,1831,1830,1827,1826,1824],"class_list":{"0":"post-42075","1":"product","2":"type-product","3":"status-publish","4":"has-post-thumbnail","6":"product_cat-nap-vo-may","7":"danh-sach-xe-cd50-gu","8":"danh-sach-xe-cd50s","9":"danh-sach-xe-chaly-cf50","10":"danh-sach-xe-cl50","11":"danh-sach-xe-cub-c50","12":"danh-sach-xe-dax-st50","13":"danh-sach-xe-gorilla","14":"danh-sach-xe-md50","15":"danh-sach-xe-monkey-50","16":"danh-sach-xe-ss50-66","17":"danh-sach-xe-ss50-67","18":"danh-sach-xe-ss50-68","19":"danh-sach-xe-ss50-69","20":"danh-sach-xe-ss50-72","21":"danh-sach-xe-ss50z","22":"danh-sach-xe-super-cub-50-aa04","23":"danh-sach-xe-super-cub-50-c50","24":"danh-sach-xe-super-cub-50-custom","25":"danh-sach-xe-super-cub-50-pro","26":"danh-sach-xe-cd50-benly","27":"danh-sach-xe-benly-cd90","28":"danh-sach-xe-cd90s","29":"danh-sach-xe-chaly-70-cf70","30":"danh-sach-xe-cl70","31":"danh-sach-xe-ct70","32":"danh-sach-xe-cub-100ex","33":"danh-sach-xe-dax-st90","34":"danh-sach-xe-dd70","35":"danh-sach-xe-dream-thai-110","36":"danh-sach-xe-super-cub-70-c70","37":"danh-sach-xe-super-cub-90-c90","38":"danh-sach-xe-super-dream-110","40":"first","41":"instock","42":"shipping-taxable","43":"purchasable","44":"product-type-simple"},"yoast_head":"<!-- This site is optimized with the Yoast SEO Premium plugin v23.3 (Yoast SEO v27.0) - https:\/\/yoast.com\/product\/yoast-seo-premium-wordpress\/ -->\n<title>N\u1eafp xupap xi b\u00f3ng, ch\u00ednh h\u00e3ng Kijima Nh\u1eadt B\u1ea3n - Motor Taburo<\/title>\n<meta name=\"robots\" content=\"index, follow, max-snippet:-1, max-image-preview:large, max-video-preview:-1\" \/>\n<link rel=\"canonical\" href=\"https:\/\/motortaburo.com\/en\/san-pham\/nap-xupap-xi-bong-chinh-hang-kijima-nhat-ban\/\" \/>\n<meta property=\"og:locale\" content=\"en_US\" \/>\n<meta property=\"og:type\" content=\"article\" \/>\n<meta property=\"og:title\" content=\"N\u1eafp xupap xi b\u00f3ng, ch\u00ednh h\u00e3ng Kijima Nh\u1eadt B\u1ea3n\" \/>\n<meta property=\"og:description\" content=\"Set b\u00e1n: 1 c\u1eb7p n\u1eafp v\u00e0 ron \u0111i k\u00e8m.  Ho\u00e0n thi\u1ec7n xi b\u00f3ng b\u1ec1 m\u1eb7t.  H\u00e0ng ch\u00ednh h\u00e3ng Kijima.  S\u1ea3n xu\u1ea5t t\u1ea1i Nh\u1eadt B\u1ea3n.  G\u1eafn cho d\u00f2ng xe th\u00f4ng d\u1ee5ng c\u1ee7a Honda nh\u01b0\u00a0Dream, SS50, CD50, Cub,...\" \/>\n<meta property=\"og:url\" content=\"https:\/\/motortaburo.com\/en\/san-pham\/nap-xupap-xi-bong-chinh-hang-kijima-nhat-ban\/\" \/>\n<meta property=\"og:site_name\" content=\"Motor Taburo - Genuine Motorcycle Parts\" \/>\n<meta property=\"article:publisher\" content=\"https:\/\/www.facebook.com\/MotorTaburo\" \/>\n<meta property=\"article:modified_time\" content=\"2026-01-22T11:07:19+00:00\" \/>\n<meta property=\"og:image\" content=\"https:\/\/motortaburo.com\/wp-content\/uploads\/2025\/04\/PXL_20250405_111916902.jpg\" \/>\n\t<meta property=\"og:image:width\" content=\"1024\" \/>\n\t<meta property=\"og:image:height\" content=\"1024\" \/>\n\t<meta property=\"og:image:type\" content=\"image\/jpeg\" \/>\n<meta name=\"twitter:card\" content=\"summary_large_image\" \/>\n<meta name=\"twitter:label1\" content=\"Price\" \/>\n\t<meta name=\"twitter:data1\" content=\"420.000&nbsp;&#8363;\" \/>\n\t<meta name=\"twitter:label2\" content=\"Availability\" \/>\n\t<meta name=\"twitter:data2\" content=\"In stock\" \/>\n<script type=\"application\/ld+json\" class=\"yoast-schema-graph\">{\"@context\":\"https:\/\/schema.org\",\"@graph\":[{\"@type\":\"WebPage\",\"@id\":\"https:\/\/motortaburo.com\/en\/san-pham\/nap-xupap-xi-bong-chinh-hang-kijima-nhat-ban\/\",\"url\":\"https:\/\/motortaburo.com\/en\/san-pham\/nap-xupap-xi-bong-chinh-hang-kijima-nhat-ban\/\",\"name\":\"N\u1eafp xupap xi b\u00f3ng, ch\u00ednh h\u00e3ng Kijima Nh\u1eadt B\u1ea3n - Motor Taburo\",\"isPartOf\":{\"@id\":\"https:\/\/motortaburo.com\/en\/#website\"},\"primaryImageOfPage\":{\"@id\":\"https:\/\/motortaburo.com\/en\/san-pham\/nap-xupap-xi-bong-chinh-hang-kijima-nhat-ban\/#primaryimage\"},\"image\":{\"@id\":\"https:\/\/motortaburo.com\/en\/san-pham\/nap-xupap-xi-bong-chinh-hang-kijima-nhat-ban\/#primaryimage\"},\"thumbnailUrl\":\"https:\/\/motortaburo.com\/wp-content\/uploads\/2025\/04\/PXL_20250405_111916902.jpg\",\"datePublished\":\"2025-04-05T11:44:55+00:00\",\"dateModified\":\"2026-01-22T11:07:19+00:00\",\"breadcrumb\":{\"@id\":\"https:\/\/motortaburo.com\/en\/san-pham\/nap-xupap-xi-bong-chinh-hang-kijima-nhat-ban\/#breadcrumb\"},\"inLanguage\":\"en-US\",\"potentialAction\":[{\"@type\":\"ReadAction\",\"target\":[\"https:\/\/motortaburo.com\/en\/san-pham\/nap-xupap-xi-bong-chinh-hang-kijima-nhat-ban\/\"]}]},{\"@type\":\"ImageObject\",\"inLanguage\":\"en-US\",\"@id\":\"https:\/\/motortaburo.com\/en\/san-pham\/nap-xupap-xi-bong-chinh-hang-kijima-nhat-ban\/#primaryimage\",\"url\":\"https:\/\/motortaburo.com\/wp-content\/uploads\/2025\/04\/PXL_20250405_111916902.jpg\",\"contentUrl\":\"https:\/\/motortaburo.com\/wp-content\/uploads\/2025\/04\/PXL_20250405_111916902.jpg\",\"width\":1024,\"height\":1024},{\"@type\":\"BreadcrumbList\",\"@id\":\"https:\/\/motortaburo.com\/en\/san-pham\/nap-xupap-xi-bong-chinh-hang-kijima-nhat-ban\/#breadcrumb\",\"itemListElement\":[{\"@type\":\"ListItem\",\"position\":1,\"name\":\"Home\",\"item\":\"https:\/\/motortaburo.com\/en\/\"},{\"@type\":\"ListItem\",\"position\":2,\"name\":\"\u0110\u1ed3 ch\u01a1i xe\",\"item\":\"https:\/\/motortaburo.com\/do-choi-xe\/\"},{\"@type\":\"ListItem\",\"position\":3,\"name\":\"N\u1eafp xupap xi b\u00f3ng, ch\u00ednh h\u00e3ng Kijima Nh\u1eadt B\u1ea3n\"}]},{\"@type\":\"WebSite\",\"@id\":\"https:\/\/motortaburo.com\/en\/#website\",\"url\":\"https:\/\/motortaburo.com\/en\/\",\"name\":\"Motor Taburo - Genuine Motorcycle Parts\",\"description\":\"We sell Japanese motorcycle parts\",\"publisher\":{\"@id\":\"https:\/\/motortaburo.com\/en\/#organization\"},\"alternateName\":\"Motor Taburo\",\"potentialAction\":[{\"@type\":\"SearchAction\",\"target\":{\"@type\":\"EntryPoint\",\"urlTemplate\":\"https:\/\/motortaburo.com\/en\/?s={search_term_string}\"},\"query-input\":{\"@type\":\"PropertyValueSpecification\",\"valueRequired\":true,\"valueName\":\"search_term_string\"}}],\"inLanguage\":\"en-US\"},{\"@type\":\"Organization\",\"@id\":\"https:\/\/motortaburo.com\/en\/#organization\",\"name\":\"Motor Taburo - Genuine Motorcycle Parts\",\"url\":\"https:\/\/motortaburo.com\/en\/\",\"logo\":{\"@type\":\"ImageObject\",\"inLanguage\":\"en-US\",\"@id\":\"https:\/\/motortaburo.com\/en\/#\/schema\/logo\/image\/\",\"url\":\"https:\/\/motortaburo.com\/wp-content\/uploads\/2021\/04\/Motor-Taburo-logo-512.jpg\",\"contentUrl\":\"https:\/\/motortaburo.com\/wp-content\/uploads\/2021\/04\/Motor-Taburo-logo-512.jpg\",\"width\":512,\"height\":512,\"caption\":\"Motor Taburo - Genuine Motorcycle Parts\"},\"image\":{\"@id\":\"https:\/\/motortaburo.com\/en\/#\/schema\/logo\/image\/\"},\"sameAs\":[\"https:\/\/www.facebook.com\/MotorTaburo\"]}]}<\/script>\n<meta property=\"product:brand\" content=\"Kijima\" \/>\n<meta property=\"product:price:amount\" content=\"420000\" \/>\n<meta property=\"product:price:currency\" content=\"VND\" \/>\n<meta property=\"og:availability\" content=\"instock\" \/>\n<meta property=\"product:availability\" content=\"instock\" \/>\n<meta property=\"product:retailer_item_id\" content=\"101-230M\" \/>\n<meta property=\"product:condition\" content=\"new\" \/>\n<!-- \/ Yoast SEO Premium plugin. -->","yoast_head_json":{"title":"N\u1eafp xupap xi b\u00f3ng, ch\u00ednh h\u00e3ng Kijima Nh\u1eadt B\u1ea3n - Motor Taburo","robots":{"index":"index","follow":"follow","max-snippet":"max-snippet:-1","max-image-preview":"max-image-preview:large","max-video-preview":"max-video-preview:-1"},"canonical":"https:\/\/motortaburo.com\/en\/san-pham\/nap-xupap-xi-bong-chinh-hang-kijima-nhat-ban\/","og_locale":"en_US","og_type":"article","og_title":"N\u1eafp xupap xi b\u00f3ng, ch\u00ednh h\u00e3ng Kijima Nh\u1eadt B\u1ea3n","og_description":"Set b\u00e1n: 1 c\u1eb7p n\u1eafp v\u00e0 ron \u0111i k\u00e8m.  Ho\u00e0n thi\u1ec7n xi b\u00f3ng b\u1ec1 m\u1eb7t.  H\u00e0ng ch\u00ednh h\u00e3ng Kijima.  S\u1ea3n xu\u1ea5t t\u1ea1i Nh\u1eadt B\u1ea3n.  G\u1eafn cho d\u00f2ng xe th\u00f4ng d\u1ee5ng c\u1ee7a Honda nh\u01b0\u00a0Dream, SS50, CD50, Cub,...","og_url":"https:\/\/motortaburo.com\/en\/san-pham\/nap-xupap-xi-bong-chinh-hang-kijima-nhat-ban\/","og_site_name":"Motor Taburo - Genuine Motorcycle Parts","article_publisher":"https:\/\/www.facebook.com\/MotorTaburo","article_modified_time":"2026-01-22T11:07:19+00:00","og_image":[{"width":1024,"height":1024,"url":"https:\/\/motortaburo.com\/wp-content\/uploads\/2025\/04\/PXL_20250405_111916902.jpg","type":"image\/jpeg"}],"twitter_card":"summary_large_image","twitter_misc":{"Price":"420.000&nbsp;&#8363;","Availability":"In stock"},"schema":{"@context":"https:\/\/schema.org","@graph":[{"@type":"WebPage","@id":"https:\/\/motortaburo.com\/en\/san-pham\/nap-xupap-xi-bong-chinh-hang-kijima-nhat-ban\/","url":"https:\/\/motortaburo.com\/en\/san-pham\/nap-xupap-xi-bong-chinh-hang-kijima-nhat-ban\/","name":"N\u1eafp xupap xi b\u00f3ng, ch\u00ednh h\u00e3ng Kijima Nh\u1eadt B\u1ea3n - Motor Taburo","isPartOf":{"@id":"https:\/\/motortaburo.com\/en\/#website"},"primaryImageOfPage":{"@id":"https:\/\/motortaburo.com\/en\/san-pham\/nap-xupap-xi-bong-chinh-hang-kijima-nhat-ban\/#primaryimage"},"image":{"@id":"https:\/\/motortaburo.com\/en\/san-pham\/nap-xupap-xi-bong-chinh-hang-kijima-nhat-ban\/#primaryimage"},"thumbnailUrl":"https:\/\/motortaburo.com\/wp-content\/uploads\/2025\/04\/PXL_20250405_111916902.jpg","datePublished":"2025-04-05T11:44:55+00:00","dateModified":"2026-01-22T11:07:19+00:00","breadcrumb":{"@id":"https:\/\/motortaburo.com\/en\/san-pham\/nap-xupap-xi-bong-chinh-hang-kijima-nhat-ban\/#breadcrumb"},"inLanguage":"en-US","potentialAction":[{"@type":"ReadAction","target":["https:\/\/motortaburo.com\/en\/san-pham\/nap-xupap-xi-bong-chinh-hang-kijima-nhat-ban\/"]}]},{"@type":"ImageObject","inLanguage":"en-US","@id":"https:\/\/motortaburo.com\/en\/san-pham\/nap-xupap-xi-bong-chinh-hang-kijima-nhat-ban\/#primaryimage","url":"https:\/\/motortaburo.com\/wp-content\/uploads\/2025\/04\/PXL_20250405_111916902.jpg","contentUrl":"https:\/\/motortaburo.com\/wp-content\/uploads\/2025\/04\/PXL_20250405_111916902.jpg","width":1024,"height":1024},{"@type":"BreadcrumbList","@id":"https:\/\/motortaburo.com\/en\/san-pham\/nap-xupap-xi-bong-chinh-hang-kijima-nhat-ban\/#breadcrumb","itemListElement":[{"@type":"ListItem","position":1,"name":"Home","item":"https:\/\/motortaburo.com\/en\/"},{"@type":"ListItem","position":2,"name":"\u0110\u1ed3 ch\u01a1i xe","item":"https:\/\/motortaburo.com\/do-choi-xe\/"},{"@type":"ListItem","position":3,"name":"N\u1eafp xupap xi b\u00f3ng, ch\u00ednh h\u00e3ng Kijima Nh\u1eadt B\u1ea3n"}]},{"@type":"WebSite","@id":"https:\/\/motortaburo.com\/en\/#website","url":"https:\/\/motortaburo.com\/en\/","name":"Motor Taburo - Genuine Motorcycle Parts","description":"We sell Japanese motorcycle parts","publisher":{"@id":"https:\/\/motortaburo.com\/en\/#organization"},"alternateName":"Motor Taburo","potentialAction":[{"@type":"SearchAction","target":{"@type":"EntryPoint","urlTemplate":"https:\/\/motortaburo.com\/en\/?s={search_term_string}"},"query-input":{"@type":"PropertyValueSpecification","valueRequired":true,"valueName":"search_term_string"}}],"inLanguage":"en-US"},{"@type":"Organization","@id":"https:\/\/motortaburo.com\/en\/#organization","name":"Motor Taburo - Genuine Motorcycle Parts","url":"https:\/\/motortaburo.com\/en\/","logo":{"@type":"ImageObject","inLanguage":"en-US","@id":"https:\/\/motortaburo.com\/en\/#\/schema\/logo\/image\/","url":"https:\/\/motortaburo.com\/wp-content\/uploads\/2021\/04\/Motor-Taburo-logo-512.jpg","contentUrl":"https:\/\/motortaburo.com\/wp-content\/uploads\/2021\/04\/Motor-Taburo-logo-512.jpg","width":512,"height":512,"caption":"Motor Taburo - Genuine Motorcycle Parts"},"image":{"@id":"https:\/\/motortaburo.com\/en\/#\/schema\/logo\/image\/"},"sameAs":["https:\/\/www.facebook.com\/MotorTaburo"]}]},"product_brand":"Kijima","product_price_amount":"420000","product_price_currency":"VND","og_availability":"instock","product_availability":"instock","product_retailer_item_id":"101-230M","product_condition":"new"},"_links":{"self":[{"href":"https:\/\/motortaburo.com\/en\/wp-json\/wp\/v2\/product\/42075","targetHints":{"allow":["GET"]}}],"collection":[{"href":"https:\/\/motortaburo.com\/en\/wp-json\/wp\/v2\/product"}],"about":[{"href":"https:\/\/motortaburo.com\/en\/wp-json\/wp\/v2\/types\/product"}],"replies":[{"embeddable":true,"href":"https:\/\/motortaburo.com\/en\/wp-json\/wp\/v2\/comments?post=42075"}],"version-history":[{"count":1,"href":"https:\/\/motortaburo.com\/en\/wp-json\/wp\/v2\/product\/42075\/revisions"}],"predecessor-version":[{"id":42098,"href":"https:\/\/motortaburo.com\/en\/wp-json\/wp\/v2\/product\/42075\/revisions\/42098"}],"wp:featuredmedia":[{"embeddable":true,"href":"https:\/\/motortaburo.com\/en\/wp-json\/wp\/v2\/media\/42078"}],"wp:attachment":[{"href":"https:\/\/motortaburo.com\/en\/wp-json\/wp\/v2\/media?parent=42075"}],"wp:term":[{"taxonomy":"product_brand","embeddable":true,"href":"https:\/\/motortaburo.com\/en\/wp-json\/wp\/v2\/product_brand?post=42075"},{"taxonomy":"product_cat","embeddable":true,"href":"https:\/\/motortaburo.com\/en\/wp-json\/wp\/v2\/product_cat?post=42075"},{"taxonomy":"product_tag","embeddable":true,"href":"https:\/\/motortaburo.com\/en\/wp-json\/wp\/v2\/product_tag?post=42075"},{"taxonomy":"danh-sach-xe","embeddable":true,"href":"https:\/\/motortaburo.com\/en\/wp-json\/wp\/v2\/danh-sach-xe?post=42075"}],"curies":[{"name":"wp","href":"https:\/\/api.w.org\/{rel}","templated":true}]}}