{"id":42332,"date":"2025-04-20T18:21:29","date_gmt":"2025-04-20T11:21:29","guid":{"rendered":"https:\/\/motortaburo.com\/?post_type=product&#038;p=42332"},"modified":"2026-01-22T18:06:55","modified_gmt":"2026-01-22T11:06:55","slug":"gu-bao-tay-mau-premium-zone-chinh-hang-daytona","status":"publish","type":"product","link":"https:\/\/motortaburo.com\/en\/san-pham\/gu-bao-tay-mau-premium-zone-chinh-hang-daytona\/","title":{"rendered":"G\u00f9 bao tay m\u1eabu PREMIUM ZONE, ch\u00ednh h\u00e3ng Daytona"},"content":{"rendered":"","protected":false},"excerpt":{"rendered":"<p>M\u1ed9t b\u1ed9 g\u1ed3m 2 g\u00f9 nh\u00f4m, 2 ch\u1ed1t b\u1eb1ng th\u00e9p\u00a0v\u00e0 2 bulong.<\/p>\n<p>H\u00e0ng ch\u00ednh h\u00e3ng Daytona.<\/p>\n<p>S\u1ea3n xu\u1ea5t t\u1ea1i Nh\u1eadt B\u1ea3n.<\/p>\n<p>D\u1ecdn xe kh\u00f4ng th\u1ec3 thi\u1ebfu m\u00f3n trang tr\u00ed n\u00e0y.<\/p>\n<p>T\u1ea1o th\u00eam v\u1ebb thanh tho\u00e1t, m\u1ea1nh m\u1ebd cho chi\u1ebfc x\u1ebf y\u00eau c\u1ee7a b\u1ea1n.<\/p>\n","protected":false},"featured_media":42339,"comment_status":"open","ping_status":"closed","template":"","meta":[],"product_brand":[],"product_cat":[410],"product_tag":[],"danh-sach-xe":[],"class_list":{"0":"post-42332","1":"product","2":"type-product","3":"status-publish","4":"has-post-thumbnail","6":"product_cat-gu-bao-tay","8":"first","9":"instock","10":"shipping-taxable","11":"purchasable","12":"product-type-variable"},"yoast_head":"<!-- This site is optimized with the Yoast SEO Premium plugin v23.3 (Yoast SEO v27.0) - https:\/\/yoast.com\/product\/yoast-seo-premium-wordpress\/ -->\n<title>G\u00f9 bao tay m\u1eabu PREMIUM ZONE, ch\u00ednh h\u00e3ng Daytona - Motor Taburo<\/title>\n<meta name=\"robots\" content=\"index, follow, max-snippet:-1, max-image-preview:large, max-video-preview:-1\" \/>\n<link rel=\"canonical\" href=\"https:\/\/motortaburo.com\/en\/san-pham\/gu-bao-tay-mau-premium-zone-chinh-hang-daytona\/\" \/>\n<meta property=\"og:locale\" content=\"en_US\" \/>\n<meta property=\"og:type\" content=\"article\" \/>\n<meta property=\"og:title\" content=\"G\u00f9 bao tay m\u1eabu PREMIUM ZONE, ch\u00ednh h\u00e3ng Daytona\" \/>\n<meta property=\"og:description\" content=\"M\u1ed9t b\u1ed9 g\u1ed3m 2 g\u00f9 nh\u00f4m, 2 ch\u1ed1t b\u1eb1ng th\u00e9p\u00a0v\u00e0 2 bulong.  H\u00e0ng ch\u00ednh h\u00e3ng Daytona.  S\u1ea3n xu\u1ea5t t\u1ea1i Nh\u1eadt B\u1ea3n.  D\u1ecdn xe kh\u00f4ng th\u1ec3 thi\u1ebfu m\u00f3n trang tr\u00ed n\u00e0y.  T\u1ea1o th\u00eam v\u1ebb thanh tho\u00e1t, m\u1ea1nh m\u1ebd cho chi\u1ebfc x\u1ebf y\u00eau c\u1ee7a b\u1ea1n.\" \/>\n<meta property=\"og:url\" content=\"https:\/\/motortaburo.com\/en\/san-pham\/gu-bao-tay-mau-premium-zone-chinh-hang-daytona\/\" \/>\n<meta property=\"og:site_name\" content=\"Motor Taburo - Genuine Motorcycle Parts\" \/>\n<meta property=\"article:publisher\" content=\"https:\/\/www.facebook.com\/MotorTaburo\" \/>\n<meta property=\"article:modified_time\" content=\"2026-01-22T11:06:55+00:00\" \/>\n<meta property=\"og:image\" content=\"https:\/\/motortaburo.com\/wp-content\/uploads\/2025\/04\/PXL_20250420_091010411.jpg\" \/>\n\t<meta property=\"og:image:width\" content=\"1024\" \/>\n\t<meta property=\"og:image:height\" content=\"1024\" \/>\n\t<meta property=\"og:image:type\" content=\"image\/jpeg\" \/>\n<meta name=\"twitter:card\" content=\"summary_large_image\" \/>\n<meta name=\"twitter:label1\" content=\"Availability\" \/>\n\t<meta name=\"twitter:data1\" content=\"In stock\" \/>\n<script type=\"application\/ld+json\" class=\"yoast-schema-graph\">{\"@context\":\"https:\/\/schema.org\",\"@graph\":[{\"@type\":\"WebPage\",\"@id\":\"https:\/\/motortaburo.com\/en\/san-pham\/gu-bao-tay-mau-premium-zone-chinh-hang-daytona\/\",\"url\":\"https:\/\/motortaburo.com\/en\/san-pham\/gu-bao-tay-mau-premium-zone-chinh-hang-daytona\/\",\"name\":\"G\u00f9 bao tay m\u1eabu PREMIUM ZONE, ch\u00ednh h\u00e3ng Daytona - Motor Taburo\",\"isPartOf\":{\"@id\":\"https:\/\/motortaburo.com\/en\/#website\"},\"primaryImageOfPage\":{\"@id\":\"https:\/\/motortaburo.com\/en\/san-pham\/gu-bao-tay-mau-premium-zone-chinh-hang-daytona\/#primaryimage\"},\"image\":{\"@id\":\"https:\/\/motortaburo.com\/en\/san-pham\/gu-bao-tay-mau-premium-zone-chinh-hang-daytona\/#primaryimage\"},\"thumbnailUrl\":\"https:\/\/motortaburo.com\/wp-content\/uploads\/2025\/04\/PXL_20250420_091010411.jpg\",\"datePublished\":\"2025-04-20T11:21:29+00:00\",\"dateModified\":\"2026-01-22T11:06:55+00:00\",\"breadcrumb\":{\"@id\":\"https:\/\/motortaburo.com\/en\/san-pham\/gu-bao-tay-mau-premium-zone-chinh-hang-daytona\/#breadcrumb\"},\"inLanguage\":\"en-US\",\"potentialAction\":[{\"@type\":\"ReadAction\",\"target\":[\"https:\/\/motortaburo.com\/en\/san-pham\/gu-bao-tay-mau-premium-zone-chinh-hang-daytona\/\"]}]},{\"@type\":\"ImageObject\",\"inLanguage\":\"en-US\",\"@id\":\"https:\/\/motortaburo.com\/en\/san-pham\/gu-bao-tay-mau-premium-zone-chinh-hang-daytona\/#primaryimage\",\"url\":\"https:\/\/motortaburo.com\/wp-content\/uploads\/2025\/04\/PXL_20250420_091010411.jpg\",\"contentUrl\":\"https:\/\/motortaburo.com\/wp-content\/uploads\/2025\/04\/PXL_20250420_091010411.jpg\",\"width\":1024,\"height\":1024},{\"@type\":\"BreadcrumbList\",\"@id\":\"https:\/\/motortaburo.com\/en\/san-pham\/gu-bao-tay-mau-premium-zone-chinh-hang-daytona\/#breadcrumb\",\"itemListElement\":[{\"@type\":\"ListItem\",\"position\":1,\"name\":\"Home\",\"item\":\"https:\/\/motortaburo.com\/en\/\"},{\"@type\":\"ListItem\",\"position\":2,\"name\":\"\u0110\u1ed3 ch\u01a1i xe\",\"item\":\"https:\/\/motortaburo.com\/do-choi-xe\/\"},{\"@type\":\"ListItem\",\"position\":3,\"name\":\"G\u00f9 bao tay m\u1eabu PREMIUM ZONE, ch\u00ednh h\u00e3ng Daytona\"}]},{\"@type\":\"WebSite\",\"@id\":\"https:\/\/motortaburo.com\/en\/#website\",\"url\":\"https:\/\/motortaburo.com\/en\/\",\"name\":\"Motor Taburo - Genuine Motorcycle Parts\",\"description\":\"We sell Japanese motorcycle parts\",\"publisher\":{\"@id\":\"https:\/\/motortaburo.com\/en\/#organization\"},\"alternateName\":\"Motor Taburo\",\"potentialAction\":[{\"@type\":\"SearchAction\",\"target\":{\"@type\":\"EntryPoint\",\"urlTemplate\":\"https:\/\/motortaburo.com\/en\/?s={search_term_string}\"},\"query-input\":{\"@type\":\"PropertyValueSpecification\",\"valueRequired\":true,\"valueName\":\"search_term_string\"}}],\"inLanguage\":\"en-US\"},{\"@type\":\"Organization\",\"@id\":\"https:\/\/motortaburo.com\/en\/#organization\",\"name\":\"Motor Taburo - Genuine Motorcycle Parts\",\"url\":\"https:\/\/motortaburo.com\/en\/\",\"logo\":{\"@type\":\"ImageObject\",\"inLanguage\":\"en-US\",\"@id\":\"https:\/\/motortaburo.com\/en\/#\/schema\/logo\/image\/\",\"url\":\"https:\/\/motortaburo.com\/wp-content\/uploads\/2021\/04\/Motor-Taburo-logo-512.jpg\",\"contentUrl\":\"https:\/\/motortaburo.com\/wp-content\/uploads\/2021\/04\/Motor-Taburo-logo-512.jpg\",\"width\":512,\"height\":512,\"caption\":\"Motor Taburo - Genuine Motorcycle Parts\"},\"image\":{\"@id\":\"https:\/\/motortaburo.com\/en\/#\/schema\/logo\/image\/\"},\"sameAs\":[\"https:\/\/www.facebook.com\/MotorTaburo\"]}]}<\/script>\n<meta property=\"product:brand\" content=\"Daytona\" \/>\n<meta property=\"og:availability\" content=\"instock\" \/>\n<meta property=\"product:availability\" content=\"instock\" \/>\n<meta property=\"product:condition\" content=\"new\" \/>\n<!-- \/ Yoast SEO Premium plugin. -->","yoast_head_json":{"title":"G\u00f9 bao tay m\u1eabu PREMIUM ZONE, ch\u00ednh h\u00e3ng Daytona - Motor Taburo","robots":{"index":"index","follow":"follow","max-snippet":"max-snippet:-1","max-image-preview":"max-image-preview:large","max-video-preview":"max-video-preview:-1"},"canonical":"https:\/\/motortaburo.com\/en\/san-pham\/gu-bao-tay-mau-premium-zone-chinh-hang-daytona\/","og_locale":"en_US","og_type":"article","og_title":"G\u00f9 bao tay m\u1eabu PREMIUM ZONE, ch\u00ednh h\u00e3ng Daytona","og_description":"M\u1ed9t b\u1ed9 g\u1ed3m 2 g\u00f9 nh\u00f4m, 2 ch\u1ed1t b\u1eb1ng th\u00e9p\u00a0v\u00e0 2 bulong.  H\u00e0ng ch\u00ednh h\u00e3ng Daytona.  S\u1ea3n xu\u1ea5t t\u1ea1i Nh\u1eadt B\u1ea3n.  D\u1ecdn xe kh\u00f4ng th\u1ec3 thi\u1ebfu m\u00f3n trang tr\u00ed n\u00e0y.  T\u1ea1o th\u00eam v\u1ebb thanh tho\u00e1t, m\u1ea1nh m\u1ebd cho chi\u1ebfc x\u1ebf y\u00eau c\u1ee7a b\u1ea1n.","og_url":"https:\/\/motortaburo.com\/en\/san-pham\/gu-bao-tay-mau-premium-zone-chinh-hang-daytona\/","og_site_name":"Motor Taburo - Genuine Motorcycle Parts","article_publisher":"https:\/\/www.facebook.com\/MotorTaburo","article_modified_time":"2026-01-22T11:06:55+00:00","og_image":[{"width":1024,"height":1024,"url":"https:\/\/motortaburo.com\/wp-content\/uploads\/2025\/04\/PXL_20250420_091010411.jpg","type":"image\/jpeg"}],"twitter_card":"summary_large_image","twitter_misc":{"Availability":"In stock"},"schema":{"@context":"https:\/\/schema.org","@graph":[{"@type":"WebPage","@id":"https:\/\/motortaburo.com\/en\/san-pham\/gu-bao-tay-mau-premium-zone-chinh-hang-daytona\/","url":"https:\/\/motortaburo.com\/en\/san-pham\/gu-bao-tay-mau-premium-zone-chinh-hang-daytona\/","name":"G\u00f9 bao tay m\u1eabu PREMIUM ZONE, ch\u00ednh h\u00e3ng Daytona - Motor Taburo","isPartOf":{"@id":"https:\/\/motortaburo.com\/en\/#website"},"primaryImageOfPage":{"@id":"https:\/\/motortaburo.com\/en\/san-pham\/gu-bao-tay-mau-premium-zone-chinh-hang-daytona\/#primaryimage"},"image":{"@id":"https:\/\/motortaburo.com\/en\/san-pham\/gu-bao-tay-mau-premium-zone-chinh-hang-daytona\/#primaryimage"},"thumbnailUrl":"https:\/\/motortaburo.com\/wp-content\/uploads\/2025\/04\/PXL_20250420_091010411.jpg","datePublished":"2025-04-20T11:21:29+00:00","dateModified":"2026-01-22T11:06:55+00:00","breadcrumb":{"@id":"https:\/\/motortaburo.com\/en\/san-pham\/gu-bao-tay-mau-premium-zone-chinh-hang-daytona\/#breadcrumb"},"inLanguage":"en-US","potentialAction":[{"@type":"ReadAction","target":["https:\/\/motortaburo.com\/en\/san-pham\/gu-bao-tay-mau-premium-zone-chinh-hang-daytona\/"]}]},{"@type":"ImageObject","inLanguage":"en-US","@id":"https:\/\/motortaburo.com\/en\/san-pham\/gu-bao-tay-mau-premium-zone-chinh-hang-daytona\/#primaryimage","url":"https:\/\/motortaburo.com\/wp-content\/uploads\/2025\/04\/PXL_20250420_091010411.jpg","contentUrl":"https:\/\/motortaburo.com\/wp-content\/uploads\/2025\/04\/PXL_20250420_091010411.jpg","width":1024,"height":1024},{"@type":"BreadcrumbList","@id":"https:\/\/motortaburo.com\/en\/san-pham\/gu-bao-tay-mau-premium-zone-chinh-hang-daytona\/#breadcrumb","itemListElement":[{"@type":"ListItem","position":1,"name":"Home","item":"https:\/\/motortaburo.com\/en\/"},{"@type":"ListItem","position":2,"name":"\u0110\u1ed3 ch\u01a1i xe","item":"https:\/\/motortaburo.com\/do-choi-xe\/"},{"@type":"ListItem","position":3,"name":"G\u00f9 bao tay m\u1eabu PREMIUM ZONE, ch\u00ednh h\u00e3ng Daytona"}]},{"@type":"WebSite","@id":"https:\/\/motortaburo.com\/en\/#website","url":"https:\/\/motortaburo.com\/en\/","name":"Motor Taburo - Genuine Motorcycle Parts","description":"We sell Japanese motorcycle parts","publisher":{"@id":"https:\/\/motortaburo.com\/en\/#organization"},"alternateName":"Motor Taburo","potentialAction":[{"@type":"SearchAction","target":{"@type":"EntryPoint","urlTemplate":"https:\/\/motortaburo.com\/en\/?s={search_term_string}"},"query-input":{"@type":"PropertyValueSpecification","valueRequired":true,"valueName":"search_term_string"}}],"inLanguage":"en-US"},{"@type":"Organization","@id":"https:\/\/motortaburo.com\/en\/#organization","name":"Motor Taburo - Genuine Motorcycle Parts","url":"https:\/\/motortaburo.com\/en\/","logo":{"@type":"ImageObject","inLanguage":"en-US","@id":"https:\/\/motortaburo.com\/en\/#\/schema\/logo\/image\/","url":"https:\/\/motortaburo.com\/wp-content\/uploads\/2021\/04\/Motor-Taburo-logo-512.jpg","contentUrl":"https:\/\/motortaburo.com\/wp-content\/uploads\/2021\/04\/Motor-Taburo-logo-512.jpg","width":512,"height":512,"caption":"Motor Taburo - Genuine Motorcycle Parts"},"image":{"@id":"https:\/\/motortaburo.com\/en\/#\/schema\/logo\/image\/"},"sameAs":["https:\/\/www.facebook.com\/MotorTaburo"]}]},"product_brand":"Daytona","og_availability":"instock","product_availability":"instock","product_condition":"new"},"_links":{"self":[{"href":"https:\/\/motortaburo.com\/en\/wp-json\/wp\/v2\/product\/42332","targetHints":{"allow":["GET"]}}],"collection":[{"href":"https:\/\/motortaburo.com\/en\/wp-json\/wp\/v2\/product"}],"about":[{"href":"https:\/\/motortaburo.com\/en\/wp-json\/wp\/v2\/types\/product"}],"replies":[{"embeddable":true,"href":"https:\/\/motortaburo.com\/en\/wp-json\/wp\/v2\/comments?post=42332"}],"version-history":[{"count":1,"href":"https:\/\/motortaburo.com\/en\/wp-json\/wp\/v2\/product\/42332\/revisions"}],"predecessor-version":[{"id":42375,"href":"https:\/\/motortaburo.com\/en\/wp-json\/wp\/v2\/product\/42332\/revisions\/42375"}],"wp:featuredmedia":[{"embeddable":true,"href":"https:\/\/motortaburo.com\/en\/wp-json\/wp\/v2\/media\/42339"}],"wp:attachment":[{"href":"https:\/\/motortaburo.com\/en\/wp-json\/wp\/v2\/media?parent=42332"}],"wp:term":[{"taxonomy":"product_brand","embeddable":true,"href":"https:\/\/motortaburo.com\/en\/wp-json\/wp\/v2\/product_brand?post=42332"},{"taxonomy":"product_cat","embeddable":true,"href":"https:\/\/motortaburo.com\/en\/wp-json\/wp\/v2\/product_cat?post=42332"},{"taxonomy":"product_tag","embeddable":true,"href":"https:\/\/motortaburo.com\/en\/wp-json\/wp\/v2\/product_tag?post=42332"},{"taxonomy":"danh-sach-xe","embeddable":true,"href":"https:\/\/motortaburo.com\/en\/wp-json\/wp\/v2\/danh-sach-xe?post=42332"}],"curies":[{"name":"wp","href":"https:\/\/api.w.org\/{rel}","templated":true}]}}