{"id":42404,"date":"2025-04-25T16:46:47","date_gmt":"2025-04-25T09:46:47","guid":{"rendered":"https:\/\/motortaburo.com\/?post_type=product&#038;p=42404"},"modified":"2026-01-22T18:07:23","modified_gmt":"2026-01-22T11:07:23","slug":"non-bao-hiem-cross-cr-680-chinh-hang-lead","status":"publish","type":"product","link":"https:\/\/motortaburo.com\/en\/san-pham\/non-bao-hiem-cross-cr-680-chinh-hang-lead\/","title":{"rendered":"N\u00f3n b\u1ea3o hi\u1ec3m CROSS CR-680 ch\u00ednh h\u00e3ng Lead"},"content":{"rendered":"","protected":false},"excerpt":{"rendered":"<p>Set b\u00e1n: 1 c\u00e1i.<\/p>\n<p>M\u00e0u s\u1eafc: X\u00e1m titan.<\/p>\n<p>Free size (ph\u00f9 h\u1ee3p v\u1edbi size \u0111\u1ea7u nh\u1ecf h\u01a1n 57-60cm).<\/p>\n<p>Tr\u1ecdng l\u01b0\u1ee3ng: X\u1ea5p x\u1ec9 600g.<\/p>\n<p>Ch\u1ea5t li\u1ec7u v\u1ecf: Nh\u1ef1a ABS.<\/p>\n<p>Ch\u1ea5t li\u1ec7u b\u00ean trong: M\u00fat x\u1ed1p ch\u1ed1ng s\u1ed1c.<\/p>\n<p>S\u1ea3n xu\u1ea5t theo ti\u00eau chu\u1ea9n\u00a0PSC, SG (cho xe d\u01b0\u1edbi 125cc) c\u1ee7a Nh\u1eadt B\u1ea3n.<\/p>\n<p>H\u00e0ng ch\u00ednh h\u00e3ng Lead, nh\u1eadp kh\u1ea9u t\u1eeb Nh\u1eadt B\u1ea3n. Made in China.<\/p>\n","protected":false},"featured_media":42409,"comment_status":"open","ping_status":"closed","template":"","meta":[],"product_brand":[],"product_cat":[113],"product_tag":[],"danh-sach-xe":[],"class_list":{"0":"post-42404","1":"product","2":"type-product","3":"status-publish","4":"has-post-thumbnail","6":"product_cat-phu-kien","8":"first","9":"outofstock","10":"shipping-taxable","11":"purchasable","12":"product-type-simple"},"yoast_head":"<!-- This site is optimized with the Yoast SEO Premium plugin v23.3 (Yoast SEO v27.0) - https:\/\/yoast.com\/product\/yoast-seo-premium-wordpress\/ -->\n<title>N\u00f3n b\u1ea3o hi\u1ec3m CROSS CR-680 ch\u00ednh h\u00e3ng Lead - Motor Taburo<\/title>\n<meta name=\"robots\" content=\"index, follow, max-snippet:-1, max-image-preview:large, max-video-preview:-1\" \/>\n<link rel=\"canonical\" href=\"https:\/\/motortaburo.com\/en\/san-pham\/non-bao-hiem-cross-cr-680-chinh-hang-lead\/\" \/>\n<meta property=\"og:locale\" content=\"en_US\" \/>\n<meta property=\"og:type\" content=\"article\" \/>\n<meta property=\"og:title\" content=\"N\u00f3n b\u1ea3o hi\u1ec3m CROSS CR-680 ch\u00ednh h\u00e3ng Lead\" \/>\n<meta property=\"og:description\" content=\"Set b\u00e1n: 1 c\u00e1i.  M\u00e0u s\u1eafc: X\u00e1m titan.  Free size (ph\u00f9 h\u1ee3p v\u1edbi size \u0111\u1ea7u nh\u1ecf h\u01a1n 57-60cm).  Tr\u1ecdng l\u01b0\u1ee3ng: X\u1ea5p x\u1ec9 600g.  Ch\u1ea5t li\u1ec7u v\u1ecf: Nh\u1ef1a ABS.  Ch\u1ea5t li\u1ec7u b\u00ean trong: M\u00fat x\u1ed1p ch\u1ed1ng s\u1ed1c.  S\u1ea3n xu\u1ea5t theo ti\u00eau chu\u1ea9n\u00a0PSC, SG (cho xe d\u01b0\u1edbi 125cc) c\u1ee7a Nh\u1eadt B\u1ea3n.  H\u00e0ng ch\u00ednh h\u00e3ng Lead, nh\u1eadp kh\u1ea9u t\u1eeb Nh\u1eadt B\u1ea3n. Made in China.\" \/>\n<meta property=\"og:url\" content=\"https:\/\/motortaburo.com\/en\/san-pham\/non-bao-hiem-cross-cr-680-chinh-hang-lead\/\" \/>\n<meta property=\"og:site_name\" content=\"Motor Taburo - Genuine Motorcycle Parts\" \/>\n<meta property=\"article:publisher\" content=\"https:\/\/www.facebook.com\/MotorTaburo\" \/>\n<meta property=\"article:modified_time\" content=\"2026-01-22T11:07:23+00:00\" \/>\n<meta property=\"og:image\" content=\"https:\/\/motortaburo.com\/wp-content\/uploads\/2025\/04\/PXL_20250425_090303837.jpg\" \/>\n\t<meta property=\"og:image:width\" content=\"1024\" \/>\n\t<meta property=\"og:image:height\" content=\"1024\" \/>\n\t<meta property=\"og:image:type\" content=\"image\/jpeg\" \/>\n<meta name=\"twitter:card\" content=\"summary_large_image\" \/>\n<meta name=\"twitter:label1\" content=\"Price\" \/>\n\t<meta name=\"twitter:data1\" content=\"1.150.000&nbsp;&#8363;\" \/>\n\t<meta name=\"twitter:label2\" content=\"Availability\" \/>\n\t<meta name=\"twitter:data2\" content=\"Out of stock\" \/>\n<script type=\"application\/ld+json\" class=\"yoast-schema-graph\">{\"@context\":\"https:\/\/schema.org\",\"@graph\":[{\"@type\":\"WebPage\",\"@id\":\"https:\/\/motortaburo.com\/en\/san-pham\/non-bao-hiem-cross-cr-680-chinh-hang-lead\/\",\"url\":\"https:\/\/motortaburo.com\/en\/san-pham\/non-bao-hiem-cross-cr-680-chinh-hang-lead\/\",\"name\":\"N\u00f3n b\u1ea3o hi\u1ec3m CROSS CR-680 ch\u00ednh h\u00e3ng Lead - Motor Taburo\",\"isPartOf\":{\"@id\":\"https:\/\/motortaburo.com\/en\/#website\"},\"primaryImageOfPage\":{\"@id\":\"https:\/\/motortaburo.com\/en\/san-pham\/non-bao-hiem-cross-cr-680-chinh-hang-lead\/#primaryimage\"},\"image\":{\"@id\":\"https:\/\/motortaburo.com\/en\/san-pham\/non-bao-hiem-cross-cr-680-chinh-hang-lead\/#primaryimage\"},\"thumbnailUrl\":\"https:\/\/motortaburo.com\/wp-content\/uploads\/2025\/04\/PXL_20250425_090303837.jpg\",\"datePublished\":\"2025-04-25T09:46:47+00:00\",\"dateModified\":\"2026-01-22T11:07:23+00:00\",\"breadcrumb\":{\"@id\":\"https:\/\/motortaburo.com\/en\/san-pham\/non-bao-hiem-cross-cr-680-chinh-hang-lead\/#breadcrumb\"},\"inLanguage\":\"en-US\",\"potentialAction\":[{\"@type\":\"ReadAction\",\"target\":[\"https:\/\/motortaburo.com\/en\/san-pham\/non-bao-hiem-cross-cr-680-chinh-hang-lead\/\"]}]},{\"@type\":\"ImageObject\",\"inLanguage\":\"en-US\",\"@id\":\"https:\/\/motortaburo.com\/en\/san-pham\/non-bao-hiem-cross-cr-680-chinh-hang-lead\/#primaryimage\",\"url\":\"https:\/\/motortaburo.com\/wp-content\/uploads\/2025\/04\/PXL_20250425_090303837.jpg\",\"contentUrl\":\"https:\/\/motortaburo.com\/wp-content\/uploads\/2025\/04\/PXL_20250425_090303837.jpg\",\"width\":1024,\"height\":1024},{\"@type\":\"BreadcrumbList\",\"@id\":\"https:\/\/motortaburo.com\/en\/san-pham\/non-bao-hiem-cross-cr-680-chinh-hang-lead\/#breadcrumb\",\"itemListElement\":[{\"@type\":\"ListItem\",\"position\":1,\"name\":\"Home\",\"item\":\"https:\/\/motortaburo.com\/en\/\"},{\"@type\":\"ListItem\",\"position\":2,\"name\":\"\u0110\u1ed3 ch\u01a1i xe\",\"item\":\"https:\/\/motortaburo.com\/do-choi-xe\/\"},{\"@type\":\"ListItem\",\"position\":3,\"name\":\"N\u00f3n b\u1ea3o hi\u1ec3m CROSS CR-680 ch\u00ednh h\u00e3ng Lead\"}]},{\"@type\":\"WebSite\",\"@id\":\"https:\/\/motortaburo.com\/en\/#website\",\"url\":\"https:\/\/motortaburo.com\/en\/\",\"name\":\"Motor Taburo - Genuine Motorcycle Parts\",\"description\":\"We sell Japanese motorcycle parts\",\"publisher\":{\"@id\":\"https:\/\/motortaburo.com\/en\/#organization\"},\"alternateName\":\"Motor Taburo\",\"potentialAction\":[{\"@type\":\"SearchAction\",\"target\":{\"@type\":\"EntryPoint\",\"urlTemplate\":\"https:\/\/motortaburo.com\/en\/?s={search_term_string}\"},\"query-input\":{\"@type\":\"PropertyValueSpecification\",\"valueRequired\":true,\"valueName\":\"search_term_string\"}}],\"inLanguage\":\"en-US\"},{\"@type\":\"Organization\",\"@id\":\"https:\/\/motortaburo.com\/en\/#organization\",\"name\":\"Motor Taburo - Genuine Motorcycle Parts\",\"url\":\"https:\/\/motortaburo.com\/en\/\",\"logo\":{\"@type\":\"ImageObject\",\"inLanguage\":\"en-US\",\"@id\":\"https:\/\/motortaburo.com\/en\/#\/schema\/logo\/image\/\",\"url\":\"https:\/\/motortaburo.com\/wp-content\/uploads\/2021\/04\/Motor-Taburo-logo-512.jpg\",\"contentUrl\":\"https:\/\/motortaburo.com\/wp-content\/uploads\/2021\/04\/Motor-Taburo-logo-512.jpg\",\"width\":512,\"height\":512,\"caption\":\"Motor Taburo - Genuine Motorcycle Parts\"},\"image\":{\"@id\":\"https:\/\/motortaburo.com\/en\/#\/schema\/logo\/image\/\"},\"sameAs\":[\"https:\/\/www.facebook.com\/MotorTaburo\"]}]}<\/script>\n<meta property=\"product:brand\" content=\"Lead\" \/>\n<meta property=\"product:price:amount\" content=\"1150000\" \/>\n<meta property=\"product:price:currency\" content=\"VND\" \/>\n<meta property=\"og:availability\" content=\"out of stock\" \/>\n<meta property=\"product:availability\" content=\"out of stock\" \/>\n<meta property=\"product:retailer_item_id\" content=\"CR680560\" \/>\n<meta property=\"product:condition\" content=\"new\" \/>\n<!-- \/ Yoast SEO Premium plugin. -->","yoast_head_json":{"title":"N\u00f3n b\u1ea3o hi\u1ec3m CROSS CR-680 ch\u00ednh h\u00e3ng Lead - Motor Taburo","robots":{"index":"index","follow":"follow","max-snippet":"max-snippet:-1","max-image-preview":"max-image-preview:large","max-video-preview":"max-video-preview:-1"},"canonical":"https:\/\/motortaburo.com\/en\/san-pham\/non-bao-hiem-cross-cr-680-chinh-hang-lead\/","og_locale":"en_US","og_type":"article","og_title":"N\u00f3n b\u1ea3o hi\u1ec3m CROSS CR-680 ch\u00ednh h\u00e3ng Lead","og_description":"Set b\u00e1n: 1 c\u00e1i.  M\u00e0u s\u1eafc: X\u00e1m titan.  Free size (ph\u00f9 h\u1ee3p v\u1edbi size \u0111\u1ea7u nh\u1ecf h\u01a1n 57-60cm).  Tr\u1ecdng l\u01b0\u1ee3ng: X\u1ea5p x\u1ec9 600g.  Ch\u1ea5t li\u1ec7u v\u1ecf: Nh\u1ef1a ABS.  Ch\u1ea5t li\u1ec7u b\u00ean trong: M\u00fat x\u1ed1p ch\u1ed1ng s\u1ed1c.  S\u1ea3n xu\u1ea5t theo ti\u00eau chu\u1ea9n\u00a0PSC, SG (cho xe d\u01b0\u1edbi 125cc) c\u1ee7a Nh\u1eadt B\u1ea3n.  H\u00e0ng ch\u00ednh h\u00e3ng Lead, nh\u1eadp kh\u1ea9u t\u1eeb Nh\u1eadt B\u1ea3n. Made in China.","og_url":"https:\/\/motortaburo.com\/en\/san-pham\/non-bao-hiem-cross-cr-680-chinh-hang-lead\/","og_site_name":"Motor Taburo - Genuine Motorcycle Parts","article_publisher":"https:\/\/www.facebook.com\/MotorTaburo","article_modified_time":"2026-01-22T11:07:23+00:00","og_image":[{"width":1024,"height":1024,"url":"https:\/\/motortaburo.com\/wp-content\/uploads\/2025\/04\/PXL_20250425_090303837.jpg","type":"image\/jpeg"}],"twitter_card":"summary_large_image","twitter_misc":{"Price":"1.150.000&nbsp;&#8363;","Availability":"Out of stock"},"schema":{"@context":"https:\/\/schema.org","@graph":[{"@type":"WebPage","@id":"https:\/\/motortaburo.com\/en\/san-pham\/non-bao-hiem-cross-cr-680-chinh-hang-lead\/","url":"https:\/\/motortaburo.com\/en\/san-pham\/non-bao-hiem-cross-cr-680-chinh-hang-lead\/","name":"N\u00f3n b\u1ea3o hi\u1ec3m CROSS CR-680 ch\u00ednh h\u00e3ng Lead - Motor Taburo","isPartOf":{"@id":"https:\/\/motortaburo.com\/en\/#website"},"primaryImageOfPage":{"@id":"https:\/\/motortaburo.com\/en\/san-pham\/non-bao-hiem-cross-cr-680-chinh-hang-lead\/#primaryimage"},"image":{"@id":"https:\/\/motortaburo.com\/en\/san-pham\/non-bao-hiem-cross-cr-680-chinh-hang-lead\/#primaryimage"},"thumbnailUrl":"https:\/\/motortaburo.com\/wp-content\/uploads\/2025\/04\/PXL_20250425_090303837.jpg","datePublished":"2025-04-25T09:46:47+00:00","dateModified":"2026-01-22T11:07:23+00:00","breadcrumb":{"@id":"https:\/\/motortaburo.com\/en\/san-pham\/non-bao-hiem-cross-cr-680-chinh-hang-lead\/#breadcrumb"},"inLanguage":"en-US","potentialAction":[{"@type":"ReadAction","target":["https:\/\/motortaburo.com\/en\/san-pham\/non-bao-hiem-cross-cr-680-chinh-hang-lead\/"]}]},{"@type":"ImageObject","inLanguage":"en-US","@id":"https:\/\/motortaburo.com\/en\/san-pham\/non-bao-hiem-cross-cr-680-chinh-hang-lead\/#primaryimage","url":"https:\/\/motortaburo.com\/wp-content\/uploads\/2025\/04\/PXL_20250425_090303837.jpg","contentUrl":"https:\/\/motortaburo.com\/wp-content\/uploads\/2025\/04\/PXL_20250425_090303837.jpg","width":1024,"height":1024},{"@type":"BreadcrumbList","@id":"https:\/\/motortaburo.com\/en\/san-pham\/non-bao-hiem-cross-cr-680-chinh-hang-lead\/#breadcrumb","itemListElement":[{"@type":"ListItem","position":1,"name":"Home","item":"https:\/\/motortaburo.com\/en\/"},{"@type":"ListItem","position":2,"name":"\u0110\u1ed3 ch\u01a1i xe","item":"https:\/\/motortaburo.com\/do-choi-xe\/"},{"@type":"ListItem","position":3,"name":"N\u00f3n b\u1ea3o hi\u1ec3m CROSS CR-680 ch\u00ednh h\u00e3ng Lead"}]},{"@type":"WebSite","@id":"https:\/\/motortaburo.com\/en\/#website","url":"https:\/\/motortaburo.com\/en\/","name":"Motor Taburo - Genuine Motorcycle Parts","description":"We sell Japanese motorcycle parts","publisher":{"@id":"https:\/\/motortaburo.com\/en\/#organization"},"alternateName":"Motor Taburo","potentialAction":[{"@type":"SearchAction","target":{"@type":"EntryPoint","urlTemplate":"https:\/\/motortaburo.com\/en\/?s={search_term_string}"},"query-input":{"@type":"PropertyValueSpecification","valueRequired":true,"valueName":"search_term_string"}}],"inLanguage":"en-US"},{"@type":"Organization","@id":"https:\/\/motortaburo.com\/en\/#organization","name":"Motor Taburo - Genuine Motorcycle Parts","url":"https:\/\/motortaburo.com\/en\/","logo":{"@type":"ImageObject","inLanguage":"en-US","@id":"https:\/\/motortaburo.com\/en\/#\/schema\/logo\/image\/","url":"https:\/\/motortaburo.com\/wp-content\/uploads\/2021\/04\/Motor-Taburo-logo-512.jpg","contentUrl":"https:\/\/motortaburo.com\/wp-content\/uploads\/2021\/04\/Motor-Taburo-logo-512.jpg","width":512,"height":512,"caption":"Motor Taburo - Genuine Motorcycle Parts"},"image":{"@id":"https:\/\/motortaburo.com\/en\/#\/schema\/logo\/image\/"},"sameAs":["https:\/\/www.facebook.com\/MotorTaburo"]}]},"product_brand":"Lead","product_price_amount":"1150000","product_price_currency":"VND","og_availability":"out of stock","product_availability":"out of stock","product_retailer_item_id":"CR680560","product_condition":"new"},"_links":{"self":[{"href":"https:\/\/motortaburo.com\/en\/wp-json\/wp\/v2\/product\/42404","targetHints":{"allow":["GET"]}}],"collection":[{"href":"https:\/\/motortaburo.com\/en\/wp-json\/wp\/v2\/product"}],"about":[{"href":"https:\/\/motortaburo.com\/en\/wp-json\/wp\/v2\/types\/product"}],"replies":[{"embeddable":true,"href":"https:\/\/motortaburo.com\/en\/wp-json\/wp\/v2\/comments?post=42404"}],"version-history":[{"count":1,"href":"https:\/\/motortaburo.com\/en\/wp-json\/wp\/v2\/product\/42404\/revisions"}],"predecessor-version":[{"id":42429,"href":"https:\/\/motortaburo.com\/en\/wp-json\/wp\/v2\/product\/42404\/revisions\/42429"}],"wp:featuredmedia":[{"embeddable":true,"href":"https:\/\/motortaburo.com\/en\/wp-json\/wp\/v2\/media\/42409"}],"wp:attachment":[{"href":"https:\/\/motortaburo.com\/en\/wp-json\/wp\/v2\/media?parent=42404"}],"wp:term":[{"taxonomy":"product_brand","embeddable":true,"href":"https:\/\/motortaburo.com\/en\/wp-json\/wp\/v2\/product_brand?post=42404"},{"taxonomy":"product_cat","embeddable":true,"href":"https:\/\/motortaburo.com\/en\/wp-json\/wp\/v2\/product_cat?post=42404"},{"taxonomy":"product_tag","embeddable":true,"href":"https:\/\/motortaburo.com\/en\/wp-json\/wp\/v2\/product_tag?post=42404"},{"taxonomy":"danh-sach-xe","embeddable":true,"href":"https:\/\/motortaburo.com\/en\/wp-json\/wp\/v2\/danh-sach-xe?post=42404"}],"curies":[{"name":"wp","href":"https:\/\/api.w.org\/{rel}","templated":true}]}}