{"id":42663,"date":"2025-04-30T15:39:51","date_gmt":"2025-04-30T08:39:51","guid":{"rendered":"https:\/\/motortaburo.com\/?post_type=product&#038;p=42663"},"modified":"2026-01-22T18:05:55","modified_gmt":"2026-01-22T11:05:55","slug":"bao-tay-mau-spiral-112mm-hang-chinh-hang-kijima","status":"publish","type":"product","link":"https:\/\/motortaburo.com\/en\/san-pham\/bao-tay-mau-spiral-112mm-hang-chinh-hang-kijima\/","title":{"rendered":"Bao tay m\u1eabu Spiral 112mm, h\u00e0ng ch\u00ednh h\u00e3ng Kijima"},"content":{"rendered":"","protected":false},"excerpt":{"rendered":"<p>Set b\u00e1n: 1 c\u1eb7p.<\/p>\n<p>M\u00e0u s\u1eafc: \u0110en.<\/p>\n<p>Chi\u1ec1u d\u00e0i t\u1ed5ng th\u1ec3: 112mm (Sai s\u1ed1 kh\u00f4ng \u0111\u00e1ng k\u1ec3\u00a0t\u00f9y v\u00e0o nh\u00e0 s\u1ea3n xu\u1ea5t).<\/p>\n<p>\u0110\u01b0\u1eddng k\u00ednh tay n\u1eafm 30mm.<\/p>\n<p>D\u00f9ng cho ghi \u0111\u00f4ng phi\u00a0\u03a622.2mm.<\/p>\n<p>M\u1eabu n\u00e0y r\u1ed7ng \u0111u\u00f4i (\u0111\u1ec3 x\u00e0i g\u00f9).<\/p>\n<p>H\u00e0ng ch\u00ednh h\u00e3ng Kijima.<\/p>\n<p>S\u1ea3n xu\u1ea5t t\u1ea1i Nh\u1eadt B\u1ea3n.<\/p>\n","protected":false},"featured_media":42666,"comment_status":"open","ping_status":"closed","template":"","meta":[],"product_brand":[],"product_cat":[209],"product_tag":[],"danh-sach-xe":[],"class_list":{"0":"post-42663","1":"product","2":"type-product","3":"status-publish","4":"has-post-thumbnail","6":"product_cat-bao-tay","8":"first","9":"instock","10":"shipping-taxable","11":"purchasable","12":"product-type-simple"},"yoast_head":"<!-- This site is optimized with the Yoast SEO Premium plugin v23.3 (Yoast SEO v27.0) - https:\/\/yoast.com\/product\/yoast-seo-premium-wordpress\/ -->\n<title>Bao tay m\u1eabu Spiral 112mm, h\u00e0ng ch\u00ednh h\u00e3ng Kijima - Motor Taburo<\/title>\n<meta name=\"robots\" content=\"index, follow, max-snippet:-1, max-image-preview:large, max-video-preview:-1\" \/>\n<link rel=\"canonical\" href=\"https:\/\/motortaburo.com\/en\/san-pham\/bao-tay-mau-spiral-112mm-hang-chinh-hang-kijima\/\" \/>\n<meta property=\"og:locale\" content=\"en_US\" \/>\n<meta property=\"og:type\" content=\"article\" \/>\n<meta property=\"og:title\" content=\"Bao tay m\u1eabu Spiral 112mm, h\u00e0ng ch\u00ednh h\u00e3ng Kijima\" \/>\n<meta property=\"og:description\" content=\"Set b\u00e1n: 1 c\u1eb7p.  M\u00e0u s\u1eafc: \u0110en.  Chi\u1ec1u d\u00e0i t\u1ed5ng th\u1ec3: 112mm (Sai s\u1ed1 kh\u00f4ng \u0111\u00e1ng k\u1ec3\u00a0t\u00f9y v\u00e0o nh\u00e0 s\u1ea3n xu\u1ea5t).  \u0110\u01b0\u1eddng k\u00ednh tay n\u1eafm 30mm.  D\u00f9ng cho ghi \u0111\u00f4ng phi\u00a0\u03a622.2mm.  M\u1eabu n\u00e0y r\u1ed7ng \u0111u\u00f4i (\u0111\u1ec3 x\u00e0i g\u00f9).  H\u00e0ng ch\u00ednh h\u00e3ng Kijima.  S\u1ea3n xu\u1ea5t t\u1ea1i Nh\u1eadt B\u1ea3n.\" \/>\n<meta property=\"og:url\" content=\"https:\/\/motortaburo.com\/en\/san-pham\/bao-tay-mau-spiral-112mm-hang-chinh-hang-kijima\/\" \/>\n<meta property=\"og:site_name\" content=\"Motor Taburo - Genuine Motorcycle Parts\" \/>\n<meta property=\"article:publisher\" content=\"https:\/\/www.facebook.com\/MotorTaburo\" \/>\n<meta property=\"article:modified_time\" content=\"2026-01-22T11:05:55+00:00\" \/>\n<meta name=\"twitter:card\" content=\"summary_large_image\" \/>\n<meta name=\"twitter:label1\" content=\"Price\" \/>\n\t<meta name=\"twitter:data1\" content=\"220.000&nbsp;&#8363;\" \/>\n\t<meta name=\"twitter:label2\" content=\"Availability\" \/>\n\t<meta name=\"twitter:data2\" content=\"In stock\" \/>\n<script type=\"application\/ld+json\" class=\"yoast-schema-graph\">{\"@context\":\"https:\/\/schema.org\",\"@graph\":[{\"@type\":\"WebPage\",\"@id\":\"https:\/\/motortaburo.com\/en\/san-pham\/bao-tay-mau-spiral-112mm-hang-chinh-hang-kijima\/\",\"url\":\"https:\/\/motortaburo.com\/en\/san-pham\/bao-tay-mau-spiral-112mm-hang-chinh-hang-kijima\/\",\"name\":\"Bao tay m\u1eabu Spiral 112mm, h\u00e0ng ch\u00ednh h\u00e3ng Kijima - Motor Taburo\",\"isPartOf\":{\"@id\":\"https:\/\/motortaburo.com\/en\/#website\"},\"primaryImageOfPage\":{\"@id\":\"https:\/\/motortaburo.com\/en\/san-pham\/bao-tay-mau-spiral-112mm-hang-chinh-hang-kijima\/#primaryimage\"},\"image\":{\"@id\":\"https:\/\/motortaburo.com\/en\/san-pham\/bao-tay-mau-spiral-112mm-hang-chinh-hang-kijima\/#primaryimage\"},\"thumbnailUrl\":\"https:\/\/motortaburo.com\/wp-content\/uploads\/2025\/04\/PXL_20250430_073834283.jpg\",\"datePublished\":\"2025-04-30T08:39:51+00:00\",\"dateModified\":\"2026-01-22T11:05:55+00:00\",\"breadcrumb\":{\"@id\":\"https:\/\/motortaburo.com\/en\/san-pham\/bao-tay-mau-spiral-112mm-hang-chinh-hang-kijima\/#breadcrumb\"},\"inLanguage\":\"en-US\",\"potentialAction\":[{\"@type\":\"ReadAction\",\"target\":[\"https:\/\/motortaburo.com\/en\/san-pham\/bao-tay-mau-spiral-112mm-hang-chinh-hang-kijima\/\"]}]},{\"@type\":\"ImageObject\",\"inLanguage\":\"en-US\",\"@id\":\"https:\/\/motortaburo.com\/en\/san-pham\/bao-tay-mau-spiral-112mm-hang-chinh-hang-kijima\/#primaryimage\",\"url\":\"https:\/\/motortaburo.com\/wp-content\/uploads\/2025\/04\/PXL_20250430_073834283.jpg\",\"contentUrl\":\"https:\/\/motortaburo.com\/wp-content\/uploads\/2025\/04\/PXL_20250430_073834283.jpg\",\"width\":1024,\"height\":1024},{\"@type\":\"BreadcrumbList\",\"@id\":\"https:\/\/motortaburo.com\/en\/san-pham\/bao-tay-mau-spiral-112mm-hang-chinh-hang-kijima\/#breadcrumb\",\"itemListElement\":[{\"@type\":\"ListItem\",\"position\":1,\"name\":\"Home\",\"item\":\"https:\/\/motortaburo.com\/en\/\"},{\"@type\":\"ListItem\",\"position\":2,\"name\":\"\u0110\u1ed3 ch\u01a1i xe\",\"item\":\"https:\/\/motortaburo.com\/do-choi-xe\/\"},{\"@type\":\"ListItem\",\"position\":3,\"name\":\"Bao tay m\u1eabu Spiral 112mm, h\u00e0ng ch\u00ednh h\u00e3ng Kijima\"}]},{\"@type\":\"WebSite\",\"@id\":\"https:\/\/motortaburo.com\/en\/#website\",\"url\":\"https:\/\/motortaburo.com\/en\/\",\"name\":\"Motor Taburo - Genuine Motorcycle Parts\",\"description\":\"We sell Japanese motorcycle parts\",\"publisher\":{\"@id\":\"https:\/\/motortaburo.com\/en\/#organization\"},\"alternateName\":\"Motor Taburo\",\"potentialAction\":[{\"@type\":\"SearchAction\",\"target\":{\"@type\":\"EntryPoint\",\"urlTemplate\":\"https:\/\/motortaburo.com\/en\/?s={search_term_string}\"},\"query-input\":{\"@type\":\"PropertyValueSpecification\",\"valueRequired\":true,\"valueName\":\"search_term_string\"}}],\"inLanguage\":\"en-US\"},{\"@type\":\"Organization\",\"@id\":\"https:\/\/motortaburo.com\/en\/#organization\",\"name\":\"Motor Taburo - Genuine Motorcycle Parts\",\"url\":\"https:\/\/motortaburo.com\/en\/\",\"logo\":{\"@type\":\"ImageObject\",\"inLanguage\":\"en-US\",\"@id\":\"https:\/\/motortaburo.com\/en\/#\/schema\/logo\/image\/\",\"url\":\"https:\/\/motortaburo.com\/wp-content\/uploads\/2021\/04\/Motor-Taburo-logo-512.jpg\",\"contentUrl\":\"https:\/\/motortaburo.com\/wp-content\/uploads\/2021\/04\/Motor-Taburo-logo-512.jpg\",\"width\":512,\"height\":512,\"caption\":\"Motor Taburo - Genuine Motorcycle Parts\"},\"image\":{\"@id\":\"https:\/\/motortaburo.com\/en\/#\/schema\/logo\/image\/\"},\"sameAs\":[\"https:\/\/www.facebook.com\/MotorTaburo\"]}]}<\/script>\n<meta property=\"product:brand\" content=\"Kijima\" \/>\n<meta property=\"product:price:amount\" content=\"220000\" \/>\n<meta property=\"product:price:currency\" content=\"VND\" \/>\n<meta property=\"og:availability\" content=\"instock\" \/>\n<meta property=\"product:availability\" content=\"instock\" \/>\n<meta property=\"product:retailer_item_id\" content=\"201-6459\" \/>\n<meta property=\"product:condition\" content=\"new\" \/>\n<!-- \/ Yoast SEO Premium plugin. -->","yoast_head_json":{"title":"Bao tay m\u1eabu Spiral 112mm, h\u00e0ng ch\u00ednh h\u00e3ng Kijima - Motor Taburo","robots":{"index":"index","follow":"follow","max-snippet":"max-snippet:-1","max-image-preview":"max-image-preview:large","max-video-preview":"max-video-preview:-1"},"canonical":"https:\/\/motortaburo.com\/en\/san-pham\/bao-tay-mau-spiral-112mm-hang-chinh-hang-kijima\/","og_locale":"en_US","og_type":"article","og_title":"Bao tay m\u1eabu Spiral 112mm, h\u00e0ng ch\u00ednh h\u00e3ng Kijima","og_description":"Set b\u00e1n: 1 c\u1eb7p.  M\u00e0u s\u1eafc: \u0110en.  Chi\u1ec1u d\u00e0i t\u1ed5ng th\u1ec3: 112mm (Sai s\u1ed1 kh\u00f4ng \u0111\u00e1ng k\u1ec3\u00a0t\u00f9y v\u00e0o nh\u00e0 s\u1ea3n xu\u1ea5t).  \u0110\u01b0\u1eddng k\u00ednh tay n\u1eafm 30mm.  D\u00f9ng cho ghi \u0111\u00f4ng phi\u00a0\u03a622.2mm.  M\u1eabu n\u00e0y r\u1ed7ng \u0111u\u00f4i (\u0111\u1ec3 x\u00e0i g\u00f9).  H\u00e0ng ch\u00ednh h\u00e3ng Kijima.  S\u1ea3n xu\u1ea5t t\u1ea1i Nh\u1eadt B\u1ea3n.","og_url":"https:\/\/motortaburo.com\/en\/san-pham\/bao-tay-mau-spiral-112mm-hang-chinh-hang-kijima\/","og_site_name":"Motor Taburo - Genuine Motorcycle Parts","article_publisher":"https:\/\/www.facebook.com\/MotorTaburo","article_modified_time":"2026-01-22T11:05:55+00:00","twitter_card":"summary_large_image","twitter_misc":{"Price":"220.000&nbsp;&#8363;","Availability":"In stock"},"schema":{"@context":"https:\/\/schema.org","@graph":[{"@type":"WebPage","@id":"https:\/\/motortaburo.com\/en\/san-pham\/bao-tay-mau-spiral-112mm-hang-chinh-hang-kijima\/","url":"https:\/\/motortaburo.com\/en\/san-pham\/bao-tay-mau-spiral-112mm-hang-chinh-hang-kijima\/","name":"Bao tay m\u1eabu Spiral 112mm, h\u00e0ng ch\u00ednh h\u00e3ng Kijima - Motor Taburo","isPartOf":{"@id":"https:\/\/motortaburo.com\/en\/#website"},"primaryImageOfPage":{"@id":"https:\/\/motortaburo.com\/en\/san-pham\/bao-tay-mau-spiral-112mm-hang-chinh-hang-kijima\/#primaryimage"},"image":{"@id":"https:\/\/motortaburo.com\/en\/san-pham\/bao-tay-mau-spiral-112mm-hang-chinh-hang-kijima\/#primaryimage"},"thumbnailUrl":"https:\/\/motortaburo.com\/wp-content\/uploads\/2025\/04\/PXL_20250430_073834283.jpg","datePublished":"2025-04-30T08:39:51+00:00","dateModified":"2026-01-22T11:05:55+00:00","breadcrumb":{"@id":"https:\/\/motortaburo.com\/en\/san-pham\/bao-tay-mau-spiral-112mm-hang-chinh-hang-kijima\/#breadcrumb"},"inLanguage":"en-US","potentialAction":[{"@type":"ReadAction","target":["https:\/\/motortaburo.com\/en\/san-pham\/bao-tay-mau-spiral-112mm-hang-chinh-hang-kijima\/"]}]},{"@type":"ImageObject","inLanguage":"en-US","@id":"https:\/\/motortaburo.com\/en\/san-pham\/bao-tay-mau-spiral-112mm-hang-chinh-hang-kijima\/#primaryimage","url":"https:\/\/motortaburo.com\/wp-content\/uploads\/2025\/04\/PXL_20250430_073834283.jpg","contentUrl":"https:\/\/motortaburo.com\/wp-content\/uploads\/2025\/04\/PXL_20250430_073834283.jpg","width":1024,"height":1024},{"@type":"BreadcrumbList","@id":"https:\/\/motortaburo.com\/en\/san-pham\/bao-tay-mau-spiral-112mm-hang-chinh-hang-kijima\/#breadcrumb","itemListElement":[{"@type":"ListItem","position":1,"name":"Home","item":"https:\/\/motortaburo.com\/en\/"},{"@type":"ListItem","position":2,"name":"\u0110\u1ed3 ch\u01a1i xe","item":"https:\/\/motortaburo.com\/do-choi-xe\/"},{"@type":"ListItem","position":3,"name":"Bao tay m\u1eabu Spiral 112mm, h\u00e0ng ch\u00ednh h\u00e3ng Kijima"}]},{"@type":"WebSite","@id":"https:\/\/motortaburo.com\/en\/#website","url":"https:\/\/motortaburo.com\/en\/","name":"Motor Taburo - Genuine Motorcycle Parts","description":"We sell Japanese motorcycle parts","publisher":{"@id":"https:\/\/motortaburo.com\/en\/#organization"},"alternateName":"Motor Taburo","potentialAction":[{"@type":"SearchAction","target":{"@type":"EntryPoint","urlTemplate":"https:\/\/motortaburo.com\/en\/?s={search_term_string}"},"query-input":{"@type":"PropertyValueSpecification","valueRequired":true,"valueName":"search_term_string"}}],"inLanguage":"en-US"},{"@type":"Organization","@id":"https:\/\/motortaburo.com\/en\/#organization","name":"Motor Taburo - Genuine Motorcycle Parts","url":"https:\/\/motortaburo.com\/en\/","logo":{"@type":"ImageObject","inLanguage":"en-US","@id":"https:\/\/motortaburo.com\/en\/#\/schema\/logo\/image\/","url":"https:\/\/motortaburo.com\/wp-content\/uploads\/2021\/04\/Motor-Taburo-logo-512.jpg","contentUrl":"https:\/\/motortaburo.com\/wp-content\/uploads\/2021\/04\/Motor-Taburo-logo-512.jpg","width":512,"height":512,"caption":"Motor Taburo - Genuine Motorcycle Parts"},"image":{"@id":"https:\/\/motortaburo.com\/en\/#\/schema\/logo\/image\/"},"sameAs":["https:\/\/www.facebook.com\/MotorTaburo"]}]},"product_brand":"Kijima","product_price_amount":"220000","product_price_currency":"VND","og_availability":"instock","product_availability":"instock","product_retailer_item_id":"201-6459","product_condition":"new"},"_links":{"self":[{"href":"https:\/\/motortaburo.com\/en\/wp-json\/wp\/v2\/product\/42663","targetHints":{"allow":["GET"]}}],"collection":[{"href":"https:\/\/motortaburo.com\/en\/wp-json\/wp\/v2\/product"}],"about":[{"href":"https:\/\/motortaburo.com\/en\/wp-json\/wp\/v2\/types\/product"}],"replies":[{"embeddable":true,"href":"https:\/\/motortaburo.com\/en\/wp-json\/wp\/v2\/comments?post=42663"}],"version-history":[{"count":1,"href":"https:\/\/motortaburo.com\/en\/wp-json\/wp\/v2\/product\/42663\/revisions"}],"predecessor-version":[{"id":42684,"href":"https:\/\/motortaburo.com\/en\/wp-json\/wp\/v2\/product\/42663\/revisions\/42684"}],"wp:featuredmedia":[{"embeddable":true,"href":"https:\/\/motortaburo.com\/en\/wp-json\/wp\/v2\/media\/42666"}],"wp:attachment":[{"href":"https:\/\/motortaburo.com\/en\/wp-json\/wp\/v2\/media?parent=42663"}],"wp:term":[{"taxonomy":"product_brand","embeddable":true,"href":"https:\/\/motortaburo.com\/en\/wp-json\/wp\/v2\/product_brand?post=42663"},{"taxonomy":"product_cat","embeddable":true,"href":"https:\/\/motortaburo.com\/en\/wp-json\/wp\/v2\/product_cat?post=42663"},{"taxonomy":"product_tag","embeddable":true,"href":"https:\/\/motortaburo.com\/en\/wp-json\/wp\/v2\/product_tag?post=42663"},{"taxonomy":"danh-sach-xe","embeddable":true,"href":"https:\/\/motortaburo.com\/en\/wp-json\/wp\/v2\/danh-sach-xe?post=42663"}],"curies":[{"name":"wp","href":"https:\/\/api.w.org\/{rel}","templated":true}]}}