{"id":42912,"date":"2025-05-11T12:50:24","date_gmt":"2025-05-11T05:50:24","guid":{"rendered":"https:\/\/motortaburo.com\/?post_type=product&#038;p=42912"},"modified":"2026-01-22T18:07:23","modified_gmt":"2026-01-22T11:07:23","slug":"non-bao-hiem-monkey-mau-do-soc-trang-chinh-hang-honda","status":"publish","type":"product","link":"https:\/\/motortaburo.com\/en\/san-pham\/non-bao-hiem-monkey-mau-do-soc-trang-chinh-hang-honda\/","title":{"rendered":"N\u00f3n b\u1ea3o hi\u1ec3m Monkey m\u00e0u \u0110\u1ecf s\u1ecdc Tr\u1eafng ch\u00ednh h\u00e3ng Honda"},"content":{"rendered":"<p><img decoding=\"async\" src=\"https:\/\/sapo.dktcdn.net\/100\/424\/692\/variants\/helmet-measurement-1744533864984.png\" alt=\"helmet measurement\" \/><\/p>\n<p>&nbsp;<\/p>\n<table border=\"1\" cellspacing=\"0\" cellpadding=\"5\" align=\"center\">\n<tbody>\n<tr>\n<td>Size<\/td>\n<td>XS<\/td>\n<td>S<\/td>\n<td>M<\/td>\n<td>L<\/td>\n<td>XL<\/td>\n<td>2XL<\/td>\n<\/tr>\n<tr>\n<td>S\u1ed1 \u0111o v\u00f2ng \u0111\u1ea7u (cm)<\/td>\n<td>53 &#8211; 54 cm<\/td>\n<td>55 &#8211; 56 cm<\/td>\n<td>57 &#8211; 58 cm<\/td>\n<td>59 &#8211; 60 cm<\/td>\n<td>61 &#8211; 62 cm<\/td>\n<td>63 &#8211; 64 cm<\/td>\n<\/tr>\n<\/tbody>\n<\/table>\n<p>&nbsp;<\/p>\n","protected":false},"excerpt":{"rendered":"<p>Set b\u00e1n: 1 c\u00e1i.<\/p>\n<p>M\u00e0u s\u1eafc: \u0110\u1ecf s\u1ecdc Tr\u1eafng.<\/p>\n<p>Logo ch\u00fa kh\u1ec9 d\u1ec5 th\u01b0\u01a1ng \u1edf b\u00ean h\u00f4ng v\u00e0 m\u1eb7t sau.<\/p>\n<p>S\u1ea3n xu\u1ea5t theo ti\u00eau chu\u1ea9n\u00a0PSC, SG (cho xe d\u01b0\u1edbi 125cc) c\u1ee7a Nh\u1eadt B\u1ea3n.<\/p>\n<p>H\u00e0ng ch\u00ednh h\u00e3ng Honda.<\/p>\n<p>S\u1ea3n xu\u1ea5t t\u1ea1i Nh\u1eadt B\u1ea3n.<\/p>\n<p>K\u00edch th\u01b0\u1edbc \u0111\u00f3ng g\u00f3i: D\u00e0i 32 x R\u1ed9ng 26 x Cao 26mm.<\/p>\n","protected":false},"featured_media":42915,"comment_status":"open","ping_status":"closed","template":"","meta":[],"product_brand":[],"product_cat":[113],"product_tag":[],"danh-sach-xe":[],"class_list":{"0":"post-42912","1":"product","2":"type-product","3":"status-publish","4":"has-post-thumbnail","6":"product_cat-phu-kien","8":"first","9":"outofstock","10":"shipping-taxable","11":"purchasable","12":"product-type-variable"},"yoast_head":"<!-- This site is optimized with the Yoast SEO Premium plugin v23.3 (Yoast SEO v27.0) - https:\/\/yoast.com\/product\/yoast-seo-premium-wordpress\/ -->\n<title>N\u00f3n b\u1ea3o hi\u1ec3m Monkey m\u00e0u \u0110\u1ecf s\u1ecdc Tr\u1eafng ch\u00ednh h\u00e3ng Honda - Motor Taburo<\/title>\n<meta name=\"robots\" content=\"index, follow, max-snippet:-1, max-image-preview:large, max-video-preview:-1\" \/>\n<link rel=\"canonical\" href=\"https:\/\/motortaburo.com\/en\/san-pham\/non-bao-hiem-monkey-mau-do-soc-trang-chinh-hang-honda\/\" \/>\n<meta property=\"og:locale\" content=\"en_US\" \/>\n<meta property=\"og:type\" content=\"article\" \/>\n<meta property=\"og:title\" content=\"N\u00f3n b\u1ea3o hi\u1ec3m Monkey m\u00e0u \u0110\u1ecf s\u1ecdc Tr\u1eafng ch\u00ednh h\u00e3ng Honda\" \/>\n<meta property=\"og:description\" content=\"Set b\u00e1n: 1 c\u00e1i.  M\u00e0u s\u1eafc: \u0110\u1ecf s\u1ecdc Tr\u1eafng.  Logo ch\u00fa kh\u1ec9 d\u1ec5 th\u01b0\u01a1ng \u1edf b\u00ean h\u00f4ng v\u00e0 m\u1eb7t sau.  S\u1ea3n xu\u1ea5t theo ti\u00eau chu\u1ea9n\u00a0PSC, SG (cho xe d\u01b0\u1edbi 125cc) c\u1ee7a Nh\u1eadt B\u1ea3n.  H\u00e0ng ch\u00ednh h\u00e3ng Honda.  S\u1ea3n xu\u1ea5t t\u1ea1i Nh\u1eadt B\u1ea3n.  K\u00edch th\u01b0\u1edbc \u0111\u00f3ng g\u00f3i: D\u00e0i 32 x R\u1ed9ng 26 x Cao 26mm.\" \/>\n<meta property=\"og:url\" content=\"https:\/\/motortaburo.com\/en\/san-pham\/non-bao-hiem-monkey-mau-do-soc-trang-chinh-hang-honda\/\" \/>\n<meta property=\"og:site_name\" content=\"Motor Taburo - Genuine Motorcycle Parts\" \/>\n<meta property=\"article:publisher\" content=\"https:\/\/www.facebook.com\/MotorTaburo\" \/>\n<meta property=\"article:modified_time\" content=\"2026-01-22T11:07:23+00:00\" \/>\n<meta property=\"og:image\" content=\"https:\/\/motortaburo.com\/wp-content\/uploads\/2025\/05\/PXL_20250511_041851457.jpg\" \/>\n\t<meta property=\"og:image:width\" content=\"1024\" \/>\n\t<meta property=\"og:image:height\" content=\"1024\" \/>\n\t<meta property=\"og:image:type\" content=\"image\/jpeg\" \/>\n<meta name=\"twitter:card\" content=\"summary_large_image\" \/>\n<meta name=\"twitter:label1\" content=\"Availability\" \/>\n\t<meta name=\"twitter:data1\" content=\"Out of stock\" \/>\n<script type=\"application\/ld+json\" class=\"yoast-schema-graph\">{\"@context\":\"https:\/\/schema.org\",\"@graph\":[{\"@type\":\"WebPage\",\"@id\":\"https:\/\/motortaburo.com\/en\/san-pham\/non-bao-hiem-monkey-mau-do-soc-trang-chinh-hang-honda\/\",\"url\":\"https:\/\/motortaburo.com\/en\/san-pham\/non-bao-hiem-monkey-mau-do-soc-trang-chinh-hang-honda\/\",\"name\":\"N\u00f3n b\u1ea3o hi\u1ec3m Monkey m\u00e0u \u0110\u1ecf s\u1ecdc Tr\u1eafng ch\u00ednh h\u00e3ng Honda - Motor Taburo\",\"isPartOf\":{\"@id\":\"https:\/\/motortaburo.com\/en\/#website\"},\"primaryImageOfPage\":{\"@id\":\"https:\/\/motortaburo.com\/en\/san-pham\/non-bao-hiem-monkey-mau-do-soc-trang-chinh-hang-honda\/#primaryimage\"},\"image\":{\"@id\":\"https:\/\/motortaburo.com\/en\/san-pham\/non-bao-hiem-monkey-mau-do-soc-trang-chinh-hang-honda\/#primaryimage\"},\"thumbnailUrl\":\"https:\/\/motortaburo.com\/wp-content\/uploads\/2025\/05\/PXL_20250511_041851457.jpg\",\"datePublished\":\"2025-05-11T05:50:24+00:00\",\"dateModified\":\"2026-01-22T11:07:23+00:00\",\"breadcrumb\":{\"@id\":\"https:\/\/motortaburo.com\/en\/san-pham\/non-bao-hiem-monkey-mau-do-soc-trang-chinh-hang-honda\/#breadcrumb\"},\"inLanguage\":\"en-US\",\"potentialAction\":[{\"@type\":\"ReadAction\",\"target\":[\"https:\/\/motortaburo.com\/en\/san-pham\/non-bao-hiem-monkey-mau-do-soc-trang-chinh-hang-honda\/\"]}]},{\"@type\":\"ImageObject\",\"inLanguage\":\"en-US\",\"@id\":\"https:\/\/motortaburo.com\/en\/san-pham\/non-bao-hiem-monkey-mau-do-soc-trang-chinh-hang-honda\/#primaryimage\",\"url\":\"https:\/\/motortaburo.com\/wp-content\/uploads\/2025\/05\/PXL_20250511_041851457.jpg\",\"contentUrl\":\"https:\/\/motortaburo.com\/wp-content\/uploads\/2025\/05\/PXL_20250511_041851457.jpg\",\"width\":1024,\"height\":1024},{\"@type\":\"BreadcrumbList\",\"@id\":\"https:\/\/motortaburo.com\/en\/san-pham\/non-bao-hiem-monkey-mau-do-soc-trang-chinh-hang-honda\/#breadcrumb\",\"itemListElement\":[{\"@type\":\"ListItem\",\"position\":1,\"name\":\"Home\",\"item\":\"https:\/\/motortaburo.com\/en\/\"},{\"@type\":\"ListItem\",\"position\":2,\"name\":\"\u0110\u1ed3 ch\u01a1i xe\",\"item\":\"https:\/\/motortaburo.com\/do-choi-xe\/\"},{\"@type\":\"ListItem\",\"position\":3,\"name\":\"N\u00f3n b\u1ea3o hi\u1ec3m Monkey m\u00e0u \u0110\u1ecf s\u1ecdc Tr\u1eafng ch\u00ednh h\u00e3ng Honda\"}]},{\"@type\":\"WebSite\",\"@id\":\"https:\/\/motortaburo.com\/en\/#website\",\"url\":\"https:\/\/motortaburo.com\/en\/\",\"name\":\"Motor Taburo - Genuine Motorcycle Parts\",\"description\":\"We sell Japanese motorcycle parts\",\"publisher\":{\"@id\":\"https:\/\/motortaburo.com\/en\/#organization\"},\"alternateName\":\"Motor Taburo\",\"potentialAction\":[{\"@type\":\"SearchAction\",\"target\":{\"@type\":\"EntryPoint\",\"urlTemplate\":\"https:\/\/motortaburo.com\/en\/?s={search_term_string}\"},\"query-input\":{\"@type\":\"PropertyValueSpecification\",\"valueRequired\":true,\"valueName\":\"search_term_string\"}}],\"inLanguage\":\"en-US\"},{\"@type\":\"Organization\",\"@id\":\"https:\/\/motortaburo.com\/en\/#organization\",\"name\":\"Motor Taburo - Genuine Motorcycle Parts\",\"url\":\"https:\/\/motortaburo.com\/en\/\",\"logo\":{\"@type\":\"ImageObject\",\"inLanguage\":\"en-US\",\"@id\":\"https:\/\/motortaburo.com\/en\/#\/schema\/logo\/image\/\",\"url\":\"https:\/\/motortaburo.com\/wp-content\/uploads\/2021\/04\/Motor-Taburo-logo-512.jpg\",\"contentUrl\":\"https:\/\/motortaburo.com\/wp-content\/uploads\/2021\/04\/Motor-Taburo-logo-512.jpg\",\"width\":512,\"height\":512,\"caption\":\"Motor Taburo - Genuine Motorcycle Parts\"},\"image\":{\"@id\":\"https:\/\/motortaburo.com\/en\/#\/schema\/logo\/image\/\"},\"sameAs\":[\"https:\/\/www.facebook.com\/MotorTaburo\"]}]}<\/script>\n<meta property=\"product:brand\" content=\"Honda\" \/>\n<meta property=\"og:availability\" content=\"out of stock\" \/>\n<meta property=\"product:availability\" content=\"out of stock\" \/>\n<meta property=\"product:condition\" content=\"new\" \/>\n<!-- \/ Yoast SEO Premium plugin. -->","yoast_head_json":{"title":"N\u00f3n b\u1ea3o hi\u1ec3m Monkey m\u00e0u \u0110\u1ecf s\u1ecdc Tr\u1eafng ch\u00ednh h\u00e3ng Honda - Motor Taburo","robots":{"index":"index","follow":"follow","max-snippet":"max-snippet:-1","max-image-preview":"max-image-preview:large","max-video-preview":"max-video-preview:-1"},"canonical":"https:\/\/motortaburo.com\/en\/san-pham\/non-bao-hiem-monkey-mau-do-soc-trang-chinh-hang-honda\/","og_locale":"en_US","og_type":"article","og_title":"N\u00f3n b\u1ea3o hi\u1ec3m Monkey m\u00e0u \u0110\u1ecf s\u1ecdc Tr\u1eafng ch\u00ednh h\u00e3ng Honda","og_description":"Set b\u00e1n: 1 c\u00e1i.  M\u00e0u s\u1eafc: \u0110\u1ecf s\u1ecdc Tr\u1eafng.  Logo ch\u00fa kh\u1ec9 d\u1ec5 th\u01b0\u01a1ng \u1edf b\u00ean h\u00f4ng v\u00e0 m\u1eb7t sau.  S\u1ea3n xu\u1ea5t theo ti\u00eau chu\u1ea9n\u00a0PSC, SG (cho xe d\u01b0\u1edbi 125cc) c\u1ee7a Nh\u1eadt B\u1ea3n.  H\u00e0ng ch\u00ednh h\u00e3ng Honda.  S\u1ea3n xu\u1ea5t t\u1ea1i Nh\u1eadt B\u1ea3n.  K\u00edch th\u01b0\u1edbc \u0111\u00f3ng g\u00f3i: D\u00e0i 32 x R\u1ed9ng 26 x Cao 26mm.","og_url":"https:\/\/motortaburo.com\/en\/san-pham\/non-bao-hiem-monkey-mau-do-soc-trang-chinh-hang-honda\/","og_site_name":"Motor Taburo - Genuine Motorcycle Parts","article_publisher":"https:\/\/www.facebook.com\/MotorTaburo","article_modified_time":"2026-01-22T11:07:23+00:00","og_image":[{"width":1024,"height":1024,"url":"https:\/\/motortaburo.com\/wp-content\/uploads\/2025\/05\/PXL_20250511_041851457.jpg","type":"image\/jpeg"}],"twitter_card":"summary_large_image","twitter_misc":{"Availability":"Out of stock"},"schema":{"@context":"https:\/\/schema.org","@graph":[{"@type":"WebPage","@id":"https:\/\/motortaburo.com\/en\/san-pham\/non-bao-hiem-monkey-mau-do-soc-trang-chinh-hang-honda\/","url":"https:\/\/motortaburo.com\/en\/san-pham\/non-bao-hiem-monkey-mau-do-soc-trang-chinh-hang-honda\/","name":"N\u00f3n b\u1ea3o hi\u1ec3m Monkey m\u00e0u \u0110\u1ecf s\u1ecdc Tr\u1eafng ch\u00ednh h\u00e3ng Honda - Motor Taburo","isPartOf":{"@id":"https:\/\/motortaburo.com\/en\/#website"},"primaryImageOfPage":{"@id":"https:\/\/motortaburo.com\/en\/san-pham\/non-bao-hiem-monkey-mau-do-soc-trang-chinh-hang-honda\/#primaryimage"},"image":{"@id":"https:\/\/motortaburo.com\/en\/san-pham\/non-bao-hiem-monkey-mau-do-soc-trang-chinh-hang-honda\/#primaryimage"},"thumbnailUrl":"https:\/\/motortaburo.com\/wp-content\/uploads\/2025\/05\/PXL_20250511_041851457.jpg","datePublished":"2025-05-11T05:50:24+00:00","dateModified":"2026-01-22T11:07:23+00:00","breadcrumb":{"@id":"https:\/\/motortaburo.com\/en\/san-pham\/non-bao-hiem-monkey-mau-do-soc-trang-chinh-hang-honda\/#breadcrumb"},"inLanguage":"en-US","potentialAction":[{"@type":"ReadAction","target":["https:\/\/motortaburo.com\/en\/san-pham\/non-bao-hiem-monkey-mau-do-soc-trang-chinh-hang-honda\/"]}]},{"@type":"ImageObject","inLanguage":"en-US","@id":"https:\/\/motortaburo.com\/en\/san-pham\/non-bao-hiem-monkey-mau-do-soc-trang-chinh-hang-honda\/#primaryimage","url":"https:\/\/motortaburo.com\/wp-content\/uploads\/2025\/05\/PXL_20250511_041851457.jpg","contentUrl":"https:\/\/motortaburo.com\/wp-content\/uploads\/2025\/05\/PXL_20250511_041851457.jpg","width":1024,"height":1024},{"@type":"BreadcrumbList","@id":"https:\/\/motortaburo.com\/en\/san-pham\/non-bao-hiem-monkey-mau-do-soc-trang-chinh-hang-honda\/#breadcrumb","itemListElement":[{"@type":"ListItem","position":1,"name":"Home","item":"https:\/\/motortaburo.com\/en\/"},{"@type":"ListItem","position":2,"name":"\u0110\u1ed3 ch\u01a1i xe","item":"https:\/\/motortaburo.com\/do-choi-xe\/"},{"@type":"ListItem","position":3,"name":"N\u00f3n b\u1ea3o hi\u1ec3m Monkey m\u00e0u \u0110\u1ecf s\u1ecdc Tr\u1eafng ch\u00ednh h\u00e3ng Honda"}]},{"@type":"WebSite","@id":"https:\/\/motortaburo.com\/en\/#website","url":"https:\/\/motortaburo.com\/en\/","name":"Motor Taburo - Genuine Motorcycle Parts","description":"We sell Japanese motorcycle parts","publisher":{"@id":"https:\/\/motortaburo.com\/en\/#organization"},"alternateName":"Motor Taburo","potentialAction":[{"@type":"SearchAction","target":{"@type":"EntryPoint","urlTemplate":"https:\/\/motortaburo.com\/en\/?s={search_term_string}"},"query-input":{"@type":"PropertyValueSpecification","valueRequired":true,"valueName":"search_term_string"}}],"inLanguage":"en-US"},{"@type":"Organization","@id":"https:\/\/motortaburo.com\/en\/#organization","name":"Motor Taburo - Genuine Motorcycle Parts","url":"https:\/\/motortaburo.com\/en\/","logo":{"@type":"ImageObject","inLanguage":"en-US","@id":"https:\/\/motortaburo.com\/en\/#\/schema\/logo\/image\/","url":"https:\/\/motortaburo.com\/wp-content\/uploads\/2021\/04\/Motor-Taburo-logo-512.jpg","contentUrl":"https:\/\/motortaburo.com\/wp-content\/uploads\/2021\/04\/Motor-Taburo-logo-512.jpg","width":512,"height":512,"caption":"Motor Taburo - Genuine Motorcycle Parts"},"image":{"@id":"https:\/\/motortaburo.com\/en\/#\/schema\/logo\/image\/"},"sameAs":["https:\/\/www.facebook.com\/MotorTaburo"]}]},"product_brand":"Honda","og_availability":"out of stock","product_availability":"out of stock","product_condition":"new"},"_links":{"self":[{"href":"https:\/\/motortaburo.com\/en\/wp-json\/wp\/v2\/product\/42912","targetHints":{"allow":["GET"]}}],"collection":[{"href":"https:\/\/motortaburo.com\/en\/wp-json\/wp\/v2\/product"}],"about":[{"href":"https:\/\/motortaburo.com\/en\/wp-json\/wp\/v2\/types\/product"}],"replies":[{"embeddable":true,"href":"https:\/\/motortaburo.com\/en\/wp-json\/wp\/v2\/comments?post=42912"}],"version-history":[{"count":1,"href":"https:\/\/motortaburo.com\/en\/wp-json\/wp\/v2\/product\/42912\/revisions"}],"predecessor-version":[{"id":42939,"href":"https:\/\/motortaburo.com\/en\/wp-json\/wp\/v2\/product\/42912\/revisions\/42939"}],"wp:featuredmedia":[{"embeddable":true,"href":"https:\/\/motortaburo.com\/en\/wp-json\/wp\/v2\/media\/42915"}],"wp:attachment":[{"href":"https:\/\/motortaburo.com\/en\/wp-json\/wp\/v2\/media?parent=42912"}],"wp:term":[{"taxonomy":"product_brand","embeddable":true,"href":"https:\/\/motortaburo.com\/en\/wp-json\/wp\/v2\/product_brand?post=42912"},{"taxonomy":"product_cat","embeddable":true,"href":"https:\/\/motortaburo.com\/en\/wp-json\/wp\/v2\/product_cat?post=42912"},{"taxonomy":"product_tag","embeddable":true,"href":"https:\/\/motortaburo.com\/en\/wp-json\/wp\/v2\/product_tag?post=42912"},{"taxonomy":"danh-sach-xe","embeddable":true,"href":"https:\/\/motortaburo.com\/en\/wp-json\/wp\/v2\/danh-sach-xe?post=42912"}],"curies":[{"name":"wp","href":"https:\/\/api.w.org\/{rel}","templated":true}]}}