{"id":43349,"date":"2025-07-05T12:05:42","date_gmt":"2025-07-05T05:05:42","guid":{"rendered":"https:\/\/motortaburo.com\/?post_type=product&#038;p=43349"},"modified":"2026-01-22T18:06:22","modified_gmt":"2026-01-22T11:06:22","slug":"cao-su-chong-nghieng-xe-cub50-70-90-freeway250","status":"publish","type":"product","link":"https:\/\/motortaburo.com\/en\/san-pham\/cao-su-chong-nghieng-xe-cub50-70-90-freeway250\/","title":{"rendered":"Cao su ch\u1ed1ng nghi\u00eang xe Cub50, 70, 90, Freeway250"},"content":{"rendered":"","protected":false},"excerpt":{"rendered":"<p>Set b\u00e1n: 1 c\u00e1i.<\/p>\n<p>Ch\u1ea5t li\u1ec7u: Cao su.<\/p>\n<p>H\u00e0ng ch\u00ednh h\u00e3ng Honda.<\/p>\n<p>S\u1ea3n xu\u1ea5t t\u1ea1i Nh\u1eadt B\u1ea3n.<\/p>\n<p>G\u1eafn cho c\u00e1c xe Honda Cub 50, Cub 70, Cub 90, CT 70, CT 110, CT 125 USA, Monkey 50,\u00a0\u00a0Spacy 125, Freeway 250.<\/p>\n","protected":false},"featured_media":43352,"comment_status":"open","ping_status":"closed","template":"","meta":[],"product_brand":[],"product_cat":[106],"product_tag":[],"danh-sach-xe":[2350,1850,1840,2352,1896,1882,1891,1827,1826,1892],"class_list":{"0":"post-43349","1":"product","2":"type-product","3":"status-publish","4":"has-post-thumbnail","6":"product_cat-chong-nghieng-chong-dung","7":"danh-sach-xe-cub-c50","8":"danh-sach-xe-monkey-50","9":"danh-sach-xe-super-cub-50-custom","10":"danh-sach-xe-ct70","11":"danh-sach-xe-ct110-hunter-cub","12":"danh-sach-xe-ct125-hunter-cub","13":"danh-sach-xe-spacy-125","14":"danh-sach-xe-super-cub-70-c70","15":"danh-sach-xe-super-cub-90-c90","16":"danh-sach-xe-freeway-250","18":"first","19":"outofstock","20":"shipping-taxable","21":"purchasable","22":"product-type-simple"},"yoast_head":"<!-- This site is optimized with the Yoast SEO Premium plugin v23.3 (Yoast SEO v27.0) - https:\/\/yoast.com\/product\/yoast-seo-premium-wordpress\/ -->\n<title>Cao su ch\u1ed1ng nghi\u00eang xe Cub50, 70, 90, Freeway250 - Motor Taburo<\/title>\n<meta name=\"robots\" content=\"index, follow, max-snippet:-1, max-image-preview:large, max-video-preview:-1\" \/>\n<link rel=\"canonical\" href=\"https:\/\/motortaburo.com\/en\/san-pham\/cao-su-chong-nghieng-xe-cub50-70-90-freeway250\/\" \/>\n<meta property=\"og:locale\" content=\"en_US\" \/>\n<meta property=\"og:type\" content=\"article\" \/>\n<meta property=\"og:title\" content=\"Cao su ch\u1ed1ng nghi\u00eang xe Cub50, 70, 90, Freeway250\" \/>\n<meta property=\"og:description\" content=\"Set b\u00e1n: 1 c\u00e1i.  Ch\u1ea5t li\u1ec7u: Cao su.  H\u00e0ng ch\u00ednh h\u00e3ng Honda.  S\u1ea3n xu\u1ea5t t\u1ea1i Nh\u1eadt B\u1ea3n.  G\u1eafn cho c\u00e1c xe Honda Cub 50, Cub 70, Cub 90, CT 70, CT 110, CT 125 USA, Monkey 50,\u00a0\u00a0Spacy 125, Freeway 250.\" \/>\n<meta property=\"og:url\" content=\"https:\/\/motortaburo.com\/en\/san-pham\/cao-su-chong-nghieng-xe-cub50-70-90-freeway250\/\" \/>\n<meta property=\"og:site_name\" content=\"Motor Taburo - Genuine Motorcycle Parts\" \/>\n<meta property=\"article:publisher\" content=\"https:\/\/www.facebook.com\/MotorTaburo\" \/>\n<meta property=\"article:modified_time\" content=\"2026-01-22T11:06:22+00:00\" \/>\n<meta property=\"og:image\" content=\"https:\/\/motortaburo.com\/wp-content\/uploads\/2025\/07\/PXL_20250705_031249843.jpg\" \/>\n\t<meta property=\"og:image:width\" content=\"1024\" \/>\n\t<meta property=\"og:image:height\" content=\"1024\" \/>\n\t<meta property=\"og:image:type\" content=\"image\/jpeg\" \/>\n<meta name=\"twitter:card\" content=\"summary_large_image\" \/>\n<meta name=\"twitter:label1\" content=\"Price\" \/>\n\t<meta name=\"twitter:data1\" content=\"220.000&nbsp;&#8363;\" \/>\n\t<meta name=\"twitter:label2\" content=\"Availability\" \/>\n\t<meta name=\"twitter:data2\" content=\"Out of stock\" \/>\n<script type=\"application\/ld+json\" class=\"yoast-schema-graph\">{\"@context\":\"https:\/\/schema.org\",\"@graph\":[{\"@type\":\"WebPage\",\"@id\":\"https:\/\/motortaburo.com\/en\/san-pham\/cao-su-chong-nghieng-xe-cub50-70-90-freeway250\/\",\"url\":\"https:\/\/motortaburo.com\/en\/san-pham\/cao-su-chong-nghieng-xe-cub50-70-90-freeway250\/\",\"name\":\"Cao su ch\u1ed1ng nghi\u00eang xe Cub50, 70, 90, Freeway250 - Motor Taburo\",\"isPartOf\":{\"@id\":\"https:\/\/motortaburo.com\/en\/#website\"},\"primaryImageOfPage\":{\"@id\":\"https:\/\/motortaburo.com\/en\/san-pham\/cao-su-chong-nghieng-xe-cub50-70-90-freeway250\/#primaryimage\"},\"image\":{\"@id\":\"https:\/\/motortaburo.com\/en\/san-pham\/cao-su-chong-nghieng-xe-cub50-70-90-freeway250\/#primaryimage\"},\"thumbnailUrl\":\"https:\/\/motortaburo.com\/wp-content\/uploads\/2025\/07\/PXL_20250705_031249843.jpg\",\"datePublished\":\"2025-07-05T05:05:42+00:00\",\"dateModified\":\"2026-01-22T11:06:22+00:00\",\"breadcrumb\":{\"@id\":\"https:\/\/motortaburo.com\/en\/san-pham\/cao-su-chong-nghieng-xe-cub50-70-90-freeway250\/#breadcrumb\"},\"inLanguage\":\"en-US\",\"potentialAction\":[{\"@type\":\"ReadAction\",\"target\":[\"https:\/\/motortaburo.com\/en\/san-pham\/cao-su-chong-nghieng-xe-cub50-70-90-freeway250\/\"]}]},{\"@type\":\"ImageObject\",\"inLanguage\":\"en-US\",\"@id\":\"https:\/\/motortaburo.com\/en\/san-pham\/cao-su-chong-nghieng-xe-cub50-70-90-freeway250\/#primaryimage\",\"url\":\"https:\/\/motortaburo.com\/wp-content\/uploads\/2025\/07\/PXL_20250705_031249843.jpg\",\"contentUrl\":\"https:\/\/motortaburo.com\/wp-content\/uploads\/2025\/07\/PXL_20250705_031249843.jpg\",\"width\":1024,\"height\":1024},{\"@type\":\"BreadcrumbList\",\"@id\":\"https:\/\/motortaburo.com\/en\/san-pham\/cao-su-chong-nghieng-xe-cub50-70-90-freeway250\/#breadcrumb\",\"itemListElement\":[{\"@type\":\"ListItem\",\"position\":1,\"name\":\"Home\",\"item\":\"https:\/\/motortaburo.com\/en\/\"},{\"@type\":\"ListItem\",\"position\":2,\"name\":\"\u0110\u1ed3 ch\u01a1i xe\",\"item\":\"https:\/\/motortaburo.com\/do-choi-xe\/\"},{\"@type\":\"ListItem\",\"position\":3,\"name\":\"Cao su ch\u1ed1ng nghi\u00eang xe Cub50, 70, 90, Freeway250\"}]},{\"@type\":\"WebSite\",\"@id\":\"https:\/\/motortaburo.com\/en\/#website\",\"url\":\"https:\/\/motortaburo.com\/en\/\",\"name\":\"Motor Taburo - Genuine Motorcycle Parts\",\"description\":\"We sell Japanese motorcycle parts\",\"publisher\":{\"@id\":\"https:\/\/motortaburo.com\/en\/#organization\"},\"alternateName\":\"Motor Taburo\",\"potentialAction\":[{\"@type\":\"SearchAction\",\"target\":{\"@type\":\"EntryPoint\",\"urlTemplate\":\"https:\/\/motortaburo.com\/en\/?s={search_term_string}\"},\"query-input\":{\"@type\":\"PropertyValueSpecification\",\"valueRequired\":true,\"valueName\":\"search_term_string\"}}],\"inLanguage\":\"en-US\"},{\"@type\":\"Organization\",\"@id\":\"https:\/\/motortaburo.com\/en\/#organization\",\"name\":\"Motor Taburo - Genuine Motorcycle Parts\",\"url\":\"https:\/\/motortaburo.com\/en\/\",\"logo\":{\"@type\":\"ImageObject\",\"inLanguage\":\"en-US\",\"@id\":\"https:\/\/motortaburo.com\/en\/#\/schema\/logo\/image\/\",\"url\":\"https:\/\/motortaburo.com\/wp-content\/uploads\/2021\/04\/Motor-Taburo-logo-512.jpg\",\"contentUrl\":\"https:\/\/motortaburo.com\/wp-content\/uploads\/2021\/04\/Motor-Taburo-logo-512.jpg\",\"width\":512,\"height\":512,\"caption\":\"Motor Taburo - Genuine Motorcycle Parts\"},\"image\":{\"@id\":\"https:\/\/motortaburo.com\/en\/#\/schema\/logo\/image\/\"},\"sameAs\":[\"https:\/\/www.facebook.com\/MotorTaburo\"]}]}<\/script>\n<meta property=\"product:brand\" content=\"Honda\" \/>\n<meta property=\"product:price:amount\" content=\"220000\" \/>\n<meta property=\"product:price:currency\" content=\"VND\" \/>\n<meta property=\"og:availability\" content=\"out of stock\" \/>\n<meta property=\"product:availability\" content=\"out of stock\" \/>\n<meta property=\"product:retailer_item_id\" content=\"50548-324-760\" \/>\n<meta property=\"product:condition\" content=\"new\" \/>\n<!-- \/ Yoast SEO Premium plugin. -->","yoast_head_json":{"title":"Cao su ch\u1ed1ng nghi\u00eang xe Cub50, 70, 90, Freeway250 - Motor Taburo","robots":{"index":"index","follow":"follow","max-snippet":"max-snippet:-1","max-image-preview":"max-image-preview:large","max-video-preview":"max-video-preview:-1"},"canonical":"https:\/\/motortaburo.com\/en\/san-pham\/cao-su-chong-nghieng-xe-cub50-70-90-freeway250\/","og_locale":"en_US","og_type":"article","og_title":"Cao su ch\u1ed1ng nghi\u00eang xe Cub50, 70, 90, Freeway250","og_description":"Set b\u00e1n: 1 c\u00e1i.  Ch\u1ea5t li\u1ec7u: Cao su.  H\u00e0ng ch\u00ednh h\u00e3ng Honda.  S\u1ea3n xu\u1ea5t t\u1ea1i Nh\u1eadt B\u1ea3n.  G\u1eafn cho c\u00e1c xe Honda Cub 50, Cub 70, Cub 90, CT 70, CT 110, CT 125 USA, Monkey 50,\u00a0\u00a0Spacy 125, Freeway 250.","og_url":"https:\/\/motortaburo.com\/en\/san-pham\/cao-su-chong-nghieng-xe-cub50-70-90-freeway250\/","og_site_name":"Motor Taburo - Genuine Motorcycle Parts","article_publisher":"https:\/\/www.facebook.com\/MotorTaburo","article_modified_time":"2026-01-22T11:06:22+00:00","og_image":[{"width":1024,"height":1024,"url":"https:\/\/motortaburo.com\/wp-content\/uploads\/2025\/07\/PXL_20250705_031249843.jpg","type":"image\/jpeg"}],"twitter_card":"summary_large_image","twitter_misc":{"Price":"220.000&nbsp;&#8363;","Availability":"Out of stock"},"schema":{"@context":"https:\/\/schema.org","@graph":[{"@type":"WebPage","@id":"https:\/\/motortaburo.com\/en\/san-pham\/cao-su-chong-nghieng-xe-cub50-70-90-freeway250\/","url":"https:\/\/motortaburo.com\/en\/san-pham\/cao-su-chong-nghieng-xe-cub50-70-90-freeway250\/","name":"Cao su ch\u1ed1ng nghi\u00eang xe Cub50, 70, 90, Freeway250 - Motor Taburo","isPartOf":{"@id":"https:\/\/motortaburo.com\/en\/#website"},"primaryImageOfPage":{"@id":"https:\/\/motortaburo.com\/en\/san-pham\/cao-su-chong-nghieng-xe-cub50-70-90-freeway250\/#primaryimage"},"image":{"@id":"https:\/\/motortaburo.com\/en\/san-pham\/cao-su-chong-nghieng-xe-cub50-70-90-freeway250\/#primaryimage"},"thumbnailUrl":"https:\/\/motortaburo.com\/wp-content\/uploads\/2025\/07\/PXL_20250705_031249843.jpg","datePublished":"2025-07-05T05:05:42+00:00","dateModified":"2026-01-22T11:06:22+00:00","breadcrumb":{"@id":"https:\/\/motortaburo.com\/en\/san-pham\/cao-su-chong-nghieng-xe-cub50-70-90-freeway250\/#breadcrumb"},"inLanguage":"en-US","potentialAction":[{"@type":"ReadAction","target":["https:\/\/motortaburo.com\/en\/san-pham\/cao-su-chong-nghieng-xe-cub50-70-90-freeway250\/"]}]},{"@type":"ImageObject","inLanguage":"en-US","@id":"https:\/\/motortaburo.com\/en\/san-pham\/cao-su-chong-nghieng-xe-cub50-70-90-freeway250\/#primaryimage","url":"https:\/\/motortaburo.com\/wp-content\/uploads\/2025\/07\/PXL_20250705_031249843.jpg","contentUrl":"https:\/\/motortaburo.com\/wp-content\/uploads\/2025\/07\/PXL_20250705_031249843.jpg","width":1024,"height":1024},{"@type":"BreadcrumbList","@id":"https:\/\/motortaburo.com\/en\/san-pham\/cao-su-chong-nghieng-xe-cub50-70-90-freeway250\/#breadcrumb","itemListElement":[{"@type":"ListItem","position":1,"name":"Home","item":"https:\/\/motortaburo.com\/en\/"},{"@type":"ListItem","position":2,"name":"\u0110\u1ed3 ch\u01a1i xe","item":"https:\/\/motortaburo.com\/do-choi-xe\/"},{"@type":"ListItem","position":3,"name":"Cao su ch\u1ed1ng nghi\u00eang xe Cub50, 70, 90, Freeway250"}]},{"@type":"WebSite","@id":"https:\/\/motortaburo.com\/en\/#website","url":"https:\/\/motortaburo.com\/en\/","name":"Motor Taburo - Genuine Motorcycle Parts","description":"We sell Japanese motorcycle parts","publisher":{"@id":"https:\/\/motortaburo.com\/en\/#organization"},"alternateName":"Motor Taburo","potentialAction":[{"@type":"SearchAction","target":{"@type":"EntryPoint","urlTemplate":"https:\/\/motortaburo.com\/en\/?s={search_term_string}"},"query-input":{"@type":"PropertyValueSpecification","valueRequired":true,"valueName":"search_term_string"}}],"inLanguage":"en-US"},{"@type":"Organization","@id":"https:\/\/motortaburo.com\/en\/#organization","name":"Motor Taburo - Genuine Motorcycle Parts","url":"https:\/\/motortaburo.com\/en\/","logo":{"@type":"ImageObject","inLanguage":"en-US","@id":"https:\/\/motortaburo.com\/en\/#\/schema\/logo\/image\/","url":"https:\/\/motortaburo.com\/wp-content\/uploads\/2021\/04\/Motor-Taburo-logo-512.jpg","contentUrl":"https:\/\/motortaburo.com\/wp-content\/uploads\/2021\/04\/Motor-Taburo-logo-512.jpg","width":512,"height":512,"caption":"Motor Taburo - Genuine Motorcycle Parts"},"image":{"@id":"https:\/\/motortaburo.com\/en\/#\/schema\/logo\/image\/"},"sameAs":["https:\/\/www.facebook.com\/MotorTaburo"]}]},"product_brand":"Honda","product_price_amount":"220000","product_price_currency":"VND","og_availability":"out of stock","product_availability":"out of stock","product_retailer_item_id":"50548-324-760","product_condition":"new"},"_links":{"self":[{"href":"https:\/\/motortaburo.com\/en\/wp-json\/wp\/v2\/product\/43349","targetHints":{"allow":["GET"]}}],"collection":[{"href":"https:\/\/motortaburo.com\/en\/wp-json\/wp\/v2\/product"}],"about":[{"href":"https:\/\/motortaburo.com\/en\/wp-json\/wp\/v2\/types\/product"}],"replies":[{"embeddable":true,"href":"https:\/\/motortaburo.com\/en\/wp-json\/wp\/v2\/comments?post=43349"}],"version-history":[{"count":1,"href":"https:\/\/motortaburo.com\/en\/wp-json\/wp\/v2\/product\/43349\/revisions"}],"predecessor-version":[{"id":43372,"href":"https:\/\/motortaburo.com\/en\/wp-json\/wp\/v2\/product\/43349\/revisions\/43372"}],"wp:featuredmedia":[{"embeddable":true,"href":"https:\/\/motortaburo.com\/en\/wp-json\/wp\/v2\/media\/43352"}],"wp:attachment":[{"href":"https:\/\/motortaburo.com\/en\/wp-json\/wp\/v2\/media?parent=43349"}],"wp:term":[{"taxonomy":"product_brand","embeddable":true,"href":"https:\/\/motortaburo.com\/en\/wp-json\/wp\/v2\/product_brand?post=43349"},{"taxonomy":"product_cat","embeddable":true,"href":"https:\/\/motortaburo.com\/en\/wp-json\/wp\/v2\/product_cat?post=43349"},{"taxonomy":"product_tag","embeddable":true,"href":"https:\/\/motortaburo.com\/en\/wp-json\/wp\/v2\/product_tag?post=43349"},{"taxonomy":"danh-sach-xe","embeddable":true,"href":"https:\/\/motortaburo.com\/en\/wp-json\/wp\/v2\/danh-sach-xe?post=43349"}],"curies":[{"name":"wp","href":"https:\/\/api.w.org\/{rel}","templated":true}]}}