{"id":43373,"date":"2025-07-05T12:52:16","date_gmt":"2025-07-05T05:52:16","guid":{"rendered":"https:\/\/motortaburo.com\/?post_type=product&#038;p=43373"},"modified":"2026-03-21T13:44:41","modified_gmt":"2026-03-21T06:44:41","slug":"phoi-chia-khoa-cub-cd50-ranh-phai-hang-chinh-hang-honda","status":"publish","type":"product","link":"https:\/\/motortaburo.com\/en\/san-pham\/phoi-chia-khoa-cub-cd50-ranh-phai-hang-chinh-hang-honda\/","title":{"rendered":"Ph\u00f4i ch\u00eca kh\u00f3a Cub, CD50 r\u00e3nh ph\u1ea3i h\u00e0ng ch\u00ednh h\u00e3ng Honda"},"content":{"rendered":"","protected":false},"excerpt":{"rendered":"<p>S\u1ed1 l\u01b0\u1ee3ng b\u00e1n: 1 c\u00e1i.<\/p>\n<p>Ph\u00f4i ch\u00eca ch\u00ednh h\u00e3ng Honda.<\/p>\n<p>S\u1ea3n xu\u1ea5t t\u1ea1i Nh\u1eadt B\u1ea3n.<\/p>\n<p>Ph\u00f4i ch\u00eca zin ch\u00ednh h\u00e3ng.<\/p>\n<p>Qu\u00fd kh\u00e1ch mua v\u1ec1 mang ra ti\u1ec7m \u0111\u00e1nh theo ch\u00eca \u0111ang x\u00e0i tr\u00ean xe.<\/p>\n<p>Qu\u00fd kh\u00e1ch nh\u1edb so v\u1edbi ch\u00eca \u0111ang x\u00e0i c\u1ee7a m\u00ecnh \u0111\u1ec3 ch\u1ecdn \u0111\u00fang lo\u1ea1i ch\u00eca.<\/p>\n","protected":false},"featured_media":43376,"comment_status":"open","ping_status":"closed","template":"","meta":[],"product_brand":[],"product_cat":[479],"product_tag":[],"danh-sach-xe":[1876,1860,2350,1850,1841,1840,1812,1813,1835,1834,1833,2362,1896,1831,1827,1826],"class_list":{"0":"post-43373","1":"product","2":"type-product","3":"status-publish","4":"has-post-thumbnail","6":"product_cat-o-khoa-day-dien","7":"danh-sach-xe-cd50s","8":"danh-sach-xe-cl50","9":"danh-sach-xe-cub-c50","10":"danh-sach-xe-monkey-50","11":"danh-sach-xe-super-cub-50-c50","12":"danh-sach-xe-super-cub-50-custom","13":"danh-sach-xe-ape50","14":"danh-sach-xe-cd50-benly","15":"danh-sach-xe-ape100","16":"danh-sach-xe-ape100-type-d","17":"danh-sach-xe-benly-cd90","18":"danh-sach-xe-cd90s","19":"danh-sach-xe-ct110-hunter-cub","20":"danh-sach-xe-dd70","21":"danh-sach-xe-super-cub-70-c70","22":"danh-sach-xe-super-cub-90-c90","24":"first","25":"instock","26":"shipping-taxable","27":"purchasable","28":"product-type-simple"},"yoast_head":"<!-- This site is optimized with the Yoast SEO Premium plugin v23.3 (Yoast SEO v27.0) - https:\/\/yoast.com\/product\/yoast-seo-premium-wordpress\/ -->\n<title>Ph\u00f4i ch\u00eca kh\u00f3a Cub, CD50 r\u00e3nh ph\u1ea3i h\u00e0ng ch\u00ednh h\u00e3ng Honda - Motor Taburo<\/title>\n<meta name=\"robots\" content=\"index, follow, max-snippet:-1, max-image-preview:large, max-video-preview:-1\" \/>\n<link rel=\"canonical\" href=\"https:\/\/motortaburo.com\/en\/san-pham\/phoi-chia-khoa-cub-cd50-ranh-phai-hang-chinh-hang-honda\/\" \/>\n<meta property=\"og:locale\" content=\"en_US\" \/>\n<meta property=\"og:type\" content=\"article\" \/>\n<meta property=\"og:title\" content=\"Ph\u00f4i ch\u00eca kh\u00f3a Cub, CD50 r\u00e3nh ph\u1ea3i h\u00e0ng ch\u00ednh h\u00e3ng Honda\" \/>\n<meta property=\"og:description\" content=\"S\u1ed1 l\u01b0\u1ee3ng b\u00e1n: 1 c\u00e1i.  Ph\u00f4i ch\u00eca ch\u00ednh h\u00e3ng Honda.  S\u1ea3n xu\u1ea5t t\u1ea1i Nh\u1eadt B\u1ea3n.  Ph\u00f4i ch\u00eca zin ch\u00ednh h\u00e3ng.  Qu\u00fd kh\u00e1ch mua v\u1ec1 mang ra ti\u1ec7m \u0111\u00e1nh theo ch\u00eca \u0111ang x\u00e0i tr\u00ean xe.  Qu\u00fd kh\u00e1ch nh\u1edb so v\u1edbi ch\u00eca \u0111ang x\u00e0i c\u1ee7a m\u00ecnh \u0111\u1ec3 ch\u1ecdn \u0111\u00fang lo\u1ea1i ch\u00eca.\" \/>\n<meta property=\"og:url\" content=\"https:\/\/motortaburo.com\/en\/san-pham\/phoi-chia-khoa-cub-cd50-ranh-phai-hang-chinh-hang-honda\/\" \/>\n<meta property=\"og:site_name\" content=\"Motor Taburo - Genuine Motorcycle Parts\" \/>\n<meta property=\"article:publisher\" content=\"https:\/\/www.facebook.com\/MotorTaburo\" \/>\n<meta property=\"article:modified_time\" content=\"2026-03-21T06:44:41+00:00\" \/>\n<meta property=\"og:image\" content=\"https:\/\/motortaburo.com\/wp-content\/uploads\/2025\/07\/PXL_20250705_031550923.jpg\" \/>\n\t<meta property=\"og:image:width\" content=\"1024\" \/>\n\t<meta property=\"og:image:height\" content=\"1024\" \/>\n\t<meta property=\"og:image:type\" content=\"image\/jpeg\" \/>\n<meta name=\"twitter:card\" content=\"summary_large_image\" \/>\n<meta name=\"twitter:label1\" content=\"Price\" \/>\n\t<meta name=\"twitter:data1\" content=\"300.000&nbsp;&#8363;\" \/>\n\t<meta name=\"twitter:label2\" content=\"Availability\" \/>\n\t<meta name=\"twitter:data2\" content=\"In stock\" \/>\n<script type=\"application\/ld+json\" class=\"yoast-schema-graph\">{\"@context\":\"https:\/\/schema.org\",\"@graph\":[{\"@type\":\"WebPage\",\"@id\":\"https:\/\/motortaburo.com\/en\/san-pham\/phoi-chia-khoa-cub-cd50-ranh-phai-hang-chinh-hang-honda\/\",\"url\":\"https:\/\/motortaburo.com\/en\/san-pham\/phoi-chia-khoa-cub-cd50-ranh-phai-hang-chinh-hang-honda\/\",\"name\":\"Ph\u00f4i ch\u00eca kh\u00f3a Cub, CD50 r\u00e3nh ph\u1ea3i h\u00e0ng ch\u00ednh h\u00e3ng Honda - Motor Taburo\",\"isPartOf\":{\"@id\":\"https:\/\/motortaburo.com\/en\/#website\"},\"primaryImageOfPage\":{\"@id\":\"https:\/\/motortaburo.com\/en\/san-pham\/phoi-chia-khoa-cub-cd50-ranh-phai-hang-chinh-hang-honda\/#primaryimage\"},\"image\":{\"@id\":\"https:\/\/motortaburo.com\/en\/san-pham\/phoi-chia-khoa-cub-cd50-ranh-phai-hang-chinh-hang-honda\/#primaryimage\"},\"thumbnailUrl\":\"https:\/\/motortaburo.com\/wp-content\/uploads\/2025\/07\/PXL_20250705_031550923.jpg\",\"datePublished\":\"2025-07-05T05:52:16+00:00\",\"dateModified\":\"2026-03-21T06:44:41+00:00\",\"breadcrumb\":{\"@id\":\"https:\/\/motortaburo.com\/en\/san-pham\/phoi-chia-khoa-cub-cd50-ranh-phai-hang-chinh-hang-honda\/#breadcrumb\"},\"inLanguage\":\"en-US\",\"potentialAction\":[{\"@type\":\"ReadAction\",\"target\":[\"https:\/\/motortaburo.com\/en\/san-pham\/phoi-chia-khoa-cub-cd50-ranh-phai-hang-chinh-hang-honda\/\"]}]},{\"@type\":\"ImageObject\",\"inLanguage\":\"en-US\",\"@id\":\"https:\/\/motortaburo.com\/en\/san-pham\/phoi-chia-khoa-cub-cd50-ranh-phai-hang-chinh-hang-honda\/#primaryimage\",\"url\":\"https:\/\/motortaburo.com\/wp-content\/uploads\/2025\/07\/PXL_20250705_031550923.jpg\",\"contentUrl\":\"https:\/\/motortaburo.com\/wp-content\/uploads\/2025\/07\/PXL_20250705_031550923.jpg\",\"width\":1024,\"height\":1024},{\"@type\":\"BreadcrumbList\",\"@id\":\"https:\/\/motortaburo.com\/en\/san-pham\/phoi-chia-khoa-cub-cd50-ranh-phai-hang-chinh-hang-honda\/#breadcrumb\",\"itemListElement\":[{\"@type\":\"ListItem\",\"position\":1,\"name\":\"Home\",\"item\":\"https:\/\/motortaburo.com\/en\/\"},{\"@type\":\"ListItem\",\"position\":2,\"name\":\"\u0110\u1ed3 ch\u01a1i xe\",\"item\":\"https:\/\/motortaburo.com\/do-choi-xe\/\"},{\"@type\":\"ListItem\",\"position\":3,\"name\":\"Ph\u00f4i ch\u00eca kh\u00f3a Cub, CD50 r\u00e3nh ph\u1ea3i h\u00e0ng ch\u00ednh h\u00e3ng Honda\"}]},{\"@type\":\"WebSite\",\"@id\":\"https:\/\/motortaburo.com\/en\/#website\",\"url\":\"https:\/\/motortaburo.com\/en\/\",\"name\":\"Motor Taburo - Genuine Motorcycle Parts\",\"description\":\"We sell Japanese motorcycle parts\",\"publisher\":{\"@id\":\"https:\/\/motortaburo.com\/en\/#organization\"},\"alternateName\":\"Motor Taburo\",\"potentialAction\":[{\"@type\":\"SearchAction\",\"target\":{\"@type\":\"EntryPoint\",\"urlTemplate\":\"https:\/\/motortaburo.com\/en\/?s={search_term_string}\"},\"query-input\":{\"@type\":\"PropertyValueSpecification\",\"valueRequired\":true,\"valueName\":\"search_term_string\"}}],\"inLanguage\":\"en-US\"},{\"@type\":\"Organization\",\"@id\":\"https:\/\/motortaburo.com\/en\/#organization\",\"name\":\"Motor Taburo - Genuine Motorcycle Parts\",\"url\":\"https:\/\/motortaburo.com\/en\/\",\"logo\":{\"@type\":\"ImageObject\",\"inLanguage\":\"en-US\",\"@id\":\"https:\/\/motortaburo.com\/en\/#\/schema\/logo\/image\/\",\"url\":\"https:\/\/motortaburo.com\/wp-content\/uploads\/2021\/04\/Motor-Taburo-logo-512.jpg\",\"contentUrl\":\"https:\/\/motortaburo.com\/wp-content\/uploads\/2021\/04\/Motor-Taburo-logo-512.jpg\",\"width\":512,\"height\":512,\"caption\":\"Motor Taburo - Genuine Motorcycle Parts\"},\"image\":{\"@id\":\"https:\/\/motortaburo.com\/en\/#\/schema\/logo\/image\/\"},\"sameAs\":[\"https:\/\/www.facebook.com\/MotorTaburo\"]}]}<\/script>\n<meta property=\"product:brand\" content=\"Honda\" \/>\n<meta property=\"product:price:amount\" content=\"300000\" \/>\n<meta property=\"product:price:currency\" content=\"VND\" \/>\n<meta property=\"og:availability\" content=\"instock\" \/>\n<meta property=\"product:availability\" content=\"instock\" \/>\n<meta property=\"product:retailer_item_id\" content=\"35121-GW0-731\" \/>\n<meta property=\"product:condition\" content=\"new\" \/>\n<!-- \/ Yoast SEO Premium plugin. -->","yoast_head_json":{"title":"Ph\u00f4i ch\u00eca kh\u00f3a Cub, CD50 r\u00e3nh ph\u1ea3i h\u00e0ng ch\u00ednh h\u00e3ng Honda - Motor Taburo","robots":{"index":"index","follow":"follow","max-snippet":"max-snippet:-1","max-image-preview":"max-image-preview:large","max-video-preview":"max-video-preview:-1"},"canonical":"https:\/\/motortaburo.com\/en\/san-pham\/phoi-chia-khoa-cub-cd50-ranh-phai-hang-chinh-hang-honda\/","og_locale":"en_US","og_type":"article","og_title":"Ph\u00f4i ch\u00eca kh\u00f3a Cub, CD50 r\u00e3nh ph\u1ea3i h\u00e0ng ch\u00ednh h\u00e3ng Honda","og_description":"S\u1ed1 l\u01b0\u1ee3ng b\u00e1n: 1 c\u00e1i.  Ph\u00f4i ch\u00eca ch\u00ednh h\u00e3ng Honda.  S\u1ea3n xu\u1ea5t t\u1ea1i Nh\u1eadt B\u1ea3n.  Ph\u00f4i ch\u00eca zin ch\u00ednh h\u00e3ng.  Qu\u00fd kh\u00e1ch mua v\u1ec1 mang ra ti\u1ec7m \u0111\u00e1nh theo ch\u00eca \u0111ang x\u00e0i tr\u00ean xe.  Qu\u00fd kh\u00e1ch nh\u1edb so v\u1edbi ch\u00eca \u0111ang x\u00e0i c\u1ee7a m\u00ecnh \u0111\u1ec3 ch\u1ecdn \u0111\u00fang lo\u1ea1i ch\u00eca.","og_url":"https:\/\/motortaburo.com\/en\/san-pham\/phoi-chia-khoa-cub-cd50-ranh-phai-hang-chinh-hang-honda\/","og_site_name":"Motor Taburo - Genuine Motorcycle Parts","article_publisher":"https:\/\/www.facebook.com\/MotorTaburo","article_modified_time":"2026-03-21T06:44:41+00:00","og_image":[{"width":1024,"height":1024,"url":"https:\/\/motortaburo.com\/wp-content\/uploads\/2025\/07\/PXL_20250705_031550923.jpg","type":"image\/jpeg"}],"twitter_card":"summary_large_image","twitter_misc":{"Price":"300.000&nbsp;&#8363;","Availability":"In stock"},"schema":{"@context":"https:\/\/schema.org","@graph":[{"@type":"WebPage","@id":"https:\/\/motortaburo.com\/en\/san-pham\/phoi-chia-khoa-cub-cd50-ranh-phai-hang-chinh-hang-honda\/","url":"https:\/\/motortaburo.com\/en\/san-pham\/phoi-chia-khoa-cub-cd50-ranh-phai-hang-chinh-hang-honda\/","name":"Ph\u00f4i ch\u00eca kh\u00f3a Cub, CD50 r\u00e3nh ph\u1ea3i h\u00e0ng ch\u00ednh h\u00e3ng Honda - Motor Taburo","isPartOf":{"@id":"https:\/\/motortaburo.com\/en\/#website"},"primaryImageOfPage":{"@id":"https:\/\/motortaburo.com\/en\/san-pham\/phoi-chia-khoa-cub-cd50-ranh-phai-hang-chinh-hang-honda\/#primaryimage"},"image":{"@id":"https:\/\/motortaburo.com\/en\/san-pham\/phoi-chia-khoa-cub-cd50-ranh-phai-hang-chinh-hang-honda\/#primaryimage"},"thumbnailUrl":"https:\/\/motortaburo.com\/wp-content\/uploads\/2025\/07\/PXL_20250705_031550923.jpg","datePublished":"2025-07-05T05:52:16+00:00","dateModified":"2026-03-21T06:44:41+00:00","breadcrumb":{"@id":"https:\/\/motortaburo.com\/en\/san-pham\/phoi-chia-khoa-cub-cd50-ranh-phai-hang-chinh-hang-honda\/#breadcrumb"},"inLanguage":"en-US","potentialAction":[{"@type":"ReadAction","target":["https:\/\/motortaburo.com\/en\/san-pham\/phoi-chia-khoa-cub-cd50-ranh-phai-hang-chinh-hang-honda\/"]}]},{"@type":"ImageObject","inLanguage":"en-US","@id":"https:\/\/motortaburo.com\/en\/san-pham\/phoi-chia-khoa-cub-cd50-ranh-phai-hang-chinh-hang-honda\/#primaryimage","url":"https:\/\/motortaburo.com\/wp-content\/uploads\/2025\/07\/PXL_20250705_031550923.jpg","contentUrl":"https:\/\/motortaburo.com\/wp-content\/uploads\/2025\/07\/PXL_20250705_031550923.jpg","width":1024,"height":1024},{"@type":"BreadcrumbList","@id":"https:\/\/motortaburo.com\/en\/san-pham\/phoi-chia-khoa-cub-cd50-ranh-phai-hang-chinh-hang-honda\/#breadcrumb","itemListElement":[{"@type":"ListItem","position":1,"name":"Home","item":"https:\/\/motortaburo.com\/en\/"},{"@type":"ListItem","position":2,"name":"\u0110\u1ed3 ch\u01a1i xe","item":"https:\/\/motortaburo.com\/do-choi-xe\/"},{"@type":"ListItem","position":3,"name":"Ph\u00f4i ch\u00eca kh\u00f3a Cub, CD50 r\u00e3nh ph\u1ea3i h\u00e0ng ch\u00ednh h\u00e3ng Honda"}]},{"@type":"WebSite","@id":"https:\/\/motortaburo.com\/en\/#website","url":"https:\/\/motortaburo.com\/en\/","name":"Motor Taburo - Genuine Motorcycle Parts","description":"We sell Japanese motorcycle parts","publisher":{"@id":"https:\/\/motortaburo.com\/en\/#organization"},"alternateName":"Motor Taburo","potentialAction":[{"@type":"SearchAction","target":{"@type":"EntryPoint","urlTemplate":"https:\/\/motortaburo.com\/en\/?s={search_term_string}"},"query-input":{"@type":"PropertyValueSpecification","valueRequired":true,"valueName":"search_term_string"}}],"inLanguage":"en-US"},{"@type":"Organization","@id":"https:\/\/motortaburo.com\/en\/#organization","name":"Motor Taburo - Genuine Motorcycle Parts","url":"https:\/\/motortaburo.com\/en\/","logo":{"@type":"ImageObject","inLanguage":"en-US","@id":"https:\/\/motortaburo.com\/en\/#\/schema\/logo\/image\/","url":"https:\/\/motortaburo.com\/wp-content\/uploads\/2021\/04\/Motor-Taburo-logo-512.jpg","contentUrl":"https:\/\/motortaburo.com\/wp-content\/uploads\/2021\/04\/Motor-Taburo-logo-512.jpg","width":512,"height":512,"caption":"Motor Taburo - Genuine Motorcycle Parts"},"image":{"@id":"https:\/\/motortaburo.com\/en\/#\/schema\/logo\/image\/"},"sameAs":["https:\/\/www.facebook.com\/MotorTaburo"]}]},"product_brand":"Honda","product_price_amount":"300000","product_price_currency":"VND","og_availability":"instock","product_availability":"instock","product_retailer_item_id":"35121-GW0-731","product_condition":"new"},"_links":{"self":[{"href":"https:\/\/motortaburo.com\/en\/wp-json\/wp\/v2\/product\/43373","targetHints":{"allow":["GET"]}}],"collection":[{"href":"https:\/\/motortaburo.com\/en\/wp-json\/wp\/v2\/product"}],"about":[{"href":"https:\/\/motortaburo.com\/en\/wp-json\/wp\/v2\/types\/product"}],"replies":[{"embeddable":true,"href":"https:\/\/motortaburo.com\/en\/wp-json\/wp\/v2\/comments?post=43373"}],"version-history":[{"count":1,"href":"https:\/\/motortaburo.com\/en\/wp-json\/wp\/v2\/product\/43373\/revisions"}],"predecessor-version":[{"id":43394,"href":"https:\/\/motortaburo.com\/en\/wp-json\/wp\/v2\/product\/43373\/revisions\/43394"}],"wp:featuredmedia":[{"embeddable":true,"href":"https:\/\/motortaburo.com\/en\/wp-json\/wp\/v2\/media\/43376"}],"wp:attachment":[{"href":"https:\/\/motortaburo.com\/en\/wp-json\/wp\/v2\/media?parent=43373"}],"wp:term":[{"taxonomy":"product_brand","embeddable":true,"href":"https:\/\/motortaburo.com\/en\/wp-json\/wp\/v2\/product_brand?post=43373"},{"taxonomy":"product_cat","embeddable":true,"href":"https:\/\/motortaburo.com\/en\/wp-json\/wp\/v2\/product_cat?post=43373"},{"taxonomy":"product_tag","embeddable":true,"href":"https:\/\/motortaburo.com\/en\/wp-json\/wp\/v2\/product_tag?post=43373"},{"taxonomy":"danh-sach-xe","embeddable":true,"href":"https:\/\/motortaburo.com\/en\/wp-json\/wp\/v2\/danh-sach-xe?post=43373"}],"curies":[{"name":"wp","href":"https:\/\/api.w.org\/{rel}","templated":true}]}}