{"id":43821,"date":"2025-11-05T19:46:26","date_gmt":"2025-11-05T12:46:26","guid":{"rendered":"https:\/\/motortaburo.com\/?post_type=product&#038;p=43821"},"modified":"2026-01-22T18:07:26","modified_gmt":"2026-01-22T11:07:26","slug":"oc-chup-chan-kinh-chieu-hau-10mm-chinh-hang-posh","status":"publish","type":"product","link":"https:\/\/motortaburo.com\/en\/san-pham\/oc-chup-chan-kinh-chieu-hau-10mm-chinh-hang-posh\/","title":{"rendered":"\u1ed0c ch\u1ee5p ch\u00e2n k\u00ednh chi\u1ebfu h\u1eadu 10mm ch\u00ednh h\u00e3ng Posh"},"content":{"rendered":"","protected":false},"excerpt":{"rendered":"<p>Set b\u00e1n bao g\u1ed3m: 1 c\u00e1i.<\/p>\n<p>Ch\u1ea5t li\u1ec7u: Nh\u00f4m.<\/p>\n<p>K\u00edch th\u01b0\u1edbc: 10mm.<\/p>\n<p>H\u00e0ng ch\u00ednh h\u00e3ng Posh.<\/p>\n<p>S\u1ea3n xu\u1ea5t t\u1ea1i Nh\u1eadt B\u1ea3n.<\/p>\n<p>N\u1ebfu xe c\u1ee7a b\u1ea1n th\u00e1o k\u00ednh chi\u1ebfu h\u1eadu ra, kh\u00f4ng d\u00f9ng n\u1eefa, th\u00ec l\u1ed7 ch\u00e2n k\u00ednh s\u1ebd l\u1ed9 ra v\u00e0 mua gi\u00f3 b\u1ee5i b\u1eb7m s\u1ebd ch\u1ea3y v\u00e0o l\u00e0m h\u01b0 h\u1ecfng. \u1ed0c ch\u1ee5p ch\u00e2n ki\u1ebfng n\u00e0y s\u1ebd b\u00edt l\u1ed7 ch\u00e2n k\u00ednh l\u1ea1i.<\/p>\n","protected":false},"featured_media":43830,"comment_status":"open","ping_status":"closed","template":"","meta":[],"product_brand":[],"product_cat":[84],"product_tag":[],"danh-sach-xe":[],"class_list":{"0":"post-43821","1":"product","2":"type-product","3":"status-publish","4":"has-post-thumbnail","6":"product_cat-kinh-chieu-hau","8":"first","9":"instock","10":"shipping-taxable","11":"purchasable","12":"product-type-variable"},"yoast_head":"<!-- This site is optimized with the Yoast SEO Premium plugin v23.3 (Yoast SEO v27.0) - https:\/\/yoast.com\/product\/yoast-seo-premium-wordpress\/ -->\n<title>\u1ed0c ch\u1ee5p ch\u00e2n k\u00ednh chi\u1ebfu h\u1eadu 10mm ch\u00ednh h\u00e3ng Posh - Motor Taburo<\/title>\n<meta name=\"robots\" content=\"index, follow, max-snippet:-1, max-image-preview:large, max-video-preview:-1\" \/>\n<link rel=\"canonical\" href=\"https:\/\/motortaburo.com\/en\/san-pham\/oc-chup-chan-kinh-chieu-hau-10mm-chinh-hang-posh\/\" \/>\n<meta property=\"og:locale\" content=\"en_US\" \/>\n<meta property=\"og:type\" content=\"article\" \/>\n<meta property=\"og:title\" content=\"\u1ed0c ch\u1ee5p ch\u00e2n k\u00ednh chi\u1ebfu h\u1eadu 10mm ch\u00ednh h\u00e3ng Posh\" \/>\n<meta property=\"og:description\" content=\"Set b\u00e1n bao g\u1ed3m: 1 c\u00e1i.  Ch\u1ea5t li\u1ec7u: Nh\u00f4m.  K\u00edch th\u01b0\u1edbc: 10mm.  H\u00e0ng ch\u00ednh h\u00e3ng Posh.  S\u1ea3n xu\u1ea5t t\u1ea1i Nh\u1eadt B\u1ea3n.  N\u1ebfu xe c\u1ee7a b\u1ea1n th\u00e1o k\u00ednh chi\u1ebfu h\u1eadu ra, kh\u00f4ng d\u00f9ng n\u1eefa, th\u00ec l\u1ed7 ch\u00e2n k\u00ednh s\u1ebd l\u1ed9 ra v\u00e0 mua gi\u00f3 b\u1ee5i b\u1eb7m s\u1ebd ch\u1ea3y v\u00e0o l\u00e0m h\u01b0 h\u1ecfng. \u1ed0c ch\u1ee5p ch\u00e2n ki\u1ebfng n\u00e0y s\u1ebd b\u00edt l\u1ed7 ch\u00e2n k\u00ednh l\u1ea1i.\" \/>\n<meta property=\"og:url\" content=\"https:\/\/motortaburo.com\/en\/san-pham\/oc-chup-chan-kinh-chieu-hau-10mm-chinh-hang-posh\/\" \/>\n<meta property=\"og:site_name\" content=\"Motor Taburo - Genuine Motorcycle Parts\" \/>\n<meta property=\"article:publisher\" content=\"https:\/\/www.facebook.com\/MotorTaburo\" \/>\n<meta property=\"article:modified_time\" content=\"2026-01-22T11:07:26+00:00\" \/>\n<meta property=\"og:image\" content=\"https:\/\/motortaburo.com\/wp-content\/uploads\/2025\/11\/PXL_20251105_091211184.jpg\" \/>\n\t<meta property=\"og:image:width\" content=\"1024\" \/>\n\t<meta property=\"og:image:height\" content=\"1024\" \/>\n\t<meta property=\"og:image:type\" content=\"image\/jpeg\" \/>\n<meta name=\"twitter:card\" content=\"summary_large_image\" \/>\n<meta name=\"twitter:label1\" content=\"Availability\" \/>\n\t<meta name=\"twitter:data1\" content=\"In stock\" \/>\n<script type=\"application\/ld+json\" class=\"yoast-schema-graph\">{\"@context\":\"https:\/\/schema.org\",\"@graph\":[{\"@type\":\"WebPage\",\"@id\":\"https:\/\/motortaburo.com\/en\/san-pham\/oc-chup-chan-kinh-chieu-hau-10mm-chinh-hang-posh\/\",\"url\":\"https:\/\/motortaburo.com\/en\/san-pham\/oc-chup-chan-kinh-chieu-hau-10mm-chinh-hang-posh\/\",\"name\":\"\u1ed0c ch\u1ee5p ch\u00e2n k\u00ednh chi\u1ebfu h\u1eadu 10mm ch\u00ednh h\u00e3ng Posh - Motor Taburo\",\"isPartOf\":{\"@id\":\"https:\/\/motortaburo.com\/en\/#website\"},\"primaryImageOfPage\":{\"@id\":\"https:\/\/motortaburo.com\/en\/san-pham\/oc-chup-chan-kinh-chieu-hau-10mm-chinh-hang-posh\/#primaryimage\"},\"image\":{\"@id\":\"https:\/\/motortaburo.com\/en\/san-pham\/oc-chup-chan-kinh-chieu-hau-10mm-chinh-hang-posh\/#primaryimage\"},\"thumbnailUrl\":\"https:\/\/motortaburo.com\/wp-content\/uploads\/2025\/11\/PXL_20251105_091211184.jpg\",\"datePublished\":\"2025-11-05T12:46:26+00:00\",\"dateModified\":\"2026-01-22T11:07:26+00:00\",\"breadcrumb\":{\"@id\":\"https:\/\/motortaburo.com\/en\/san-pham\/oc-chup-chan-kinh-chieu-hau-10mm-chinh-hang-posh\/#breadcrumb\"},\"inLanguage\":\"en-US\",\"potentialAction\":[{\"@type\":\"ReadAction\",\"target\":[\"https:\/\/motortaburo.com\/en\/san-pham\/oc-chup-chan-kinh-chieu-hau-10mm-chinh-hang-posh\/\"]}]},{\"@type\":\"ImageObject\",\"inLanguage\":\"en-US\",\"@id\":\"https:\/\/motortaburo.com\/en\/san-pham\/oc-chup-chan-kinh-chieu-hau-10mm-chinh-hang-posh\/#primaryimage\",\"url\":\"https:\/\/motortaburo.com\/wp-content\/uploads\/2025\/11\/PXL_20251105_091211184.jpg\",\"contentUrl\":\"https:\/\/motortaburo.com\/wp-content\/uploads\/2025\/11\/PXL_20251105_091211184.jpg\",\"width\":1024,\"height\":1024},{\"@type\":\"BreadcrumbList\",\"@id\":\"https:\/\/motortaburo.com\/en\/san-pham\/oc-chup-chan-kinh-chieu-hau-10mm-chinh-hang-posh\/#breadcrumb\",\"itemListElement\":[{\"@type\":\"ListItem\",\"position\":1,\"name\":\"Home\",\"item\":\"https:\/\/motortaburo.com\/en\/\"},{\"@type\":\"ListItem\",\"position\":2,\"name\":\"\u0110\u1ed3 ch\u01a1i xe\",\"item\":\"https:\/\/motortaburo.com\/do-choi-xe\/\"},{\"@type\":\"ListItem\",\"position\":3,\"name\":\"\u1ed0c ch\u1ee5p ch\u00e2n k\u00ednh chi\u1ebfu h\u1eadu 10mm ch\u00ednh h\u00e3ng Posh\"}]},{\"@type\":\"WebSite\",\"@id\":\"https:\/\/motortaburo.com\/en\/#website\",\"url\":\"https:\/\/motortaburo.com\/en\/\",\"name\":\"Motor Taburo - Genuine Motorcycle Parts\",\"description\":\"We sell Japanese motorcycle parts\",\"publisher\":{\"@id\":\"https:\/\/motortaburo.com\/en\/#organization\"},\"alternateName\":\"Motor Taburo\",\"potentialAction\":[{\"@type\":\"SearchAction\",\"target\":{\"@type\":\"EntryPoint\",\"urlTemplate\":\"https:\/\/motortaburo.com\/en\/?s={search_term_string}\"},\"query-input\":{\"@type\":\"PropertyValueSpecification\",\"valueRequired\":true,\"valueName\":\"search_term_string\"}}],\"inLanguage\":\"en-US\"},{\"@type\":\"Organization\",\"@id\":\"https:\/\/motortaburo.com\/en\/#organization\",\"name\":\"Motor Taburo - Genuine Motorcycle Parts\",\"url\":\"https:\/\/motortaburo.com\/en\/\",\"logo\":{\"@type\":\"ImageObject\",\"inLanguage\":\"en-US\",\"@id\":\"https:\/\/motortaburo.com\/en\/#\/schema\/logo\/image\/\",\"url\":\"https:\/\/motortaburo.com\/wp-content\/uploads\/2021\/04\/Motor-Taburo-logo-512.jpg\",\"contentUrl\":\"https:\/\/motortaburo.com\/wp-content\/uploads\/2021\/04\/Motor-Taburo-logo-512.jpg\",\"width\":512,\"height\":512,\"caption\":\"Motor Taburo - Genuine Motorcycle Parts\"},\"image\":{\"@id\":\"https:\/\/motortaburo.com\/en\/#\/schema\/logo\/image\/\"},\"sameAs\":[\"https:\/\/www.facebook.com\/MotorTaburo\"]}]}<\/script>\n<meta property=\"product:brand\" content=\"Posh\" \/>\n<meta property=\"og:availability\" content=\"instock\" \/>\n<meta property=\"product:availability\" content=\"instock\" \/>\n<meta property=\"product:condition\" content=\"new\" \/>\n<!-- \/ Yoast SEO Premium plugin. -->","yoast_head_json":{"title":"\u1ed0c ch\u1ee5p ch\u00e2n k\u00ednh chi\u1ebfu h\u1eadu 10mm ch\u00ednh h\u00e3ng Posh - Motor Taburo","robots":{"index":"index","follow":"follow","max-snippet":"max-snippet:-1","max-image-preview":"max-image-preview:large","max-video-preview":"max-video-preview:-1"},"canonical":"https:\/\/motortaburo.com\/en\/san-pham\/oc-chup-chan-kinh-chieu-hau-10mm-chinh-hang-posh\/","og_locale":"en_US","og_type":"article","og_title":"\u1ed0c ch\u1ee5p ch\u00e2n k\u00ednh chi\u1ebfu h\u1eadu 10mm ch\u00ednh h\u00e3ng Posh","og_description":"Set b\u00e1n bao g\u1ed3m: 1 c\u00e1i.  Ch\u1ea5t li\u1ec7u: Nh\u00f4m.  K\u00edch th\u01b0\u1edbc: 10mm.  H\u00e0ng ch\u00ednh h\u00e3ng Posh.  S\u1ea3n xu\u1ea5t t\u1ea1i Nh\u1eadt B\u1ea3n.  N\u1ebfu xe c\u1ee7a b\u1ea1n th\u00e1o k\u00ednh chi\u1ebfu h\u1eadu ra, kh\u00f4ng d\u00f9ng n\u1eefa, th\u00ec l\u1ed7 ch\u00e2n k\u00ednh s\u1ebd l\u1ed9 ra v\u00e0 mua gi\u00f3 b\u1ee5i b\u1eb7m s\u1ebd ch\u1ea3y v\u00e0o l\u00e0m h\u01b0 h\u1ecfng. \u1ed0c ch\u1ee5p ch\u00e2n ki\u1ebfng n\u00e0y s\u1ebd b\u00edt l\u1ed7 ch\u00e2n k\u00ednh l\u1ea1i.","og_url":"https:\/\/motortaburo.com\/en\/san-pham\/oc-chup-chan-kinh-chieu-hau-10mm-chinh-hang-posh\/","og_site_name":"Motor Taburo - Genuine Motorcycle Parts","article_publisher":"https:\/\/www.facebook.com\/MotorTaburo","article_modified_time":"2026-01-22T11:07:26+00:00","og_image":[{"width":1024,"height":1024,"url":"https:\/\/motortaburo.com\/wp-content\/uploads\/2025\/11\/PXL_20251105_091211184.jpg","type":"image\/jpeg"}],"twitter_card":"summary_large_image","twitter_misc":{"Availability":"In stock"},"schema":{"@context":"https:\/\/schema.org","@graph":[{"@type":"WebPage","@id":"https:\/\/motortaburo.com\/en\/san-pham\/oc-chup-chan-kinh-chieu-hau-10mm-chinh-hang-posh\/","url":"https:\/\/motortaburo.com\/en\/san-pham\/oc-chup-chan-kinh-chieu-hau-10mm-chinh-hang-posh\/","name":"\u1ed0c ch\u1ee5p ch\u00e2n k\u00ednh chi\u1ebfu h\u1eadu 10mm ch\u00ednh h\u00e3ng Posh - Motor Taburo","isPartOf":{"@id":"https:\/\/motortaburo.com\/en\/#website"},"primaryImageOfPage":{"@id":"https:\/\/motortaburo.com\/en\/san-pham\/oc-chup-chan-kinh-chieu-hau-10mm-chinh-hang-posh\/#primaryimage"},"image":{"@id":"https:\/\/motortaburo.com\/en\/san-pham\/oc-chup-chan-kinh-chieu-hau-10mm-chinh-hang-posh\/#primaryimage"},"thumbnailUrl":"https:\/\/motortaburo.com\/wp-content\/uploads\/2025\/11\/PXL_20251105_091211184.jpg","datePublished":"2025-11-05T12:46:26+00:00","dateModified":"2026-01-22T11:07:26+00:00","breadcrumb":{"@id":"https:\/\/motortaburo.com\/en\/san-pham\/oc-chup-chan-kinh-chieu-hau-10mm-chinh-hang-posh\/#breadcrumb"},"inLanguage":"en-US","potentialAction":[{"@type":"ReadAction","target":["https:\/\/motortaburo.com\/en\/san-pham\/oc-chup-chan-kinh-chieu-hau-10mm-chinh-hang-posh\/"]}]},{"@type":"ImageObject","inLanguage":"en-US","@id":"https:\/\/motortaburo.com\/en\/san-pham\/oc-chup-chan-kinh-chieu-hau-10mm-chinh-hang-posh\/#primaryimage","url":"https:\/\/motortaburo.com\/wp-content\/uploads\/2025\/11\/PXL_20251105_091211184.jpg","contentUrl":"https:\/\/motortaburo.com\/wp-content\/uploads\/2025\/11\/PXL_20251105_091211184.jpg","width":1024,"height":1024},{"@type":"BreadcrumbList","@id":"https:\/\/motortaburo.com\/en\/san-pham\/oc-chup-chan-kinh-chieu-hau-10mm-chinh-hang-posh\/#breadcrumb","itemListElement":[{"@type":"ListItem","position":1,"name":"Home","item":"https:\/\/motortaburo.com\/en\/"},{"@type":"ListItem","position":2,"name":"\u0110\u1ed3 ch\u01a1i xe","item":"https:\/\/motortaburo.com\/do-choi-xe\/"},{"@type":"ListItem","position":3,"name":"\u1ed0c ch\u1ee5p ch\u00e2n k\u00ednh chi\u1ebfu h\u1eadu 10mm ch\u00ednh h\u00e3ng Posh"}]},{"@type":"WebSite","@id":"https:\/\/motortaburo.com\/en\/#website","url":"https:\/\/motortaburo.com\/en\/","name":"Motor Taburo - Genuine Motorcycle Parts","description":"We sell Japanese motorcycle parts","publisher":{"@id":"https:\/\/motortaburo.com\/en\/#organization"},"alternateName":"Motor Taburo","potentialAction":[{"@type":"SearchAction","target":{"@type":"EntryPoint","urlTemplate":"https:\/\/motortaburo.com\/en\/?s={search_term_string}"},"query-input":{"@type":"PropertyValueSpecification","valueRequired":true,"valueName":"search_term_string"}}],"inLanguage":"en-US"},{"@type":"Organization","@id":"https:\/\/motortaburo.com\/en\/#organization","name":"Motor Taburo - Genuine Motorcycle Parts","url":"https:\/\/motortaburo.com\/en\/","logo":{"@type":"ImageObject","inLanguage":"en-US","@id":"https:\/\/motortaburo.com\/en\/#\/schema\/logo\/image\/","url":"https:\/\/motortaburo.com\/wp-content\/uploads\/2021\/04\/Motor-Taburo-logo-512.jpg","contentUrl":"https:\/\/motortaburo.com\/wp-content\/uploads\/2021\/04\/Motor-Taburo-logo-512.jpg","width":512,"height":512,"caption":"Motor Taburo - Genuine Motorcycle Parts"},"image":{"@id":"https:\/\/motortaburo.com\/en\/#\/schema\/logo\/image\/"},"sameAs":["https:\/\/www.facebook.com\/MotorTaburo"]}]},"product_brand":"Posh","og_availability":"instock","product_availability":"instock","product_condition":"new"},"_links":{"self":[{"href":"https:\/\/motortaburo.com\/en\/wp-json\/wp\/v2\/product\/43821","targetHints":{"allow":["GET"]}}],"collection":[{"href":"https:\/\/motortaburo.com\/en\/wp-json\/wp\/v2\/product"}],"about":[{"href":"https:\/\/motortaburo.com\/en\/wp-json\/wp\/v2\/types\/product"}],"replies":[{"embeddable":true,"href":"https:\/\/motortaburo.com\/en\/wp-json\/wp\/v2\/comments?post=43821"}],"version-history":[{"count":1,"href":"https:\/\/motortaburo.com\/en\/wp-json\/wp\/v2\/product\/43821\/revisions"}],"predecessor-version":[{"id":43854,"href":"https:\/\/motortaburo.com\/en\/wp-json\/wp\/v2\/product\/43821\/revisions\/43854"}],"wp:featuredmedia":[{"embeddable":true,"href":"https:\/\/motortaburo.com\/en\/wp-json\/wp\/v2\/media\/43830"}],"wp:attachment":[{"href":"https:\/\/motortaburo.com\/en\/wp-json\/wp\/v2\/media?parent=43821"}],"wp:term":[{"taxonomy":"product_brand","embeddable":true,"href":"https:\/\/motortaburo.com\/en\/wp-json\/wp\/v2\/product_brand?post=43821"},{"taxonomy":"product_cat","embeddable":true,"href":"https:\/\/motortaburo.com\/en\/wp-json\/wp\/v2\/product_cat?post=43821"},{"taxonomy":"product_tag","embeddable":true,"href":"https:\/\/motortaburo.com\/en\/wp-json\/wp\/v2\/product_tag?post=43821"},{"taxonomy":"danh-sach-xe","embeddable":true,"href":"https:\/\/motortaburo.com\/en\/wp-json\/wp\/v2\/danh-sach-xe?post=43821"}],"curies":[{"name":"wp","href":"https:\/\/api.w.org\/{rel}","templated":true}]}}