{"id":44117,"date":"2025-11-30T13:15:45","date_gmt":"2025-11-30T06:15:45","guid":{"rendered":"https:\/\/motortaburo.com\/?post_type=product&#038;p=44117"},"modified":"2026-01-22T18:06:51","modified_gmt":"2026-01-22T11:06:51","slug":"gap-nhom-mau-standard-phu-sera-cho-dream-wave-cl50-hang-chinh-hang-g-craft","status":"publish","type":"product","link":"https:\/\/motortaburo.com\/en\/san-pham\/gap-nhom-mau-standard-phu-sera-cho-dream-wave-cl50-hang-chinh-hang-g-craft\/","title":{"rendered":"G\u1eafp nh\u00f4m m\u1eabu Standard ph\u1ee7 Sera cho Dream, Wave, CL50, h\u00e0ng ch\u00ednh h\u00e3ng G-Craft"},"content":{"rendered":"","protected":false},"excerpt":{"rendered":"<p>Ch\u1ea5t li\u1ec7u: Nh\u00f4m\u00a07N01.<\/p>\n<p>H\u00e0ng ch\u00ednh h\u00e3ng G-Craft.<\/p>\n<p>S\u1ea3n xu\u1ea5t t\u1ea1i Nh\u1eadt B\u1ea3n.<\/p>\n<p>M\u1eabu n\u00e0y h\u00e3ng \u0111\u1eb7t t\u00ean l\u00e0 m\u1eabu Standard (m\u1eabu th\u00f4ng d\u1ee5ng), \u0111\u01b0\u1ee3c ph\u1ee7 th\u00eam l\u1edbp Sera b\u1ec1 m\u1eb7t b\u00ean ngo\u00e0i, gi\u00fap cho g\u1eafp th\u00eam ch\u1eafc ch\u1eafn v\u00e0 gi\u1ea3m \u0111\u01b0\u1ee3c b\u1ee5i b\u00e1m v\u00e0o b\u1ec1 m\u1eb7t.\u00a0G\u1eafn cho d\u00f2ng xe Honda CL 50, CD 50, CD 50S, Dream 100.<\/p>\n<p>Qu\u00fd kh\u00e1ch h\u00e0ng c\u00f3 th\u1ec3 \u0111\u1eb7t gia c\u00f4ng g\u1eafp v\u1edbi\u00a0chi\u1ec1u d\u00e0i c\u1ed9ng th\u00eam (d\u00e0i h\u01a1n chi\u1ec1u d\u00e0i m\u1eabu)\u00a0\u0111\u1ec3 g\u1eafn cho xe kh\u00e1c.<\/p>\n","protected":false},"featured_media":44120,"comment_status":"open","ping_status":"closed","template":"","meta":[],"product_brand":[],"product_cat":[298],"product_tag":[],"danh-sach-xe":[2387,1876,1860,2390,1847,1846,1845,1844,1843,1813,1833,2362,1869,2405,1830,1824],"class_list":{"0":"post-44117","1":"product","2":"type-product","3":"status-publish","4":"has-post-thumbnail","6":"product_cat-gap-carte","7":"danh-sach-xe-cd50-gu","8":"danh-sach-xe-cd50s","9":"danh-sach-xe-cl50","10":"danh-sach-xe-ss50-66","11":"danh-sach-xe-ss50-67","12":"danh-sach-xe-ss50-68","13":"danh-sach-xe-ss50-69","14":"danh-sach-xe-ss50-72","15":"danh-sach-xe-ss50z","16":"danh-sach-xe-cd50-benly","17":"danh-sach-xe-benly-cd90","18":"danh-sach-xe-cd90s","19":"danh-sach-xe-cl70","20":"danh-sach-xe-cub-100ex","21":"danh-sach-xe-dream-thai-110","22":"danh-sach-xe-super-dream-110","24":"first","25":"instock","26":"shipping-taxable","27":"purchasable","28":"product-type-simple"},"yoast_head":"<!-- This site is optimized with the Yoast SEO Premium plugin v23.3 (Yoast SEO v27.0) - https:\/\/yoast.com\/product\/yoast-seo-premium-wordpress\/ -->\n<title>G\u1eafp nh\u00f4m m\u1eabu Standard ph\u1ee7 Sera cho Dream, Wave, CL50, h\u00e0ng ch\u00ednh h\u00e3ng G-Craft - Motor Taburo<\/title>\n<meta name=\"robots\" content=\"index, follow, max-snippet:-1, max-image-preview:large, max-video-preview:-1\" \/>\n<link rel=\"canonical\" href=\"https:\/\/motortaburo.com\/en\/san-pham\/gap-nhom-mau-standard-phu-sera-cho-dream-wave-cl50-hang-chinh-hang-g-craft\/\" \/>\n<meta property=\"og:locale\" content=\"en_US\" \/>\n<meta property=\"og:type\" content=\"article\" \/>\n<meta property=\"og:title\" content=\"G\u1eafp nh\u00f4m m\u1eabu Standard ph\u1ee7 Sera cho Dream, Wave, CL50, h\u00e0ng ch\u00ednh h\u00e3ng G-Craft\" \/>\n<meta property=\"og:description\" content=\"Ch\u1ea5t li\u1ec7u: Nh\u00f4m\u00a07N01.  H\u00e0ng ch\u00ednh h\u00e3ng G-Craft.  S\u1ea3n xu\u1ea5t t\u1ea1i Nh\u1eadt B\u1ea3n.  M\u1eabu n\u00e0y h\u00e3ng \u0111\u1eb7t t\u00ean l\u00e0 m\u1eabu Standard (m\u1eabu th\u00f4ng d\u1ee5ng), \u0111\u01b0\u1ee3c ph\u1ee7 th\u00eam l\u1edbp Sera b\u1ec1 m\u1eb7t b\u00ean ngo\u00e0i, gi\u00fap cho g\u1eafp th\u00eam ch\u1eafc ch\u1eafn v\u00e0 gi\u1ea3m \u0111\u01b0\u1ee3c b\u1ee5i b\u00e1m v\u00e0o b\u1ec1 m\u1eb7t.\u00a0G\u1eafn cho d\u00f2ng xe Honda CL 50, CD 50, CD 50S, Dream 100.  Qu\u00fd kh\u00e1ch h\u00e0ng c\u00f3 th\u1ec3 \u0111\u1eb7t gia c\u00f4ng g\u1eafp v\u1edbi\u00a0chi\u1ec1u d\u00e0i c\u1ed9ng th\u00eam (d\u00e0i h\u01a1n chi\u1ec1u d\u00e0i m\u1eabu)\u00a0\u0111\u1ec3 g\u1eafn cho xe kh\u00e1c.\" \/>\n<meta property=\"og:url\" content=\"https:\/\/motortaburo.com\/en\/san-pham\/gap-nhom-mau-standard-phu-sera-cho-dream-wave-cl50-hang-chinh-hang-g-craft\/\" \/>\n<meta property=\"og:site_name\" content=\"Motor Taburo - Genuine Motorcycle Parts\" \/>\n<meta property=\"article:publisher\" content=\"https:\/\/www.facebook.com\/MotorTaburo\" \/>\n<meta property=\"article:modified_time\" content=\"2026-01-22T11:06:51+00:00\" \/>\n<meta property=\"og:image\" content=\"https:\/\/motortaburo.com\/wp-content\/uploads\/2025\/11\/PXL_20251130_054957263.jpg\" \/>\n\t<meta property=\"og:image:width\" content=\"1200\" \/>\n\t<meta property=\"og:image:height\" content=\"1200\" \/>\n\t<meta property=\"og:image:type\" content=\"image\/jpeg\" \/>\n<meta name=\"twitter:card\" content=\"summary_large_image\" \/>\n<meta name=\"twitter:label1\" content=\"Price\" \/>\n\t<meta name=\"twitter:data1\" content=\"18.800.000&nbsp;&#8363;\" \/>\n\t<meta name=\"twitter:label2\" content=\"Availability\" \/>\n\t<meta name=\"twitter:data2\" content=\"In stock\" \/>\n<script type=\"application\/ld+json\" class=\"yoast-schema-graph\">{\"@context\":\"https:\/\/schema.org\",\"@graph\":[{\"@type\":\"WebPage\",\"@id\":\"https:\/\/motortaburo.com\/en\/san-pham\/gap-nhom-mau-standard-phu-sera-cho-dream-wave-cl50-hang-chinh-hang-g-craft\/\",\"url\":\"https:\/\/motortaburo.com\/en\/san-pham\/gap-nhom-mau-standard-phu-sera-cho-dream-wave-cl50-hang-chinh-hang-g-craft\/\",\"name\":\"G\u1eafp nh\u00f4m m\u1eabu Standard ph\u1ee7 Sera cho Dream, Wave, CL50, h\u00e0ng ch\u00ednh h\u00e3ng G-Craft - Motor Taburo\",\"isPartOf\":{\"@id\":\"https:\/\/motortaburo.com\/en\/#website\"},\"primaryImageOfPage\":{\"@id\":\"https:\/\/motortaburo.com\/en\/san-pham\/gap-nhom-mau-standard-phu-sera-cho-dream-wave-cl50-hang-chinh-hang-g-craft\/#primaryimage\"},\"image\":{\"@id\":\"https:\/\/motortaburo.com\/en\/san-pham\/gap-nhom-mau-standard-phu-sera-cho-dream-wave-cl50-hang-chinh-hang-g-craft\/#primaryimage\"},\"thumbnailUrl\":\"https:\/\/motortaburo.com\/wp-content\/uploads\/2025\/11\/PXL_20251130_054957263.jpg\",\"datePublished\":\"2025-11-30T06:15:45+00:00\",\"dateModified\":\"2026-01-22T11:06:51+00:00\",\"breadcrumb\":{\"@id\":\"https:\/\/motortaburo.com\/en\/san-pham\/gap-nhom-mau-standard-phu-sera-cho-dream-wave-cl50-hang-chinh-hang-g-craft\/#breadcrumb\"},\"inLanguage\":\"en-US\",\"potentialAction\":[{\"@type\":\"ReadAction\",\"target\":[\"https:\/\/motortaburo.com\/en\/san-pham\/gap-nhom-mau-standard-phu-sera-cho-dream-wave-cl50-hang-chinh-hang-g-craft\/\"]}]},{\"@type\":\"ImageObject\",\"inLanguage\":\"en-US\",\"@id\":\"https:\/\/motortaburo.com\/en\/san-pham\/gap-nhom-mau-standard-phu-sera-cho-dream-wave-cl50-hang-chinh-hang-g-craft\/#primaryimage\",\"url\":\"https:\/\/motortaburo.com\/wp-content\/uploads\/2025\/11\/PXL_20251130_054957263.jpg\",\"contentUrl\":\"https:\/\/motortaburo.com\/wp-content\/uploads\/2025\/11\/PXL_20251130_054957263.jpg\",\"width\":1200,\"height\":1200},{\"@type\":\"BreadcrumbList\",\"@id\":\"https:\/\/motortaburo.com\/en\/san-pham\/gap-nhom-mau-standard-phu-sera-cho-dream-wave-cl50-hang-chinh-hang-g-craft\/#breadcrumb\",\"itemListElement\":[{\"@type\":\"ListItem\",\"position\":1,\"name\":\"Home\",\"item\":\"https:\/\/motortaburo.com\/en\/\"},{\"@type\":\"ListItem\",\"position\":2,\"name\":\"\u0110\u1ed3 ch\u01a1i xe\",\"item\":\"https:\/\/motortaburo.com\/do-choi-xe\/\"},{\"@type\":\"ListItem\",\"position\":3,\"name\":\"G\u1eafp nh\u00f4m m\u1eabu Standard ph\u1ee7 Sera cho Dream, Wave, CL50, h\u00e0ng ch\u00ednh h\u00e3ng G-Craft\"}]},{\"@type\":\"WebSite\",\"@id\":\"https:\/\/motortaburo.com\/en\/#website\",\"url\":\"https:\/\/motortaburo.com\/en\/\",\"name\":\"Motor Taburo - Genuine Motorcycle Parts\",\"description\":\"We sell Japanese motorcycle parts\",\"publisher\":{\"@id\":\"https:\/\/motortaburo.com\/en\/#organization\"},\"alternateName\":\"Motor Taburo\",\"potentialAction\":[{\"@type\":\"SearchAction\",\"target\":{\"@type\":\"EntryPoint\",\"urlTemplate\":\"https:\/\/motortaburo.com\/en\/?s={search_term_string}\"},\"query-input\":{\"@type\":\"PropertyValueSpecification\",\"valueRequired\":true,\"valueName\":\"search_term_string\"}}],\"inLanguage\":\"en-US\"},{\"@type\":\"Organization\",\"@id\":\"https:\/\/motortaburo.com\/en\/#organization\",\"name\":\"Motor Taburo - Genuine Motorcycle Parts\",\"url\":\"https:\/\/motortaburo.com\/en\/\",\"logo\":{\"@type\":\"ImageObject\",\"inLanguage\":\"en-US\",\"@id\":\"https:\/\/motortaburo.com\/en\/#\/schema\/logo\/image\/\",\"url\":\"https:\/\/motortaburo.com\/wp-content\/uploads\/2021\/04\/Motor-Taburo-logo-512.jpg\",\"contentUrl\":\"https:\/\/motortaburo.com\/wp-content\/uploads\/2021\/04\/Motor-Taburo-logo-512.jpg\",\"width\":512,\"height\":512,\"caption\":\"Motor Taburo - Genuine Motorcycle Parts\"},\"image\":{\"@id\":\"https:\/\/motortaburo.com\/en\/#\/schema\/logo\/image\/\"},\"sameAs\":[\"https:\/\/www.facebook.com\/MotorTaburo\"]}]}<\/script>\n<meta property=\"product:brand\" content=\"G-Craft\" \/>\n<meta property=\"product:price:amount\" content=\"18800000\" \/>\n<meta property=\"product:price:currency\" content=\"VND\" \/>\n<meta property=\"og:availability\" content=\"instock\" \/>\n<meta property=\"product:availability\" content=\"instock\" \/>\n<meta property=\"product:retailer_item_id\" content=\"90025+90678\" \/>\n<meta property=\"product:condition\" content=\"new\" \/>\n<!-- \/ Yoast SEO Premium plugin. -->","yoast_head_json":{"title":"G\u1eafp nh\u00f4m m\u1eabu Standard ph\u1ee7 Sera cho Dream, Wave, CL50, h\u00e0ng ch\u00ednh h\u00e3ng G-Craft - Motor Taburo","robots":{"index":"index","follow":"follow","max-snippet":"max-snippet:-1","max-image-preview":"max-image-preview:large","max-video-preview":"max-video-preview:-1"},"canonical":"https:\/\/motortaburo.com\/en\/san-pham\/gap-nhom-mau-standard-phu-sera-cho-dream-wave-cl50-hang-chinh-hang-g-craft\/","og_locale":"en_US","og_type":"article","og_title":"G\u1eafp nh\u00f4m m\u1eabu Standard ph\u1ee7 Sera cho Dream, Wave, CL50, h\u00e0ng ch\u00ednh h\u00e3ng G-Craft","og_description":"Ch\u1ea5t li\u1ec7u: Nh\u00f4m\u00a07N01.  H\u00e0ng ch\u00ednh h\u00e3ng G-Craft.  S\u1ea3n xu\u1ea5t t\u1ea1i Nh\u1eadt B\u1ea3n.  M\u1eabu n\u00e0y h\u00e3ng \u0111\u1eb7t t\u00ean l\u00e0 m\u1eabu Standard (m\u1eabu th\u00f4ng d\u1ee5ng), \u0111\u01b0\u1ee3c ph\u1ee7 th\u00eam l\u1edbp Sera b\u1ec1 m\u1eb7t b\u00ean ngo\u00e0i, gi\u00fap cho g\u1eafp th\u00eam ch\u1eafc ch\u1eafn v\u00e0 gi\u1ea3m \u0111\u01b0\u1ee3c b\u1ee5i b\u00e1m v\u00e0o b\u1ec1 m\u1eb7t.\u00a0G\u1eafn cho d\u00f2ng xe Honda CL 50, CD 50, CD 50S, Dream 100.  Qu\u00fd kh\u00e1ch h\u00e0ng c\u00f3 th\u1ec3 \u0111\u1eb7t gia c\u00f4ng g\u1eafp v\u1edbi\u00a0chi\u1ec1u d\u00e0i c\u1ed9ng th\u00eam (d\u00e0i h\u01a1n chi\u1ec1u d\u00e0i m\u1eabu)\u00a0\u0111\u1ec3 g\u1eafn cho xe kh\u00e1c.","og_url":"https:\/\/motortaburo.com\/en\/san-pham\/gap-nhom-mau-standard-phu-sera-cho-dream-wave-cl50-hang-chinh-hang-g-craft\/","og_site_name":"Motor Taburo - Genuine Motorcycle Parts","article_publisher":"https:\/\/www.facebook.com\/MotorTaburo","article_modified_time":"2026-01-22T11:06:51+00:00","og_image":[{"width":1200,"height":1200,"url":"https:\/\/motortaburo.com\/wp-content\/uploads\/2025\/11\/PXL_20251130_054957263.jpg","type":"image\/jpeg"}],"twitter_card":"summary_large_image","twitter_misc":{"Price":"18.800.000&nbsp;&#8363;","Availability":"In stock"},"schema":{"@context":"https:\/\/schema.org","@graph":[{"@type":"WebPage","@id":"https:\/\/motortaburo.com\/en\/san-pham\/gap-nhom-mau-standard-phu-sera-cho-dream-wave-cl50-hang-chinh-hang-g-craft\/","url":"https:\/\/motortaburo.com\/en\/san-pham\/gap-nhom-mau-standard-phu-sera-cho-dream-wave-cl50-hang-chinh-hang-g-craft\/","name":"G\u1eafp nh\u00f4m m\u1eabu Standard ph\u1ee7 Sera cho Dream, Wave, CL50, h\u00e0ng ch\u00ednh h\u00e3ng G-Craft - Motor Taburo","isPartOf":{"@id":"https:\/\/motortaburo.com\/en\/#website"},"primaryImageOfPage":{"@id":"https:\/\/motortaburo.com\/en\/san-pham\/gap-nhom-mau-standard-phu-sera-cho-dream-wave-cl50-hang-chinh-hang-g-craft\/#primaryimage"},"image":{"@id":"https:\/\/motortaburo.com\/en\/san-pham\/gap-nhom-mau-standard-phu-sera-cho-dream-wave-cl50-hang-chinh-hang-g-craft\/#primaryimage"},"thumbnailUrl":"https:\/\/motortaburo.com\/wp-content\/uploads\/2025\/11\/PXL_20251130_054957263.jpg","datePublished":"2025-11-30T06:15:45+00:00","dateModified":"2026-01-22T11:06:51+00:00","breadcrumb":{"@id":"https:\/\/motortaburo.com\/en\/san-pham\/gap-nhom-mau-standard-phu-sera-cho-dream-wave-cl50-hang-chinh-hang-g-craft\/#breadcrumb"},"inLanguage":"en-US","potentialAction":[{"@type":"ReadAction","target":["https:\/\/motortaburo.com\/en\/san-pham\/gap-nhom-mau-standard-phu-sera-cho-dream-wave-cl50-hang-chinh-hang-g-craft\/"]}]},{"@type":"ImageObject","inLanguage":"en-US","@id":"https:\/\/motortaburo.com\/en\/san-pham\/gap-nhom-mau-standard-phu-sera-cho-dream-wave-cl50-hang-chinh-hang-g-craft\/#primaryimage","url":"https:\/\/motortaburo.com\/wp-content\/uploads\/2025\/11\/PXL_20251130_054957263.jpg","contentUrl":"https:\/\/motortaburo.com\/wp-content\/uploads\/2025\/11\/PXL_20251130_054957263.jpg","width":1200,"height":1200},{"@type":"BreadcrumbList","@id":"https:\/\/motortaburo.com\/en\/san-pham\/gap-nhom-mau-standard-phu-sera-cho-dream-wave-cl50-hang-chinh-hang-g-craft\/#breadcrumb","itemListElement":[{"@type":"ListItem","position":1,"name":"Home","item":"https:\/\/motortaburo.com\/en\/"},{"@type":"ListItem","position":2,"name":"\u0110\u1ed3 ch\u01a1i xe","item":"https:\/\/motortaburo.com\/do-choi-xe\/"},{"@type":"ListItem","position":3,"name":"G\u1eafp nh\u00f4m m\u1eabu Standard ph\u1ee7 Sera cho Dream, Wave, CL50, h\u00e0ng ch\u00ednh h\u00e3ng G-Craft"}]},{"@type":"WebSite","@id":"https:\/\/motortaburo.com\/en\/#website","url":"https:\/\/motortaburo.com\/en\/","name":"Motor Taburo - Genuine Motorcycle Parts","description":"We sell Japanese motorcycle parts","publisher":{"@id":"https:\/\/motortaburo.com\/en\/#organization"},"alternateName":"Motor Taburo","potentialAction":[{"@type":"SearchAction","target":{"@type":"EntryPoint","urlTemplate":"https:\/\/motortaburo.com\/en\/?s={search_term_string}"},"query-input":{"@type":"PropertyValueSpecification","valueRequired":true,"valueName":"search_term_string"}}],"inLanguage":"en-US"},{"@type":"Organization","@id":"https:\/\/motortaburo.com\/en\/#organization","name":"Motor Taburo - Genuine Motorcycle Parts","url":"https:\/\/motortaburo.com\/en\/","logo":{"@type":"ImageObject","inLanguage":"en-US","@id":"https:\/\/motortaburo.com\/en\/#\/schema\/logo\/image\/","url":"https:\/\/motortaburo.com\/wp-content\/uploads\/2021\/04\/Motor-Taburo-logo-512.jpg","contentUrl":"https:\/\/motortaburo.com\/wp-content\/uploads\/2021\/04\/Motor-Taburo-logo-512.jpg","width":512,"height":512,"caption":"Motor Taburo - Genuine Motorcycle Parts"},"image":{"@id":"https:\/\/motortaburo.com\/en\/#\/schema\/logo\/image\/"},"sameAs":["https:\/\/www.facebook.com\/MotorTaburo"]}]},"product_brand":"G-Craft","product_price_amount":"18800000","product_price_currency":"VND","og_availability":"instock","product_availability":"instock","product_retailer_item_id":"90025+90678","product_condition":"new"},"_links":{"self":[{"href":"https:\/\/motortaburo.com\/en\/wp-json\/wp\/v2\/product\/44117","targetHints":{"allow":["GET"]}}],"collection":[{"href":"https:\/\/motortaburo.com\/en\/wp-json\/wp\/v2\/product"}],"about":[{"href":"https:\/\/motortaburo.com\/en\/wp-json\/wp\/v2\/types\/product"}],"replies":[{"embeddable":true,"href":"https:\/\/motortaburo.com\/en\/wp-json\/wp\/v2\/comments?post=44117"}],"version-history":[{"count":1,"href":"https:\/\/motortaburo.com\/en\/wp-json\/wp\/v2\/product\/44117\/revisions"}],"predecessor-version":[{"id":44146,"href":"https:\/\/motortaburo.com\/en\/wp-json\/wp\/v2\/product\/44117\/revisions\/44146"}],"wp:featuredmedia":[{"embeddable":true,"href":"https:\/\/motortaburo.com\/en\/wp-json\/wp\/v2\/media\/44120"}],"wp:attachment":[{"href":"https:\/\/motortaburo.com\/en\/wp-json\/wp\/v2\/media?parent=44117"}],"wp:term":[{"taxonomy":"product_brand","embeddable":true,"href":"https:\/\/motortaburo.com\/en\/wp-json\/wp\/v2\/product_brand?post=44117"},{"taxonomy":"product_cat","embeddable":true,"href":"https:\/\/motortaburo.com\/en\/wp-json\/wp\/v2\/product_cat?post=44117"},{"taxonomy":"product_tag","embeddable":true,"href":"https:\/\/motortaburo.com\/en\/wp-json\/wp\/v2\/product_tag?post=44117"},{"taxonomy":"danh-sach-xe","embeddable":true,"href":"https:\/\/motortaburo.com\/en\/wp-json\/wp\/v2\/danh-sach-xe?post=44117"}],"curies":[{"name":"wp","href":"https:\/\/api.w.org\/{rel}","templated":true}]}}